{"id":16600,"date":"2025-01-21T05:37:00","date_gmt":"2025-01-21T05:37:00","guid":{"rendered":"https:\/\/www.hydraulic-cylinders.net\/product\/arm-cylinder-for-jcm-middle-excavator-921d\/"},"modified":"2025-01-21T05:37:02","modified_gmt":"2025-01-21T05:37:02","slug":"arm-cylinder-for-jcm-middle-excavator-921d","status":"publish","type":"product","link":"https:\/\/www.hydraulic-cylinders.net\/pl\/produkt\/arm-cylinder-for-jcm-middle-excavator-921d\/","title":{"rendered":"Si\u0142ownik ramienia do koparki \u015brodkowej JCM 921D"},"content":{"rendered":"<h1>Si\u0142ownik ramienia do koparki \u015brodkowej JCM 921D<\/h1>\n<h2>Wst\u0119p<\/h2>\n<p>Si\u0142ownik ramienia to specjalnie zaprojektowany si\u0142ownik hydrauliczny, kt\u00f3ry s\u0142u\u017cy g\u0142\u00f3wnie do zapewnienia ruchu liniowego i zasilania ramienia r\u00f3\u017cnego rodzaju maszyn, takich jak koparki, d\u017awigi i ramiona mechaniczne. Odgrywa kluczow\u0105 rol\u0119 w uk\u0142adzie hydraulicznym, umo\u017cliwiaj\u0105c ruch dodatkowych narz\u0119dzi lub osprz\u0119tu i efektywne sterowanie nimi. Si\u0142owniki te nie tylko zapewniaj\u0105 p\u0142ynny ruch, ale tak\u017ce wytrzymuj\u0105 du\u017ce obci\u0105\u017cenia, gwarantuj\u0105c wydajn\u0105 prac\u0119 i niezawodno\u015b\u0107 maszyn w r\u00f3\u017cnych warunkach eksploatacyjnych. <\/p>\n<p><img decoding=\"async\" src=\"https:\/\/www.hydraulic-cylinders.net\/wp-content\/uploads\/2025\/01\/songte-company-2.webp\"\/><\/p>\n<h2>Cechy<\/h2>\n<ul>\n<li>Wydajne przenoszenie mocy: Cylinder ramienia mo\u017ce zapewni\u0107 mocny ruch liniowy i si\u0142\u0119, gwarantuj\u0105c wysok\u0105 wydajno\u015b\u0107 ramienia mechanicznego podczas r\u00f3\u017cnych operacji.<\/li>\n<li>Precyzyjna kontrola: Dzi\u0119ki uk\u0142adowi hydraulicznemu si\u0142ownik ramienia mo\u017ce uzyska\u0107 precyzyjn\u0105 kontrol\u0119 ruchu, co sprawia, \u017ce \u200b\u200bobs\u0142uga dodatkowych narz\u0119dzi jest bardziej elastyczna i dok\u0142adna.<\/li>\n<li>Wysoka trwa\u0142o\u015b\u0107: Cylinder ramienia jest zwykle wykonany z materia\u0142\u00f3w o wysokiej wytrzyma\u0142o\u015bci i charakteryzuje si\u0119 dobr\u0105 odporno\u015bci\u0105 na zu\u017cycie i korozj\u0119, dzi\u0119ki czemu nadaje si\u0119 do d\u0142ugotrwa\u0142ego u\u017cytkowania w trudnych warunkach.<\/li>\n<li>Wielofunkcyjna mo\u017cliwo\u015b\u0107 adaptacji: Te si\u0142owniki mo\u017cna szeroko stosowa\u0107 w r\u00f3\u017cnych maszynach, takich jak koparki, d\u017awigi i ramiona mechaniczne, dostosowuj\u0105c si\u0119 do r\u00f3\u017cnych wymaga\u0144 roboczych.<\/li>\n<li>\u0141atwa konserwacja: Projekt uwzgl\u0119dnia \u0142atwo\u015b\u0107 konserwacji i wymiany, dzi\u0119ki czemu regularne kontrole i konserwacje staj\u0105 si\u0119 wygodniejsze, a przestoje sprz\u0119tu zostaj\u0105 skr\u00f3cone.<\/li>\n<\/ul>\n<p><img decoding=\"async\" src=\"https:\/\/www.hydraulic-cylinders.net\/wp-content\/uploads\/2025\/01\/songte-oil-pipes-and-spare-parts.webp\"\/><\/p>\n<h2>Aplikacje<\/h2>\n<p>Si\u0142ownik ramienia jest szeroko stosowany w r\u00f3\u017cnych ga\u0142\u0119ziach przemys\u0142u:<\/p>\n<ul>\n<li>In\u017cynieria budowlana: W koparkach i d\u017awigach si\u0142ownik ramienia s\u0142u\u017cy do sterowania ruchem \u0142y\u017cki lub wysi\u0119gnika podczas rob\u00f3t ziemnych, przenoszenia materia\u0142\u00f3w i instalacji konstrukcyjnych.<\/li>\n<li>Przemys\u0142 wytw\u00f3rczy: W zautomatyzowanych liniach produkcyjnych si\u0142ownik ramienia jest wykorzystywany do poruszania ramion mechanicznych, np. podczas monta\u017cu, spawania i obs\u0142ugi, w celu zwi\u0119kszenia wydajno\u015bci i dok\u0142adno\u015bci produkcji.<\/li>\n<li>Maszyny rolnicze: W maszynach rolniczych, takich jak kombajny i siewniki, si\u0142ownik ramienia steruje ruchem ramienia roboczego podczas wykonywania takich zada\u0144, jak siew, nawo\u017cenie i zbi\u00f3r.<\/li>\n<li>G\u00f3rnictwo: W sprz\u0119cie g\u00f3rniczym si\u0142ownik ramienia s\u0142u\u017cy do sterowania ruchem ramienia sprz\u0119tu g\u00f3rniczego wykorzystywanego do wydobywania i transportu rudy.<\/li>\n<li>Logistyka i transport: W w\u00f3zkach wid\u0142owych i robotach prze\u0142adunkowych si\u0142ownik ramienia s\u0142u\u017cy do sterowania podnoszeniem i ruchem wide\u0142, umo\u017cliwiaj\u0105c obs\u0142ug\u0119 i uk\u0142adanie materia\u0142\u00f3w.<\/li>\n<\/ul>\n<h2>Zagadnienia projektowe i kryteria wyboru<\/h2>\n<p>Projekt cylindra ramienia powinien uwzgl\u0119dnia\u0107 nast\u0119puj\u0105ce aspekty:<\/p>\n<ul>\n<li>No\u015bno\u015b\u0107: Cylinder ramienia musi wytrzyma\u0107 obci\u0105\u017cenie maszyny, do kt\u00f3rej jest przymocowany, a rozmiar i wytrzyma\u0142o\u015b\u0107 cylindra musz\u0105 by\u0107 dobrane odpowiednio.<\/li>\n<li>Uszczelnienie: Nale\u017cy stosowa\u0107 r\u00f3\u017cnorodne elementy uszczelniaj\u0105ce, takie jak uszczelnienia t\u0142ok\u00f3w i t\u0142oczysk, a tak\u017ce wybiera\u0107 materia\u0142y odporne na zu\u017cycie, takie jak poliuretan i kauczuk nitrylowy.<\/li>\n<li>Trwa\u0142o\u015b\u0107: Korpus cylindra i gwintowana powierzchnia ko\u0144cowa powinny zosta\u0107 poddane dok\u0142adnej obr\u00f3bce w celu zwi\u0119kszenia odporno\u015bci na zu\u017cycie i korozj\u0119.<\/li>\n<li>Bezpiecze\u0144stwo: Projekt powinien uwzgl\u0119dnia\u0107 kwestie bezpiecze\u0144stwa, takie jak zapobieganie nag\u0142ej awarii cylindra i zapewnienie bezpiecznej eksploatacji.<\/li>\n<li>\u0141atwo\u015b\u0107 konserwacji: Projekt powinien uwzgl\u0119dnia\u0107 \u0142atwo\u015b\u0107 konserwacji i wymiany w celu ograniczenia przestoj\u00f3w sprz\u0119tu.<\/li>\n<\/ul>\n<p><img decoding=\"async\" src=\"https:\/\/www.hydraulic-cylinders.net\/wp-content\/uploads\/2025\/01\/songte-cylinder-head-with-all-kinds-excavator-models.webp\"\/><\/p>\n<h2>Uszczelnianie i smarowanie<\/h2>\n<p>Si\u0142ownik ramienia wykorzystuje r\u00f3\u017cnorodne elementy uszczelniaj\u0105ce, takie jak uszczelnienia t\u0142oka i t\u0142oczyska, a tak\u017ce materia\u0142y odporne na zu\u017cycie, takie jak poliuretan i kauczuk nitrylowy. Korpus si\u0142ownika i gwintowana powierzchnia ko\u0144cowa s\u0105 precyzyjnie obrobione, aby zwi\u0119kszy\u0107 odporno\u015b\u0107 na zu\u017cycie i korozj\u0119. Konieczne jest regularne dodawanie odpowiedniej ilo\u015bci oleju hydraulicznego w celu smarowania.<\/p>\n<h2>Konserwacja i naprawa<\/h2>\n<p>Regularne kontrole i dzia\u0142ania konserwacyjne s\u0105 niezb\u0119dne dla zapewnienia wydajnej i bezpiecznej pracy si\u0142ownika ramienia. Nale\u017cy podj\u0105\u0107 nast\u0119puj\u0105ce dzia\u0142ania:<\/p>\n<ul>\n<li>Regularna kontrola korpusu cylindra i element\u00f3w uszczelniaj\u0105cych pod k\u0105tem zu\u017cycia i uszkodze\u0144, w razie konieczno\u015bci ich terminowa wymiana.<\/li>\n<li>Regularna wymiana oleju hydraulicznego ma na celu zapewnienie prawid\u0142owego smarowania i zapobieganie zanieczyszczeniom.<\/li>\n<li>Regularna kontrola uk\u0142adu hydraulicznego pod k\u0105tem wyciek\u00f3w i uszkodze\u0144 oraz terminowa naprawa lub wymiana uszkodzonych podzespo\u0142\u00f3w.<\/li>\n<\/ul>\n<p><img decoding=\"async\" src=\"https:\/\/www.hydraulic-cylinders.net\/wp-content\/uploads\/2025\/01\/songte-chushion-collar.webp\"\/><\/p>\n<h2>Przewodnik instalacji<\/h2>\n<p>Aby prawid\u0142owo zamontowa\u0107 cylinder ramienia, nale\u017cy wykona\u0107 nast\u0119puj\u0105ce czynno\u015bci:<\/p>\n<ol>\n<li>Upewnij si\u0119, \u017ce cylinder i jego powierzchnie monta\u017cowe s\u0105 czyste i wolne od zanieczyszcze\u0144.<\/li>\n<li>Zamontuj cylinder zgodnie z instrukcj\u0105 producenta, uwa\u017caj\u0105c, aby nie uszkodzi\u0107 element\u00f3w uszczelniaj\u0105cych ani korpusu cylindra.<\/li>\n<li>Pod\u0142\u0105cz przewody hydrauliczne i z\u0142\u0105czki, upewniaj\u0105c si\u0119, \u017ce s\u0105 dobrze dokr\u0119cone i prawid\u0142owo wyr\u00f3wnane.<\/li>\n<li>Sprawd\u017a szczelno\u015b\u0107 uk\u0142adu hydraulicznego i jego prawid\u0142owe dzia\u0142anie.<\/li>\n<\/ol>\n<h2>Bezpiecze\u0144stwo i wzgl\u0119dy \u015brodowiskowe<\/h2>\n<p>Nale\u017cy podj\u0105\u0107 odpowiednie \u015brodki bezpiecze\u0144stwa, aby zapobiec obra\u017ceniom lub uszkodzeniom podczas instalacji, obs\u0142ugi i konserwacji si\u0142ownika ramienia. Nale\u017cy r\u00f3wnie\u017c przestrzega\u0107 przepis\u00f3w i norm ochrony \u015brodowiska, aby zapobiega\u0107 zanieczyszczeniom i minimalizowa\u0107 wp\u0142yw na \u015brodowisko.<\/p>\n<h2>Rozwi\u0105zywanie problem\u00f3w i typowe problemy<\/h2>\n<p>Poni\u017cej przedstawiono najcz\u0119stsze problemy i ich mo\u017cliwe przyczyny:<\/p>\n<ul>\n<li>Cylinder nie wysuwa si\u0119 ani nie chowa: niskie ci\u015bnienie hydrauliczne, uszkodzone elementy uszczelniaj\u0105ce lub uszkodzony t\u0142ok albo t\u0142oczysko.<\/li>\n<li>Wycieki w cylindrze: uszkodzone elementy uszczelniaj\u0105ce lub uszkodzony korpus cylindra.<\/li>\n<li>Si\u0142ownik pracuje powoli lub nier\u00f3wnomiernie: Niskie ci\u015bnienie hydrauliczne, uszkodzone lub zu\u017cyte w\u0119\u017ce hydrauliczne albo uszkodzony lub zu\u017cyty zaw\u00f3r steruj\u0105cy.<\/li>\n<\/ul>\n<p>Aby rozwi\u0105za\u0107 te problemy, nale\u017cy wykona\u0107 nast\u0119puj\u0105ce czynno\u015bci:<\/p>\n<ul>\n<li>Sprawd\u017a ci\u015bnienie hydrauliczne i w razie potrzeby wyreguluj.<\/li>\n<li>Sprawd\u017a elementy uszczelniaj\u0105ce i w razie konieczno\u015bci wymie\u0144 je.<\/li>\n<li>Sprawd\u017a przewody hydrauliczne i zaw\u00f3r steruj\u0105cy; w razie konieczno\u015bci wymie\u0144 je.<\/li>\n<\/ul>\n<p>Do \u015brodk\u00f3w zapobiegawczych zalicza si\u0119 regularne kontrole i konserwacj\u0119, odpowiednie smarowanie oraz unikanie przeci\u0105\u017cania lub niew\u0142a\u015bciwego u\u017cytkowania cylindra.<\/p>\n<p><img decoding=\"async\" src=\"https:\/\/www.hydraulic-cylinders.net\/wp-content\/uploads\/2025\/01\/songte-bushings-with-all-kinds-of-excavator-models.webp\"\/><\/p>\n<h2>O nas<\/h2>\n<p>Jeste\u015bmy profesjonalnym producentem zamiennych cylindr\u00f3w hydraulicznych, oferuj\u0105cym szerok\u0105 gam\u0119 produkt\u00f3w. Stali\u015bmy si\u0119 jednym z wiod\u0105cych producent\u00f3w i dystrybutor\u00f3w hurtowych cylindr\u00f3w hydraulicznych na rynku krajowym i mi\u0119dzynarodowym. Zawsze przestrzegamy zasady doskona\u0142ej jako\u015bci, opieramy si\u0119 na zindustrializowanych strategiach zarz\u0105dzania produkcj\u0105 w precyzyjnych warsztatach produkcyjnych oraz stale udoskonalamy technologi\u0119 i wydajno\u015b\u0107 produkcji. Wprowadzaj\u0105c wysokiej klasy cyfrowy sprz\u0119t produkcyjny i profesjonalne systemy testowe, optymalizujemy platform\u0119 produkcyjn\u0105, usprawniamy procesy kontroli jako\u015bci produkt\u00f3w i dysponujemy silnymi mo\u017cliwo\u015bciami innowacyjnymi. Naszym celem jest zaspokajanie zr\u00f3\u017cnicowanych potrzeb klient\u00f3w, oferuj\u0105c wydajne, precyzyjne i wysokiej jako\u015bci produkty.<\/p>\n<h2>Nasze us\u0142ugi<\/h2>\n<ul>\n<li>Profesjonalizm: Mamy zesp\u00f3\u0142 do\u015bwiadczonych in\u017cynier\u00f3w i technik\u00f3w, kt\u00f3rzy mog\u0105 zapewni\u0107 Pa\u0144stwu profesjonalne doradztwo i rozwi\u0105zania dostosowane do indywidualnych potrzeb.<\/li>\n<li>Certyfikacja mi\u0119dzynarodowa: Nasze produkty uzyska\u0142y szereg certyfikat\u00f3w mi\u0119dzynarodowych, takich jak ISO9001, CE i RoHS.<\/li>\n<li>Personalizacja: Mo\u017cemy dostosowa\u0107 cylindry hydrauliczne do wymaga\u0144 klienta i \u015bwiadczy\u0107 us\u0142ugi OEM.<\/li>\n<li>Sprz\u0119t produkcyjny: Posiadamy zaawansowany sprz\u0119t produkcyjny, taki jak maszyny CNC i systemy testowe, co gwarantuje wydajn\u0105 i wysokiej jako\u015bci produkcj\u0119.<\/li>\n<li>Serwis posprzeda\u017cowy: Zapewniamy kompleksowy serwis posprzeda\u017cowy i wsparcie techniczne, aby zagwarantowa\u0107 satysfakcj\u0119 klienta.<\/li>\n<\/ul>\n<p><img decoding=\"async\" src=\"https:\/\/www.hydraulic-cylinders.net\/wp-content\/uploads\/2025\/01\/songte-company-4.webp\"\/><br \/>\n<img decoding=\"async\" src=\"https:\/\/www.hydraulic-cylinders.net\/wp-content\/uploads\/2025\/01\/songte-company-3.webp\"\/><\/p>\n<p>Autor: lyl<\/p>","protected":false},"excerpt":{"rendered":"<p>Arm Cylinder For JCM Middle Excavator 921D Introduction The arm cylinder is a specially designed hydraulic cylinder that is mainly used to provide linear motion and power to the arm of various types of machinery such as excavators, cranes and mechanical arms. It plays a key role in the hydraulic system, enabling additional tools or [&hellip;]<\/p>","protected":false},"featured_media":14774,"comment_status":"open","ping_status":"closed","template":"","meta":{"_et_pb_use_builder":"","_et_pb_old_content":"","_et_gb_content_width":""},"product_brand":[],"product_cat":[1497],"product_tag":[1498,1496],"class_list":{"0":"post-16600","1":"product","2":"type-product","3":"status-publish","4":"has-post-thumbnail","6":"product_cat-arm-cylinders","7":"product_tag-arm-cylinders","8":"product_tag-hydraulic-cylinders","10":"first","11":"instock","12":"shipping-taxable","13":"product-type-simple"},"amp_enabled":true,"_links":{"self":[{"href":"https:\/\/www.hydraulic-cylinders.net\/pl\/wp-json\/wp\/v2\/product\/16600","targetHints":{"allow":["GET"]}}],"collection":[{"href":"https:\/\/www.hydraulic-cylinders.net\/pl\/wp-json\/wp\/v2\/product"}],"about":[{"href":"https:\/\/www.hydraulic-cylinders.net\/pl\/wp-json\/wp\/v2\/types\/product"}],"replies":[{"embeddable":true,"href":"https:\/\/www.hydraulic-cylinders.net\/pl\/wp-json\/wp\/v2\/comments?post=16600"}],"wp:featuredmedia":[{"embeddable":true,"href":"https:\/\/www.hydraulic-cylinders.net\/pl\/wp-json\/wp\/v2\/media\/14774"}],"wp:attachment":[{"href":"https:\/\/www.hydraulic-cylinders.net\/pl\/wp-json\/wp\/v2\/media?parent=16600"}],"wp:term":[{"taxonomy":"product_brand","embeddable":true,"href":"https:\/\/www.hydraulic-cylinders.net\/pl\/wp-json\/wp\/v2\/product_brand?post=16600"},{"taxonomy":"product_cat","embeddable":true,"href":"https:\/\/www.hydraulic-cylinders.net\/pl\/wp-json\/wp\/v2\/product_cat?post=16600"},{"taxonomy":"product_tag","embeddable":true,"href":"https:\/\/www.hydraulic-cylinders.net\/pl\/wp-json\/wp\/v2\/product_tag?post=16600"}],"curies":[{"name":"wp","href":"https:\/\/api.w.org\/{rel}","templated":true}]}}