{"id":16605,"date":"2025-01-21T05:37:20","date_gmt":"2025-01-21T05:37:20","guid":{"rendered":"https:\/\/www.hydraulic-cylinders.net\/product\/arm-cylinder-for-jcm-large-excavator-mc3861c-8\/"},"modified":"2025-01-21T05:37:23","modified_gmt":"2025-01-21T05:37:23","slug":"arm-cylinder-for-jcm-large-excavator-mc3861c-8","status":"publish","type":"product","link":"https:\/\/www.hydraulic-cylinders.net\/pl\/produkt\/arm-cylinder-for-jcm-large-excavator-mc3861c-8\/","title":{"rendered":"Si\u0142ownik ramienia do du\u017cej koparki JCM MC3861C-8"},"content":{"rendered":"<p><!DOCTYPE html><br \/>\n<html><br \/>\n<head><br \/>\n<title>Si\u0142ownik ramienia do du\u017cej koparki JCM MC3861C-8<\/title><br \/>\n<\/head><br \/>\n<body><\/p>\n<h1>Si\u0142ownik ramienia do du\u017cej koparki JCM MC3861C-8<\/h1>\n<h2>Definicja produktu<\/h2>\n<p>Si\u0142ownik ramienia to specjalnie zaprojektowany si\u0142ownik hydrauliczny, kt\u00f3ry zapewnia ruch liniowy i zasilanie ramion r\u00f3\u017cnych maszyn, takich jak koparki, d\u017awigi i ramiona mechaniczne. Si\u0142ownik ramienia odgrywa kluczow\u0105 rol\u0119 w uk\u0142adach hydraulicznych, umo\u017cliwiaj\u0105c sprawny ruch i sterowanie dodatkowymi narz\u0119dziami lub osprz\u0119tem. Si\u0142owniki te nie tylko zapewniaj\u0105 p\u0142ynny ruch, ale tak\u017ce wytrzymuj\u0105 du\u017ce obci\u0105\u017cenia, gwarantuj\u0105c wydajn\u0105 prac\u0119 i niezawodno\u015b\u0107 maszyn w r\u00f3\u017cnych warunkach pracy.<\/p>\n<p><img decoding=\"async\" src=\"https:\/\/www.hydraulic-cylinders.net\/wp-content\/uploads\/2025\/01\/songte-company-2.webp\"><\/p>\n<h2>Cechy produktu<\/h2>\n<ul>\n<li>\n<h3>Wysoka wydajno\u015b\u0107 transmisji<\/h3>\n<p>Si\u0142ownik ramienia zapewnia mocny ruch liniowy i si\u0142\u0119, gwarantuj\u0105c wysok\u0105 wydajno\u015b\u0107 ramienia mechanicznego w r\u00f3\u017cnych operacjach.<\/p>\n<\/li>\n<li>\n<h3>Precyzyjna kontrola<\/h3>\n<p>Dzi\u0119ki uk\u0142adowi hydraulicznemu si\u0142ownik ramienia umo\u017cliwia precyzyjn\u0105 kontrol\u0119 ruchu, co sprawia, \u017ce \u200b\u200bpraca z pod\u0142\u0105czonymi narz\u0119dziami jest bardziej elastyczna i dok\u0142adna.<\/p>\n<\/li>\n<li>\n<h3>Trwa\u0142o\u015b\u0107<\/h3>\n<p>Cylinder ramienia jest zazwyczaj wykonany z materia\u0142\u00f3w o wysokiej wytrzyma\u0142o\u015bci, zapewniaj\u0105cych doskona\u0142\u0105 odporno\u015b\u0107 na zu\u017cycie i korozj\u0119, dzi\u0119ki czemu nadaje si\u0119 do d\u0142ugotrwa\u0142ego u\u017cytkowania w trudnych warunkach.<\/p>\n<\/li>\n<li>\n<h3>Wielofunkcyjna adaptowalno\u015b\u0107<\/h3>\n<p>Si\u0142owniki te mo\u017cna powszechnie stosowa\u0107 w r\u00f3\u017cnych typach maszyn, takich jak koparki, d\u017awigi i ramiona mechaniczne, dostosowuj\u0105c je do r\u00f3\u017cnych wymaga\u0144 roboczych.<\/p>\n<\/li>\n<li>\n<h3>\u0141atwa konserwacja<\/h3>\n<p>Zaprojektowany z my\u015bl\u0105 o \u0142atwo\u015bci konserwacji i wymiany si\u0142ownik ramienia umo\u017cliwia wygodne okresowe kontrole i konserwacj\u0119, redukuj\u0105c przestoje sprz\u0119tu.<\/p>\n<\/li>\n<\/ul>\n<p><img decoding=\"async\" src=\"https:\/\/www.hydraulic-cylinders.net\/wp-content\/uploads\/2025\/01\/songte-oil-pipes-and-spare-parts.webp\"><\/p>\n<h2>Scenariusze zastosowa\u0144<\/h2>\n<p>Si\u0142ownik ramieniowy znajduje zastosowanie w r\u00f3\u017cnych ga\u0142\u0119ziach przemys\u0142u:<\/p>\n<ul>\n<li>\n<h3>In\u017cynieria budowlana<\/h3>\n<p>W koparkach i d\u017awigach si\u0142ownik ramienia steruje ruchem \u0142y\u017cek lub wysi\u0119gnik\u00f3w podczas prac ziemnych, przenoszenia materia\u0142\u00f3w i instalacji konstrukcyjnych.<\/p>\n<\/li>\n<li>\n<h3>Przemys\u0142 wytw\u00f3rczy<\/h3>\n<p>W zautomatyzowanych liniach produkcyjnych si\u0142ownik ramienia jest stosowany do poruszania ramion mechanicznych w procesach takich jak monta\u017c, spawanie i obs\u0142uga, co zwi\u0119ksza wydajno\u015b\u0107 i precyzj\u0119 produkcji.<\/p>\n<\/li>\n<li>\n<h3>Maszyny rolnicze<\/h3>\n<p>W maszynach rolniczych, takich jak kombajny i siewniki, si\u0142ownik ramienia steruje ruchem ramion roboczych podczas wykonywania takich zada\u0144, jak sadzenie, nawo\u017cenie i zbi\u00f3r.<\/p>\n<\/li>\n<li>\n<h3>G\u00f3rnictwo<\/h3>\n<p>W sprz\u0119cie g\u00f3rniczym si\u0142ownik ramienia s\u0142u\u017cy do sterowania ruchem ramienia sprz\u0119tu g\u00f3rniczego s\u0142u\u017c\u0105cego do wydobywania i transportu rudy.<\/p>\n<\/li>\n<li>\n<h3>Logistyka i transport<\/h3>\n<p>W w\u00f3zkach wid\u0142owych i robotach prze\u0142adunkowych si\u0142ownik ramienia steruje podnoszeniem i ruchem wide\u0142, umo\u017cliwiaj\u0105c przenoszenie i uk\u0142adanie materia\u0142\u00f3w.<\/p>\n<\/li>\n<\/ul>\n<h2>Zagadnienia projektowe i kryteria wyboru<\/h2>\n<ul>\n<li>\n<h3>No\u015bno\u015b\u0107<\/h3>\n<p>Discuss the arm cylinder&#8217;s load-bearing capacity and its impact on the overall design.<\/p>\n<\/li>\n<li>\n<h3>Opiecz\u0119towanie<\/h3>\n<p>Wyja\u015bnij zastosowanie r\u00f3\u017cnych element\u00f3w uszczelniaj\u0105cych, takich jak uszczelnienia t\u0142ok\u00f3w i t\u0142oczysk, wykonanych z materia\u0142\u00f3w odpornych na zu\u017cycie, takich jak poliuretan i kauczuk nitrylowy. Opisz r\u00f3wnie\u017c obr\u00f3bk\u0119 powierzchni korpusu cylindra i ko\u0144c\u00f3wek gwintowanych w celu zwi\u0119kszenia odporno\u015bci na zu\u017cycie.<\/p>\n<\/li>\n<li>\n<h3>Trwa\u0142o\u015b\u0107<\/h3>\n<p>Om\u00f3w kwestie trwa\u0142o\u015bci cylindra ramienia, w tym jego odporno\u015b\u0107 na zu\u017cycie, korozj\u0119 i inne czynniki \u015brodowiskowe.<\/p>\n<\/li>\n<li>\n<h3>Bezpiecze\u0144stwo<\/h3>\n<p>Om\u00f3w zagadnienia bezpiecze\u0144stwa podczas projektowania cylindra ramienia, podkre\u015blaj\u0105c \u015brodki podj\u0119te w celu zagwarantowania bezpiecznej pracy.<\/p>\n<\/li>\n<li>\n<h3>Konserwacja<\/h3>\n<p>Om\u00f3w \u0142atwo\u015b\u0107 konserwacji oraz znaczenie regularnych przegl\u0105d\u00f3w i smarowania dla zapewnienia prawid\u0142owego dzia\u0142ania cylindra ramienia.<\/p>\n<\/li>\n<\/ul>\n<p><img decoding=\"async\" src=\"https:\/\/www.hydraulic-cylinders.net\/wp-content\/uploads\/2025\/01\/songte-cylinder-head-with-all-kinds-excavator-models.webp\"><\/p>\n<h2>Rozwi\u0105zywanie problem\u00f3w i typowe problemy<\/h2>\n<p>Om\u00f3w potencjalne usterki i typowe problemy zwi\u0105zane z cylindrem ramienia:<\/p>\n<ul>\n<li>\n<h3>Diagnostyka usterek<\/h3>\n<p>Om\u00f3w metody diagnozowania usterek cylindra ramienia, pomagaj\u0105c czytelnikom skutecznie identyfikowa\u0107 problemy.<\/p>\n<\/li>\n<li>\n<h3>Wskaz\u00f3wki i rozwi\u0105zania dotycz\u0105ce rozwi\u0105zywania problem\u00f3w<\/h3>\n<p>Udzielanie wskaz\u00f3wek i rozwi\u0105zywanie typowych problem\u00f3w zwi\u0105zanych z cylindrem ramienia, co umo\u017cliwia skuteczne rozwi\u0105zywanie problem\u00f3w.<\/p>\n<\/li>\n<li>\n<h3>\u015arodki zapobiegawcze<\/h3>\n<p>Zaproponuj \u015brodki zapobiegawcze maj\u0105ce na celu zminimalizowanie potencjalnych problem\u00f3w z cylindrem ramienia i zmniejszenie prawdopodobie\u0144stwa ich wyst\u0105pienia.<\/p>\n<\/li>\n<\/ul>\n<p><img decoding=\"async\" src=\"https:\/\/www.hydraulic-cylinders.net\/wp-content\/uploads\/2025\/01\/songte-chushion-collar.webp\"><\/p>\n<h2>Przewodnik instalacji<\/h2>\n<p>Dostarcz szczeg\u00f3\u0142ow\u0105 instrukcj\u0119 monta\u017cu cylindra ramienia, gwarantuj\u0105c\u0105 prawid\u0142ow\u0105 i bezpieczn\u0105 instalacj\u0119.<\/p>\n<p><img decoding=\"async\" src=\"https:\/\/www.hydraulic-cylinders.net\/wp-content\/uploads\/2025\/01\/songte-bushings-with-all-kinds-of-excavator-models.webp\"><\/p>\n<h2>Zagadnienia bezpiecze\u0144stwa i czynniki \u015brodowiskowe<\/h2>\n<p>Podkre\u015bl znaczenie \u015brodk\u00f3w bezpiecze\u0144stwa podczas korzystania z cylindra ramienia i om\u00f3w istotne czynniki \u015brodowiskowe, kt\u00f3re mog\u0105 mie\u0107 wp\u0142yw na jego wydajno\u015b\u0107.<\/p>\n<h2>Autor lyl<\/h2>\n<h2>O naszej firmie<\/h2>\n<p>Introduce the company as a professional manufacturer of replacement hydraulic cylinders. Mention the wide range of products and the company&#8217;s position as a leading manufacturer and wholesale distributor in both domestic and international markets. Emphasize the commitment to excellent quality, advanced manufacturing facilities, and innovative capabilities. Discuss international certifications, customization services, production equipment, and after-sales services.<\/p>\n<p><img decoding=\"async\" src=\"https:\/\/www.hydraulic-cylinders.net\/wp-content\/uploads\/2025\/01\/songte-company-4.webp\"><br \/>\n<img decoding=\"async\" src=\"https:\/\/www.hydraulic-cylinders.net\/wp-content\/uploads\/2025\/01\/songte-company-3.webp\"><br \/>\n<\/body><br \/>\n<\/html><\/p>","protected":false},"excerpt":{"rendered":"<p>Arm Cylinder For JCM Large Excavator MC3861C-8 Arm Cylinder For JCM Large Excavator MC3861C-8 Product Definition The arm cylinder is a specially designed hydraulic cylinder that provides linear motion and power to the arms of various machinery such as excavators, cranes, and mechanical arms. The arm cylinder plays a crucial role in hydraulic systems, allowing [&hellip;]<\/p>","protected":false},"featured_media":14759,"comment_status":"open","ping_status":"closed","template":"","meta":{"_et_pb_use_builder":"","_et_pb_old_content":"","_et_gb_content_width":""},"product_brand":[],"product_cat":[1497],"product_tag":[1498,1496],"class_list":{"0":"post-16605","1":"product","2":"type-product","3":"status-publish","4":"has-post-thumbnail","6":"product_cat-arm-cylinders","7":"product_tag-arm-cylinders","8":"product_tag-hydraulic-cylinders","10":"first","11":"instock","12":"shipping-taxable","13":"product-type-simple"},"amp_enabled":true,"_links":{"self":[{"href":"https:\/\/www.hydraulic-cylinders.net\/pl\/wp-json\/wp\/v2\/product\/16605","targetHints":{"allow":["GET"]}}],"collection":[{"href":"https:\/\/www.hydraulic-cylinders.net\/pl\/wp-json\/wp\/v2\/product"}],"about":[{"href":"https:\/\/www.hydraulic-cylinders.net\/pl\/wp-json\/wp\/v2\/types\/product"}],"replies":[{"embeddable":true,"href":"https:\/\/www.hydraulic-cylinders.net\/pl\/wp-json\/wp\/v2\/comments?post=16605"}],"wp:featuredmedia":[{"embeddable":true,"href":"https:\/\/www.hydraulic-cylinders.net\/pl\/wp-json\/wp\/v2\/media\/14759"}],"wp:attachment":[{"href":"https:\/\/www.hydraulic-cylinders.net\/pl\/wp-json\/wp\/v2\/media?parent=16605"}],"wp:term":[{"taxonomy":"product_brand","embeddable":true,"href":"https:\/\/www.hydraulic-cylinders.net\/pl\/wp-json\/wp\/v2\/product_brand?post=16605"},{"taxonomy":"product_cat","embeddable":true,"href":"https:\/\/www.hydraulic-cylinders.net\/pl\/wp-json\/wp\/v2\/product_cat?post=16605"},{"taxonomy":"product_tag","embeddable":true,"href":"https:\/\/www.hydraulic-cylinders.net\/pl\/wp-json\/wp\/v2\/product_tag?post=16605"}],"curies":[{"name":"wp","href":"https:\/\/api.w.org\/{rel}","templated":true}]}}