{"id":16610,"date":"2025-01-21T05:37:43","date_gmt":"2025-01-21T05:37:43","guid":{"rendered":"https:\/\/www.hydraulic-cylinders.net\/product\/arm-cylinder-for-ihi-small-excavator-ihi40-ys\/"},"modified":"2025-01-21T05:37:44","modified_gmt":"2025-01-21T05:37:44","slug":"arm-cylinder-for-ihi-small-excavator-ihi40-ys","status":"publish","type":"product","link":"https:\/\/www.hydraulic-cylinders.net\/pl\/produkt\/arm-cylinder-for-ihi-small-excavator-ihi40-ys\/","title":{"rendered":"Si\u0142ownik ramienia do ma\u0142ej koparki IHI IHI40\/YS"},"content":{"rendered":"<h2>Si\u0142ownik ramienia do ma\u0142ej koparki IHI IHI40\/YS<\/h2>\n<h3>Definicja i wyja\u015bnienie<\/h3>\n<p>Si\u0142ownik ramienia to si\u0142ownik hydrauliczny specjalnie zaprojektowany do zapewnienia ruchu liniowego i zasilania ramion r\u00f3\u017cnych maszyn, takich jak koparki, d\u017awigi i ramiona mechaniczne. Si\u0142ownik ramienia odgrywa kluczow\u0105 rol\u0119 w uk\u0142adach hydraulicznych, umo\u017cliwiaj\u0105c efektywne poruszanie si\u0119 osprz\u0119tu i akcesori\u00f3w oraz sterowanie nimi. Si\u0142owniki te nie tylko zapewniaj\u0105 p\u0142ynny ruch, ale tak\u017ce wytrzymuj\u0105 du\u017ce obci\u0105\u017cenia, gwarantuj\u0105c wydajn\u0105 prac\u0119 i niezawodno\u015b\u0107 maszyn w r\u00f3\u017cnych warunkach pracy.<\/p>\n<p><img decoding=\"async\" src=\"https:\/\/www.hydraulic-cylinders.net\/wp-content\/uploads\/2025\/01\/songte-company-2.webp\"><\/p>\n<h3>Cechy produktu<\/h3>\n<ul>\n<li>Wysokowydajna przek\u0142adnia: Cylinder ramienia zapewnia mocny ruch liniowy i si\u0142\u0119, gwarantuj\u0105c wysok\u0105 wydajno\u015b\u0107 ramienia mechanicznego podczas r\u00f3\u017cnych operacji.<\/li>\n<li>Precyzyjna kontrola: Dzi\u0119ki uk\u0142adowi hydraulicznemu si\u0142ownik ramienia mo\u017ce uzyska\u0107 precyzyjn\u0105 kontrol\u0119 ruchu, co sprawia, \u017ce \u200b\u200bobs\u0142uga osprz\u0119tu jest bardziej elastyczna i dok\u0142adna.<\/li>\n<li>Wysoka trwa\u0142o\u015b\u0107: Cylindry ramienia s\u0105 zwykle wykonane z materia\u0142\u00f3w o wysokiej wytrzyma\u0142o\u015bci, charakteryzuj\u0105cych si\u0119 dobr\u0105 odporno\u015bci\u0105 na zu\u017cycie i korozj\u0119, dzi\u0119ki czemu nadaj\u0105 si\u0119 do d\u0142ugotrwa\u0142ego u\u017cytkowania w trudnych warunkach.<\/li>\n<li>Wielofunkcyjna mo\u017cliwo\u015b\u0107 adaptacji: Te cylindry mo\u017cna szeroko stosowa\u0107 w r\u00f3\u017cnych urz\u0105dzeniach mechanicznych, takich jak koparki, d\u017awigi i ramiona mechaniczne, aby sprosta\u0107 zr\u00f3\u017cnicowanym wymaganiom roboczym.<\/li>\n<li>\u0141atwa konserwacja: Projekt uwzgl\u0119dnia \u0142atwo\u015b\u0107 konserwacji i wymiany, dzi\u0119ki czemu regularne kontrole i konserwacje staj\u0105 si\u0119 wygodniejsze, a przestoje sprz\u0119tu zostaj\u0105 skr\u00f3cone.<\/li>\n<\/ul>\n<p><img decoding=\"async\" src=\"https:\/\/www.hydraulic-cylinders.net\/wp-content\/uploads\/2025\/01\/songte-oil-pipes-and-spare-parts.webp\"><\/p>\n<h3>Aplikacje<\/h3>\n<p>Cylinder ramienia jest szeroko stosowany w r\u00f3\u017cnych dziedzinach:<\/p>\n<ul>\n<li>In\u017cynieria budowlana: W koparkach i d\u017awigach si\u0142ownik ramienia s\u0142u\u017cy do sterowania ruchem \u0142y\u017cki lub wysi\u0119gnika podczas rob\u00f3t ziemnych, przenoszenia materia\u0142\u00f3w i instalacji konstrukcyjnych.<\/li>\n<li>Przemys\u0142 wytw\u00f3rczy: W zautomatyzowanych liniach produkcyjnych si\u0142ownik ramienia jest wykorzystywany do poruszania ramion mechanicznych, np. podczas monta\u017cu, spawania i przenoszenia, w celu zwi\u0119kszenia wydajno\u015bci i dok\u0142adno\u015bci produkcji.<\/li>\n<li>Maszyny rolnicze: W maszynach rolniczych, takich jak kombajny i sadzarki, si\u0142ownik ramienia steruje ruchem ramienia roboczego, wykonuj\u0105cego takie zadania, jak sadzenie, nawo\u017cenie i zbi\u00f3r.<\/li>\n<li>G\u00f3rnictwo: W sprz\u0119cie g\u00f3rniczym si\u0142ownik ramienia s\u0142u\u017cy do sterowania ruchem ramienia sprz\u0119tu g\u00f3rniczego, takiego jak koparki, stosowanego do wydobywania i transportu rud.<\/li>\n<li>Logistyka i transport: W w\u00f3zkach wid\u0142owych i robotach prze\u0142adunkowych si\u0142ownik ramienia s\u0142u\u017cy do sterowania podnoszeniem i ruchem wide\u0142, co umo\u017cliwia przenoszenie i uk\u0142adanie materia\u0142\u00f3w.<\/li>\n<\/ul>\n<h3>Zagadnienia projektowe i kryteria wyboru<\/h3>\n<p>Przy projektowaniu cylindr\u00f3w ramieniowych nale\u017cy bra\u0107 pod uwag\u0119 przede wszystkim no\u015bno\u015b\u0107, uszczelnienie, trwa\u0142o\u015b\u0107, bezpiecze\u0144stwo i \u0142atwo\u015b\u0107 konserwacji. <\/p>\n<ul>\n<li>No\u015bno\u015b\u0107: Cylinder ramienia musi by\u0107 w stanie wytrzyma\u0107 maksymalne obci\u0105\u017cenie ramienia mechanicznego i element\u00f3w mocuj\u0105cych bez odkszta\u0142cenia lub uszkodzenia.<\/li>\n<li>Uszczelnienie: R\u00f3\u017cne elementy uszczelniaj\u0105ce, takie jak uszczelki t\u0142okowe i uszczelki t\u0142oczyskowe, s\u0142u\u017c\u0105 do zapobiegania wyciekom oleju hydraulicznego i zapewnienia p\u0142ynnej pracy cylindra.<\/li>\n<li>Trwa\u0142o\u015b\u0107: Cylindry ramienia s\u0105 cz\u0119sto wykonane z materia\u0142\u00f3w o wysokiej wytrzyma\u0142o\u015bci, z dobr\u0105 odporno\u015bci\u0105 na zu\u017cycie i korozj\u0119, co zapewnia d\u0142ugotrwa\u0142e u\u017cytkowanie w trudnych warunkach.<\/li>\n<li>Bezpiecze\u0144stwo: Projekt powinien uwzgl\u0119dnia\u0107 takie elementy bezpiecze\u0144stwa, jak zawory bezpiecze\u0144stwa i blokady bezpiecze\u0144stwa, zapobiegaj\u0105ce wypadkom spowodowanym awari\u0105 systemu.<\/li>\n<li>\u0141atwo\u015b\u0107 konserwacji: Projekt powinien uwzgl\u0119dnia\u0107 \u0142atwo\u015b\u0107 konserwacji i wymiany podzespo\u0142\u00f3w, takich jak zestawy uszczelnie\u0144 i cylindry, w celu ograniczenia przestoj\u00f3w i koszt\u00f3w konserwacji.<\/li>\n<\/ul>\n<p><img decoding=\"async\" src=\"https:\/\/www.hydraulic-cylinders.net\/wp-content\/uploads\/2025\/01\/songte-cylinder-head-with-all-kinds-excavator-models.webp\"><\/p>\n<h3>Uszczelnianie i smarowanie<\/h3>\n<p>R\u00f3\u017cne elementy uszczelniaj\u0105ce, takie jak uszczelnienia t\u0142oka i t\u0142oczyska, zapobiegaj\u0105 wyciekom oleju hydraulicznego i zapewniaj\u0105 p\u0142ynn\u0105 prac\u0119 cylindra. Uszczelnienia wykonane s\u0105 z materia\u0142\u00f3w odpornych na zu\u017cycie, takich jak poliuretan i kauczuk nitrylowy. Korpus cylindra i gwintowane powierzchnie ko\u0144cowe s\u0105 precyzyjnie obrobione, aby zwi\u0119kszy\u0107 odporno\u015b\u0107 na zu\u017cycie. Konieczne jest regularne smarowanie olejem hydraulicznym.<\/p>\n<h3>Konserwacja i \u015brodki zapobiegawcze<\/h3>\n<p>Aby zapewni\u0107 wydajn\u0105 prac\u0119 i przed\u0142u\u017cy\u0107 \u017cywotno\u015b\u0107 cylindra ramienia, konieczna jest regularna kontrola i konserwacja. <\/p>\n<ul>\n<li>Nale\u017cy regularnie sprawdza\u0107 elementy uszczelniaj\u0105ce i w razie konieczno\u015bci wymieni\u0107 je.<\/li>\n<li>Regularnie sprawdzaj poziom i jako\u015b\u0107 oleju hydraulicznego; w razie konieczno\u015bci wymie\u0144 go.<\/li>\n<li>Sprawd\u017a korpus cylindra i t\u0142oczysko pod k\u0105tem zu\u017cycia i uszkodze\u0144; w razie konieczno\u015bci wymie\u0144 je.<\/li>\n<li>Sprawd\u017a, czy \u015bruby i nakr\u0119tki mocuj\u0105ce s\u0105 odpowiednio dokr\u0119cone.<\/li>\n<li>Wdra\u017caj \u015brodki konserwacji zapobiegawczej, takie jak regularne czyszczenie i smarowanie.<\/li>\n<\/ul>\n<h3>Przewodnik instalacji<\/h3>\n<p>Przed monta\u017cem nale\u017cy sprawdzi\u0107, czy si\u0142ownik ramienia jest zgodny z ramieniem mechanicznym i elementami mocuj\u0105cymi pod wzgl\u0119dem rozmiaru i ud\u017awigu. Zaleca si\u0119 wykonanie nast\u0119puj\u0105cych czynno\u015bci:<\/p>\n<ol>\n<li>Przygotuj miejsce instalacji oraz niezb\u0119dne narz\u0119dzia i sprz\u0119t.<\/li>\n<li>W razie potrzeby wyjmij stary cylinder.<\/li>\n<li>Zamontuj nowy cylinder i pod\u0142\u0105cz go do uk\u0142adu hydraulicznego.<\/li>\n<li>Sprawd\u017a, czy cylinder dzia\u0142a prawid\u0142owo.<\/li>\n<li>W razie konieczno\u015bci wyreguluj cylinder.<\/li>\n<li>Dokr\u0119\u0107 wszystkie \u015bruby i nakr\u0119tki.<\/li>\n<\/ol>\n<p><img decoding=\"async\" src=\"https:\/\/www.hydraulic-cylinders.net\/wp-content\/uploads\/2025\/01\/songte-bushings-with-all-kinds-of-excavator-models.webp\"><\/p>\n<h3>Bezpiecze\u0144stwo i wzgl\u0119dy \u015brodowiskowe<\/h3>\n<p>Podczas u\u017cytkowania si\u0142ownika ramienia nale\u017cy przestrzega\u0107 procedur bezpiecze\u0144stwa, takich jak noszenie sprz\u0119tu ochronnego i obs\u0142uga maszyny zgodnie z instrukcjami producenta. Olej hydrauliczny u\u017cywany w uk\u0142adzie nale\u017cy utylizowa\u0107 w odpowiedni spos\u00f3b, aby zapobiec zanieczyszczeniu \u015brodowiska.<\/p>\n<h3>Rozwi\u0105zywanie problem\u00f3w i typowe problemy<\/h3>\n<p>Typowe problemy z cylindrem ramienia to nieszczelno\u015b\u0107, nietypowy ha\u0142as i niewystarczaj\u0105ca moc. Aby zdiagnozowa\u0107 i rozwi\u0105za\u0107 te problemy:<\/p>\n<ul>\n<li>Sprawd\u017a, czy elementy uszczelniaj\u0105ce nie s\u0105 uszkodzone lub zu\u017cyte; w razie potrzeby wymie\u0144 je.<\/li>\n<li>Sprawd\u017a poziom i jako\u015b\u0107 oleju hydraulicznego, w razie potrzeby wymie\u0144 go.<\/li>\n<li>Sprawd\u017a korpus cylindra i t\u0142oczysko pod k\u0105tem zu\u017cycia lub uszkodze\u0144 i w razie potrzeby wymie\u0144 je.<\/li>\n<li>Sprawd\u017a uk\u0142ad hydrauliczny pod k\u0105tem wyciek\u00f3w i blokad.<\/li>\n<li>Sprawd\u017a, czy \u015bruby i nakr\u0119tki mocuj\u0105ce s\u0105 odpowiednio dokr\u0119cone.<\/li>\n<\/ul>\n<p>\u015arodki zapobiegawcze, takie jak regularne kontrole i konserwacja, mog\u0105 pom\u00f3c ograniczy\u0107 wyst\u0119powanie tych problem\u00f3w.<\/p>\n<p><img decoding=\"async\" src=\"https:\/\/www.hydraulic-cylinders.net\/wp-content\/uploads\/2025\/01\/songte-chushion-collar.webp\"><\/p>\n<h3>O nas<\/h3>\n<p>Jeste\u015bmy profesjonalnym producentem zamiennych cylindr\u00f3w hydraulicznych, oferuj\u0105cym szerok\u0105 gam\u0119 produkt\u00f3w. Stali\u015bmy si\u0119 jednym z wiod\u0105cych producent\u00f3w i hurtowych dystrybutor\u00f3w cylindr\u00f3w hydraulicznych na rynku krajowym i mi\u0119dzynarodowym. Zawsze przestrzegamy zasady doskona\u0142ej jako\u015bci, opieraj\u0105c si\u0119 na strategii zarz\u0105dzania produkcj\u0105 przemys\u0142ow\u0105 w dopracowanym warsztacie produkcyjnym, i stale podnosimy poziom techniczny oraz wydajno\u015b\u0107 produkcji. Wprowadzaj\u0105c wysokiej klasy cyfrowy sprz\u0119t produkcyjny i profesjonalne systemy testowe, stale optymalizujemy platform\u0119 produkcyjn\u0105, usprawniamy proces kontroli jako\u015bci produkt\u00f3w i dysponujemy du\u017cym potencja\u0142em innowacyjnym. Naszym celem jest zaspokajanie zr\u00f3\u017cnicowanych potrzeb klient\u00f3w poprzez wysok\u0105 wydajno\u015b\u0107, precyzj\u0119 i jako\u015b\u0107.<\/p>\n<h3>Nasze us\u0142ugi<\/h3>\n<ul>\n<li>Profesjonalizm: Posiadamy zesp\u00f3\u0142 do\u015bwiadczonych technik\u00f3w i in\u017cynier\u00f3w, kt\u00f3rzy zapewniaj\u0105 profesjonalne wsparcie techniczne i us\u0142ugi dostosowane do indywidualnych potrzeb.<\/li>\n<li>Certyfikacja mi\u0119dzynarodowa: Nasze produkty uzyska\u0142y certyfikaty ISO9001 i CE, co gwarantuje wysokie standardy jako\u015bci i bezpiecze\u0144stwa.<\/li>\n<li>Personalizacja: Zapewniamy us\u0142ugi dostosowane do indywidualnych potrzeb i wymaga\u0144 klient\u00f3w.<\/li>\n<li>Sprz\u0119t produkcyjny: Posiadamy zaawansowany sprz\u0119t produkcyjny, taki jak tokarki CNC, szlifierki i frezarki, aby zapewni\u0107 dok\u0142adno\u015b\u0107 i wydajno\u015b\u0107 produkcji.<\/li>\n<li>Obs\u0142uga posprzeda\u017cowa: Zapewniamy terminow\u0105 i skuteczn\u0105 obs\u0142ug\u0119 posprzeda\u017cow\u0105, aby zagwarantowa\u0107 zadowolenie klienta i rozwi\u0105za\u0107 problemy.<\/li>\n<\/ul>\n<p><img decoding=\"async\" src=\"https:\/\/www.hydraulic-cylinders.net\/wp-content\/uploads\/2025\/01\/songte-company-4.webp\"><br \/>\n<img decoding=\"async\" src=\"https:\/\/www.hydraulic-cylinders.net\/wp-content\/uploads\/2025\/01\/songte-company-3.webp\"><\/p>\n<p>Autor: lyl<\/p>","protected":false},"excerpt":{"rendered":"<p>Arm Cylinder For IHI Small Excavator IHI40\/YS Definition and Explanation An arm cylinder is a hydraulic cylinder specially designed to provide linear motion and power to the arms of various machines such as excavators, cranes, and mechanical arms. The arm cylinder plays a crucial role in hydraulic systems, enabling attachments and accessories to move and [&hellip;]<\/p>","protected":false},"featured_media":14774,"comment_status":"open","ping_status":"closed","template":"","meta":{"_et_pb_use_builder":"","_et_pb_old_content":"","_et_gb_content_width":""},"product_brand":[],"product_cat":[1497],"product_tag":[1498,1496],"class_list":{"0":"post-16610","1":"product","2":"type-product","3":"status-publish","4":"has-post-thumbnail","6":"product_cat-arm-cylinders","7":"product_tag-arm-cylinders","8":"product_tag-hydraulic-cylinders","10":"first","11":"instock","12":"shipping-taxable","13":"product-type-simple"},"amp_enabled":true,"_links":{"self":[{"href":"https:\/\/www.hydraulic-cylinders.net\/pl\/wp-json\/wp\/v2\/product\/16610","targetHints":{"allow":["GET"]}}],"collection":[{"href":"https:\/\/www.hydraulic-cylinders.net\/pl\/wp-json\/wp\/v2\/product"}],"about":[{"href":"https:\/\/www.hydraulic-cylinders.net\/pl\/wp-json\/wp\/v2\/types\/product"}],"replies":[{"embeddable":true,"href":"https:\/\/www.hydraulic-cylinders.net\/pl\/wp-json\/wp\/v2\/comments?post=16610"}],"wp:featuredmedia":[{"embeddable":true,"href":"https:\/\/www.hydraulic-cylinders.net\/pl\/wp-json\/wp\/v2\/media\/14774"}],"wp:attachment":[{"href":"https:\/\/www.hydraulic-cylinders.net\/pl\/wp-json\/wp\/v2\/media?parent=16610"}],"wp:term":[{"taxonomy":"product_brand","embeddable":true,"href":"https:\/\/www.hydraulic-cylinders.net\/pl\/wp-json\/wp\/v2\/product_brand?post=16610"},{"taxonomy":"product_cat","embeddable":true,"href":"https:\/\/www.hydraulic-cylinders.net\/pl\/wp-json\/wp\/v2\/product_cat?post=16610"},{"taxonomy":"product_tag","embeddable":true,"href":"https:\/\/www.hydraulic-cylinders.net\/pl\/wp-json\/wp\/v2\/product_tag?post=16610"}],"curies":[{"name":"wp","href":"https:\/\/api.w.org\/{rel}","templated":true}]}}