{"id":16612,"date":"2025-01-21T05:37:50","date_gmt":"2025-01-21T05:37:50","guid":{"rendered":"https:\/\/www.hydraulic-cylinders.net\/product\/arm-cylinder-for-ihi-small-excavator-ihi8ons\/"},"modified":"2025-01-21T05:37:52","modified_gmt":"2025-01-21T05:37:52","slug":"arm-cylinder-for-ihi-small-excavator-ihi8ons","status":"publish","type":"product","link":"https:\/\/www.hydraulic-cylinders.net\/pl\/produkt\/arm-cylinder-for-ihi-small-excavator-ihi8ons\/","title":{"rendered":"Si\u0142ownik ramienia do ma\u0142ej koparki IHI IHI8ONS"},"content":{"rendered":"<h1>Si\u0142ownik ramienia do ma\u0142ej koparki IHI IHI8ONS<\/h1>\n<h2>Wst\u0119p<\/h2>\n<p>Si\u0142ownik ramienia to specjalnie zaprojektowany si\u0142ownik hydrauliczny, kt\u00f3ry zapewnia ruch liniowy i zasilanie ramienia r\u00f3\u017cnych maszyn, takich jak koparki, d\u017awigi i ramiona mechaniczne. Si\u0142ownik ramienia odgrywa kluczow\u0105 rol\u0119 w uk\u0142adzie hydraulicznym, umo\u017cliwiaj\u0105c efektywne poruszanie si\u0119 osprz\u0119tu i akcesori\u00f3w oraz sterowanie nimi. Si\u0142owniki te nie tylko zapewniaj\u0105 p\u0142ynny ruch, ale tak\u017ce wytrzymuj\u0105 du\u017ce obci\u0105\u017cenia, gwarantuj\u0105c wydajn\u0105 prac\u0119 i niezawodno\u015b\u0107 maszyn w r\u00f3\u017cnych warunkach eksploatacyjnych.<\/p>\n<p><img decoding=\"async\" src=\"https:\/\/www.hydraulic-cylinders.net\/wp-content\/uploads\/2025\/01\/songte-company-2.webp\" alt=\"Obraz cylindra ramienia\"><\/p>\n<h2>Cechy cylindra ramienia<\/h2>\n<ul>\n<li>Wysokowydajna przek\u0142adnia: Cylinder ramienia zapewnia mocny ruch liniowy i si\u0142\u0119, gwarantuj\u0105c wysok\u0105 wydajno\u015b\u0107 ramion mechanicznych w r\u00f3\u017cnych operacjach.<\/li>\n<li>Precyzyjna kontrola: Dzi\u0119ki uk\u0142adowi hydraulicznemu si\u0142ownik ramienia mo\u017ce uzyska\u0107 precyzyjn\u0105 kontrol\u0119 ruchu, co sprawia, \u017ce \u200b\u200bobs\u0142uga osprz\u0119tu jest bardziej elastyczna i dok\u0142adna.<\/li>\n<li>Wysoka trwa\u0142o\u015b\u0107: Cylinder ramienia jest zwykle wykonany z materia\u0142\u00f3w o wysokiej wytrzyma\u0142o\u015bci, kt\u00f3re charakteryzuj\u0105 si\u0119 dobr\u0105 odporno\u015bci\u0105 na zu\u017cycie i korozj\u0119, dzi\u0119ki czemu nadaj\u0105 si\u0119 do d\u0142ugotrwa\u0142ego u\u017cytkowania w trudnych warunkach.<\/li>\n<li>Wielofunkcyjna adaptowalno\u015b\u0107: Te cylindry mo\u017cna szeroko stosowa\u0107 w r\u00f3\u017cnych urz\u0105dzeniach mechanicznych, takich jak koparki, d\u017awigi i ramiona mechaniczne, dostosowuj\u0105c si\u0119 do r\u00f3\u017cnych wymaga\u0144 roboczych.<\/li>\n<li>\u0141atwa konserwacja: Projekt uwzgl\u0119dnia \u0142atwo\u015b\u0107 konserwacji i wymiany, dzi\u0119ki czemu regularne kontrole i konserwacje staj\u0105 si\u0119 wygodniejsze, a przestoje sprz\u0119tu skr\u00f3cone.<\/li>\n<\/ul>\n<p>Mo\u017cemy wyprodukowa\u0107 ten produkt w celu idealnego zast\u0105pienia tych cylindr\u00f3w hydraulicznych.<\/p>\n<p><img decoding=\"async\" src=\"https:\/\/www.hydraulic-cylinders.net\/wp-content\/uploads\/2025\/01\/songte-oil-pipes-and-spare-parts.webp\" alt=\"Obraz rur naftowych\"><\/p>\n<h2>Zastosowania cylindra ramienia<\/h2>\n<p>Si\u0142ownik ramienia ma szeroki zakres zastosowa\u0144:<\/p>\n<h3>1. In\u017cynieria budowlana<\/h3>\n<p>W koparkach i d\u017awigach si\u0142ownik ramienia s\u0142u\u017cy do sterowania ruchem \u0142y\u017cek lub wysi\u0119gnik\u00f3w podczas rob\u00f3t ziemnych, przenoszenia materia\u0142\u00f3w i instalacji konstrukcyjnych.<\/p>\n<h3>2. Produkcja<\/h3>\n<p>W zautomatyzowanych liniach produkcyjnych si\u0142ownik ramienia jest stosowany do poruszania ramion mechanicznych, np. podczas monta\u017cu, spawania i obs\u0142ugi, w celu zwi\u0119kszenia wydajno\u015bci i dok\u0142adno\u015bci produkcji.<\/p>\n<h3>3. Maszyny rolnicze<\/h3>\n<p>W maszynach rolniczych, takich jak kombajny i sadzarki, si\u0142ownik ramienia steruje ruchem ramienia roboczego, wykonuj\u0105cego takie zadania, jak siew, nawo\u017cenie i zbi\u00f3r.<\/p>\n<h3>4. G\u00f3rnictwo<\/h3>\n<p>W sprz\u0119cie g\u00f3rniczym si\u0142ownik ramienia s\u0142u\u017cy do sterowania ruchem ramienia sprz\u0119tu g\u00f3rniczego s\u0142u\u017c\u0105cego do wydobywania i transportu rudy.<\/p>\n<h3>5. Logistyka i transport<\/h3>\n<p>W w\u00f3zkach wid\u0142owych i robotach prze\u0142adunkowych si\u0142ownik ramienia s\u0142u\u017cy do sterowania podnoszeniem i ruchem wide\u0142, co umo\u017cliwia transport i uk\u0142adanie materia\u0142\u00f3w.<\/p>\n<p><img decoding=\"async\" src=\"https:\/\/www.hydraulic-cylinders.net\/wp-content\/uploads\/2025\/01\/songte-chushion-collar.webp\" alt=\"Obraz ko\u0142nierza Chushion\"><\/p>\n<h2>Zagadnienia projektowe i standardy wyboru<\/h2>\n<p>Si\u0142ownik ramienia musi charakteryzowa\u0107 si\u0119 du\u017c\u0105 no\u015bno\u015bci\u0105, dobrym uszczelnieniem, trwa\u0142o\u015bci\u0105, bezpiecze\u0144stwem i \u0142atwo\u015bci\u0105 konserwacji. Oto kwestie projektowe i standardy doboru:<\/p>\n<h3>1. No\u015bno\u015b\u0107<\/h3>\n<p>Cylinder ramienia musi mie\u0107 wystarczaj\u0105c\u0105 wytrzyma\u0142o\u015b\u0107 i sztywno\u015b\u0107, aby wytrzyma\u0107 obci\u0105\u017cenie i si\u0142\u0119 dzia\u0142aj\u0105c\u0105 podczas pracy.<\/p>\n<h3>2. Skuteczno\u015b\u0107 uszczelnienia<\/h3>\n<p>Si\u0142ownik ramienia musi mie\u0107 dobre w\u0142a\u015bciwo\u015bci uszczelniaj\u0105ce, aby zapobiec wyciekom oleju i zapewni\u0107 prawid\u0142owe dzia\u0142anie uk\u0142adu hydraulicznego. Stosujemy r\u00f3\u017cnorodne uszczelnienia, takie jak uszczelnienia t\u0142okowe, uszczelnienia t\u0142oczyskowe oraz inne materia\u0142y odporne na zu\u017cycie, takie jak poliuretan i kauczuk nitrylowy.<\/p>\n<h3>3. Trwa\u0142o\u015b\u0107<\/h3>\n<p>Cylinder ramienia musi by\u0107 wykonany z materia\u0142\u00f3w o wysokiej wytrzyma\u0142o\u015bci, odporno\u015bci na zu\u017cycie i korozj\u0119, aby zapewni\u0107 d\u0142ugotrwa\u0142e u\u017cytkowanie w trudnych warunkach. Korpus cylindra i powierzchnia gwintu s\u0105 precyzyjnie obrobione w celu zwi\u0119kszenia odporno\u015bci na zu\u017cycie.<\/p>\n<h3>4. Bezpiecze\u0144stwo<\/h3>\n<p>Si\u0142ownik ramienia musi by\u0107 zaprojektowany z my\u015bl\u0105 o bezpiecze\u0144stwie, aby zapobiec wypadkom spowodowanym awari\u0105 si\u0142ownika. Wykorzystujemy zaawansowane systemy detekcji, aby zapewni\u0107 bezpiecze\u0144stwo i niezawodno\u015b\u0107 naszych produkt\u00f3w.<\/p>\n<h3>5. Utrzymywalno\u015b\u0107<\/h3>\n<p>Si\u0142ownik ramienia musi by\u0107 zaprojektowany tak, aby jego konserwacja i wymiana by\u0142y \u0142atwe, aby skr\u00f3ci\u0107 czas przestoju sprz\u0119tu. Zapewniamy naszym klientom regularne przegl\u0105dy i us\u0142ugi konserwacyjne.<\/p>\n<p><img decoding=\"async\" src=\"https:\/\/www.hydraulic-cylinders.net\/wp-content\/uploads\/2025\/01\/songte-cylinder-head-with-all-kinds-excavator-models.webp\" alt=\"Obraz g\u0142owicy cylindra\"><\/p>\n<h2>Uszczelnianie i smarowanie cylindra ramienia<\/h2>\n<p>Stosujemy r\u00f3\u017cnorodne uszczelnienia, takie jak uszczelnienia t\u0142okowe i t\u0142oczyskowe, wykonane z materia\u0142\u00f3w odpornych na zu\u017cycie, takich jak poliuretan i kauczuk nitrylowy. Korpus cylindra i powierzchnia gwintu s\u0105 precyzyjnie obrabiane w celu zwi\u0119kszenia odporno\u015bci na zu\u017cycie. Regularne dodawanie odpowiedniej ilo\u015bci oleju hydraulicznego mo\u017ce skutecznie smarowa\u0107 cylinder i wyd\u0142u\u017cy\u0107 jego \u017cywotno\u015b\u0107.<\/p>\n<h2>Regularne kontrole i konserwacja zapobiegawcza<\/h2>\n<p>Aby zapewni\u0107 prawid\u0142owe dzia\u0142anie si\u0142ownika ramienia, konieczna jest regularna kontrola i konserwacja zapobiegawcza. Oto \u015brodki zaradcze:<\/p>\n<h3>1. Regularna kontrola<\/h3>\n<p>Sprawd\u017a korpus cylindra pod k\u0105tem zu\u017cycia, uszkodze\u0144 i wyciek\u00f3w. Sprawd\u017a t\u0142oczysko cylindra pod k\u0105tem wygi\u0119\u0107, korozji i zarysowa\u0144. Sprawd\u017a uszczelki pod k\u0105tem uszkodze\u0144 i zu\u017cycia. Sprawd\u017a poziom oleju i czysto\u015b\u0107 uk\u0142adu hydraulicznego.<\/p>\n<h3>2. Konserwacja zapobiegawcza<\/h3>\n<p>Wymieniaj uszkodzone uszczelki na czas. Regularnie smaruj cylinder. Regularnie czy\u015b\u0107 uk\u0142ad hydrauliczny. Regularnie wymieniaj olej hydrauliczny. Sprawd\u017a szczelno\u015b\u0107 po\u0142\u0105cze\u0144 \u015brubowych.<\/p>\n<h2>Instrukcja instalacji produktu<\/h2>\n<p>Oto prawid\u0142owa instrukcja monta\u017cu cylindra ramienia:<\/p>\n<h3>1. Przygotowanie<\/h3>\n<p>Przygotuj miejsce instalacji i niezb\u0119dne narz\u0119dzia. Oczy\u015b\u0107 miejsce instalacji i powierzchni\u0119 cylindra. Sprawd\u017a dopasowanie cylindra i element\u00f3w \u0142\u0105cz\u0105cych.<\/p>\n<h3>2. Instalacja<\/h3>\n<p>Zamontuj cylinder zgodnie z instrukcj\u0105 monta\u017cu. Cylinder powinien by\u0107 zamontowany pionowo. Wyreguluj po\u0142o\u017cenie i dokr\u0119\u0107 \u015bruby. Pod\u0142\u0105cz uk\u0142ad hydrauliczny i sprawd\u017a szczelno\u015b\u0107.<\/p>\n<p><img decoding=\"async\" src=\"https:\/\/www.hydraulic-cylinders.net\/wp-content\/uploads\/2025\/01\/songte-bushings-with-all-kinds-of-excavator-models.webp\" alt=\"Obraz tulei\"><\/p>\n<h2>Zagadnienia bezpiecze\u0144stwa i czynniki \u015brodowiskowe<\/h2>\n<p>Bezpiecze\u0144stwo jest kluczowe podczas korzystania z si\u0142ownika ramienia. Oto kilka wskaz\u00f3wek dotycz\u0105cych bezpiecze\u0144stwa:<\/p>\n<h3>1. \u015arodki ostro\u017cno\u015bci<\/h3>\n<ul>\n<li>Podczas obs\u0142ugi cylindra nale\u017cy nosi\u0107 sprz\u0119t ochronny.<\/li>\n<li>Nigdy nie przekraczaj znamionowego obci\u0105\u017cenia i ci\u015bnienia cylindra.<\/li>\n<li>Nigdy nie modyfikuj cylindra.<\/li>\n<li>Nigdy nie rozbieraj cylindra bez konsultacji ze specjalist\u0105.<\/li>\n<\/ul>\n<p>Czynniki \u015brodowiskowe mog\u0105 wp\u0142ywa\u0107 na wydajno\u015b\u0107 i \u017cywotno\u015b\u0107 si\u0142ownika ramienia. Oto kilka czynnik\u00f3w \u015brodowiskowych:<\/p>\n<h3>1. Czynniki \u015brodowiskowe<\/h3>\n<ul>\n<li>Temperatura<\/li>\n<li>Wilgotno\u015b\u0107<\/li>\n<li>Py\u0142<\/li>\n<li>Substancje \u017cr\u0105ce<\/li>\n<\/ul>\n<h2>Rozwi\u0105zywanie problem\u00f3w i typowe problemy<\/h2>\n<p>Poni\u017cej przedstawiono kilka typowych problem\u00f3w i wskaz\u00f3wek dotycz\u0105cych rozwi\u0105zywania problem\u00f3w zwi\u0105zanych z cylindrem ramienia:<\/p>\n<h3>1. Wyciek<\/h3>\n<p>Rozwi\u0105zanie: Wymie\u0144 uszkodzone uszczelki.<\/p>\n<h3>2. Gi\u0119cie pr\u0119t\u00f3w cylindrycznych<\/h3>\n<p>Rozwi\u0105zanie: Wyprostuj lub wymie\u0144 pr\u0119t cylindra.<\/p>\n<h3>3. Nienormalny ha\u0142as<\/h3>\n<p>Rozwi\u0105zanie: Sprawd\u017a poziom i czysto\u015b\u0107 oleju hydraulicznego. Sprawd\u017a szczelno\u015b\u0107 po\u0142\u0105cze\u0144 \u015brubowych.<\/p>\n<h2>O naszej firmie<\/h2>\n<p>Jeste\u015bmy profesjonalnym producentem alternatywnych cylindr\u00f3w hydraulicznych, oferuj\u0105cym bogat\u0105 ofert\u0119 produkt\u00f3w i stali\u015bmy si\u0119 jednym z wiod\u0105cych producent\u00f3w i hurtownik\u00f3w cylindr\u00f3w hydraulicznych na rynku krajowym i mi\u0119dzynarodowym. Zawsze przestrzegamy zasady doskona\u0142o\u015bci jako\u015bci, opieraj\u0105c si\u0119 na strategii zarz\u0105dzania produkcj\u0105 przemys\u0142ow\u0105 w zaawansowanych warsztatach produkcyjnych, aby stale podnosi\u0107 poziom techniczny i wydajno\u015b\u0107 produkcji. Dzi\u0119ki wprowadzaniu wysokiej klasy cyfrowego sprz\u0119tu produkcyjnego i profesjonalnych system\u00f3w testowych, stale optymalizujemy platform\u0119 produkcyjn\u0105 i doskonalimy proces kontroli jako\u015bci produkt\u00f3w, a tak\u017ce dysponujemy du\u017cym potencja\u0142em innowacyjnym. Naszym celem jest zaspokajanie zr\u00f3\u017cnicowanych potrzeb klient\u00f3w poprzez wysok\u0105 wydajno\u015b\u0107, dok\u0142adno\u015b\u0107 i jako\u015b\u0107.<\/p>\n<p><img decoding=\"async\" src=\"https:\/\/www.hydraulic-cylinders.net\/wp-content\/uploads\/2025\/01\/songte-company-4.webp\" alt=\"Wizerunek firmy\"><\/p>\n<h2>Nasze us\u0142ugi<\/h2>\n<ul>\n<li>Profesjonalizm<\/li>\n<li>Mi\u0119dzynarodowa Certyfikacja<\/li>\n<li>Us\u0142ugi personalizacji<\/li>\n<li>Sprz\u0119t produkcyjny<\/li>\n<li>Serwis posprzeda\u017cowy<\/li>\n<\/ul>\n<p><img decoding=\"async\" src=\"https:\/\/www.hydraulic-cylinders.net\/wp-content\/uploads\/2025\/01\/songte-company-3.webp\" alt=\"Wizerunek firmy\"><\/p>\n<p>Autor: lyl.<\/p>","protected":false},"excerpt":{"rendered":"<p>Arm Cylinder For IHI Small Excavator IHI8ONS Introduction The arm cylinder is a specially designed hydraulic cylinder that provides linear motion and power to the arm of various machinery such as excavators, cranes, and mechanical arms. The arm cylinder plays a crucial role in the hydraulic system, enabling attachments or accessories to move and control [&hellip;]<\/p>","protected":false},"featured_media":14770,"comment_status":"open","ping_status":"closed","template":"","meta":{"_et_pb_use_builder":"","_et_pb_old_content":"","_et_gb_content_width":""},"product_brand":[],"product_cat":[1497],"product_tag":[1498,1496],"class_list":{"0":"post-16612","1":"product","2":"type-product","3":"status-publish","4":"has-post-thumbnail","6":"product_cat-arm-cylinders","7":"product_tag-arm-cylinders","8":"product_tag-hydraulic-cylinders","10":"first","11":"instock","12":"shipping-taxable","13":"product-type-simple"},"amp_enabled":true,"_links":{"self":[{"href":"https:\/\/www.hydraulic-cylinders.net\/pl\/wp-json\/wp\/v2\/product\/16612","targetHints":{"allow":["GET"]}}],"collection":[{"href":"https:\/\/www.hydraulic-cylinders.net\/pl\/wp-json\/wp\/v2\/product"}],"about":[{"href":"https:\/\/www.hydraulic-cylinders.net\/pl\/wp-json\/wp\/v2\/types\/product"}],"replies":[{"embeddable":true,"href":"https:\/\/www.hydraulic-cylinders.net\/pl\/wp-json\/wp\/v2\/comments?post=16612"}],"wp:featuredmedia":[{"embeddable":true,"href":"https:\/\/www.hydraulic-cylinders.net\/pl\/wp-json\/wp\/v2\/media\/14770"}],"wp:attachment":[{"href":"https:\/\/www.hydraulic-cylinders.net\/pl\/wp-json\/wp\/v2\/media?parent=16612"}],"wp:term":[{"taxonomy":"product_brand","embeddable":true,"href":"https:\/\/www.hydraulic-cylinders.net\/pl\/wp-json\/wp\/v2\/product_brand?post=16612"},{"taxonomy":"product_cat","embeddable":true,"href":"https:\/\/www.hydraulic-cylinders.net\/pl\/wp-json\/wp\/v2\/product_cat?post=16612"},{"taxonomy":"product_tag","embeddable":true,"href":"https:\/\/www.hydraulic-cylinders.net\/pl\/wp-json\/wp\/v2\/product_tag?post=16612"}],"curies":[{"name":"wp","href":"https:\/\/api.w.org\/{rel}","templated":true}]}}