{"id":16613,"date":"2025-01-21T05:37:54","date_gmt":"2025-01-21T05:37:54","guid":{"rendered":"https:\/\/www.hydraulic-cylinders.net\/product\/arm-cylinder-for-ihi-small-excavator-ihi100ns\/"},"modified":"2025-01-21T05:37:55","modified_gmt":"2025-01-21T05:37:55","slug":"arm-cylinder-for-ihi-small-excavator-ihi100ns","status":"publish","type":"product","link":"https:\/\/www.hydraulic-cylinders.net\/pl\/produkt\/arm-cylinder-for-ihi-small-excavator-ihi100ns\/","title":{"rendered":"Si\u0142ownik ramienia do ma\u0142ej koparki IHI IHI100NS"},"content":{"rendered":"<h1>Si\u0142ownik ramienia do ma\u0142ej koparki IHI IHI100NS<\/h1>\n<h2>Wst\u0119p<\/h2>\n<p>Si\u0142ownik ramienia to specjalnie zaprojektowany si\u0142ownik hydrauliczny, kt\u00f3ry zapewnia ruch liniowy i zasilanie ramion r\u00f3\u017cnych maszyn, takich jak koparki, d\u017awigi i ramiona mechaniczne. Si\u0142ownik ramienia odgrywa kluczow\u0105 rol\u0119 w uk\u0142adzie hydraulicznym, umo\u017cliwiaj\u0105c efektywny ruch i sterowanie dodatkowymi narz\u0119dziami lub osprz\u0119tem. Si\u0142owniki te nie tylko zapewniaj\u0105 p\u0142ynny ruch, ale tak\u017ce wytrzymuj\u0105 du\u017ce obci\u0105\u017cenia, gwarantuj\u0105c wydajn\u0105 prac\u0119 i niezawodno\u015b\u0107 maszyn w r\u00f3\u017cnych warunkach pracy.<\/p>\n<p><img decoding=\"async\" src=\"https:\/\/www.hydraulic-cylinders.net\/wp-content\/uploads\/2025\/01\/songte-company-2.webp\" alt=\"Si\u0142ownik ramienia do ma\u0142ej koparki IHI IHI100NS\"><\/p>\n<h2>Cechy produktu<\/h2>\n<ul>\n<li>Wydajne przenoszenie mocy: Si\u0142ownik ramienia zapewnia mocny ruch liniowy i si\u0142\u0119, gwarantuj\u0105c wysok\u0105 wydajno\u015b\u0107 i efektywno\u015b\u0107 podczas r\u00f3\u017cnych operacji, takich jak podnoszenie i kopanie.<\/li>\n<li>Precyzyjna kontrola: Dzi\u0119ki uk\u0142adowi hydraulicznemu si\u0142ownik ramienia mo\u017ce uzyska\u0107 precyzyjn\u0105 kontrol\u0119 ruchu, co sprawia, \u017ce \u200b\u200bobs\u0142uga dodatkowych narz\u0119dzi jest bardziej elastyczna i dok\u0142adna.<\/li>\n<li>Wysoka trwa\u0142o\u015b\u0107: Cylindry ramienia s\u0105 zazwyczaj wykonane z materia\u0142\u00f3w o wysokiej wytrzyma\u0142o\u015bci, z dobr\u0105 odporno\u015bci\u0105 na zu\u017cycie i korozj\u0119, odpowiednich do d\u0142ugotrwa\u0142ego u\u017cytkowania w trudnych warunkach.<\/li>\n<li>Wielofunkcyjna mo\u017cliwo\u015b\u0107 adaptacji: Te cylindry mo\u017cna szeroko stosowa\u0107 w r\u00f3\u017cnych typach maszyn, takich jak koparki, d\u017awigi i ramiona mechaniczne, aby sprosta\u0107 zr\u00f3\u017cnicowanym wymaganiom roboczym.<\/li>\n<li>\u0141atwa konserwacja: Projekt uwzgl\u0119dnia \u0142atwo\u015b\u0107 konserwacji i wymiany, dzi\u0119ki czemu regularne kontrole i konserwacje s\u0105 wygodniejsze, a przestoje sprz\u0119tu kr\u00f3tsze.<\/li>\n<\/ul>\n<p>Nasze produkty doskonale zast\u0119puj\u0105 si\u0142owniki hydrauliczne. Oferujemy szeroki asortyment przewod\u00f3w hydraulicznych i cz\u0119\u015bci zamiennych.<\/p>\n<p><img decoding=\"async\" src=\"https:\/\/www.hydraulic-cylinders.net\/wp-content\/uploads\/2025\/01\/songte-oil-pipes-and-spare-parts.webp\" alt=\"Si\u0142ownik ramienia do ma\u0142ej koparki IHI IHI100NS\"><\/p>\n<h2>Aplikacje<\/h2>\n<p>Cylindry ramieniowe maj\u0105 szeroki zakres zastosowa\u0144, w tym:<\/p>\n<ul>\n<li><strong>In\u017cynieria budowlana:<\/strong> Si\u0142owniki ramienia s\u0142u\u017c\u0105 do sterowania ruchem \u0142y\u017cki lub wysi\u0119gnika w koparkach i d\u017awigach, przy pracach ziemnych, prze\u0142adunku materia\u0142\u00f3w i monta\u017cu konstrukcji.<\/li>\n<li><strong>Przemys\u0142 wytw\u00f3rczy:<\/strong> Cylindry ramieniowe s\u0142u\u017c\u0105 do poruszania ramionami mechanicznymi w zautomatyzowanych liniach produkcyjnych, takich jak monta\u017c, spawanie i obs\u0142uga materia\u0142\u00f3w, zwi\u0119kszaj\u0105c wydajno\u015b\u0107 i dok\u0142adno\u015b\u0107 produkcji.<\/li>\n<li><strong>Maszyny rolnicze:<\/strong> Cylindry ramienia s\u0142u\u017c\u0105 do sterowania ruchem ramienia roboczego w maszynach rolniczych, takich jak kombajny i sadzarki, wykonuj\u0105cych zadania takie jak siew, nawo\u017cenie i zbi\u00f3r.<\/li>\n<li><strong>G\u00f3rnictwo:<\/strong> Cylindry ramieniowe s\u0142u\u017c\u0105 do sterowania ruchem ramienia sprz\u0119tu g\u00f3rniczego, takiego jak koparki i \u0142adowarki, wykorzystywanego do wydobywania i transportu minera\u0142\u00f3w.<\/li>\n<li><strong>Logistyka i transport:<\/strong> Cylindry ramieniowe s\u0142u\u017c\u0105 do sterowania podnoszeniem i ruchem wide\u0142 w w\u00f3zkach wid\u0142owych i robotach prze\u0142adunkowych, realizuj\u0105cych transport i uk\u0142adanie materia\u0142\u00f3w.<\/li>\n<\/ul>\n<h2>Zagadnienia projektowe i kryteria wyboru<\/h2>\n<p>Pod wzgl\u0119dem konstrukcyjnym cylinder ramienia musi mie\u0107:<\/p>\n<ul>\n<li><strong>No\u015bno\u015b\u0107:<\/strong> Si\u0142ownik ramienia musi by\u0107 w stanie utrzyma\u0107 ci\u0119\u017car przymocowanych narz\u0119dzi i sprz\u0119tu.<\/li>\n<li><strong>Opiecz\u0119towanie:<\/strong> W cylindrze ramienia nale\u017cy stosowa\u0107 r\u00f3\u017cne rodzaje uszczelnie\u0144, takie jak uszczelnienia t\u0142okowe i uszczelnienia t\u0142oczyskowe, wykonane z materia\u0142\u00f3w odpornych na zu\u017cycie, takich jak poliuretan i kauczuk nitrylowy, aby zapewni\u0107 skuteczne uszczelnienie i zapobiec przeciekom.<\/li>\n<li><strong>Trwa\u0142o\u015b\u0107:<\/strong> Cylinder ramienia musi by\u0107 wykonany z materia\u0142\u00f3w o wysokiej wytrzyma\u0142o\u015bci i mie\u0107 powierzchni\u0119 odporn\u0105 na zu\u017cycie, przystosowan\u0105 do d\u0142ugotrwa\u0142ego u\u017cytkowania w trudnych warunkach.<\/li>\n<li><strong>Bezpiecze\u0144stwo:<\/strong> Cylinder ramienia musi by\u0107 zaprojektowany z uwzgl\u0119dnieniem zabezpiecze\u0144, takich jak zawory bezpiecze\u0144stwa, aby zapobiec wypadkom spowodowanym nadmiernym ci\u015bnieniem.<\/li>\n<li><strong>Utrzymywalno\u015b\u0107:<\/strong> Cylinder ramienia powinien by\u0107 zaprojektowany w spos\u00f3b umo\u017cliwiaj\u0105cy \u0142atw\u0105 konserwacj\u0119 i napraw\u0119, co skr\u00f3ci przestoje sprz\u0119tu i zmniejszy koszty napraw.<\/li>\n<\/ul>\n<p><img decoding=\"async\" src=\"https:\/\/www.hydraulic-cylinders.net\/wp-content\/uploads\/2025\/01\/songte-cylinder-head-with-all-kinds-excavator-models.webp\" alt=\"Si\u0142ownik ramienia do ma\u0142ej koparki IHI IHI100NS\"><\/p>\n<h2>Uszczelnianie i smarowanie<\/h2>\n<p>W si\u0142owniku ramienia zastosowano r\u00f3\u017cnego rodzaju uszczelnienia, takie jak uszczelnienia t\u0142oka i t\u0142oczyska, wykonane z materia\u0142\u00f3w odpornych na zu\u017cycie, takich jak poliuretan i kauczuk nitrylowy, aby zapewni\u0107 skuteczne uszczelnienie i zapobiec wyciekom. Korpus si\u0142ownika i powierzchnia gwintu zosta\u0142y poddane precyzyjnej obr\u00f3bce w celu zwi\u0119kszenia odporno\u015bci na zu\u017cycie. Regularne dodawanie odpowiedniej ilo\u015bci oleju hydraulicznego w celu smarowania jest niezb\u0119dne dla zapewnienia p\u0142ynnej pracy si\u0142ownika.<\/p>\n<p><img decoding=\"async\" src=\"https:\/\/www.hydraulic-cylinders.net\/wp-content\/uploads\/2025\/01\/songte-chushion-collar.webp\" alt=\"Si\u0142ownik ramienia do ma\u0142ej koparki IHI IHI100NS\"><\/p>\n<h2>Konserwacja zapobiegawcza i rozwi\u0105zywanie problem\u00f3w<\/h2>\n<p>Regularne przegl\u0105dy i konserwacja zapobiegawcza si\u0142ownika ramienia s\u0105 niezb\u0119dne dla zapewnienia jego d\u0142ugotrwa\u0142ej i wydajnej pracy. Poni\u017cej przedstawiono kilka \u015brodk\u00f3w zapobiegawczych:<\/p>\n<ul>\n<li>Regularnie sprawdzaj cylinder pod k\u0105tem zu\u017cycia, odkszta\u0142ce\u0144 i uszkodze\u0144 uszczelek.<\/li>\n<li>Wyczy\u015b\u0107 powierzchni\u0119 cylindra, aby usun\u0105\u0107 kurz i brud.<\/li>\n<li>Regularnie dolewaj odpowiedni\u0105 ilo\u015b\u0107 oleju hydraulicznego w celu smarowania.<\/li>\n<li>W przypadku wyst\u0105pienia nietypowego ha\u0142asu, wycieku lub innych problem\u00f3w nale\u017cy natychmiast zaprzesta\u0107 u\u017cywania cylindra i skontaktowa\u0107 si\u0119 z personelem zajmuj\u0105cym si\u0119 profesjonaln\u0105 konserwacj\u0105.<\/li>\n<\/ul>\n<p>Je\u017celi podczas u\u017cytkowania wyst\u0105pi\u0105 problemy, nale\u017cy wykona\u0107 nast\u0119puj\u0105ce czynno\u015bci:<\/p>\n<ul>\n<li>Zidentyfikuj przyczyn\u0119 problemu, np. zu\u017cycie, uszkodzenie lub nieprawid\u0142ow\u0105 instalacj\u0119.<\/li>\n<li>Wybierz odpowiednie rozwi\u0105zanie, np. wymian\u0119 uszczelki lub napraw\u0119 cylindra.<\/li>\n<li>Przeprowad\u017a test funkcjonalny, aby potwierdzi\u0107, \u017ce problem zosta\u0142 rozwi\u0105zany.<\/li>\n<\/ul>\n<h2>Przewodnik instalacji<\/h2>\n<p>Aby zamontowa\u0107 cylinder ramienia, nale\u017cy wykona\u0107 nast\u0119puj\u0105ce czynno\u015bci:<\/p>\n<ol>\n<li>Oczy\u015b\u0107 miejsce instalacji i sprawd\u017a, czy pasuj\u0105ce cz\u0119\u015bci nie s\u0105 uszkodzone lub odkszta\u0142cone.<\/li>\n<li>Nanie\u015b\u0107 \u015brodek smarny na cylinder i cz\u0119\u015bci wsp\u00f3\u0142pracuj\u0105ce.<\/li>\n<li>Zamontuj cylinder i dokr\u0119\u0107 \u015bruby z wymaganym momentem obrotowym.<\/li>\n<li>Pod\u0142\u0105cz przew\u00f3d oleju hydraulicznego i sprawd\u017a, czy nie ma wyciek\u00f3w.<\/li>\n<li>Przeprowad\u017a test funkcjonalny, aby potwierdzi\u0107 poprawno\u015b\u0107 instalacji.<\/li>\n<\/ol>\n<p><img decoding=\"async\" src=\"https:\/\/www.hydraulic-cylinders.net\/wp-content\/uploads\/2025\/01\/songte-bushings-with-all-kinds-of-excavator-models.webp\" alt=\"Si\u0142ownik ramienia do ma\u0142ej koparki IHI IHI100NS\"><\/p>\n<h2>Zagadnienia bezpiecze\u0144stwa i czynniki \u015brodowiskowe<\/h2>\n<p>Podczas u\u017cywania cylindra ramienia nale\u017cy zachowa\u0107 nast\u0119puj\u0105ce \u015brodki bezpiecze\u0144stwa:<\/p>\n<ul>\n<li>Aby zapobiec wypadkom, nale\u017cy nosi\u0107 sprz\u0119t ochronny, taki jak r\u0119kawice i okulary ochronne.<\/li>\n<li>Nie przekraczaj dopuszczalnego ci\u015bnienia roboczego, aby zapobiec wypadkom spowodowanym nadmiernym ci\u015bnieniem.<\/li>\n<li>Regularnie sprawdzaj cylinder pod k\u0105tem zu\u017cycia, odkszta\u0142ce\u0144 i uszkodze\u0144, aby zapobiec wypadkom spowodowanym awari\u0105 sprz\u0119tu.<\/li>\n<\/ul>\n<p>Czynniki \u015brodowiskowe, kt\u00f3re mog\u0105 wp\u0142ywa\u0107 na dzia\u0142anie si\u0142ownika ramienia, to temperatura, wilgotno\u015b\u0107 i kurz. Prawid\u0142owa konserwacja i ochrona mog\u0105 skutecznie ograniczy\u0107 wp\u0142yw czynnik\u00f3w \u015brodowiskowych na si\u0142ownik.<\/p>\n<h2>O nas<\/h2>\n<p>Jeste\u015bmy profesjonalnym producentem zamiennych cylindr\u00f3w hydraulicznych, oferuj\u0105cym szerok\u0105 gam\u0119 produkt\u00f3w i staj\u0105c si\u0119 jednym z wiod\u0105cych producent\u00f3w i dystrybutor\u00f3w cylindr\u00f3w hydraulicznych na rynku krajowym i mi\u0119dzynarodowym. Zawsze przestrzegamy zasady doskona\u0142o\u015bci jako\u015bci, opieraj\u0105c si\u0119 na strategii zarz\u0105dzania produkcj\u0105 przemys\u0142ow\u0105 w wyspecjalizowanych warsztatach produkcyjnych, aby stale podnosi\u0107 poziom techniczny i wydajno\u015b\u0107 produkcji. Naszym celem jest zaspokojenie zr\u00f3\u017cnicowanych potrzeb klient\u00f3w poprzez wysok\u0105 wydajno\u015b\u0107, dok\u0142adno\u015b\u0107 i jako\u015b\u0107.<\/p>\n<p>Oferujemy profesjonalne i zindywidualizowane us\u0142ugi, a nasze produkty posiadaj\u0105 mi\u0119dzynarodowe certyfikaty, takie jak ISO9001 i CE. Dysponujemy zaawansowanym sprz\u0119tem produkcyjnym i profesjonalnymi systemami testowymi, co pozwala nam stale optymalizowa\u0107 nasz\u0105 platform\u0119 produkcyjn\u0105, usprawnia\u0107 procesy kontroli jako\u015bci produkt\u00f3w i zapewnia\u0107 wysoki poziom innowacyjno\u015bci. Ponadto, aby zagwarantowa\u0107 satysfakcj\u0119 klienta, zapewniamy serwis posprzeda\u017cowy.<\/p>\n<p><img decoding=\"async\" src=\"https:\/\/www.hydraulic-cylinders.net\/wp-content\/uploads\/2025\/01\/songte-company-4.webp\" alt=\"Si\u0142ownik ramienia do ma\u0142ej koparki IHI IHI100NS\"><br \/>\n<img decoding=\"async\" src=\"https:\/\/www.hydraulic-cylinders.net\/wp-content\/uploads\/2025\/01\/songte-company-3.webp\" alt=\"Si\u0142ownik ramienia do ma\u0142ej koparki IHI IHI100NS\"><\/p>\n<p>Autor: lyl<\/p>","protected":false},"excerpt":{"rendered":"<p>Arm Cylinder For IHI Small Excavator IHI100NS Introduction The arm cylinder is a specially designed hydraulic cylinder used to provide linear motion and power to the arms of various machinery, such as excavators, cranes, and mechanical arms. The arm cylinder plays a crucial role in the hydraulic system, allowing for effective movement and control of [&hellip;]<\/p>","protected":false},"featured_media":14766,"comment_status":"open","ping_status":"closed","template":"","meta":{"_et_pb_use_builder":"","_et_pb_old_content":"","_et_gb_content_width":""},"product_brand":[],"product_cat":[1497],"product_tag":[1498,1496],"class_list":{"0":"post-16613","1":"product","2":"type-product","3":"status-publish","4":"has-post-thumbnail","6":"product_cat-arm-cylinders","7":"product_tag-arm-cylinders","8":"product_tag-hydraulic-cylinders","10":"first","11":"instock","12":"shipping-taxable","13":"product-type-simple"},"amp_enabled":true,"_links":{"self":[{"href":"https:\/\/www.hydraulic-cylinders.net\/pl\/wp-json\/wp\/v2\/product\/16613","targetHints":{"allow":["GET"]}}],"collection":[{"href":"https:\/\/www.hydraulic-cylinders.net\/pl\/wp-json\/wp\/v2\/product"}],"about":[{"href":"https:\/\/www.hydraulic-cylinders.net\/pl\/wp-json\/wp\/v2\/types\/product"}],"replies":[{"embeddable":true,"href":"https:\/\/www.hydraulic-cylinders.net\/pl\/wp-json\/wp\/v2\/comments?post=16613"}],"wp:featuredmedia":[{"embeddable":true,"href":"https:\/\/www.hydraulic-cylinders.net\/pl\/wp-json\/wp\/v2\/media\/14766"}],"wp:attachment":[{"href":"https:\/\/www.hydraulic-cylinders.net\/pl\/wp-json\/wp\/v2\/media?parent=16613"}],"wp:term":[{"taxonomy":"product_brand","embeddable":true,"href":"https:\/\/www.hydraulic-cylinders.net\/pl\/wp-json\/wp\/v2\/product_brand?post=16613"},{"taxonomy":"product_cat","embeddable":true,"href":"https:\/\/www.hydraulic-cylinders.net\/pl\/wp-json\/wp\/v2\/product_cat?post=16613"},{"taxonomy":"product_tag","embeddable":true,"href":"https:\/\/www.hydraulic-cylinders.net\/pl\/wp-json\/wp\/v2\/product_tag?post=16613"}],"curies":[{"name":"wp","href":"https:\/\/api.w.org\/{rel}","templated":true}]}}