{"id":16614,"date":"2025-01-21T05:37:57","date_gmt":"2025-01-21T05:37:57","guid":{"rendered":"https:\/\/www.hydraulic-cylinders.net\/product\/arm-cylinder-for-bobcat-small-excavator-e26\/"},"modified":"2025-01-21T05:37:59","modified_gmt":"2025-01-21T05:37:59","slug":"arm-cylinder-for-bobcat-small-excavator-e26","status":"publish","type":"product","link":"https:\/\/www.hydraulic-cylinders.net\/pl\/produkt\/arm-cylinder-for-bobcat-small-excavator-e26\/","title":{"rendered":"Si\u0142ownik ramienia do ma\u0142ej koparki Bobcat E26"},"content":{"rendered":"<h1>Si\u0142ownik ramienia do ma\u0142ej koparki Bobcat E26<\/h1>\n<p>Si\u0142ownik ramienia to specjalnie zaprojektowany si\u0142ownik hydrauliczny, kt\u00f3ry zapewnia ruch liniowy i zasilanie ramion r\u00f3\u017cnych maszyn, takich jak koparki, d\u017awigi i ramiona robot\u00f3w. Odgrywa kluczow\u0105 rol\u0119 w uk\u0142adach hydraulicznych, umo\u017cliwiaj\u0105c wydajny ruch i sterowanie osprz\u0119tem lub akcesoriami. Si\u0142owniki te nie tylko zapewniaj\u0105 p\u0142ynny ruch, ale tak\u017ce wytrzymuj\u0105 du\u017ce obci\u0105\u017cenia, gwarantuj\u0105c wydajn\u0105 prac\u0119 i niezawodno\u015b\u0107 maszyn w r\u00f3\u017cnych warunkach pracy.<\/p>\n<h2>Definicja<\/h2>\n<p>Si\u0142ownik ramienia, znany r\u00f3wnie\u017c jako si\u0142ownik ramienia koparki lub si\u0142ownik ramienia hydraulicznego, to rodzaj si\u0142ownika hydraulicznego zaprojektowanego do zapewnienia ruchu prostoliniowego i zasilania ramion maszyn. Jest szeroko stosowany w koparkach, d\u017awigach i ramionach robot\u00f3w, aby u\u0142atwi\u0107 przemieszczanie i sterowanie dodatkowymi narz\u0119dziami lub osprz\u0119tem.<\/p>\n<h3>G\u0142\u00f3wne cechy<\/h3>\n<ul>\n<li><strong>Wysoka wydajno\u015b\u0107 transmisji:<\/strong> Si\u0142ownik ramienia jest w stanie zapewni\u0107 mocny ruch liniowy i si\u0142\u0119, gwarantuj\u0105c wysok\u0105 wydajno\u015b\u0107 i efektywno\u015b\u0107 podczas r\u00f3\u017cnych operacji.<\/li>\n<li><strong>Precyzyjna kontrola:<\/strong> Dzi\u0119ki uk\u0142adowi hydraulicznemu si\u0142ownik ramienia umo\u017cliwia precyzyjn\u0105 kontrol\u0119 ruchu, co sprawia, \u017ce \u200b\u200bobs\u0142uga osprz\u0119tu jest bardziej elastyczna i dok\u0142adna.<\/li>\n<li><strong>Trwa\u0142o\u015b\u0107:<\/strong> Cylindry ramienia s\u0105 zazwyczaj wykonane z materia\u0142\u00f3w o wysokiej wytrzyma\u0142o\u015bci, zapewniaj\u0105cych doskona\u0142\u0105 odporno\u015b\u0107 na zu\u017cycie i korozj\u0119, dzi\u0119ki czemu nadaj\u0105 si\u0119 do d\u0142ugotrwa\u0142ego u\u017cytkowania w trudnych warunkach.<\/li>\n<li><strong>Wielofunkcyjna adaptowalno\u015b\u0107:<\/strong> Cylindry te znajduj\u0105 szerokie zastosowanie w r\u00f3\u017cnych typach maszyn, takich jak koparki, d\u017awigi i ramiona robotyczne, kt\u00f3re odpowiadaj\u0105 r\u00f3\u017cnym wymaganiom operacyjnym.<\/li>\n<li><strong>\u0141atwa konserwacja:<\/strong> Zaprojektowane z my\u015bl\u0105 o \u0142atwej konserwacji i wymianie, cylindry ramion u\u0142atwiaj\u0105 okresowe kontrole i konserwacj\u0119, minimalizuj\u0105c przestoje sprz\u0119tu.<\/li>\n<\/ul>\n<p><img decoding=\"async\" src=\"https:\/\/www.hydraulic-cylinders.net\/wp-content\/uploads\/2025\/01\/songte-company-2.webp\"><\/p>\n<p>Mamy mo\u017cliwo\u015bci produkcji tego produktu, a nasze cylindry s\u0105 doskona\u0142ym zamiennikiem cylindr\u00f3w hydraulicznych.<\/p>\n<p><img decoding=\"async\" src=\"https:\/\/www.hydraulic-cylinders.net\/wp-content\/uploads\/2025\/01\/songte-oil-pipes-and-spare-parts.webp\"><\/p>\n<h2>Zastosowanie<\/h2>\n<p>Si\u0142ownik ramieniowy znajduje zastosowanie w r\u00f3\u017cnych ga\u0142\u0119ziach przemys\u0142u:<\/p>\n<h3>1. In\u017cynieria budowlana<\/h3>\n<p>W koparkach i d\u017awigach si\u0142ownik ramienia steruje ruchem \u0142y\u017cek lub wysi\u0119gnik\u00f3w podczas rob\u00f3t ziemnych, przenoszenia materia\u0142\u00f3w i instalacji konstrukcyjnych.<\/p>\n<h3>2. Przemys\u0142 wytw\u00f3rczy<\/h3>\n<p>W zautomatyzowanych liniach produkcyjnych si\u0142ownik ramienia u\u0142atwia ruch ramion robota podczas monta\u017cu, spawania i obs\u0142ugi materia\u0142\u00f3w, zwi\u0119kszaj\u0105c wydajno\u015b\u0107 i precyzj\u0119 produkcji.<\/p>\n<h3>3. Maszyny rolnicze<\/h3>\n<p>W maszynach rolniczych, takich jak kombajny i siewniki, si\u0142ownik ramienia steruje ruchem ramion roboczych podczas wykonywania takich zada\u0144, jak sadzenie, nawo\u017cenie i zbi\u00f3r.<\/p>\n<h3>4. G\u00f3rnictwo<\/h3>\n<p>W sprz\u0119cie g\u00f3rniczym si\u0142ownik ramienia steruje ruchem ramienia podczas wydobywania i transportu rudy.<\/p>\n<h3>5. Logistyka i transport<\/h3>\n<p>W w\u00f3zkach wid\u0142owych i robotach prze\u0142adunkowych si\u0142ownik ramienia steruje podnoszeniem i ruchem wide\u0142, umo\u017cliwiaj\u0105c przenoszenie i uk\u0142adanie materia\u0142\u00f3w.<\/p>\n<p><img decoding=\"async\" src=\"https:\/\/www.hydraulic-cylinders.net\/wp-content\/uploads\/2025\/01\/songte-chushion-collar.webp\"><\/p>\n<h2>Zagadnienia projektowe i kryteria wyboru<\/h2>\n<p>Przy wyborze i projektowaniu cylindr\u00f3w ramieniowych nale\u017cy wzi\u0105\u0107 pod uwag\u0119 kilka czynnik\u00f3w:<\/p>\n<h3>1. No\u015bno\u015b\u0107<\/h3>\n<p>Si\u0142ownik ramienia powinien by\u0107 w stanie ud\u017awign\u0105\u0107 spodziewane obci\u0105\u017cenia i zapewnia\u0107 wystarczaj\u0105c\u0105 si\u0142\u0119 do wykonywania zamierzonych zada\u0144.<\/p>\n<h3>2. Uszczelnienie<\/h3>\n<p>Aby zagwarantowa\u0107 w\u0142a\u015bciwe uszczelnienie i zapobiec przeciekom, nale\u017cy stosowa\u0107 r\u00f3\u017cne elementy uszczelniaj\u0105ce, takie jak uszczelki t\u0142okowe i uszczelki t\u0142oczyskowe.<\/p>\n<h3>3. Trwa\u0142o\u015b\u0107<\/h3>\n<p>Cylinder ramienia powinien by\u0107 wykonany z trwa\u0142ych materia\u0142\u00f3w o dobrej odporno\u015bci na zu\u017cycie i korozj\u0119, aby m\u00f3g\u0142 wytrzyma\u0107 trudne warunki pracy.<\/p>\n<h3>4. Bezpiecze\u0144stwo<\/h3>\n<p>Aby zapobiec wypadkom i zapewni\u0107 operatorowi dobre samopoczucie podczas pracy, konstrukcja maszyny powinna uwzgl\u0119dnia\u0107 elementy bezpiecze\u0144stwa.<\/p>\n<h3>5. Konserwacja<\/h3>\n<p>Projekt powinien uwzgl\u0119dnia\u0107 \u0142atwo\u015b\u0107 konserwacji i dost\u0119pno\u015b\u0107 w celu przeprowadzania przegl\u0105d\u00f3w i napraw, minimalizuj\u0105c przestoje i koszty serwisowania.<\/p>\n<p><img decoding=\"async\" src=\"https:\/\/www.hydraulic-cylinders.net\/wp-content\/uploads\/2025\/01\/songte-cylinder-head-with-all-kinds-excavator-models.webp\"><\/p>\n<h2>Uszczelnianie i smarowanie<\/h2>\n<p>Si\u0142ownik ramienia wykorzystuje r\u00f3\u017cnorodne elementy uszczelniaj\u0105ce, takie jak uszczelnienia t\u0142oka i t\u0142oczyska, wykonane z materia\u0142\u00f3w odpornych na zu\u017cycie, takich jak poliuretan i kauczuk nitrylowy. Korpus si\u0142ownika i gwintowane ko\u0144c\u00f3wki s\u0105 precyzyjnie obrobione w celu zwi\u0119kszenia odporno\u015bci na zu\u017cycie. Regularne smarowanie odpowiednim olejem hydraulicznym jest niezb\u0119dne dla zapewnienia p\u0142ynnej pracy.<\/p>\n<h2>Regularne kontrole i konserwacja zapobiegawcza<\/h2>\n<p>Aby zachowa\u0107 optymaln\u0105 wydajno\u015b\u0107 i przed\u0142u\u017cy\u0107 \u017cywotno\u015b\u0107 cylindra ramienia, nale\u017cy podj\u0105\u0107 nast\u0119puj\u0105ce \u015brodki:<\/p>\n<ul>\n<li>Regularnie sprawdzaj cylinder ramienia pod k\u0105tem oznak zu\u017cycia, uszkodzenia lub nieszczelno\u015bci.<\/li>\n<li>Utrzymuj cylinder i jego otoczenie w czysto\u015bci, aby zapobiec zanieczyszczeniu i zapewni\u0107 prawid\u0142owe dzia\u0142anie.<\/li>\n<li>Monitoruj poziom i jako\u015b\u0107 oleju hydraulicznego, wymieniaj lub uzupe\u0142niaj w razie potrzeby.<\/li>\n<li>Sprawd\u017a i dokr\u0119\u0107 wszystkie po\u0142\u0105czenia, aby zapobiec ich poluzowaniu lub wyciekom.<\/li>\n<li>Nale\u017cy przestrzega\u0107 zalece\u0144 producenta dotycz\u0105cych cz\u0119stotliwo\u015bci i procedur konserwacji.<\/li>\n<\/ul>\n<p><img decoding=\"async\" src=\"https:\/\/www.hydraulic-cylinders.net\/wp-content\/uploads\/2025\/01\/songte-bushings-with-all-kinds-of-excavator-models.webp\"><\/p>\n<h2>Zagadnienia bezpiecze\u0144stwa i czynniki \u015brodowiskowe<\/h2>\n<p>Podczas pracy z si\u0142ownikami ramieniowymi przestrzeganie zasad bezpiecze\u0144stwa jest kluczowe dla zapobiegania wypadkom. \u015arodki bezpiecze\u0144stwa obejmuj\u0105 odpowiednie przeszkolenie, noszenie odpowiedniego sprz\u0119tu ochrony osobistej (PPE) oraz przestrzeganie wytycznych bezpiecze\u0144stwa producenta. Dodatkowo, uwzgl\u0119dnienie czynnik\u00f3w \u015brodowiskowych, takich jak temperatura, wilgotno\u015b\u0107 i nara\u017cenie na substancje \u017cr\u0105ce, mo\u017ce pom\u00f3c w zapewnieniu trwa\u0142o\u015bci i wydajno\u015bci si\u0142ownika ramieniowego.<\/p>\n<h2>Rozwi\u0105zywanie problem\u00f3w i typowe problemy<\/h2>\n<p>W przypadku wyst\u0105pienia jakichkolwiek problem\u00f3w z cylindrem ramienia, poni\u017csze czynno\u015bci rozwi\u0105zywania problem\u00f3w mog\u0105 pom\u00f3c w zidentyfikowaniu i rozwi\u0105zaniu typowych problem\u00f3w:<\/p>\n<ul>\n<li>Je\u015bli si\u0142ownik ramienia nie wysuwa si\u0119 lub nie chowa, sprawd\u017a, czy nie dosz\u0142o do zablokowania uk\u0142adu hydraulicznego, niskiego poziomu oleju lub uszkodzenia uszczelek.<\/li>\n<li>W przypadku wyst\u0105pienia nietypowych ha\u0142as\u00f3w lub wibracji nale\u017cy sprawdzi\u0107, czy po\u0142\u0105czenia nie s\u0105 lu\u017ane, elementy zu\u017cyte lub czy nie wyst\u0119puje niewystarczaj\u0105ce smarowanie.<\/li>\n<li>W przypadku stwierdzenia nadmiernego wycieku nale\u017cy sprawdzi\u0107 uszczelki, po\u0142\u0105czenia i przewody hydrauliczne pod k\u0105tem uszkodze\u0144 lub zu\u017cycia.<\/li>\n<li>W przypadku jakichkolwiek innych problem\u00f3w lub w\u0105tpliwo\u015bci nale\u017cy zapozna\u0107 si\u0119 z instrukcj\u0105 producenta lub zwr\u00f3ci\u0107 si\u0119 o pomoc do specjalisty.<\/li>\n<\/ul>\n<p><img decoding=\"async\" src=\"https:\/\/www.hydraulic-cylinders.net\/wp-content\/uploads\/2025\/01\/songte-company-4.webp\"><img decoding=\"async\" src=\"https:\/\/www.hydraulic-cylinders.net\/wp-content\/uploads\/2025\/01\/songte-company-3.webp\"><\/p>\n<h2>O nas<\/h2>\n<p>Jeste\u015bmy profesjonalnym producentem zamiennych si\u0142ownik\u00f3w hydraulicznych, oferuj\u0105cym szerok\u0105 gam\u0119 produkt\u00f3w. Stali\u015bmy si\u0119 jednym z wiod\u0105cych producent\u00f3w i dystrybutor\u00f3w hurtowych na rynku krajowym i mi\u0119dzynarodowym. Kieruj\u0105c si\u0119 zasadami doskona\u0142o\u015bci i opieraj\u0105c si\u0119 na zindustrializowanych strategiach zarz\u0105dzania produkcj\u0105 w naszym nowoczesnym zak\u0142adzie produkcyjnym, stale doskonalimy nasze mo\u017cliwo\u015bci technologiczne i wydajno\u015b\u0107 produkcji. Wprowadzaj\u0105c wysokiej klasy cyfrowy sprz\u0119t produkcyjny i profesjonalne systemy testowe, optymalizujemy nasz\u0105 platform\u0119 produkcyjn\u0105 i udoskonalamy procesy kontroli jako\u015bci produkt\u00f3w, wykazuj\u0105c si\u0119 wysokim potencja\u0142em innowacyjnym. Naszym celem jest zaspokajanie zr\u00f3\u017cnicowanych potrzeb klient\u00f3w poprzez wydajno\u015b\u0107, precyzj\u0119 i wysok\u0105 jako\u015b\u0107 produkt\u00f3w.<\/p>\n<p>Nasza firma wyr\u00f3\u017cnia si\u0119:<\/p>\n<ul>\n<li>Profesjonalizm<\/li>\n<li>Certyfikaty mi\u0119dzynarodowe<\/li>\n<li>Us\u0142ugi personalizacji<\/li>\n<li>Sprz\u0119t produkcyjny klasy premium<\/li>\n<li>Us\u0142ugi posprzeda\u017cowe<\/li>\n<\/ul>\n<p><em>Autor: lyl<\/em><\/p>","protected":false},"excerpt":{"rendered":"<p>Arm Cylinder For Bobcat Small Excavator E26 Arm Cylinder is a specially designed hydraulic cylinder that provides linear motion and power to the arms of various machinery such as excavators, cranes, and robotic arms. It plays a crucial role in hydraulic systems, enabling efficient movement and control of attachments or accessories. These cylinders not only [&hellip;]<\/p>","protected":false},"featured_media":14763,"comment_status":"open","ping_status":"closed","template":"","meta":{"_et_pb_use_builder":"","_et_pb_old_content":"","_et_gb_content_width":""},"product_brand":[],"product_cat":[1497],"product_tag":[1498,1496],"class_list":{"0":"post-16614","1":"product","2":"type-product","3":"status-publish","4":"has-post-thumbnail","6":"product_cat-arm-cylinders","7":"product_tag-arm-cylinders","8":"product_tag-hydraulic-cylinders","10":"first","11":"instock","12":"shipping-taxable","13":"product-type-simple"},"amp_enabled":true,"_links":{"self":[{"href":"https:\/\/www.hydraulic-cylinders.net\/pl\/wp-json\/wp\/v2\/product\/16614","targetHints":{"allow":["GET"]}}],"collection":[{"href":"https:\/\/www.hydraulic-cylinders.net\/pl\/wp-json\/wp\/v2\/product"}],"about":[{"href":"https:\/\/www.hydraulic-cylinders.net\/pl\/wp-json\/wp\/v2\/types\/product"}],"replies":[{"embeddable":true,"href":"https:\/\/www.hydraulic-cylinders.net\/pl\/wp-json\/wp\/v2\/comments?post=16614"}],"wp:featuredmedia":[{"embeddable":true,"href":"https:\/\/www.hydraulic-cylinders.net\/pl\/wp-json\/wp\/v2\/media\/14763"}],"wp:attachment":[{"href":"https:\/\/www.hydraulic-cylinders.net\/pl\/wp-json\/wp\/v2\/media?parent=16614"}],"wp:term":[{"taxonomy":"product_brand","embeddable":true,"href":"https:\/\/www.hydraulic-cylinders.net\/pl\/wp-json\/wp\/v2\/product_brand?post=16614"},{"taxonomy":"product_cat","embeddable":true,"href":"https:\/\/www.hydraulic-cylinders.net\/pl\/wp-json\/wp\/v2\/product_cat?post=16614"},{"taxonomy":"product_tag","embeddable":true,"href":"https:\/\/www.hydraulic-cylinders.net\/pl\/wp-json\/wp\/v2\/product_tag?post=16614"}],"curies":[{"name":"wp","href":"https:\/\/api.w.org\/{rel}","templated":true}]}}