{"id":16619,"date":"2025-01-21T05:38:17","date_gmt":"2025-01-21T05:38:17","guid":{"rendered":"https:\/\/www.hydraulic-cylinders.net\/product\/arm-cylinder-for-bobcat-small-excavator-e324\/"},"modified":"2025-01-21T05:38:20","modified_gmt":"2025-01-21T05:38:20","slug":"arm-cylinder-for-bobcat-small-excavator-e324","status":"publish","type":"product","link":"https:\/\/www.hydraulic-cylinders.net\/pl\/produkt\/arm-cylinder-for-bobcat-small-excavator-e324\/","title":{"rendered":"Si\u0142ownik ramienia do ma\u0142ej koparki Bobcat E324"},"content":{"rendered":"<h2>Si\u0142ownik ramienia do ma\u0142ej koparki Bobcat E324<\/h2>\n<h3>Wst\u0119p<\/h3>\n<p>Si\u0142ownik ramienia to specjalnie zaprojektowany si\u0142ownik hydrauliczny, kt\u00f3ry s\u0142u\u017cy g\u0142\u00f3wnie do zapewnienia ruchu liniowego i zasilania r\u00f3\u017cnego rodzaju urz\u0105dze\u0144, takich jak koparki, d\u017awigi i ramiona robotyczne. Si\u0142ownik ramienia odgrywa kluczow\u0105 rol\u0119 w uk\u0142adach hydraulicznych, umo\u017cliwiaj\u0105c ruch osprz\u0119tu i akcesori\u00f3w oraz ich efektywne sterowanie. Si\u0142owniki te nie tylko zapewniaj\u0105 p\u0142ynny ruch, ale tak\u017ce wytrzymuj\u0105 du\u017ce obci\u0105\u017cenia, gwarantuj\u0105c wydajn\u0105 prac\u0119 i niezawodno\u015b\u0107 urz\u0105dze\u0144 w r\u00f3\u017cnych warunkach eksploatacyjnych.<\/p>\n<p><img decoding=\"async\" src=\"https:\/\/www.hydraulic-cylinders.net\/wp-content\/uploads\/2025\/01\/songte-company-2.webp\" alt=\"Obraz cylindra ramienia\"><\/p>\n<h3>Cechy<\/h3>\n<ul>\n<li><strong>Efektywne przenoszenie mocy:<\/strong> Cylindry ramienia zapewniaj\u0105 mocny ruch liniowy i si\u0142\u0119, gwarantuj\u0105c wysok\u0105 wydajno\u015b\u0107 sprz\u0119tu w r\u00f3\u017cnych operacjach.<\/li>\n<li><strong>Precyzyjna kontrola:<\/strong> Dzi\u0119ki uk\u0142adowi hydraulicznemu si\u0142owniki ramion zapewniaj\u0105 precyzyjn\u0105 kontrol\u0119 ruchu, co sprawia, \u017ce \u200b\u200bobs\u0142uga akcesori\u00f3w jest bardziej elastyczna i dok\u0142adna.<\/li>\n<li><strong>Wysoka wytrzyma\u0142o\u015b\u0107:<\/strong> Cylindry ramienia s\u0105 zazwyczaj wykonane z materia\u0142\u00f3w o wysokiej wytrzyma\u0142o\u015bci, kt\u00f3re charakteryzuj\u0105 si\u0119 dobr\u0105 odporno\u015bci\u0105 na zu\u017cycie i korozj\u0119, dzi\u0119ki czemu nadaj\u0105 si\u0119 do d\u0142ugotrwa\u0142ego u\u017cytkowania w trudnych warunkach.<\/li>\n<li><strong>Wielofunkcyjna adaptowalno\u015b\u0107:<\/strong> Cylindry te mog\u0105 by\u0107 szeroko stosowane w r\u00f3\u017cnych urz\u0105dzeniach mechanicznych, takich jak koparki, d\u017awigi i ramiona robotyczne, w celu dostosowania ich do r\u00f3\u017cnych potrzeb roboczych.<\/li>\n<li><strong>\u0141atwa konserwacja:<\/strong> Projekt zak\u0142ada \u0142atw\u0105 konserwacj\u0119 i wymian\u0119, dzi\u0119ki czemu regularne kontrole i konserwacje staj\u0105 si\u0119 wygodniejsze, a przestoje sprz\u0119tu zostaj\u0105 skr\u00f3cone.<\/li>\n<\/ul>\n<p>Nasze produkty mog\u0105 doskonale zast\u0105pi\u0107 te si\u0142owniki hydrauliczne.<\/p>\n<p><img decoding=\"async\" src=\"https:\/\/www.hydraulic-cylinders.net\/wp-content\/uploads\/2025\/01\/songte-oil-pipes-and-spare-parts.webp\" alt=\"Obraz produktu\"><\/p>\n<h3>Aplikacje<\/h3>\n<p>Cylindry ramieniowe mog\u0105 by\u0107 stosowane w r\u00f3\u017cnych ga\u0142\u0119ziach przemys\u0142u i zastosowaniach:<\/p>\n<ul>\n<li><strong>In\u017cynieria budowlana:<\/strong> Stosowane w koparkach i d\u017awigach do sterowania ruchem czerpak\u00f3w lub wysi\u0119gnik\u00f3w, wykonywania rob\u00f3t ziemnych, przenoszenia materia\u0142\u00f3w i instalacji konstrukcyjnych.<\/li>\n<li><strong>Produkcja:<\/strong> Stosowane w zautomatyzowanych liniach produkcyjnych w celu sterowania ruchem ramion robotycznych, wykonywania proces\u00f3w monta\u017cu, spawania i obs\u0142ugi, zwi\u0119kszania wydajno\u015bci i dok\u0142adno\u015bci produkcji.<\/li>\n<li><strong>Maszyny rolnicze:<\/strong> Stosowany w maszynach rolniczych, takich jak kombajny i siewniki, do sterowania ruchem ramion roboczych, wykonywania zada\u0144 zwi\u0105zanych z siewem, nawo\u017ceniem i zbiorami.<\/li>\n<li><strong>G\u00f3rnictwo:<\/strong> Stosowany w sprz\u0119cie g\u00f3rniczym do sterowania ruchem ramion sprz\u0119tu g\u00f3rniczego, wykonywania zada\u0144 zwi\u0105zanych z wydobywaniem minera\u0142\u00f3w i ich obs\u0142ug\u0105.<\/li>\n<li><strong>Logistyka i transport:<\/strong> Stosowane w w\u00f3zkach wid\u0142owych i robotach prze\u0142adunkowych do sterowania podnoszeniem i ruchem wide\u0142, realizacji transportu materia\u0142\u00f3w i ich uk\u0142adania.<\/li>\n<\/ul>\n<h3>Zagadnienia projektowe i standardy wyboru<\/h3>\n<p>Przy projektowaniu cylindr\u00f3w ramieniowych nale\u017cy wzi\u0105\u0107 pod uwag\u0119 nast\u0119puj\u0105ce czynniki:<\/p>\n<ul>\n<li><strong>No\u015bno\u015b\u0107:<\/strong> Cylindry ramion powinny mie\u0107 odpowiedni\u0105 no\u015bno\u015b\u0107, aby zapewni\u0107 stabiln\u0105 i bezpieczn\u0105 prac\u0119 urz\u0105dzenia w r\u00f3\u017cnych warunkach roboczych.<\/li>\n<li><strong>Opiecz\u0119towanie:<\/strong> Aby zapobiec wyciekom oleju hydraulicznego i zapewni\u0107 wydajn\u0105 prac\u0119 cylindra, nale\u017cy stosowa\u0107 r\u00f3\u017cne elementy uszczelniaj\u0105ce, takie jak uszczelki t\u0142okowe i uszczelki t\u0142oczyskowe.<\/li>\n<li><strong>Trwa\u0142o\u015b\u0107:<\/strong> Korpus cylindra i gwintowana powierzchnia ko\u0144cowa powinny zosta\u0107 poddane precyzyjnej obr\u00f3bce w celu zwi\u0119kszenia odporno\u015bci na zu\u017cycie i korozj\u0119, co zapewni d\u0142ugotrwa\u0142e u\u017cytkowanie w trudnych warunkach.<\/li>\n<li><strong>Bezpiecze\u0144stwo:<\/strong> Cylindry ramienia powinny by\u0107 wyposa\u017cone w zawory bezpiecze\u0144stwa i inne urz\u0105dzenia ochronne, aby zapobiec przeci\u0105\u017ceniu sprz\u0119tu i zagwarantowa\u0107 bezpieczn\u0105 prac\u0119.<\/li>\n<li><strong>Konserwacja:<\/strong> Cylindry ramienia powinny by\u0107 zaprojektowane w spos\u00f3b umo\u017cliwiaj\u0105cy \u0142atw\u0105 konserwacj\u0119 i wymian\u0119 podzespo\u0142\u00f3w, co skr\u00f3ci przestoje sprz\u0119tu i koszty konserwacji.<\/li>\n<\/ul>\n<p><img decoding=\"async\" src=\"https:\/\/www.hydraulic-cylinders.net\/wp-content\/uploads\/2025\/01\/songte-cylinder-head-with-all-kinds-excavator-models.webp\" alt=\"Rozwa\u017cania projektowe Obraz\"><\/p>\n<h3>Uszczelnianie i smarowanie<\/h3>\n<p>Aby zapobiec wyciekom oleju hydraulicznego, nale\u017cy stosowa\u0107 r\u00f3\u017cne elementy uszczelniaj\u0105ce, takie jak uszczelnienia t\u0142oka, t\u0142oczyska i zgarniacza. Elementy te powinny by\u0107 wykonane z materia\u0142\u00f3w odpornych na zu\u017cycie, takich jak poliuretan i kauczuk nitrylowy. Korpus cylindra i gwintowana powierzchnia ko\u0144cowa powinny by\u0107 precyzyjnie obrobione, aby zwi\u0119kszy\u0107 odporno\u015b\u0107 na zu\u017cycie i korozj\u0119. Aby zapewni\u0107 wydajn\u0105 prac\u0119, cylinder nale\u017cy regularnie smarowa\u0107 olejem hydraulicznym.<\/p>\n<h3>Konserwacja i naprawa<\/h3>\n<p>Regularne przegl\u0105dy i konserwacja zapobiegawcza mog\u0105 skutecznie skr\u00f3ci\u0107 przestoje sprz\u0119tu i obni\u017cy\u0107 koszty konserwacji. Nale\u017cy podj\u0105\u0107 nast\u0119puj\u0105ce dzia\u0142ania:<\/p>\n<ul>\n<li>Regularnie sprawdzaj uszczelki, pr\u0119ty i inne elementy cylindra i w razie konieczno\u015bci wymie\u0144 je.<\/li>\n<li>Sprawd\u017a, czy ilo\u015b\u0107 oleju hydraulicznego jest wystarczaj\u0105ca i regularnie go wymieniaj.<\/li>\n<li>Sprawd\u017a, czy cylinder dzia\u0142a prawid\u0142owo. Je\u015bli zauwa\u017cysz jakiekolwiek nieprawid\u0142owo\u015bci, dokonaj naprawy.<\/li>\n<\/ul>\n<p><img decoding=\"async\" src=\"https:\/\/www.hydraulic-cylinders.net\/wp-content\/uploads\/2025\/01\/songte-chushion-collar.webp\" alt=\"Obraz konserwacji i napraw\"><\/p>\n<h3>Przewodnik instalacji<\/h3>\n<p>Aby zamontowa\u0107 cylinder ramienia, nale\u017cy wykona\u0107 nast\u0119puj\u0105ce czynno\u015bci:<\/p>\n<ol>\n<li>Sprawd\u017a i wyczy\u015b\u0107 cz\u0119\u015bci instalacyjne, upewnij si\u0119, \u017ce s\u0105 p\u0142askie i czyste.<\/li>\n<li>Zamontuj cylinder i dokr\u0119\u0107 \u015bruby z wymaganym momentem obrotowym.<\/li>\n<li>Pod\u0142\u0105cz przewody oleju hydraulicznego i upewnij si\u0119, \u017ce s\u0105 pod\u0142\u0105czone prawid\u0142owo i bezpiecznie.<\/li>\n<li>Sprawd\u017a dzia\u0142anie cylindra i upewnij si\u0119, \u017ce dzia\u0142a prawid\u0142owo.<\/li>\n<\/ol>\n<p><img decoding=\"async\" src=\"https:\/\/www.hydraulic-cylinders.net\/wp-content\/uploads\/2025\/01\/songte-bushings-with-all-kinds-of-excavator-models.webp\" alt=\"Obraz przewodnika instalacji\"><\/p>\n<h3>Zagadnienia bezpiecze\u0144stwa i czynniki \u015brodowiskowe<\/h3>\n<p>Podczas stosowania cylindr\u00f3w ramieniowych nale\u017cy zachowa\u0107 nast\u0119puj\u0105ce \u015brodki bezpiecze\u0144stwa:<\/p>\n<ul>\n<li>U\u017cywaj cylindra w zakresie okre\u015blonym dla danego zakresu no\u015bno\u015bci, aby unikn\u0105\u0107 przeci\u0105\u017cenia.<\/li>\n<li>Aby zapobiec wypadkom spowodowanym awari\u0105 cylindra, nale\u017cy u\u017cywa\u0107 cylindra z odpowiednimi zabezpieczeniami.<\/li>\n<li>Aby zapewni\u0107 bezpieczn\u0105 eksploatacj\u0119 urz\u0105dzenia, nale\u017cy przestrzega\u0107 instrukcji obs\u0142ugi i regularnie przeprowadza\u0107 konserwacj\u0119 i naprawy.<\/li>\n<li>Zu\u017cyty olej hydrauliczny i inne materia\u0142y nale\u017cy utylizowa\u0107 w odpowiedni spos\u00f3b, aby nie dopu\u015bci\u0107 do zanieczyszczenia \u015brodowiska.<\/li>\n<\/ul>\n<h3>Rozwi\u0105zywanie problem\u00f3w i typowe problemy<\/h3>\n<p>Do typowych problem\u00f3w i rozwi\u0105za\u0144 dotycz\u0105cych cylindr\u00f3w ramienia nale\u017c\u0105:<\/p>\n<ul>\n<li><strong>Wyciek oleju:<\/strong> Mo\u017ce to by\u0107 spowodowane uszkodzonymi uszczelkami lub zarysowaniami na korpusie cylindra lub powierzchni t\u0142oczyska. Rozwi\u0105zaniem jest wymiana uszczelek lub naprawa uszkodzonej powierzchni.<\/li>\n<li><strong>Ha\u0142as nienormalny:<\/strong> Mo\u017ce to by\u0107 spowodowane nieprawid\u0142owym monta\u017cem lub zu\u017cyciem element\u00f3w, takich jak t\u0142oczyska i tuleje. Rozwi\u0105zaniem jest ponowny monta\u017c lub wymiana zu\u017cytych element\u00f3w.<\/li>\n<li><strong>Powolny ruch:<\/strong> Mo\u017ce to by\u0107 spowodowane niedoborem oleju hydraulicznego lub uszkodzeniem korpusu cylindra lub powierzchni t\u0142oczyska. Rozwi\u0105zaniem jest uzupe\u0142nienie oleju hydraulicznego lub naprawa uszkodzonej powierzchni.<\/li>\n<\/ul>\n<p>Do \u015brodk\u00f3w zapobiegawczych zalicza si\u0119 regularn\u0105 konserwacj\u0119 i kontrole, wymian\u0119 uszkodzonych podzespo\u0142\u00f3w oraz prawid\u0142owe u\u017cytkowanie i obs\u0142ug\u0119 w celu zminimalizowania potencjalnych problem\u00f3w.<\/p>\n<p><img decoding=\"async\" src=\"https:\/\/www.hydraulic-cylinders.net\/wp-content\/uploads\/2025\/01\/songte-company-4.webp\" alt=\"Obraz wprowadzaj\u0105cy firm\u0119\"><br \/>\n<img decoding=\"async\" src=\"https:\/\/www.hydraulic-cylinders.net\/wp-content\/uploads\/2025\/01\/songte-company-3.webp\" alt=\"Obraz wprowadzaj\u0105cy firm\u0119\"><\/p>\n<h3>O nas<\/h3>\n<p>Jeste\u015bmy profesjonalnym producentem zamiennych cylindr\u00f3w hydraulicznych, oferuj\u0105cym szerok\u0105 gam\u0119 produkt\u00f3w. Stali\u015bmy si\u0119 jednym z wiod\u0105cych producent\u00f3w i hurtowych dystrybutor\u00f3w cylindr\u00f3w hydraulicznych na rynku krajowym i mi\u0119dzynarodowym. Zawsze przestrzegamy zasady doskona\u0142ej jako\u015bci i opieramy si\u0119 na zindustrializowanych strategiach zarz\u0105dzania produkcj\u0105 w zaawansowanych warsztatach produkcyjnych, aby stale podnosi\u0107 poziom techniczny i wydajno\u015b\u0107 produkcji. Wprowadzaj\u0105c wysokiej klasy cyfrowy sprz\u0119t produkcyjny i profesjonalne systemy testowe, stale optymalizujemy platform\u0119 produkcyjn\u0105, usprawniamy proces kontroli jako\u015bci produkt\u00f3w i dysponujemy du\u017cym potencja\u0142em innowacyjnym. Naszym celem jest zaspokajanie zr\u00f3\u017cnicowanych potrzeb klient\u00f3w, kieruj\u0105c si\u0119 zasadami wydajno\u015bci, precyzji i wysokiej jako\u015bci.<\/p>\n<p>Nasza firma zapewnia us\u0142ugi dostosowane do indywidualnych potrzeb, mi\u0119dzynarodowe certyfikaty, profesjonalne wsparcie techniczne, zaawansowany sprz\u0119t produkcyjny i wysokiej jako\u015bci obs\u0142ug\u0119 posprzeda\u017cow\u0105, aby zapewni\u0107 klientom najlepsze produkty i us\u0142ugi.<\/p>\n<p>Autor: lyl<\/p>","protected":false},"excerpt":{"rendered":"<p>Arm Cylinder For Bobcat Small Excavator E324 Introduction An arm cylinder is a specially designed hydraulic cylinder that is primarily used to provide linear motion and power for various types of equipment, such as excavators, cranes, and robotic arms. The arm cylinder plays a crucial role in hydraulic systems, allowing attachments or accessories to move [&hellip;]<\/p>","protected":false},"featured_media":14777,"comment_status":"open","ping_status":"closed","template":"","meta":{"_et_pb_use_builder":"","_et_pb_old_content":"","_et_gb_content_width":""},"product_brand":[],"product_cat":[1497],"product_tag":[1498,1496],"class_list":{"0":"post-16619","1":"product","2":"type-product","3":"status-publish","4":"has-post-thumbnail","6":"product_cat-arm-cylinders","7":"product_tag-arm-cylinders","8":"product_tag-hydraulic-cylinders","10":"first","11":"instock","12":"shipping-taxable","13":"product-type-simple"},"amp_enabled":true,"_links":{"self":[{"href":"https:\/\/www.hydraulic-cylinders.net\/pl\/wp-json\/wp\/v2\/product\/16619","targetHints":{"allow":["GET"]}}],"collection":[{"href":"https:\/\/www.hydraulic-cylinders.net\/pl\/wp-json\/wp\/v2\/product"}],"about":[{"href":"https:\/\/www.hydraulic-cylinders.net\/pl\/wp-json\/wp\/v2\/types\/product"}],"replies":[{"embeddable":true,"href":"https:\/\/www.hydraulic-cylinders.net\/pl\/wp-json\/wp\/v2\/comments?post=16619"}],"wp:featuredmedia":[{"embeddable":true,"href":"https:\/\/www.hydraulic-cylinders.net\/pl\/wp-json\/wp\/v2\/media\/14777"}],"wp:attachment":[{"href":"https:\/\/www.hydraulic-cylinders.net\/pl\/wp-json\/wp\/v2\/media?parent=16619"}],"wp:term":[{"taxonomy":"product_brand","embeddable":true,"href":"https:\/\/www.hydraulic-cylinders.net\/pl\/wp-json\/wp\/v2\/product_brand?post=16619"},{"taxonomy":"product_cat","embeddable":true,"href":"https:\/\/www.hydraulic-cylinders.net\/pl\/wp-json\/wp\/v2\/product_cat?post=16619"},{"taxonomy":"product_tag","embeddable":true,"href":"https:\/\/www.hydraulic-cylinders.net\/pl\/wp-json\/wp\/v2\/product_tag?post=16619"}],"curies":[{"name":"wp","href":"https:\/\/api.w.org\/{rel}","templated":true}]}}