{"id":16624,"date":"2025-01-21T05:38:41","date_gmt":"2025-01-21T05:38:41","guid":{"rendered":"https:\/\/www.hydraulic-cylinders.net\/product\/arm-cylinder-for-bobcat-small-excavator-e85\/"},"modified":"2025-01-21T05:38:43","modified_gmt":"2025-01-21T05:38:43","slug":"arm-cylinder-for-bobcat-small-excavator-e85","status":"publish","type":"product","link":"https:\/\/www.hydraulic-cylinders.net\/pl\/produkt\/arm-cylinder-for-bobcat-small-excavator-e85\/","title":{"rendered":"Si\u0142ownik ramienia do ma\u0142ej koparki Bobcat E85"},"content":{"rendered":"<h2>Si\u0142ownik ramienia do ma\u0142ej koparki Bobcat E85<\/h2>\n<h3>Wst\u0119p<\/h3>\n<p>Si\u0142ownik ramienia, znany r\u00f3wnie\u017c jako si\u0142ownik hydrauliczny, to specjalnie zaprojektowany si\u0142ownik hydrauliczny, kt\u00f3ry zapewnia ruch liniowy i zasilanie ramion r\u00f3\u017cnych maszyn, takich jak koparki, d\u017awigi i ramiona robot\u00f3w. Si\u0142ownik ramienia odgrywa kluczow\u0105 rol\u0119 w uk\u0142adach hydraulicznych, umo\u017cliwiaj\u0105c ruch i sterowanie osprz\u0119tem lub akcesoriami. Si\u0142owniki te nie tylko zapewniaj\u0105 p\u0142ynny ruch, ale tak\u017ce wytrzymuj\u0105 du\u017ce obci\u0105\u017cenia, gwarantuj\u0105c wydajn\u0105 prac\u0119 i niezawodno\u015b\u0107 maszyn w r\u00f3\u017cnych warunkach eksploatacyjnych.<\/p>\n<p><img decoding=\"async\" src=\"https:\/\/www.hydraulic-cylinders.net\/wp-content\/uploads\/2025\/01\/songte-company-2.webp\" alt=\"Obraz cylindra ramienia\" \/><\/p>\n<h3>Cechy<\/h3>\n<ul>\n<li><strong>Wysoka wydajno\u015b\u0107 przesy\u0142u mocy:<\/strong> Si\u0142ownik ramienia mo\u017ce zapewni\u0107 mocny ruch liniowy i si\u0142\u0119, gwarantuj\u0105c wysok\u0105 wydajno\u015b\u0107 ramienia maszyny podczas r\u00f3\u017cnych operacji.<\/li>\n<li><strong>Precyzyjna kontrola:<\/strong> Dzi\u0119ki uk\u0142adom hydraulicznym si\u0142ownik ramienia mo\u017ce uzyska\u0107 precyzyjn\u0105 kontrol\u0119 ruchu, co sprawia, \u017ce \u200b\u200bpraca pod\u0142\u0105czonych narz\u0119dzi jest bardziej elastyczna i dok\u0142adna.<\/li>\n<li><strong>Wytrzyma\u0142y:<\/strong> Cylindry ramienia s\u0105 zazwyczaj wykonane z materia\u0142\u00f3w o wysokiej wytrzyma\u0142o\u015bci i charakteryzuj\u0105 si\u0119 dobr\u0105 odporno\u015bci\u0105 na zu\u017cycie i korozj\u0119, dzi\u0119ki czemu nadaj\u0105 si\u0119 do d\u0142ugotrwa\u0142ego u\u017cytkowania w trudnych warunkach.<\/li>\n<li><strong>Wielofunkcyjna adaptowalno\u015b\u0107:<\/strong> Cylindry te mog\u0105 by\u0107 szeroko stosowane w r\u00f3\u017cnych urz\u0105dzeniach mechanicznych, takich jak koparki, d\u017awigi i ramiona robotyczne, dostosowuj\u0105c si\u0119 do r\u00f3\u017cnych wymaga\u0144 roboczych.<\/li>\n<li><strong>\u0141atwa konserwacja:<\/strong> Zaprojektowane z my\u015bl\u0105 o \u0142atwej konserwacji i wymianie, regularne kontrole i konserwacje staj\u0105 si\u0119 wygodniejsze, redukuj\u0105c przestoje sprz\u0119tu.<\/li>\n<\/ul>\n<p>Jeste\u015bmy w stanie wyprodukowa\u0107 ten produkt i zaoferowa\u0107 doskona\u0142y zamiennik dla tych cylindr\u00f3w hydraulicznych.<\/p>\n<p><img decoding=\"async\" src=\"https:\/\/www.hydraulic-cylinders.net\/wp-content\/uploads\/2025\/01\/songte-oil-pipes-and-spare-parts.webp\" alt=\"Obraz cz\u0119\u015bci cylindra hydraulicznego\" \/><\/p>\n<h3>Zastosowanie<\/h3>\n<p>Cylindry ramieniowe maj\u0105 r\u00f3\u017cnorodne zastosowania w r\u00f3\u017cnych ga\u0142\u0119ziach przemys\u0142u:<\/p>\n<ul>\n<li><strong>In\u017cynieria budowlana:<\/strong> Si\u0142owniki ramieniowe stosowane s\u0105 w koparkach i d\u017awigach do sterowania ruchem \u0142y\u017cek lub wysi\u0119gnik\u00f3w podczas rob\u00f3t ziemnych, przenoszenia materia\u0142\u00f3w i instalacji konstrukcyjnych.<\/li>\n<li><strong>Produkcja:<\/strong> W zautomatyzowanych liniach produkcyjnych si\u0142owniki ramion s\u0142u\u017c\u0105 do poruszania ramionami robot\u00f3w podczas proces\u00f3w monta\u017cu, spawania i obs\u0142ugi, zwi\u0119kszaj\u0105c wydajno\u015b\u0107 i precyzj\u0119 produkcji.<\/li>\n<li><strong>Maszyny rolnicze:<\/strong> Cylindry ramion steruj\u0105 ruchem ramion roboczych w maszynach rolniczych, takich jak kombajny i siewniki, wykonuj\u0105cych zadania takie jak sadzenie, nawo\u017cenie i zbi\u00f3r.<\/li>\n<li><strong>G\u00f3rnictwo:<\/strong> Cylindry ramieniowe stosowane s\u0105 w sprz\u0119cie g\u00f3rniczym do sterowania ruchem ramion sprz\u0119tu g\u00f3rniczego wykorzystywanego do wydobywania i transportu minera\u0142\u00f3w.<\/li>\n<li><strong>Logistyka i transport:<\/strong> W w\u00f3zkach wid\u0142owych i robotach prze\u0142adunkowych si\u0142owniki ramion steruj\u0105 podnoszeniem i ruchem wide\u0142 podczas przenoszenia i uk\u0142adania materia\u0142\u00f3w.<\/li>\n<\/ul>\n<h3>Zagadnienia projektowe i kryteria wyboru<\/h3>\n<p>Z perspektywy projektowania nale\u017cy wzi\u0105\u0107 pod uwag\u0119 nast\u0119puj\u0105ce kryteria:<\/p>\n<ul>\n<li><strong>No\u015bno\u015b\u0107:<\/strong> Si\u0142owniki hydrauliczne musz\u0105 by\u0107 zaprojektowane w taki spos\u00f3b, aby mog\u0142y wytrzyma\u0107 obci\u0105\u017cenia robocze maszyn.<\/li>\n<li><strong>Opiecz\u0119towanie:<\/strong> Cylindry hydrauliczne musz\u0105 by\u0107 odpowiednio uszczelnione, aby zapobiec wyciekom i utrzyma\u0107 ci\u015bnienie.<\/li>\n<li><strong>Trwa\u0142o\u015b\u0107:<\/strong> Cylindry hydrauliczne powinny by\u0107 wykonane z materia\u0142\u00f3w odpornych na zu\u017cycie i korozj\u0119.<\/li>\n<li><strong>Bezpiecze\u0144stwo:<\/strong> Si\u0142owniki hydrauliczne musz\u0105 by\u0107 zaprojektowane tak, aby zapobiega\u0107 wypadkom i gwarantowa\u0107 bezpiecze\u0144stwo personelu i sprz\u0119tu.<\/li>\n<li><strong>Utrzymywalno\u015b\u0107:<\/strong> Cylindry hydrauliczne powinny by\u0107 zaprojektowane w spos\u00f3b umo\u017cliwiaj\u0105cy \u0142atw\u0105 konserwacj\u0119 i wymian\u0119 cz\u0119\u015bci, co skr\u00f3ci przestoje.<\/li>\n<\/ul>\n<p><img decoding=\"async\" src=\"https:\/\/www.hydraulic-cylinders.net\/wp-content\/uploads\/2025\/01\/songte-cylinder-head-with-all-kinds-excavator-models.webp\" alt=\"Obraz g\u0142owicy cylindra\" \/><\/p>\n<h3>Uszczelnianie i smarowanie<\/h3>\n<p>W cylindrach hydraulicznych stosowane s\u0105 r\u00f3\u017cne elementy uszczelniaj\u0105ce, takie jak uszczelnienia t\u0142ok\u00f3w i t\u0142oczysk. Uszczelnienia te wykonane s\u0105 z materia\u0142\u00f3w odpornych na zu\u017cycie, takich jak poliuretan i kauczuk nitrylowy. Korpus cylindra i powierzchnia gwintu s\u0105 precyzyjnie obrobione, aby zwi\u0119kszy\u0107 odporno\u015b\u0107 na zu\u017cycie. Regularne smarowanie odpowiedni\u0105 ilo\u015bci\u0105 oleju hydraulicznego jest r\u00f3wnie\u017c niezb\u0119dne do utrzymania prawid\u0142owego dzia\u0142ania.<\/p>\n<h3>Kontrola i \u015brodki konserwacji zapobiegawczej<\/h3>\n<p>Regularne kontrole i konserwacja zapobiegawcza s\u0105 niezb\u0119dne dla zapewnienia prawid\u0142owego dzia\u0142ania cylindr\u00f3w hydraulicznych. Nale\u017cy podj\u0105\u0107 nast\u0119puj\u0105ce dzia\u0142ania:<\/p>\n<ul>\n<li><strong>Regularna kontrola korpusu cylindra, t\u0142oczyska i uszczelnie\u0144:<\/strong> Dzi\u0119ki temu mo\u017cna mie\u0107 pewno\u015b\u0107, \u017ce si\u0142ownik hydrauliczny jest w dobrym stanie, a wszelkie problemy zostan\u0105 wykryte wcze\u015bnie.<\/li>\n<li><strong>Wymiana zu\u017cytych uszczelek:<\/strong> Zapobiega to wyciekom i utrzymuje ci\u015bnienie hydrauliczne.<\/li>\n<li><strong>Regularne smarowanie:<\/strong> Zapewnia to prawid\u0142owe funkcjonowanie i wyd\u0142u\u017ca \u017cywotno\u015b\u0107 si\u0142ownika hydraulicznego.<\/li>\n<\/ul>\n<p>\u015arodki te mog\u0105 pom\u00f3c ograniczy\u0107 wyst\u0119powanie problem\u00f3w i wyd\u0142u\u017cy\u0107 \u017cywotno\u015b\u0107 cylindr\u00f3w hydraulicznych.<\/p>\n<p><img decoding=\"async\" src=\"https:\/\/www.hydraulic-cylinders.net\/wp-content\/uploads\/2025\/01\/songte-chushion-collar.webp\" alt=\"Obraz ko\u0142nierza poduszkowego\" \/><\/p>\n<h3>Przewodnik instalacji<\/h3>\n<p>Prawid\u0142owy monta\u017c ma kluczowe znaczenie dla prawid\u0142owego dzia\u0142ania si\u0142ownik\u00f3w hydraulicznych. Nale\u017cy wykona\u0107 nast\u0119puj\u0105ce czynno\u015bci:<\/p>\n<ul>\n<li><strong>Wyczy\u015b\u0107 powierzchni\u0119 instalacyjn\u0105:<\/strong> Dzi\u0119ki temu mo\u017cna mie\u0107 pewno\u015b\u0107, \u017ce nie ma tam brudu ani zanieczyszcze\u0144, kt\u00f3re mog\u0142yby zak\u0142\u00f3ci\u0107 monta\u017c.<\/li>\n<li><strong>Zamontuj cylinder:<\/strong> Upewnij si\u0119, \u017ce cylinder jest prawid\u0142owo zamontowany na uchwycie i pod\u0142\u0105czony do uk\u0142adu hydraulicznego.<\/li>\n<li><strong>Sprawd\u017a uszczelki:<\/strong> Upewnij si\u0119, \u017ce uszczelki s\u0105 prawid\u0142owo zamontowane i w dobrym stanie.<\/li>\n<li><strong>Smarowa\u0107:<\/strong> Lubricate the cylinder according to the manufacturer&#8217;s instructions.<\/li>\n<li><strong>Sprawd\u017a dzia\u0142anie:<\/strong> Sprawd\u017a dzia\u0142anie cylindra, aby mie\u0107 pewno\u015b\u0107, \u017ce dzia\u0142a prawid\u0142owo.<\/li>\n<\/ul>\n<p><img decoding=\"async\" src=\"https:\/\/www.hydraulic-cylinders.net\/wp-content\/uploads\/2025\/01\/songte-bushings-with-all-kinds-of-excavator-models.webp\" alt=\"Obraz tulei\" \/><\/p>\n<h3>Zagadnienia bezpiecze\u0144stwa i czynniki \u015brodowiskowe<\/h3>\n<p>U\u017cytkowanie cylindr\u00f3w hydraulicznych wymaga przestrzegania zasad i przepis\u00f3w bezpiecze\u0144stwa. Aby zminimalizowa\u0107 ryzyko wypadk\u00f3w, nale\u017cy wdro\u017cy\u0107 \u015brodki bezpiecze\u0144stwa, takie jak odpowiednie szkolenia, regularne przegl\u0105dy i konserwacja zapobiegawcza. Nale\u017cy r\u00f3wnie\u017c uwzgl\u0119dni\u0107 czynniki \u015brodowiskowe, takie jak temperatura i wilgotno\u015b\u0107, poniewa\u017c mog\u0105 one wp\u0142ywa\u0107 na wydajno\u015b\u0107 cylindr\u00f3w hydraulicznych.<\/p>\n<h3>Rozwi\u0105zywanie problem\u00f3w i typowe problemy<\/h3>\n<p>Do typowych problem\u00f3w, kt\u00f3re mog\u0105 wyst\u0105pi\u0107 w przypadku cylindr\u00f3w hydraulicznych, nale\u017c\u0105 nieszczelno\u015bci, niedostateczne ci\u015bnienie i dryft cylindra. Aby rozwi\u0105za\u0107 te problemy, nale\u017cy rozwa\u017cy\u0107 poni\u017csze wskaz\u00f3wki i rozwi\u0105zania:<\/p>\n<ul>\n<li><strong>Przeciek:<\/strong> Wyciek mo\u017ce wyst\u0105pi\u0107 z powodu uszkodzonych uszczelek lub niedostatecznego dokr\u0119cenia przy\u0142\u0105czy. W razie potrzeby wymie\u0144 uszczelki lub dokr\u0119\u0107 przy\u0142\u0105czy.<\/li>\n<li><strong>Niedostateczne ci\u015bnienie:<\/strong> Niedostateczne ci\u015bnienie mo\u017ce by\u0107 spowodowane niesprawn\u0105 pomp\u0105 lub zatkanymi filtrami. Sprawd\u017a pomp\u0119 i filtry i wyczy\u015b\u0107 je lub wymie\u0144 w razie potrzeby.<\/li>\n<li><strong>Dryf cylindra:<\/strong> Dryft cylindra mo\u017ce wyst\u0105pi\u0107 z powodu niskiego ci\u015bnienia hydraulicznego lub uszkodzonego uszczelnienia t\u0142oka. Sprawd\u017a ci\u015bnienie hydrauliczne i w razie potrzeby wymie\u0144 uszczelnienie t\u0142oka.<\/li>\n<\/ul>\n<p>\u015arodki zapobiegawcze, takie jak regularne kontrole i konserwacje, r\u00f3wnie\u017c mog\u0105 pom\u00f3c w zmniejszeniu cz\u0119stotliwo\u015bci wyst\u0119powania tych problem\u00f3w.<\/p>\n<p><img decoding=\"async\" src=\"https:\/\/www.hydraulic-cylinders.net\/wp-content\/uploads\/2025\/01\/songte-company-4.webp\" alt=\"Wizerunek firmy\" \/><\/p>\n<h3>O nas<\/h3>\n<p>We are a professional replacement hydraulic cylinder manufacturer with a wide range of products. We have become one of the leading hydraulic cylinder manufacturers and wholesale distributors in the domestic and international markets. We always adhere to the principle of excellent quality, relying on industrialized production management strategies in fine manufacturing workshops, constantly improving our technical level and production efficiency. By introducing high-end digital manufacturing equipment and professional testing systems, we continuously optimize our manufacturing platform, improve our product quality control processes, and possess strong innovation capabilities. Our goal is to satisfy customers&#8217; diverse needs with high efficiency, precision, and high quality.<\/p>\n<p>Oferujemy naszym klientom profesjonaln\u0105 wiedz\u0119 specjalistyczn\u0105, mi\u0119dzynarodowe certyfikaty, us\u0142ugi dostosowane do ich potrzeb, sprz\u0119t produkcyjny i serwis posprzeda\u017cowy.<\/p>\n<p><img decoding=\"async\" src=\"https:\/\/www.hydraulic-cylinders.net\/wp-content\/uploads\/2025\/01\/songte-company-3.webp\" alt=\"Wizerunek firmy\" \/><\/p>\n<p>Autor: lyl<\/p>","protected":false},"excerpt":{"rendered":"<p>Arm Cylinder For Bobcat Small Excavator E85 Introduction The arm cylinder, also known as hydraulic cylinder, is a specially designed hydraulic actuator used to provide linear motion and power to the arms of various machinery such as excavators, cranes and robotic arms. The arm cylinder plays a critical role in hydraulic systems, enabling the movement [&hellip;]<\/p>","protected":false},"featured_media":14763,"comment_status":"open","ping_status":"closed","template":"","meta":{"_et_pb_use_builder":"","_et_pb_old_content":"","_et_gb_content_width":""},"product_brand":[],"product_cat":[1497],"product_tag":[1498,1496],"class_list":{"0":"post-16624","1":"product","2":"type-product","3":"status-publish","4":"has-post-thumbnail","6":"product_cat-arm-cylinders","7":"product_tag-arm-cylinders","8":"product_tag-hydraulic-cylinders","10":"first","11":"instock","12":"shipping-taxable","13":"product-type-simple"},"amp_enabled":true,"_links":{"self":[{"href":"https:\/\/www.hydraulic-cylinders.net\/pl\/wp-json\/wp\/v2\/product\/16624","targetHints":{"allow":["GET"]}}],"collection":[{"href":"https:\/\/www.hydraulic-cylinders.net\/pl\/wp-json\/wp\/v2\/product"}],"about":[{"href":"https:\/\/www.hydraulic-cylinders.net\/pl\/wp-json\/wp\/v2\/types\/product"}],"replies":[{"embeddable":true,"href":"https:\/\/www.hydraulic-cylinders.net\/pl\/wp-json\/wp\/v2\/comments?post=16624"}],"wp:featuredmedia":[{"embeddable":true,"href":"https:\/\/www.hydraulic-cylinders.net\/pl\/wp-json\/wp\/v2\/media\/14763"}],"wp:attachment":[{"href":"https:\/\/www.hydraulic-cylinders.net\/pl\/wp-json\/wp\/v2\/media?parent=16624"}],"wp:term":[{"taxonomy":"product_brand","embeddable":true,"href":"https:\/\/www.hydraulic-cylinders.net\/pl\/wp-json\/wp\/v2\/product_brand?post=16624"},{"taxonomy":"product_cat","embeddable":true,"href":"https:\/\/www.hydraulic-cylinders.net\/pl\/wp-json\/wp\/v2\/product_cat?post=16624"},{"taxonomy":"product_tag","embeddable":true,"href":"https:\/\/www.hydraulic-cylinders.net\/pl\/wp-json\/wp\/v2\/product_tag?post=16624"}],"curies":[{"name":"wp","href":"https:\/\/api.w.org\/{rel}","templated":true}]}}