{"id":16632,"date":"2025-01-21T05:39:12","date_gmt":"2025-01-21T05:39:12","guid":{"rendered":"https:\/\/www.hydraulic-cylinders.net\/product\/arm-cylinder-for-kubota-small-excavator-u-161-3s\/"},"modified":"2025-01-21T05:39:14","modified_gmt":"2025-01-21T05:39:14","slug":"arm-cylinder-for-kubota-small-excavator-u-161-3s","status":"publish","type":"product","link":"https:\/\/www.hydraulic-cylinders.net\/pl\/produkt\/arm-cylinder-for-kubota-small-excavator-u-161-3s\/","title":{"rendered":"Si\u0142ownik ramienia do ma\u0142ej koparki Kubota U-161-3S"},"content":{"rendered":"<h2>Si\u0142ownik ramienia do ma\u0142ej koparki Kubota U-161-3S<\/h2>\n<p>Si\u0142ownik ramienia do ma\u0142ej koparki Kubota U-161-3S to si\u0142ownik hydrauliczny zaprojektowany specjalnie do zapewnienia ruchu liniowego i zasilania ramienia r\u00f3\u017cnego rodzaju maszyn, takich jak koparki, d\u017awigi i ramiona robotyczne. Si\u0142ownik ramienia odgrywa kluczow\u0105 rol\u0119 w uk\u0142adach hydraulicznych, umo\u017cliwiaj\u0105c wydajny ruch i sterowanie dodatkowymi narz\u0119dziami lub osprz\u0119tem. Si\u0142owniki te nie tylko zapewniaj\u0105 p\u0142ynny ruch, ale tak\u017ce wytrzymuj\u0105 du\u017ce obci\u0105\u017cenia, gwarantuj\u0105c wydajn\u0105 prac\u0119 i niezawodno\u015b\u0107 maszyn w r\u00f3\u017cnych warunkach pracy.<\/p>\n<p><img decoding=\"async\" src=\"https:\/\/www.hydraulic-cylinders.net\/wp-content\/uploads\/2025\/01\/songte-company-2.webp\" alt=\"Cylinder ramienia\"><\/p>\n<h2>Cechy cylindra ramienia<\/h2>\n<ul>\n<li>Wysoce wydajna przek\u0142adnia: Cylinder ramienia zapewnia mocny ruch liniowy i si\u0142\u0119, gwarantuj\u0105c wysok\u0105 wydajno\u015b\u0107 ramienia maszyny podczas r\u00f3\u017cnych operacji.<\/li>\n<li>Precyzyjna kontrola: Dzi\u0119ki uk\u0142adowi hydraulicznemu si\u0142ownik ramienia umo\u017cliwia precyzyjn\u0105 kontrol\u0119 ruchu, co sprawia, \u017ce \u200b\u200bobs\u0142uga dodatkowych narz\u0119dzi jest bardziej elastyczna i dok\u0142adna.<\/li>\n<li>Wysoka trwa\u0142o\u015b\u0107: Cylindry ramienia s\u0105 zazwyczaj wykonane z materia\u0142\u00f3w o wysokiej wytrzyma\u0142o\u015bci, zapewniaj\u0105cych doskona\u0142\u0105 odporno\u015b\u0107 na zu\u017cycie i korozj\u0119, dzi\u0119ki czemu nadaj\u0105 si\u0119 do d\u0142ugotrwa\u0142ego u\u017cytkowania w trudnych warunkach.<\/li>\n<li>Wielofunkcyjna adaptowalno\u015b\u0107: Te cylindry mo\u017cna szeroko stosowa\u0107 w r\u00f3\u017cnych typach maszyn, takich jak koparki, d\u017awigi i ramiona robotyczne, dostosowuj\u0105c si\u0119 do r\u00f3\u017cnych wymaga\u0144 roboczych.<\/li>\n<li>\u0141atwa konserwacja: Zaprojektowany z my\u015bl\u0105 o konserwacji i wymianie si\u0142ownik ramienia umo\u017cliwia wygodne regularne kontrole i prace konserwacyjne, redukuj\u0105c przestoje sprz\u0119tu.<\/li>\n<\/ul>\n<p><img decoding=\"async\" src=\"https:\/\/www.hydraulic-cylinders.net\/wp-content\/uploads\/2025\/01\/songte-oil-pipes-and-spare-parts.webp\" alt=\"Rury olejowe i cz\u0119\u015bci zamienne\"><\/p>\n<h2>Zastosowania cylindra ramienia<\/h2>\n<p>Si\u0142ownik ramienia do ma\u0142ej koparki Kubota U-161-3S znajduje zastosowanie w r\u00f3\u017cnych ga\u0142\u0119ziach przemys\u0142u:<\/p>\n<ol>\n<li>In\u017cynieria budowlana: W koparkach i d\u017awigach si\u0142ownik ramienia steruje ruchem \u0142y\u017cki lub wysi\u0119gnika, u\u0142atwiaj\u0105c prace ziemne, przenoszenie materia\u0142\u00f3w i monta\u017c konstrukcji.<\/li>\n<li>Przemys\u0142 wytw\u00f3rczy: W zautomatyzowanych liniach produkcyjnych si\u0142ownik ramienia s\u0142u\u017cy do poruszania ramionami robota, umo\u017cliwiaj\u0105c realizacj\u0119 proces\u00f3w takich jak monta\u017c, spawanie i obs\u0142uga materia\u0142\u00f3w, zwi\u0119kszaj\u0105c wydajno\u015b\u0107 i dok\u0142adno\u015b\u0107 produkcji.<\/li>\n<li>Maszyny rolnicze: W sprz\u0119cie rolniczym, takim jak kombajny i siewniki, si\u0142ownik ramienia steruje ruchem ramienia roboczego podczas wykonywania takich zada\u0144, jak siew, nawo\u017cenie i zbi\u00f3r.<\/li>\n<li>G\u00f3rnictwo: W sprz\u0119cie g\u00f3rniczym si\u0142ownik ramienia steruje ruchem ramienia maszyny g\u00f3rniczej, umo\u017cliwiaj\u0105c wydobycie i transport rudy.<\/li>\n<li>Logistyka i transport: W w\u00f3zkach wid\u0142owych i robotach prze\u0142adunkowych si\u0142ownik ramienia steruje podnoszeniem i ruchem wide\u0142, u\u0142atwiaj\u0105c transport i uk\u0142adanie materia\u0142\u00f3w.<\/li>\n<\/ol>\n<h2>Zagadnienia projektowe i kryteria wyboru<\/h2>\n<p>Projektuj\u0105c si\u0142ownik ramienia do ma\u0142ej koparki Kubota U-161-3S, nale\u017cy wzi\u0105\u0107 pod uwag\u0119 kilka kluczowych czynnik\u00f3w:<\/p>\n<ul>\n<li>No\u015bno\u015b\u0107: Cylinder powinien by\u0107 zaprojektowany tak, aby wytrzyma\u0107 zamierzone obci\u0105\u017cenie i wymagania eksploatacyjne.<\/li>\n<li>Uszczelnienie: R\u00f3\u017cne elementy uszczelniaj\u0105ce, takie jak uszczelki t\u0142okowe i uszczelki t\u0142oczyskowe, s\u0142u\u017c\u0105 do zachowania integralno\u015bci p\u0142ynu hydraulicznego i zapobiegania wyciekom.<\/li>\n<li>Trwa\u0142o\u015b\u0107: Korpus cylindra i gwintowane ko\u0144c\u00f3wki s\u0105 poddawane precyzyjnej obr\u00f3bce w celu zwi\u0119kszenia odporno\u015bci na zu\u017cycie i og\u00f3lnej trwa\u0142o\u015bci.<\/li>\n<li>Bezpiecze\u0144stwo: Aby zagwarantowa\u0107 bezpieczn\u0105 obs\u0142ug\u0119 i zapobiec wypadkom, nale\u017cy zastosowa\u0107 zabezpieczenia, takie jak zawory bezpiecze\u0144stwa.<\/li>\n<li>\u0141atwo\u015b\u0107 konserwacji: Konstrukcja powinna umo\u017cliwia\u0107 \u0142atw\u0105 konserwacj\u0119 i wymian\u0119 podzespo\u0142\u00f3w, co skr\u00f3ci przestoje.<\/li>\n<\/ul>\n<p><img decoding=\"async\" src=\"https:\/\/www.hydraulic-cylinders.net\/wp-content\/uploads\/2025\/01\/songte-cylinder-head-with-all-kinds-excavator-models.webp\" alt=\"G\u0142owica cylindra\"><\/p>\n<h2>Uszczelnianie i smarowanie<\/h2>\n<p>Si\u0142ownik ramienia do ma\u0142ej koparki Kubota U-161-3S wykorzystuje r\u00f3\u017cnorodne elementy uszczelniaj\u0105ce, takie jak uszczelnienia t\u0142oka i t\u0142oczyska, wykonane z materia\u0142\u00f3w odpornych na zu\u017cycie, takich jak poliuretan i kauczuk nitrylowy. Korpus cylindra i gwintowane ko\u0144c\u00f3wki s\u0105 poddawane starannej obr\u00f3bce w celu zwi\u0119kszenia odporno\u015bci na zu\u017cycie. Regularne smarowanie odpowiedni\u0105 ilo\u015bci\u0105 oleju hydraulicznego jest niezb\u0119dne dla zapewnienia optymalnej wydajno\u015bci.<\/p>\n<h2>Regularne kontrole i konserwacja zapobiegawcza<\/h2>\n<p>Aby utrzyma\u0107 wydajno\u015b\u0107 i trwa\u0142o\u015b\u0107 si\u0142ownika ramienia, kluczowe s\u0105 regularne kontrole i konserwacja zapobiegawcza. Nale\u017cy podj\u0105\u0107 nast\u0119puj\u0105ce dzia\u0142ania:<\/p>\n<ul>\n<li>Sprawd\u017a cylinder pod k\u0105tem oznak zu\u017cycia, uszkodzenia lub nieszczelno\u015bci.<\/li>\n<li>Regularnie czy\u015b\u0107 i smaruj cylinder zgodnie z zaleceniami producenta.<\/li>\n<li>Dokr\u0119\u0107 wszelkie lu\u017ane elementy i po\u0142\u0105czenia.<\/li>\n<li>Niezw\u0142ocznie wymie\u0144 zu\u017cyte uszczelki i podzespo\u0142y.<\/li>\n<li>Utrzymuj uk\u0142ad hydrauliczny w czysto\u015bci i wolny od zanieczyszcze\u0144.<\/li>\n<\/ul>\n<h2>Instrukcja instalacji produktu<\/h2>\n<p>Prawid\u0142owy monta\u017c si\u0142ownika ramienia jest niezb\u0119dny dla optymalnej wydajno\u015bci i bezpiecze\u0144stwa. Wykonaj nast\u0119puj\u0105ce kroki:<\/p>\n<ol>\n<li>Upewnij si\u0119, \u017ce koparka jest wy\u0142\u0105czona i uk\u0142ad hydrauliczny jest pozbawiony ci\u015bnienia.<\/li>\n<li>Solidnie zamocuj si\u0142ownik w wyznaczonych punktach mocowania na wysi\u0119gniku i ramieniu koparki.<\/li>\n<li>Pod\u0142\u0105cz przewody hydrauliczne do cylindra, zapewniaj\u0105c odpowiednie uszczelnienie i szczelno\u015b\u0107.<\/li>\n<li>Sprawd\u017a dok\u0142adnie wszystkie po\u0142\u0105czenia i z\u0142\u0105czki pod k\u0105tem przeciek\u00f3w.<\/li>\n<li>Przed wznowieniem normalnego u\u017cytkowania koparki nale\u017cy sprawdzi\u0107 dzia\u0142anie cylindra.<\/li>\n<\/ol>\n<p><img decoding=\"async\" src=\"https:\/\/www.hydraulic-cylinders.net\/wp-content\/uploads\/2025\/01\/songte-bushings-with-all-kinds-of-excavator-models.webp\" alt=\"Tuleje\"><\/p>\n<h2>Zagadnienia bezpiecze\u0144stwa i czynniki \u015brodowiskowe<\/h2>\n<p>Podczas obs\u0142ugi si\u0142ownika ramienia do ma\u0142ej koparki Kubota U-161-3S przestrzeganie zasad bezpiecze\u0144stwa jest kluczowe, aby zapobiec wypadkom i zapewni\u0107 pracownikom dobre samopoczucie. Przy wyborze i konserwacji si\u0142ownika nale\u017cy r\u00f3wnie\u017c uwzgl\u0119dni\u0107 czynniki \u015brodowiskowe, takie jak wahania temperatury i nara\u017cenie na trudne warunki atmosferyczne.<\/p>\n<h2>Diagnostyka usterek i typowe problemy<\/h2>\n<p>Pomimo swojej trwa\u0142o\u015bci, cylindry ramieniowe mog\u0105 ulega\u0107 awariom lub wyst\u0119powa\u0107 typowe problemy. Oto kilka mo\u017cliwych scenariuszy:<\/p>\n<ul>\n<li>Utrata mocy lub niewystarczaj\u0105ca si\u0142a podczas ruchu ramienia<\/li>\n<li>Nadmierny wyciek p\u0142ynu hydraulicznego<\/li>\n<li>Szarpane lub nier\u00f3wne ruchy ramion<\/li>\n<li>Nietypowy ha\u0142as podczas pracy<\/li>\n<li>Niesp\u00f3jne ustawienie ramion<\/li>\n<\/ul>\n<p>Aby rozwi\u0105za\u0107 te problemy, nale\u017cy rozwa\u017cy\u0107 nast\u0119puj\u0105ce sposoby rozwi\u0105zywania problem\u00f3w i rozwi\u0105zania:<\/p>\n<ul>\n<li>Sprawd\u017a, czy poziom p\u0142ynu hydraulicznego jest niski i w razie potrzeby uzupe\u0142nij go.<\/li>\n<li>Sprawd\u017a i wymie\u0144 zu\u017cyte uszczelki lub uszkodzone elementy.<\/li>\n<li>Sprawd\u017a, czy w przewodach hydraulicznych nie ma blokad lub ogranicze\u0144.<\/li>\n<li>Zapewnij prawid\u0142owe ustawienie i regulacj\u0119 cylindra.<\/li>\n<li>Je\u015bli problem nadal wyst\u0119puje, skonsultuj si\u0119 ze specjalist\u0105 w celu uzyskania dalszej pomocy.<\/li>\n<\/ul>\n<p><img decoding=\"async\" src=\"https:\/\/www.hydraulic-cylinders.net\/wp-content\/uploads\/2025\/01\/songte-chushion-collar.webp\" alt=\"Ko\u0142nierz Chushion\"><\/p>\n<p>Pami\u0119taj o logicznej organizacji artyku\u0142u, stosuj\u0105c podtytu\u0142y dla \u0142atwej nawigacji. Dodaj odpowiednie obrazy lub wykresy, aby u\u0142atwi\u0107 zrozumienie, i zadbaj o to, aby tre\u015b\u0107 by\u0142a przejrzysta, zwi\u0119z\u0142a i odpowiednia dla czytelnik\u00f3w o r\u00f3\u017cnym poziomie wiedzy technicznej.<\/p>\n<p>Autor: lyl<\/p>\n<h2>O naszej firmie<\/h2>\n<p>Jako profesjonalny producent specjalizuj\u0105cy si\u0119 w produkcji zamiennych cylindr\u00f3w hydraulicznych, oferujemy szerok\u0105 gam\u0119 produkt\u00f3w i stali\u015bmy si\u0119 jednym z wiod\u0105cych producent\u00f3w i dystrybutor\u00f3w hurtowych na rynku krajowym i mi\u0119dzynarodowym. Kierujemy si\u0119 zasad\u0105 doskona\u0142o\u015bci, opieraj\u0105c si\u0119 na przemys\u0142owych strategiach zarz\u0105dzania produkcj\u0105 w naszych specjalistycznych warsztatach produkcyjnych, aby stale podnosi\u0107 poziom techniczny i wydajno\u015b\u0107 produkcji.<\/p>\n<p>Wprowadzaj\u0105c wysokiej klasy cyfrowy sprz\u0119t produkcyjny i profesjonalne systemy testowe, optymalizujemy nasz\u0105 platform\u0119 produkcyjn\u0105, doskonalimy proces kontroli jako\u015bci produkt\u00f3w i dysponujemy silnymi mo\u017cliwo\u015bciami innowacyjnymi. Naszym celem jest zaspokajanie zr\u00f3\u017cnicowanych potrzeb klient\u00f3w poprzez wydajno\u015b\u0107, precyzj\u0119 i wysok\u0105 jako\u015b\u0107 produkt\u00f3w.<\/p>\n<p><img decoding=\"async\" src=\"https:\/\/www.hydraulic-cylinders.net\/wp-content\/uploads\/2025\/01\/songte-company-4.webp\" alt=\"Wizerunek firmy\"><\/p>\n<h2>Dlaczego warto wybra\u0107 nasz\u0105 firm\u0119?<\/h2>\n<p>Oto kilka kluczowych powod\u00f3w, dla kt\u00f3rych warto wybra\u0107 nasz\u0105 firm\u0119<\/p>","protected":false},"excerpt":{"rendered":"<p>Arm Cylinder For Kubota Small Excavator U-161-3S The Arm Cylinder for Kubota Small Excavator U-161-3S is a hydraulic cylinder specifically designed to provide linear motion and power to the arm of various types of machinery, such as excavators, cranes, and robotic arms. The arm cylinder plays a critical role in hydraulic systems, allowing for efficient [&hellip;]<\/p>","protected":false},"featured_media":14770,"comment_status":"open","ping_status":"closed","template":"","meta":{"_et_pb_use_builder":"","_et_pb_old_content":"","_et_gb_content_width":""},"product_brand":[],"product_cat":[1497],"product_tag":[1498,1496],"class_list":{"0":"post-16632","1":"product","2":"type-product","3":"status-publish","4":"has-post-thumbnail","6":"product_cat-arm-cylinders","7":"product_tag-arm-cylinders","8":"product_tag-hydraulic-cylinders","10":"first","11":"instock","12":"shipping-taxable","13":"product-type-simple"},"amp_enabled":true,"_links":{"self":[{"href":"https:\/\/www.hydraulic-cylinders.net\/pl\/wp-json\/wp\/v2\/product\/16632","targetHints":{"allow":["GET"]}}],"collection":[{"href":"https:\/\/www.hydraulic-cylinders.net\/pl\/wp-json\/wp\/v2\/product"}],"about":[{"href":"https:\/\/www.hydraulic-cylinders.net\/pl\/wp-json\/wp\/v2\/types\/product"}],"replies":[{"embeddable":true,"href":"https:\/\/www.hydraulic-cylinders.net\/pl\/wp-json\/wp\/v2\/comments?post=16632"}],"wp:featuredmedia":[{"embeddable":true,"href":"https:\/\/www.hydraulic-cylinders.net\/pl\/wp-json\/wp\/v2\/media\/14770"}],"wp:attachment":[{"href":"https:\/\/www.hydraulic-cylinders.net\/pl\/wp-json\/wp\/v2\/media?parent=16632"}],"wp:term":[{"taxonomy":"product_brand","embeddable":true,"href":"https:\/\/www.hydraulic-cylinders.net\/pl\/wp-json\/wp\/v2\/product_brand?post=16632"},{"taxonomy":"product_cat","embeddable":true,"href":"https:\/\/www.hydraulic-cylinders.net\/pl\/wp-json\/wp\/v2\/product_cat?post=16632"},{"taxonomy":"product_tag","embeddable":true,"href":"https:\/\/www.hydraulic-cylinders.net\/pl\/wp-json\/wp\/v2\/product_tag?post=16632"}],"curies":[{"name":"wp","href":"https:\/\/api.w.org\/{rel}","templated":true}]}}