{"id":16638,"date":"2025-01-21T05:39:39","date_gmt":"2025-01-21T05:39:39","guid":{"rendered":"https:\/\/www.hydraulic-cylinders.net\/product\/arm-cylinder-for-takeuchi-small-excavator-tb128fr\/"},"modified":"2025-01-21T05:39:41","modified_gmt":"2025-01-21T05:39:41","slug":"arm-cylinder-for-takeuchi-small-excavator-tb128fr","status":"publish","type":"product","link":"https:\/\/www.hydraulic-cylinders.net\/pl\/produkt\/arm-cylinder-for-takeuchi-small-excavator-tb128fr\/","title":{"rendered":"Si\u0142ownik ramienia do ma\u0142ej koparki Takeuchi TB128FR"},"content":{"rendered":"<h2>Si\u0142ownik ramienia do ma\u0142ej koparki Takeuchi TB128FR<\/h2>\n<p>Si\u0142ownik ramienia to specjalnie zaprojektowany si\u0142ownik hydrauliczny, kt\u00f3ry zapewnia ruch liniowy i zasilanie ramienia r\u00f3\u017cnego rodzaju maszyn, takich jak koparki, d\u017awigi i ramiona robotyczne. Si\u0142ownik ramienia odgrywa kluczow\u0105 rol\u0119 w uk\u0142adach hydraulicznych, umo\u017cliwiaj\u0105c efektywny ruch i sterowanie dodatkowymi narz\u0119dziami lub osprz\u0119tem. Si\u0142owniki te nie tylko zapewniaj\u0105 p\u0142ynny ruch, ale tak\u017ce wytrzymuj\u0105 du\u017ce obci\u0105\u017cenia, gwarantuj\u0105c wydajn\u0105 prac\u0119 i niezawodno\u015b\u0107 maszyn w r\u00f3\u017cnych warunkach pracy.<\/p>\n<p><img decoding=\"async\" src=\"https:\/\/www.hydraulic-cylinders.net\/wp-content\/uploads\/2025\/01\/songte-company-2.webp\"><\/p>\n<h3>Cechy:<\/h3>\n<ul>\n<li>Nap\u0119d o wysokiej wydajno\u015bci: Cylinder ramienia zapewnia mocny ruch liniowy i si\u0142\u0119, gwarantuj\u0105c wysok\u0105 wydajno\u015b\u0107 ramienia robota w r\u00f3\u017cnych operacjach.<\/li>\n<li>Precyzyjna kontrola: Dzi\u0119ki uk\u0142adom hydraulicznym si\u0142ownik ramienia zapewnia precyzyjn\u0105 kontrol\u0119 ruchu, co sprawia, \u017ce \u200b\u200bobs\u0142uga pod\u0142\u0105czonych narz\u0119dzi jest bardziej elastyczna i dok\u0142adna.<\/li>\n<li>Trwa\u0142o\u015b\u0107: Cylindry ramienia s\u0105 zazwyczaj produkowane z materia\u0142\u00f3w o wysokiej wytrzyma\u0142o\u015bci, charakteryzuj\u0105cych si\u0119 doskona\u0142\u0105 odporno\u015bci\u0105 na zu\u017cycie i korozj\u0119, dzi\u0119ki czemu nadaj\u0105 si\u0119 do d\u0142ugotrwa\u0142ego u\u017cytkowania w trudnych warunkach.<\/li>\n<li>Wielofunkcyjno\u015b\u0107: Te cylindry mo\u017cna szeroko stosowa\u0107 w r\u00f3\u017cnych typach maszyn, takich jak koparki, d\u017awigi i ramiona robotyczne, dostosowuj\u0105c si\u0119 do r\u00f3\u017cnych wymaga\u0144 roboczych.<\/li>\n<li>\u0141atwa konserwacja: Projekt uwzgl\u0119dnia \u0142atwo\u015b\u0107 konserwacji i wymiany, dzi\u0119ki czemu regularne kontrole i serwisowanie staj\u0105 si\u0119 wygodniejsze, a przestoje sprz\u0119tu zostaj\u0105 skr\u00f3cone.<\/li>\n<\/ul>\n<p><img decoding=\"async\" src=\"https:\/\/www.hydraulic-cylinders.net\/wp-content\/uploads\/2025\/01\/songte-oil-pipes-and-spare-parts.webp\"><\/p>\n<p>Si\u0142ownik ramienia mo\u017ce doskonale zast\u0105pi\u0107 te si\u0142owniki hydrauliczne, zapewniaj\u0105c tak\u0105 sam\u0105 funkcjonalno\u015b\u0107 i kompatybilno\u015b\u0107.<\/p>\n<h3>Zastosowania:<\/h3>\n<ul>\n<li>In\u017cynieria budowlana: Si\u0142owniki ramion steruj\u0105 ruchem \u0142y\u017cek lub wysi\u0119gnik\u00f3w w koparkach i d\u017awigach, u\u0142atwiaj\u0105c prace ziemne, przenoszenie materia\u0142\u00f3w i monta\u017c konstrukcji.<\/li>\n<li>Przemys\u0142 wytw\u00f3rczy: W zautomatyzowanych liniach produkcyjnych cylindry ramion umo\u017cliwiaj\u0105 ruch ramion robot\u00f3w podczas proces\u00f3w monta\u017cu, spawania i obs\u0142ugi, zwi\u0119kszaj\u0105c wydajno\u015b\u0107 i precyzj\u0119 produkcji.<\/li>\n<li>Maszyny rolnicze: W sprz\u0119cie rolniczym, takim jak kombajny i siewniki, si\u0142owniki ramion steruj\u0105 ruchem ramion roboczych podczas wykonywania zada\u0144 takich jak siew, nawo\u017cenie i zbi\u00f3r.<\/li>\n<li>G\u00f3rnictwo: W sprz\u0119cie g\u00f3rniczym cylindry ramieniowe steruj\u0105 ruchem ramion maszyn g\u00f3rniczych s\u0142u\u017c\u0105cych do wydobywania i transportu rudy.<\/li>\n<li>Logistyka i transport: W w\u00f3zkach wid\u0142owych i robotach prze\u0142adunkowych si\u0142owniki ramion steruj\u0105 podnoszeniem i ruchem wide\u0142, u\u0142atwiaj\u0105c przenoszenie materia\u0142\u00f3w i ich uk\u0142adanie.<\/li>\n<\/ul>\n<h3>Zagadnienia projektowe i kryteria wyboru:<\/h3>\n<ul>\n<li>No\u015bno\u015b\u0107: Konstrukcja cylindra ramienia uwzgl\u0119dnia no\u015bno\u015b\u0107, aby zagwarantowa\u0107 bezpieczn\u0105 i wydajn\u0105 prac\u0119.<\/li>\n<li>Uszczelnienie: W cylindrach ramieniowych stosuje si\u0119 r\u00f3\u017cne elementy uszczelniaj\u0105ce, takie jak uszczelnienia t\u0142oka i t\u0142oczyska. Uszczelnienia te wykonane s\u0105 z materia\u0142\u00f3w odpornych na zu\u017cycie, takich jak poliuretan i kauczuk nitrylowy. Korpus cylindra i gwintowane ko\u0144c\u00f3wki s\u0105 precyzyjnie obrobione w celu zwi\u0119kszenia odporno\u015bci na zu\u017cycie.<\/li>\n<li>Trwa\u0142o\u015b\u0107: Cylinder ramienia zaprojektowano tak, aby by\u0142 trwa\u0142y i odporny na korozj\u0119, co zapewnia d\u0142ug\u0105 \u017cywotno\u015b\u0107 nawet w wymagaj\u0105cych warunkach.<\/li>\n<li>Bezpiecze\u0144stwo: W konstrukcji cylindr\u00f3w ramienia zastosowano funkcje bezpiecze\u0144stwa, kt\u00f3re zapobiegaj\u0105 wypadkom i zapewniaj\u0105 ochron\u0119 operatora.<\/li>\n<li>\u0141atwo\u015b\u0107 konserwacji: Konstrukcja cylindr\u00f3w ramienia uwzgl\u0119dnia \u0142atwo\u015b\u0107 konserwacji i napraw, aby zminimalizowa\u0107 przestoje i zmaksymalizowa\u0107 wydajno\u015b\u0107.<\/li>\n<\/ul>\n<p><img decoding=\"async\" src=\"https:\/\/www.hydraulic-cylinders.net\/wp-content\/uploads\/2025\/01\/songte-cylinder-head-with-all-kinds-excavator-models.webp\"><\/p>\n<p>Si\u0142ownik ramienia wykorzystuje r\u00f3\u017cne elementy uszczelniaj\u0105ce i wymaga regularnego smarowania olejem hydraulicznym, aby zapewni\u0107 p\u0142ynn\u0105 prac\u0119.<\/p>\n<p>Regularne kontrole i dzia\u0142ania konserwacyjne s\u0105 niezb\u0119dne do zapewnienia optymalnej wydajno\u015bci i trwa\u0142o\u015bci cylindra ramienia:<\/p>\n<ul>\n<li>Sprawd\u017a cylinder pod k\u0105tem ewentualnych wyciek\u00f3w lub uszkodze\u0144.<\/li>\n<li>Sprawd\u017a stan uszczelek i w razie konieczno\u015bci wymie\u0144 je.<\/li>\n<li>Nale\u017cy zapewni\u0107 odpowiednie smarowanie poprzez regularne dodawanie odpowiedniej ilo\u015bci oleju hydraulicznego.<\/li>\n<li>Verify the cylinder&#8217;s alignment and adjust if needed.<\/li>\n<li>Utrzymuj powierzchnie zewn\u0119trzne w czysto\u015bci, aby zapobiec przedostawaniu si\u0119 zanieczyszcze\u0144 do cylindra.<\/li>\n<\/ul>\n<h3>Instrukcja instalacji produktu:<\/h3>\n<p>Prawid\u0142owy monta\u017c si\u0142ownika ramienia ma kluczowe znaczenie dla jego wydajno\u015bci i trwa\u0142o\u015bci. Wykonaj nast\u0119puj\u0105ce kroki:<\/p>\n<ol>\n<li>Przygotuj miejsce monta\u017cu i upewnij si\u0119, \u017ce jest czyste i wolne od zanieczyszcze\u0144.<\/li>\n<li>Umie\u015b\u0107 cylinder ramienia w \u017c\u0105danym miejscu i wyr\u00f3wnaj go z otworami monta\u017cowymi.<\/li>\n<li>Solidnie zamocuj cylinder za pomoc\u0105 odpowiednich \u015brub\/nakr\u0119tek lub metod\u0105 spawania.<\/li>\n<li>Pod\u0142\u0105cz przewody hydrauliczne do cylindra i sprawd\u017a szczelno\u015b\u0107.<\/li>\n<li>Test the cylinder&#8217;s functionality by operating the machinery and checking for any abnormalities.<\/li>\n<\/ol>\n<p><img decoding=\"async\" src=\"https:\/\/www.hydraulic-cylinders.net\/wp-content\/uploads\/2025\/01\/songte-bushings-with-all-kinds-of-excavator-models.webp\"><\/p>\n<h3>Zagadnienia bezpiecze\u0144stwa i czynniki \u015brodowiskowe:<\/h3>\n<p>Podczas korzystania z si\u0142ownik\u00f3w ramieniowych przestrzeganie \u015brodk\u00f3w bezpiecze\u0144stwa ma kluczowe znaczenie dla zapobiegania wypadkom i zapewnienia bezpiecznego \u015brodowiska pracy. Operatorom nale\u017cy zapewni\u0107 odpowiednie szkolenie i nadz\u00f3r.<\/p>\n<p>Typowe usterki cylindr\u00f3w ramienia mog\u0105 obejmowa\u0107 nieszczelno\u015b\u0107, niewystarczaj\u0105c\u0105 moc i nieprawid\u0142owe ruchy. Oto kilka wskaz\u00f3wek dotycz\u0105cych rozwi\u0105zywania problem\u00f3w:<\/p>\n<ul>\n<li>Sprawd\u017a cylinder pod k\u0105tem widocznych wyciek\u00f3w i wymie\u0144 uszkodzone uszczelki.<\/li>\n<li>Sprawd\u017a, czy uk\u0142ad hydrauliczny ma prawid\u0142owe ci\u015bnienie i przep\u0142yw.<\/li>\n<li>Sprawd\u017a, czy wszystkie po\u0142\u0105czenia i okucia s\u0105 bezpieczne i dobrze zamocowane.<\/li>\n<li>Sprawd\u017a zawory steruj\u0105ce i upewnij si\u0119, \u017ce dzia\u0142aj\u0105 prawid\u0142owo.<\/li>\n<li>Je\u015bli problem nadal wyst\u0119puje, skonsultuj si\u0119 ze specjalist\u0105 w celu dalszej diagnozy i naprawy.<\/li>\n<\/ul>\n<p><img decoding=\"async\" src=\"https:\/\/www.hydraulic-cylinders.net\/wp-content\/uploads\/2025\/01\/songte-chushion-collar.webp\"><\/p>\n<p>Aby zminimalizowa\u0107 potencjalne problemy i zapewni\u0107 optymaln\u0105 wydajno\u015b\u0107, nale\u017cy regularnie podejmowa\u0107 dzia\u0142ania zapobiegawcze, w tym:<\/p>\n<ul>\n<li>Planowe kontrole maj\u0105ce na celu identyfikacj\u0119 i rozwi\u0105zanie wszelkich pojawiaj\u0105cych si\u0119 problem\u00f3w.<\/li>\n<li>Proaktywna wymiana zu\u017cytych uszczelek i podzespo\u0142\u00f3w.<\/li>\n<li>Regularne smarowanie ruchomych cz\u0119\u015bci zalecanym olejem hydraulicznym.<\/li>\n<li>Szkolenie operator\u00f3w w zakresie prawid\u0142owych procedur u\u017cytkowania i konserwacji.<\/li>\n<\/ul>\n<p>W [Nazwa firmy] jeste\u015bmy profesjonalnym producentem zamiennych cylindr\u00f3w hydraulicznych. Dzi\u0119ki szerokiej gamie produkt\u00f3w stali\u015bmy si\u0119 jednym z wiod\u0105cych producent\u00f3w i dystrybutor\u00f3w hurtowych na rynku krajowym i mi\u0119dzynarodowym. Kieruj\u0105c si\u0119 zasad\u0105 doskona\u0142o\u015bci, stale doskonalimy nasze mo\u017cliwo\u015bci technologiczne i wydajno\u015b\u0107 produkcji dzi\u0119ki zaawansowanym zak\u0142adom produkcyjnym i profesjonalnym systemom testowym. Naszym celem jest zaspokajanie zr\u00f3\u017cnicowanych potrzeb klient\u00f3w poprzez wysok\u0105 wydajno\u015b\u0107, precyzj\u0119 i wysok\u0105 jako\u015b\u0107 produkt\u00f3w.<\/p>\n<p><img decoding=\"async\" src=\"https:\/\/www.hydraulic-cylinders.net\/wp-content\/uploads\/2025\/01\/songte-company-4.webp\"><br \/>\n<img decoding=\"async\" src=\"https:\/\/www.hydraulic-cylinders.net\/wp-content\/uploads\/2025\/01\/songte-company-3.webp\"><\/p>\n<p>Dzi\u0119ki naszemu profesjonalizmowi, mi\u0119dzynarodowym certyfikatom, spersonalizowanym us\u0142ugom, najnowocze\u015bniejszemu sprz\u0119towi produkcyjnemu i doskona\u0142ej obs\u0142udze posprzeda\u017cowej, d\u0105\u017cymy do zapewnienia naszym klientom najlepszych rozwi\u0105za\u0144. Autor: lyl.<\/p>","protected":false},"excerpt":{"rendered":"<p>Arm Cylinder For Takeuchi Small Excavator TB128FR Arm Cylinder is a specially designed hydraulic cylinder that provides linear motion and power to the arm of various types of machinery such as excavators, cranes, and robotic arms. The arm cylinder plays a crucial role in hydraulic systems, enabling the effective movement and control of additional tools [&hellip;]<\/p>","protected":false},"featured_media":14779,"comment_status":"open","ping_status":"closed","template":"","meta":{"_et_pb_use_builder":"","_et_pb_old_content":"","_et_gb_content_width":""},"product_brand":[],"product_cat":[1497],"product_tag":[1498,1496],"class_list":{"0":"post-16638","1":"product","2":"type-product","3":"status-publish","4":"has-post-thumbnail","6":"product_cat-arm-cylinders","7":"product_tag-arm-cylinders","8":"product_tag-hydraulic-cylinders","10":"first","11":"instock","12":"shipping-taxable","13":"product-type-simple"},"amp_enabled":true,"_links":{"self":[{"href":"https:\/\/www.hydraulic-cylinders.net\/pl\/wp-json\/wp\/v2\/product\/16638","targetHints":{"allow":["GET"]}}],"collection":[{"href":"https:\/\/www.hydraulic-cylinders.net\/pl\/wp-json\/wp\/v2\/product"}],"about":[{"href":"https:\/\/www.hydraulic-cylinders.net\/pl\/wp-json\/wp\/v2\/types\/product"}],"replies":[{"embeddable":true,"href":"https:\/\/www.hydraulic-cylinders.net\/pl\/wp-json\/wp\/v2\/comments?post=16638"}],"wp:featuredmedia":[{"embeddable":true,"href":"https:\/\/www.hydraulic-cylinders.net\/pl\/wp-json\/wp\/v2\/media\/14779"}],"wp:attachment":[{"href":"https:\/\/www.hydraulic-cylinders.net\/pl\/wp-json\/wp\/v2\/media?parent=16638"}],"wp:term":[{"taxonomy":"product_brand","embeddable":true,"href":"https:\/\/www.hydraulic-cylinders.net\/pl\/wp-json\/wp\/v2\/product_brand?post=16638"},{"taxonomy":"product_cat","embeddable":true,"href":"https:\/\/www.hydraulic-cylinders.net\/pl\/wp-json\/wp\/v2\/product_cat?post=16638"},{"taxonomy":"product_tag","embeddable":true,"href":"https:\/\/www.hydraulic-cylinders.net\/pl\/wp-json\/wp\/v2\/product_tag?post=16638"}],"curies":[{"name":"wp","href":"https:\/\/api.w.org\/{rel}","templated":true}]}}