{"id":16644,"date":"2025-01-21T05:40:01","date_gmt":"2025-01-21T05:40:01","guid":{"rendered":"https:\/\/www.hydraulic-cylinders.net\/product\/arm-cylinder-for-takeuchi-small-excavator-tb160c\/"},"modified":"2025-01-21T05:40:03","modified_gmt":"2025-01-21T05:40:03","slug":"arm-cylinder-for-takeuchi-small-excavator-tb160c","status":"publish","type":"product","link":"https:\/\/www.hydraulic-cylinders.net\/pl\/produkt\/arm-cylinder-for-takeuchi-small-excavator-tb160c\/","title":{"rendered":"Si\u0142ownik ramienia do ma\u0142ej koparki Takeuchi TB160C"},"content":{"rendered":"<h1>Si\u0142ownik ramienia do ma\u0142ej koparki Takeuchi TB160C<\/h1>\n<h2>Wst\u0119p<\/h2>\n<p>Si\u0142ownik ramienia, zastosowany w si\u0142owniku ramienia do ma\u0142ej koparki Takeuchi TB160C, to specjalnie zaprojektowany si\u0142ownik hydrauliczny, kt\u00f3ry zapewnia liniowy ruch i moc ramionom r\u00f3\u017cnego rodzaju maszyn, takich jak koparki, d\u017awigi i ramiona robot\u00f3w. Si\u0142ownik ramienia odgrywa kluczow\u0105 rol\u0119 w uk\u0142adach hydraulicznych, umo\u017cliwiaj\u0105c ruch i sterowanie dodatkowymi narz\u0119dziami lub osprz\u0119tem. Si\u0142owniki te nie tylko zapewniaj\u0105 p\u0142ynny ruch, ale tak\u017ce wytrzymuj\u0105 du\u017ce obci\u0105\u017cenia, gwarantuj\u0105c wydajn\u0105 prac\u0119 i niezawodno\u015b\u0107 maszyn w r\u00f3\u017cnych warunkach eksploatacyjnych.<\/p>\n<p><img decoding=\"async\" src=\"https:\/\/www.hydraulic-cylinders.net\/wp-content\/uploads\/2025\/01\/songte-company-2.webp\" alt=\"Obraz cylindra ramienia\"><\/p>\n<h3>Cechy<\/h3>\n<ul>\n<li>\n<h4>Wysokosprawna transmisja mocy<\/h4>\n<p>Si\u0142ownik ramienia mo\u017ce zapewni\u0107 mocny ruch liniowy i si\u0142\u0119, gwarantuj\u0105c wysok\u0105 wydajno\u015b\u0107 ramienia mechanicznego podczas r\u00f3\u017cnych operacji.<\/p>\n<\/li>\n<li>\n<h4>Precyzyjna kontrola<\/h4>\n<p>Dzi\u0119ki uk\u0142adowi hydraulicznemu si\u0142ownik ramienia mo\u017ce uzyska\u0107 precyzyjn\u0105 kontrol\u0119 ruchu, co sprawia, \u017ce \u200b\u200bpraca narz\u0119dziem jest bardziej elastyczna i dok\u0142adna.<\/p>\n<\/li>\n<li>\n<h4>Wysoka wytrzyma\u0142o\u015b\u0107<\/h4>\n<p>Cylinder ramienia jest zwykle wykonany z materia\u0142\u00f3w o wysokiej wytrzyma\u0142o\u015bci i charakteryzuje si\u0119 dobr\u0105 odporno\u015bci\u0105 na zu\u017cycie i korozj\u0119, dzi\u0119ki czemu nadaje si\u0119 do d\u0142ugotrwa\u0142ego u\u017cytkowania w trudnych warunkach.<\/p>\n<\/li>\n<li>\n<h4>Wielofunkcyjna adaptowalno\u015b\u0107<\/h4>\n<p>Cylindry te mo\u017cna powszechnie stosowa\u0107 w r\u00f3\u017cnych maszynach, takich jak koparki, d\u017awigi i ramiona robotyczne, aby sprosta\u0107 r\u00f3\u017cnorodnym potrzebom operacyjnym.<\/p>\n<\/li>\n<li>\n<h4>\u0141atwa konserwacja<\/h4>\n<p>Konstrukcja cylindra ramienia uwzgl\u0119dnia \u0142atwo\u015b\u0107 konserwacji i wymiany, dzi\u0119ki czemu regularne kontrole i konserwacje staj\u0105 si\u0119 wygodniejsze, a przestoje sprz\u0119tu skr\u00f3cone.<\/p>\n<\/li>\n<\/ul>\n<p><img decoding=\"async\" src=\"https:\/\/www.hydraulic-cylinders.net\/wp-content\/uploads\/2025\/01\/songte-oil-pipes-and-spare-parts.webp\" alt=\"Obraz cz\u0119\u015bci zamiennych cylindra ramienia\"><\/p>\n<h2>Scenariusz aplikacji<\/h2>\n<ul>\n<li>\n<h3>In\u017cynieria budowlana<\/h3>\n<p>W koparkach i d\u017awigach si\u0142ownik ramienia steruje ruchem \u0142y\u017cki lub wysi\u0119gnika podczas wykonywania rob\u00f3t ziemnych, przenoszenia materia\u0142\u00f3w i monta\u017cu konstrukcji.<\/p>\n<\/li>\n<li>\n<h3>Przemys\u0142 wytw\u00f3rczy<\/h3>\n<p>W zautomatyzowanych liniach produkcyjnych si\u0142ownik ramienia jest wykorzystywany do poruszania ramionami robota, wykonywania proces\u00f3w monta\u017cu, spawania i obs\u0142ugi, co zwi\u0119ksza wydajno\u015b\u0107 i dok\u0142adno\u015b\u0107 produkcji.<\/p>\n<\/li>\n<li>\n<h3>Maszyny rolnicze<\/h3>\n<p>W maszynach rolniczych, takich jak kombajny i sadzarki, si\u0142ownik ramienia steruje ruchem ramion roboczych, wykonuj\u0105cych takie zadania, jak sadzenie, nawo\u017cenie i zbi\u00f3r.<\/p>\n<\/li>\n<li>\n<h3>G\u00f3rnictwo<\/h3>\n<p>W sprz\u0119cie g\u00f3rniczym si\u0142ownik ramienia s\u0142u\u017cy do sterowania ruchem ramienia sprz\u0119tu g\u00f3rniczego podczas prac wydobywczych i transportu materia\u0142\u00f3w.<\/p>\n<\/li>\n<li>\n<h3>Logistyka i transport<\/h3>\n<p>W w\u00f3zkach wid\u0142owych i robotach prze\u0142adunkowych si\u0142ownik ramienia s\u0142u\u017cy do sterowania podnoszeniem i przemieszczaniem \u0142adunku, umo\u017cliwiaj\u0105c obs\u0142ug\u0119 i uk\u0142adanie materia\u0142\u00f3w.<\/p>\n<\/li>\n<\/ul>\n<h2>Zagadnienia projektowe i kryteria wyboru<\/h2>\n<ul>\n<li>\n<h3>No\u015bno\u015b\u0107<\/h3>\n<p>Si\u0142ownik ramienia musi by\u0107 w stanie utrzyma\u0107 ci\u0119\u017car osprz\u0119tu i materia\u0142\u00f3w przenoszonych przez rami\u0119 mechaniczne.<\/p>\n<\/li>\n<li>\n<h3>Opiecz\u0119towanie<\/h3>\n<p>Cylinder ramienia musi by\u0107 wyposa\u017cony w r\u00f3\u017cnego rodzaju urz\u0105dzenia uszczelniaj\u0105ce, takie jak uszczelnienia t\u0142oka i t\u0142oczyska, wykonane z materia\u0142\u00f3w odpornych na zu\u017cycie, takich jak poliuretan i kauczuk nitrylowy, aby zapobiec wyciekom oleju i zapewni\u0107 niezawodno\u015b\u0107.<\/p>\n<\/li>\n<li>\n<h3>Trwa\u0142o\u015b\u0107<\/h3>\n<p>Cylinder ramienia musi by\u0107 wykonany z materia\u0142\u00f3w o wysokiej wytrzyma\u0142o\u015bci, a korpus cylindra i powierzchnia ko\u0144cowa gwintu musz\u0105 by\u0107 precyzyjnie obrobione, aby zwi\u0119kszy\u0107 odporno\u015b\u0107 na zu\u017cycie i korozj\u0119.<\/p>\n<\/li>\n<li>\n<h3>Bezpiecze\u0144stwo<\/h3>\n<p>Cylinder ramienia musi spe\u0142nia\u0107 normy bezpiecze\u0144stwa, a jego konstrukcja musi uwzgl\u0119dnia\u0107 \u015brodki zapobiegaj\u0105ce wypadkom, takie jak urz\u0105dzenia zapobiegaj\u0105ce wypadni\u0119ciu.<\/p>\n<\/li>\n<li>\n<h3>Konserwacja<\/h3>\n<p>Konstrukcja cylindra ramienia powinna umo\u017cliwia\u0107 \u0142atw\u0105 konserwacj\u0119 i wymian\u0119. Cylinder powinien by\u0107 wyposa\u017cony w niezawodne urz\u0105dzenie buforuj\u0105ce w celu zmniejszenia uderze\u0144 i wyd\u0142u\u017cenia okresu eksploatacji.<\/p>\n<\/li>\n<\/ul>\n<p><img decoding=\"async\" src=\"https:\/\/www.hydraulic-cylinders.net\/wp-content\/uploads\/2025\/01\/songte-cylinder-head-with-all-kinds-excavator-models.webp\" alt=\"Obraz g\u0142owicy cylindra ramienia\"><\/p>\n<h2>Uszczelnianie i smarowanie<\/h2>\n<p>Si\u0142ownik ramienia wykorzystuje r\u00f3\u017cne elementy uszczelniaj\u0105ce, takie jak uszczelnienia t\u0142oka i t\u0142oczyska, aby zapobiec wyciekom oleju. Uszczelnienia te wykonane s\u0105 z materia\u0142\u00f3w odpornych na zu\u017cycie, takich jak poliuretan i kauczuk nitrylowy, co zapewnia niezawodne uszczelnienie. Korpus si\u0142ownika i powierzchnia gwintu s\u0105 precyzyjnie obrobione, aby zwi\u0119kszy\u0107 odporno\u015b\u0107 na zu\u017cycie i korozj\u0119. Si\u0142ownik ramienia wymaga regularnego smarowania olejem hydraulicznym, aby zapewni\u0107 p\u0142ynn\u0105 i niezawodn\u0105 prac\u0119. Olej hydrauliczny nale\u017cy dodawa\u0107 w odpowiedniej ilo\u015bci.<\/p>\n<h2>Konserwacja i rozwi\u0105zywanie problem\u00f3w<\/h2>\n<p>Regularne przegl\u0105dy i konserwacja zapobiegawcza s\u0105 niezb\u0119dne dla zapewnienia niezawodnej pracy si\u0142ownika ramienia. Do typowych problem\u00f3w nale\u017c\u0105 wycieki oleju, niewystarczaj\u0105ce przeniesienie mocy i nietypowy ha\u0142as. Aby rozwi\u0105za\u0107 te problemy, nale\u017cy sprawdzi\u0107 uszczelnienie, poziom oleju hydraulicznego oraz uszkodzenia element\u00f3w si\u0142ownika. Zaleca si\u0119 konsultacj\u0119 ze specjalist\u0105 przed napraw\u0105 lub wymian\u0105 jakichkolwiek podzespo\u0142\u00f3w. Aby zapobiec potencjalnym problemom, nale\u017cy przestrzega\u0107 instrukcji producenta, regularnie przeprowadza\u0107 konserwacj\u0119 i unika\u0107 przeci\u0105\u017cania mechanicznego ramienia.<\/p>\n<p><img decoding=\"async\" src=\"https:\/\/www.hydraulic-cylinders.net\/wp-content\/uploads\/2025\/01\/songte-chushion-collar.webp\" alt=\"Obraz ko\u0142nierza cylindra ramienia\"><\/p>\n<h2>Przewodnik instalacji<\/h2>\n<p>Monta\u017c si\u0142ownika ramienia wymaga profesjonalnej wiedzy i umiej\u0119tno\u015bci. Przed monta\u017cem nale\u017cy upewni\u0107 si\u0119, \u017ce si\u0142ownik i rami\u0119 mechaniczne s\u0105 czyste i wolne od zanieczyszcze\u0144. Si\u0142ownik powinien by\u0107 zainstalowany w prawid\u0142owej pozycji, a urz\u0105dzenie uszczelniaj\u0105ce i urz\u0105dzenie buforuj\u0105ce powinny by\u0107 prawid\u0142owo zamontowane. Po monta\u017cu nale\u017cy przetestowa\u0107 si\u0142ownik, aby upewni\u0107 si\u0119, \u017ce dzia\u0142a p\u0142ynnie i niezawodnie.<\/p>\n<h2>O naszej firmie<\/h2>\n<p>Jeste\u015bmy profesjonalnym producentem zamiennych cylindr\u00f3w hydraulicznych, oferuj\u0105cym szerok\u0105 gam\u0119 produkt\u00f3w i stali\u015bmy si\u0119 jednym z wiod\u0105cych producent\u00f3w i dystrybutor\u00f3w cylindr\u00f3w hydraulicznych na rynku krajowym i mi\u0119dzynarodowym. Zawsze przestrzegamy zasady doskona\u0142ej jako\u015bci, opieraj\u0105c si\u0119 na strategii zarz\u0105dzania produkcj\u0105 przemys\u0142ow\u0105, precyzyjnych warsztatach produkcyjnych, stale ulepszaj\u0105c technologi\u0119 i wydajno\u015b\u0107 produkcji. Dzi\u0119ki wprowadzeniu zaawansowanego cyfrowego sprz\u0119tu produkcyjnego i profesjonalnych system\u00f3w testowych, optymalizujemy platform\u0119 produkcyjn\u0105, usprawniamy proces kontroli jako\u015bci produkt\u00f3w i rozwijamy innowacyjne rozwi\u0105zania. Naszym celem jest zaspokajanie zr\u00f3\u017cnicowanych potrzeb klient\u00f3w, oferuj\u0105c wydajne, precyzyjne i wysokiej jako\u015bci produkty.<\/p>\n<ul>\n<li>\n<h3>Profesjonalizm<\/h3>\n<p>W naszej firmie pracuje zesp\u00f3\u0142 do\u015bwiadczonych in\u017cynier\u00f3w i technik\u00f3w, kt\u00f3rzy specjalizuj\u0105 si\u0119 w projektowaniu, produkcji i testowaniu cylindr\u00f3w hydraulicznych.<\/p>\n<\/li>\n<li>\n<h3>Mi\u0119dzynarodowa Certyfikacja<\/h3>\n<p>Nasza firma uzyska\u0142a certyfikat mi\u0119dzynarodowego systemu zarz\u0105dzania jako\u015bci\u0105 ISO9001:2015 oraz inne stosowne certyfikaty, gwarantuj\u0105ce jako\u015b\u0107 i niezawodno\u015b\u0107 naszych produkt\u00f3w.<\/p>\n<\/li>\n<li>\n<h3>Us\u0142uga personalizacji<\/h3>\n<p>Dostarczamy cylindry hydrauliczne dostosowane do wymaga\u0144 klienta, dostosowane do r\u00f3\u017cnych scenariuszy zastosowa\u0144 i typ\u00f3w urz\u0105dze\u0144.<\/p>\n<\/li>\n<li>\n<h3>Sprz\u0119t produkcyjny<\/h3>\n<p>Nasza firma korzysta z zaawansowanego cyfrowego sprz\u0119tu produkcyjnego i profesjonalnych system\u00f3w testowych, aby zagwarantowa\u0107 precyzj\u0119 i jako\u015b\u0107 naszych produkt\u00f3w.<\/p>\n<\/li>\n<li>\n<h3>Serwis posprzeda\u017cowy<\/h3>\n<p>Nasza firma zapewnia szybk\u0105 i terminow\u0105 obs\u0142ug\u0119 posprzeda\u017cow\u0105, obejmuj\u0105c\u0105 wsparcie techniczne, naprawy i wymian\u0119 podzespo\u0142\u00f3w.<\/p>\n<\/li>\n<\/ul>\n<p><img decoding=\"async\" src=\"https:\/\/www.hydraulic-cylinders.net\/wp-content\/uploads\/2025\/01\/songte-company-4.webp\" alt=\"Wizerunek firmy\"><br \/>\n<img decoding=\"async\" src=\"https:\/\/www.hydraulic-cylinders.net\/wp-content\/uploads\/2025\/01\/songte-company-3.webp\" alt=\"Wizerunek firmy\"><\/p>\n<p>Autor: lyl.<\/p>","protected":false},"excerpt":{"rendered":"<p>Arm Cylinder For Takeuchi Small Excavator TB160C Introduction The arm cylinder, as featured in the Arm Cylinder For Takeuchi Small Excavator TB160C, is a type of specially designed hydraulic cylinder that provides linear motion and power to the arms of various types of machinery, such as excavators, cranes, and robotic arms. The arm cylinder plays [&hellip;]<\/p>","protected":false},"featured_media":14763,"comment_status":"open","ping_status":"closed","template":"","meta":{"_et_pb_use_builder":"","_et_pb_old_content":"","_et_gb_content_width":""},"product_brand":[],"product_cat":[1497],"product_tag":[1498,1496],"class_list":{"0":"post-16644","1":"product","2":"type-product","3":"status-publish","4":"has-post-thumbnail","6":"product_cat-arm-cylinders","7":"product_tag-arm-cylinders","8":"product_tag-hydraulic-cylinders","10":"first","11":"instock","12":"shipping-taxable","13":"product-type-simple"},"amp_enabled":true,"_links":{"self":[{"href":"https:\/\/www.hydraulic-cylinders.net\/pl\/wp-json\/wp\/v2\/product\/16644","targetHints":{"allow":["GET"]}}],"collection":[{"href":"https:\/\/www.hydraulic-cylinders.net\/pl\/wp-json\/wp\/v2\/product"}],"about":[{"href":"https:\/\/www.hydraulic-cylinders.net\/pl\/wp-json\/wp\/v2\/types\/product"}],"replies":[{"embeddable":true,"href":"https:\/\/www.hydraulic-cylinders.net\/pl\/wp-json\/wp\/v2\/comments?post=16644"}],"wp:featuredmedia":[{"embeddable":true,"href":"https:\/\/www.hydraulic-cylinders.net\/pl\/wp-json\/wp\/v2\/media\/14763"}],"wp:attachment":[{"href":"https:\/\/www.hydraulic-cylinders.net\/pl\/wp-json\/wp\/v2\/media?parent=16644"}],"wp:term":[{"taxonomy":"product_brand","embeddable":true,"href":"https:\/\/www.hydraulic-cylinders.net\/pl\/wp-json\/wp\/v2\/product_brand?post=16644"},{"taxonomy":"product_cat","embeddable":true,"href":"https:\/\/www.hydraulic-cylinders.net\/pl\/wp-json\/wp\/v2\/product_cat?post=16644"},{"taxonomy":"product_tag","embeddable":true,"href":"https:\/\/www.hydraulic-cylinders.net\/pl\/wp-json\/wp\/v2\/product_tag?post=16644"}],"curies":[{"name":"wp","href":"https:\/\/api.w.org\/{rel}","templated":true}]}}