{"id":16648,"date":"2025-01-21T05:44:06","date_gmt":"2025-01-21T05:44:06","guid":{"rendered":"https:\/\/www.hydraulic-cylinders.net\/product\/arm-cylinder-for-case-small-excavator-cx58c\/"},"modified":"2025-01-21T05:44:08","modified_gmt":"2025-01-21T05:44:08","slug":"arm-cylinder-for-case-small-excavator-cx58c","status":"publish","type":"product","link":"https:\/\/www.hydraulic-cylinders.net\/pl\/produkt\/arm-cylinder-for-case-small-excavator-cx58c\/","title":{"rendered":"Si\u0142ownik ramienia do ma\u0142ej koparki Case CX58C"},"content":{"rendered":"<p>Si\u0142ownik ramienia do ma\u0142ej koparki Case CX58C<\/p>\n<p>Wst\u0119p:<br \/>\nSi\u0142ownik ramienia to specjalnie zaprojektowany si\u0142ownik hydrauliczny stosowany w r\u00f3\u017cnego rodzaju maszynach, zapewniaj\u0105cy ruch liniowy i moc ramienia, takich jak koparki, d\u017awigi i ramiona mechaniczne. Si\u0142owniki ramienia odgrywaj\u0105 kluczow\u0105 rol\u0119 w uk\u0142adzie hydraulicznym, umo\u017cliwiaj\u0105c efektywny ruch i sterowanie do\u0142\u0105czonymi narz\u0119dziami lub akcesoriami. Si\u0142owniki te nie tylko zapewniaj\u0105 p\u0142ynny ruch, ale tak\u017ce wytrzymuj\u0105 du\u017ce obci\u0105\u017cenia, gwarantuj\u0105c wydajn\u0105 prac\u0119 i niezawodno\u015b\u0107 maszyn w r\u00f3\u017cnych warunkach pracy.<\/p>\n<p>Definicja i wyja\u015bnienie:<br \/>\nSi\u0142owniki ramienia to si\u0142owniki hydrauliczne stosowane g\u0142\u00f3wnie w r\u00f3\u017cnego rodzaju maszynach, zapewniaj\u0105ce ruch liniowy i moc ramienia. Si\u0142owniki te maj\u0105 kluczowe znaczenie dla efektywnego ruchu i sterowania pod\u0142\u0105czonymi narz\u0119dziami lub akcesoriami w uk\u0142adzie hydraulicznym. Si\u0142owniki ramienia zapewniaj\u0105 p\u0142ynny ruch i wytrzymuj\u0105 du\u017ce obci\u0105\u017cenia, gwarantuj\u0105c wydajn\u0105 prac\u0119 i niezawodno\u015b\u0107 maszyn w r\u00f3\u017cnych warunkach pracy.<\/p>\n<p><img decoding=\"async\" src=\"https:\/\/www.hydraulic-cylinders.net\/wp-content\/uploads\/2025\/01\/songte-company-2.webp\"><\/p>\n<p>Cechy:<br \/>\n1. Przek\u0142adnia o wysokiej wydajno\u015bci: Cylindry ramienia zapewniaj\u0105 mocny ruch liniowy i si\u0142\u0119, gwarantuj\u0105c wysok\u0105 wydajno\u015b\u0107 ramienia mechanicznego podczas r\u00f3\u017cnych operacji.<br \/>\n2. Precyzyjna kontrola: Dzi\u0119ki uk\u0142adowi hydraulicznemu si\u0142ownik ramienia mo\u017ce uzyska\u0107 precyzyjn\u0105 kontrol\u0119 ruchu, co sprawia, \u017ce \u200b\u200bobs\u0142uga pod\u0142\u0105czonych narz\u0119dzi jest bardziej elastyczna i dok\u0142adna.<br \/>\n3. Wysoka trwa\u0142o\u015b\u0107: Cylindry ramienia s\u0105 zazwyczaj wykonane z materia\u0142\u00f3w o wysokiej wytrzyma\u0142o\u015bci, charakteryzuj\u0105cych si\u0119 dobr\u0105 odporno\u015bci\u0105 na zu\u017cycie i korozj\u0119, dzi\u0119ki czemu nadaj\u0105 si\u0119 do d\u0142ugotrwa\u0142ego u\u017cytkowania w trudnych warunkach.<br \/>\n4. Wielofunkcyjna adaptacja: Te cylindry s\u0105 szeroko stosowane w r\u00f3\u017cnych typach maszyn, takich jak koparki, d\u017awigi i ramiona mechaniczne, dostosowuj\u0105c si\u0119 do r\u00f3\u017cnych potrzeb roboczych.<br \/>\n5. \u0141atwa konserwacja: Projekt uwzgl\u0119dnia \u0142atwo\u015b\u0107 konserwacji i wymiany, dzi\u0119ki czemu regularne kontrole i konserwacje s\u0105 wygodniejsze, a przestoje sprz\u0119tu skr\u00f3cone.<\/p>\n<p>Nasz produkt mo\u017ce doskonale zast\u0105pi\u0107 tego typu si\u0142owniki hydrauliczne.<\/p>\n<p><img decoding=\"async\" src=\"https:\/\/www.hydraulic-cylinders.net\/wp-content\/uploads\/2025\/01\/songte-oil-pipes-and-spare-parts.webp\"><\/p>\n<p>Zastosowania:<br \/>\n1. In\u017cynieria budowlana: W koparkach i d\u017awigach si\u0142owniki ramienia s\u0142u\u017c\u0105 do sterowania ruchem \u0142y\u017cki lub wysi\u0119gnika podczas wykonywania operacji ziemnych, przenoszenia materia\u0142\u00f3w i monta\u017cu konstrukcji.<br \/>\n2. Produkcja: W zautomatyzowanych liniach produkcyjnych si\u0142owniki ramieniowe s\u0142u\u017c\u0105 do poruszania ramionami mechanicznymi, monta\u017cu, spawania i obs\u0142ugi materia\u0142\u00f3w, co zwi\u0119ksza wydajno\u015b\u0107 i dok\u0142adno\u015b\u0107 produkcji.<br \/>\n3. Maszyny rolnicze: W maszynach rolniczych, takich jak kombajny i siewniki, si\u0142owniki ramienia steruj\u0105 ruchem ramienia roboczego, wykonuj\u0105c zadania zwi\u0105zane z sadzeniem, nawo\u017ceniem i zbiorem.<br \/>\n4. G\u00f3rnictwo: W sprz\u0119cie g\u00f3rniczym cylindry ramieniowe s\u0142u\u017c\u0105 do sterowania ruchem ramion sprz\u0119tu g\u00f3rniczego wykonuj\u0105cego operacje wydobywcze i transportu materia\u0142\u00f3w.<br \/>\n5. Logistyka i transport: W w\u00f3zkach wid\u0142owych i robotach prze\u0142adunkowych si\u0142owniki ramion s\u0142u\u017c\u0105 do sterowania podnoszeniem i ruchem wide\u0142, co umo\u017cliwia przenoszenie i uk\u0142adanie materia\u0142\u00f3w.<\/p>\n<p>Zagadnienia projektowe i standardy wyboru:<br \/>\n1. No\u015bno\u015b\u0107: Cylindry ramienia musz\u0105 by\u0107 zaprojektowane i wyprodukowane tak, aby wytrzyma\u0107 oczekiwan\u0105 no\u015bno\u015b\u0107 maszyn, w kt\u00f3rych s\u0105 stosowane.<br \/>\n2. Skuteczno\u015b\u0107 uszczelnienia: Cylindry ramieniowe wykorzystuj\u0105 r\u00f3\u017cne elementy uszczelniaj\u0105ce, takie jak uszczelnienia t\u0142oka i uszczelnienia t\u0142oczyska, wykonane z materia\u0142\u00f3w odpornych na zu\u017cycie, takich jak poliuretan i kauczuk nitrylowy, aby zapewni\u0107 dobr\u0105 skuteczno\u015b\u0107 uszczelnienia.<br \/>\n3. Trwa\u0142o\u015b\u0107: Cylindry ramienia s\u0105 zazwyczaj wykonane z materia\u0142\u00f3w o wysokiej wytrzyma\u0142o\u015bci, charakteryzuj\u0105cych si\u0119 dobr\u0105 odporno\u015bci\u0105 na zu\u017cycie i korozj\u0119, dzi\u0119ki czemu nadaj\u0105 si\u0119 do d\u0142ugotrwa\u0142ego u\u017cytkowania w trudnych warunkach.<br \/>\n4. Bezpiecze\u0144stwo: Cylindry ramieniowe musz\u0105 by\u0107 zaprojektowane i wyprodukowane zgodnie z odpowiednimi normami bezpiecze\u0144stwa, aby zagwarantowa\u0107 bezpiecze\u0144stwo pracownik\u00f3w i sprz\u0119tu.<br \/>\n5. \u0141atwo\u015b\u0107 konserwacji: Cylindry ramienia zaprojektowano tak, aby by\u0142y \u0142atwe w konserwacji i wymianie, co pozwala ograniczy\u0107 przestoje.<\/p>\n<p><img decoding=\"async\" src=\"https:\/\/www.hydraulic-cylinders.net\/wp-content\/uploads\/2025\/01\/songte-cylinder-head-with-all-kinds-excavator-models.webp\"><\/p>\n<p>Uszczelnianie i smarowanie:<br \/>\nW si\u0142ownikach ramieniowych zastosowano r\u00f3\u017cne elementy uszczelniaj\u0105ce, takie jak uszczelnienia t\u0142oczysk i t\u0142oczysk, wykonane z materia\u0142\u00f3w odpornych na zu\u017cycie, takich jak poliuretan i kauczuk nitrylowy, co zapewnia dobr\u0105 szczelno\u015b\u0107. Korpus si\u0142ownika i gwintowana powierzchnia ko\u0144cowa s\u0105 precyzyjnie obrabiane w celu zwi\u0119kszenia odporno\u015bci na zu\u017cycie. Regularne uzupe\u0142nianie odpowiedniego oleju hydraulicznego jest niezb\u0119dne do zapewnienia smarowania.<\/p>\n<p>Regularne kontrole i konserwacja zapobiegawcza:<br \/>\n1. Sprawd\u017a, czy t\u0142ok, pr\u0119t i inne cz\u0119\u015bci nie s\u0105 uszkodzone lub zu\u017cyte.<br \/>\n2. Sprawd\u017a szczelno\u015b\u0107 uszczelki t\u0142oka i uszczelki t\u0142oczyska.<br \/>\n3. Sprawd\u017a, czy nie ma wyciek\u00f3w oleju hydraulicznego.<br \/>\n4. Sprawd\u017a zamocowanie cylindra do maszyny.<br \/>\n5. Regularnie uzupe\u0142niaj poziom odpowiedniego oleju hydraulicznego w celu smarowania.<\/p>\n<p>Instrukcja instalacji:<br \/>\n1. Upewnij si\u0119, \u017ce cylinder jest czysty i wolny od zanieczyszcze\u0144.<br \/>\n2. Sprawd\u017a pozycj\u0119 i orientacj\u0119 monta\u017cu, upewnij si\u0119, \u017ce jest on prawid\u0142owo wyr\u00f3wnany z maszyn\u0105.<br \/>\n3. Post\u0119puj zgodnie z instrukcjami producenta dotycz\u0105cymi mocowania, ustawie\u0144 momentu dokr\u0119cania i stosowania wszelkich wspornik\u00f3w monta\u017cowych lub adapter\u00f3w.<br \/>\n4. Pod\u0142\u0105cz przewody hydrauliczne i przy\u0142\u0105cza zgodnie ze specyfikacj\u0105.<br \/>\n5. Przed u\u017cyciem nale\u017cy sprawdzi\u0107, czy cylinder dzia\u0142a prawid\u0142owo.<\/p>\n<p><img decoding=\"async\" src=\"https:\/\/www.hydraulic-cylinders.net\/wp-content\/uploads\/2025\/01\/songte-bushings-with-all-kinds-of-excavator-models.webp\"><\/p>\n<p>Zagadnienia bezpiecze\u0144stwa i czynniki \u015brodowiskowe:<br \/>\n1. Podczas u\u017cytkowania maszyny i cylindra ramienia nale\u017cy zawsze przestrzega\u0107 wytycznych bezpiecze\u0144stwa podanych przez producenta.<br \/>\n2. Regularna kontrola i konserwacja maszyny oraz cylindra ramienia s\u0105 niezb\u0119dne dla zapewnienia bezpiecznej i niezawodnej pracy.<br \/>\n3. Prawid\u0142owa utylizacja zu\u017cytego oleju hydraulicznego i innych materia\u0142\u00f3w niebezpiecznych ma kluczowe znaczenie dla ochrony \u015brodowiska.<\/p>\n<p>Diagnostyka usterek i rozwi\u0105zywanie problem\u00f3w:<br \/>\n1. Niewystarczaj\u0105ca si\u0142a lub pr\u0119dko\u015b\u0107 si\u0142ownika ramienia: sprawd\u017a, czy nie ma wyciek\u00f3w oleju hydraulicznego, sprawd\u017a stan uszczelek i sprawd\u017a, czy uk\u0142ad hydrauliczny nie jest uszkodzony lub zablokowany.<br \/>\n2. Wyciek oleju hydraulicznego: sprawd\u017a stan uszczelek oraz po\u0142\u0105cze\u0144 przewod\u00f3w hydraulicznych i przy\u0142\u0105czy.<br \/>\n3. Nietypowy ha\u0142as lub wibracje: sprawd\u017a, czy cylinder jest prawid\u0142owo wyr\u00f3wnany z maszyn\u0105, sprawd\u017a, czy nie ma uszkodze\u0144 lub zu\u017cycia t\u0142oka, pr\u0119ta lub innych cz\u0119\u015bci.<\/p>\n<p>Obs\u0142uga i zapobieganie b\u0142\u0119dom:<br \/>\n1. Niezw\u0142ocznie wymie\u0144 wszelkie uszkodzone lub zu\u017cyte cz\u0119\u015bci.<br \/>\n2. Regularna kontrola i konserwacja maszyny oraz cylindra ramienia mo\u017ce pom\u00f3c w zidentyfikowaniu potencjalnych problem\u00f3w zanim wyst\u0105pi\u0105.<br \/>\n3. U\u017cywaj wy\u0142\u0105cznie wysokiej jako\u015bci oleju hydraulicznego i utrzymuj prawid\u0142owy poziom oleju, aby zmniejszy\u0107 ryzyko uszkodzenia cylindra i innych podzespo\u0142\u00f3w.<\/p>\n<p><img decoding=\"async\" src=\"https:\/\/www.hydraulic-cylinders.net\/wp-content\/uploads\/2025\/01\/songte-chushion-collar.webp\"><\/p>\n<p>Podsumowuj\u0105c, jeste\u015bmy profesjonalnym producentem zamiennych cylindr\u00f3w hydraulicznych, oferuj\u0105cym szerok\u0105 gam\u0119 produkt\u00f3w i stali\u015bmy si\u0119 jednym z wiod\u0105cych producent\u00f3w i dystrybutor\u00f3w hurtowych cylindr\u00f3w hydraulicznych na rynku krajowym i mi\u0119dzynarodowym. Zawsze przestrzegamy zasady doskona\u0142ej jako\u015bci, opieraj\u0105c si\u0119 na strategii zarz\u0105dzania produkcj\u0105 przemys\u0142ow\u0105 w nowoczesnym zak\u0142adzie produkcyjnym, stale podnosz\u0105c poziom techniczny i wydajno\u015b\u0107 produkcji. Dzi\u0119ki wprowadzaniu zaawansowanego cyfrowego sprz\u0119tu produkcyjnego i profesjonalnych system\u00f3w testowych, stale optymalizujemy nasz\u0105 platform\u0119 produkcyjn\u0105, usprawniamy procesy kontroli jako\u015bci produkt\u00f3w i dysponujemy silnymi mo\u017cliwo\u015bciami innowacyjnymi. Naszym celem jest zaspokajanie zr\u00f3\u017cnicowanych potrzeb klient\u00f3w poprzez wysok\u0105 wydajno\u015b\u0107, dok\u0142adno\u015b\u0107 i przestrzeganie zasad jako\u015bci.<\/p>\n<p>Oferujemy profesjonalne, certyfikowane us\u0142ugi dostosowane do indywidualnych potrzeb, zaawansowany sprz\u0119t produkcyjny i doskona\u0142\u0105 obs\u0142ug\u0119 posprzeda\u017cow\u0105.<\/p>\n<p><img decoding=\"async\" src=\"https:\/\/www.hydraulic-cylinders.net\/wp-content\/uploads\/2025\/01\/songte-company-4.webp\"><br \/>\n<img decoding=\"async\" src=\"https:\/\/www.hydraulic-cylinders.net\/wp-content\/uploads\/2025\/01\/songte-company-3.webp\"><\/p>\n<p>Autor: lyl.<\/p>","protected":false},"excerpt":{"rendered":"<p>Arm Cylinder For Case Small Excavator CX58C Introduction: Arm Cylinder is a specially designed hydraulic cylinder used in various types of machinery for providing linear motion and power to the arm, such as excavators, cranes, and mechanical arms. Arm cylinders play a crucial role in the hydraulic system, enabling the effective movement and control of [&hellip;]<\/p>","protected":false},"featured_media":14783,"comment_status":"open","ping_status":"closed","template":"","meta":{"_et_pb_use_builder":"","_et_pb_old_content":"","_et_gb_content_width":""},"product_brand":[],"product_cat":[1497],"product_tag":[1498,1496],"class_list":{"0":"post-16648","1":"product","2":"type-product","3":"status-publish","4":"has-post-thumbnail","6":"product_cat-arm-cylinders","7":"product_tag-arm-cylinders","8":"product_tag-hydraulic-cylinders","10":"first","11":"instock","12":"shipping-taxable","13":"product-type-simple"},"amp_enabled":true,"_links":{"self":[{"href":"https:\/\/www.hydraulic-cylinders.net\/pl\/wp-json\/wp\/v2\/product\/16648","targetHints":{"allow":["GET"]}}],"collection":[{"href":"https:\/\/www.hydraulic-cylinders.net\/pl\/wp-json\/wp\/v2\/product"}],"about":[{"href":"https:\/\/www.hydraulic-cylinders.net\/pl\/wp-json\/wp\/v2\/types\/product"}],"replies":[{"embeddable":true,"href":"https:\/\/www.hydraulic-cylinders.net\/pl\/wp-json\/wp\/v2\/comments?post=16648"}],"wp:featuredmedia":[{"embeddable":true,"href":"https:\/\/www.hydraulic-cylinders.net\/pl\/wp-json\/wp\/v2\/media\/14783"}],"wp:attachment":[{"href":"https:\/\/www.hydraulic-cylinders.net\/pl\/wp-json\/wp\/v2\/media?parent=16648"}],"wp:term":[{"taxonomy":"product_brand","embeddable":true,"href":"https:\/\/www.hydraulic-cylinders.net\/pl\/wp-json\/wp\/v2\/product_brand?post=16648"},{"taxonomy":"product_cat","embeddable":true,"href":"https:\/\/www.hydraulic-cylinders.net\/pl\/wp-json\/wp\/v2\/product_cat?post=16648"},{"taxonomy":"product_tag","embeddable":true,"href":"https:\/\/www.hydraulic-cylinders.net\/pl\/wp-json\/wp\/v2\/product_tag?post=16648"}],"curies":[{"name":"wp","href":"https:\/\/api.w.org\/{rel}","templated":true}]}}