{"id":16653,"date":"2025-01-21T05:44:26","date_gmt":"2025-01-21T05:44:26","guid":{"rendered":"https:\/\/www.hydraulic-cylinders.net\/product\/arm-cylinder-for-case-middle-excavator-cx220b\/"},"modified":"2025-01-21T05:44:28","modified_gmt":"2025-01-21T05:44:28","slug":"arm-cylinder-for-case-middle-excavator-cx220b","status":"publish","type":"product","link":"https:\/\/www.hydraulic-cylinders.net\/pl\/produkt\/arm-cylinder-for-case-middle-excavator-cx220b\/","title":{"rendered":"Si\u0142ownik ramienia do koparki Case Middle Excavator CX220B"},"content":{"rendered":"<p>Si\u0142ownik ramienia do koparki Case Middle Excavator CX220B<\/p>\n<p>Wst\u0119p:<br \/>\nSi\u0142ownik ramienia to specjalistyczny si\u0142ownik hydrauliczny zaprojektowany do zapewnienia ruchu liniowego i zasilania r\u00f3\u017cnego rodzaju maszyn, takich jak koparki, d\u017awigi i ramiona mechaniczne. Si\u0142ownik ramienia odgrywa kluczow\u0105 rol\u0119 w uk\u0142adzie hydraulicznym, umo\u017cliwiaj\u0105c efektywny ruch i sterowanie osprz\u0119tem i akcesoriami. Si\u0142owniki te nie tylko zapewniaj\u0105 p\u0142ynne ruchy, ale tak\u017ce wytrzymuj\u0105 du\u017ce obci\u0105\u017cenia, zapewniaj\u0105c wydajn\u0105 prac\u0119 i niezawodno\u015b\u0107 maszyn w r\u00f3\u017cnych warunkach eksploatacyjnych.<\/p>\n<p>Cechy:<br \/>\n1. Wydajne przenoszenie mocy: Cylindry ramion zapewniaj\u0105 mocny ruch liniowy i si\u0142\u0119, gwarantuj\u0105c wydajn\u0105 prac\u0119 ramion mechanicznych podczas r\u00f3\u017cnych operacji.<br \/>\n2. Precyzyjna kontrola: Dzi\u0119ki zastosowaniu uk\u0142ad\u00f3w hydraulicznych si\u0142owniki ramion umo\u017cliwiaj\u0105 precyzyjn\u0105 kontrol\u0119 ruchu, co sprawia, \u017ce \u200b\u200bpraca osprz\u0119tu jest bardziej elastyczna i dok\u0142adna.<br \/>\n3. Wysoka trwa\u0142o\u015b\u0107: Cylindry ramienia s\u0105 zazwyczaj wykonane z materia\u0142\u00f3w o wysokiej wytrzyma\u0142o\u015bci, charakteryzuj\u0105cych si\u0119 dobr\u0105 odporno\u015bci\u0105 na zu\u017cycie i korozj\u0119, dzi\u0119ki czemu nadaj\u0105 si\u0119 do d\u0142ugotrwa\u0142ego u\u017cytkowania w trudnych warunkach.<br \/>\n4. Wszechstronno\u015b\u0107: Te cylindry mo\u017cna szeroko stosowa\u0107 w r\u00f3\u017cnych urz\u0105dzeniach mechanicznych, takich jak koparki, d\u017awigi i ramiona mechaniczne, aby sprosta\u0107 r\u00f3\u017cnorodnym wymaganiom roboczym.<br \/>\n5. \u0141atwa konserwacja: Zaprojektowane z my\u015bl\u0105 o \u0142atwo\u015bci konserwacji i wymiany, si\u0142owniki ramienia u\u0142atwiaj\u0105 regularne kontrole i konserwacj\u0119, redukuj\u0105c przestoje sprz\u0119tu.<\/p>\n<p>Zastosowania:<br \/>\n1. Budownictwo: W koparkach i d\u017awigach si\u0142owniki ramieniowe s\u0142u\u017c\u0105 do sterowania ruchem \u0142y\u017cek lub wysi\u0119gnik\u00f3w podczas rob\u00f3t ziemnych, przenoszenia materia\u0142\u00f3w i instalacji konstrukcyjnych.<br \/>\n2. Produkcja: W zautomatyzowanych liniach produkcyjnych si\u0142owniki ramieniowe s\u0142u\u017c\u0105 do poruszania ramionami mechanicznymi podczas monta\u017cu, spawania i obs\u0142ugi, co zwi\u0119ksza wydajno\u015b\u0107 i dok\u0142adno\u015b\u0107 produkcji.<br \/>\n3. Maszyny rolnicze: W maszynach rolniczych, takich jak kombajny i siewniki, si\u0142owniki ramion steruj\u0105 ruchem ramion roboczych, wykonuj\u0105c takie zadania, jak sadzenie, nawo\u017cenie i zbi\u00f3r.<br \/>\n4. G\u00f3rnictwo: W sprz\u0119cie g\u00f3rniczym cylindry ramionowe s\u0142u\u017c\u0105 do sterowania ruchem ramion sprz\u0119tu g\u00f3rniczego podczas wydobywania i transportu rudy.<br \/>\n5. Logistyka i transport: W w\u00f3zkach wid\u0142owych i robotach prze\u0142adunkowych si\u0142owniki ramion s\u0142u\u017c\u0105 do sterowania podnoszeniem i ruchem wide\u0142, co umo\u017cliwia przenoszenie materia\u0142\u00f3w i ich uk\u0142adanie.<\/p>\n<p>Zagadnienia projektowe i kryteria wyboru:<br \/>\n1. No\u015bno\u015b\u0107: Cylindry ramienia musz\u0105 by\u0107 zaprojektowane tak, aby wytrzyma\u0107 maksymalne obci\u0105\u017cenie, jakiemu b\u0119d\u0105 poddawane podczas pracy.<br \/>\n2. Uszczelnienie: R\u00f3\u017cne elementy uszczelniaj\u0105ce, takie jak uszczelki t\u0142okowe i uszczelki t\u0142oczyskowe, s\u0142u\u017c\u0105 do zapobiegania wyciekom p\u0142ynu hydraulicznego i przedostawaniu si\u0119 zanieczyszcze\u0144.<br \/>\n3. Trwa\u0142o\u015b\u0107: Cylindry ramienia musz\u0105 by\u0107 wykonane z materia\u0142\u00f3w o dobrej odporno\u015bci na zu\u017cycie i korozj\u0119, aby zapewni\u0107 d\u0142ugotrwa\u0142e u\u017cytkowanie w trudnych warunkach.<br \/>\n4. Bezpiecze\u0144stwo: Cylindry ramienia musz\u0105 by\u0107 zaprojektowane tak, aby zapobiega\u0107 wypadkom spowodowanym awari\u0105 lub nieprawid\u0142owym dzia\u0142aniem cylindra.<br \/>\n5. \u0141atwo\u015b\u0107 konserwacji: Cylindry ramienia powinny by\u0107 zaprojektowane w spos\u00f3b umo\u017cliwiaj\u0105cy \u0142atw\u0105 konserwacj\u0119 i napraw\u0119, z \u0142atwo dost\u0119pnymi podzespo\u0142ami i cz\u0119\u015bciami zamiennymi.<\/p>\n<p>Uszczelnianie i smarowanie:<br \/>\nR\u00f3\u017cne elementy uszczelniaj\u0105ce, takie jak uszczelnienia t\u0142oka i t\u0142oczyska, s\u0142u\u017c\u0105 do zapobiegania wyciekom p\u0142ynu hydraulicznego i przedostawaniu si\u0119 zanieczyszcze\u0144. Si\u0142owniki ramienia wymagaj\u0105 okresowego smarowania odpowiednim olejem hydraulicznym, aby zachowa\u0107 wydajno\u015b\u0107 i trwa\u0142o\u015b\u0107.<\/p>\n<p>Konserwacja zapobiegawcza i rozwi\u0105zywanie problem\u00f3w:<br \/>\nRegularna kontrola i konserwacja si\u0142ownika ramienia s\u0105 niezb\u0119dne dla zapewnienia ci\u0105g\u0142ej i wydajnej pracy. Typowe problemy z dzia\u0142aniem si\u0142ownika ramienia to wycieki p\u0142ynu hydraulicznego, nadmierne zu\u017cycie si\u0142ownika oraz uszkodzenie t\u0142oczyska. Nale\u017cy przestrzega\u0107 procedur rozwi\u0105zywania problem\u00f3w i napraw zalecanych przez producenta, aby utrzyma\u0107 wydajno\u015b\u0107 si\u0142ownika ramienia i zapobiec potencjalnym problemom.<\/p>\n<p>Instrukcja instalacji:<br \/>\n1. Wyczy\u015b\u0107 wszystkie powierzchnie monta\u017cowe i upewnij si\u0119, \u017ce s\u0105 wolne od rdzy, brudu i zanieczyszcze\u0144.<br \/>\n2. Wyr\u00f3wnaj mocowanie cylindra ramienia z punktem mocowania na maszynie i zabezpiecz odpowiednimi \u015brubami lub elementami mocuj\u0105cymi.<br \/>\n3. Pod\u0142\u0105cz przewody hydrauliczne do cylindra ramienia zgodnie z instrukcj\u0105 producenta.<br \/>\n4. Sprawd\u017a, czy cylinder dzia\u0142a prawid\u0142owo, w tym czy porusza si\u0119 p\u0142ynnie i reaguje prawid\u0142owo na sterowanie hydrauliczne.<\/p>\n<p>Zagadnienia bezpiecze\u0144stwa i czynniki \u015brodowiskowe:<br \/>\nPodczas pracy z urz\u0105dzeniami hydraulicznymi nale\u017cy zachowa\u0107 \u015brodki bezpiecze\u0144stwa, takie jak noszenie odpowiedniego sprz\u0119tu ochronnego oraz przestrzeganie zalecanych procedur konserwacji i napraw. Czynniki \u015brodowiskowe, takie jak temperatura i wilgotno\u015b\u0107, mog\u0105 wp\u0142ywa\u0107 na wydajno\u015b\u0107 si\u0142ownika ramienia i nale\u017cy je uwzgl\u0119dni\u0107 podczas pracy w ekstremalnych warunkach.<\/p>\n<p>Jeste\u015bmy profesjonalnym producentem alternatywnych cylindr\u00f3w hydraulicznych, oferuj\u0105cym szerok\u0105 gam\u0119 produkt\u00f3w i us\u0142ug. Stali\u015bmy si\u0119 wiod\u0105cym producentem i hurtowym dystrybutorem cylindr\u00f3w hydraulicznych na rynku krajowym i mi\u0119dzynarodowym. Zawsze przestrzegamy zasady doskona\u0142ej jako\u015bci, opieraj\u0105c si\u0119 na strategii zarz\u0105dzania produkcj\u0105 przemys\u0142ow\u0105 w naszym zaawansowanym warsztacie produkcyjnym, aby stale podnosi\u0107 poziom techniczny i wydajno\u015b\u0107 produkcji. Wprowadzaj\u0105c zaawansowany cyfrowy sprz\u0119t produkcyjny i profesjonalne systemy testowe, stale optymalizujemy platformy produkcyjne, usprawniamy procesy kontroli jako\u015bci produkt\u00f3w i dysponujemy silnymi mo\u017cliwo\u015bciami innowacyjnymi. Naszym celem jest zaspokajanie zr\u00f3\u017cnicowanych potrzeb naszych klient\u00f3w, kieruj\u0105c si\u0119 zasadami wydajno\u015bci, dok\u0142adno\u015bci i wysokiej jako\u015bci.<\/p>\n<p>Nasza firma dysponuje nast\u0119puj\u0105cymi mo\u017cliwo\u015bciami:<br \/>\n1. Profesjonalizm: Mamy zesp\u00f3\u0142 do\u015bwiadczonych specjalist\u00f3w, kt\u00f3rzy specjalizuj\u0105 si\u0119 w projektowaniu i produkcji cylindr\u00f3w hydraulicznych oraz obs\u0142udze klienta.<br \/>\n2. Certyfikacja mi\u0119dzynarodowa: Nasze produkty spe\u0142niaj\u0105 mi\u0119dzynarodowe standardy jako\u015bci i posiadaj\u0105 r\u00f3\u017cne certyfikaty, takie jak ISO9001 i CE.<br \/>\n3. Us\u0142ugi dostosowywania: Dostarczamy rozwi\u0105zania w zakresie cylindr\u00f3w hydraulicznych dostosowane do wymaga\u0144 klienta.<br \/>\n4. Sprz\u0119t produkcyjny: Wykorzystujemy zaawansowany cyfrowy sprz\u0119t produkcyjny, aby zapewni\u0107 precyzj\u0119 i wydajno\u015b\u0107 proces\u00f3w produkcyjnych.<br \/>\n5. Serwis posprzeda\u017cowy: Oferujemy kompleksowy system serwisu posprzeda\u017cowego, obejmuj\u0105cy wsparcie techniczne, konserwacj\u0119 i naprawy.<\/p>\n<p>Autor: lyl.<\/p>","protected":false},"excerpt":{"rendered":"<p>Arm Cylinder for Case Middle Excavator CX220B Introduction: Arm cylinder is a specialized hydraulic cylinder designed to provide linear motion and power for various types of machinery, such as excavators, cranes, and mechanical arms. The arm cylinder plays a crucial role in a hydraulic system by enabling the effective movement and control of attachments and [&hellip;]<\/p>","protected":false},"featured_media":14770,"comment_status":"open","ping_status":"closed","template":"","meta":{"_et_pb_use_builder":"","_et_pb_old_content":"","_et_gb_content_width":""},"product_brand":[],"product_cat":[1497],"product_tag":[1498,1496],"class_list":{"0":"post-16653","1":"product","2":"type-product","3":"status-publish","4":"has-post-thumbnail","6":"product_cat-arm-cylinders","7":"product_tag-arm-cylinders","8":"product_tag-hydraulic-cylinders","10":"first","11":"instock","12":"shipping-taxable","13":"product-type-simple"},"amp_enabled":true,"_links":{"self":[{"href":"https:\/\/www.hydraulic-cylinders.net\/pl\/wp-json\/wp\/v2\/product\/16653","targetHints":{"allow":["GET"]}}],"collection":[{"href":"https:\/\/www.hydraulic-cylinders.net\/pl\/wp-json\/wp\/v2\/product"}],"about":[{"href":"https:\/\/www.hydraulic-cylinders.net\/pl\/wp-json\/wp\/v2\/types\/product"}],"replies":[{"embeddable":true,"href":"https:\/\/www.hydraulic-cylinders.net\/pl\/wp-json\/wp\/v2\/comments?post=16653"}],"wp:featuredmedia":[{"embeddable":true,"href":"https:\/\/www.hydraulic-cylinders.net\/pl\/wp-json\/wp\/v2\/media\/14770"}],"wp:attachment":[{"href":"https:\/\/www.hydraulic-cylinders.net\/pl\/wp-json\/wp\/v2\/media?parent=16653"}],"wp:term":[{"taxonomy":"product_brand","embeddable":true,"href":"https:\/\/www.hydraulic-cylinders.net\/pl\/wp-json\/wp\/v2\/product_brand?post=16653"},{"taxonomy":"product_cat","embeddable":true,"href":"https:\/\/www.hydraulic-cylinders.net\/pl\/wp-json\/wp\/v2\/product_cat?post=16653"},{"taxonomy":"product_tag","embeddable":true,"href":"https:\/\/www.hydraulic-cylinders.net\/pl\/wp-json\/wp\/v2\/product_tag?post=16653"}],"curies":[{"name":"wp","href":"https:\/\/api.w.org\/{rel}","templated":true}]}}