{"id":16654,"date":"2025-01-21T05:44:30","date_gmt":"2025-01-21T05:44:30","guid":{"rendered":"https:\/\/www.hydraulic-cylinders.net\/product\/arm-cylinder-for-case-middle-excavator-cx240b\/"},"modified":"2025-01-21T05:44:32","modified_gmt":"2025-01-21T05:44:32","slug":"arm-cylinder-for-case-middle-excavator-cx240b","status":"publish","type":"product","link":"https:\/\/www.hydraulic-cylinders.net\/pl\/produkt\/arm-cylinder-for-case-middle-excavator-cx240b\/","title":{"rendered":"Si\u0142ownik ramienia do koparki Case Middle Excavator CX240B"},"content":{"rendered":"<h1>Si\u0142ownik ramienia do koparki Case Middle Excavator CX240B<\/h1>\n<h2>Wst\u0119p<\/h2>\n<p>Si\u0142ownik ramienia to specjalnie zaprojektowany si\u0142ownik hydrauliczny, kt\u00f3ry zapewnia ruch liniowy i moc ramienia r\u00f3\u017cnego rodzaju maszyn, takich jak koparki, d\u017awigi i ramiona mechaniczne. Si\u0142ownik ramienia odgrywa kluczow\u0105 rol\u0119 w uk\u0142adach hydraulicznych, umo\u017cliwiaj\u0105c sprawny ruch i sterowanie osprz\u0119tem lub akcesoriami. Si\u0142owniki te nie tylko zapewniaj\u0105 p\u0142ynny ruch, ale tak\u017ce wytrzymuj\u0105 du\u017ce obci\u0105\u017cenia, gwarantuj\u0105c wysok\u0105 wydajno\u015b\u0107 i niezawodno\u015b\u0107 maszyn w r\u00f3\u017cnych warunkach pracy.<\/p>\n<p><img decoding=\"async\" src=\"https:\/\/www.hydraulic-cylinders.net\/wp-content\/uploads\/2025\/01\/songte-company-2.webp\" alt=\"Obraz cylindra ramienia\"><\/p>\n<h2>Cechy<\/h2>\n<ul>\n<li><strong>Wysokowydajna skrzynia bieg\u00f3w:<\/strong> Si\u0142ownik ramienia zapewnia mocny ruch liniowy i si\u0142\u0119, gwarantuj\u0105c wysok\u0105 wydajno\u015b\u0107 ramienia mechanicznego w r\u00f3\u017cnych operacjach.<\/li>\n<li><strong>Precyzyjna kontrola:<\/strong> Dzi\u0119ki uk\u0142adowi hydraulicznemu si\u0142ownik ramienia umo\u017cliwia precyzyjn\u0105 kontrol\u0119 ruchu, co sprawia, \u017ce \u200b\u200bpraca z pod\u0142\u0105czonymi narz\u0119dziami jest bardziej elastyczna i dok\u0142adna.<\/li>\n<li><strong>Trwa\u0142o\u015b\u0107:<\/strong> Cylindry ramienia s\u0105 zazwyczaj produkowane z materia\u0142\u00f3w o wysokiej wytrzyma\u0142o\u015bci, zapewniaj\u0105cych doskona\u0142\u0105 odporno\u015b\u0107 na zu\u017cycie i korozj\u0119, dzi\u0119ki czemu nadaj\u0105 si\u0119 do d\u0142ugotrwa\u0142ego u\u017cytkowania w trudnych warunkach.<\/li>\n<li><strong>Wielofunkcyjna adaptacyjno\u015b\u0107:<\/strong> Si\u0142owniki te mog\u0105 by\u0107 szeroko stosowane w r\u00f3\u017cnych urz\u0105dzeniach mechanicznych, takich jak koparki, d\u017awigi i ramiona mechaniczne, dostosowuj\u0105c si\u0119 do r\u00f3\u017cnych wymaga\u0144 roboczych.<\/li>\n<li><strong>\u0141atwa konserwacja:<\/strong> Zaprojektowane z my\u015bl\u0105 o \u0142atwej konserwacji i wymianie, si\u0142owniki te u\u0142atwiaj\u0105 regularne kontrole i konserwacj\u0119, redukuj\u0105c przestoje sprz\u0119tu.<\/li>\n<\/ul>\n<p><img decoding=\"async\" src=\"https:\/\/www.hydraulic-cylinders.net\/wp-content\/uploads\/2025\/01\/songte-oil-pipes-and-spare-parts.webp\" alt=\"Obraz cz\u0119\u015bci zamiennych do cylindra\"><\/p>\n<h2>Aplikacje<\/h2>\n<p>Si\u0142ownik ramieniowy znajduje zastosowanie w r\u00f3\u017cnych ga\u0142\u0119ziach przemys\u0142u:<\/p>\n<ul>\n<li><strong>In\u017cynieria budowlana:<\/strong> W koparkach i d\u017awigach si\u0142ownik ramienia steruje ruchem \u0142y\u017cki lub wysi\u0119gnika podczas prac ziemnych, przenoszenia materia\u0142\u00f3w i instalacji konstrukcyjnych.<\/li>\n<li><strong>Przemys\u0142 wytw\u00f3rczy:<\/strong> W zautomatyzowanych liniach produkcyjnych si\u0142ownik ramienia u\u0142atwia ruch ramion mechanicznych podczas monta\u017cu, spawania i obs\u0142ugi materia\u0142\u00f3w, co zwi\u0119ksza wydajno\u015b\u0107 i precyzj\u0119 produkcji.<\/li>\n<li><strong>Maszyny rolnicze:<\/strong> W sprz\u0119cie rolniczym, takim jak kombajny i siewniki, si\u0142ownik ramienia steruje ruchem ramienia roboczego, wykonuj\u0105cego zadania takie jak siew, nawo\u017cenie i zbi\u00f3r.<\/li>\n<li><strong>G\u00f3rnictwo:<\/strong> W sprz\u0119cie g\u00f3rniczym si\u0142ownik ramienia steruje ruchem ramienia podczas wydobywania i transportu rudy.<\/li>\n<li><strong>Logistyka i transport:<\/strong> W w\u00f3zkach wid\u0142owych i robotach prze\u0142adunkowych si\u0142ownik ramienia steruje podnoszeniem i ruchem wide\u0142, umo\u017cliwiaj\u0105c przenoszenie i uk\u0142adanie materia\u0142\u00f3w.<\/li>\n<\/ul>\n<h2>Zagadnienia projektowe i kryteria wyboru<\/h2>\n<p>Przy rozwa\u017caniach projektowych i kryteriach wyboru cylindr\u00f3w ramieniowych nale\u017cy wzi\u0105\u0107 pod uwag\u0119 kilka kluczowych czynnik\u00f3w:<\/p>\n<ul>\n<li><strong>No\u015bno\u015b\u0107:<\/strong> Cylindry ramienia musz\u0105 by\u0107 w stanie wytrzyma\u0107 wymagane obci\u0105\u017cenie podczas pracy, aby zapewni\u0107 bezpieczn\u0105 i wydajn\u0105 prac\u0119.<\/li>\n<li><strong>Opiecz\u0119towanie:<\/strong> Aby zapewni\u0107 skuteczne uszczelnienie, stosuje si\u0119 r\u00f3\u017cne uszczelnienia, takie jak uszczelnienia t\u0142ok\u00f3w i t\u0142oczysk, wykonane z materia\u0142\u00f3w odpornych na zu\u017cycie, takich jak poliuretan i kauczuk nitrylowy. Korpus cylindra i gwintowana powierzchnia ko\u0144cowa s\u0105 precyzyjnie obrobione w celu zwi\u0119kszenia odporno\u015bci na zu\u017cycie.<\/li>\n<li><strong>Trwa\u0142o\u015b\u0107:<\/strong> Cylindry ramieniowe powinny by\u0107 zaprojektowane tak, aby by\u0142y trwa\u0142e i zdolne do wytrzymania trudnych warunk\u00f3w pracy, w jakich mog\u0105 by\u0107 stosowane.<\/li>\n<li><strong>Bezpiecze\u0144stwo:<\/strong> Podczas pracy nale\u017cy bezwzgl\u0119dnie przestrzega\u0107 zasad bezpiecze\u0144stwa, aby zapobiega\u0107 wypadkom i zapewni\u0107 ochron\u0119 personelu i sprz\u0119tu.<\/li>\n<li><strong>Utrzymywalno\u015b\u0107:<\/strong> Cylindry ramienia powinny by\u0107 zaprojektowane w spos\u00f3b umo\u017cliwiaj\u0105cy \u0142atw\u0105 konserwacj\u0119 i napraw\u0119, co skr\u00f3ci przestoje i zapewni ci\u0105g\u0142\u0105 prac\u0119.<\/li>\n<\/ul>\n<p><img decoding=\"async\" src=\"https:\/\/www.hydraulic-cylinders.net\/wp-content\/uploads\/2025\/01\/songte-cylinder-head-with-all-kinds-excavator-models.webp\" alt=\"Obraz g\u0142owicy cylindra\"><\/p>\n<h2>Uszczelnianie i smarowanie<\/h2>\n<p>W si\u0142ownikach ramienia stosowane s\u0105 r\u00f3\u017cnego rodzaju uszczelnienia, takie jak uszczelnienia t\u0142oka i t\u0142oczyska, wykonane z materia\u0142\u00f3w odpornych na zu\u017cycie, takich jak poliuretan i kauczuk nitrylowy. Korpus si\u0142ownika i gwintowana powierzchnia ko\u0144cowa s\u0105 precyzyjnie obrobione w celu zwi\u0119kszenia odporno\u015bci na zu\u017cycie. Regularne smarowanie odpowiednim olejem hydraulicznym jest niezb\u0119dne dla zapewnienia p\u0142ynnej pracy i zmniejszenia tarcia.<\/p>\n<h2>Regularne kontrole i konserwacja zapobiegawcza<\/h2>\n<p>Regularne przegl\u0105dy i konserwacja zapobiegawcza s\u0105 kluczowe dla zapewnienia optymalnej wydajno\u015bci i trwa\u0142o\u015bci si\u0142ownik\u00f3w ramienia. Oto kilka kluczowych dzia\u0142a\u0144:<\/p>\n<ul>\n<li>Kontrola uszczelek pod k\u0105tem zu\u017cycia i uszkodze\u0144.<\/li>\n<li>Sprawdzanie przeciek\u00f3w i szybkie ich usuwanie.<\/li>\n<li>Sprawdzanie prawid\u0142owego smarowania i uzupe\u0142nianie oleju hydraulicznego w razie potrzeby.<\/li>\n<li>Sprawdzenie korpusu cylindra i powierzchni gwintowanej pod k\u0105tem oznak zu\u017cycia lub korozji.<\/li>\n<li>Okresowe sprawdzanie wydajno\u015bci cylindra.<\/li>\n<\/ul>\n<h2>Instrukcja instalacji produktu<\/h2>\n<p>Prawid\u0142owy monta\u017c si\u0142ownik\u00f3w ramienia jest niezb\u0119dny dla zapewnienia ich wydajnego i bezpiecznego dzia\u0142ania. Post\u0119puj zgodnie z poni\u017cszymi wskaz\u00f3wkami:<\/p>\n<ul>\n<li>Upewnij si\u0119, \u017ce powierzchnie monta\u017cowe s\u0105 czyste i wolne od zanieczyszcze\u0144.<\/li>\n<li>Do instalacji nale\u017cy u\u017cywa\u0107 odpowiednich narz\u0119dzi i sprz\u0119tu.<\/li>\n<li>Solidnie zamocuj cylinder, stosuj\u0105c zalecane parametry momentu obrotowego.<\/li>\n<li>Pod\u0142\u0105cz prawid\u0142owo w\u0119\u017ce lub rury hydrauliczne, zwracaj\u0105c uwag\u0119 na w\u0142a\u015bciwe uszczelnienie.<\/li>\n<li>Po instalacji nale\u017cy przeprowadzi\u0107 dok\u0142adn\u0105 kontrol\u0119 w celu upewnienia si\u0119, \u017ce urz\u0105dzenie dzia\u0142a prawid\u0142owo.<\/li>\n<\/ul>\n<p><img decoding=\"async\" src=\"https:\/\/www.hydraulic-cylinders.net\/wp-content\/uploads\/2025\/01\/songte-bushings-with-all-kinds-of-excavator-models.webp\" alt=\"Obraz tulei cylindrowych\"><\/p>\n<h2>Zagadnienia bezpiecze\u0144stwa i czynniki \u015brodowiskowe<\/h2>\n<p>Podczas korzystania z si\u0142ownik\u00f3w ramieniowych \u015brodki bezpiecze\u0144stwa maj\u0105 kluczowe znaczenie, aby zapobiega\u0107 wypadkom i zapewni\u0107 bezpiecze\u0144stwo personelu. Odpowiednie szkolenie, przestrzeganie protoko\u0142\u00f3w bezpiecze\u0144stwa oraz regularne przegl\u0105dy sprz\u0119tu przyczyniaj\u0105 si\u0119 do bezpiecznego \u015brodowiska pracy. Dodatkowo, uwzgl\u0119dnienie czynnik\u00f3w \u015brodowiskowych, takich jak redukcja ha\u0142asu i zapobieganie wyciekom, pomaga zminimalizowa\u0107 wp\u0142yw na otoczenie.<\/p>\n<h2>Rozwi\u0105zywanie problem\u00f3w i typowe problemy<\/h2>\n<p>Poni\u017cej przedstawiono kilka typowych wskaz\u00f3wek i rozwi\u0105za\u0144 dotycz\u0105cych rozwi\u0105zywania problem\u00f3w z cylindrami ramienia:<\/p>\n<ul>\n<li><strong>Wydanie:<\/strong> Cylinder nie wysuwa si\u0119 lub nie chowa prawid\u0142owo.<\/li>\n<li><strong>Rozwi\u0105zanie:<\/strong> Sprawd\u017a, czy poziom p\u0142ynu hydraulicznego jest niski, uszczelki uszkodzone lub zawory steruj\u0105ce nie s\u0105 uszkodzone. W razie potrzeby uzupe\u0142nij p\u0142yn hydrauliczny lub wymie\u0144 uszkodzone podzespo\u0142y.<\/li>\n<li><strong>Wydanie:<\/strong> Nadmierny ha\u0142as podczas pracy.<\/li>\n<li><strong>Rozwi\u0105zanie:<\/strong> Sprawd\u017a, czy \u015bruby mocuj\u0105ce nie s\u0105 poluzowane, \u0142o\u017cyska zu\u017cyte lub elementy uszkodzone. Dokr\u0119\u0107 \u015bruby, wymie\u0144 zu\u017cyte cz\u0119\u015bci i nasmaruj w razie potrzeby.<\/li>\n<li><strong>Wydanie:<\/strong> Wyciek wok\u00f3\u0142 cylindra.<\/li>\n<li><strong>Rozwi\u0105zanie:<\/strong> Sprawd\u017a uszczelki i po\u0142\u0105czenia pod k\u0105tem uszkodze\u0144 lub nieprawid\u0142owego monta\u017cu. Wymie\u0144 uszczelki lub ponownie zamontuj po\u0142\u0105czenia, aby wyeliminowa\u0107 nieszczelno\u015bci.<\/li>\n<\/ul>\n<p>Stosuj\u0105c si\u0119 do tych wskaz\u00f3wek i rozwi\u0105za\u0144 dotycz\u0105cych rozwi\u0105zywania problem\u00f3w, czytelnicy mog\u0105 skutecznie diagnozowa\u0107 i rozwi\u0105zywa\u0107 problemy, a tak\u017ce wdra\u017ca\u0107 \u015brodki zapobiegawcze w celu zminimalizowania potencjalnych problem\u00f3w.<\/p>\n<p><img decoding=\"async\" src=\"https:\/\/www.hydraulic-cylinders.net\/wp-content\/uploads\/2025\/01\/songte-chushion-collar.webp\" alt=\"Obraz ko\u0142nierza poduszkowego\"><\/p>\n<p>Pami\u0119taj, aby artyku\u0142 by\u0142 logicznie uporz\u0105dkowany, u\u017cywaj podtytu\u0142\u00f3w u\u0142atwiaj\u0105cych nawigacj\u0119, dodawaj odpowiednie obrazy i wykresy, aby u\u0142atwi\u0107 zrozumienie, a tak\u017ce zadbaj o to, aby tre\u015b\u0107 by\u0142a przejrzysta, zwi\u0119z\u0142a i odpowiednia dla czytelnik\u00f3w o r\u00f3\u017cnym poziomie wiedzy technicznej.<\/p>\n<h2>O nas<\/h2>\n<p>Jeste\u015bmy profesjonalnym producentem zamiennych si\u0142ownik\u00f3w hydraulicznych, oferuj\u0105cym szerok\u0105 gam\u0119 produkt\u00f3w. Jako jeden z wiod\u0105cych producent\u00f3w i dystrybutor\u00f3w hurtowych na rynku krajowym i mi\u0119dzynarodowym, kierujemy si\u0119 zasad\u0105 doskona\u0142o\u015bci jako\u015bci. Dzi\u0119ki naszej strategii zarz\u0105dzania produkcj\u0105 przemys\u0142ow\u0105 w precyzyjnie dopracowanych warsztatach produkcyjnych, stale podnosimy nasze mo\u017cliwo\u015bci technologiczne i wydajno\u015b\u0107 produkcji. Wprowadzaj\u0105c wysokiej klasy cyfrowy sprz\u0119t produkcyjny i profesjonalne systemy testowe, optymalizujemy nasz\u0105 platform\u0119 produkcyjn\u0105 i doskonalimy procesy kontroli jako\u015bci, wykazuj\u0105c si\u0119 wysokim potencja\u0142em innowacyjnym. Naszym celem jest zaspokajanie zr\u00f3\u017cnicowanych potrzeb klient\u00f3w poprzez wydajno\u015b\u0107, precyzj\u0119 i wysok\u0105 jako\u015b\u0107 produkt\u00f3w.<\/p>\n<p><img decoding=\"async\" src=\"https:\/\/www.hydraulic-cylinders.net\/wp-content\/uploads\/2025\/01\/songte-company-4.webp\" alt\n<\/p>","protected":false},"excerpt":{"rendered":"<p>Arm Cylinder For Case Middle Excavator CX240B Introduction An arm cylinder is a specially designed hydraulic cylinder that provides linear motion and power to the arm of various types of machinery, such as excavators, cranes, and mechanical arms. The arm cylinder plays a crucial role in hydraulic systems, enabling the efficient movement and control of [&hellip;]<\/p>","protected":false},"featured_media":14766,"comment_status":"open","ping_status":"closed","template":"","meta":{"_et_pb_use_builder":"","_et_pb_old_content":"","_et_gb_content_width":""},"product_brand":[],"product_cat":[1497],"product_tag":[1498,1496],"class_list":{"0":"post-16654","1":"product","2":"type-product","3":"status-publish","4":"has-post-thumbnail","6":"product_cat-arm-cylinders","7":"product_tag-arm-cylinders","8":"product_tag-hydraulic-cylinders","10":"first","11":"instock","12":"shipping-taxable","13":"product-type-simple"},"amp_enabled":true,"_links":{"self":[{"href":"https:\/\/www.hydraulic-cylinders.net\/pl\/wp-json\/wp\/v2\/product\/16654","targetHints":{"allow":["GET"]}}],"collection":[{"href":"https:\/\/www.hydraulic-cylinders.net\/pl\/wp-json\/wp\/v2\/product"}],"about":[{"href":"https:\/\/www.hydraulic-cylinders.net\/pl\/wp-json\/wp\/v2\/types\/product"}],"replies":[{"embeddable":true,"href":"https:\/\/www.hydraulic-cylinders.net\/pl\/wp-json\/wp\/v2\/comments?post=16654"}],"wp:featuredmedia":[{"embeddable":true,"href":"https:\/\/www.hydraulic-cylinders.net\/pl\/wp-json\/wp\/v2\/media\/14766"}],"wp:attachment":[{"href":"https:\/\/www.hydraulic-cylinders.net\/pl\/wp-json\/wp\/v2\/media?parent=16654"}],"wp:term":[{"taxonomy":"product_brand","embeddable":true,"href":"https:\/\/www.hydraulic-cylinders.net\/pl\/wp-json\/wp\/v2\/product_brand?post=16654"},{"taxonomy":"product_cat","embeddable":true,"href":"https:\/\/www.hydraulic-cylinders.net\/pl\/wp-json\/wp\/v2\/product_cat?post=16654"},{"taxonomy":"product_tag","embeddable":true,"href":"https:\/\/www.hydraulic-cylinders.net\/pl\/wp-json\/wp\/v2\/product_tag?post=16654"}],"curies":[{"name":"wp","href":"https:\/\/api.w.org\/{rel}","templated":true}]}}