{"id":16662,"date":"2025-01-21T05:45:15","date_gmt":"2025-01-21T05:45:15","guid":{"rendered":"https:\/\/www.hydraulic-cylinders.net\/product\/arm-cylinder-for-case-wheel-excavator-wx188\/"},"modified":"2025-01-21T05:45:17","modified_gmt":"2025-01-21T05:45:17","slug":"arm-cylinder-for-case-wheel-excavator-wx188","status":"publish","type":"product","link":"https:\/\/www.hydraulic-cylinders.net\/pl\/produkt\/arm-cylinder-for-case-wheel-excavator-wx188\/","title":{"rendered":"Si\u0142ownik ramienia do koparki ko\u0142owej Case WX188"},"content":{"rendered":"<h2>Si\u0142ownik ramienia do koparki ko\u0142owej Case WX188<\/h2>\n<p>Si\u0142ownik ramienia to specjalnie zaprojektowany si\u0142ownik hydrauliczny, kt\u00f3ry zapewnia ruch liniowy i zasilanie ramienia r\u00f3\u017cnych maszyn, takich jak koparki, d\u017awigi i ramiona robot\u00f3w. Odgrywa kluczow\u0105 rol\u0119 w uk\u0142adach hydraulicznych, umo\u017cliwiaj\u0105c wydajny ruch i sterowanie dodatkowymi narz\u0119dziami lub osprz\u0119tem. Si\u0142owniki te nie tylko zapewniaj\u0105 p\u0142ynny ruch, ale tak\u017ce wytrzymuj\u0105 du\u017ce obci\u0105\u017cenia, gwarantuj\u0105c wydajn\u0105 prac\u0119 i niezawodno\u015b\u0107 maszyn w r\u00f3\u017cnych warunkach pracy.<\/p>\n<p><img decoding=\"async\" src=\"https:\/\/www.hydraulic-cylinders.net\/wp-content\/uploads\/2025\/01\/songte-company-2.webp\" alt=\"Obraz cylindra ramienia\"><\/p>\n<h3>Cechy cylindra ramienia<\/h3>\n<ul>\n<li>Wysokowydajny nap\u0119d: Cylinder ramienia zapewnia mocny ruch liniowy i si\u0142\u0119, gwarantuj\u0105c wysok\u0105 wydajno\u015b\u0107 ramienia mechanicznego w r\u00f3\u017cnych operacjach.<\/li>\n<li>Precyzyjna kontrola: Dzi\u0119ki uk\u0142adowi hydraulicznemu si\u0142ownik ramienia umo\u017cliwia precyzyjn\u0105 kontrol\u0119 ruchu, co sprawia, \u017ce \u200b\u200bobs\u0142uga dodatkowych narz\u0119dzi jest bardziej elastyczna i dok\u0142adna.<\/li>\n<li>Wysoka trwa\u0142o\u015b\u0107: Cylindry ramienia s\u0105 zazwyczaj produkowane z materia\u0142\u00f3w o wysokiej wytrzyma\u0142o\u015bci, zapewniaj\u0105cych doskona\u0142\u0105 odporno\u015b\u0107 na zu\u017cycie i korozj\u0119, dzi\u0119ki czemu nadaj\u0105 si\u0119 do d\u0142ugotrwa\u0142ego u\u017cytkowania w trudnych warunkach.<\/li>\n<li>Wielofunkcyjna adaptowalno\u015b\u0107: Cylindry te mo\u017cna szeroko stosowa\u0107 w r\u00f3\u017cnych typach maszyn, takich jak koparki, d\u017awigi i ramiona robotyczne, dostosowuj\u0105c si\u0119 do r\u00f3\u017cnych wymaga\u0144 roboczych.<\/li>\n<li>\u0141atwa konserwacja: Projekt uwzgl\u0119dnia \u0142atwo\u015b\u0107 konserwacji i wymiany, co u\u0142atwia regularne kontrole i konserwacj\u0119, a tym samym ogranicza przestoje sprz\u0119tu.<\/li>\n<\/ul>\n<p><img decoding=\"async\" src=\"https:\/\/www.hydraulic-cylinders.net\/wp-content\/uploads\/2025\/01\/songte-oil-pipes-and-spare-parts.webp\" alt=\"Rury olejowe i cz\u0119\u015bci zamienne Obraz\"><\/p>\n<h3>Zastosowania cylindra ramienia<\/h3>\n<p>Cylindry ramieniowe znajduj\u0105 zastosowanie w r\u00f3\u017cnych ga\u0142\u0119ziach przemys\u0142u i sektorach:<\/p>\n<ul>\n<li>In\u017cynieria budowlana: W koparkach i d\u017awigach si\u0142owniki ramion steruj\u0105 ruchem \u0142y\u017cek lub wysi\u0119gnik\u00f3w podczas rob\u00f3t ziemnych, przenoszenia materia\u0142\u00f3w i instalacji konstrukcyjnych.<\/li>\n<li>Przemys\u0142 wytw\u00f3rczy: W zautomatyzowanych liniach produkcyjnych cylindry ramion umo\u017cliwiaj\u0105 ruch ramion robot\u00f3w w procesach takich jak monta\u017c, spawanie i obs\u0142uga materia\u0142\u00f3w, zwi\u0119kszaj\u0105c wydajno\u015b\u0107 i precyzj\u0119 produkcji.<\/li>\n<li>Maszyny rolnicze: W sprz\u0119cie rolniczym, takim jak kombajny i siewniki, si\u0142owniki ramion steruj\u0105 ruchem ramion roboczych podczas wykonywania takich zada\u0144, jak sadzenie, nawo\u017cenie i zbi\u00f3r.<\/li>\n<li>G\u00f3rnictwo: W sprz\u0119cie g\u00f3rniczym cylindry ramieniowe steruj\u0105 ruchem ramion maszyn g\u00f3rniczych s\u0142u\u017c\u0105cych do wydobywania i transportu rudy.<\/li>\n<li>Logistyka i transport: W w\u00f3zkach wid\u0142owych i robotach prze\u0142adunkowych si\u0142owniki ramion steruj\u0105 podnoszeniem i ruchem wide\u0142, u\u0142atwiaj\u0105c przenoszenie materia\u0142\u00f3w i ich uk\u0142adanie.<\/li>\n<\/ul>\n<h3>Zagadnienia projektowe i kryteria wyboru<\/h3>\n<p>Przy projektowaniu cylindr\u00f3w ramieniowych bierze si\u0119 pod uwag\u0119 kilka czynnik\u00f3w i kryteri\u00f3w doboru:<\/p>\n<ul>\n<li>No\u015bno\u015b\u0107: Cylindry ramienia s\u0105 zaprojektowane tak, aby wytrzyma\u0107 okre\u015blone wymagania obci\u0105\u017ceniowe, gwarantuj\u0105c niezawodn\u0105 prac\u0119 w r\u00f3\u017cnych warunkach pracy.<\/li>\n<li>Uszczelnienie: Stosowane s\u0105 r\u00f3\u017cne elementy uszczelniaj\u0105ce, takie jak uszczelnienia t\u0142ok\u00f3w i t\u0142oczysk, wykonane z materia\u0142\u00f3w odpornych na zu\u017cycie, takich jak poliuretan i kauczuk nitrylowy. Korpus cylindra i gwintowane ko\u0144c\u00f3wki poddawane s\u0105 precyzyjnej obr\u00f3bce w celu zwi\u0119kszenia odporno\u015bci na zu\u017cycie.<\/li>\n<li>Trwa\u0142o\u015b\u0107: Cylindry ramienia s\u0105 produkowane z materia\u0142\u00f3w najwy\u017cszej jako\u015bci i przechodz\u0105 rygorystyczne procesy kontroli jako\u015bci, co gwarantuje trwa\u0142o\u015b\u0107 i d\u0142ugowieczno\u015b\u0107.<\/li>\n<li>Bezpiecze\u0144stwo: W celu zapobiegania wypadkom i zapewnienia bezpiecznej obs\u0142ugi maszyn w konstrukcji maszyny uwzgl\u0119dniono funkcje bezpiecze\u0144stwa.<\/li>\n<li>\u0141atwo\u015b\u0107 konserwacji: Projekt uwzgl\u0119dnia \u0142atwo\u015b\u0107 konserwacji i napraw, co u\u0142atwia regularne kontrole i minimalizuje przestoje.<\/li>\n<\/ul>\n<p><img decoding=\"async\" src=\"https:\/\/www.hydraulic-cylinders.net\/wp-content\/uploads\/2025\/01\/songte-cylinder-head-with-all-kinds-excavator-models.webp\" alt=\"Obraz g\u0142owicy cylindra\"><\/p>\n<h3>Uszczelnianie i smarowanie cylindra ramienia<\/h3>\n<p>Aby zapewni\u0107 optymaln\u0105 wydajno\u015b\u0107 i trwa\u0142o\u015b\u0107, cylindry ramienia wymagaj\u0105 odpowiedniego uszczelnienia i smarowania:<\/p>\n<ul>\n<li>Stosowane s\u0105 r\u00f3\u017cne elementy uszczelniaj\u0105ce, takie jak uszczelnienia t\u0142ok\u00f3w i uszczelnienia t\u0142oczysk, wykonane z materia\u0142\u00f3w odpornych na zu\u017cycie, np. poliuretanu i kauczuku nitrylowego.<\/li>\n<li>Korpus cylindra i gwintowane ko\u0144ce poddawane s\u0105 dok\u0142adnej obr\u00f3bce w celu zwi\u0119kszenia odporno\u015bci na zu\u017cycie.<\/li>\n<li>Regularne smarowanie odpowiedni\u0105 ilo\u015bci\u0105 oleju hydraulicznego jest konieczne dla zapewnienia p\u0142ynnej pracy i zapobiegania nadmiernemu zu\u017cyciu.<\/li>\n<\/ul>\n<h3>Regularne kontrole i konserwacja zapobiegawcza<\/h3>\n<p>Aby zapewni\u0107 ci\u0105g\u0142\u0105 wydajno\u015b\u0107 cylindra ramienia, konieczne jest przeprowadzanie regularnych kontroli i konserwacji zapobiegawczej:<\/p>\n<ul>\n<li>Sprawd\u017a cylinder pod k\u0105tem ewentualnych wyciek\u00f3w, uszkodze\u0144 lub nienormalnego zu\u017cycia.<\/li>\n<li>Sprawdzaj i uzupe\u0142niaj poziom oleju hydraulicznego, je\u015bli to konieczne.<\/li>\n<li>Monitoruj i utrzymuj w\u0142a\u015bciwe uszczelnienia i smarowanie.<\/li>\n<li>Dokr\u0119\u0107 wszelkie lu\u017ane elementy i po\u0142\u0105czenia.<\/li>\n<li>Niezw\u0142ocznie wymie\u0144 zu\u017cyte uszczelki i podzespo\u0142y.<\/li>\n<\/ul>\n<h3>Prawid\u0142owy przewodnik instalacji cylindra ramienia<\/h3>\n<p>Prawid\u0142owy monta\u017c ma kluczowe znaczenie dla optymalnego funkcjonowania cylindra ramienia:<\/p>\n<ul>\n<li>Upewnij si\u0119, \u017ce cylinder jest solidnie zamontowany w maszynie, zgodnie z wytycznymi producenta.<\/li>\n<li>Pod\u0142\u0105cz prawid\u0142owo przewody hydrauliczne, upewniaj\u0105c si\u0119, \u017ce wszystkie przy\u0142\u0105cza s\u0105 szczelne i szczelne.<\/li>\n<li>Sprawd\u017a prawid\u0142owe ustawienie i pozycjonowanie cylindra.<\/li>\n<li>Sprawd\u017a, czy uk\u0142ad hydrauliczny jest prawid\u0142owo skonfigurowany do pracy cylindra.<\/li>\n<\/ul>\n<p><img decoding=\"async\" src=\"https:\/\/www.hydraulic-cylinders.net\/wp-content\/uploads\/2025\/01\/songte-bushings-with-all-kinds-of-excavator-models.webp\" alt=\"Obraz tulei\"><\/p>\n<h3>Zagadnienia bezpiecze\u0144stwa i czynniki \u015brodowiskowe<\/h3>\n<p>Podczas korzystania z si\u0142ownik\u00f3w ramieniowych \u015brodki bezpiecze\u0144stwa maj\u0105 kluczowe znaczenie, aby zapobiega\u0107 wypadkom i zapewni\u0107 bezpieczne \u015brodowisko pracy. Odpowiednie szkolenie i przestrzeganie protoko\u0142\u00f3w bezpiecze\u0144stwa s\u0105 niezb\u0119dne do minimalizacji ryzyka.<\/p>\n<h3>Diagnostyka usterek i typowe problemy<\/h3>\n<p>W przypadku problem\u00f3w z cylindrem ramienia kluczowe jest zrozumienie typowych problem\u00f3w i ich diagnoza:<\/p>\n<ul>\n<li>Wyciek: Nale\u017cy sprawdzi\u0107 i zidentyfikowa\u0107 \u017ar\u00f3d\u0142o wycieku, sprawdzaj\u0105c, czy uszczelki lub przy\u0142\u0105cza nie s\u0105 uszkodzone.<\/li>\n<li>Powolny lub nieregularny ruch: Sprawd\u017a, czy w uk\u0142adzie hydraulicznym nie wyst\u0119puj\u0105 problemy, takie jak niski poziom p\u0142ynu lub zatkane filtry.<\/li>\n<li>Nadmierny ha\u0142as lub wibracje: Sprawd\u017a cylinder pod k\u0105tem lu\u017anych element\u00f3w i oznak zu\u017cycia.<\/li>\n<li>Niewystarczaj\u0105ca si\u0142a: Sprawd\u017a, czy uk\u0142ad hydrauliczny jest prawid\u0142owo pod ci\u015bnieniem i dzia\u0142a.<\/li>\n<li>Niesp\u00f3jne dzia\u0142anie: Sprawd\u017a cylinder pod k\u0105tem ewentualnych problem\u00f3w z wyr\u00f3wnaniem lub pozycjonowaniem.<\/li>\n<\/ul>\n<p>Aby rozwi\u0105za\u0107 te problemy, zapoznaj si\u0119 z wytycznymi producenta lub zwr\u00f3\u0107 si\u0119 o pomoc do specjalisty. Regularna konserwacja i stosowanie \u015brodk\u00f3w zapobiegawczych mog\u0105 pom\u00f3c zminimalizowa\u0107 potencjalne problemy.<\/p>\n<p><img decoding=\"async\" src=\"https:\/\/www.hydraulic-cylinders.net\/wp-content\/uploads\/2025\/01\/songte-chushion-collar.webp\" alt=\"Obraz ko\u0142nierza Chushion\"><\/p>\n<p>Pami\u0119taj o logicznej organizacji artyku\u0142u, stosuj\u0105c podtytu\u0142y dla \u0142atwej nawigacji. Dodaj odpowiednie obrazy lub wykresy, aby u\u0142atwi\u0107 zrozumienie i upewni\u0107 si\u0119, \u017ce tre\u015b\u0107 jest jasna, zwi\u0119z\u0142a i odpowiednia dla czytelnik\u00f3w o r\u00f3\u017cnym poziomie wiedzy technicznej.<\/p>\n<p>Autor: lyl<\/p>\n<h2>O naszej firmie<\/h2>\n<p>Jeste\u015bmy profesjonalnym producentem zamiennych si\u0142ownik\u00f3w hydraulicznych, oferuj\u0105cym szerok\u0105 gam\u0119 produkt\u00f3w. Jako jeden z wiod\u0105cych producent\u00f3w i hurtowych dystrybutor\u00f3w si\u0142ownik\u00f3w hydraulicznych na rynku krajowym i mi\u0119dzynarodowym, kierujemy si\u0119 zasad\u0105 najwy\u017cszej jako\u015bci.<\/p>\n<p>Wspierani przez zindustrializowan\u0105 strategi\u0119 zarz\u0105dzania produkcj\u0105 i udoskonalony warsztat produkcyjny, stale doskonalimy nasze mo\u017cliwo\u015bci technologiczne i wydajno\u015b\u0107 produkcji. Dzi\u0119ki wprowadzeniu zaawansowanego cyfrowego sprz\u0119tu produkcyjnego i profesjonalnych system\u00f3w testowych optymalizujemy nasz\u0105 platform\u0119 produkcyjn\u0105 i usprawniamy procesy kontroli jako\u015bci produkt\u00f3w, wykazuj\u0105c si\u0119 wysokim potencja\u0142em innowacyjnym.<\/p>\n<p>Naszym celem jest zaspokajanie zr\u00f3\u017cnicowanych potrzeb klient\u00f3w, kieruj\u0105c si\u0119 zasadami efektywno\u015bci, precyzji i wysokiej jako\u015bci. Oferujemy profesjonaln\u0105 wiedz\u0119 specjalistyczn\u0105, mi\u0119dzynarodowe certyfikaty, us\u0142ugi dostosowane do indywidualnych potrzeb, zaawansowany sprz\u0119t produkcyjny oraz kompleksow\u0105 obs\u0142ug\u0119 posprzeda\u017cow\u0105.<\/p>\n<p><img decoding=\"async\" src=\"https:\/\/www.hydraulic-cylinders.net\/wp-content\/uploads\/2025\/01\/songte-company-4.webp\" alt=\"Wizerunek firmy\"><\/p>\n<p>Autor: lyl<\/p>","protected":false},"excerpt":{"rendered":"<p>Arm Cylinder For Case Wheel Excavator WX188 Arm Cylinder is a specially designed hydraulic cylinder that provides linear motion and power to the arm of various machinery, such as excavators, cranes, and robotic arms. It plays a crucial role in hydraulic systems, enabling efficient movement and control of additional tools or attachments. These cylinders not [&hellip;]<\/p>","protected":false},"featured_media":14772,"comment_status":"open","ping_status":"closed","template":"","meta":{"_et_pb_use_builder":"","_et_pb_old_content":"","_et_gb_content_width":""},"product_brand":[],"product_cat":[1497],"product_tag":[1498,1496],"class_list":{"0":"post-16662","1":"product","2":"type-product","3":"status-publish","4":"has-post-thumbnail","6":"product_cat-arm-cylinders","7":"product_tag-arm-cylinders","8":"product_tag-hydraulic-cylinders","10":"first","11":"instock","12":"shipping-taxable","13":"product-type-simple"},"amp_enabled":true,"_links":{"self":[{"href":"https:\/\/www.hydraulic-cylinders.net\/pl\/wp-json\/wp\/v2\/product\/16662","targetHints":{"allow":["GET"]}}],"collection":[{"href":"https:\/\/www.hydraulic-cylinders.net\/pl\/wp-json\/wp\/v2\/product"}],"about":[{"href":"https:\/\/www.hydraulic-cylinders.net\/pl\/wp-json\/wp\/v2\/types\/product"}],"replies":[{"embeddable":true,"href":"https:\/\/www.hydraulic-cylinders.net\/pl\/wp-json\/wp\/v2\/comments?post=16662"}],"wp:featuredmedia":[{"embeddable":true,"href":"https:\/\/www.hydraulic-cylinders.net\/pl\/wp-json\/wp\/v2\/media\/14772"}],"wp:attachment":[{"href":"https:\/\/www.hydraulic-cylinders.net\/pl\/wp-json\/wp\/v2\/media?parent=16662"}],"wp:term":[{"taxonomy":"product_brand","embeddable":true,"href":"https:\/\/www.hydraulic-cylinders.net\/pl\/wp-json\/wp\/v2\/product_brand?post=16662"},{"taxonomy":"product_cat","embeddable":true,"href":"https:\/\/www.hydraulic-cylinders.net\/pl\/wp-json\/wp\/v2\/product_cat?post=16662"},{"taxonomy":"product_tag","embeddable":true,"href":"https:\/\/www.hydraulic-cylinders.net\/pl\/wp-json\/wp\/v2\/product_tag?post=16662"}],"curies":[{"name":"wp","href":"https:\/\/api.w.org\/{rel}","templated":true}]}}