{"id":16667,"date":"2025-01-21T05:45:34","date_gmt":"2025-01-21T05:45:34","guid":{"rendered":"https:\/\/www.hydraulic-cylinders.net\/product\/arm-cylinder-for-world-small-excavator-w235\/"},"modified":"2025-01-21T05:45:36","modified_gmt":"2025-01-21T05:45:36","slug":"arm-cylinder-for-world-small-excavator-w235","status":"publish","type":"product","link":"https:\/\/www.hydraulic-cylinders.net\/pl\/produkt\/arm-cylinder-for-world-small-excavator-w235\/","title":{"rendered":"Si\u0142ownik ramienia do ma\u0142ej koparki World W235"},"content":{"rendered":"<p>Si\u0142ownik ramienia do ma\u0142ej koparki World W235<\/p>\n<h2>Wst\u0119p<\/h2>\n<h3>Definicja i wyja\u015bnienie<\/h3>\n<p>Si\u0142ownik ramienia to specjalistyczny si\u0142ownik hydrauliczny s\u0142u\u017c\u0105cy do zapewnienia ruchu liniowego i zasilania ramienia r\u00f3\u017cnych maszyn, takich jak koparki, d\u017awigi i ramiona mechaniczne. Odgrywa kluczow\u0105 rol\u0119 w uk\u0142adzie hydraulicznym, umo\u017cliwiaj\u0105c efektywny ruch i sterowanie osprz\u0119tem lub akcesoriami. Si\u0142owniki te nie tylko zapewniaj\u0105 p\u0142ynny ruch, ale tak\u017ce wytrzymuj\u0105 du\u017ce obci\u0105\u017cenia, gwarantuj\u0105c wydajn\u0105 prac\u0119 i niezawodno\u015b\u0107 maszyn w r\u00f3\u017cnych warunkach eksploatacyjnych.<\/p>\n<p><img decoding=\"async\" src=\"https:\/\/www.hydraulic-cylinders.net\/wp-content\/uploads\/2025\/01\/songte-company-2.webp\"><\/p>\n<h2>Cechy<\/h2>\n<h3>Wysoka wydajno\u015b\u0107 transmisji<\/h3>\n<p>Si\u0142ownik ramienia mo\u017ce zapewni\u0107 mocny ruch liniowy i si\u0142\u0119, gwarantuj\u0105c wysok\u0105 wydajno\u015b\u0107 ramienia mechanicznego w r\u00f3\u017cnych operacjach.<\/p>\n<h3>Precyzyjna kontrola<\/h3>\n<p>Dzi\u0119ki uk\u0142adowi hydraulicznemu si\u0142owniki ramion umo\u017cliwiaj\u0105 precyzyjn\u0105 kontrol\u0119 ruchu, co sprawia, \u017ce \u200b\u200bpraca osprz\u0119tu jest bardziej elastyczna i dok\u0142adna.<\/p>\n<h3>Wysoka wytrzyma\u0142o\u015b\u0107<\/h3>\n<p>Cylindry ramienia s\u0105 zazwyczaj wykonane z materia\u0142\u00f3w o wysokiej wytrzyma\u0142o\u015bci, charakteryzuj\u0105cych si\u0119 dobr\u0105 odporno\u015bci\u0105 na zu\u017cycie i korozj\u0119, dzi\u0119ki czemu nadaj\u0105 si\u0119 do d\u0142ugotrwa\u0142ego u\u017cytkowania w trudnych warunkach.<\/p>\n<h3>Wielofunkcyjna adaptowalno\u015b\u0107<\/h3>\n<p>Tego typu si\u0142owniki mo\u017cna powszechnie stosowa\u0107 w r\u00f3\u017cnych urz\u0105dzeniach mechanicznych, takich jak koparki, d\u017awigi i ramiona mechaniczne, dostosowuj\u0105c je do r\u00f3\u017cnych wymaga\u0144 roboczych.<\/p>\n<h3>\u0141atwa konserwacja<\/h3>\n<p>Zaprojektowane z my\u015bl\u0105 o \u0142atwej konserwacji i wymianie, si\u0142owniki ramienia u\u0142atwiaj\u0105 regularne kontrole i konserwacj\u0119, redukuj\u0105c przestoje sprz\u0119tu.<\/p>\n<p><img decoding=\"async\" src=\"https:\/\/www.hydraulic-cylinders.net\/wp-content\/uploads\/2025\/01\/songte-oil-pipes-and-spare-parts.webp\"><\/p>\n<h2>Aplikacje<\/h2>\n<h3>In\u017cynieria budowlana<\/h3>\n<p>W koparkach i d\u017awigach si\u0142owniki ramieniowe s\u0142u\u017c\u0105 do sterowania ruchem \u0142y\u017cek lub d\u017awig\u00f3w podczas prac ziemnych, przenoszenia materia\u0142\u00f3w i instalacji konstrukcyjnych.<\/p>\n<h3>Przemys\u0142 wytw\u00f3rczy<\/h3>\n<p>W zautomatyzowanych liniach produkcyjnych si\u0142owniki ramieniowe s\u0142u\u017c\u0105 do poruszania ramionami mechanicznymi podczas monta\u017cu, spawania i transportu, co zwi\u0119ksza wydajno\u015b\u0107 i dok\u0142adno\u015b\u0107 produkcji.<\/p>\n<h3>Maszyny rolnicze<\/h3>\n<p>W maszynach rolniczych, takich jak kombajny i siewniki, si\u0142owniki ramienia steruj\u0105 ruchem ramienia roboczego, co umo\u017cliwia wykonywanie takich zada\u0144, jak siew, nawo\u017cenie i zbi\u00f3r.<\/p>\n<h3>Przemys\u0142 g\u00f3rniczy<\/h3>\n<p>W sprz\u0119cie g\u00f3rniczym cylindry ramieniowe s\u0142u\u017c\u0105 do sterowania ruchem ramion sprz\u0119tu g\u00f3rniczego wykorzystywanego przy wydobywaniu i transporcie rudy.<\/p>\n<h3>Logistyka i transport<\/h3>\n<p>W w\u00f3zkach wid\u0142owych i robotach prze\u0142adunkowych si\u0142owniki ramion s\u0142u\u017c\u0105 do sterowania podnoszeniem i ruchem wide\u0142, umo\u017cliwiaj\u0105c obs\u0142ug\u0119 i uk\u0142adanie materia\u0142\u00f3w.<\/p>\n<p><img decoding=\"async\" src=\"https:\/\/www.hydraulic-cylinders.net\/wp-content\/uploads\/2025\/01\/songte-chushion-collar.webp\"><\/p>\n<h2>Zagadnienia projektowe i kryteria wyboru<\/h2>\n<h3>No\u015bno\u015b\u0107<\/h3>\n<p>Cylinder ramienia musi by\u0107 w stanie wytrzyma\u0107 wymagane obci\u0105\u017cenie i mie\u0107 wsp\u00f3\u0142czynnik bezpiecze\u0144stwa, aby zapobiec przeci\u0105\u017ceniu i uszkodzeniu cylindra.<\/p>\n<h3>Wydajno\u015b\u0107 uszczelnienia<\/h3>\n<p>Cylinder ramienia powinien mie\u0107 dobre w\u0142a\u015bciwo\u015bci uszczelniaj\u0105ce, aby zapobiega\u0107 wyciekom oleju i zmniejsza\u0107 zu\u017cycie cylindra.<\/p>\n<h3>Trwa\u0142o\u015b\u0107<\/h3>\n<p>Cylindry ramienia powinny by\u0107 wykonane z materia\u0142\u00f3w o wysokiej wytrzyma\u0142o\u015bci i charakteryzowa\u0107 si\u0119 dobr\u0105 odporno\u015bci\u0105 na korozj\u0119, zu\u017cycie i zm\u0119czenie, aby zapewni\u0107 d\u0142ugotrwa\u0142\u0105, stabiln\u0105 prac\u0119.<\/p>\n<h3>Bezpiecze\u0144stwo<\/h3>\n<p>Cylindry ramieniowe powinny by\u0107 wyposa\u017cone w urz\u0105dzenia zabezpieczaj\u0105ce, takie jak zawory bezpiecze\u0144stwa i urz\u0105dzenia buforowe, aby zapobiega\u0107 wypadkom spowodowanym awari\u0105 cylindra.<\/p>\n<h3>Konserwacja<\/h3>\n<p>Zaprojektowane z my\u015bl\u0105 o \u0142atwej konserwacji i wymianie, aby zminimalizowa\u0107 przestoje sprz\u0119tu i obni\u017cy\u0107 koszty konserwacji.<\/p>\n<p><img decoding=\"async\" src=\"https:\/\/www.hydraulic-cylinders.net\/wp-content\/uploads\/2025\/01\/songte-cylinder-head-with-all-kinds-excavator-models.webp\"><\/p>\n<h2>Uszczelnianie i smarowanie<\/h2>\n<p>W si\u0142ownikach ramieniowych stosowane s\u0105 r\u00f3\u017cne elementy uszczelniaj\u0105ce, takie jak uszczelnienia t\u0142oka, uszczelnienia t\u0142oczyska i uszczelnienia zgarniaj\u0105ce, wykonane z materia\u0142\u00f3w odpornych na zu\u017cycie, takich jak poliuretan i kauczuk nitrylowy, aby poprawi\u0107 szczelno\u015b\u0107 si\u0142ownika. Korpus si\u0142ownika i gwintowana powierzchnia ko\u0144cowa s\u0105 precyzyjnie obrobione, aby zwi\u0119kszy\u0107 odporno\u015b\u0107 na zu\u017cycie. Regularne smarowanie odpowiedni\u0105 ilo\u015bci\u0105 oleju hydraulicznego jest r\u00f3wnie\u017c niezb\u0119dne do zapewnienia p\u0142ynnej pracy si\u0142ownika.<\/p>\n<h2>Konserwacja i rozwi\u0105zywanie problem\u00f3w<\/h2>\n<p>Regularne przegl\u0105dy i konserwacja zapobiegawcza s\u0105 niezb\u0119dne w przypadku si\u0142ownik\u00f3w ramienia, aby zminimalizowa\u0107 ryzyko wyst\u0105pienia usterek. Do typowych problem\u00f3w nale\u017c\u0105 wycieki oleju, niedostateczna moc i nietypowy ha\u0142as. W przypadku wyst\u0105pienia jakiegokolwiek problemu, wa\u017cne jest jego dok\u0142adne zdiagnozowanie i podj\u0119cie skutecznych dzia\u0142a\u0144 w celu jego rozwi\u0105zania. \u015arodki zapobiegawcze, takie jak regularna konserwacja i stosowanie odpowiedniego oleju hydraulicznego, mog\u0105 r\u00f3wnie\u017c zminimalizowa\u0107 potencjalne problemy.<\/p>\n<p><img decoding=\"async\" src=\"https:\/\/www.hydraulic-cylinders.net\/wp-content\/uploads\/2025\/01\/songte-bushings-with-all-kinds-of-excavator-models.webp\"><\/p>\n<h2>O nas<\/h2>\n<p>Jeste\u015bmy profesjonalnym producentem zamiennych cylindr\u00f3w hydraulicznych, oferuj\u0105cym szerok\u0105 gam\u0119 produkt\u00f3w. Stali\u015bmy si\u0119 jednym z wiod\u0105cych producent\u00f3w i dystrybutor\u00f3w cylindr\u00f3w hydraulicznych na rynku krajowym i mi\u0119dzynarodowym. Zawsze kierujemy si\u0119 zasad\u0105 najwy\u017cszej jako\u015bci i opieramy si\u0119 na strategii zarz\u0105dzania produkcj\u0105 przemys\u0142ow\u0105, kt\u00f3r\u0105 zapewniaj\u0105 nasze warsztaty produkcyjne, aby stale podnosi\u0107 poziom techniczny i wydajno\u015b\u0107 produkcji. Dzi\u0119ki wprowadzaniu zaawansowanego cyfrowego sprz\u0119tu produkcyjnego i profesjonalnych system\u00f3w testowych, stale optymalizujemy platform\u0119 produkcyjn\u0105, usprawniamy proces kontroli jako\u015bci naszych produkt\u00f3w i rozwijamy innowacyjne rozwi\u0105zania. Naszym celem jest zaspokajanie zr\u00f3\u017cnicowanych potrzeb klient\u00f3w poprzez wysok\u0105 wydajno\u015b\u0107, precyzj\u0119 i wysok\u0105 jako\u015b\u0107.<\/p>\n<p><img decoding=\"async\" src=\"https:\/\/www.hydraulic-cylinders.net\/wp-content\/uploads\/2025\/01\/songte-company-4.webp\"><\/p>\n<h2>Profesjonalizm<\/h2>\n<p>W naszej firmie pracuje wysoce wykwalifikowany zesp\u00f3\u0142 techniczny, kt\u00f3ry jest w stanie zapewni\u0107 klientom rozwi\u0105zania dostosowane do ich indywidualnych potrzeb.<\/p>\n<h2>Mi\u0119dzynarodowa Certyfikacja<\/h2>\n<p>Nasze produkty uzyska\u0142y szereg mi\u0119dzynarodowych certyfikat\u00f3w, takich jak ISO9001, CE i SGS, co gwarantuje jako\u015b\u0107 i bezpiecze\u0144stwo naszych produkt\u00f3w.<\/p>\n<h2>Us\u0142ugi personalizacji<\/h2>\n<p>Oferujemy dostosowane us\u0142ugi dotycz\u0105ce cylindr\u00f3w ramieniowych, kt\u00f3re odpowiadaj\u0105 szczeg\u00f3lnym potrzebom klient\u00f3w, obejmuj\u0105ce projektowanie, produkcj\u0119 i testowanie produktu.<\/p>\n<h2>Sprz\u0119t produkcyjny<\/h2>\n<p>Posiadamy zaawansowany sprz\u0119t produkcyjny, taki jak tokarki CNC, prasy hydrauliczne i urz\u0105dzenia testowe, co gwarantuje dok\u0142adno\u015b\u0107 i wydajno\u015b\u0107 naszych proces\u00f3w produkcyjnych.<\/p>\n<h2>Serwis posprzeda\u017cowy<\/h2>\n<p>Dysponujemy profesjonalnym zespo\u0142em obs\u0142ugi posprzeda\u017cowej, kt\u00f3ry zapewnia klientom terminowe i skuteczne wsparcie techniczne oraz serwis.<\/p>\n<p><img decoding=\"async\" src=\"https:\/\/www.hydraulic-cylinders.net\/wp-content\/uploads\/2025\/01\/songte-company-3.webp\"><\/p>\n<p>Autor: lyl.<\/p>","protected":false},"excerpt":{"rendered":"<p>Arm Cylinder For World Small Excavator W235 Introduction Definition and Explanation An arm cylinder is a specialized hydraulic cylinder used to provide linear motion and power to the arm of various machines, such as excavators, cranes, and mechanical arms. It plays a crucial role in the hydraulic system, allowing for effective movement and control of [&hellip;]<\/p>","protected":false},"featured_media":14786,"comment_status":"open","ping_status":"closed","template":"","meta":{"_et_pb_use_builder":"","_et_pb_old_content":"","_et_gb_content_width":""},"product_brand":[],"product_cat":[1497],"product_tag":[1498,1496],"class_list":{"0":"post-16667","1":"product","2":"type-product","3":"status-publish","4":"has-post-thumbnail","6":"product_cat-arm-cylinders","7":"product_tag-arm-cylinders","8":"product_tag-hydraulic-cylinders","10":"first","11":"instock","12":"shipping-taxable","13":"product-type-simple"},"amp_enabled":true,"_links":{"self":[{"href":"https:\/\/www.hydraulic-cylinders.net\/pl\/wp-json\/wp\/v2\/product\/16667","targetHints":{"allow":["GET"]}}],"collection":[{"href":"https:\/\/www.hydraulic-cylinders.net\/pl\/wp-json\/wp\/v2\/product"}],"about":[{"href":"https:\/\/www.hydraulic-cylinders.net\/pl\/wp-json\/wp\/v2\/types\/product"}],"replies":[{"embeddable":true,"href":"https:\/\/www.hydraulic-cylinders.net\/pl\/wp-json\/wp\/v2\/comments?post=16667"}],"wp:featuredmedia":[{"embeddable":true,"href":"https:\/\/www.hydraulic-cylinders.net\/pl\/wp-json\/wp\/v2\/media\/14786"}],"wp:attachment":[{"href":"https:\/\/www.hydraulic-cylinders.net\/pl\/wp-json\/wp\/v2\/media?parent=16667"}],"wp:term":[{"taxonomy":"product_brand","embeddable":true,"href":"https:\/\/www.hydraulic-cylinders.net\/pl\/wp-json\/wp\/v2\/product_brand?post=16667"},{"taxonomy":"product_cat","embeddable":true,"href":"https:\/\/www.hydraulic-cylinders.net\/pl\/wp-json\/wp\/v2\/product_cat?post=16667"},{"taxonomy":"product_tag","embeddable":true,"href":"https:\/\/www.hydraulic-cylinders.net\/pl\/wp-json\/wp\/v2\/product_tag?post=16667"}],"curies":[{"name":"wp","href":"https:\/\/api.w.org\/{rel}","templated":true}]}}