{"id":16668,"date":"2025-01-21T05:45:39","date_gmt":"2025-01-21T05:45:39","guid":{"rendered":"https:\/\/www.hydraulic-cylinders.net\/product\/arm-cylinder-for-world-small-excavator-w265-8\/"},"modified":"2025-01-21T05:45:41","modified_gmt":"2025-01-21T05:45:41","slug":"arm-cylinder-for-world-small-excavator-w265-8","status":"publish","type":"product","link":"https:\/\/www.hydraulic-cylinders.net\/pl\/produkt\/arm-cylinder-for-world-small-excavator-w265-8\/","title":{"rendered":"Si\u0142ownik ramienia do ma\u0142ej koparki World W265-8"},"content":{"rendered":"<p>Si\u0142ownik ramienia do ma\u0142ej koparki World W265-8<\/p>\n<p>Si\u0142ownik ramienia to specjalnie zaprojektowany si\u0142ownik hydrauliczny, kt\u00f3ry s\u0142u\u017cy g\u0142\u00f3wnie do zapewnienia ruchu liniowego i zasilania ramion r\u00f3\u017cnych maszyn, takich jak koparki, d\u017awigi i manipulatory. Si\u0142ownik ramienia odgrywa kluczow\u0105 rol\u0119 w uk\u0142adzie hydraulicznym, umo\u017cliwiaj\u0105c efektywne poruszanie si\u0119 i sterowanie dodatkowymi narz\u0119dziami lub osprz\u0119tem. Si\u0142owniki te nie tylko zapewniaj\u0105 p\u0142ynny ruch, ale tak\u017ce wytrzymuj\u0105 du\u017ce obci\u0105\u017cenia, zapewniaj\u0105c wydajn\u0105 prac\u0119 i niezawodno\u015b\u0107 maszyn w r\u00f3\u017cnych warunkach eksploatacyjnych.<\/p>\n<p><img decoding=\"async\" src=\"https:\/\/www.hydraulic-cylinders.net\/wp-content\/uploads\/2025\/01\/songte-company-2.webp\"><\/p>\n<p>Cechy:<\/p>\n<p>1. Wysokowydajna przek\u0142adnia: Cylinder ramienia mo\u017ce zapewni\u0107 mocny ruch liniowy i si\u0142\u0119, gwarantuj\u0105c wydajn\u0105 prac\u0119 ramienia mechanicznego podczas r\u00f3\u017cnych operacji.<\/p>\n<p>2. Precyzyjna kontrola: Dzi\u0119ki uk\u0142adowi hydraulicznemu si\u0142ownik ramienia mo\u017ce uzyska\u0107 precyzyjn\u0105 kontrol\u0119 ruchu, co sprawia, \u017ce \u200b\u200bobs\u0142uga dodatkowych narz\u0119dzi jest bardziej elastyczna i dok\u0142adna.<\/p>\n<p>3. Wysoka trwa\u0142o\u015b\u0107: Cylindry ramienia s\u0105 zazwyczaj wykonane z materia\u0142\u00f3w o wysokiej wytrzyma\u0142o\u015bci, kt\u00f3re charakteryzuj\u0105 si\u0119 dobr\u0105 odporno\u015bci\u0105 na zu\u017cycie i korozj\u0119, dzi\u0119ki czemu nadaj\u0105 si\u0119 do d\u0142ugotrwa\u0142ego u\u017cytkowania w trudnych warunkach.<\/p>\n<p>4. Wielofunkcyjna adaptacja: Cylindry te mo\u017cna szeroko stosowa\u0107 w r\u00f3\u017cnych urz\u0105dzeniach mechanicznych, takich jak koparki, d\u017awigi i manipulatory, dostosowuj\u0105c je do r\u00f3\u017cnych wymaga\u0144 roboczych.<\/p>\n<p>5. \u0141atwa konserwacja: Konstrukcja urz\u0105dzenia uwzgl\u0119dnia \u0142atwo\u015b\u0107 konserwacji i wymiany, co u\u0142atwia regularne kontrole i konserwacj\u0119, a tym samym ogranicza przestoje sprz\u0119tu.<\/p>\n<p>Mo\u017cemy wyprodukowa\u0107 ten produkt i nasz produkt mo\u017ce doskonale zast\u0105pi\u0107 te cylindry hydrauliczne.<\/p>\n<p><img decoding=\"async\" src=\"https:\/\/www.hydraulic-cylinders.net\/wp-content\/uploads\/2025\/01\/songte-oil-pipes-and-spare-parts.webp\"><\/p>\n<p>Zastosowania:<\/p>\n<p>1. In\u017cynieria budowlana: W koparkach i d\u017awigach si\u0142ownik ramienia s\u0142u\u017cy do sterowania ruchem koparki lub ramienia podnosz\u0105cego podczas rob\u00f3t ziemnych, przenoszenia materia\u0142\u00f3w i instalacji konstrukcyjnych.<\/p>\n<p>2. Produkcja: W zautomatyzowanych liniach produkcyjnych si\u0142ownik ramienia jest wykorzystywany do poruszania manipulatorami, w procesach monta\u017cu, spawania i obs\u0142ugi, co zwi\u0119ksza wydajno\u015b\u0107 i dok\u0142adno\u015b\u0107 produkcji.<\/p>\n<p>3. Maszyny rolnicze: W maszynach rolniczych, takich jak kombajny i sadzarki, si\u0142ownik ramienia steruje ruchem ramienia roboczego, wykonuj\u0105cego takie zadania, jak sadzenie, nawo\u017cenie i zbi\u00f3r.<\/p>\n<p>4. G\u00f3rnictwo: W sprz\u0119cie g\u00f3rniczym si\u0142ownik ramienia s\u0142u\u017cy do sterowania ruchem ramienia sprz\u0119tu g\u00f3rniczego przy wydobywaniu i transporcie rudy.<\/p>\n<p>5. Logistyka i transport: W w\u00f3zkach wid\u0142owych i robotach prze\u0142adunkowych si\u0142ownik ramienia s\u0142u\u017cy do sterowania podnoszeniem i ruchem wide\u0142, umo\u017cliwiaj\u0105c przenoszenie i uk\u0142adanie materia\u0142\u00f3w.<\/p>\n<p>Zagadnienia projektowe i standardy wyboru:<\/p>\n<p>1. No\u015bno\u015b\u0107: Cylinder ramienia musi mie\u0107 wystarczaj\u0105c\u0105 no\u015bno\u015b\u0107, aby utrzyma\u0107 ci\u0119\u017car ramienia oraz dodatkowych narz\u0119dzi lub element\u00f3w mocuj\u0105cych.<\/p>\n<p>2. Uszczelnienie: Aby zapobiec utracie ci\u015bnienia cieczy podczas pracy, stosuje si\u0119 r\u00f3\u017cne elementy uszczelniaj\u0105ce, takie jak uszczelnienia t\u0142oka i t\u0142oczyska. Elementy uszczelniaj\u0105ce wykonane s\u0105 z materia\u0142\u00f3w odpornych na zu\u017cycie, takich jak poliuretan i kauczuk nitrylowy.<\/p>\n<p>3. Trwa\u0142o\u015b\u0107: Korpus cylindra i gwintowana powierzchnia ko\u0144cowa zosta\u0142y starannie przetworzone w celu zwi\u0119kszenia odporno\u015bci na zu\u017cycie.<\/p>\n<p>4. Bezpiecze\u0144stwo: Cylinder ramienia musi by\u0107 wyposa\u017cony w urz\u0105dzenia zabezpieczaj\u0105ce, takie jak zawory bezpiecze\u0144stwa i zabezpieczenia przeci\u0105\u017ceniowe, aby zapobiec wypadkom spowodowanym nadmiernym ci\u015bnieniem lub przeci\u0105\u017ceniem.<\/p>\n<p>5. \u0141atwo\u015b\u0107 konserwacji: Konstrukcja cylindra ramienia powinna uwzgl\u0119dnia\u0107 \u0142atwo\u015b\u0107 konserwacji i wymiany cz\u0119\u015bci w celu skr\u00f3cenia przestoj\u00f3w.<\/p>\n<p><img decoding=\"async\" src=\"https:\/\/www.hydraulic-cylinders.net\/wp-content\/uploads\/2025\/01\/songte-cylinder-head-with-all-kinds-excavator-models.webp\"><\/p>\n<p>Uszczelnianie i smarowanie:<\/p>\n<p>R\u00f3\u017cne elementy uszczelniaj\u0105ce, takie jak uszczelnienia t\u0142oka i t\u0142oczyska, zapewniaj\u0105 brak strat ci\u015bnienia cieczy podczas pracy. Elementy uszczelniaj\u0105ce wykonane s\u0105 z materia\u0142\u00f3w odpornych na zu\u017cycie, takich jak poliuretan i kauczuk nitrylowy. Korpus cylindra i gwintowana powierzchnia ko\u0144cowa s\u0105 starannie obrabiane w celu zwi\u0119kszenia odporno\u015bci na zu\u017cycie. Konieczne jest regularne uzupe\u0142nianie odpowiedniego oleju hydraulicznego w celu smarowania.<\/p>\n<p>Regularne kontrole i konserwacja zapobiegawcza:<\/p>\n<p>1. Regularna kontrola i konserwacja cylindra ramienia mo\u017ce wyd\u0142u\u017cy\u0107 jego \u017cywotno\u015b\u0107 i zapewni\u0107 niezawodn\u0105 prac\u0119.<\/p>\n<p>2. Regularnie sprawdzaj uszczelnienie i smarowanie cylindra ramienia, a zu\u017cyte uszczelki wymieniaj i na bie\u017c\u0105co uzupe\u0142niaj olej smaruj\u0105cy.<\/p>\n<p>3. Sprawd\u017a urz\u0105dzenia zabezpieczaj\u0105ce, takie jak zawory bezpiecze\u0144stwa i zabezpieczenia przeci\u0105\u017ceniowe, aby upewni\u0107 si\u0119, \u017ce dzia\u0142aj\u0105 prawid\u0142owo.<\/p>\n<p>4. Regularnie sprawdzaj zu\u017cycie zewn\u0119trzne korpusu cylindra oraz powierzchni gwintowanej i wymie\u0144 je w odpowiednim czasie, je\u015bli zu\u017cycie jest nadmierne.<\/p>\n<p>5. Sprawd\u017a, czy \u015bruby i nakr\u0119tki nie s\u0105 poluzowane i w razie potrzeby dokr\u0119\u0107 je.<\/p>\n<p>Instrukcja instalacji:<\/p>\n<p>1. Przed monta\u017cem nale\u017cy oczy\u015bci\u0107 powierzchni\u0119 monta\u017cow\u0105, korpus cylindra i powierzchni\u0119 gwintowan\u0105.<\/p>\n<p>2. Zamontuj cylinder ramienia zgodnie ze schematem monta\u017cowym i r\u00f3wnomiernie dokr\u0119\u0107 \u015bruby.<\/p>\n<p>3. Pod\u0142\u0105cz prawid\u0142owo przew\u00f3d hydrauliczny i szybkoz\u0142\u0105cze.<\/p>\n<p>4. Dodaj odpowiedni olej hydrauliczny i sprawd\u017a dzia\u0142anie si\u0142ownika ramienia.<\/p>\n<p><img decoding=\"async\" src=\"https:\/\/www.hydraulic-cylinders.net\/wp-content\/uploads\/2025\/01\/songte-bushings-with-all-kinds-of-excavator-models.webp\"><\/p>\n<p>Zagadnienia bezpiecze\u0144stwa i czynniki \u015brodowiskowe:<\/p>\n<p>Podczas u\u017cytkowania si\u0142ownika ramienia nale\u017cy bezwzgl\u0119dnie przestrzega\u0107 zasad bezpiecze\u0144stwa, takich jak noszenie osobistego sprz\u0119tu ochronnego i unikanie obra\u017ce\u0144 spowodowanych wtryskiem p\u0142ynu hydraulicznego. Czynniki \u015brodowiskowe, takie jak temperatura, wilgotno\u015b\u0107 i kurz, mog\u0105 wp\u0142ywa\u0107 na dzia\u0142anie si\u0142ownika ramienia i nale\u017cy je uwzgl\u0119dni\u0107.<\/p>\n<p>Diagnostyka usterek i typowe problemy:<\/p>\n<p>1. Si\u0142ownik ramienia nie mo\u017ce si\u0119 poruszy\u0107: Sprawd\u017a, czy ilo\u015b\u0107 oleju hydraulicznego jest wystarczaj\u0105ca i czy przew\u00f3d nie jest zablokowany.<\/p>\n<p>2. Ruch cylindra ramienia jest powolny: Sprawd\u017a, czy lepko\u015b\u0107 oleju hydraulicznego nie jest zbyt wysoka i czy elementy uszczelniaj\u0105ce nie s\u0105 zu\u017cyte.<\/p>\n<p>3. Wyciek oleju hydraulicznego: Sprawd\u017a, czy elementy uszczelniaj\u0105ce nie s\u0105 uszkodzone lub czy po\u0142\u0105czenie nie jest lu\u017ane.<\/p>\n<p>4. Nietypowy ha\u0142as: Sprawd\u017a, czy t\u0142ok i cylinder nie s\u0105 zu\u017cyte lub uszkodzone.<\/p>\n<p>5. Przegrzanie: Sprawd\u017a, czy lepko\u015b\u0107 oleju hydraulicznego nie jest zbyt wysoka lub czy uk\u0142ad ch\u0142odzenia dzia\u0142a prawid\u0142owo.<\/p>\n<p>\u015arodki zapobiegawcze:<\/p>\n<p>1. Regularnie sprawdzaj i wymieniaj elementy uszczelniaj\u0105ce oraz zapewnij odpowiednie smarowanie korpusu cylindra i powierzchni gwintowanej.<\/p>\n<p>2. Unikaj przeci\u0105\u017cenia i nadmiernego ci\u015bnienia oraz regularnie sprawdzaj urz\u0105dzenia zabezpieczaj\u0105ce.<\/p>\n<p>3. Regularnie czy\u015b\u0107 olej hydrauliczny i wymieniaj go na nowy.<\/p>\n<p>4. Regularnie sprawdzaj zu\u017cycie zewn\u0119trzne korpusu cylindra oraz powierzchni gwintowanej i wymie\u0144 je w odpowiednim czasie, je\u015bli zu\u017cycie jest nadmierne.<\/p>\n<p>5. Regularnie sprawdzaj ruroci\u0105g hydrauliczny i z\u0142\u0105cza, a w razie problem\u00f3w dokr\u0119\u0107 je lub wymie\u0144.<\/p>\n<p>Jeste\u015bmy profesjonalnym producentem alternatywnych cylindr\u00f3w hydraulicznych, oferuj\u0105cym szerok\u0105 gam\u0119 produkt\u00f3w i stali\u015bmy si\u0119 jednym z wiod\u0105cych producent\u00f3w i dystrybutor\u00f3w hurtowych cylindr\u00f3w hydraulicznych na rynku krajowym i mi\u0119dzynarodowym. Zawsze przestrzegamy zasady doskona\u0142ej jako\u015bci, opieramy si\u0119 na zindustrializowanych strategiach zarz\u0105dzania produkcj\u0105 w zaawansowanym warsztacie produkcyjnym, stale podnosz\u0105c poziom techniczny i wydajno\u015b\u0107 produkcji. Dzi\u0119ki wprowadzaniu zaawansowanego cyfrowego sprz\u0119tu produkcyjnego i profesjonalnych system\u00f3w testowych, stale optymalizujemy platform\u0119 produkcyjn\u0105, usprawniamy proces kontroli jako\u015bci produkt\u00f3w i dysponujemy du\u017cym potencja\u0142em innowacyjnym. Naszym celem jest zaspokajanie zr\u00f3\u017cnicowanych potrzeb klient\u00f3w w oparciu o zasady wydajno\u015bci, precyzji i wysokiej jako\u015bci.<\/p>\n<p>Nasz\u0105 firm\u0119 cechuje profesjonalizm, mi\u0119dzynarodowe certyfikaty, zindywidualizowane us\u0142ugi, sprz\u0119t produkcyjny i serwis posprzeda\u017cowy.<\/p>\n<p><img decoding=\"async\" src=\"https:\/\/www.hydraulic-cylinders.net\/wp-content\/uploads\/2025\/01\/songte-company-4.webp\"><\/p>\n<p><img decoding=\"async\" src=\"https:\/\/www.hydraulic-cylinders.net\/wp-content\/uploads\/2025\/01\/songte-company-3.webp\"><\/p>\n<p>Autor: lyl.<\/p>","protected":false},"excerpt":{"rendered":"<p>Arm Cylinder For World Small Excavator W265-8 Arm cylinder is a specially designed hydraulic cylinder that is mainly used to provide linear motion and power for various machinery arms, such as excavators, cranes, and manipulators. The arm cylinder plays a critical role in the hydraulic system, allowing additional tools or attachments to move and control [&hellip;]<\/p>","protected":false},"featured_media":14783,"comment_status":"open","ping_status":"closed","template":"","meta":{"_et_pb_use_builder":"","_et_pb_old_content":"","_et_gb_content_width":""},"product_brand":[],"product_cat":[1497],"product_tag":[1498,1496],"class_list":{"0":"post-16668","1":"product","2":"type-product","3":"status-publish","4":"has-post-thumbnail","6":"product_cat-arm-cylinders","7":"product_tag-arm-cylinders","8":"product_tag-hydraulic-cylinders","10":"first","11":"instock","12":"shipping-taxable","13":"product-type-simple"},"amp_enabled":true,"_links":{"self":[{"href":"https:\/\/www.hydraulic-cylinders.net\/pl\/wp-json\/wp\/v2\/product\/16668","targetHints":{"allow":["GET"]}}],"collection":[{"href":"https:\/\/www.hydraulic-cylinders.net\/pl\/wp-json\/wp\/v2\/product"}],"about":[{"href":"https:\/\/www.hydraulic-cylinders.net\/pl\/wp-json\/wp\/v2\/types\/product"}],"replies":[{"embeddable":true,"href":"https:\/\/www.hydraulic-cylinders.net\/pl\/wp-json\/wp\/v2\/comments?post=16668"}],"wp:featuredmedia":[{"embeddable":true,"href":"https:\/\/www.hydraulic-cylinders.net\/pl\/wp-json\/wp\/v2\/media\/14783"}],"wp:attachment":[{"href":"https:\/\/www.hydraulic-cylinders.net\/pl\/wp-json\/wp\/v2\/media?parent=16668"}],"wp:term":[{"taxonomy":"product_brand","embeddable":true,"href":"https:\/\/www.hydraulic-cylinders.net\/pl\/wp-json\/wp\/v2\/product_brand?post=16668"},{"taxonomy":"product_cat","embeddable":true,"href":"https:\/\/www.hydraulic-cylinders.net\/pl\/wp-json\/wp\/v2\/product_cat?post=16668"},{"taxonomy":"product_tag","embeddable":true,"href":"https:\/\/www.hydraulic-cylinders.net\/pl\/wp-json\/wp\/v2\/product_tag?post=16668"}],"curies":[{"name":"wp","href":"https:\/\/api.w.org\/{rel}","templated":true}]}}