{"id":16683,"date":"2025-01-21T05:46:43","date_gmt":"2025-01-21T05:46:43","guid":{"rendered":"https:\/\/www.hydraulic-cylinders.net\/product\/arm-cylinder-for-jingong-crawler-excavator-jcm923-lc\/"},"modified":"2025-01-21T05:46:44","modified_gmt":"2025-01-21T05:46:44","slug":"arm-cylinder-for-jingong-crawler-excavator-jcm923-lc","status":"publish","type":"product","link":"https:\/\/www.hydraulic-cylinders.net\/pl\/produkt\/arm-cylinder-for-jingong-crawler-excavator-jcm923-lc\/","title":{"rendered":"Si\u0142ownik ramienia do koparki g\u0105sienicowej Jingong JCM923-LC"},"content":{"rendered":"<h1>Si\u0142ownik ramienia do koparki g\u0105sienicowej Jingong JCM923-LC<\/h1>\n<p><img decoding=\"async\" src=\"https:\/\/www.hydraulic-cylinders.net\/wp-content\/uploads\/2025\/01\/songte-company-2.webp\" alt=\"Obraz cylindra ramienia\"><\/p>\n<h2>Wst\u0119p<\/h2>\n<p>Si\u0142ownik ramienia to specjalnie zaprojektowany si\u0142ownik hydrauliczny, kt\u00f3ry zapewnia ruch liniowy i zasilanie ramienia r\u00f3\u017cnych maszyn, takich jak koparki, d\u017awigi i ramiona robotyczne. Odgrywa on kluczow\u0105 rol\u0119 w uk\u0142adach hydraulicznych, umo\u017cliwiaj\u0105c sprawny ruch i sterowanie osprz\u0119tem lub akcesoriami. Si\u0142owniki te nie tylko zapewniaj\u0105 p\u0142ynny ruch, ale tak\u017ce wytrzymuj\u0105 du\u017ce obci\u0105\u017cenia, gwarantuj\u0105c wydajn\u0105 prac\u0119 i niezawodno\u015b\u0107 maszyn w r\u00f3\u017cnych warunkach pracy.<\/p>\n<h2>Cechy produktu<\/h2>\n<ul>\n<li><strong>Wysokowydajna skrzynia bieg\u00f3w:<\/strong> Si\u0142ownik ramienia zapewnia mocny ruch liniowy i si\u0142\u0119, gwarantuj\u0105c wysok\u0105 wydajno\u015b\u0107 i efektywno\u015b\u0107 podczas r\u00f3\u017cnych operacji.<\/li>\n<li><strong>Precyzyjna kontrola:<\/strong> Dzi\u0119ki uk\u0142adowi hydraulicznemu si\u0142ownik ramienia zapewnia precyzyjn\u0105 kontrol\u0119 ruchu, co sprawia, \u017ce \u200b\u200bpraca z pod\u0142\u0105czonymi narz\u0119dziami jest bardziej elastyczna i dok\u0142adna.<\/li>\n<li><strong>Trwa\u0142o\u015b\u0107:<\/strong> Cylindry ramienia s\u0105 zazwyczaj wykonane z materia\u0142\u00f3w o wysokiej wytrzyma\u0142o\u015bci, zapewniaj\u0105cych doskona\u0142\u0105 odporno\u015b\u0107 na zu\u017cycie i korozj\u0119, odpowiednich do d\u0142ugotrwa\u0142ego u\u017cytkowania w trudnych warunkach.<\/li>\n<li><strong>Wielofunkcyjna adaptowalno\u015b\u0107:<\/strong> Cylindry te mog\u0105 by\u0107 szeroko stosowane w r\u00f3\u017cnych maszynach, takich jak koparki, d\u017awigi i ramiona robotyczne, spe\u0142niaj\u0105c r\u00f3\u017cne wymagania robocze.<\/li>\n<li><strong>\u0141atwa konserwacja:<\/strong> Projekt uwzgl\u0119dnia \u0142atwo\u015b\u0107 konserwacji i wymiany, co u\u0142atwia regularne kontrole i konserwacj\u0119 oraz ogranicza przestoje sprz\u0119tu.<\/li>\n<\/ul>\n<p><img decoding=\"async\" src=\"https:\/\/www.hydraulic-cylinders.net\/wp-content\/uploads\/2025\/01\/songte-oil-pipes-and-spare-parts.webp\" alt=\"Obraz produktu\"><\/p>\n<h2>Aplikacje<\/h2>\n<p>Si\u0142ownik ramieniowy znajduje zastosowanie w r\u00f3\u017cnych ga\u0142\u0119ziach przemys\u0142u:<\/p>\n<ul>\n<li><strong>In\u017cynieria budowlana:<\/strong> W koparkach i d\u017awigach si\u0142ownik ramienia steruje ruchem \u0142y\u017cek lub wysi\u0119gnik\u00f3w podczas rob\u00f3t ziemnych, przenoszenia materia\u0142\u00f3w i instalacji konstrukcyjnych.<\/li>\n<li><strong>Produkcja:<\/strong> W zautomatyzowanych liniach produkcyjnych si\u0142ownik ramienia jest wykorzystywany do poruszania ramionami robota, umo\u017cliwiaj\u0105c realizacj\u0119 proces\u00f3w takich jak monta\u017c, spawanie i obs\u0142uga materia\u0142\u00f3w, zwi\u0119kszaj\u0105c w ten spos\u00f3b wydajno\u015b\u0107 i precyzj\u0119 produkcji.<\/li>\n<li><strong>Maszyny rolnicze:<\/strong> W sprz\u0119cie rolniczym, takim jak kombajny i sadzarki, si\u0142ownik ramienia steruje ruchem ramion roboczych podczas wykonywania takich zada\u0144, jak siew, nawo\u017cenie i zbi\u00f3r.<\/li>\n<li><strong>G\u00f3rnictwo:<\/strong> W sprz\u0119cie g\u00f3rniczym si\u0142ownik ramienia steruje ruchem ramienia maszyn g\u00f3rniczych s\u0142u\u017c\u0105cych do wydobywania i transportu rudy.<\/li>\n<li><strong>Logistyka i transport:<\/strong> W w\u00f3zkach wid\u0142owych i robotach prze\u0142adunkowych si\u0142ownik ramienia steruje podnoszeniem i ruchem wide\u0142, u\u0142atwiaj\u0105c przenoszenie i uk\u0142adanie materia\u0142\u00f3w.<\/li>\n<\/ul>\n<p><img decoding=\"async\" src=\"https:\/\/www.hydraulic-cylinders.net\/wp-content\/uploads\/2025\/01\/songte-cylinder-head-with-all-kinds-excavator-models.webp\" alt=\"Obraz produktu\"><\/p>\n<h2>Zagadnienia projektowe i kryteria wyboru<\/h2>\n<ul>\n<li><strong>No\u015bno\u015b\u0107:<\/strong> Kluczowym czynnikiem konstrukcyjnym jest wytrzyma\u0142o\u015b\u0107 cylindra ramienia na obci\u0105\u017cenia.<\/li>\n<li><strong>Opiecz\u0119towanie:<\/strong> W tym celu stosuje si\u0119 r\u00f3\u017cne elementy uszczelniaj\u0105ce, takie jak uszczelnienia t\u0142ok\u00f3w i uszczelnienia t\u0142oczysk, wykonane z materia\u0142\u00f3w odpornych na zu\u017cycie, np. poliuretanu i kauczuku nitrylowego.<\/li>\n<li><strong>Trwa\u0142o\u015b\u0107:<\/strong> Korpus cylindra i gwintowana powierzchnia ko\u0144cowa s\u0105 poddawane precyzyjnej obr\u00f3bce w celu zwi\u0119kszenia odporno\u015bci na zu\u017cycie.<\/li>\n<li><strong>Bezpiecze\u0144stwo:<\/strong> Aby zagwarantowa\u0107 bezpieczn\u0105 prac\u0119 cylindra ramienia, wdro\u017cono \u015brodki bezpiecze\u0144stwa.<\/li>\n<li><strong>Utrzymywalno\u015b\u0107:<\/strong> W\u0142a\u015bciwa konserwacja wymaga regularnego smarowania olejem hydraulicznym i okresowych przegl\u0105d\u00f3w.<\/li>\n<\/ul>\n<p><img decoding=\"async\" src=\"https:\/\/www.hydraulic-cylinders.net\/wp-content\/uploads\/2025\/01\/songte-chushion-collar.webp\" alt=\"Obraz produktu\"><\/p>\n<h2>Inspekcja i konserwacja zapobiegawcza<\/h2>\n<ul>\n<li>Regularnie sprawdzaj cylinder ramienia pod k\u0105tem wszelkich oznak wyciek\u00f3w, zu\u017cycia lub uszkodze\u0144.<\/li>\n<li>Zapewnij w\u0142a\u015bciwe smarowanie cylindra zalecanym olejem hydraulicznym.<\/li>\n<li>Sprawd\u017a szczelno\u015b\u0107 po\u0142\u0105cze\u0144 i element\u00f3w mocuj\u0105cych.<\/li>\n<li>Wykonuj czynno\u015bci konserwacyjne zgodnie z wytycznymi producenta.<\/li>\n<li>Monitoruj dzia\u0142anie cylindra ramienia i podejmuj odpowiednie dzia\u0142ania bezzw\u0142ocznie w przypadku wyst\u0105pienia jakichkolwiek problem\u00f3w.<\/li>\n<\/ul>\n<h2>Instrukcja instalacji produktu<\/h2>\n<p>Prawid\u0142owy monta\u017c cylindra ramienia ma kluczowe znaczenie dla optymalnej wydajno\u015bci:<\/p>\n<ul>\n<li>Przed instalacj\u0105 nale\u017cy upewni\u0107 si\u0119, \u017ce urz\u0105dzenie jest wy\u0142\u0105czone i ca\u0142e ci\u015bnienie hydrauliczne zosta\u0142o uwolnione.<\/li>\n<li>Follow the manufacturer&#8217;s instructions for mounting the arm cylinder securely.<\/li>\n<li>Sprawd\u017a ustawienie i dokonaj niezb\u0119dnych regulacji, aby zapewni\u0107 p\u0142ynn\u0105 prac\u0119.<\/li>\n<li>Pod\u0142\u0105cz prawid\u0142owo przewody hydrauliczne, post\u0119puj\u0105c zgodnie z za\u0142\u0105czonymi schematami i instrukcjami.<\/li>\n<li>Po monta\u017cu nale\u017cy sprawdzi\u0107 dzia\u0142anie cylindra ramienia, aby mie\u0107 pewno\u015b\u0107, \u017ce dzia\u0142a on prawid\u0142owo.<\/li>\n<\/ul>\n<p><img decoding=\"async\" src=\"https:\/\/www.hydraulic-cylinders.net\/wp-content\/uploads\/2025\/01\/songte-bushings-with-all-kinds-of-excavator-models.webp\" alt=\"Obraz produktu\"><\/p>\n<h2>Zagadnienia bezpiecze\u0144stwa i czynniki \u015brodowiskowe<\/h2>\n<p>Podczas korzystania z cylindra ramienia najwa\u017cniejsze jest zachowanie \u015brodk\u00f3w bezpiecze\u0144stwa:<\/p>\n<ul>\n<li>Nale\u017cy przestrzega\u0107 wszystkich wytycznych bezpiecze\u0144stwa podanych przez producenta sprz\u0119tu.<\/li>\n<li>Zapewnij odpowiednie szkolenie i kwalifikacje operator\u00f3w obs\u0142uguj\u0105cych maszyny.<\/li>\n<li>Regularnie sprawdzaj cylinder ramienia pod k\u0105tem oznak zu\u017cycia, uszkodzenia lub nieprawid\u0142owego dzia\u0142ania.<\/li>\n<li>Zu\u017cyty olej hydrauliczny i inne materia\u0142y odpadowe nale\u017cy utylizowa\u0107 w spos\u00f3b odpowiedzialny, zgodnie z przepisami ochrony \u015brodowiska.<\/li>\n<li>Wdro\u017cy\u0107 \u015brodki maj\u0105ce na celu zminimalizowanie wp\u0142ywu na \u015brodowisko, takie jak odpowiednie zabezpieczenie p\u0142yn\u00f3w i zapobieganie ich wyciekom.<\/li>\n<\/ul>\n<p><img decoding=\"async\" src=\"https:\/\/www.hydraulic-cylinders.net\/wp-content\/uploads\/2025\/01\/songte-company-4.webp\" alt=\"Wizerunek firmy\"><img decoding=\"async\" src=\"https:\/\/www.hydraulic-cylinders.net\/wp-content\/uploads\/2025\/01\/songte-company-3.webp\" alt=\"Wizerunek firmy\"><\/p>\n<p>Autor: lyl<\/p>\n<p>Jeste\u015bmy profesjonalnym producentem zamiennych si\u0142ownik\u00f3w hydraulicznych, oferuj\u0105cym szerok\u0105 gam\u0119 produkt\u00f3w. Stali\u015bmy si\u0119 jednym z wiod\u0105cych producent\u00f3w i dystrybutor\u00f3w hurtowych na rynku krajowym i mi\u0119dzynarodowym. D\u0105\u017c\u0105c do najwy\u017cszej jako\u015bci, stale podnosimy poziom technologiczny i wydajno\u015b\u0107 produkcji dzi\u0119ki strategii industrialnego zarz\u0105dzania produkcj\u0105 w naszym zaawansowanym warsztacie produkcyjnym. Wprowadzaj\u0105c zaawansowany sprz\u0119t do produkcji cyfrowej i profesjonalne systemy testowe, optymalizujemy nasz\u0105 platform\u0119 produkcyjn\u0105 i usprawniamy procesy kontroli jako\u015bci produkt\u00f3w, wykazuj\u0105c si\u0119 wysokim potencja\u0142em innowacyjnym. Naszym celem jest zaspokajanie zr\u00f3\u017cnicowanych potrzeb klient\u00f3w, kieruj\u0105c si\u0119 zasadami wydajno\u015bci, precyzji i wysokiej jako\u015bci.<\/p>\n<p>Dodatkowe informacje o firmie:<\/p>\n<ul>\n<li>Ekspertyza w dziedzinie produkcji cylindr\u00f3w hydraulicznych<\/li>\n<li>Mi\u0119dzynarodowe certyfikaty potwierdzaj\u0105ce jako\u015b\u0107 produktu<\/li>\n<li>Us\u0142ugi dostosowywania do konkretnych wymaga\u0144<\/li>\n<li>Zaawansowany sprz\u0119t produkcyjny<\/li>\n<li>Kompleksowa obs\u0142uga posprzeda\u017cowa<\/li>\n<\/ul>\n<p><img decoding=\"async\" src=\"https:\/\/www.hydraulic-cylinders.net\/wp-content\/uploads\/2025\/01\/songte-company-4.webp\" alt=\"Wizerunek firmy\"><img decoding=\"async\" src=\"https:\/\/www.hydraulic-cylinders.net\/wp-content\/uploads\/2025\/01\/songte-company-3.webp\" alt=\"Wizerunek firmy\"><\/p>","protected":false},"excerpt":{"rendered":"<p>Arm Cylinder For Jingong Crawler Excavator JCM923-LC Introduction The arm cylinder is a specially designed hydraulic cylinder that provides linear motion and power to the arm of various machinery, such as excavators, cranes, and robotic arms. It plays a critical role in hydraulic systems, allowing for efficient movement and control of attachments or accessories. These [&hellip;]<\/p>","protected":false},"featured_media":14770,"comment_status":"open","ping_status":"closed","template":"","meta":{"_et_pb_use_builder":"","_et_pb_old_content":"","_et_gb_content_width":""},"product_brand":[],"product_cat":[1497],"product_tag":[1498,1496],"class_list":{"0":"post-16683","1":"product","2":"type-product","3":"status-publish","4":"has-post-thumbnail","6":"product_cat-arm-cylinders","7":"product_tag-arm-cylinders","8":"product_tag-hydraulic-cylinders","10":"first","11":"instock","12":"shipping-taxable","13":"product-type-simple"},"amp_enabled":true,"_links":{"self":[{"href":"https:\/\/www.hydraulic-cylinders.net\/pl\/wp-json\/wp\/v2\/product\/16683","targetHints":{"allow":["GET"]}}],"collection":[{"href":"https:\/\/www.hydraulic-cylinders.net\/pl\/wp-json\/wp\/v2\/product"}],"about":[{"href":"https:\/\/www.hydraulic-cylinders.net\/pl\/wp-json\/wp\/v2\/types\/product"}],"replies":[{"embeddable":true,"href":"https:\/\/www.hydraulic-cylinders.net\/pl\/wp-json\/wp\/v2\/comments?post=16683"}],"wp:featuredmedia":[{"embeddable":true,"href":"https:\/\/www.hydraulic-cylinders.net\/pl\/wp-json\/wp\/v2\/media\/14770"}],"wp:attachment":[{"href":"https:\/\/www.hydraulic-cylinders.net\/pl\/wp-json\/wp\/v2\/media?parent=16683"}],"wp:term":[{"taxonomy":"product_brand","embeddable":true,"href":"https:\/\/www.hydraulic-cylinders.net\/pl\/wp-json\/wp\/v2\/product_brand?post=16683"},{"taxonomy":"product_cat","embeddable":true,"href":"https:\/\/www.hydraulic-cylinders.net\/pl\/wp-json\/wp\/v2\/product_cat?post=16683"},{"taxonomy":"product_tag","embeddable":true,"href":"https:\/\/www.hydraulic-cylinders.net\/pl\/wp-json\/wp\/v2\/product_tag?post=16683"}],"curies":[{"name":"wp","href":"https:\/\/api.w.org\/{rel}","templated":true}]}}