{"id":16685,"date":"2025-01-21T05:46:50","date_gmt":"2025-01-21T05:46:50","guid":{"rendered":"https:\/\/www.hydraulic-cylinders.net\/product\/arm-cylinder-for-jingong-crawler-excavator-jcm937\/"},"modified":"2025-01-21T05:46:52","modified_gmt":"2025-01-21T05:46:52","slug":"arm-cylinder-for-jingong-crawler-excavator-jcm937","status":"publish","type":"product","link":"https:\/\/www.hydraulic-cylinders.net\/pl\/produkt\/arm-cylinder-for-jingong-crawler-excavator-jcm937\/","title":{"rendered":"Si\u0142ownik ramienia do koparki g\u0105sienicowej Jingong JCM937"},"content":{"rendered":"<h2>Si\u0142ownik ramienia do koparki g\u0105sienicowej Jingong JCM937<\/h2>\n<h3>Wst\u0119p<\/h3>\n<p>Si\u0142ownik ramienia to rodzaj si\u0142ownika hydraulicznego, kt\u00f3ry zosta\u0142 specjalnie zaprojektowany do zapewnienia ruchu liniowego i zasilania ramienia r\u00f3\u017cnego rodzaju maszyn, takich jak koparki, d\u017awigi i ramiona robotyczne. Si\u0142ownik ramienia odgrywa kluczow\u0105 rol\u0119 w uk\u0142adach hydraulicznych, umo\u017cliwiaj\u0105c efektywny ruch i sterowanie dodatkowymi narz\u0119dziami lub osprz\u0119tem. Si\u0142owniki te nie tylko zapewniaj\u0105 p\u0142ynny ruch, ale tak\u017ce wytrzymuj\u0105 du\u017ce obci\u0105\u017cenia, gwarantuj\u0105c wydajn\u0105 prac\u0119 i niezawodno\u015b\u0107 maszyn w r\u00f3\u017cnych warunkach pracy.<\/p>\n<p><img decoding=\"async\" src=\"https:\/\/www.hydraulic-cylinders.net\/wp-content\/uploads\/2025\/01\/songte-company-2.webp\"><\/p>\n<h3>Cechy<\/h3>\n<ul>\n<li>Wydajne przenoszenie mocy: Cylinder ramienia zapewnia mocny ruch liniowy i si\u0142\u0119, co gwarantuje wysok\u0105 wydajno\u015b\u0107 ramienia mechanicznego podczas r\u00f3\u017cnych operacji.<\/li>\n<li>Precyzyjna kontrola: Dzi\u0119ki uk\u0142adowi hydraulicznemu si\u0142ownik ramienia mo\u017ce uzyska\u0107 dok\u0142adn\u0105 kontrol\u0119 ruchu, co sprawia, \u017ce \u200b\u200bobs\u0142uga dodatkowych narz\u0119dzi jest bardziej elastyczna i dok\u0142adna.<\/li>\n<li>Trwa\u0142o\u015b\u0107: Cylindry ramienia s\u0105 zazwyczaj wykonane z materia\u0142\u00f3w o wysokiej wytrzyma\u0142o\u015bci i charakteryzuj\u0105 si\u0119 dobr\u0105 odporno\u015bci\u0105 na zu\u017cycie i korozj\u0119, dzi\u0119ki czemu nadaj\u0105 si\u0119 do d\u0142ugotrwa\u0142ego u\u017cytkowania w trudnych warunkach.<\/li>\n<li>Wielofunkcyjna mo\u017cliwo\u015b\u0107 adaptacji: Te cylindry mo\u017cna szeroko stosowa\u0107 w r\u00f3\u017cnych typach maszyn, takich jak koparki, d\u017awigi i ramiona robotyczne, aby dostosowa\u0107 je do r\u00f3\u017cnych wymaga\u0144 roboczych.<\/li>\n<li>\u0141atwa konserwacja: Konstrukcja urz\u0105dzenia uwzgl\u0119dnia \u0142atwo\u015b\u0107 konserwacji i wymiany, co sprawia, \u017ce \u200b\u200bregularne kontrole i konserwacje s\u0105 wygodniejsze, co ogranicza przestoje sprz\u0119tu.<\/li>\n<\/ul>\n<p>Mo\u017cemy wyprodukowa\u0107 ten produkt, kt\u00f3ry b\u0119dzie idealnym zamiennikiem tych cylindr\u00f3w hydraulicznych.<\/p>\n<p><img decoding=\"async\" src=\"https:\/\/www.hydraulic-cylinders.net\/wp-content\/uploads\/2025\/01\/songte-oil-pipes-and-spare-parts.webp\"><\/p>\n<h3>Aplikacje<\/h3>\n<p>Si\u0142ownik ramienia ma szerokie zastosowanie w r\u00f3\u017cnych ga\u0142\u0119ziach przemys\u0142u:<\/p>\n<ul>\n<li>In\u017cynieria budowlana: W koparkach i d\u017awigach si\u0142ownik ramienia s\u0142u\u017cy do sterowania ruchem \u0142y\u017cki lub wysi\u0119gnika podczas rob\u00f3t ziemnych, przenoszenia materia\u0142\u00f3w i monta\u017cu konstrukcji.<\/li>\n<li>Produkcja: W zautomatyzowanych liniach produkcyjnych si\u0142ownik ramienia jest wykorzystywany do poruszania ramionami robota podczas monta\u017cu, spawania i obs\u0142ugi materia\u0142\u00f3w, co zwi\u0119ksza wydajno\u015b\u0107 i dok\u0142adno\u015b\u0107 produkcji.<\/li>\n<li>Maszyny rolnicze: W maszynach rolniczych, takich jak kombajny i sadzarki, si\u0142ownik ramienia steruje ruchem ramienia roboczego podczas siewu, nawo\u017cenia i zbioru.<\/li>\n<li>G\u00f3rnictwo: W sprz\u0119cie g\u00f3rniczym si\u0142ownik ramienia s\u0142u\u017cy do sterowania ruchem ramienia sprz\u0119tu g\u00f3rniczego stosowanego przy wydobywaniu i transporcie rud.<\/li>\n<li>Logistyka i transport: W w\u00f3zkach wid\u0142owych i robotach prze\u0142adunkowych si\u0142ownik ramienia s\u0142u\u017cy do sterowania podnoszeniem i przemieszczaniem \u0142adunku na wid\u0142ach, co umo\u017cliwia przenoszenie materia\u0142\u00f3w i ich uk\u0142adanie.<\/li>\n<\/ul>\n<h3>Zagadnienia projektowe i kryteria wyboru<\/h3>\n<ul>\n<li>No\u015bno\u015b\u0107: Cylinder ramienia jest zaprojektowany tak, aby wytrzymywa\u0107 du\u017ce obci\u0105\u017cenia, a jego no\u015bno\u015b\u0107 powinna by\u0107 dostosowana do konkretnego zastosowania.<\/li>\n<li>Uszczelnienie: W cylindrach ramieniowych stosowane s\u0105 r\u00f3\u017cne elementy uszczelniaj\u0105ce, takie jak uszczelnienia t\u0142oka i uszczelnienia t\u0142oczyska, wykonane z materia\u0142\u00f3w odpornych na zu\u017cycie, takich jak poliuretan i kauczuk nitrylowy, co zapewnia skuteczne uszczelnienie.<\/li>\n<li>Trwa\u0142o\u015b\u0107: Korpus cylindra i powierzchnia ko\u0144cowa gwintu s\u0105 precyzyjnie obrabiane w celu zwi\u0119kszenia odporno\u015bci na zu\u017cycie i korozj\u0119, co gwarantuje d\u0142ugotrwa\u0142e u\u017cytkowanie w trudnych warunkach.<\/li>\n<li>Bezpiecze\u0144stwo: Projekt powinien uwzgl\u0119dnia\u0107 kwestie bezpiecze\u0144stwa, takie jak zawory bezpiecze\u0144stwa i zawory nadmiarowe ci\u015bnienia, aby zapobiec przeci\u0105\u017ceniu i zagwarantowa\u0107 bezpieczn\u0105 prac\u0119.<\/li>\n<li>\u0141atwo\u015b\u0107 konserwacji: Projekt powinien uwzgl\u0119dnia\u0107 \u0142atwo\u015b\u0107 konserwacji i wymiany, aby umo\u017cliwi\u0107 sprawne przeprowadzanie przegl\u0105d\u00f3w i konserwacji, a tym samym ograniczy\u0107 przestoje i straty sprz\u0119tu.<\/li>\n<\/ul>\n<p><img decoding=\"async\" src=\"https:\/\/www.hydraulic-cylinders.net\/wp-content\/uploads\/2025\/01\/songte-cylinder-head-with-all-kinds-excavator-models.webp\"><\/p>\n<h3>Uszczelnianie i smarowanie<\/h3>\n<p>Si\u0142ownik ramienia wykorzystuje r\u00f3\u017cne elementy uszczelniaj\u0105ce, takie jak uszczelnienia t\u0142oka, uszczelnienia t\u0142oczyska i pier\u015bcienie \u015blizgowe, aby zapewni\u0107 skuteczne uszczelnienie. Elementy uszczelniaj\u0105ce wykonane s\u0105 z materia\u0142\u00f3w odpornych na zu\u017cycie, takich jak poliuretan i kauczuk nitrylowy. Korpus si\u0142ownika i powierzchnia gwintu s\u0105 precyzyjnie obrobione, aby zwi\u0119kszy\u0107 odporno\u015b\u0107 na zu\u017cycie i korozj\u0119. Do smarowania niezb\u0119dne jest regularne uzupe\u0142nianie odpowiedni\u0105 ilo\u015bci\u0105 oleju hydraulicznego.<\/p>\n<h3>Regularne kontrole i \u015brodki konserwacji zapobiegawczej<\/h3>\n<ul>\n<li>Regularna kontrola si\u0142ownika ramienia i uk\u0142adu hydraulicznego zapewnia ich dobry stan techniczny. Obejmuje to sprawdzenie szczelno\u015bci, zu\u017cycia i uszkodze\u0144.<\/li>\n<li>Do dzia\u0142a\u0144 konserwacyjnych zalicza si\u0119 regularn\u0105 wymian\u0119 element\u00f3w uszczelniaj\u0105cych, oleju hydraulicznego i filtr\u00f3w.<\/li>\n<li>Podczas wymiany podzespo\u0142\u00f3w nale\u017cy stosowa\u0107 wy\u0142\u0105cznie oryginalne cz\u0119\u015bci pochodz\u0105ce od wykwalifikowanych producent\u00f3w.<\/li>\n<\/ul>\n<p><img decoding=\"async\" src=\"https:\/\/www.hydraulic-cylinders.net\/wp-content\/uploads\/2025\/01\/songte-chushion-collar.webp\"><\/p>\n<h3>Instrukcja instalacji produktu<\/h3>\n<p>Przed monta\u017cem nale\u017cy upewni\u0107 si\u0119, \u017ce powierzchnie monta\u017cowe zar\u00f3wno cylindra, jak i osprz\u0119tu s\u0105 czyste i pozbawione zadzior\u00f3w. W miar\u0119 mo\u017cliwo\u015bci cylinder nale\u017cy zamontowa\u0107 w pozycji pionowej. Pod\u0142\u0105cz przewody hydrauliczne zgodnie z zaleceniami producenta i upewnij si\u0119, \u017ce uk\u0142ad hydrauliczny jest odpowietrzony. Na koniec wykonaj kilka cykli pracy uk\u0142adu, aby sprawdzi\u0107, czy nie ma wyciek\u00f3w lub usterek.<\/p>\n<p><img decoding=\"async\" src=\"https:\/\/www.hydraulic-cylinders.net\/wp-content\/uploads\/2025\/01\/songte-bushings-with-all-kinds-of-excavator-models.webp\"><\/p>\n<h3>Zagadnienia bezpiecze\u0144stwa i czynniki \u015brodowiskowe<\/h3>\n<p>Podczas obs\u0142ugi cylindr\u00f3w ramienia nale\u017cy przestrzega\u0107 \u015brodk\u00f3w ostro\u017cno\u015bci, aby zapobiec wypadkom. Przed demonta\u017cem cylindra nale\u017cy upewni\u0107 si\u0119, \u017ce cylinder jest bezpiecznie zamontowany, a uk\u0142ad hydrauliczny jest rozhermetyzowany. Nale\u017cy prawid\u0142owo utylizowa\u0107 wszelkie odpady, takie jak olej hydrauliczny lub zu\u017cyte elementy, aby zmniejszy\u0107 wp\u0142yw na \u015brodowisko.<\/p>\n<h3>Rozwi\u0105zywanie problem\u00f3w i typowe problemy<\/h3>\n<ul>\n<li>Wyciek: Sprawd\u017a, czy elementy uszczelniaj\u0105ce nie s\u0105 uszkodzone lub zu\u017cyte i wymie\u0144 je w razie potrzeby.<\/li>\n<li>Powolny lub nieregularny ruch: Sprawd\u017a, czy w uk\u0142adzie hydraulicznym nie ma powietrza i w razie potrzeby odpowietrz uk\u0142ad. Sprawd\u017a, czy elementy nie s\u0105 uszkodzone lub zu\u017cyte i wymie\u0144 je w razie potrzeby.<\/li>\n<li>Nadmierny ha\u0142as: Sprawd\u017a, czy elementy nie s\u0105 lu\u017ane lub uszkodzone i w razie potrzeby dokr\u0119\u0107 je lub wymie\u0144. Sprawd\u017a prawid\u0142owe ustawienie cylindra i mocowania.<\/li>\n<\/ul>\n<h3>Wskaz\u00f3wki dotycz\u0105ce rozwi\u0105zywania problem\u00f3w i rozwi\u0105zywania problem\u00f3w<\/h3>\n<ul>\n<li>Aby uzyska\u0107 informacje na temat prawid\u0142owej konserwacji i rozwi\u0105zywania problem\u00f3w, nale\u017cy zapozna\u0107 si\u0119 z instrukcjami producenta i zalecanymi przez niego sposobami post\u0119powania.<\/li>\n<li>Do wymian i napraw u\u017cywaj oryginalnych cz\u0119\u015bci od wykwalifikowanych producent\u00f3w.<\/li>\n<li>Przeprowadzaj regularne kontrole i prace konserwacyjne, aby identyfikowa\u0107 i rozwi\u0105zywa\u0107 problemy zanim stan\u0105 si\u0119 powa\u017cniejsze.<\/li>\n<li>Prowad\u017a szczeg\u00f3\u0142owe zapisy czynno\u015bci konserwacyjnych i naprawczych, aby monitorowa\u0107 wydajno\u015b\u0107 cylindra ramienia i uk\u0142adu hydraulicznego.<\/li>\n<\/ul>\n<h3>O nas<\/h3>\n<p>Jeste\u015bmy profesjonalnym producentem zamiennych cylindr\u00f3w hydraulicznych, oferuj\u0105cym szerok\u0105 gam\u0119 produkt\u00f3w. Stali\u015bmy si\u0119 jednym z wiod\u0105cych producent\u00f3w i dystrybutor\u00f3w cylindr\u00f3w hydraulicznych na rynku krajowym i mi\u0119dzynarodowym. Zawsze kierujemy si\u0119 zasad\u0105 doskona\u0142o\u015bci jako\u015bci i stale podnosimy wydajno\u015b\u0107 produkcji oraz poziom techniczny dzi\u0119ki zaawansowanemu, cyfrowemu sprz\u0119towi produkcyjnemu i profesjonalnym systemom testowym. Dysponujemy du\u017cym potencja\u0142em innowacyjnym i d\u0105\u017cymy do zaspokojenia zr\u00f3\u017cnicowanych potrzeb klient\u00f3w, oferuj\u0105c wysok\u0105 wydajno\u015b\u0107, precyzj\u0119 i jako\u015b\u0107.<\/p>\n<p>Oferujemy profesjonalne, certyfikowane na poziomie mi\u0119dzynarodowym, niestandardowe us\u0142ugi, zaawansowany sprz\u0119t produkcyjny i serwis posprzeda\u017cowy.<\/p>\n<p><img decoding=\"async\" src=\"https:\/\/www.hydraulic-cylinders.net\/wp-content\/uploads\/2025\/01\/songte-company-4.webp\"><br \/>\n<img decoding=\"async\" src=\"https:\/\/www.hydraulic-cylinders.net\/wp-content\/uploads\/2025\/01\/songte-company-3.webp\"><\/p>\n<p>Autor: lyl.<\/p>","protected":false},"excerpt":{"rendered":"<p>Arm Cylinder For Jingong Crawler Excavator JCM937 Introduction The arm cylinder is a type of hydraulic cylinder that is specifically designed to provide linear motion and power to the arm of various types of machinery, such as excavators, cranes, and robotic arms. The arm cylinder plays a crucial role in hydraulic systems, allowing for effective [&hellip;]<\/p>","protected":false},"featured_media":14763,"comment_status":"open","ping_status":"closed","template":"","meta":{"_et_pb_use_builder":"","_et_pb_old_content":"","_et_gb_content_width":""},"product_brand":[],"product_cat":[1497],"product_tag":[1498,1496],"class_list":{"0":"post-16685","1":"product","2":"type-product","3":"status-publish","4":"has-post-thumbnail","6":"product_cat-arm-cylinders","7":"product_tag-arm-cylinders","8":"product_tag-hydraulic-cylinders","10":"first","11":"instock","12":"shipping-taxable","13":"product-type-simple"},"amp_enabled":true,"_links":{"self":[{"href":"https:\/\/www.hydraulic-cylinders.net\/pl\/wp-json\/wp\/v2\/product\/16685","targetHints":{"allow":["GET"]}}],"collection":[{"href":"https:\/\/www.hydraulic-cylinders.net\/pl\/wp-json\/wp\/v2\/product"}],"about":[{"href":"https:\/\/www.hydraulic-cylinders.net\/pl\/wp-json\/wp\/v2\/types\/product"}],"replies":[{"embeddable":true,"href":"https:\/\/www.hydraulic-cylinders.net\/pl\/wp-json\/wp\/v2\/comments?post=16685"}],"wp:featuredmedia":[{"embeddable":true,"href":"https:\/\/www.hydraulic-cylinders.net\/pl\/wp-json\/wp\/v2\/media\/14763"}],"wp:attachment":[{"href":"https:\/\/www.hydraulic-cylinders.net\/pl\/wp-json\/wp\/v2\/media?parent=16685"}],"wp:term":[{"taxonomy":"product_brand","embeddable":true,"href":"https:\/\/www.hydraulic-cylinders.net\/pl\/wp-json\/wp\/v2\/product_brand?post=16685"},{"taxonomy":"product_cat","embeddable":true,"href":"https:\/\/www.hydraulic-cylinders.net\/pl\/wp-json\/wp\/v2\/product_cat?post=16685"},{"taxonomy":"product_tag","embeddable":true,"href":"https:\/\/www.hydraulic-cylinders.net\/pl\/wp-json\/wp\/v2\/product_tag?post=16685"}],"curies":[{"name":"wp","href":"https:\/\/api.w.org\/{rel}","templated":true}]}}