{"id":16694,"date":"2025-01-21T05:47:33","date_gmt":"2025-01-21T05:47:33","guid":{"rendered":"https:\/\/www.hydraulic-cylinders.net\/product\/arm-cylinder-for-jchi-ns60c\/"},"modified":"2025-01-21T05:47:35","modified_gmt":"2025-01-21T05:47:35","slug":"arm-cylinder-for-jchi-ns60c","status":"publish","type":"product","link":"https:\/\/www.hydraulic-cylinders.net\/pl\/produkt\/arm-cylinder-for-jchi-ns60c\/","title":{"rendered":"Si\u0142ownik ramienia do JCHI NS60C"},"content":{"rendered":"<h2>Wst\u0119p<\/h2>\n<h3>Si\u0142ownik ramienia do JCHI NS60C<\/h3>\n<p>Si\u0142ownik ramienia to specjalnie zaprojektowany si\u0142ownik hydrauliczny, u\u017cywany g\u0142\u00f3wnie do zapewnienia ruchu liniowego i zasilania ramion r\u00f3\u017cnego rodzaju maszyn, takich jak koparki, d\u017awigi i ramiona robotyczne. Si\u0142ownik ramienia odgrywa kluczow\u0105 rol\u0119 w uk\u0142adach hydraulicznych, umo\u017cliwiaj\u0105c ruch osprz\u0119tu i akcesori\u00f3w oraz ich efektywne sterowanie. Si\u0142owniki te nie tylko zapewniaj\u0105 p\u0142ynny ruch, ale tak\u017ce wytrzymuj\u0105 du\u017ce obci\u0105\u017cenia, zapewniaj\u0105c wydajn\u0105 prac\u0119 i niezawodno\u015b\u0107 maszyn w r\u00f3\u017cnych warunkach eksploatacyjnych.<\/p>\n<p><img decoding=\"async\" src=\"https:\/\/www.hydraulic-cylinders.net\/wp-content\/uploads\/2025\/01\/songte-company-2.webp\" alt=\"Cylinder ramienia\" \/><\/p>\n<h2>Cechy<\/h2>\n<h3>Wysoka wydajno\u015b\u0107 transmisji<\/h3>\n<p>Cylinder ramienia mo\u017ce zapewni\u0107 mocny ruch liniowy i si\u0142\u0119, gwarantuj\u0105c wysok\u0105 wydajno\u015b\u0107 podczas r\u00f3\u017cnych operacji ramienia mechanicznego.<\/p>\n<h3>Precyzyjna kontrola<\/h3>\n<p>Dzi\u0119ki uk\u0142adowi hydraulicznemu si\u0142ownik ramienia mo\u017ce uzyska\u0107 precyzyjn\u0105 kontrol\u0119 ruchu, co sprawia, \u017ce \u200b\u200bobs\u0142uga przymocowanych narz\u0119dzi jest bardziej elastyczna i dok\u0142adna.<\/p>\n<h3>Wysoka wytrzyma\u0142o\u015b\u0107<\/h3>\n<p>Cylindry ramienia s\u0105 zazwyczaj wykonane z materia\u0142\u00f3w o wysokiej wytrzyma\u0142o\u015bci, charakteryzuj\u0105cych si\u0119 dobr\u0105 odporno\u015bci\u0105 na zu\u017cycie i korozj\u0119, dzi\u0119ki czemu nadaj\u0105 si\u0119 do d\u0142ugotrwa\u0142ego u\u017cytkowania w trudnych warunkach.<\/p>\n<h3>Wielofunkcyjna adaptowalno\u015b\u0107<\/h3>\n<p>Tego typu cylindry mo\u017cna powszechnie stosowa\u0107 w r\u00f3\u017cnych urz\u0105dzeniach mechanicznych, takich jak koparki, d\u017awigi i ramiona robotyczne, aby sprosta\u0107 zr\u00f3\u017cnicowanym wymaganiom roboczym.<\/p>\n<h3>\u0141atwa konserwacja<\/h3>\n<p>Projekt uwzgl\u0119dnia \u0142atwo\u015b\u0107 konserwacji i wymiany, dzi\u0119ki czemu regularne kontrole i konserwacje staj\u0105 si\u0119 wygodniejsze, a przestoje sprz\u0119tu zostaj\u0105 skr\u00f3cone.<\/p>\n<p><img decoding=\"async\" src=\"https:\/\/www.hydraulic-cylinders.net\/wp-content\/uploads\/2025\/01\/songte-oil-pipes-and-spare-parts.webp\" alt=\"Cz\u0119\u015bci zamienne do cylindr\u00f3w hydraulicznych\" \/><\/p>\n<h2>Aplikacje<\/h2>\n<p>Si\u0142ownik ramienia ma r\u00f3\u017cnorodne zastosowania w r\u00f3\u017cnych ga\u0142\u0119ziach przemys\u0142u:<\/p>\n<ul>\n<li>\n<h3>In\u017cynieria budowlana<\/h3>\n<p>W koparkach i d\u017awigach si\u0142ownik ramienia s\u0142u\u017cy do sterowania ruchem \u0142y\u017cki lub wysi\u0119gnika, wykonywania rob\u00f3t ziemnych, przenoszenia materia\u0142\u00f3w i instalacji konstrukcyjnych.<\/p>\n<\/li>\n<li>\n<h3>Przemys\u0142 wytw\u00f3rczy<\/h3>\n<p>Si\u0142ownik ramienia jest stosowany w ruchu ramion robot\u00f3w w zautomatyzowanych liniach produkcyjnych, w procesach monta\u017cu, spawania i obs\u0142ugi, co zwi\u0119ksza wydajno\u015b\u0107 i dok\u0142adno\u015b\u0107 produkcji.<\/p>\n<\/li>\n<li>\n<h3>Maszyny rolnicze<\/h3>\n<p>W maszynach rolniczych, takich jak kombajny i siewniki, si\u0142ownik ramienia steruje ruchem ramienia roboczego, wykonuj\u0105cego takie zadania, jak siew, nawo\u017cenie i zbi\u00f3r.<\/p>\n<\/li>\n<li>\n<h3>G\u00f3rnictwo<\/h3>\n<p>W sprz\u0119cie g\u00f3rniczym si\u0142ownik ramienia s\u0142u\u017cy do sterowania ruchem ramienia sprz\u0119tu g\u00f3rniczego podczas wydobycia i transportu minera\u0142\u00f3w.<\/p>\n<\/li>\n<li>\n<h3>Logistyka i transport<\/h3>\n<p>W w\u00f3zkach wid\u0142owych i robotach prze\u0142adunkowych si\u0142ownik ramienia s\u0142u\u017cy do sterowania podnoszeniem i ruchem wide\u0142, co umo\u017cliwia przenoszenie i uk\u0142adanie materia\u0142\u00f3w.<\/p>\n<\/li>\n<\/ul>\n<p><img decoding=\"async\" src=\"https:\/\/www.hydraulic-cylinders.net\/wp-content\/uploads\/2025\/01\/songte-chushion-collar.webp\" alt=\"Poduszka ko\u0142nierza cylindra ramiennego\" \/><\/p>\n<h2>Zagadnienia projektowe i kryteria wyboru<\/h2>\n<p>Przy projektowaniu i doborze cylindr\u00f3w ramieniowych nale\u017cy wzi\u0105\u0107 pod uwag\u0119 nast\u0119puj\u0105ce aspekty:<\/p>\n<ul>\n<li>\n<h3>No\u015bno\u015b\u0107<\/h3>\n<p>Si\u0142ownik nale\u017cy dobra\u0107 do ud\u017awigu maszyny, upewniaj\u0105c si\u0119, \u017ce b\u0119dzie on w stanie wytrzyma\u0107 si\u0142\u0119 wywieran\u0105 przez rami\u0119 robocze.<\/p>\n<\/li>\n<li>\n<h3>Opiecz\u0119towanie<\/h3>\n<p>Cylinder powinien mie\u0107 dobre w\u0142a\u015bciwo\u015bci uszczelniaj\u0105ce, aby zapobiec wyciekom oleju i zapewni\u0107 wydajn\u0105 prac\u0119.<\/p>\n<\/li>\n<li>\n<h3>Trwa\u0142o\u015b\u0107<\/h3>\n<p>Cylinder powinien by\u0107 wykonany z materia\u0142\u00f3w o wysokiej wytrzyma\u0142o\u015bci, aby zapewni\u0107 odporno\u015b\u0107 na zu\u017cycie i korozj\u0119, dzi\u0119ki czemu nadaje si\u0119 do stosowania w trudnych warunkach.<\/p>\n<\/li>\n<li>\n<h3>Bezpiecze\u0144stwo<\/h3>\n<p>Cylinder powinien by\u0107 wyposa\u017cony w urz\u0105dzenia zabezpieczaj\u0105ce zapobiegaj\u0105ce wypadkom spowodowanym przeci\u0105\u017ceniem lub innymi awariami.<\/p>\n<\/li>\n<li>\n<h3>Utrzymywalno\u015b\u0107<\/h3>\n<p>Projekt powinien uwzgl\u0119dnia\u0107 \u0142atw\u0105 konserwacj\u0119 i wymian\u0119 cylindr\u00f3w w celu ograniczenia przestoj\u00f3w i koszt\u00f3w konserwacji.<\/p>\n<\/li>\n<\/ul>\n<p><img decoding=\"async\" src=\"https:\/\/www.hydraulic-cylinders.net\/wp-content\/uploads\/2025\/01\/songte-cylinder-head-with-all-kinds-excavator-models.webp\" alt=\"G\u0142owica cylindra hydraulicznego\" \/><\/p>\n<h2>Uszczelnianie i smarowanie<\/h2>\n<p>W si\u0142owniku ramienia zastosowano r\u00f3\u017cne elementy uszczelniaj\u0105ce, takie jak uszczelki t\u0142oka i t\u0142oczyska, wykonane z materia\u0142\u00f3w odpornych na zu\u017cycie, takich jak poliuretan i kauczuk nitrylowy, aby zapobiec wyciekom oleju. Korpus si\u0142ownika i powierzchnia gwintu s\u0105 precyzyjnie obrobione, aby zwi\u0119kszy\u0107 odporno\u015b\u0107 na zu\u017cycie. Si\u0142ownik wymaga regularnego uzupe\u0142niania odpowiedniej ilo\u015bci oleju hydraulicznego w celu smarowania.<\/p>\n<h2>Konserwacja zapobiegawcza i rozwi\u0105zywanie problem\u00f3w<\/h2>\n<p>Aby zapobiec awariom i zapewni\u0107 sprawne dzia\u0142anie, si\u0142ownik ramienia wymaga regularnej kontroli i konserwacji. Nale\u017cy poda\u0107 wskaz\u00f3wki i rozwi\u0105zania dotycz\u0105ce rozwi\u0105zywania problem\u00f3w, aby pom\u00f3c czytelnikom skutecznie diagnozowa\u0107 i rozwi\u0105zywa\u0107 problemy, a tak\u017ce podj\u0105\u0107 \u015brodki zapobiegawcze w celu ograniczenia potencjalnych problem\u00f3w.<\/p>\n<p><img decoding=\"async\" src=\"https:\/\/www.hydraulic-cylinders.net\/wp-content\/uploads\/2025\/01\/songte-bushings-with-all-kinds-of-excavator-models.webp\" alt=\"Tuleje cylindr\u00f3w hydraulicznych\" \/><\/p>\n<h2>Przewodnik instalacji<\/h2>\n<p>Prawid\u0142owy monta\u017c si\u0142ownika ramienia ma kluczowe znaczenie dla jego sprawnego dzia\u0142ania i \u017cywotno\u015bci. Zaleca si\u0119 przestrzeganie instrukcji monta\u017cu producenta i zwr\u00f3cenie uwagi na nast\u0119puj\u0105ce kwestie:<\/p>\n<ul>\n<li>Upewnij si\u0119, \u017ce cylinder zosta\u0142 zainstalowany we w\u0142a\u015bciwym kierunku.<\/li>\n<li>Sprawd\u017a, czy cylinder jest zamontowany bezpiecznie i czy po\u0142\u0105czenie jest szczelne.<\/li>\n<li>Upewnij si\u0119, \u017ce cylinder i po\u0142\u0105czone z nim cz\u0119\u015bci s\u0105 czyste i wolne od zanieczyszcze\u0144.<\/li>\n<li>Przed uruchomieniem maszyny nale\u017cy upewni\u0107 si\u0119, \u017ce uk\u0142ad hydrauliczny jest wolny od powietrza.<\/li>\n<\/ul>\n<h2>O nas<\/h2>\n<p>Jeste\u015bmy profesjonalnym producentem zamiennych cylindr\u00f3w hydraulicznych, oferuj\u0105cym szerok\u0105 gam\u0119 produkt\u00f3w. Stali\u015bmy si\u0119 jednym z wiod\u0105cych producent\u00f3w i dystrybutor\u00f3w hurtowych cylindr\u00f3w hydraulicznych na rynku krajowym i mi\u0119dzynarodowym. Zawsze przestrzegamy zasady doskona\u0142ej jako\u015bci, opieraj\u0105c si\u0119 na strategii zarz\u0105dzania produkcj\u0105 przemys\u0142ow\u0105 w nowoczesnym zak\u0142adzie produkcyjnym, aby stale podnosi\u0107 poziom techniczny i wydajno\u015b\u0107 produkcji. Dzi\u0119ki wprowadzaniu zaawansowanego cyfrowego sprz\u0119tu produkcyjnego i profesjonalnych system\u00f3w testowych, stale optymalizujemy nasz\u0105 platform\u0119 produkcyjn\u0105, usprawniamy proces kontroli jako\u015bci produkt\u00f3w i rozwijamy innowacyjne rozwi\u0105zania. Naszym celem jest zaspokajanie zr\u00f3\u017cnicowanych potrzeb klient\u00f3w, kieruj\u0105c si\u0119 zasadami wydajno\u015bci, precyzji i wysokiej jako\u015bci.<\/p>\n<p><img decoding=\"async\" src=\"https:\/\/www.hydraulic-cylinders.net\/wp-content\/uploads\/2025\/01\/songte-company-4.webp\" alt=\"Fabryka cylindr\u00f3w hydraulicznych\" \/><\/p>\n<p>Jeste\u015bmy dumni z naszego profesjonalizmu, mi\u0119dzynarodowych certyfikat\u00f3w, dostosowanych us\u0142ug, sprz\u0119tu produkcyjnego i obs\u0142ugi posprzeda\u017cowej, kt\u00f3re szczeg\u00f3\u0142owo opisano poni\u017cej:<\/p>\n<ul>\n<li>\n<h3>Profesjonalizm<\/h3>\n<p>Dysponujemy zespo\u0142em profesjonalnych in\u017cynier\u00f3w i technik\u00f3w, kt\u00f3rzy mog\u0105 zapewni\u0107 kompleksowe rozwi\u0105zania w zakresie si\u0142ownik\u00f3w hydraulicznych dla r\u00f3\u017cnych ga\u0142\u0119zi przemys\u0142u.<\/p>\n<\/li>\n<li>\n<h3>Mi\u0119dzynarodowa Certyfikacja<\/h3>\n<p>Nasze produkty posiadaj\u0105 szereg mi\u0119dzynarodowych certyfikat\u00f3w, takich jak ISO9001, CE i RoHS, co gwarantuje niezawodn\u0105 jako\u015b\u0107 i bezpiecze\u0144stwo.<\/p>\n<\/li>\n<li>\n<h3>Us\u0142ugi dostosowane do indywidualnych potrzeb<\/h3>\n<p>Mo\u017cemy dostarczy\u0107 rozwi\u0105zania w zakresie cylindr\u00f3w hydraulicznych dostosowane do wymaga\u0144 klienta, uwzgl\u0119dniaj\u0105ce rozmiary cylindr\u00f3w, materia\u0142y i funkcje specjalne.<\/p>\n<\/li>\n<li>\n<h3>Sprz\u0119t produkcyjny<\/h3>\n<p>Wykorzystujemy zaawansowany sprz\u0119t do cyfrowej produkcji, taki jak tokarki CNC, frezarki i szlifierki, aby zapewni\u0107 precyzj\u0119 i wydajno\u015b\u0107 produkcji.<\/p>\n<\/li>\n<li>\n<h3>Serwis posprzeda\u017cowy<\/h3>\n<p>Dysponujemy profesjonalnym zespo\u0142em obs\u0142ugi posprzeda\u017cowej, kt\u00f3ry zapewnia klientom terminowe i skuteczne wsparcie techniczne oraz us\u0142ugi konserwacyjne.<\/p>\n<\/li>\n<\/ul>\n<p>Autor: lyl<\/p>","protected":false},"excerpt":{"rendered":"<p>Introduction Arm Cylinder for JCHI NS60C An arm cylinder is a specially designed hydraulic cylinder used primarily to provide linear motion and power to the arms of various types of machinery such as excavators, cranes, and robotic arms. The arm cylinder plays a key role in hydraulic systems, enabling attachments or accessories to move and [&hellip;]<\/p>","protected":false},"featured_media":14766,"comment_status":"open","ping_status":"closed","template":"","meta":{"_et_pb_use_builder":"","_et_pb_old_content":"","_et_gb_content_width":""},"product_brand":[],"product_cat":[1497],"product_tag":[1498,1496],"class_list":{"0":"post-16694","1":"product","2":"type-product","3":"status-publish","4":"has-post-thumbnail","6":"product_cat-arm-cylinders","7":"product_tag-arm-cylinders","8":"product_tag-hydraulic-cylinders","10":"first","11":"instock","12":"shipping-taxable","13":"product-type-simple"},"amp_enabled":true,"_links":{"self":[{"href":"https:\/\/www.hydraulic-cylinders.net\/pl\/wp-json\/wp\/v2\/product\/16694","targetHints":{"allow":["GET"]}}],"collection":[{"href":"https:\/\/www.hydraulic-cylinders.net\/pl\/wp-json\/wp\/v2\/product"}],"about":[{"href":"https:\/\/www.hydraulic-cylinders.net\/pl\/wp-json\/wp\/v2\/types\/product"}],"replies":[{"embeddable":true,"href":"https:\/\/www.hydraulic-cylinders.net\/pl\/wp-json\/wp\/v2\/comments?post=16694"}],"wp:featuredmedia":[{"embeddable":true,"href":"https:\/\/www.hydraulic-cylinders.net\/pl\/wp-json\/wp\/v2\/media\/14766"}],"wp:attachment":[{"href":"https:\/\/www.hydraulic-cylinders.net\/pl\/wp-json\/wp\/v2\/media?parent=16694"}],"wp:term":[{"taxonomy":"product_brand","embeddable":true,"href":"https:\/\/www.hydraulic-cylinders.net\/pl\/wp-json\/wp\/v2\/product_brand?post=16694"},{"taxonomy":"product_cat","embeddable":true,"href":"https:\/\/www.hydraulic-cylinders.net\/pl\/wp-json\/wp\/v2\/product_cat?post=16694"},{"taxonomy":"product_tag","embeddable":true,"href":"https:\/\/www.hydraulic-cylinders.net\/pl\/wp-json\/wp\/v2\/product_tag?post=16694"}],"curies":[{"name":"wp","href":"https:\/\/api.w.org\/{rel}","templated":true}]}}