{"id":16695,"date":"2025-01-21T05:47:37","date_gmt":"2025-01-21T05:47:37","guid":{"rendered":"https:\/\/www.hydraulic-cylinders.net\/product\/arm-cylinder-for-jchi-ns75-7\/"},"modified":"2025-01-21T05:47:39","modified_gmt":"2025-01-21T05:47:39","slug":"arm-cylinder-for-jchi-ns75-7","status":"publish","type":"product","link":"https:\/\/www.hydraulic-cylinders.net\/pl\/produkt\/arm-cylinder-for-jchi-ns75-7\/","title":{"rendered":"Si\u0142ownik ramienia do JCHI NS75-7"},"content":{"rendered":"<h2>Si\u0142ownik ramienia do JCHI NS75-7<\/h2>\n<h3>Wst\u0119p<\/h3>\n<p>Si\u0142ownik ramienia to specjalnie zaprojektowany si\u0142ownik hydrauliczny, u\u017cywany g\u0142\u00f3wnie do zapewnienia ruchu liniowego i zasilania ramienia r\u00f3\u017cnych maszyn, takich jak koparki, d\u017awigi i ramiona robotyczne. Si\u0142ownik ramienia odgrywa kluczow\u0105 rol\u0119 w uk\u0142adach hydraulicznych, umo\u017cliwiaj\u0105c ruch i efektywne sterowanie do\u0142\u0105czonymi narz\u0119dziami lub osprz\u0119tem. Si\u0142owniki te nie tylko zapewniaj\u0105 p\u0142ynny ruch, ale tak\u017ce wytrzymuj\u0105 du\u017ce obci\u0105\u017cenia, zapewniaj\u0105c wydajn\u0105 prac\u0119 i niezawodno\u015b\u0107 maszyn w r\u00f3\u017cnych warunkach pracy.<\/p>\n<p><img decoding=\"async\" src=\"https:\/\/www.hydraulic-cylinders.net\/wp-content\/uploads\/2025\/01\/songte-company-2.webp\"><\/p>\n<h3>Cechy<\/h3>\n<ul>\n<li>Wysoka wydajno\u015b\u0107 transmisji mocy: Cylinder ramienia mo\u017ce zapewni\u0107 mocny ruch liniowy i si\u0142\u0119, gwarantuj\u0105c wysok\u0105 wydajno\u015b\u0107 ramienia robota podczas r\u00f3\u017cnych operacji.<\/li>\n<li>Precyzyjna kontrola: Dzi\u0119ki uk\u0142adowi hydraulicznemu si\u0142ownik ramienia mo\u017ce uzyska\u0107 dok\u0142adn\u0105 kontrol\u0119 ruchu, co sprawia, \u017ce \u200b\u200bobs\u0142uga pod\u0142\u0105czonych narz\u0119dzi jest bardziej elastyczna i precyzyjna.<\/li>\n<li>Wysoka trwa\u0142o\u015b\u0107: Cylinder ramienia jest zwykle wykonany z materia\u0142\u00f3w o wysokiej wytrzyma\u0142o\u015bci, charakteryzuj\u0105cych si\u0119 dobr\u0105 odporno\u015bci\u0105 na zu\u017cycie i korozj\u0119, dzi\u0119ki czemu nadaje si\u0119 do d\u0142ugotrwa\u0142ego u\u017cytkowania w trudnych warunkach.<\/li>\n<li>Wielofunkcyjna adaptowalno\u015b\u0107: Cylindry te mo\u017cna szeroko stosowa\u0107 w r\u00f3\u017cnych typach maszyn, takich jak koparki, d\u017awigi i ramiona robotyczne, dostosowuj\u0105c si\u0119 do r\u00f3\u017cnych wymaga\u0144 roboczych.<\/li>\n<li>\u0141atwa konserwacja: Zaprojektowany z my\u015bl\u0105 o \u0142atwej konserwacji i wymianie si\u0142ownik ramienia sprawia, \u017ce \u200b\u200bregularne kontrole i konserwacje s\u0105 wygodniejsze, co skraca przestoje sprz\u0119tu.<\/li>\n<\/ul>\n<p>Mo\u017cemy wyprodukowa\u0107 ten produkt i nasz produkt mo\u017ce doskonale zast\u0105pi\u0107 te cylindry hydrauliczne.<\/p>\n<p><img decoding=\"async\" src=\"https:\/\/www.hydraulic-cylinders.net\/wp-content\/uploads\/2025\/01\/songte-oil-pipes-and-spare-parts.webp\"><\/p>\n<h3>Aplikacje<\/h3>\n<ul>\n<li>In\u017cynieria budowlana: W koparkach i d\u017awigach si\u0142ownik ramienia s\u0142u\u017cy do sterowania ruchem \u0142y\u017cki lub wysi\u0119gnika podczas rob\u00f3t ziemnych, przenoszenia materia\u0142\u00f3w i instalacji konstrukcyjnych.<\/li>\n<li>Przemys\u0142 wytw\u00f3rczy: W zautomatyzowanych liniach produkcyjnych si\u0142ownik ramienia jest wykorzystywany do poruszania ramionami robota podczas monta\u017cu, spawania i obs\u0142ugi materia\u0142\u00f3w, co zwi\u0119ksza wydajno\u015b\u0107 i dok\u0142adno\u015b\u0107 produkcji.<\/li>\n<li>Maszyny rolnicze: W maszynach rolniczych, takich jak kombajny i sadzarki, si\u0142ownik ramienia steruje ruchem ramienia roboczego podczas wykonywania takich zada\u0144, jak sadzenie, nawo\u017cenie i zbi\u00f3r.<\/li>\n<li>G\u00f3rnictwo: W sprz\u0119cie g\u00f3rniczym si\u0142ownik ramienia s\u0142u\u017cy do sterowania ruchem ramienia sprz\u0119tu g\u00f3rniczego s\u0142u\u017c\u0105cego do wydobywania i transportu minera\u0142\u00f3w.<\/li>\n<li>Logistyka i transport: W w\u00f3zkach wid\u0142owych i robotach prze\u0142adunkowych si\u0142ownik ramienia s\u0142u\u017cy do kontrolowania podnoszenia i przemieszczania \u0142adunku, umo\u017cliwiaj\u0105c obs\u0142ug\u0119 i uk\u0142adanie materia\u0142\u00f3w.<\/li>\n<\/ul>\n<h3>Zagadnienia projektowe i standardy wyboru<\/h3>\n<ul>\n<li>No\u015bno\u015b\u0107: Cylinder ramienia musi by\u0107 zaprojektowany tak, aby wytrzyma\u0107 maksymalne obci\u0105\u017cenie, jakie ma przenosi\u0107, zapewniaj\u0105c bezpieczn\u0105 i wydajn\u0105 prac\u0119.<\/li>\n<li>Uszczelnienie: W cylindrze ramienia zastosowano r\u00f3\u017cne elementy uszczelniaj\u0105ce, takie jak uszczelki t\u0142oka i uszczelki t\u0142oczyska wykonane z materia\u0142\u00f3w odpornych na zu\u017cycie, takich jak poliuretan i kauczuk nitrylowy, co zapewnia dobr\u0105 szczelno\u015b\u0107 i zapobiega wyciekom hydraulicznym.<\/li>\n<li>Trwa\u0142o\u015b\u0107: Korpus cylindra i powierzchnia ko\u0144cowa gwintu s\u0105 precyzyjnie obrobione w celu zwi\u0119kszenia odporno\u015bci na zu\u017cycie, co gwarantuje trwa\u0142o\u015b\u0107 cylindra ramienia nawet w trudnych warunkach.<\/li>\n<li>Bezpiecze\u0144stwo: Cylindry ramieniowe powinny by\u0107 zaprojektowane z uwzgl\u0119dnieniem funkcji bezpiecze\u0144stwa, takich jak wy\u0142\u0105czniki kra\u0144cowe i zawory bezpiecze\u0144stwa, aby zapobiega\u0107 wypadkom i zapewni\u0107 bezpieczn\u0105 obs\u0142ug\u0119.<\/li>\n<li>Konserwacja: Cylinder ramienia powinien by\u0107 zaprojektowany w spos\u00f3b umo\u017cliwiaj\u0105cy \u0142atw\u0105 konserwacj\u0119 i wymian\u0119, co zapewni terminow\u0105 konserwacj\u0119 i skr\u00f3ci przestoje spowodowane awariami sprz\u0119tu.<\/li>\n<\/ul>\n<p><img decoding=\"async\" src=\"https:\/\/www.hydraulic-cylinders.net\/wp-content\/uploads\/2025\/01\/songte-cylinder-head-with-all-kinds-excavator-models.webp\"><\/p>\n<h3>Uszczelnianie i smarowanie<\/h3>\n<p>Si\u0142ownik ramienia wykorzystuje r\u00f3\u017cnorodne elementy uszczelniaj\u0105ce, takie jak uszczelnienia t\u0142oka i t\u0142oczyska, wykonane z materia\u0142\u00f3w odpornych na zu\u017cycie, takich jak poliuretan i kauczuk nitrylowy, aby zapewni\u0107 dobr\u0105 szczelno\u015b\u0107 i zapobiec wyciekom hydraulicznym. Korpus si\u0142ownika i powierzchnia gwintu s\u0105 precyzyjnie obrobione, aby zwi\u0119kszy\u0107 odporno\u015b\u0107 na zu\u017cycie, gwarantuj\u0105c trwa\u0142o\u015b\u0107 si\u0142ownika ramienia nawet w trudnych warunkach. Si\u0142ownik ramienia wymaga regularnego smarowania olejem hydraulicznym, aby zapewni\u0107 jego p\u0142ynn\u0105 prac\u0119, a ilo\u015b\u0107 dodawanego oleju powinna by\u0107 odpowiednia, aby zapobiec wyciekom oleju.<\/p>\n<h3>Konserwacja i \u015brodki zapobiegawcze<\/h3>\n<ul>\n<li>Regularne kontrole: Nale\u017cy przeprowadza\u0107 regularne kontrole w celu sprawdzenia, czy cylinder ramienia nie jest uszkodzony, zu\u017cyty lub nieszczelny; w razie konieczno\u015bci nale\u017cy dokona\u0107 jego wymiany lub naprawy.<\/li>\n<li>Regularne smarowanie: Aby zapewni\u0107 p\u0142ynn\u0105 prac\u0119 si\u0142ownika ramienia, nale\u017cy go regularnie smarowa\u0107 olejem hydraulicznym.<\/li>\n<li>Correct Installation: Correct installation of the arm cylinder is essential for its safe and efficient operation, and the installation should be carried out according to the manufacturer&#8217;s instructions.<\/li>\n<li>\u015arodki zapobiegawcze: Aby zminimalizowa\u0107 potencjalne problemy, podczas korzystania z cylindra ramienia nale\u017cy podj\u0105\u0107 \u015brodki zapobiegawcze, takie jak ograniczenie obci\u0105\u017cenia, kontrolowanie pr\u0119dko\u015bci roboczej i unikanie nadmiernego ci\u015bnienia.<\/li>\n<\/ul>\n<p><img decoding=\"async\" src=\"https:\/\/www.hydraulic-cylinders.net\/wp-content\/uploads\/2025\/01\/songte-chushion-collar.webp\"><\/p>\n<h3>Instrukcja instalacji produktu<\/h3>\n<p>Prawid\u0142owy monta\u017c si\u0142ownika ramienia jest niezb\u0119dny dla jego bezpiecznego i wydajnego dzia\u0142ania. Aby zamontowa\u0107 si\u0142ownik ramienia, wykonaj nast\u0119puj\u0105ce kroki:<\/p>\n<ol>\n<li>Upewnij si\u0119, \u017ce miejsce instalacji jest czyste i wolne od zanieczyszcze\u0144.<\/li>\n<li>Sprawd\u017a cylinder i cz\u0119\u015bci monta\u017cowe pod k\u0105tem uszkodze\u0144 i zu\u017cycia.<\/li>\n<li>Pod\u0142\u0105cz przewody hydrauliczne i przy\u0142\u0105cza zgodnie z instrukcj\u0105 producenta.<\/li>\n<li>Zamontuj cylinder ramienia w odpowiednim miejscu i dokr\u0119\u0107 \u015bruby.<\/li>\n<li>Sprawd\u017a, czy cylinder ramienia dzia\u0142a prawid\u0142owo.<\/li>\n<\/ol>\n<h3>Zagadnienia bezpiecze\u0144stwa i czynniki \u015brodowiskowe<\/h3>\n<p>Podczas korzystania z si\u0142ownika ramienia nale\u017cy podj\u0105\u0107 \u015brodki bezpiecze\u0144stwa, aby zapobiec wypadkom, kt\u00f3re mog\u0105 spowodowa\u0107 obra\u017cenia cia\u0142a lub uszkodzenie sprz\u0119tu. \u015arodki te mog\u0105 obejmowa\u0107 noszenie sprz\u0119tu ochronnego, instalowanie urz\u0105dze\u0144 zabezpieczaj\u0105cych i przestrzeganie instrukcji producenta. Podczas korzystania z si\u0142ownika ramienia nale\u017cy r\u00f3wnie\u017c uwzgl\u0119dni\u0107 czynniki \u015brodowiskowe, takie jak temperatura, wilgotno\u015b\u0107 i kurz, i podj\u0105\u0107 odpowiednie \u015brodki w celu zapobiegania szkodom \u015brodowiskowym.<\/p>\n<h3>Rozwi\u0105zywanie problem\u00f3w i typowe problemy<\/h3>\n<p>Typowe problemy z cylindrem ramienia mog\u0105 obejmowa\u0107 nieszczelno\u015bci, zu\u017cycie i nieprawid\u0142owe dzia\u0142anie. Aby zdiagnozowa\u0107 i rozwi\u0105za\u0107 te problemy, post\u0119puj zgodnie z poni\u017cszymi wskaz\u00f3wkami:<\/p>\n<ul>\n<li>Sprawd\u017a, czy nie ma wyciek\u00f3w hydraulicznych i w razie potrzeby napraw lub wymie\u0144 uszczelki lub inne elementy.<\/li>\n<li>Sprawd\u017a, czy nie ma \u015blad\u00f3w zu\u017cycia lub uszkodze\u0144 i wymie\u0144 uszkodzone elementy.<\/li>\n<li>Sprawd\u017a, czy si\u0142ownik ramienia zosta\u0142 zamontowany prawid\u0142owo i dzia\u0142a, a w razie potrzeby dokonaj regulacji.<\/li>\n<\/ul>\n<p>Aby zapobiec potencjalnym problemom, nale\u017cy podj\u0105\u0107 \u015brodki zapobiegawcze, takie jak ograniczenie obci\u0105\u017cenia, kontrolowanie pr\u0119dko\u015bci roboczej i unikanie nadmiernego ci\u015bnienia podczas korzystania z cylindra ramienia.<\/p>\n<p><img decoding=\"async\" src=\"https:\/\/www.hydraulic-cylinders.net\/wp-content\/uploads\/2025\/01\/songte-bushings-with-all-kinds-of-excavator-models.webp\"><\/p>\n<h3>O nas<\/h3>\n<p>Jeste\u015bmy profesjonalnym producentem zamiennych cylindr\u00f3w hydraulicznych, oferuj\u0105cym szerok\u0105 gam\u0119 produkt\u00f3w i stali\u015bmy si\u0119 jednym z wiod\u0105cych producent\u00f3w i hurtownik\u00f3w cylindr\u00f3w hydraulicznych na rynku krajowym i mi\u0119dzynarodowym. Zawsze przestrzegamy zasady doskona\u0142o\u015bci jako\u015bci, opieraj\u0105c si\u0119 na strategii zarz\u0105dzania produkcj\u0105 przemys\u0142ow\u0105 w naszym warsztacie, stale podnosz\u0105c poziom technologii i wydajno\u015b\u0107 produkcji. Posiadamy silne zdolno\u015bci innowacyjne, wdra\u017caj\u0105c zaawansowany cyfrowy sprz\u0119t produkcyjny i profesjonalne systemy detekcji, a tak\u017ce stale optymalizuj\u0105c platform\u0119 produkcyjn\u0105 i udoskonalaj\u0105c proces kontroli jako\u015bci produkt\u00f3w. Naszym celem jest zaspokojenie zr\u00f3\u017cnicowanych potrzeb klient\u00f3w poprzez wysok\u0105 wydajno\u015b\u0107, dok\u0142adno\u015b\u0107 i przestrzeganie zasad jako\u015bci.<\/p>\n<h3>Nasza firma<\/h3>\n<ul>\n<li>Profesjonalizm: Posiadamy zesp\u00f3\u0142 do\u015bwiadczonych in\u017cynier\u00f3w i technik\u00f3w, kt\u00f3rzy zapewniaj\u0105 klientom profesjonalne rozwi\u0105zania i us\u0142ugi.<\/li>\n<li>Certyfikacja mi\u0119dzynarodowa: Nasze produkty uzyska\u0142y mi\u0119dzynarodowe certyfikaty, takie jak ISO9001 i CE, kt\u00f3re gwarantuj\u0105 ich jako\u015b\u0107 i niezawodno\u015b\u0107.<\/li>\n<li>Personalizacja: Zapewniamy us\u0142ugi dostosowane do indywidualnych potrzeb klient\u00f3w.<\/li>\n<li>Sprz\u0119t produkcyjny: Dysponujemy zaawansowanym cyfrowym sprz\u0119tem produkcyjnym, co gwarantuje wysok\u0105 jako\u015b\u0107 i wydajno\u015b\u0107 produkcji.<\/li>\n<li>Obs\u0142uga posprzeda\u017cowa: Zapewniamy kompleksow\u0105 obs\u0142ug\u0119 posprzeda\u017cow\u0105, aby zagwarantowa\u0107 zadowolenie i zaufanie klienta.<\/li>\n<\/ul>\n<p><img decoding=\"async\" src=\"https:\/\/www.hydraulic-cylinders.net\/wp-content\/uploads\/2025\/01\/songte-company-4.webp\"><br \/>\n<img decoding=\"async\" src=\"https:\/\/www.hydraulic-cylinders.net\/wp-content\/uploads\/2025\/01\/songte-company-3.webp\"><\/p>\n<p>Autor: lyl<\/p>","protected":false},"excerpt":{"rendered":"<p>Arm Cylinder For JCHI NS75-7 Introduction An arm cylinder is a specially designed hydraulic cylinder primarily used to provide linear motion and power to the arm of various machinery, such as excavators, cranes, and robotic arms. The arm cylinder plays a crucial role in hydraulic systems, allowing attached tools or attachments to move and be [&hellip;]<\/p>","protected":false},"featured_media":14763,"comment_status":"open","ping_status":"closed","template":"","meta":{"_et_pb_use_builder":"","_et_pb_old_content":"","_et_gb_content_width":""},"product_brand":[],"product_cat":[1497],"product_tag":[1498,1496],"class_list":{"0":"post-16695","1":"product","2":"type-product","3":"status-publish","4":"has-post-thumbnail","6":"product_cat-arm-cylinders","7":"product_tag-arm-cylinders","8":"product_tag-hydraulic-cylinders","10":"first","11":"instock","12":"shipping-taxable","13":"product-type-simple"},"amp_enabled":true,"_links":{"self":[{"href":"https:\/\/www.hydraulic-cylinders.net\/pl\/wp-json\/wp\/v2\/product\/16695","targetHints":{"allow":["GET"]}}],"collection":[{"href":"https:\/\/www.hydraulic-cylinders.net\/pl\/wp-json\/wp\/v2\/product"}],"about":[{"href":"https:\/\/www.hydraulic-cylinders.net\/pl\/wp-json\/wp\/v2\/types\/product"}],"replies":[{"embeddable":true,"href":"https:\/\/www.hydraulic-cylinders.net\/pl\/wp-json\/wp\/v2\/comments?post=16695"}],"wp:featuredmedia":[{"embeddable":true,"href":"https:\/\/www.hydraulic-cylinders.net\/pl\/wp-json\/wp\/v2\/media\/14763"}],"wp:attachment":[{"href":"https:\/\/www.hydraulic-cylinders.net\/pl\/wp-json\/wp\/v2\/media?parent=16695"}],"wp:term":[{"taxonomy":"product_brand","embeddable":true,"href":"https:\/\/www.hydraulic-cylinders.net\/pl\/wp-json\/wp\/v2\/product_brand?post=16695"},{"taxonomy":"product_cat","embeddable":true,"href":"https:\/\/www.hydraulic-cylinders.net\/pl\/wp-json\/wp\/v2\/product_cat?post=16695"},{"taxonomy":"product_tag","embeddable":true,"href":"https:\/\/www.hydraulic-cylinders.net\/pl\/wp-json\/wp\/v2\/product_tag?post=16695"}],"curies":[{"name":"wp","href":"https:\/\/api.w.org\/{rel}","templated":true}]}}