{"id":16702,"date":"2025-01-21T05:48:10","date_gmt":"2025-01-21T05:48:10","guid":{"rendered":"https:\/\/www.hydraulic-cylinders.net\/product\/arm-cylinder-for-jove-jv70-7\/"},"modified":"2025-01-21T05:48:12","modified_gmt":"2025-01-21T05:48:12","slug":"arm-cylinder-for-jove-jv70-7","status":"publish","type":"product","link":"https:\/\/www.hydraulic-cylinders.net\/pl\/produkt\/arm-cylinder-for-jove-jv70-7\/","title":{"rendered":"Cylinder ramienia do Jove JV70-7"},"content":{"rendered":"<h2>Cylinder ramienia do Jove JV70-7<\/h2>\n<p>Si\u0142ownik ramienia to specjalnie zaprojektowany si\u0142ownik hydrauliczny, kt\u00f3ry s\u0142u\u017cy g\u0142\u00f3wnie do zapewnienia ruchu liniowego i zasilania ramion r\u00f3\u017cnego rodzaju maszyn, takich jak koparki, d\u017awigi i ramiona mechaniczne. Si\u0142ownik ramienia odgrywa kluczow\u0105 rol\u0119 w uk\u0142adach hydraulicznych, umo\u017cliwiaj\u0105c ruch i efektywne sterowanie do\u0142\u0105czonymi narz\u0119dziami lub akcesoriami. Si\u0142owniki te nie tylko zapewniaj\u0105 p\u0142ynny ruch, ale tak\u017ce wytrzymuj\u0105 du\u017ce obci\u0105\u017cenia, zapewniaj\u0105c wydajn\u0105 prac\u0119 i niezawodno\u015b\u0107 maszyn w r\u00f3\u017cnych warunkach pracy.<\/p>\n<p><img decoding=\"async\" src=\"https:\/\/www.hydraulic-cylinders.net\/wp-content\/uploads\/2025\/01\/songte-company-2.webp\" alt=\"Obraz cylindra ramienia\"><\/p>\n<h2>Cechy<\/h2>\n<ul>\n<li>\n<h3>Nap\u0119d o wysokiej wydajno\u015bci<\/h3>\n<p>  Si\u0142ownik ramienia zapewnia mocny ruch liniowy i si\u0142\u0119, gwarantuj\u0105c wysok\u0105 wydajno\u015b\u0107 podczas r\u00f3\u017cnych operacji.<\/li>\n<li>\n<h3>Precyzyjna kontrola<\/h3>\n<p>  Dzi\u0119ki uk\u0142adowi hydraulicznemu si\u0142ownik ramienia mo\u017ce uzyska\u0107 precyzyjn\u0105 kontrol\u0119 ruchu, co sprawia, \u017ce \u200b\u200bpraca pod\u0142\u0105czonych narz\u0119dzi jest bardziej elastyczna i dok\u0142adna.<\/li>\n<li>\n<h3>Wysoka wytrzyma\u0142o\u015b\u0107<\/h3>\n<p>  Cylindry ramienia s\u0105 zazwyczaj wykonane z materia\u0142\u00f3w o wysokiej wytrzyma\u0142o\u015bci, charakteryzuj\u0105cych si\u0119 dobr\u0105 odporno\u015bci\u0105 na zu\u017cycie i korozj\u0119, dzi\u0119ki czemu nadaj\u0105 si\u0119 do d\u0142ugotrwa\u0142ego u\u017cytkowania w trudnych warunkach.<\/li>\n<li>\n<h3>Wielofunkcyjna adaptowalno\u015b\u0107<\/h3>\n<p>  Si\u0142owniki te mog\u0105 by\u0107 szeroko stosowane w r\u00f3\u017cnych typach maszyn, takich jak koparki, d\u017awigi i ramiona mechaniczne, spe\u0142niaj\u0105c r\u00f3\u017cne wymagania robocze.<\/li>\n<li>\n<h3>\u0141atwa konserwacja<\/h3>\n<p>  Zaprojektowane z my\u015bl\u0105 o \u0142atwej konserwacji i wymianie, te si\u0142owniki ramieniowe sprawiaj\u0105, \u017ce regularne kontrole i konserwacje s\u0105 wygodniejsze, redukuj\u0105c przestoje sprz\u0119tu.<\/li>\n<\/ul>\n<p>Mo\u017cemy wyprodukowa\u0107 ten produkt i nasz produkt mo\u017ce doskonale zast\u0105pi\u0107 te cylindry hydrauliczne.<\/p>\n<p><img decoding=\"async\" src=\"https:\/\/www.hydraulic-cylinders.net\/wp-content\/uploads\/2025\/01\/songte-oil-pipes-and-spare-parts.webp\" alt=\"Obraz cz\u0119\u015bci zamiennych cylindra ramienia\"><\/p>\n<h2>Aplikacje<\/h2>\n<ul>\n<li>\n<h3>Budowa<\/h3>\n<p>  W koparkach i d\u017awigach si\u0142owniki ramienia s\u0142u\u017c\u0105 do sterowania ruchem \u0142y\u017cki lub wysi\u0119gnika podczas rob\u00f3t ziemnych, przenoszenia materia\u0142\u00f3w i monta\u017cu konstrukcji.<\/li>\n<li>\n<h3>Produkcja<\/h3>\n<p>  W zautomatyzowanych liniach produkcyjnych si\u0142owniki ramieniowe s\u0142u\u017c\u0105 do poruszania ramionami mechanicznymi podczas monta\u017cu, spawania i obs\u0142ugi, co zwi\u0119ksza wydajno\u015b\u0107 i dok\u0142adno\u015b\u0107 produkcji.<\/li>\n<li>\n<h3>Maszyny rolnicze<\/h3>\n<p>  W maszynach rolniczych, takich jak kombajny i sadzarki, si\u0142owniki ramienia steruj\u0105 ruchem ramienia roboczego podczas wykonywania takich zada\u0144, jak sadzenie, nawo\u017cenie i zbi\u00f3r.<\/li>\n<li>\n<h3>G\u00f3rnictwo<\/h3>\n<p>  W sprz\u0119cie g\u00f3rniczym cylindry ramieniowe s\u0142u\u017c\u0105 do sterowania ruchem ramion sprz\u0119tu g\u00f3rniczego stosowanego przy wydobyciu i transporcie rud.<\/li>\n<li>\n<h3>Logistyka i transport<\/h3>\n<p>  W w\u00f3zkach wid\u0142owych i robotach prze\u0142adunkowych si\u0142owniki ramion s\u0142u\u017c\u0105 do sterowania podnoszeniem i ruchem wide\u0142, co umo\u017cliwia przenoszenie materia\u0142\u00f3w i ich uk\u0142adanie.<\/li>\n<\/ul>\n<h2>Zagadnienia projektowe i kryteria wyboru<\/h2>\n<ul>\n<li>\n<h3>No\u015bno\u015b\u0107<\/h3>\n<p>  Si\u0142ownik ramienia powinien mie\u0107 wystarczaj\u0105c\u0105 no\u015bno\u015b\u0107, aby wytrzyma\u0107 obci\u0105\u017cenia wyst\u0119puj\u0105ce podczas pracy.<\/li>\n<li>\n<h3>Wydajno\u015b\u0107 uszczelnienia<\/h3>\n<p>  Si\u0142ownik ramienia powinien mie\u0107 dobre w\u0142a\u015bciwo\u015bci uszczelniaj\u0105ce, aby zapobiega\u0107 wyciekom oleju i utrzymywa\u0107 w\u0142a\u015bciwe ci\u015bnienie w uk\u0142adzie hydraulicznym.<\/li>\n<li>\n<h3>Trwa\u0142o\u015b\u0107<\/h3>\n<p>  Cylinder ramienia powinien by\u0107 wykonany z materia\u0142\u00f3w wysokiej jako\u015bci, kt\u00f3re charakteryzuj\u0105 si\u0119 dobr\u0105 odporno\u015bci\u0105 na zu\u017cycie i korozj\u0119, zapewniaj\u0105c d\u0142ugotrwa\u0142\u0105 i niezawodn\u0105 prac\u0119.<\/li>\n<li>\n<h3>Bezpiecze\u0144stwo<\/h3>\n<p>  Si\u0142ownik ramienia powinien by\u0107 wyposa\u017cony w zabezpieczenia takie jak zabezpieczenie przeci\u0105\u017ceniowe, gwarantuj\u0105ce bezpieczn\u0105 prac\u0119 w r\u00f3\u017cnych warunkach pracy.<\/li>\n<li>\n<h3>Utrzymywalno\u015b\u0107<\/h3>\n<p>  Cylinder ramienia powinien by\u0107 zaprojektowany w spos\u00f3b umo\u017cliwiaj\u0105cy \u0142atw\u0105 konserwacj\u0119 i wymian\u0119, co skr\u00f3ci przestoje sprz\u0119tu i koszty konserwacji.<\/li>\n<\/ul>\n<p><img decoding=\"async\" src=\"https:\/\/www.hydraulic-cylinders.net\/wp-content\/uploads\/2025\/01\/songte-cylinder-head-with-all-kinds-excavator-models.webp\" alt=\"Obraz g\u0142owicy cylindra ramienia\"><\/p>\n<h2>Uszczelnianie i smarowanie<\/h2>\n<p>Si\u0142ownik ramienia powinien by\u0107 wyposa\u017cony w r\u00f3\u017cnorodne elementy uszczelniaj\u0105ce, takie jak uszczelnienia t\u0142oka, uszczelnienia t\u0142oczyska itp. Elementy uszczelniaj\u0105ce powinny by\u0107 wykonane z materia\u0142\u00f3w odpornych na zu\u017cycie, takich jak poliuretan i kauczuk nitrylowy. Korpus si\u0142ownika i powierzchnia gwintu powinny by\u0107 precyzyjnie obrobione, aby zwi\u0119kszy\u0107 odporno\u015b\u0107 na zu\u017cycie. Konieczne jest regularne smarowanie i dodawanie odpowiedniej ilo\u015bci oleju hydraulicznego, aby zapewni\u0107 smarowanie.<\/p>\n<p><img decoding=\"async\" src=\"https:\/\/www.hydraulic-cylinders.net\/wp-content\/uploads\/2025\/01\/songte-chushion-collar.webp\" alt=\"Obraz ko\u0142nierza cylindra ramienia\"><\/p>\n<h2>Konserwacja i rozwi\u0105zywanie problem\u00f3w<\/h2>\n<p>Regularne przegl\u0105dy i konserwacja zapobiegawcza s\u0105 niezb\u0119dne do zapewnienia prawid\u0142owego dzia\u0142ania si\u0142ownika ramienia. Typowe problemy z si\u0142ownikami ramienia to wycieki oleju, uszkodzenia uszczelek i niedostateczne ci\u015bnienie. Wskaz\u00f3wki dotycz\u0105ce rozwi\u0105zywania problem\u00f3w i ich rozwi\u0105zania mo\u017cna znale\u017a\u0107 w instrukcji obs\u0142ugi produktu. Aby zminimalizowa\u0107 potencjalne problemy, zaleca si\u0119 u\u017cytkownikom przestrzeganie instrukcji obs\u0142ugi i regularn\u0105 konserwacj\u0119.<\/p>\n<h2>Przewodnik instalacji<\/h2>\n<p>Przed monta\u017cem nale\u017cy upewni\u0107 si\u0119, \u017ce si\u0142ownik ramienia spe\u0142nia wymagania maszyny i jest prawid\u0142owo zamontowany, zgodnie ze specyfikacj\u0105 zawart\u0105 w instrukcji obs\u0142ugi. Do monta\u017cu nale\u017cy u\u017cy\u0107 odpowiednich narz\u0119dzi i sprz\u0119tu oraz upewni\u0107 si\u0119, \u017ce wszystkie po\u0142\u0105czenia s\u0105 odpowiednio dokr\u0119cone. Przed uruchomieniem nale\u017cy sprawdzi\u0107 szczelno\u015b\u0107 uk\u0142adu hydraulicznego i jego prawid\u0142owe ci\u015bnienie.<\/p>\n<p><img decoding=\"async\" src=\"https:\/\/www.hydraulic-cylinders.net\/wp-content\/uploads\/2025\/01\/songte-bushings-with-all-kinds-of-excavator-models.webp\" alt=\"Obraz tulei cylindra ramienia\"><\/p>\n<h2>O nas<\/h2>\n<p>Jeste\u015bmy profesjonalnym producentem zamiennych cylindr\u00f3w hydraulicznych, oferuj\u0105cym szerok\u0105 gam\u0119 produkt\u00f3w i stali\u015bmy si\u0119 jednym z wiod\u0105cych producent\u00f3w i dystrybutor\u00f3w hurtowych cylindr\u00f3w hydraulicznych na rynku krajowym i mi\u0119dzynarodowym. Zawsze przestrzegamy zasady doskona\u0142ej jako\u015bci i opieramy si\u0119 na zindustrializowanych strategiach zarz\u0105dzania produkcj\u0105 w naszym zaawansowanym warsztacie produkcyjnym, aby stale podnosi\u0107 poziom technologiczny i wydajno\u015b\u0107 produkcji. Wprowadzaj\u0105c wysokiej klasy cyfrowy sprz\u0119t produkcyjny i profesjonalne systemy testowe, stale optymalizujemy nasz\u0105 platform\u0119 produkcyjn\u0105, usprawniamy proces kontroli jako\u015bci produkt\u00f3w i dysponujemy silnymi mo\u017cliwo\u015bciami innowacyjnymi. Naszym celem jest zaspokajanie zr\u00f3\u017cnicowanych potrzeb klient\u00f3w poprzez wysok\u0105 wydajno\u015b\u0107, precyzj\u0119 i jako\u015b\u0107.<\/p>\n<h2>Nasze atuty<\/h2>\n<ul>\n<li>\n<h3>Profesjonalizm<\/h3>\n<p>  Nasz zesp\u00f3\u0142 sk\u0142ada si\u0119 z profesjonalnych i do\u015bwiadczonych ekspert\u00f3w w dziedzinie si\u0142ownik\u00f3w hydraulicznych, kt\u00f3rzy zapewniaj\u0105 jako\u015b\u0107 i wydajno\u015b\u0107 naszych produkt\u00f3w.<\/li>\n<li>\n<h3>Mi\u0119dzynarodowa Certyfikacja<\/h3>\n<p>  Nasze produkty uzyska\u0142y mi\u0119dzynarodowy certyfikat systemu zarz\u0105dzania jako\u015bci\u0105 ISO9001, gwarantuj\u0105cy jako\u015b\u0107 i bezpiecze\u0144stwo produktu.<\/li>\n<li>\n<h3>Us\u0142ugi dostosowane do indywidualnych potrzeb<\/h3>\n<p>  Mo\u017cemy zapewni\u0107 us\u0142ugi dostosowane do potrzeb klient\u00f3w, dostarczaj\u0105c rozwi\u0105zania w zakresie si\u0142ownik\u00f3w hydraulicznych szyte na miar\u0119.<\/li>\n<li>\n<h3>Sprz\u0119t produkcyjny<\/h3>\n<p>  Wykorzystujemy zaawansowany sprz\u0119t do cyfrowej produkcji, aby zapewni\u0107 precyzj\u0119 i jako\u015b\u0107 naszych produkt\u00f3w.<\/li>\n<li>\n<h3>Serwis posprzeda\u017cowy<\/h3>\n<p>  Zapewniamy kompleksow\u0105 obs\u0142ug\u0119 posprzeda\u017cow\u0105, obejmuj\u0105c\u0105 wsparcie techniczne, gwarancj\u0119 i us\u0142ugi konserwacyjne, gwarantuj\u0105c zadowolenie klienta.<\/li>\n<\/ul>\n<p><img decoding=\"async\" src=\"https:\/\/www.hydraulic-cylinders.net\/wp-content\/uploads\/2025\/01\/songte-company-4.webp\" alt=\"Obraz firmy 1\"><br \/>\n<img decoding=\"async\" src=\"https:\/\/www.hydraulic-cylinders.net\/wp-content\/uploads\/2025\/01\/songte-company-3.webp\" alt=\"Obraz firmy 2\"><\/p>\n<p>Autor: lyl<\/p>","protected":false},"excerpt":{"rendered":"<p>Arm Cylinder For Jove JV70-7 An arm cylinder is a specially designed hydraulic cylinder that is mainly used to provide linear movement and power to the arms of various types of machinery, such as excavators, cranes, and mechanical arms. The arm cylinder plays a critical role in hydraulic systems, enabling attached tools or accessories to [&hellip;]<\/p>","protected":false},"featured_media":14772,"comment_status":"open","ping_status":"closed","template":"","meta":{"_et_pb_use_builder":"","_et_pb_old_content":"","_et_gb_content_width":""},"product_brand":[],"product_cat":[1497],"product_tag":[1498,1496],"class_list":{"0":"post-16702","1":"product","2":"type-product","3":"status-publish","4":"has-post-thumbnail","6":"product_cat-arm-cylinders","7":"product_tag-arm-cylinders","8":"product_tag-hydraulic-cylinders","10":"first","11":"instock","12":"shipping-taxable","13":"product-type-simple"},"amp_enabled":true,"_links":{"self":[{"href":"https:\/\/www.hydraulic-cylinders.net\/pl\/wp-json\/wp\/v2\/product\/16702","targetHints":{"allow":["GET"]}}],"collection":[{"href":"https:\/\/www.hydraulic-cylinders.net\/pl\/wp-json\/wp\/v2\/product"}],"about":[{"href":"https:\/\/www.hydraulic-cylinders.net\/pl\/wp-json\/wp\/v2\/types\/product"}],"replies":[{"embeddable":true,"href":"https:\/\/www.hydraulic-cylinders.net\/pl\/wp-json\/wp\/v2\/comments?post=16702"}],"wp:featuredmedia":[{"embeddable":true,"href":"https:\/\/www.hydraulic-cylinders.net\/pl\/wp-json\/wp\/v2\/media\/14772"}],"wp:attachment":[{"href":"https:\/\/www.hydraulic-cylinders.net\/pl\/wp-json\/wp\/v2\/media?parent=16702"}],"wp:term":[{"taxonomy":"product_brand","embeddable":true,"href":"https:\/\/www.hydraulic-cylinders.net\/pl\/wp-json\/wp\/v2\/product_brand?post=16702"},{"taxonomy":"product_cat","embeddable":true,"href":"https:\/\/www.hydraulic-cylinders.net\/pl\/wp-json\/wp\/v2\/product_cat?post=16702"},{"taxonomy":"product_tag","embeddable":true,"href":"https:\/\/www.hydraulic-cylinders.net\/pl\/wp-json\/wp\/v2\/product_tag?post=16702"}],"curies":[{"name":"wp","href":"https:\/\/api.w.org\/{rel}","templated":true}]}}