{"id":16703,"date":"2025-01-21T05:48:14","date_gmt":"2025-01-21T05:48:14","guid":{"rendered":"https:\/\/www.hydraulic-cylinders.net\/product\/arm-cylinder-for-jove-jv85\/"},"modified":"2025-01-21T05:48:16","modified_gmt":"2025-01-21T05:48:16","slug":"arm-cylinder-for-jove-jv85","status":"publish","type":"product","link":"https:\/\/www.hydraulic-cylinders.net\/pl\/produkt\/arm-cylinder-for-jove-jv85\/","title":{"rendered":"Cylinder ramienia do Jove JV85"},"content":{"rendered":"<h1>Cylinder ramienia do Jove JV85<\/h1>\n<h2>Wst\u0119p<\/h2>\n<p>Si\u0142ownik ramienia to specjalnie zaprojektowany si\u0142ownik hydrauliczny, u\u017cywany g\u0142\u00f3wnie do zapewnienia ruchu liniowego i zasilania ramion r\u00f3\u017cnego rodzaju maszyn, takich jak koparki, d\u017awigi i ramiona mechaniczne. Odgrywa kluczow\u0105 rol\u0119 w uk\u0142adzie hydraulicznym, umo\u017cliwiaj\u0105c ruch dodatkowych narz\u0119dzi lub osprz\u0119tu i efektywne sterowanie nimi. Si\u0142owniki te nie tylko zapewniaj\u0105 p\u0142ynny ruch, ale tak\u017ce wytrzymuj\u0105 du\u017ce obci\u0105\u017cenia, gwarantuj\u0105c wydajn\u0105 prac\u0119 i niezawodno\u015b\u0107 maszyn w r\u00f3\u017cnych warunkach pracy.<\/p>\n<p><img decoding=\"async\" src=\"https:\/\/www.hydraulic-cylinders.net\/wp-content\/uploads\/2025\/01\/songte-company-2.webp\" alt=\"Cylinder ramienia\"><\/p>\n<h2>Cechy<\/h2>\n<ul>\n<li>Przek\u0142adnia o wysokiej wydajno\u015bci: cylinder ramienia zapewnia mocny ruch liniowy i si\u0142\u0119, gwarantuj\u0105c wysok\u0105 wydajno\u015b\u0107 w r\u00f3\u017cnych operacjach.<\/li>\n<li>Precyzyjna kontrola: Si\u0142ownik ramienia umo\u017cliwia precyzyjn\u0105 kontrol\u0119 ruchu za pomoc\u0105 uk\u0142adu hydraulicznego, co sprawia, \u017ce \u200b\u200bobs\u0142uga pod\u0142\u0105czonych narz\u0119dzi jest bardziej elastyczna i dok\u0142adna.<\/li>\n<li>Wysoka trwa\u0142o\u015b\u0107: Cylinder ramienia jest zwykle wykonany z materia\u0142u o wysokiej wytrzyma\u0142o\u015bci, kt\u00f3ry charakteryzuje si\u0119 doskona\u0142\u0105 odporno\u015bci\u0105 na zu\u017cycie i korozj\u0119, dzi\u0119ki czemu nadaje si\u0119 do d\u0142ugotrwa\u0142ego u\u017cytkowania w trudnych warunkach.<\/li>\n<li>Wielofunkcyjna mo\u017cliwo\u015b\u0107 adaptacji: Te cylindry mo\u017cna szeroko stosowa\u0107 w r\u00f3\u017cnych urz\u0105dzeniach mechanicznych, takich jak koparki, d\u017awigi i ramiona mechaniczne, dostosowuj\u0105c si\u0119 do r\u00f3\u017cnych wymaga\u0144 roboczych.<\/li>\n<li>\u0141atwa konserwacja: Projekt uwzgl\u0119dnia \u0142atwo\u015b\u0107 konserwacji i wymiany, dzi\u0119ki czemu regularne kontrole i konserwacje staj\u0105 si\u0119 wygodniejsze, a przestoje sprz\u0119tu zostaj\u0105 skr\u00f3cone.<\/li>\n<\/ul>\n<p>Nasz produkt mo\u017ce doskonale zast\u0105pi\u0107 tego typu si\u0142owniki hydrauliczne.<\/p>\n<p><img decoding=\"async\" src=\"https:\/\/www.hydraulic-cylinders.net\/wp-content\/uploads\/2025\/01\/songte-oil-pipes-and-spare-parts.webp\" alt=\"Si\u0142ownik hydrauliczny\"><\/p>\n<h2>Aplikacje<\/h2>\n<p>Si\u0142ownik ramieniowy ma szeroki zakres zastosowa\u0144 w r\u00f3\u017cnych dziedzinach, takich jak:<\/p>\n<ul>\n<li>In\u017cynieria budowlana: W koparkach i d\u017awigach si\u0142owniki ramieniowe s\u0142u\u017c\u0105 do sterowania ruchem \u0142y\u017cek lub wysi\u0119gnik\u00f3w podczas rob\u00f3t ziemnych, przenoszenia materia\u0142\u00f3w i monta\u017cu konstrukcji.<\/li>\n<li>Przemys\u0142 wytw\u00f3rczy: W zautomatyzowanych liniach produkcyjnych si\u0142owniki ramieniowe s\u0142u\u017c\u0105 do poruszania ramionami mechanicznymi, np. w procesach monta\u017cu, spawania i obs\u0142ugi, co zwi\u0119ksza wydajno\u015b\u0107 i dok\u0142adno\u015b\u0107 produkcji.<\/li>\n<li>Maszyny rolnicze: W maszynach rolniczych, takich jak kombajny i siewniki, si\u0142owniki ramion steruj\u0105 ruchem ramion roboczych, wykonuj\u0105cych zadania takie jak siew, nawo\u017cenie i zbi\u00f3r.<\/li>\n<li>G\u00f3rnictwo: W sprz\u0119cie g\u00f3rniczym cylindry ramieniowe s\u0142u\u017c\u0105 do sterowania ruchem ramion sprz\u0119tu g\u00f3rniczego stosowanego przy wydobywaniu i transporcie rud.<\/li>\n<li>Logistyka i transport: W w\u00f3zkach wid\u0142owych i robotach prze\u0142adunkowych si\u0142owniki ramion s\u0142u\u017c\u0105 do sterowania podnoszeniem i ruchem wide\u0142, co umo\u017cliwia przenoszenie i uk\u0142adanie materia\u0142\u00f3w.<\/li>\n<\/ul>\n<h2>Zagadnienia projektowe i kryteria wyboru<\/h2>\n<p>Z perspektywy projektowania nale\u017cy wzi\u0105\u0107 pod uwag\u0119 nast\u0119puj\u0105ce kluczowe czynniki:<\/p>\n<ul>\n<li>No\u015bno\u015b\u0107: Cylinder ramienia musi zapewnia\u0107 odpowiedni\u0105 no\u015bno\u015b\u0107 zgodnie z r\u00f3\u017cnymi wymaganiami roboczymi.<\/li>\n<li>Uszczelnienie: Aby zagwarantowa\u0107 szczelno\u015b\u0107 cylindr\u00f3w ramienia, konieczne jest zastosowanie r\u00f3\u017cnych element\u00f3w uszczelniaj\u0105cych, takich jak uszczelnienia t\u0142oka i uszczelnienia t\u0142oczyska.<\/li>\n<li>Trwa\u0142o\u015b\u0107: Zastosowanie materia\u0142\u00f3w o wysokiej wytrzyma\u0142o\u015bci i dobrej obr\u00f3bki powierzchni pozwala zwi\u0119kszy\u0107 odporno\u015b\u0107 na zu\u017cycie i korozj\u0119 cylindr\u00f3w ramienia.<\/li>\n<li>Bezpiecze\u0144stwo: Konstrukcja powinna gwarantowa\u0107 bezpiecze\u0144stwo cylindr\u00f3w ramienia w r\u00f3\u017cnych warunkach pracy.<\/li>\n<li>\u0141atwo\u015b\u0107 konserwacji: Cylindry ramienia powinny by\u0107 \u0142atwe w konserwacji i wymianie, co skr\u00f3ci przestoje sprz\u0119tu.<\/li>\n<\/ul>\n<p>Kryteria doboru cylindra ramienia obejmuj\u0105:<\/p>\n<ul>\n<li>Zakres ci\u015bnienia roboczego i temperatury<\/li>\n<li>\u015arednica cylindra i d\u0142ugo\u015b\u0107 skoku<\/li>\n<li>Rodzaj i spos\u00f3b monta\u017cu<\/li>\n<li>Rodzaj i kompatybilno\u015b\u0107 p\u0142ynu hydraulicznego<\/li>\n<\/ul>\n<p><img decoding=\"async\" src=\"https:\/\/www.hydraulic-cylinders.net\/wp-content\/uploads\/2025\/01\/songte-cylinder-head-with-all-kinds-excavator-models.webp\" alt=\"G\u0142owica cylindra\"><\/p>\n<h2>Uszczelnianie i smarowanie<\/h2>\n<p>Aby zapewni\u0107 skuteczne uszczelnienie si\u0142ownik\u00f3w ramienia, konieczne jest zastosowanie r\u00f3\u017cnych element\u00f3w uszczelniaj\u0105cych, takich jak uszczelnienia t\u0142oka, uszczelnienia t\u0142oczyska i uszczelnienia zgarniaj\u0105ce. Dob\u00f3r materia\u0142\u00f3w uszczelniaj\u0105cych powinien uwzgl\u0119dnia\u0107 takie czynniki, jak odporno\u015b\u0107 na zu\u017cycie, odporno\u015b\u0107 na korozj\u0119 oraz kompatybilno\u015b\u0107 z p\u0142ynem hydraulicznym. Ponadto, korpus si\u0142ownika i powierzchnia gwintu musz\u0105 zosta\u0107 poddane precyzyjnej obr\u00f3bce w celu zwi\u0119kszenia odporno\u015bci na zu\u017cycie. Regularne uzupe\u0142nianie odpowiedniego oleju hydraulicznego jest niezb\u0119dne do smarowania.<\/p>\n<p><img decoding=\"async\" src=\"https:\/\/www.hydraulic-cylinders.net\/wp-content\/uploads\/2025\/01\/songte-chushion-collar.webp\" alt=\"Ko\u0142nierz poduszkowy\"><\/p>\n<h2>Konserwacja i rozwi\u0105zywanie problem\u00f3w<\/h2>\n<p>Regularne przegl\u0105dy i konserwacja zapobiegawcza s\u0105 niezb\u0119dne dla zapewnienia niezawodnej pracy si\u0142ownik\u00f3w ramienia. Nale\u017cy zwr\u00f3ci\u0107 uwag\u0119 na nast\u0119puj\u0105ce kwestie:<\/p>\n<ul>\n<li>Regularnie sprawdzaj szczelno\u015b\u0107 cylindr\u00f3w ramienia i wymieniaj uszkodzone uszczelki na czas;<\/li>\n<li>Zapobiegaj zanieczyszczeniu p\u0142ynu hydraulicznego i regularnie go wymieniaj;<\/li>\n<li>Sprawd\u017a zu\u017cycie t\u0142oczyska i korpusu cylindra i wymie\u0144 je w razie potrzeby;<\/li>\n<li>Zapobiegaj przeci\u0105\u017ceniom i nadmiernemu ci\u015bnieniu oraz zapewnij bezpiecze\u0144stwo cylindr\u00f3w ramienia podczas pracy;<\/li>\n<li>Regularnie sprawdzaj monta\u017c cylindr\u00f3w ramienia i zapewnij stabilno\u015b\u0107 mocowania;<\/li>\n<li>Diagnozowanie i rozwi\u0105zywanie typowych problem\u00f3w, takich jak powolny ruch, wibracje i ha\u0142as.<\/li>\n<\/ul>\n<p>\u015arodki zapobiegawcze obejmuj\u0105:<\/p>\n<ul>\n<li>Prawid\u0142owy monta\u017c i u\u017cytkowanie cylindr\u00f3w ramienia zgodnie z instrukcj\u0105;<\/li>\n<li>Regularne kontrole i konserwacje;<\/li>\n<li>Zastosowanie odpowiedniego p\u0142ynu hydraulicznego i materia\u0142\u00f3w uszczelniaj\u0105cych;<\/li>\n<li>Zapobieganie przeci\u0105\u017ceniom i nadci\u015bnieniom.<\/li>\n<\/ul>\n<h2>Przewodnik instalacji<\/h2>\n<p>Monta\u017c cylindr\u00f3w ramienia nale\u017cy przeprowadza\u0107 zgodnie z instrukcjami producenta, bior\u0105c pod uwag\u0119 nast\u0119puj\u0105ce czynniki:<\/p>\n<ul>\n<li>Prawid\u0142owy dob\u00f3r cylindr\u00f3w ramienia w zale\u017cno\u015bci od wymaga\u0144 sprz\u0119towych;<\/li>\n<li>Prawid\u0142owy monta\u017c mocowania cylindra ramienia;<\/li>\n<li>Zapewnij stabilno\u015b\u0107 mocowania cylindra ramienia;<\/li>\n<li>Pod\u0142\u0105cz prawid\u0142owo rury i z\u0142\u0105czki hydrauliczne;<\/li>\n<li>Nape\u0142nij p\u0142ynem hydraulicznym zgodnie z instrukcj\u0105;<\/li>\n<li>Regularnie sprawdzaj szczelno\u015b\u0107 cylindra ramienia.<\/li>\n<\/ul>\n<p><img decoding=\"async\" src=\"https:\/\/www.hydraulic-cylinders.net\/wp-content\/uploads\/2025\/01\/songte-bushings-with-all-kinds-of-excavator-models.webp\" alt=\"Tuleje\"><\/p>\n<h2>Zagadnienia bezpiecze\u0144stwa i czynniki \u015brodowiskowe<\/h2>\n<p>\u015arodki bezpiecze\u0144stwa dla cylindra ramienia obejmuj\u0105:<\/p>\n<ul>\n<li>Zapobiegaj przeci\u0105\u017ceniom i nadci\u015bnieniom;<\/li>\n<li>Zapewnij stabilno\u015b\u0107 mocowania cylindra ramienia;<\/li>\n<li>Regularne kontrole i konserwacje;<\/li>\n<li>Zastosowanie odpowiedniego p\u0142ynu hydraulicznego i materia\u0142\u00f3w uszczelniaj\u0105cych;<\/li>\n<li>Stosowanie urz\u0105dze\u0144 zabezpieczaj\u0105cych, takich jak zawory bezpiecze\u0144stwa i zderzaki.<\/li>\n<\/ul>\n<p>Przy wyborze i stosowaniu cylindra ramienia nale\u017cy bra\u0107 pod uwag\u0119 takie czynniki \u015brodowiskowe jak temperatura, wilgotno\u015b\u0107 i korozja.<\/p>\n<h2>O nas<\/h2>\n<p>Jeste\u015bmy profesjonalnym producentem zamiennych cylindr\u00f3w hydraulicznych, oferuj\u0105cym szerok\u0105 gam\u0119 produkt\u00f3w. Stali\u015bmy si\u0119 jednym z wiod\u0105cych producent\u00f3w i dystrybutor\u00f3w hurtowych cylindr\u00f3w hydraulicznych na rynku krajowym i mi\u0119dzynarodowym. Zawsze przestrzegamy zasady doskona\u0142ej jako\u015bci, opieraj\u0105c si\u0119 na strategii zarz\u0105dzania produkcj\u0105 przemys\u0142ow\u0105 w nowoczesnych warsztatach produkcyjnych, stale ulepszaj\u0105c nasz\u0105 technologi\u0119 i wydajno\u015b\u0107 produkcji. Dzi\u0119ki wprowadzaniu wysokiej klasy cyfrowego sprz\u0119tu produkcyjnego i profesjonalnych system\u00f3w testowych, stale optymalizujemy nasz\u0105 platform\u0119 produkcyjn\u0105, usprawniamy proces kontroli jako\u015bci produkt\u00f3w i dysponujemy du\u017cym potencja\u0142em innowacyjnym. Naszym celem jest zaspokajanie zr\u00f3\u017cnicowanych potrzeb klient\u00f3w, kieruj\u0105c si\u0119 zasadami wydajno\u015bci, dok\u0142adno\u015bci i wysokiej jako\u015bci.<\/p>\n<p><img decoding=\"async\" src=\"https:\/\/www.hydraulic-cylinders.net\/wp-content\/uploads\/2025\/01\/songte-company-4.webp\" alt=\"Profil firmy\"><br \/>\n<img decoding=\"async\" src=\"https:\/\/www.hydraulic-cylinders.net\/wp-content\/uploads\/2025\/01\/songte-company-3.webp\" alt=\"Profil firmy\"><\/p>\n<p>Oferujemy profesjonalne us\u0142ugi w zakresie certyfikacji mi\u0119dzynarodowej, us\u0142ug dostosowanych do potrzeb klienta, sprz\u0119tu produkcyjnego i us\u0142ug posprzeda\u017cowych.<\/p>\n<p>Autor: lyl.<\/p>","protected":false},"excerpt":{"rendered":"<p>Arm Cylinder For Jove JV85 Introduction Arm cylinder is a specially designed hydraulic cylinder primarily used for providing linear motion and power to the arms of various types of machinery such as excavators, cranes, and mechanical arms. It plays a crucial role in the hydraulic system, allowing additional tools or attachments to move and be [&hellip;]<\/p>","protected":false},"featured_media":14770,"comment_status":"open","ping_status":"closed","template":"","meta":{"_et_pb_use_builder":"","_et_pb_old_content":"","_et_gb_content_width":""},"product_brand":[],"product_cat":[1497],"product_tag":[1498,1496],"class_list":{"0":"post-16703","1":"product","2":"type-product","3":"status-publish","4":"has-post-thumbnail","6":"product_cat-arm-cylinders","7":"product_tag-arm-cylinders","8":"product_tag-hydraulic-cylinders","10":"first","11":"instock","12":"shipping-taxable","13":"product-type-simple"},"amp_enabled":true,"_links":{"self":[{"href":"https:\/\/www.hydraulic-cylinders.net\/pl\/wp-json\/wp\/v2\/product\/16703","targetHints":{"allow":["GET"]}}],"collection":[{"href":"https:\/\/www.hydraulic-cylinders.net\/pl\/wp-json\/wp\/v2\/product"}],"about":[{"href":"https:\/\/www.hydraulic-cylinders.net\/pl\/wp-json\/wp\/v2\/types\/product"}],"replies":[{"embeddable":true,"href":"https:\/\/www.hydraulic-cylinders.net\/pl\/wp-json\/wp\/v2\/comments?post=16703"}],"wp:featuredmedia":[{"embeddable":true,"href":"https:\/\/www.hydraulic-cylinders.net\/pl\/wp-json\/wp\/v2\/media\/14770"}],"wp:attachment":[{"href":"https:\/\/www.hydraulic-cylinders.net\/pl\/wp-json\/wp\/v2\/media?parent=16703"}],"wp:term":[{"taxonomy":"product_brand","embeddable":true,"href":"https:\/\/www.hydraulic-cylinders.net\/pl\/wp-json\/wp\/v2\/product_brand?post=16703"},{"taxonomy":"product_cat","embeddable":true,"href":"https:\/\/www.hydraulic-cylinders.net\/pl\/wp-json\/wp\/v2\/product_cat?post=16703"},{"taxonomy":"product_tag","embeddable":true,"href":"https:\/\/www.hydraulic-cylinders.net\/pl\/wp-json\/wp\/v2\/product_tag?post=16703"}],"curies":[{"name":"wp","href":"https:\/\/api.w.org\/{rel}","templated":true}]}}