{"id":16711,"date":"2025-01-21T05:48:47","date_gmt":"2025-01-21T05:48:47","guid":{"rendered":"https:\/\/www.hydraulic-cylinders.net\/product\/arm-cylinder-for-tck-hd1636lc-8h\/"},"modified":"2025-01-21T05:48:49","modified_gmt":"2025-01-21T05:48:49","slug":"arm-cylinder-for-tck-hd1636lc-8h","status":"publish","type":"product","link":"https:\/\/www.hydraulic-cylinders.net\/pl\/produkt\/arm-cylinder-for-tck-hd1636lc-8h\/","title":{"rendered":"Si\u0142ownik ramienia do TCK HD1636LC-8H"},"content":{"rendered":"<h1>Si\u0142ownik ramienia do TCK HD1636LC-8H<\/h1>\n<h2>Wst\u0119p<\/h2>\n<p>Si\u0142ownik ramienia to rodzaj si\u0142ownika hydraulicznego zaprojektowanego specjalnie do zapewnienia ruchu liniowego i zasilania ramion r\u00f3\u017cnego rodzaju maszyn, takich jak koparki, d\u017awigi i ramiona robot\u00f3w. W uk\u0142adzie hydraulicznym si\u0142ownik ramienia odgrywa kluczow\u0105 rol\u0119 w umo\u017cliwieniu ruchu i sterowania do\u0142\u0105czonymi narz\u0119dziami lub akcesoriami. Si\u0142owniki te nie tylko zapewniaj\u0105 p\u0142ynny ruch, ale tak\u017ce wytrzymuj\u0105 du\u017ce obci\u0105\u017cenia, gwarantuj\u0105c wydajn\u0105 prac\u0119 i niezawodno\u015b\u0107 maszyn w r\u00f3\u017cnych warunkach eksploatacyjnych. <\/p>\n<p><img decoding=\"async\" src=\"https:\/\/www.hydraulic-cylinders.net\/wp-content\/uploads\/2025\/01\/songte-company-2.webp\"><\/p>\n<h2>Cechy<\/h2>\n<ul>\n<li>\n<h3>Wysoka wydajno\u015b\u0107 transmisji<\/h3>\n<p>Si\u0142ownik ramienia mo\u017ce zapewni\u0107 mocny ruch liniowy i si\u0142\u0119, gwarantuj\u0105c wydajn\u0105 prac\u0119 ramienia mechanicznego podczas r\u00f3\u017cnych operacji.<\/p>\n<\/li>\n<li>\n<h3>Precyzyjna kontrola<\/h3>\n<p>Dzi\u0119ki uk\u0142adowi hydraulicznemu si\u0142ownik ramienia mo\u017ce uzyska\u0107 precyzyjn\u0105 kontrol\u0119 ruchu, co sprawia, \u017ce \u200b\u200bpraca pod\u0142\u0105czonych narz\u0119dzi jest bardziej elastyczna i dok\u0142adna.<\/p>\n<\/li>\n<li>\n<h3>Wysoka wytrzyma\u0142o\u015b\u0107<\/h3>\n<p>Cylinder ramienia jest zwykle wykonany z materia\u0142\u00f3w o wysokiej wytrzyma\u0142o\u015bci i charakteryzuje si\u0119 dobr\u0105 odporno\u015bci\u0105 na zu\u017cycie i korozj\u0119, dzi\u0119ki czemu nadaje si\u0119 do d\u0142ugotrwa\u0142ego u\u017cytkowania w trudnych warunkach.<\/p>\n<\/li>\n<li>\n<h3>Wielofunkcyjna adaptowalno\u015b\u0107<\/h3>\n<p>Tego typu si\u0142owniki mo\u017cna powszechnie stosowa\u0107 w r\u00f3\u017cnych typach maszyn, takich jak koparki, d\u017awigi i ramiona robotyczne, dostosowuj\u0105c je do r\u00f3\u017cnych wymaga\u0144 roboczych.<\/p>\n<\/li>\n<li>\n<h3>\u0141atwa konserwacja<\/h3>\n<p>Projekt uwzgl\u0119dnia \u0142atwo\u015b\u0107 konserwacji i wymiany, dzi\u0119ki czemu regularne kontrole i konserwacje staj\u0105 si\u0119 wygodniejsze, a przestoje sprz\u0119tu zostaj\u0105 skr\u00f3cone.<\/p>\n<\/li>\n<\/ul>\n<p>Jeste\u015bmy w stanie wyprodukowa\u0107 ten produkt i nasz produkt mo\u017ce doskonale zast\u0105pi\u0107 te si\u0142owniki hydrauliczne.<\/p>\n<p><img decoding=\"async\" src=\"https:\/\/www.hydraulic-cylinders.net\/wp-content\/uploads\/2025\/01\/songte-oil-pipes-and-spare-parts.webp\"><\/p>\n<h2>Aplikacje<\/h2>\n<p>Si\u0142ownik ramienia jest powszechnie stosowany w r\u00f3\u017cnych ga\u0142\u0119ziach przemys\u0142u, w tym:<\/p>\n<ul>\n<li>\n<h3>In\u017cynieria budowlana<\/h3>\n<p>W koparkach i d\u017awigach si\u0142owniki ramieniowe s\u0142u\u017c\u0105 do sterowania ruchem \u0142y\u017cek lub wysi\u0119gnik\u00f3w podczas rob\u00f3t ziemnych, przenoszenia materia\u0142\u00f3w i monta\u017cu konstrukcji.<\/p>\n<\/li>\n<li>\n<h3>Produkcja<\/h3>\n<p>W zautomatyzowanych liniach produkcyjnych si\u0142owniki ramieniowe s\u0142u\u017c\u0105 do poruszania ramionami robot\u00f3w, monta\u017cu, spawania i obs\u0142ugi materia\u0142\u00f3w, co zwi\u0119ksza wydajno\u015b\u0107 i dok\u0142adno\u015b\u0107 produkcji.<\/p>\n<\/li>\n<li>\n<h3>Maszyny rolnicze<\/h3>\n<p>W maszynach rolniczych, takich jak kombajny i siewniki, si\u0142owniki ramion steruj\u0105 ruchem ramion roboczych, wykonuj\u0105cych zadania takie jak sadzenie, nawo\u017cenie i zbi\u00f3r.<\/p>\n<\/li>\n<li>\n<h3>G\u00f3rnictwo<\/h3>\n<p>W sprz\u0119cie g\u00f3rniczym cylindry ramieniowe s\u0142u\u017c\u0105 do sterowania ruchem ramion sprz\u0119tu g\u00f3rniczego podczas wydobywania i transportu rud.<\/p>\n<\/li>\n<li>\n<h3>Logistyka i transport<\/h3>\n<p>W w\u00f3zkach wid\u0142owych i robotach prze\u0142adunkowych si\u0142owniki ramion s\u0142u\u017c\u0105 do sterowania podnoszeniem i ruchem wide\u0142, co umo\u017cliwia obs\u0142ug\u0119 i uk\u0142adanie towar\u00f3w.<\/p>\n<\/li>\n<\/ul>\n<h2>Zagadnienia projektowe i kryteria wyboru<\/h2>\n<p>Z punktu widzenia projektowania cylindr\u00f3w ramieniowych nale\u017cy bra\u0107 pod uwag\u0119 nast\u0119puj\u0105ce czynniki:<\/p>\n<ul>\n<li>\n<h3>No\u015bno\u015b\u0107<\/h3>\n<p>Si\u0142ownik ramienia powinien mie\u0107 odpowiedni\u0105 no\u015bno\u015b\u0107, aby sprosta\u0107 potrzebom r\u00f3\u017cnych operacji.<\/p>\n<\/li>\n<li>\n<h3>Wydajno\u015b\u0107 uszczelnienia<\/h3>\n<p>Zastosowanie r\u00f3\u017cnych element\u00f3w uszczelniaj\u0105cych, takich jak pier\u015bcienie uszczelniaj\u0105ce t\u0142oka i pier\u015bcienie uszczelniaj\u0105ce t\u0142oczyska, wykonanych z materia\u0142\u00f3w odpornych na zu\u017cycie, takich jak poliuretan i kauczuk nitrylowy, mo\u017ce skutecznie poprawi\u0107 w\u0142a\u015bciwo\u015bci uszczelniaj\u0105ce cylindra.<\/p>\n<\/li>\n<li>\n<h3>Trwa\u0142o\u015b\u0107<\/h3>\n<p>Korpus cylindra i gwintowana powierzchnia ko\u0144cowa powinny zosta\u0107 poddane dok\u0142adnej obr\u00f3bce w celu zwi\u0119kszenia odporno\u015bci na zu\u017cycie, a aby zagwarantowa\u0107 trwa\u0142o\u015b\u0107 cylindra, nale\u017cy u\u017cy\u0107 materia\u0142\u00f3w o wysokiej wytrzyma\u0142o\u015bci.<\/p>\n<\/li>\n<li>\n<h3>Bezpiecze\u0144stwo<\/h3>\n<p>Cylinder ramienia powinien by\u0107 zaprojektowany z uwzgl\u0119dnieniem kwestii bezpiecze\u0144stwa, poprzez zastosowanie \u015brodk\u00f3w zapobiegaj\u0105cych nag\u0142ym upadkom i kontrolowanie pr\u0119dko\u015bci ruchu.<\/p>\n<\/li>\n<li>\n<h3>Utrzymywalno\u015b\u0107<\/h3>\n<p>Si\u0142ownik ramienia powinien by\u0107 zaprojektowany w spos\u00f3b umo\u017cliwiaj\u0105cy \u0142atw\u0105 konserwacj\u0119 i wymian\u0119 podzespo\u0142\u00f3w, takich jak uszczelki i podk\u0142adki, w celu skr\u00f3cenia czasu i obni\u017cenia koszt\u00f3w konserwacji.<\/p>\n<\/li>\n<\/ul>\n<p><img decoding=\"async\" src=\"https:\/\/www.hydraulic-cylinders.net\/wp-content\/uploads\/2025\/01\/songte-cylinder-head-with-all-kinds-excavator-models.webp\"><\/p>\n<h2>Uszczelnianie i smarowanie<\/h2>\n<p>Zastosowanie r\u00f3\u017cnych element\u00f3w uszczelniaj\u0105cych, takich jak pier\u015bcienie uszczelniaj\u0105ce t\u0142oka i t\u0142oczyska, mo\u017ce skutecznie poprawi\u0107 szczelno\u015b\u0107 cylindra. Do produkcji pier\u015bcieni uszczelniaj\u0105cych cz\u0119sto stosuje si\u0119 materia\u0142y odporne na zu\u017cycie, takie jak poliuretan i kauczuk nitrylowy. Ponadto korpus cylindra i gwintowana powierzchnia czo\u0142owa powinny zosta\u0107 poddane precyzyjnej obr\u00f3bce w celu zwi\u0119kszenia odporno\u015bci na zu\u017cycie. Regularne smarowanie odpowiedni\u0105 ilo\u015bci\u0105 oleju hydraulicznego jest r\u00f3wnie\u017c niezb\u0119dne dla zapewnienia prawid\u0142owej pracy i wyd\u0142u\u017cenia \u017cywotno\u015bci cylindra.<\/p>\n<h2>Konserwacja i \u015brodki ostro\u017cno\u015bci<\/h2>\n<ul>\n<li>\n<h3>Regularna kontrola<\/h3>\n<p>Regularna kontrola i konserwacja si\u0142ownika ramienia mo\u017ce pom\u00f3c w identyfikacji potencjalnych problem\u00f3w i skr\u00f3ceniu przestoj\u00f3w. Zaleca si\u0119 regularne sprawdzanie si\u0142ownika pod k\u0105tem nieszczelno\u015bci, zu\u017cycia i uszkodze\u0144.<\/p>\n<\/li>\n<li>\n<h3>Konserwacja zapobiegawcza<\/h3>\n<p>Odpowiednie \u015brodki zapobiegawcze, takie jak wymiana zu\u017cytych uszczelek i podk\u0142adek, mog\u0105 pom\u00f3c wyd\u0142u\u017cy\u0107 \u017cywotno\u015b\u0107 cylindra i obni\u017cy\u0107 koszty konserwacji.<\/p>\n<\/li>\n<\/ul>\n<p><img decoding=\"async\" src=\"https:\/\/www.hydraulic-cylinders.net\/wp-content\/uploads\/2025\/01\/songte-chushion-collar.webp\"><\/p>\n<h2>Przewodnik instalacji<\/h2>\n<p>Przed monta\u017cem nale\u017cy upewni\u0107 si\u0119, \u017ce si\u0142ownik ramienia jest odpowiedni do konkretnego zastosowania i spe\u0142nia wymagania maszyny. Proces monta\u017cu powinien zosta\u0107 przeprowadzony przez profesjonalny personel posiadaj\u0105cy odpowiednie kwalifikacje i do\u015bwiadczenie. Monta\u017c nale\u017cy przeprowadzi\u0107 zgodnie z instrukcjami producenta, upewniaj\u0105c si\u0119, \u017ce wszystkie komponenty s\u0105 zamontowane prawid\u0142owo i bezpiecznie.<\/p>\n<h2>Bezpiecze\u0144stwo i wzgl\u0119dy \u015brodowiskowe<\/h2>\n<p>Podczas u\u017cytkowania si\u0142ownika ramienia nale\u017cy bezwzgl\u0119dnie przestrzega\u0107 standardowych procedur bezpiecze\u0144stwa, aby zapobiec wypadkom i obra\u017ceniom. Nale\u017cy r\u00f3wnie\u017c wzi\u0105\u0107 pod uwag\u0119 wp\u0142yw wyciek\u00f3w oleju hydraulicznego na \u015brodowisko i podj\u0105\u0107 \u015brodki zapobiegawcze w celu zapobiegania wyciekom oleju oraz prawid\u0142owej utylizacji zu\u017cytego oleju i innych podzespo\u0142\u00f3w.<\/p>\n<h2>Typowe problemy i rozwi\u0105zywanie problem\u00f3w<\/h2>\n<ul>\n<li>\n<h3>Wyciek oleju<\/h3>\n<p>To cz\u0119sty problem, kt\u00f3ry mo\u017ce by\u0107 spowodowany zu\u017cytymi uszczelkami lub uszkodzonymi elementami cylindra. Sprawd\u017a szczelno\u015b\u0107 cylindra i wymie\u0144 zu\u017cyte lub uszkodzone elementy.<\/p>\n<\/li>\n<li>\n<h3>Powolny ruch<\/h3>\n<p>Powolny ruch mo\u017ce by\u0107 spowodowany niskim ci\u015bnieniem hydraulicznym lub zatorem w uk\u0142adzie hydraulicznym. Sprawd\u017a ci\u015bnienie hydrauliczne i w razie potrzeby usu\u0144 wszelkie zatory.<\/p>\n<\/li>\n<li>\n<h3>Ha\u0142a\u015bliwa praca<\/h3>\n<p>Ha\u0142a\u015bliwa praca mo\u017ce by\u0107 spowodowana zu\u017cyciem podzespo\u0142\u00f3w lub zapowietrzeniem uk\u0142adu hydraulicznego. Sprawd\u017a cylinder pod k\u0105tem zu\u017cycia podzespo\u0142\u00f3w i odpowietrz uk\u0142ad, aby usun\u0105\u0107 ewentualne powietrze.<\/p>\n<\/li>\n<\/ul>\n<p>Prawid\u0142owe rozwi\u0105zywanie problem\u00f3w wymaga dog\u0142\u0119bnej znajomo\u015bci dzia\u0142ania i podzespo\u0142\u00f3w cylindra. Zawsze nale\u017cy zapozna\u0107 si\u0119 z instrukcj\u0105 producenta i w razie potrzeby zwr\u00f3ci\u0107 si\u0119 o pomoc do specjalisty.<\/p>\n<p><img decoding=\"async\" src=\"https:\/\/www.hydraulic-cylinders.net\/wp-content\/uploads\/2025\/01\/songte-bushings-with-all-kinds-of-excavator-models.webp\"><\/p>\n<h2>O nas<\/h2>\n<p>Jeste\u015bmy profesjonalnym producentem zamiennych cylindr\u00f3w hydraulicznych, oferuj\u0105cym szerok\u0105 gam\u0119 produkt\u00f3w. Stali\u015bmy si\u0119 jednym z wiod\u0105cych producent\u00f3w i hurtowych dystrybutor\u00f3w cylindr\u00f3w hydraulicznych na rynku krajowym i mi\u0119dzynarodowym. Zawsze przestrzegamy zasady doskona\u0142ej jako\u015bci i opieramy si\u0119 na strategii zarz\u0105dzania produkcj\u0105 industrialn\u0105, opartej na precyzyjnych warsztatach produkcyjnych, aby stale doskonali\u0107 nasz\u0105 technologi\u0119 i wydajno\u015b\u0107 produkcji. Wprowadzaj\u0105c wysokiej klasy cyfrowy sprz\u0119t produkcyjny i profesjonalne systemy testowe, stale optymalizujemy nasz\u0105 platform\u0119 produkcyjn\u0105, usprawniamy proces kontroli jako\u015bci produkt\u00f3w i dysponujemy silnymi mo\u017cliwo\u015bciami innowacyjnymi. Naszym celem jest zaspokajanie zr\u00f3\u017cnicowanych potrzeb naszych klient\u00f3w poprzez wysok\u0105 wydajno\u015b\u0107, dok\u0142adno\u015b\u0107 i wysok\u0105 jako\u015b\u0107.<\/p>\n<p>Naszym celem jest \u015bwiadczenie profesjonalnych, certyfikowanych mi\u0119dzynarodowych i dostosowanych do potrzeb klient\u00f3w us\u0142ug. Wykorzystujemy zaawansowany sprz\u0119t produkcyjny i oferujemy kompleksow\u0105 obs\u0142ug\u0119 posprzeda\u017cow\u0105. Naszym celem jest dostarczanie naszym klientom produkt\u00f3w wysokiej jako\u015bci.<\/p>\n<p><img decoding=\"async\" src=\"https:\/\/www.hydraulic-cylinders.net\/wp-content\/uploads\/2025\/01\/songte-company-4.webp\"><\/p>\n<p><img decoding=\"async\" src=\"https:\/\/www.hydraulic-cylinders.net\/wp-content\/uploads\/2025\/01\/songte-company-3.webp\"><\/p>\n<p>Autor: lyl<\/p>","protected":false},"excerpt":{"rendered":"<p>Arm Cylinder For TCK HD1636LC-8H Introduction The arm cylinder is a type of hydraulic cylinder designed specifically to provide linear motion and power to the arms of various types of machinery, such as excavators, cranes, and robotic arms. In a hydraulic system, the arm cylinder plays a critical role in enabling the movement and control [&hellip;]<\/p>","protected":false},"featured_media":14774,"comment_status":"open","ping_status":"closed","template":"","meta":{"_et_pb_use_builder":"","_et_pb_old_content":"","_et_gb_content_width":""},"product_brand":[],"product_cat":[1497],"product_tag":[1498,1496],"class_list":{"0":"post-16711","1":"product","2":"type-product","3":"status-publish","4":"has-post-thumbnail","6":"product_cat-arm-cylinders","7":"product_tag-arm-cylinders","8":"product_tag-hydraulic-cylinders","10":"first","11":"instock","12":"shipping-taxable","13":"product-type-simple"},"amp_enabled":true,"_links":{"self":[{"href":"https:\/\/www.hydraulic-cylinders.net\/pl\/wp-json\/wp\/v2\/product\/16711","targetHints":{"allow":["GET"]}}],"collection":[{"href":"https:\/\/www.hydraulic-cylinders.net\/pl\/wp-json\/wp\/v2\/product"}],"about":[{"href":"https:\/\/www.hydraulic-cylinders.net\/pl\/wp-json\/wp\/v2\/types\/product"}],"replies":[{"embeddable":true,"href":"https:\/\/www.hydraulic-cylinders.net\/pl\/wp-json\/wp\/v2\/comments?post=16711"}],"wp:featuredmedia":[{"embeddable":true,"href":"https:\/\/www.hydraulic-cylinders.net\/pl\/wp-json\/wp\/v2\/media\/14774"}],"wp:attachment":[{"href":"https:\/\/www.hydraulic-cylinders.net\/pl\/wp-json\/wp\/v2\/media?parent=16711"}],"wp:term":[{"taxonomy":"product_brand","embeddable":true,"href":"https:\/\/www.hydraulic-cylinders.net\/pl\/wp-json\/wp\/v2\/product_brand?post=16711"},{"taxonomy":"product_cat","embeddable":true,"href":"https:\/\/www.hydraulic-cylinders.net\/pl\/wp-json\/wp\/v2\/product_cat?post=16711"},{"taxonomy":"product_tag","embeddable":true,"href":"https:\/\/www.hydraulic-cylinders.net\/pl\/wp-json\/wp\/v2\/product_tag?post=16711"}],"curies":[{"name":"wp","href":"https:\/\/api.w.org\/{rel}","templated":true}]}}