{"id":16715,"date":"2025-01-21T05:49:02","date_gmt":"2025-01-21T05:49:02","guid":{"rendered":"https:\/\/www.hydraulic-cylinders.net\/product\/arm-cylinder-for-sgzg-sd18b\/"},"modified":"2025-01-21T05:49:04","modified_gmt":"2025-01-21T05:49:04","slug":"arm-cylinder-for-sgzg-sd18b","status":"publish","type":"product","link":"https:\/\/www.hydraulic-cylinders.net\/pl\/produkt\/arm-cylinder-for-sgzg-sd18b\/","title":{"rendered":"Si\u0142ownik ramienia do SGZG SD18B"},"content":{"rendered":"<h1>Si\u0142ownik ramienia do SGZG SD18B<\/h1>\n<h2>Wst\u0119p<\/h2>\n<p>Si\u0142ownik ramienia to specjalnie zaprojektowany si\u0142ownik hydrauliczny, kt\u00f3ry zapewnia ruch liniowy i zasilanie ramienia r\u00f3\u017cnych maszyn, takich jak koparki, d\u017awigi i ramiona robot\u00f3w. Si\u0142ownik ramienia odgrywa kluczow\u0105 rol\u0119 w uk\u0142adach hydraulicznych, umo\u017cliwiaj\u0105c sprawny ruch i sterowanie dodatkowymi narz\u0119dziami lub osprz\u0119tem. Si\u0142owniki te nie tylko zapewniaj\u0105 p\u0142ynny ruch, ale tak\u017ce wytrzymuj\u0105 du\u017ce obci\u0105\u017cenia, zapewniaj\u0105c wysok\u0105 wydajno\u015b\u0107 operacyjn\u0105 i niezawodno\u015b\u0107 w r\u00f3\u017cnych warunkach pracy.<\/p>\n<p><img decoding=\"async\" src=\"https:\/\/www.hydraulic-cylinders.net\/wp-content\/uploads\/2025\/01\/songte-company-2.webp\"><\/p>\n<h2>Cechy<\/h2>\n<ul>\n<li>Wysokowydajna przek\u0142adnia: Cylinder ramienia zapewnia mocny ruch liniowy i si\u0142\u0119, gwarantuj\u0105c wysok\u0105 wydajno\u015b\u0107 ramienia mechanicznego w r\u00f3\u017cnych operacjach.<\/li>\n<li>Precyzyjna kontrola: Dzi\u0119ki uk\u0142adowi hydraulicznemu si\u0142ownik ramienia umo\u017cliwia precyzyjn\u0105 kontrol\u0119 ruchu, co sprawia, \u017ce \u200b\u200boperacje z u\u017cyciem do\u0142\u0105czonych narz\u0119dzi s\u0105 bardziej elastyczne i dok\u0142adne.<\/li>\n<li>Wysoka trwa\u0142o\u015b\u0107: Cylindry ramienia s\u0105 zazwyczaj produkowane z materia\u0142\u00f3w o wysokiej wytrzyma\u0142o\u015bci, zapewniaj\u0105cych doskona\u0142\u0105 odporno\u015b\u0107 na zu\u017cycie i korozj\u0119, dzi\u0119ki czemu nadaj\u0105 si\u0119 do d\u0142ugotrwa\u0142ego u\u017cytkowania w trudnych warunkach.<\/li>\n<li>Wszechstronno\u015b\u0107: Cylindry te mo\u017cna szeroko stosowa\u0107 w r\u00f3\u017cnych maszynach, takich jak koparki, d\u017awigi i ramiona robotyczne, aby sprosta\u0107 zr\u00f3\u017cnicowanym wymaganiom roboczym.<\/li>\n<li>\u0141atwa konserwacja: Zaprojektowany z my\u015bl\u0105 o \u0142atwej konserwacji i wymianie cylinder ramienia umo\u017cliwia wygodne okresowe kontrole i konserwacj\u0119, redukuj\u0105c przestoje sprz\u0119tu.<\/li>\n<\/ul>\n<p><img decoding=\"async\" src=\"https:\/\/www.hydraulic-cylinders.net\/wp-content\/uploads\/2025\/01\/songte-oil-pipes-and-spare-parts.webp\"><\/p>\n<h2>Aplikacje<\/h2>\n<p>Cylindry ramieniowe znajduj\u0105 zastosowanie w r\u00f3\u017cnych ga\u0142\u0119ziach przemys\u0142u:<\/p>\n<ul>\n<li>In\u017cynieria budowlana: W koparkach i d\u017awigach si\u0142owniki ramion steruj\u0105 ruchem \u0142y\u017cek lub wysi\u0119gnik\u00f3w, umo\u017cliwiaj\u0105c prace ziemne, przenoszenie materia\u0142\u00f3w i monta\u017c konstrukcji.<\/li>\n<li>Przemys\u0142 wytw\u00f3rczy: W zautomatyzowanych liniach produkcyjnych cylindry ramion u\u0142atwiaj\u0105 ruch ramion robot\u00f3w podczas proces\u00f3w monta\u017cu, spawania i obs\u0142ugi, zwi\u0119kszaj\u0105c wydajno\u015b\u0107 i dok\u0142adno\u015b\u0107 produkcji.<\/li>\n<li>Maszyny rolnicze: W maszynach rolniczych, takich jak kombajny i siewniki, si\u0142owniki ramion steruj\u0105 ruchem ramion roboczych podczas wykonywania takich zada\u0144, jak sadzenie, nawo\u017cenie i zbi\u00f3r.<\/li>\n<li>G\u00f3rnictwo: W sprz\u0119cie g\u00f3rniczym cylindry ramieniowe s\u0142u\u017c\u0105 do kontrolowania ruchu ramion maszyn g\u00f3rniczych, umo\u017cliwiaj\u0105c wydobycie i transport rudy.<\/li>\n<li>Logistyka i transport: W w\u00f3zkach wid\u0142owych i robotach prze\u0142adunkowych si\u0142owniki ramion steruj\u0105 podnoszeniem i ruchem wide\u0142, u\u0142atwiaj\u0105c przenoszenie materia\u0142\u00f3w i ich uk\u0142adanie.<\/li>\n<\/ul>\n<h2>Zagadnienia projektowe i kryteria wyboru<\/h2>\n<p>Przy projektowaniu i doborze cylindr\u00f3w ramieniowych nale\u017cy wzi\u0105\u0107 pod uwag\u0119 kilka czynnik\u00f3w:<\/p>\n<ul>\n<li>No\u015bno\u015b\u0107: Cylinder ramienia powinien by\u0107 w stanie wytrzyma\u0107 zamierzone obci\u0105\u017cenie i zapewni\u0107 wystarczaj\u0105c\u0105 si\u0142\u0119 do danego zastosowania.<\/li>\n<li>Skuteczno\u015b\u0107 uszczelnienia: R\u00f3\u017cnego rodzaju uszczelki, takie jak uszczelki t\u0142okowe i uszczelki t\u0142oczyskowe, wykonane z materia\u0142\u00f3w odpornych na zu\u017cycie, takich jak poliuretan i kauczuk nitrylowy, zapewniaj\u0105 skuteczne uszczelnienie.<\/li>\n<li>Trwa\u0142o\u015b\u0107: Korpus cylindra i gwintowane ko\u0144ce poddawane s\u0105 precyzyjnej obr\u00f3bce w celu zwi\u0119kszenia odporno\u015bci na zu\u017cycie. W celu prawid\u0142owej konserwacji wymagane jest regularne smarowanie olejem hydraulicznym.<\/li>\n<li>Bezpiecze\u0144stwo: Konstrukcja maszyny powinna uwzgl\u0119dnia\u0107 elementy bezpiecze\u0144stwa, kt\u00f3re zapobiegn\u0105 wypadkom i zapewni\u0105 ochron\u0119 operatora podczas pracy.<\/li>\n<li>\u0141atwo\u015b\u0107 konserwacji: Nale\u017cy zadba\u0107 o \u0142atw\u0105 konserwacj\u0119 i napraw\u0119, co umo\u017cliwi sprawn\u0105 kontrol\u0119 i wymian\u0119 podzespo\u0142\u00f3w, a tym samym skr\u00f3ci przestoje.<\/li>\n<\/ul>\n<p><img decoding=\"async\" src=\"https:\/\/www.hydraulic-cylinders.net\/wp-content\/uploads\/2025\/01\/songte-cylinder-head-with-all-kinds-excavator-models.webp\"><\/p>\n<h2>Uszczelnianie i smarowanie<\/h2>\n<p>Si\u0142owniki ramieniowe wykorzystuj\u0105 r\u00f3\u017cnego rodzaju uszczelnienia, takie jak uszczelnienia t\u0142oka i t\u0142oczyska, wykonane z materia\u0142\u00f3w odpornych na zu\u017cycie. Korpus cylindra i gwintowane ko\u0144c\u00f3wki poddawane s\u0105 precyzyjnej obr\u00f3bce w celu zwi\u0119kszenia odporno\u015bci na zu\u017cycie. Regularne smarowanie odpowiedni\u0105 ilo\u015bci\u0105 oleju hydraulicznego jest niezb\u0119dne dla zapewnienia p\u0142ynnej pracy i wyd\u0142u\u017cenia \u017cywotno\u015bci cylindra.<\/p>\n<h2>Regularne kontrole i konserwacja zapobiegawcza<\/h2>\n<p>Aby utrzyma\u0107 optymaln\u0105 wydajno\u015b\u0107 i zapobiec potencjalnym problemom, niezb\u0119dne s\u0105 regularne kontrole i konserwacja zapobiegawcza. Nale\u017cy podj\u0105\u0107 nast\u0119puj\u0105ce dzia\u0142ania:<\/p>\n<ul>\n<li>Sprawd\u017a cylinder pod k\u0105tem ewentualnych wyciek\u00f3w, uszkodze\u0144 lub zu\u017cycia.<\/li>\n<li>Regularnie sprawdzaj uszczelki i uk\u0142ad smarowania.<\/li>\n<li>Aby zapobiec zanieczyszczeniu, utrzymuj cylinder i jego elementy w czysto\u015bci.<\/li>\n<li>Dokr\u0119\u0107 wszelkie lu\u017ane po\u0142\u0105czenia.<\/li>\n<li>Niezw\u0142ocznie wymie\u0144 zu\u017cyte uszczelki lub uszkodzone cz\u0119\u015bci.<\/li>\n<\/ul>\n<h2>Instrukcja instalacji produktu<\/h2>\n<p>Prawid\u0142owy monta\u017c si\u0142ownika ramienia ma kluczowe znaczenie dla jego wydajno\u015bci i trwa\u0142o\u015bci. Wykonaj nast\u0119puj\u0105ce kroki:<\/p>\n<ol>\n<li>Solidnie zamontuj cylinder na urz\u0105dzeniu, u\u017cywaj\u0105c odpowiednich wspornik\u00f3w lub mocowa\u0144.<\/li>\n<li>Sprawd\u017a, czy t\u0142oczysko cylindra i punkty mocowania s\u0105 w\u0142a\u015bciwie ustawione.<\/li>\n<li>Pod\u0142\u0105cz przewody hydrauliczne zgodnie ze specyfikacj\u0105 uk\u0142adu hydraulicznego urz\u0105dzenia.<\/li>\n<li>Po instalacji nale\u017cy sprawdzi\u0107, czy nie ma przeciek\u00f3w i niezw\u0142ocznie je usun\u0105\u0107.<\/li>\n<\/ol>\n<p><img decoding=\"async\" src=\"https:\/\/www.hydraulic-cylinders.net\/wp-content\/uploads\/2025\/01\/songte-bushings-with-all-kinds-of-excavator-models.webp\"><\/p>\n<h2>Zagadnienia bezpiecze\u0144stwa i czynniki \u015brodowiskowe<\/h2>\n<p>Podczas korzystania z si\u0142ownik\u00f3w ramieniowych nie mo\u017cna przeceni\u0107 znaczenia \u015brodk\u00f3w bezpiecze\u0144stwa. Zawsze nale\u017cy przestrzega\u0107 odpowiednich protoko\u0142\u00f3w i wytycznych bezpiecze\u0144stwa, aby zapobiega\u0107 wypadkom i zapewni\u0107 ochron\u0119 operatora. Dodatkowo nale\u017cy bra\u0107 pod uwag\u0119 czynniki \u015brodowiskowe i przestrzega\u0107 przepis\u00f3w, aby zminimalizowa\u0107 negatywny wp\u0142yw na otoczenie.<\/p>\n<h2>Rozwi\u0105zywanie problem\u00f3w i typowe problemy<\/h2>\n<p>Chocia\u017c si\u0142owniki ramienia zosta\u0142y zaprojektowane z my\u015bl\u0105 o niezawodno\u015bci, sporadycznie mog\u0105 wyst\u0105pi\u0107 problemy. Oto kilka typowych problem\u00f3w i wskaz\u00f3wek dotycz\u0105cych rozwi\u0105zywania problem\u00f3w:<\/p>\n<ul>\n<li>Problem: Cylinder nie wysuwa si\u0119 lub nie chowa ca\u0142kowicie.<br \/>Rozwi\u0105zanie: Sprawd\u017a poziom p\u0142ynu hydraulicznego, ewentualne wycieki lub uszkodzone uszczelki. Zapewnij prawid\u0142owe ci\u015bnienie hydrauliczne.<\/li>\n<li>Problem: Nadmierny ha\u0142as podczas pracy cylindra.<br \/>Rozwi\u0105zanie: Sprawd\u017a, czy po\u0142\u0105czenia nie s\u0105 lu\u017ane lub zu\u017cyte. W razie potrzeby nasmaruj ruchome cz\u0119\u015bci.<\/li>\n<li>Problem: Cylinder porusza si\u0119 powoli lub nier\u00f3wnomiernie.<br \/>Rozwi\u0105zanie: Sprawd\u017a lepko\u015b\u0107 p\u0142ynu hydraulicznego, wyczy\u015b\u0107 lub wymie\u0144 filtry, je\u015bli to konieczne. Sprawd\u017a, czy w uk\u0142adzie hydraulicznym nie ma \u017cadnych ogranicze\u0144 lub zator\u00f3w.<\/li>\n<\/ul>\n<p><img decoding=\"async\" src=\"https:\/\/www.hydraulic-cylinders.net\/wp-content\/uploads\/2025\/01\/songte-chushion-collar.webp\"><\/p>\n<p>Pami\u0119taj, aby artyku\u0142 by\u0142 logicznie uporz\u0105dkowany, u\u017cywaj podtytu\u0142\u00f3w u\u0142atwiaj\u0105cych nawigacj\u0119, dodawaj odpowiednie obrazy i wykresy, aby u\u0142atwi\u0107 zrozumienie, a tak\u017ce zadbaj o to, aby tre\u015b\u0107 by\u0142a przejrzysta, zwi\u0119z\u0142a i odpowiednia dla czytelnik\u00f3w o r\u00f3\u017cnym poziomie wiedzy technicznej.<\/p>\n<h2>O naszej firmie<\/h2>\n<p>Jeste\u015bmy profesjonalnym producentem zamiennych cylindr\u00f3w hydraulicznych, oferuj\u0105cym szerok\u0105 gam\u0119 produkt\u00f3w. Stali\u015bmy si\u0119 jednym z wiod\u0105cych producent\u00f3w i hurtowych dystrybutor\u00f3w cylindr\u00f3w hydraulicznych na rynku krajowym i mi\u0119dzynarodowym. D\u0105\u017c\u0105c do najwy\u017cszej jako\u015bci, opieramy si\u0119 na przemys\u0142owych strategiach zarz\u0105dzania produkcj\u0105 w naszym nowoczesnym zak\u0142adzie produkcyjnym, aby stale doskonali\u0107 nasz\u0105 wiedz\u0119 techniczn\u0105 i wydajno\u015b\u0107 produkcji. Wprowadzaj\u0105c zaawansowany sprz\u0119t do produkcji cyfrowej i profesjonalne systemy testowe, optymalizujemy nasz\u0105 platform\u0119 produkcyjn\u0105 i usprawniamy procesy kontroli jako\u015bci produkt\u00f3w, wykazuj\u0105c si\u0119 wysokim potencja\u0142em innowacyjnym. Naszym celem jest zaspokajanie zr\u00f3\u017cnicowanych potrzeb klient\u00f3w, kieruj\u0105c si\u0119 zasadami wydajno\u015bci, precyzji i wysokiej jako\u015bci.<\/p>\n<p><img decoding=\"async\" src=\"https:\/\/www.hydraulic-cylinders.net\/wp-content\/uploads\/2025\/01\/songte-company-4.webp\"><br \/>\n<img decoding=\"async\" src=\"https:\/\/www.hydraulic-cylinders.net\/wp-content\/uploads\/2025\/01\/songte-company-3.webp\"><\/p>\n<p>Ponadto szczycimy si\u0119 naszym profesjonalizmem, mi\u0119dzynarodowymi certyfikatami, dostosowanymi do potrzeb us\u0142ugami, sprz\u0119tem produkcyjnym i obs\u0142ug\u0105 posprzeda\u017cow\u0105.<\/p>\n<p>Autor: lyl<\/p>","protected":false},"excerpt":{"rendered":"<p>Arm Cylinder For SGZG SD18B Introduction An arm cylinder is a specially designed hydraulic cylinder used to provide linear motion and power to the arm of various machinery, such as excavators, cranes, and robotic arms. The arm cylinder plays a crucial role in hydraulic systems, allowing for the efficient movement and control of additional tools [&hellip;]<\/p>","protected":false},"featured_media":14763,"comment_status":"open","ping_status":"closed","template":"","meta":{"_et_pb_use_builder":"","_et_pb_old_content":"","_et_gb_content_width":""},"product_brand":[],"product_cat":[1497],"product_tag":[1498,1496],"class_list":{"0":"post-16715","1":"product","2":"type-product","3":"status-publish","4":"has-post-thumbnail","6":"product_cat-arm-cylinders","7":"product_tag-arm-cylinders","8":"product_tag-hydraulic-cylinders","10":"first","11":"instock","12":"shipping-taxable","13":"product-type-simple"},"amp_enabled":true,"_links":{"self":[{"href":"https:\/\/www.hydraulic-cylinders.net\/pl\/wp-json\/wp\/v2\/product\/16715","targetHints":{"allow":["GET"]}}],"collection":[{"href":"https:\/\/www.hydraulic-cylinders.net\/pl\/wp-json\/wp\/v2\/product"}],"about":[{"href":"https:\/\/www.hydraulic-cylinders.net\/pl\/wp-json\/wp\/v2\/types\/product"}],"replies":[{"embeddable":true,"href":"https:\/\/www.hydraulic-cylinders.net\/pl\/wp-json\/wp\/v2\/comments?post=16715"}],"wp:featuredmedia":[{"embeddable":true,"href":"https:\/\/www.hydraulic-cylinders.net\/pl\/wp-json\/wp\/v2\/media\/14763"}],"wp:attachment":[{"href":"https:\/\/www.hydraulic-cylinders.net\/pl\/wp-json\/wp\/v2\/media?parent=16715"}],"wp:term":[{"taxonomy":"product_brand","embeddable":true,"href":"https:\/\/www.hydraulic-cylinders.net\/pl\/wp-json\/wp\/v2\/product_brand?post=16715"},{"taxonomy":"product_cat","embeddable":true,"href":"https:\/\/www.hydraulic-cylinders.net\/pl\/wp-json\/wp\/v2\/product_cat?post=16715"},{"taxonomy":"product_tag","embeddable":true,"href":"https:\/\/www.hydraulic-cylinders.net\/pl\/wp-json\/wp\/v2\/product_tag?post=16715"}],"curies":[{"name":"wp","href":"https:\/\/api.w.org\/{rel}","templated":true}]}}