{"id":16717,"date":"2025-01-21T05:49:13","date_gmt":"2025-01-21T05:49:13","guid":{"rendered":"https:\/\/www.hydraulic-cylinders.net\/product\/arm-cylinder-for-sgzg-sd25b\/"},"modified":"2025-01-21T05:49:16","modified_gmt":"2025-01-21T05:49:16","slug":"arm-cylinder-for-sgzg-sd25b","status":"publish","type":"product","link":"https:\/\/www.hydraulic-cylinders.net\/pl\/produkt\/arm-cylinder-for-sgzg-sd25b\/","title":{"rendered":"Si\u0142ownik ramienia do SGZG SD25B"},"content":{"rendered":"<h2>Si\u0142ownik ramienia do SGZG SD25B<\/h2>\n<h3>Definicja i wyja\u015bnienie<\/h3>\n<p>Si\u0142ownik ramienia to specjalnie zaprojektowany si\u0142ownik hydrauliczny, kt\u00f3ry s\u0142u\u017cy g\u0142\u00f3wnie do zapewnienia ruchu liniowego i zasilania ramion r\u00f3\u017cnych maszyn, takich jak koparki, d\u017awigi i ramiona robot\u00f3w. Si\u0142owniki ramienia odgrywaj\u0105 kluczow\u0105 rol\u0119 w uk\u0142adach hydraulicznych, umo\u017cliwiaj\u0105c efektywny ruch i sterowanie do\u0142\u0105czonymi narz\u0119dziami lub akcesoriami. Si\u0142owniki te nie tylko zapewniaj\u0105 p\u0142ynny ruch, ale tak\u017ce wytrzymuj\u0105 du\u017ce obci\u0105\u017cenia, gwarantuj\u0105c wydajn\u0105 prac\u0119 i niezawodno\u015b\u0107 maszyn w r\u00f3\u017cnych warunkach pracy.<\/p>\n<p><img decoding=\"async\" src=\"https:\/\/www.hydraulic-cylinders.net\/wp-content\/uploads\/2025\/01\/songte-company-2.webp\"><\/p>\n<h3>Cechy<\/h3>\n<ul>\n<li><strong>Wysokowydajna skrzynia bieg\u00f3w:<\/strong> Cylindry ramion zapewniaj\u0105 mocny ruch liniowy i si\u0142\u0119, gwarantuj\u0105c wysok\u0105 wydajno\u015b\u0107 ramion mechanicznych w r\u00f3\u017cnych operacjach.<\/li>\n<li><strong>Precyzyjna kontrola:<\/strong> Dzi\u0119ki uk\u0142adom hydraulicznym si\u0142owniki ramion umo\u017cliwiaj\u0105 precyzyjn\u0105 kontrol\u0119 ruchu, co sprawia, \u017ce \u200b\u200bpraca pod\u0142\u0105czonych narz\u0119dzi jest bardziej elastyczna i dok\u0142adna.<\/li>\n<li><strong>Trwa\u0142o\u015b\u0107:<\/strong> Cylindry ramienia s\u0105 zazwyczaj wykonane z materia\u0142\u00f3w o wysokiej wytrzyma\u0142o\u015bci, charakteryzuj\u0105cych si\u0119 dobr\u0105 odporno\u015bci\u0105 na zu\u017cycie i korozj\u0119, dzi\u0119ki czemu nadaj\u0105 si\u0119 do d\u0142ugotrwa\u0142ego u\u017cytkowania w trudnych warunkach.<\/li>\n<li><strong>Wielofunkcyjna adaptowalno\u015b\u0107:<\/strong> Tego typu si\u0142owniki mo\u017cna powszechnie stosowa\u0107 w r\u00f3\u017cnych urz\u0105dzeniach mechanicznych, takich jak koparki, d\u017awigi i ramiona robotyczne, dostosowuj\u0105c je do r\u00f3\u017cnych wymaga\u0144 roboczych.<\/li>\n<li><strong>\u0141atwa konserwacja:<\/strong> Zaprojektowano je z my\u015bl\u0105 o \u0142atwej konserwacji i wymianie, dzi\u0119ki czemu regularne kontrole i konserwacje staj\u0105 si\u0119 wygodniejsze, a przestoje sprz\u0119tu zostaj\u0105 skr\u00f3cone.<\/li>\n<\/ul>\n<p>Jeste\u015bmy w stanie wyprodukowa\u0107 ten produkt i nasze produkty mog\u0105 doskonale zast\u0105pi\u0107 te cylindry hydrauliczne.<\/p>\n<p><img decoding=\"async\" src=\"https:\/\/www.hydraulic-cylinders.net\/wp-content\/uploads\/2025\/01\/songte-oil-pipes-and-spare-parts.webp\"><\/p>\n<h3>Aplikacje<\/h3>\n<ul>\n<li><strong>In\u017cynieria budowlana:<\/strong> W koparkach i d\u017awigach si\u0142owniki ramieniowe s\u0142u\u017c\u0105 do sterowania ruchem \u0142y\u017cek lub wysi\u0119gnik\u00f3w podczas rob\u00f3t ziemnych, przenoszenia materia\u0142\u00f3w i monta\u017cu konstrukcji.<\/li>\n<li><strong>Przemys\u0142 wytw\u00f3rczy:<\/strong> W zautomatyzowanych liniach produkcyjnych cylindry ramieniowe s\u0142u\u017c\u0105 do poruszania ramionami robot\u00f3w, wykonywania proces\u00f3w monta\u017cu, spawania i obs\u0142ugi, co zwi\u0119ksza wydajno\u015b\u0107 i dok\u0142adno\u015b\u0107 produkcji.<\/li>\n<li><strong>Maszyny rolnicze:<\/strong> W maszynach rolniczych, takich jak kombajny i sadzarki, si\u0142owniki ramion steruj\u0105 ruchem ramion roboczych, wykonuj\u0105cych zadania takie jak siew, nawo\u017cenie i zbi\u00f3r.<\/li>\n<li><strong>G\u00f3rnictwo:<\/strong> W sprz\u0119cie g\u00f3rniczym cylindry ramieniowe s\u0142u\u017c\u0105 do sterowania ruchem ramion sprz\u0119tu g\u00f3rniczego wykonuj\u0105cego zadania zwi\u0105zane z wydobyciem i transportem materia\u0142\u00f3w.<\/li>\n<li><strong>Logistyka i transport:<\/strong> W w\u00f3zkach wid\u0142owych i robotach manipulacyjnych si\u0142owniki ramion s\u0142u\u017c\u0105 do sterowania podnoszeniem i ruchem wide\u0142, co umo\u017cliwia przenoszenie materia\u0142\u00f3w i ich uk\u0142adanie.<\/li>\n<\/ul>\n<h3>Zagadnienia projektowe i kryteria wyboru<\/h3>\n<ul>\n<li><strong>No\u015bno\u015b\u0107:<\/strong> Si\u0142ownik ramienia musi mie\u0107 odpowiedni\u0105 no\u015bno\u015b\u0107 i stabilno\u015b\u0107, aby wytrzyma\u0107 r\u00f3\u017cne obci\u0105\u017cenia i zapewni\u0107 bezpieczn\u0105 prac\u0119 maszyn.<\/li>\n<li><strong>Opiecz\u0119towanie:<\/strong> Zastosowanie r\u00f3\u017cnorodnych element\u00f3w uszczelniaj\u0105cych, takich jak uszczelki t\u0142okowe, uszczelki t\u0142oczyskowe itp., a tak\u017ce wyb\u00f3r materia\u0142\u00f3w odpornych na zu\u017cycie, takich jak poliuretan i kauczuk nitrylowy, mo\u017ce poprawi\u0107 skuteczno\u015b\u0107 uszczelnienia cylindr\u00f3w ramienia.<\/li>\n<li><strong>Trwa\u0142o\u015b\u0107:<\/strong> Zastosowanie materia\u0142\u00f3w o wysokiej wytrzyma\u0142o\u015bci, obr\u00f3bka powierzchniowa utwardzana i inne \u015brodki zwi\u0119kszaj\u0105 trwa\u0142o\u015b\u0107 i odporno\u015b\u0107 na zu\u017cycie cylindr\u00f3w ramienia.<\/li>\n<li><strong>Bezpiecze\u0144stwo:<\/strong> Cylindry ramieniowe powinny by\u0107 zaprojektowane z uwzgl\u0119dnieniem funkcji bezpiecze\u0144stwa, takich jak zabezpieczenie przed przeci\u0105\u017ceniem, zawory bezpiecze\u0144stwa i inne urz\u0105dzenia zabezpieczaj\u0105ce, zapobiegaj\u0105ce wypadkom spowodowanym nadmiernym ci\u015bnieniem lub obci\u0105\u017ceniem.<\/li>\n<li><strong>Utrzymywalno\u015b\u0107:<\/strong> Konstrukcja cylindr\u00f3w ramienia powinna uwzgl\u0119dnia\u0107 \u0142atwo\u015b\u0107 konserwacji i wymiany podzespo\u0142\u00f3w, co pozwoli na redukcj\u0119 koszt\u00f3w i czasu konserwacji.<\/li>\n<\/ul>\n<p><img decoding=\"async\" src=\"https:\/\/www.hydraulic-cylinders.net\/wp-content\/uploads\/2025\/01\/songte-cylinder-head-with-all-kinds-excavator-models.webp\"><\/p>\n<h3>Uszczelnianie i smarowanie<\/h3>\n<p>W si\u0142ownikach ramieniowych zastosowano r\u00f3\u017cne elementy uszczelniaj\u0105ce, takie jak uszczelnienia t\u0142oka, uszczelnienia t\u0142oczyska itp., a tak\u017ce materia\u0142y odporne na zu\u017cycie, takie jak poliuretan i kauczuk nitrylowy, aby poprawi\u0107 w\u0142a\u015bciwo\u015bci uszczelniaj\u0105ce. Korpus si\u0142ownika i gwintowana powierzchnia ko\u0144cowa s\u0105 precyzyjnie obrobione, aby zwi\u0119kszy\u0107 odporno\u015b\u0107 na zu\u017cycie. Wymagane jest regularne uzupe\u0142nianie odpowiedniego oleju hydraulicznego w celu smarowania.<\/p>\n<h3>Kontrola i \u015brodki konserwacji zapobiegawczej<\/h3>\n<ul>\n<li>Nale\u017cy przeprowadza\u0107 regularn\u0105 kontrol\u0119 cylindr\u00f3w ramienia, obejmuj\u0105c\u0105 sprawdzenie szczelno\u015bci, uszkodze\u0144 uszczelek i nietypowych ha\u0142as\u00f3w.<\/li>\n<li>Do dzia\u0142a\u0144 konserwacyjnych zalicza si\u0119 czyszczenie, dokr\u0119canie i wymian\u0119 uszkodzonych cz\u0119\u015bci.<\/li>\n<li>Nale\u017cy \u015bci\u015ble przestrzega\u0107 procedur operacyjnych, unika\u0107 przeci\u0105\u017ce\u0144 i nadci\u015bnienia oraz utrzymywa\u0107 uk\u0142ad hydrauliczny w czysto\u015bci, aby zapobiec zanieczyszczeniu i uszkodzeniu cylindr\u00f3w ramienia.<\/li>\n<\/ul>\n<h3>Instrukcja instalacji produktu<\/h3>\n<ul>\n<li>Przed monta\u017cem nale\u017cy sprawdzi\u0107, czy cylinder ramienia nie uleg\u0142 uszkodzeniu lub odkszta\u0142ceniu na skutek transportu lub przechowywania.<\/li>\n<li>Wyczy\u015b\u0107 powierzchni\u0119 monta\u017cow\u0105 i gwintowany koniec cylindra ramienia, aby zapewni\u0107 szczelne i niezawodne po\u0142\u0105czenie.<\/li>\n<li>Zamontuj cylinder ramienia \u015bci\u015ble wed\u0142ug kierunku wskazanego strza\u0142k\u0105 i unikaj rozbie\u017cno\u015bci.<\/li>\n<li>Podczas monta\u017cu nie nale\u017cy przekracza\u0107 okre\u015blonego momentu dokr\u0119cania, aby zapobiec uszkodzeniu gwintowanego ko\u0144ca cylindra.<\/li>\n<\/ul>\n<p><img decoding=\"async\" src=\"https:\/\/www.hydraulic-cylinders.net\/wp-content\/uploads\/2025\/01\/songte-bushings-with-all-kinds-of-excavator-models.webp\"><\/p>\n<h3>Zagadnienia bezpiecze\u0144stwa i czynniki \u015brodowiskowe<\/h3>\n<p>Podczas u\u017cytkowania si\u0142ownik\u00f3w ramieniowych bezpiecze\u0144stwo powinno by\u0107 zawsze priorytetem. Nale\u017cy zainstalowa\u0107 urz\u0105dzenia zabezpieczaj\u0105ce, takie jak zabezpieczenia przeci\u0105\u017ceniowe i zawory bezpiecze\u0144stwa, aby zapobiec wypadkom spowodowanym nadmiernym ci\u015bnieniem lub obci\u0105\u017ceniem. Ponadto, aby unikn\u0105\u0107 uszkodzenia si\u0142ownik\u00f3w ramieniowych, nale\u017cy uwzgl\u0119dni\u0107 czynniki \u015brodowiskowe, takie jak temperatura, wilgotno\u015b\u0107 i korozja.<\/p>\n<h3>Rozwi\u0105zywanie problem\u00f3w i typowe problemy<\/h3>\n<ul>\n<li>Wyciek oleju: Sprawd\u017a elementy uszczelniaj\u0105ce, takie jak uszczelki t\u0142oka i uszczelki t\u0142oczyska, i w razie potrzeby wymie\u0144 je.<\/li>\n<li>Nietypowy ha\u0142as: Sprawd\u017a, czy korpus cylindra lub t\u0142oczysko nie uleg\u0142y uszkodzeniu lub odkszta\u0142ceniu i wykonaj odpowiednie czynno\u015bci konserwacyjne.<\/li>\n<li>Powolna lub niestabilna praca: Sprawd\u017a uk\u0142ad hydrauliczny pod k\u0105tem zanieczyszcze\u0144 i niewystarczaj\u0105cego smarowania. W razie konieczno\u015bci wyreguluj lub wymie\u0144 filtr oleju i olej hydrauliczny.<\/li>\n<\/ul>\n<p>Aby zapewni\u0107 bezpieczn\u0105 i niezawodn\u0105 prac\u0119 cylindr\u00f3w ramienia, wa\u017cne jest szybkie i skuteczne diagnozowanie i rozwi\u0105zywanie problem\u00f3w.<\/p>\n<p><img decoding=\"async\" src=\"https:\/\/www.hydraulic-cylinders.net\/wp-content\/uploads\/2025\/01\/songte-chushion-collar.webp\"><\/p>\n<h3>O nas<\/h3>\n<p>Jeste\u015bmy profesjonalnym producentem zamiennych cylindr\u00f3w hydraulicznych, oferuj\u0105cym szerok\u0105 gam\u0119 produkt\u00f3w, a tak\u017ce wiod\u0105cym producentem i hurtowym dystrybutorem cylindr\u00f3w hydraulicznych na rynku krajowym i zagranicznym. Zawsze przestrzegamy zasady doskona\u0142ej jako\u015bci, opieraj\u0105c si\u0119 na strategii zarz\u0105dzania produkcj\u0105 industrializowan\u0105 w nowoczesnym zak\u0142adzie produkcyjnym, aby stale podnosi\u0107 poziom technologiczny i wydajno\u015b\u0107 produkcji. Wprowadzaj\u0105c wysokiej klasy cyfrowy sprz\u0119t produkcyjny i profesjonalne systemy testowe, stale optymalizujemy platform\u0119 produkcyjn\u0105, usprawniamy proces kontroli jako\u015bci produkt\u00f3w i dysponujemy silnym potencja\u0142em innowacyjnym. Naszym celem jest zaspokojenie zr\u00f3\u017cnicowanych potrzeb klient\u00f3w, kieruj\u0105c si\u0119 zasadami wysokiej wydajno\u015bci, precyzji i jako\u015bci.<\/p>\n<ul>\n<li><strong>Profesjonalizm:<\/strong> Nasz zesp\u00f3\u0142 sk\u0142ada si\u0119 z do\u015bwiadczonych in\u017cynier\u00f3w i technik\u00f3w, kt\u00f3rzy s\u0105 zobowi\u0105zani do zapewnienia klientom profesjonalnych i skutecznych us\u0142ug.<\/li>\n<li><strong>Certyfikacja mi\u0119dzynarodowa:<\/strong> Nasze produkty uzyska\u0142y certyfikat systemu zarz\u0105dzania jako\u015bci\u0105 ISO9001 i ciesz\u0105 si\u0119 szerokim uznaniem klient\u00f3w na ca\u0142ym \u015bwiecie.<\/li>\n<li><strong>Us\u0142ugi dostosowywania:<\/strong> Oferujemy us\u0142ugi dostosowane do konkretnych potrzeb klient\u00f3w, np. rozmiaru produktu, ci\u015bnienia i miejsca instalacji.<\/li>\n<li><strong>Sprz\u0119t produkcyjny:<\/strong> Posiadamy zaawansowany sprz\u0119t produkcyjny, taki jak centra obr\u00f3bcze CNC, urz\u0105dzenia do testowania cylindr\u00f3w hydraulicznych i automatyczne urz\u0105dzenia spawalnicze, co gwarantuje wysok\u0105 jako\u015b\u0107 naszych produkt\u00f3w.<\/li>\n<li><strong>Serwis posprzeda\u017cowy:<\/strong> Zapewniamy kompleksow\u0105 obs\u0142ug\u0119 posprzeda\u017cow\u0105, obejmuj\u0105c\u0105 instalacj\u0119 produktu, wsparcie techniczne i konsultacje konserwacyjne, aby zagwarantowa\u0107 satysfakcj\u0119 klienta.<\/li>\n<\/ul>\n<p><img decoding=\"async\" src=\"https:\/\/www.hydraulic-cylinders.net\/wp-content\/uploads\/2025\/01\/songte-company-4.webp\"><br \/>\n<img decoding=\"async\" src=\"https:\/\/www.hydraulic-cylinders.net\/wp-content\/uploads\/2025\/01\/songte-company-3.webp\"><\/p>\n<p>Autor: lyl<\/p>","protected":false},"excerpt":{"rendered":"<p>Arm Cylinder For SGZG SD25B Definition and Explanation Arm cylinder is a specially designed hydraulic cylinder that is primarily used to provide linear motion and power to the arms of various machinery such as excavators, cranes, and robotic arms. Arm cylinders play a critical role in hydraulic systems, enabling the effective movement and control of [&hellip;]<\/p>","protected":false},"featured_media":14786,"comment_status":"open","ping_status":"closed","template":"","meta":{"_et_pb_use_builder":"","_et_pb_old_content":"","_et_gb_content_width":""},"product_brand":[],"product_cat":[1497],"product_tag":[1498,1496],"class_list":{"0":"post-16717","1":"product","2":"type-product","3":"status-publish","4":"has-post-thumbnail","6":"product_cat-arm-cylinders","7":"product_tag-arm-cylinders","8":"product_tag-hydraulic-cylinders","10":"first","11":"instock","12":"shipping-taxable","13":"product-type-simple"},"amp_enabled":true,"_links":{"self":[{"href":"https:\/\/www.hydraulic-cylinders.net\/pl\/wp-json\/wp\/v2\/product\/16717","targetHints":{"allow":["GET"]}}],"collection":[{"href":"https:\/\/www.hydraulic-cylinders.net\/pl\/wp-json\/wp\/v2\/product"}],"about":[{"href":"https:\/\/www.hydraulic-cylinders.net\/pl\/wp-json\/wp\/v2\/types\/product"}],"replies":[{"embeddable":true,"href":"https:\/\/www.hydraulic-cylinders.net\/pl\/wp-json\/wp\/v2\/comments?post=16717"}],"wp:featuredmedia":[{"embeddable":true,"href":"https:\/\/www.hydraulic-cylinders.net\/pl\/wp-json\/wp\/v2\/media\/14786"}],"wp:attachment":[{"href":"https:\/\/www.hydraulic-cylinders.net\/pl\/wp-json\/wp\/v2\/media?parent=16717"}],"wp:term":[{"taxonomy":"product_brand","embeddable":true,"href":"https:\/\/www.hydraulic-cylinders.net\/pl\/wp-json\/wp\/v2\/product_brand?post=16717"},{"taxonomy":"product_cat","embeddable":true,"href":"https:\/\/www.hydraulic-cylinders.net\/pl\/wp-json\/wp\/v2\/product_cat?post=16717"},{"taxonomy":"product_tag","embeddable":true,"href":"https:\/\/www.hydraulic-cylinders.net\/pl\/wp-json\/wp\/v2\/product_tag?post=16717"}],"curies":[{"name":"wp","href":"https:\/\/api.w.org\/{rel}","templated":true}]}}