{"id":16719,"date":"2025-01-21T05:49:22","date_gmt":"2025-01-21T05:49:22","guid":{"rendered":"https:\/\/www.hydraulic-cylinders.net\/product\/arm-cylinder-for-sgzg-sd30-9b\/"},"modified":"2025-01-21T05:49:24","modified_gmt":"2025-01-21T05:49:24","slug":"arm-cylinder-for-sgzg-sd30-9b","status":"publish","type":"product","link":"https:\/\/www.hydraulic-cylinders.net\/pl\/produkt\/arm-cylinder-for-sgzg-sd30-9b\/","title":{"rendered":"Si\u0142ownik ramienia do SGZG SD30-9B"},"content":{"rendered":"<h1>Si\u0142ownik ramienia do SGZG SD30-9B<\/h1>\n<p>Si\u0142ownik ramienia to specjalnie zaprojektowany si\u0142ownik hydrauliczny, kt\u00f3ry zapewnia ruch liniowy i zasilanie ramienia r\u00f3\u017cnego rodzaju maszyn, takich jak koparki, d\u017awigi i ramiona robotyczne. Si\u0142owniki ramienia odgrywaj\u0105 kluczow\u0105 rol\u0119 w uk\u0142adach hydraulicznych, umo\u017cliwiaj\u0105c efektywny ruch i sterowanie dodatkowymi narz\u0119dziami lub osprz\u0119tem. Si\u0142owniki te nie tylko zapewniaj\u0105 p\u0142ynny ruch, ale tak\u017ce wytrzymuj\u0105 du\u017ce obci\u0105\u017cenia, gwarantuj\u0105c wydajn\u0105 prac\u0119 i niezawodno\u015b\u0107 maszyn w r\u00f3\u017cnych warunkach pracy.<\/p>\n<h2>Definicja i wyja\u015bnienie<\/h2>\n<p>Si\u0142ownik ramienia to si\u0142ownik hydrauliczny zaprojektowany do zapewnienia ruchu liniowego i zasilania ramienia r\u00f3\u017cnych maszyn, takich jak koparki, d\u017awigi i ramiona robot\u00f3w. Odgrywa kluczow\u0105 rol\u0119 w uk\u0142adach hydraulicznych, umo\u017cliwiaj\u0105c efektywny ruch i sterowanie dodatkowymi narz\u0119dziami lub osprz\u0119tem. Si\u0142owniki te charakteryzuj\u0105 si\u0119 p\u0142ynnym ruchem i wytrzymuj\u0105 du\u017ce obci\u0105\u017cenia, zapewniaj\u0105c wydajn\u0105 prac\u0119 i niezawodno\u015b\u0107 maszyn w r\u00f3\u017cnych warunkach pracy.<\/p>\n<p><img decoding=\"async\" src=\"https:\/\/www.hydraulic-cylinders.net\/wp-content\/uploads\/2025\/01\/songte-company-2.webp\"><\/p>\n<h2>Cechy cylindra ramienia do SGZG SD30-9B<\/h2>\n<ul>\n<li>Wysokowydajne przenoszenie mocy: Cylinder ramienia zapewnia mocny ruch liniowy i si\u0142\u0119, gwarantuj\u0105c wydajn\u0105 prac\u0119 ramienia robota podczas wykonywania r\u00f3\u017cnych zada\u0144.<\/li>\n<li>Precyzyjna kontrola: Dzi\u0119ki uk\u0142adowi hydraulicznemu si\u0142ownik ramienia umo\u017cliwia precyzyjn\u0105 kontrol\u0119 ruchu, co sprawia, \u017ce \u200b\u200bobs\u0142uga dodatkowych narz\u0119dzi jest bardziej elastyczna i dok\u0142adna.<\/li>\n<li>Trwa\u0142o\u015b\u0107: Cylindry ramienia s\u0105 zazwyczaj wykonane z materia\u0142\u00f3w o wysokiej wytrzyma\u0142o\u015bci, zapewniaj\u0105cych doskona\u0142\u0105 odporno\u015b\u0107 na zu\u017cycie i korozj\u0119, dzi\u0119ki czemu nadaj\u0105 si\u0119 do d\u0142ugotrwa\u0142ego u\u017cytkowania w trudnych warunkach.<\/li>\n<li>Wielofunkcyjna adaptowalno\u015b\u0107: Cylindry te mo\u017cna szeroko stosowa\u0107 w r\u00f3\u017cnych maszynach, takich jak koparki, d\u017awigi i ramiona robotyczne, spe\u0142niaj\u0105c r\u00f3\u017cne wymagania robocze.<\/li>\n<li>\u0141atwa konserwacja: Konstrukcja cylindra ramienia uwzgl\u0119dnia \u0142atwo\u015b\u0107 konserwacji i wymiany, dzi\u0119ki czemu regularne kontrole i konserwacje s\u0105 wygodniejsze, a przestoje sprz\u0119tu kr\u00f3tsze.<\/li>\n<\/ul>\n<p><img decoding=\"async\" src=\"https:\/\/www.hydraulic-cylinders.net\/wp-content\/uploads\/2025\/01\/songte-oil-pipes-and-spare-parts.webp\"><\/p>\n<h2>Zastosowania si\u0142ownika ramienia do SGZG SD30-9B<\/h2>\n<p>Cylindry ramieniowe znajduj\u0105 zastosowanie w r\u00f3\u017cnych ga\u0142\u0119ziach przemys\u0142u i sektorach, w tym:<\/p>\n<ol>\n<li>In\u017cynieria budowlana: W koparkach i d\u017awigach si\u0142owniki ramieniowe s\u0142u\u017c\u0105 do sterowania ruchem \u0142y\u017cek lub wysi\u0119gnik\u00f3w podczas prac ziemnych, przenoszenia materia\u0142\u00f3w i instalacji konstrukcyjnych.<\/li>\n<li>Przemys\u0142 wytw\u00f3rczy: W zautomatyzowanych liniach produkcyjnych do poruszania ramionami robot\u00f3w stosuje si\u0119 cylindry ramieniowe, u\u0142atwiaj\u0105ce monta\u017c, spawanie i obs\u0142ug\u0119 materia\u0142\u00f3w, co zwi\u0119ksza wydajno\u015b\u0107 i dok\u0142adno\u015b\u0107 produkcji.<\/li>\n<li>Maszyny rolnicze: W sprz\u0119cie rolniczym, takim jak kombajny i siewniki, si\u0142owniki ramion steruj\u0105 ruchem ramion roboczych, wykonuj\u0105c zadania takie jak siew, nawo\u017cenie i zbi\u00f3r.<\/li>\n<li>G\u00f3rnictwo: W sprz\u0119cie g\u00f3rniczym cylindry ramieniowe s\u0142u\u017c\u0105 do sterowania ruchem ramion urz\u0105dze\u0144 g\u00f3rniczych, umo\u017cliwiaj\u0105c wydobycie i transport minera\u0142\u00f3w.<\/li>\n<li>Logistyka i transport: W w\u00f3zkach wid\u0142owych i robotach prze\u0142adunkowych si\u0142owniki ramieniowe s\u0142u\u017c\u0105 do sterowania podnoszeniem i ruchem wide\u0142, u\u0142atwiaj\u0105c przenoszenie materia\u0142\u00f3w i ich uk\u0142adanie.<\/li>\n<\/ol>\n<h2>Zagadnienia projektowe i kryteria wyboru<\/h2>\n<p>Je\u015bli chodzi o kwestie projektowe i kryteria doboru cylindr\u00f3w ramieniowych, nale\u017cy wzi\u0105\u0107 pod uwag\u0119 kilka kluczowych aspekt\u00f3w:<\/p>\n<ol>\n<li>No\u015bno\u015b\u0107: Cylinder ramienia powinien by\u0107 zaprojektowany w taki spos\u00f3b, aby wytrzymywa\u0142 spodziewane obci\u0105\u017cenia, bez uszczerbku dla wydajno\u015bci i bezpiecze\u0144stwa.<\/li>\n<li>Uszczelnienie: Aby zapewni\u0107 skuteczne uszczelnienie i zapobiec przeciekom, nale\u017cy stosowa\u0107 r\u00f3\u017cne uszczelki, takie jak uszczelki t\u0142okowe i uszczelki t\u0142oczyskowe wykonane z trwa\u0142ych materia\u0142\u00f3w, np. poliuretanu lub kauczuku nitrylowego.<\/li>\n<li>Trwa\u0142o\u015b\u0107: Korpus cylindra i gwintowane ko\u0144c\u00f3wki powinny zosta\u0107 poddane precyzyjnej obr\u00f3bce w celu zwi\u0119kszenia odporno\u015bci na zu\u017cycie, co zapewni d\u0142ugotrwa\u0142\u0105 wydajno\u015b\u0107.<\/li>\n<li>Bezpiecze\u0144stwo: Cylindry ramieniowe powinny by\u0107 zaprojektowane z uwzgl\u0119dnieniem zabezpiecze\u0144, takich jak zawory bezpiecze\u0144stwa, aby zapobiec przeci\u0105\u017ceniu i zagwarantowa\u0107 bezpieczn\u0105 prac\u0119.<\/li>\n<li>Konserwacja: Aby zapewni\u0107 optymaln\u0105 wydajno\u015b\u0107 i trwa\u0142o\u015b\u0107 cylindra ramienia, zaleca si\u0119 regularne kontrole i dzia\u0142ania konserwacyjne.<\/li>\n<\/ol>\n<p><img decoding=\"async\" src=\"https:\/\/www.hydraulic-cylinders.net\/wp-content\/uploads\/2025\/01\/songte-cylinder-head-with-all-kinds-excavator-models.webp\"><\/p>\n<h2>Uszczelnienie i smarowanie si\u0142ownika ramienia SGZG SD30-9B<\/h2>\n<p>Si\u0142ownik ramienia wykorzystuje r\u00f3\u017cne elementy uszczelniaj\u0105ce, takie jak uszczelnienia t\u0142oka i t\u0142oczyska. Uszczelnienia te wykonane s\u0105 z materia\u0142\u00f3w odpornych na zu\u017cycie, takich jak poliuretan i kauczuk nitrylowy. Korpus si\u0142ownika i gwintowane ko\u0144c\u00f3wki poddawane s\u0105 precyzyjnej obr\u00f3bce w celu zwi\u0119kszenia odporno\u015bci na zu\u017cycie. Regularne smarowanie odpowiedni\u0105 ilo\u015bci\u0105 oleju hydraulicznego jest niezb\u0119dne dla zapewnienia p\u0142ynnej pracy i d\u0142ugiej \u017cywotno\u015bci.<\/p>\n<h2>Regularne kontrole i konserwacja zapobiegawcza<\/h2>\n<p>Aby zapewni\u0107 optymaln\u0105 wydajno\u015b\u0107 i trwa\u0142o\u015b\u0107 cylindra ramienia, zaleca si\u0119 regularne przeprowadzanie nast\u0119puj\u0105cych czynno\u015bci kontrolnych i konserwacyjnych:<\/p>\n<ol>\n<li>Sprawd\u017a cylinder pod k\u0105tem uszkodze\u0144 i \u015blad\u00f3w zu\u017cycia.<\/li>\n<li>Sprawd\u017a uszczelki i w razie potrzeby wymie\u0144 je.<\/li>\n<li>Sprawd\u017a, czy wszystkie po\u0142\u0105czenia i okucia s\u0105 dobrze dokr\u0119cone i bezpieczne.<\/li>\n<li>Wyczy\u015b\u0107 cylinder i usu\u0144 wszelkie zabrudzenia i zanieczyszczenia.<\/li>\n<li>Regularnie smaruj cylinder zalecanym olejem hydraulicznym.<\/li>\n<\/ol>\n<p><img decoding=\"async\" src=\"https:\/\/www.hydraulic-cylinders.net\/wp-content\/uploads\/2025\/01\/songte-chushion-collar.webp\"><\/p>\n<h2>Instrukcja instalacji produktu<\/h2>\n<p>Prawid\u0142owy monta\u017c si\u0142ownika ramienia ma kluczowe znaczenie dla jego optymalnej pracy. Aby wykona\u0107 prawid\u0142owy monta\u017c, wykonaj nast\u0119puj\u0105ce kroki:<\/p>\n<ol>\n<li>Upewnij si\u0119, \u017ce urz\u0105dzenie jest wy\u0142\u0105czone i ca\u0142e ci\u015bnienie hydrauliczne zosta\u0142o uwolnione.<\/li>\n<li>Wyjmij stary cylinder, je\u015bli dotyczy.<\/li>\n<li>Sprawd\u017a powierzchnie monta\u017cowe i dok\u0142adnie je wyczy\u015b\u0107.<\/li>\n<li>Nanie\u015b\u0107 cienk\u0105 warstw\u0119 oleju hydraulicznego na t\u0142oczysko i uszczelki cylindra.<\/li>\n<li>Wyr\u00f3wnaj cylinder z otworami monta\u017cowymi i zamocuj go na miejscu przy u\u017cyciu odpowiednich element\u00f3w mocuj\u0105cych.<\/li>\n<li>Dokr\u0119\u0107 wszystkie po\u0142\u0105czenia, ale unikaj ich nadmiernego dokr\u0119cania.<\/li>\n<li>Przed wznowieniem normalnego u\u017cytkowania sprz\u0119tu nale\u017cy sprawdzi\u0107, czy cylinder dzia\u0142a prawid\u0142owo.<\/li>\n<\/ol>\n<p><img decoding=\"async\" src=\"https:\/\/www.hydraulic-cylinders.net\/wp-content\/uploads\/2025\/01\/songte-bushings-with-all-kinds-of-excavator-models.webp\"><\/p>\n<h2>Zagadnienia bezpiecze\u0144stwa i czynniki \u015brodowiskowe<\/h2>\n<p>Podczas pracy z si\u0142ownikami ramieniowymi \u015brodki bezpiecze\u0144stwa s\u0105 niezb\u0119dne, aby zapobiec wypadkom i zapewni\u0107 bezpiecze\u0144stwo operatorom. Przestrzeganie zasad bezpiecze\u0144stwa, takich jak noszenie odpowiedniego sprz\u0119tu ochronnego i przestrzeganie instrukcji obs\u0142ugi, jest niezwykle istotne. Nale\u017cy r\u00f3wnie\u017c uwzgl\u0119dni\u0107 czynniki \u015brodowiskowe i wdro\u017cy\u0107 odpowiednie \u015brodki utylizacji odpad\u00f3w, aby zminimalizowa\u0107 negatywny wp\u0142yw na \u015brodowisko.<\/p>\n<h2>Rozwi\u0105zywanie problem\u00f3w i typowe problemy<\/h2>\n<p>Cylindry ramienia mog\u0105 napotyka\u0107 pewne problemy, kt\u00f3re mog\u0105 wp\u0142ywa\u0107 na ich dzia\u0142anie. Oto kilka typowych problem\u00f3w:<\/p>\n<ol>\n<li>Wyciek: Sprawd\u017a, czy uszczelki nie s\u0105 uszkodzone lub czy po\u0142\u0105czenia nie s\u0105 lu\u017ane; wymie\u0144 je lub dokr\u0119\u0107.<\/li>\n<li>Powolny lub nieregularny ruch: Sprawd\u017a uk\u0142ad hydrauliczny pod k\u0105tem niskiego poziomu p\u0142ynu lub zatkanych filtr\u00f3w i w razie potrzeby rozwi\u0105\u017c problem.<\/li>\n<li>Nadmierny ha\u0142as lub wibracje: Mo\u017ce to wskazywa\u0107 na niewsp\u00f3\u0142osiowo\u015b\u0107 lub zu\u017cycie podzespo\u0142\u00f3w. Sprawd\u017a i wyreguluj lub wymie\u0144 uszkodzone cz\u0119\u015bci.<\/li>\n<li>Niewystarczaj\u0105ca moc: Sprawd\u017a uk\u0142ad hydrauliczny pod k\u0105tem ewentualnych ogranicze\u0144 lub blokad, kt\u00f3re mog\u0105 mie\u0107 wp\u0142yw na dzia\u0142anie si\u0142ownika ramienia.<\/li>\n<li>Przegrzanie: Upewnij si\u0119, \u017ce uk\u0142ad hydrauliczny jest odpowiednio ch\u0142odzony i \u017ce poziom p\u0142ynu oraz jego lepko\u015b\u0107 mieszcz\u0105 si\u0119 w zalecanym zakresie.<\/li>\n<\/ol>\n<p>Aby rozwi\u0105za\u0107 te problemy i znale\u017a\u0107 rozwi\u0105zanie, nale\u017cy zapozna\u0107 si\u0119 z instrukcj\u0105 producenta lub zwr\u00f3ci\u0107 si\u0119 o pomoc do specjalisty.<\/p>\n<p><img decoding=\"async\" src=\"https:\/\/www.hydraulic-cylinders.net\/wp-content\/uploads\/2025\/01\/songte-chushion-collar.webp\"><\/p>\n<h2>Wniosek<\/h2>\n<p>Podsumowuj\u0105c, jeste\u015bmy profesjonalnym producentem zamiennych si\u0142ownik\u00f3w hydraulicznych, oferuj\u0105cym szerok\u0105 gam\u0119 produkt\u00f3w. Stali\u015bmy si\u0119 jednym z wiod\u0105cych producent\u00f3w i dystrybutor\u00f3w hurtowych na rynku krajowym i mi\u0119dzynarodowym. D\u0105\u017c\u0105c do doskona\u0142o\u015bci, stale doskonalimy nasze mo\u017cliwo\u015bci technologiczne i wydajno\u015b\u0107 produkcji. Wykorzystuj\u0105c zaawansowany sprz\u0119t do produkcji cyfrowej i profesjonalne systemy testowe, optymalizujemy nasz\u0105 platform\u0119 produkcyjn\u0105 i usprawniamy procesy kontroli jako\u015bci produkt\u00f3w. Naszym celem jest zaspokojenie zr\u00f3\u017cnicowanych potrzeb klient\u00f3w poprzez wysok\u0105 wydajno\u015b\u0107, precyzj\u0119 i wysok\u0105 jako\u015b\u0107 produkt\u00f3w.<\/p>\n<h3>O nas<\/h3>\n<p>Jeste\u015bmy profesjonalnym producentem specjalizuj\u0105cym si\u0119 w produkcji cylindr\u00f3w hydraulicznych. Dzi\u0119ki szerokiej ofercie produkt\u00f3w stali\u015bmy si\u0119 jednym z wiod\u0105cych producent\u00f3w i hurtowych dystrybutor\u00f3w cylindr\u00f3w hydraulicznych w kraju i za granic\u0105.<\/p>","protected":false},"excerpt":{"rendered":"<p>Arm Cylinder For SGZG SD30-9B Arm Cylinder is a specially designed hydraulic cylinder that is used to provide linear motion and power to the arm of various types of machinery, such as excavators, cranes, and robotic arms. The arm cylinders play a crucial role in hydraulic systems, enabling the effective movement and control of additional [&hellip;]<\/p>","protected":false},"featured_media":14779,"comment_status":"open","ping_status":"closed","template":"","meta":{"_et_pb_use_builder":"","_et_pb_old_content":"","_et_gb_content_width":""},"product_brand":[],"product_cat":[1497],"product_tag":[1498,1496],"class_list":{"0":"post-16719","1":"product","2":"type-product","3":"status-publish","4":"has-post-thumbnail","6":"product_cat-arm-cylinders","7":"product_tag-arm-cylinders","8":"product_tag-hydraulic-cylinders","10":"first","11":"instock","12":"shipping-taxable","13":"product-type-simple"},"amp_enabled":true,"_links":{"self":[{"href":"https:\/\/www.hydraulic-cylinders.net\/pl\/wp-json\/wp\/v2\/product\/16719","targetHints":{"allow":["GET"]}}],"collection":[{"href":"https:\/\/www.hydraulic-cylinders.net\/pl\/wp-json\/wp\/v2\/product"}],"about":[{"href":"https:\/\/www.hydraulic-cylinders.net\/pl\/wp-json\/wp\/v2\/types\/product"}],"replies":[{"embeddable":true,"href":"https:\/\/www.hydraulic-cylinders.net\/pl\/wp-json\/wp\/v2\/comments?post=16719"}],"wp:featuredmedia":[{"embeddable":true,"href":"https:\/\/www.hydraulic-cylinders.net\/pl\/wp-json\/wp\/v2\/media\/14779"}],"wp:attachment":[{"href":"https:\/\/www.hydraulic-cylinders.net\/pl\/wp-json\/wp\/v2\/media?parent=16719"}],"wp:term":[{"taxonomy":"product_brand","embeddable":true,"href":"https:\/\/www.hydraulic-cylinders.net\/pl\/wp-json\/wp\/v2\/product_brand?post=16719"},{"taxonomy":"product_cat","embeddable":true,"href":"https:\/\/www.hydraulic-cylinders.net\/pl\/wp-json\/wp\/v2\/product_cat?post=16719"},{"taxonomy":"product_tag","embeddable":true,"href":"https:\/\/www.hydraulic-cylinders.net\/pl\/wp-json\/wp\/v2\/product_tag?post=16719"}],"curies":[{"name":"wp","href":"https:\/\/api.w.org\/{rel}","templated":true}]}}