{"id":16723,"date":"2025-01-21T05:49:38","date_gmt":"2025-01-21T05:49:38","guid":{"rendered":"https:\/\/www.hydraulic-cylinders.net\/product\/arm-cylinder-for-carter-ct60-8a-8b\/"},"modified":"2025-01-21T05:49:40","modified_gmt":"2025-01-21T05:49:40","slug":"arm-cylinder-for-carter-ct60-8a-8b","status":"publish","type":"product","link":"https:\/\/www.hydraulic-cylinders.net\/pl\/produkt\/arm-cylinder-for-carter-ct60-8a-8b\/","title":{"rendered":"Si\u0142ownik ramienia do Carter CT60-8A-8B"},"content":{"rendered":"<h2>Si\u0142ownik ramienia do Carter CT60-8A-8B<\/h2>\n<p>Si\u0142ownik ramienia to specjalnie zaprojektowany si\u0142ownik hydrauliczny, kt\u00f3ry s\u0142u\u017cy g\u0142\u00f3wnie do zapewnienia ruchu liniowego i zasilania ramienia r\u00f3\u017cnego rodzaju maszyn, takich jak koparki, d\u017awigi i ramiona robotyczne. Si\u0142ownik ramienia odgrywa kluczow\u0105 rol\u0119 w uk\u0142adach hydraulicznych, umo\u017cliwiaj\u0105c efektywny ruch i sterowanie dodatkowymi narz\u0119dziami lub osprz\u0119tem. Si\u0142owniki te nie tylko zapewniaj\u0105 p\u0142ynny ruch, ale tak\u017ce wytrzymuj\u0105 du\u017ce obci\u0105\u017cenia, zapewniaj\u0105c wydajn\u0105 prac\u0119 i niezawodno\u015b\u0107 maszyn w r\u00f3\u017cnych warunkach pracy.<\/p>\n<p><img decoding=\"async\" src=\"https:\/\/www.hydraulic-cylinders.net\/wp-content\/uploads\/2025\/01\/songte-company-2.webp\" alt=\"Obraz cylindra ramienia\"><\/p>\n<h2>Cechy si\u0142ownika ramienia do Carter CT60-8A-8B<\/h2>\n<ul>\n<li><strong>Wysoka wydajno\u015b\u0107 transmisji:<\/strong> Cylinder ramienia zapewnia mocny ruch liniowy i si\u0142\u0119, gwarantuj\u0105c wysok\u0105 wydajno\u015b\u0107 ramienia robota w r\u00f3\u017cnych operacjach.<\/li>\n<li><strong>Precyzyjna kontrola:<\/strong> Dzi\u0119ki uk\u0142adowi hydraulicznemu si\u0142ownik ramienia umo\u017cliwia precyzyjn\u0105 kontrol\u0119 ruchu, co sprawia, \u017ce \u200b\u200bobs\u0142uga dodatkowych narz\u0119dzi jest bardziej elastyczna i dok\u0142adna.<\/li>\n<li><strong>Trwa\u0142o\u015b\u0107:<\/strong> Cylindry ramienia s\u0105 zazwyczaj produkowane z materia\u0142\u00f3w o wysokiej wytrzyma\u0142o\u015bci i charakteryzuj\u0105 si\u0119 doskona\u0142\u0105 odporno\u015bci\u0105 na zu\u017cycie i korozj\u0119, co sprawia, \u017ce \u200b\u200bnadaj\u0105 si\u0119 do d\u0142ugotrwa\u0142ego u\u017cytkowania w trudnych warunkach.<\/li>\n<li><strong>Wielofunkcyjna adaptowalno\u015b\u0107:<\/strong> Cylindry te mo\u017cna powszechnie stosowa\u0107 w r\u00f3\u017cnych typach maszyn, takich jak koparki, d\u017awigi i ramiona robotyczne, kt\u00f3re odpowiadaj\u0105 r\u00f3\u017cnorodnym wymaganiom roboczym.<\/li>\n<li><strong>\u0141atwa konserwacja:<\/strong> Konstrukcja uwzgl\u0119dniaj\u0105ca \u0142atw\u0105 konserwacj\u0119 i wymian\u0119 sprawia, \u017ce \u200b\u200bregularne kontrole i konserwacja s\u0105 wygodniejsze, co ogranicza przestoje sprz\u0119tu.<\/li>\n<\/ul>\n<p><img decoding=\"async\" src=\"https:\/\/www.hydraulic-cylinders.net\/wp-content\/uploads\/2025\/01\/songte-oil-pipes-and-spare-parts.webp\" alt=\"Obraz cz\u0119\u015bci zamiennych cylindra ramienia\"><\/p>\n<h2>Zastosowania si\u0142ownika ramienia dla Carter CT60-8A-8B<\/h2>\n<p>Si\u0142ownik ramieniowy znajduje zastosowanie w r\u00f3\u017cnych ga\u0142\u0119ziach przemys\u0142u:<\/p>\n<ol>\n<li><strong>In\u017cynieria budowlana:<\/strong> W koparkach i d\u017awigach si\u0142ownik ramienia steruje ruchem \u0142y\u017cki lub wysi\u0119gnika podczas rob\u00f3t ziemnych, przenoszenia materia\u0142\u00f3w i instalacji konstrukcyjnych.<\/li>\n<li><strong>Produkcja:<\/strong> W zautomatyzowanych liniach produkcyjnych si\u0142ownik ramienia jest stosowany do poruszania ramionami robota w procesach monta\u017cu, spawania i obs\u0142ugi materia\u0142\u00f3w, co zwi\u0119ksza wydajno\u015b\u0107 i precyzj\u0119 produkcji.<\/li>\n<li><strong>Maszyny rolnicze:<\/strong> W sprz\u0119cie rolniczym, takim jak kombajny i siewniki, si\u0142ownik ramienia steruje ruchem ramion roboczych podczas wykonywania takich zada\u0144, jak siew, nawo\u017cenie i zbi\u00f3r.<\/li>\n<li><strong>G\u00f3rnictwo:<\/strong> W sprz\u0119cie g\u00f3rniczym si\u0142ownik ramienia steruje ruchem ramienia maszyn g\u00f3rniczych s\u0142u\u017c\u0105cych do wydobywania i transportu rudy.<\/li>\n<li><strong>Logistyka i transport:<\/strong> W w\u00f3zkach wid\u0142owych i robotach prze\u0142adunkowych si\u0142ownik ramienia steruje podnoszeniem i ruchem wide\u0142, umo\u017cliwiaj\u0105c przenoszenie i uk\u0142adanie materia\u0142\u00f3w.<\/li>\n<\/ol>\n<h2>Zagadnienia projektowe i kryteria wyboru<\/h2>\n<p>Przy rozwa\u017caniach projektowych i kryteriach wyboru cylindr\u00f3w ramieniowych nale\u017cy wzi\u0105\u0107 pod uwag\u0119 kilka kluczowych czynnik\u00f3w:<\/p>\n<ol>\n<li><strong>No\u015bno\u015b\u0107:<\/strong> Cylinder ramienia powinien by\u0107 zaprojektowany tak, aby wytrzyma\u0142 za\u0142o\u017cone obci\u0105\u017cenie, co zapewni bezpieczn\u0105 i niezawodn\u0105 prac\u0119.<\/li>\n<li><strong>Opiecz\u0119towanie:<\/strong> Nale\u017cy stosowa\u0107 r\u00f3\u017cne elementy uszczelniaj\u0105ce, takie jak uszczelnienia t\u0142oka i t\u0142oczyska. Uszczelnienia te wykonane s\u0105 z materia\u0142\u00f3w odpornych na zu\u017cycie, takich jak poliuretan i kauczuk nitrylowy. Korpus cylindra i gwintowana powierzchnia ko\u0144cowa powinny zosta\u0107 poddane precyzyjnej obr\u00f3bce w celu zwi\u0119kszenia odporno\u015bci na zu\u017cycie.<\/li>\n<li><strong>Trwa\u0142o\u015b\u0107:<\/strong> Cylinder ramienia powinien by\u0107 wykonany z materia\u0142\u00f3w najwy\u017cszej jako\u015bci, kt\u00f3re charakteryzuj\u0105 si\u0119 doskona\u0142\u0105 trwa\u0142o\u015bci\u0105, gwarantuj\u0105c d\u0142ug\u0105 \u017cywotno\u015b\u0107 nawet w wymagaj\u0105cych warunkach.<\/li>\n<li><strong>Bezpiecze\u0144stwo:<\/strong> Aby zapobiec wypadkom i zapewni\u0107 ochron\u0119 operatora podczas pracy, konstrukcja maszyny powinna uwzgl\u0119dnia\u0107 elementy bezpiecze\u0144stwa.<\/li>\n<li><strong>Utrzymywalno\u015b\u0107:<\/strong> Projekt powinien uwzgl\u0119dnia\u0107 \u0142atwo\u015b\u0107 konserwacji i napraw, umo\u017cliwiaj\u0105c wygodne regularne kontrole i minimalizuj\u0105c przestoje.<\/li>\n<\/ol>\n<p><img decoding=\"async\" src=\"https:\/\/www.hydraulic-cylinders.net\/wp-content\/uploads\/2025\/01\/songte-cylinder-head-with-all-kinds-excavator-models.webp\" alt=\"Obraz element\u00f3w cylindra ramienia\"><\/p>\n<h2>Uszczelnianie i smarowanie<\/h2>\n<p>W celu zapewnienia prawid\u0142owej pracy si\u0142ownika ramienia zastosowano r\u00f3\u017cne elementy uszczelniaj\u0105ce:<\/p>\n<ul>\n<li>Uszczelki t\u0142okowe, uszczelki t\u0142oczyskowe itp. wykonane z materia\u0142\u00f3w odpornych na zu\u017cycie, takich jak poliuretan i kauczuk nitrylowy.<\/li>\n<li>Korpus cylindra i gwintowana powierzchnia ko\u0144cowa s\u0105 poddawane precyzyjnej obr\u00f3bce w celu zwi\u0119kszenia odporno\u015bci na zu\u017cycie.<\/li>\n<li>Aby zapewni\u0107 p\u0142ynn\u0105 prac\u0119, konieczne jest regularne smarowanie odpowiedni\u0105 ilo\u015bci\u0105 oleju hydraulicznego.<\/li>\n<\/ul>\n<h2>Regularne kontrole i konserwacja zapobiegawcza<\/h2>\n<p>Regularne kontrole i dzia\u0142ania konserwacyjne pomagaj\u0105 zapewni\u0107 optymaln\u0105 wydajno\u015b\u0107 i trwa\u0142o\u015b\u0107 si\u0142ownika ramienia:<\/p>\n<ul>\n<li>Sprawd\u017a cylinder pod k\u0105tem uszkodze\u0144, nieszczelno\u015bci lub zu\u017cycia.<\/li>\n<li>Sprawd\u017a stan uszczelki i w razie potrzeby wymie\u0144 j\u0105.<\/li>\n<li>Monitoruj i utrzymuj w\u0142a\u015bciwy poziom i jako\u015b\u0107 p\u0142ynu hydraulicznego.<\/li>\n<li>Dokr\u0119\u0107 wszelkie lu\u017ane po\u0142\u0105czenia.<\/li>\n<li>Nale\u017cy przestrzega\u0107 zalece\u0144 producenta dotycz\u0105cych cz\u0119stotliwo\u015bci i procedur konserwacji.<\/li>\n<\/ul>\n<h2>Instrukcja instalacji produktu<\/h2>\n<p>Prawid\u0142owy monta\u017c cylindra ramienia jest niezb\u0119dny do jego sprawnego dzia\u0142ania:<\/p>\n<ul>\n<li>Upewnij si\u0119, \u017ce powierzchnia monta\u017cowa jest czysta i wolna od zanieczyszcze\u0144.<\/li>\n<li>Nale\u017cy dok\u0142adnie post\u0119powa\u0107 zgodnie z za\u0142\u0105czon\u0105 instrukcj\u0105 instalacji.<\/li>\n<li>Dokr\u0119\u0107 wszystkie elementy mocuj\u0105ce zgodnie z zalecanymi parametrami momentu obrotowego.<\/li>\n<li>Sprawd\u017a, czy podczas procesu instalacji nie wyst\u0119puj\u0105 \u017cadne rozbie\u017cno\u015bci lub zak\u0142\u00f3cenia.<\/li>\n<\/ul>\n<p><img decoding=\"async\" src=\"https:\/\/www.hydraulic-cylinders.net\/wp-content\/uploads\/2025\/01\/songte-bushings-with-all-kinds-of-excavator-models.webp\" alt=\"Obraz tulei cylindra ramienia\"><\/p>\n<h2>Zagadnienia bezpiecze\u0144stwa i czynniki \u015brodowiskowe<\/h2>\n<p>Podczas stosowania cylindr\u00f3w ramieniowych kluczowe jest priorytetowe traktowanie \u015brodk\u00f3w bezpiecze\u0144stwa:<\/p>\n<ul>\n<li>Nale\u017cy przestrzega\u0107 wszystkich wytycznych i przepis\u00f3w bezpiecze\u0144stwa podanych przez producenta.<\/li>\n<li>Zapewnij odpowiednie szkolenie i certyfikacj\u0119 operator\u00f3w.<\/li>\n<li>Regularnie sprawdzaj maszyny i powi\u0105zane z nimi podzespo\u0142y pod k\u0105tem zagro\u017ce\u0144 dla bezpiecze\u0144stwa.<\/li>\n<li>Stosuj si\u0119 do przepis\u00f3w ochrony \u015brodowiska i utylizuj wszelkie odpady i p\u0142yny w odpowiedni spos\u00f3b.<\/li>\n<\/ul>\n<h2>Rozwi\u0105zywanie problem\u00f3w i typowe problemy<\/h2>\n<p>Oto niekt\u00f3re typowe problemy i wskaz\u00f3wki dotycz\u0105ce rozwi\u0105zywania problem\u00f3w dotycz\u0105ce cylindr\u00f3w ramienia:<\/p>\n<ul>\n<li>Je\u015bli cylinder przecieka, sprawd\u017a uszczelki i w razie potrzeby wymie\u0144 je.<\/li>\n<li>Je\u015bli cylinder nie porusza si\u0119 p\u0142ynnie, sprawd\u017a, czy nie ma \u017cadnych przeszk\u00f3d lub czy nie jest \u017ale ustawiony.<\/li>\n<li>Je\u015bli cylinder nie zapewnia wystarczaj\u0105cej si\u0142y, sprawd\u017a ci\u015bnienie p\u0142ynu hydraulicznego i nat\u0119\u017cenie przep\u0142ywu.<\/li>\n<li>Je\u015bli cylinder wydaje nadmierny ha\u0142as, nale\u017cy sprawdzi\u0107, czy nie ma lu\u017anych po\u0142\u0105cze\u0144 lub uszkodzonych element\u00f3w.<\/li>\n<\/ul>\n<p><img decoding=\"async\" src=\"https:\/\/www.hydraulic-cylinders.net\/wp-content\/uploads\/2025\/01\/songte-chushion-collar.webp\" alt=\"Obraz ko\u0142nierza cylindra ramienia\"><\/p>\n<p>Pami\u0119taj, aby artyku\u0142 by\u0142 logicznie uporz\u0105dkowany, u\u017cywaj podtytu\u0142\u00f3w u\u0142atwiaj\u0105cych nawigacj\u0119, uwzgl\u0119dniaj istotne obrazy i wykresy u\u0142atwiaj\u0105ce zrozumienie tekstu oraz zadbaj o przejrzyst\u0105 i zwi\u0119z\u0142\u0105 tre\u015b\u0107, dostosowan\u0105 do potrzeb czytelnik\u00f3w o r\u00f3\u017cnym poziomie wiedzy technicznej.<\/p>\n<h2>O naszej firmie<\/h2>\n<p>Jeste\u015bmy profesjonalnym producentem zamiennych cylindr\u00f3w hydraulicznych, oferuj\u0105cym szerok\u0105 gam\u0119 produkt\u00f3w. Stali\u015bmy si\u0119 jednym z wiod\u0105cych producent\u00f3w i hurtowych dystrybutor\u00f3w cylindr\u00f3w hydraulicznych na rynku krajowym i mi\u0119dzynarodowym. Zawsze kierujemy si\u0119 zasad\u0105 doskona\u0142o\u015bci jako\u015bci i stale podnosimy nasze mo\u017cliwo\u015bci techniczne oraz wydajno\u015b\u0107 produkcji poprzez zindustrializowane zarz\u0105dzanie produkcj\u0105 w naszym zaawansowanym warsztacie produkcyjnym. Wprowadzaj\u0105c zaawansowany cyfrowy sprz\u0119t produkcyjny i profesjonalne systemy testowe, optymalizujemy nasz\u0105 platform\u0119 produkcyjn\u0105 i usprawniamy proces kontroli jako\u015bci produkt\u00f3w, wykazuj\u0105c si\u0119 wysokim potencja\u0142em innowacyjnym. Naszym celem jest zaspokajanie zr\u00f3\u017cnicowanych potrzeb naszych klient\u00f3w poprzez wydajno\u015b\u0107, precyzj\u0119 i wysok\u0105 jako\u015b\u0107 produkt\u00f3w.<\/p>\n<p><img decoding=\"async\" src=\"https:\/\/www.hydraulic-cylinders.net\/wp-content\/uploads\/2025\/01\/songte-company-4.webp\" alt=\"Wizerunek firmy\"><br \/>\n<img decoding=\"async\" src=\"https:\/\/www.hydraulic-cylinders.net\/wp-content\/uploads\/2025\/01\/songte-company-3.webp\" alt=\"Wizerunek firmy\"><\/p>\n<p><em>Autor: lyl<\/em><\/p>","protected":false},"excerpt":{"rendered":"<p>Arm Cylinder For Carter CT60-8A-8B The arm cylinder is a specially designed hydraulic cylinder that is primarily used to provide linear motion and power to the arm of various types of machinery, such as excavators, cranes, and robotic arms. The arm cylinder plays a crucial role in hydraulic systems, enabling the effective movement and control [&hellip;]<\/p>","protected":false},"featured_media":14770,"comment_status":"open","ping_status":"closed","template":"","meta":{"_et_pb_use_builder":"","_et_pb_old_content":"","_et_gb_content_width":""},"product_brand":[],"product_cat":[1497],"product_tag":[1498,1496],"class_list":{"0":"post-16723","1":"product","2":"type-product","3":"status-publish","4":"has-post-thumbnail","6":"product_cat-arm-cylinders","7":"product_tag-arm-cylinders","8":"product_tag-hydraulic-cylinders","10":"first","11":"instock","12":"shipping-taxable","13":"product-type-simple"},"amp_enabled":true,"_links":{"self":[{"href":"https:\/\/www.hydraulic-cylinders.net\/pl\/wp-json\/wp\/v2\/product\/16723","targetHints":{"allow":["GET"]}}],"collection":[{"href":"https:\/\/www.hydraulic-cylinders.net\/pl\/wp-json\/wp\/v2\/product"}],"about":[{"href":"https:\/\/www.hydraulic-cylinders.net\/pl\/wp-json\/wp\/v2\/types\/product"}],"replies":[{"embeddable":true,"href":"https:\/\/www.hydraulic-cylinders.net\/pl\/wp-json\/wp\/v2\/comments?post=16723"}],"wp:featuredmedia":[{"embeddable":true,"href":"https:\/\/www.hydraulic-cylinders.net\/pl\/wp-json\/wp\/v2\/media\/14770"}],"wp:attachment":[{"href":"https:\/\/www.hydraulic-cylinders.net\/pl\/wp-json\/wp\/v2\/media?parent=16723"}],"wp:term":[{"taxonomy":"product_brand","embeddable":true,"href":"https:\/\/www.hydraulic-cylinders.net\/pl\/wp-json\/wp\/v2\/product_brand?post=16723"},{"taxonomy":"product_cat","embeddable":true,"href":"https:\/\/www.hydraulic-cylinders.net\/pl\/wp-json\/wp\/v2\/product_cat?post=16723"},{"taxonomy":"product_tag","embeddable":true,"href":"https:\/\/www.hydraulic-cylinders.net\/pl\/wp-json\/wp\/v2\/product_tag?post=16723"}],"curies":[{"name":"wp","href":"https:\/\/api.w.org\/{rel}","templated":true}]}}