{"id":1674,"date":"2023-10-11T02:36:33","date_gmt":"2023-10-11T02:36:33","guid":{"rendered":"https:\/\/hydraulic-cylinders.net\/?post_type=product&#038;p=1674"},"modified":"2025-04-11T03:46:16","modified_gmt":"2025-04-11T03:46:16","slug":"press-centering-cylinder","status":"publish","type":"product","link":"https:\/\/www.hydraulic-cylinders.net\/pl\/produkt\/press-centering-cylinder\/","title":{"rendered":"Cylinder centruj\u0105cy prasy"},"content":{"rendered":"<h1 style=\"text-align: center;\"><strong>Cylinder centruj\u0105cy prasy<\/strong><\/h1>\n<p><img loading=\"lazy\" decoding=\"async\" class=\"alignnone size-medium wp-image-1675 aligncenter\" src=\"https:\/\/hydraulic-cylinders.net\/wp-content\/uploads\/2023\/10\/centering-cylinder-1-300x300.webp\" alt=\"\" width=\"300\" height=\"300\" \/><\/p>\n<p>Cylinder centruj\u0105cy prasy to najnowocze\u015bniejsze narz\u0119dzie zaprojektowane z my\u015bl\u0105 o zwi\u0119kszeniu precyzji i wydajno\u015bci w szerokim zakresie zastosowa\u0144 zwi\u0105zanych z prasowaniem. Ten innowacyjny cylinder zosta\u0142 starannie zaprojektowany, aby zapewni\u0107 dok\u0142adne centrowanie obrabianych element\u00f3w, optymalne ustawienie i skr\u00f3cenie czasu przezbrajania.<\/p>\n<p>Si\u0142ownik centruj\u0105cy pras\u0119 jest niezb\u0119dny do precyzyjnego i wydajnego prasowania. Dzi\u0119ki precyzyjnemu centrowaniu, regulowanej wydajno\u015bci, szybkiemu czasowi reakcji i solidnej konstrukcji, si\u0142ownik ten umo\u017cliwia operatorom precyzyjne ustawianie obrabianych element\u00f3w, skracaj\u0105c czas konfiguracji i zwi\u0119kszaj\u0105c og\u00f3ln\u0105 wydajno\u015b\u0107. Przestrzegaj\u0105c zalecanych metod u\u017cytkowania i konserwacji, mo\u017cna zmaksymalizowa\u0107 wydajno\u015b\u0107, trwa\u0142o\u015b\u0107 i bezpiecze\u0144stwo si\u0142ownika centruj\u0105cego pras\u0119 podczas prasowania. Wybierz ten si\u0142ownik, aby zwi\u0119kszy\u0107 swoje mo\u017cliwo\u015bci prasowania i do\u015bwiadczy\u0107 doskona\u0142ego ustawienia i wydajno\u015bci.<\/p>\n<p>Charakterystyka klucza cylindra centruj\u0105cego prasy:<\/p>\n<ul>\n<li>Dok\u0142adne centrowanie:\n<ul>\n<li>Cylinder centruj\u0105cy pras\u0119 zaprojektowano specjalnie w celu precyzyjnego centrowania element\u00f3w obrabianych podczas operacji prasowania.<\/li>\n<li>Zaawansowany mechanizm zapewnia dok\u0142adne wyr\u00f3wnanie obrabianego przedmiotu, minimalizuj\u0105c ryzyko rozbie\u017cno\u015bci lub b\u0142\u0119d\u00f3w.<\/li>\n<\/ul>\n<\/li>\n<li>Regulowana wydajno\u015b\u0107:\n<ul>\n<li>Si\u0142ownik ten oferuje mo\u017cliwo\u015b\u0107 regulacji centrowania, umo\u017cliwiaj\u0105c operatorom precyzyjne ustawienie po\u0142o\u017cenia na podstawie konkretnych wymaga\u0144 ka\u017cdego zastosowania.<\/li>\n<li>Dzi\u0119ki dostosowaniu ustawie\u0144 centrowania mo\u017cna uzyska\u0107 optymalne rezultaty dla r\u00f3\u017cnych rozmiar\u00f3w, kszta\u0142t\u00f3w i materia\u0142\u00f3w obrabianych przedmiot\u00f3w.<\/li>\n<\/ul>\n<\/li>\n<li>Szybki czas reakcji:\n<ul>\n<li>Si\u0142ownik centruj\u0105cy prasy charakteryzuje si\u0119 szybkim czasem reakcji, co umo\u017cliwia szybkie i wydajne centrowanie obrabianych przedmiot\u00f3w.<\/li>\n<li>Szybkie dzia\u0142anie skraca ca\u0142kowity czas cyklu, zwi\u0119kszaj\u0105c wydajno\u015b\u0107 i przepustowo\u015b\u0107 operacji prasowania.<\/li>\n<\/ul>\n<\/li>\n<li>Solidna konstrukcja:\n<ul>\n<li>Ten cylinder zosta\u0142 zaprojektowany z my\u015bl\u0105 o trwa\u0142o\u015bci, z wykorzystaniem wysokiej jako\u015bci materia\u0142\u00f3w i precyzyjnej konstrukcji.<\/li>\n<li>Solidna konstrukcja gwarantuje d\u0142ugotrwa\u0142\u0105 wydajno\u015b\u0107 nawet w wymagaj\u0105cych warunkach przemys\u0142owych.<\/li>\n<\/ul>\n<\/li>\n<\/ul>\n<h2><strong>Parametry cylindra centruj\u0105cego pras\u0119:<\/strong><\/h2>\n<table border=\"1\" cellspacing=\"0\" cellpadding=\"0\">\n<tbody>\n<tr>\n<td>Nazwa produktu<\/td>\n<td>Si\u0142ownik centruj\u0105cy prasy hydraulicznej<\/td>\n<\/tr>\n<tr>\n<td>Cechy:<\/td>\n<td>Upewnij si\u0119, \u017ce g\u0142owica zaciskowa znajduje si\u0119 w \u015brodkowej pozycji<\/td>\n<\/tr>\n<tr>\n<td>\u015arednica otworu:<\/td>\n<td>50 mm\uff5e190 mm<\/td>\n<\/tr>\n<tr>\n<td>\u015arednica pr\u0119ta:<\/td>\n<td>35 mm\uff5e150 mm<br \/>\nSkok \u22641200 mm<\/td>\n<\/tr>\n<tr>\n<td>Si\u0142a ci\u0105gu:<\/td>\n<td>Maksymalnie 441 kN<br \/>\n(\u015arednica cylindra 190 mm\/ci\u015bnienie 25 MPa)<\/td>\n<\/tr>\n<tr>\n<td>Zastosowania cylindra centruj\u0105cego:<\/td>\n<td>Prasa hydrauliczna<\/td>\n<\/tr>\n<\/tbody>\n<\/table>\n<div><\/div>\n<div>\n<div class=\"txtboxL\">Cechy:<\/div>\n<div class=\"txtboxR\">Upewnij si\u0119, \u017ce g\u0142owica zaciskowa znajduje si\u0119 w \u015brodkowej pozycji<\/div>\n<div class=\"txtboxL\">Specyfikacja:<\/div>\n<div class=\"txtboxR\">\u015arednica otworu: 50 mm - 190 mm<br \/>\n\u015arednica pr\u0119ta: 35 mm \u2013 150 mm<br \/>\nSkok \u22641200 mm<\/div>\n<div class=\"txtboxL\">Si\u0142a ci\u0105gu:<\/div>\n<div class=\"txtboxR\">Maksymalnie 441 kN<br \/>\n(\u015arednica cylindra 190 mm\/ci\u015bnienie 25 MPa)<\/div>\n<\/div>\n<h2><strong>Fabryka cylindr\u00f3w prasowych:<\/strong><\/h2>\n<p><img loading=\"lazy\" decoding=\"async\" class=\"alignnone wp-image-1619 size-full\" src=\"https:\/\/hydraulic-cylinders.net\/wp-content\/uploads\/2023\/10\/press-cylinder.webp\" alt=\"\" width=\"1418\" height=\"946\" srcset=\"https:\/\/hydraulic-cylinders.net\/wp-content\/uploads\/2023\/10\/press-cylinder.webp 1418w, https:\/\/hydraulic-cylinders.net\/wp-content\/uploads\/2023\/10\/press-cylinder-1280x854.webp 1280w, https:\/\/hydraulic-cylinders.net\/wp-content\/uploads\/2023\/10\/press-cylinder-980x654.webp 980w, https:\/\/hydraulic-cylinders.net\/wp-content\/uploads\/2023\/10\/press-cylinder-480x320.webp 480w\" sizes=\"(min-width: 0px) and (max-width: 480px) 480px, (min-width: 481px) and (max-width: 980px) 980px, (min-width: 981px) and (max-width: 1280px) 1280px, (min-width: 1281px) 1418px, 100vw\" \/><\/p>\n<h2><strong>Metoda u\u017cycia cylindra centruj\u0105cego pras\u0119<\/strong><strong>:<\/strong><\/h2>\n<ul>\n<li><strong>Instalacja:<\/strong>\n<ul>\n<li>Zamontuj cylinder centruj\u0105cy pras\u0119 w \u017c\u0105danym miejscu, zapewniaj\u0105c w\u0142a\u015bciwe wyr\u00f3wnanie z urz\u0105dzeniem dociskowym.<\/li>\n<li>Pod\u0142\u0105cz przewody hydrauliczne zgodnie z instrukcjami producenta, zapewniaj\u0105c prawid\u0142owy przep\u0142yw p\u0142ynu i zapobiegaj\u0105c wyciekom.<\/li>\n<\/ul>\n<\/li>\n<li><strong>Regulacja centrowania:<\/strong>\n<ul>\n<li>Zapoznaj si\u0119 z mechanizmem regulacji centrowania za pomoc\u0105 cylindra.<\/li>\n<li>Zazwyczaj regulacje mo\u017cna przeprowadza\u0107 przy pomocy pokr\u0119te\u0142, k\u00f3\u0142 r\u0119cznych lub element\u00f3w steruj\u0105cych cyfrowych.<\/li>\n<li>Aby dokona\u0107 precyzyjnych regulacji centrowania, nale\u017cy post\u0119powa\u0107 zgodnie ze wskaz\u00f3wkami producenta, bior\u0105c pod uwag\u0119 wymiary przedmiotu obrabianego i wymagania dotycz\u0105ce wyr\u00f3wnania.<\/li>\n<\/ul>\n<\/li>\n<li><strong>Wyr\u00f3wnanie przedmiotu obrabianego:<\/strong>\n<ul>\n<li>Umie\u015b\u0107 obrabiany przedmiot na stole prasy, upewniaj\u0105c si\u0119, \u017ce jest on wyr\u00f3wnany z cylindrem centruj\u0105cym.<\/li>\n<li>W\u0142\u0105cz cylinder, aby w\u0142\u0105czy\u0107 mechanizm centruj\u0105cy i zabezpieczy\u0107 obrabiany przedmiot w \u017c\u0105danej pozycji.<\/li>\n<li>Sprawd\u017a prawid\u0142owo\u015b\u0107 ustawienia wizualnie lub za pomoc\u0105 narz\u0119dzi pomiarowych, aby mie\u0107 pewno\u015b\u0107, \u017ce centrowanie jest dok\u0142adne.<\/li>\n<\/ul>\n<\/li>\n<li><strong>Operacja prasowania:<\/strong>\n<ul>\n<li>Gdy przedmiot obrabiany jest ju\u017c prawid\u0142owo ustawiony, mo\u017cna przyst\u0105pi\u0107 do prasowania zgodnie ze standardow\u0105 procedur\u0105.<\/li>\n<li>Si\u0142ownik centruj\u0105cy pras\u0119 utrzymuje wyr\u00f3wnanie i stabilno\u015b\u0107 obrabianego elementu przez ca\u0142y proces prasowania, minimalizuj\u0105c ryzyko braku wyr\u00f3wnania lub uszkodzenia.<\/li>\n<\/ul>\n<\/li>\n<\/ul>\n<h2><strong>Jak odpowietrzy\u0107 si\u0142ownik hydrauliczny?<\/strong><\/h2>\n<p>Odpowietrzanie si\u0142ownika hydraulicznego to niezb\u0119dna czynno\u015b\u0107 konserwacyjna, kt\u00f3ra pomaga usun\u0105\u0107 powietrze lub uwi\u0119zione gazy z uk\u0142adu. Oto instrukcja krok po kroku, jak odpowietrzy\u0107 si\u0142ownik hydrauliczny:<\/p>\n<p>Uwaga: Przed przyst\u0105pieniem do odpowietrzania uk\u0142adu hydraulicznego nale\u017cy upewni\u0107 si\u0119, \u017ce dysponuje si\u0119 niezb\u0119dnymi narz\u0119dziami i sprz\u0119tem zabezpieczaj\u0105cym, a tak\u017ce zastosowa\u0107 si\u0119 do wszelkich szczeg\u00f3\u0142owych instrukcji producenta uk\u0142adu hydraulicznego.<\/p>\n<ol>\n<li><strong>\u015arodki ostro\u017cno\u015bci:<\/strong>\n<ul>\n<li>Aby zabezpieczy\u0107 si\u0119 przed wyciekami lub zachlapaniem p\u0142ynu hydraulicznego, nale\u017cy za\u0142o\u017cy\u0107 odpowiedni sprz\u0119t ochronny, taki jak r\u0119kawice i okulary ochronne.<\/li>\n<li>Upewnij si\u0119, \u017ce uk\u0142ad hydrauliczny zosta\u0142 rozhermetyzowany poprzez wy\u0142\u0105czenie \u017ar\u00f3d\u0142a zasilania i uwolnienie zgromadzonego ci\u015bnienia.<\/li>\n<\/ul>\n<\/li>\n<li><strong>Zlokalizuj zaw\u00f3r odpowietrzaj\u0105cy:<\/strong>\n<ul>\n<li>Zidentyfikuj zaw\u00f3r odpowietrzaj\u0105cy na si\u0142owniku hydraulicznym. Zaw\u00f3r odpowietrzaj\u0105cy to zazwyczaj ma\u0142y, \u015brubowy zaw\u00f3r znajduj\u0105cy si\u0119 na korpusie cylindra lub w pobli\u017cu przewod\u00f3w hydraulicznych pod\u0142\u0105czonych do cylindra.<\/li>\n<li>Je\u015bli nie masz pewno\u015bci co do lokalizacji zaworu odpowietrzaj\u0105cego, zapoznaj si\u0119 z dokumentacj\u0105 producenta lub zwr\u00f3\u0107 si\u0119 o pomoc do specjalisty.<\/li>\n<\/ul>\n<\/li>\n<li><strong>Przygotowanie do pobrania p\u0142ynu:<\/strong>\n<ul>\n<li>Umie\u015b\u0107 odpowiedni pojemnik lub materia\u0142 ch\u0142onny pod zaworem odpowietrzaj\u0105cym, aby zebra\u0107 p\u0142yn, kt\u00f3ry mo\u017ce wydosta\u0107 si\u0119 podczas odpowietrzania. Zapobiegnie to wyciekom i zanieczyszczeniu \u015brodowiska.<\/li>\n<\/ul>\n<\/li>\n<li><strong>Otw\u00f3rz zaw\u00f3r odpowietrzaj\u0105cy:<\/strong>\n<ul>\n<li>U\u017cywaj\u0105c odpowiedniego klucza lub narz\u0119dzia, ostro\u017cnie poluzuj zaw\u00f3r odpowietrzaj\u0105cy w kierunku przeciwnym do ruchu wskaz\u00f3wek zegara. Uwa\u017caj, aby na tym etapie nie wymontowa\u0107 ca\u0142kowicie zaworu.<\/li>\n<li>Otwarcie zaworu odpowietrzaj\u0105cego powoduje utworzenie uj\u015bcia, przez kt\u00f3re mo\u017ce wydosta\u0107 si\u0119 uwi\u0119zione w cylindrze powietrze lub gazy.<\/li>\n<\/ul>\n<\/li>\n<li><strong>Aktywacja uk\u0142adu hydraulicznego:<\/strong>\n<ul>\n<li>W\u0142\u0105cz lub aktywuj uk\u0142ad hydrauliczny, stosuj\u0105c metod\u0119 zalecan\u0105 przez producenta. Mo\u017ce to obejmowa\u0107 uruchomienie jednostki nap\u0119dowej lub obs\u0142ug\u0119 sprz\u0119tu hydraulicznego wykorzystuj\u0105cego cylinder.<\/li>\n<\/ul>\n<\/li>\n<li><strong>Obserwuj przep\u0142yw p\u0142ynu:<\/strong>\n<ul>\n<li>Podczas pracy uk\u0142adu hydraulicznego mo\u017cna zaobserwowa\u0107 przep\u0142yw p\u0142ynu przez zaw\u00f3r odpowietrzaj\u0105cy.<\/li>\n<li>Nale\u017cy pozwoli\u0107 na swobodny przep\u0142yw cieczy przez wystarczaj\u0105c\u0105 ilo\u015b\u0107 czasu, aby mie\u0107 pewno\u015b\u0107, \u017ce wszelkie powietrze lub uwi\u0119zione gazy zostan\u0105 usuni\u0119te z cylindra.<\/li>\n<li>Uwa\u017cnie kontroluj poziom p\u0142ynu w pojemniku i b\u0105d\u017a gotowy zamkn\u0105\u0107 zaw\u00f3r odpowietrzaj\u0105cy, gdy przep\u0142yw p\u0142ynu stanie si\u0119 sta\u0142y i wolny od p\u0119cherzyk\u00f3w powietrza.<\/li>\n<\/ul>\n<\/li>\n<li><strong>Zamknij zaw\u00f3r odpowietrzaj\u0105cy:<\/strong>\n<ul>\n<li>Gdy przep\u0142yw p\u0142ynu ustabilizuje si\u0119 i nie b\u0119dzie ju\u017c p\u0119cherzyk\u00f3w powietrza, ostro\u017cnie dokr\u0119\u0107 zaw\u00f3r odpowietrzaj\u0105cy zgodnie z ruchem wskaz\u00f3wek zegara. Upewnij si\u0119, \u017ce jest dobrze dokr\u0119cony, ale unikaj nadmiernego dokr\u0119cania, aby zapobiec uszkodzeniu zaworu lub cylindra.<\/li>\n<\/ul>\n<\/li>\n<li><strong>Sprawd\u017a dzia\u0142anie systemu:<\/strong>\n<ul>\n<li>Po zamkni\u0119ciu zaworu odpowietrzaj\u0105cego nale\u017cy uruchomi\u0107 uk\u0142ad hydrauliczny i sprawdzi\u0107, czy cylinder dzia\u0142a prawid\u0142owo.<\/li>\n<li>Monitoruj ruch cylindra, jego reakcj\u0119 i og\u00f3ln\u0105 wydajno\u015b\u0107, aby mie\u0107 pewno\u015b\u0107, \u017ce proces odpowietrzania przebieg\u0142 pomy\u015blnie.<\/li>\n<\/ul>\n<\/li>\n<li><strong>Sprz\u0105tanie i bezpiecze\u0144stwo:<\/strong>\n<ul>\n<li>Wyczy\u015b\u0107 ca\u0142y rozlany p\u0142yn hydrauliczny, upewniaj\u0105c si\u0119, \u017ce miejsce pracy jest czyste i wolne od potencjalnych zagro\u017ce\u0144.<\/li>\n<li>Zebrany p\u0142yn nale\u017cy utylizowa\u0107 zgodnie z lokalnymi przepisami i wytycznymi dotycz\u0105cymi ochrony \u015brodowiska.<\/li>\n<\/ul>\n<\/li>\n<\/ol>\n<h2><strong>Mo\u017cliwo\u015bci i pojemno\u015b\u0107 fabryki:<\/strong><\/h2>\n<h3>(1) Monta\u017c<\/h3>\n<p>Dysponujemy najwy\u017cszej klasy niezale\u017cn\u0105 platform\u0105 badawczo-rozwojow\u0105. Warsztat produkcji si\u0142ownik\u00f3w hydraulicznych posiada cztery p\u00f3\u0142automatyczne linie monta\u017cowe si\u0142ownik\u00f3w podnosz\u0105cych i jedn\u0105 automatyczn\u0105 lini\u0119 monta\u017cow\u0105 si\u0142ownik\u00f3w przechy\u0142u, o projektowanej rocznej zdolno\u015bci produkcyjnej 1 miliona sztuk. Specjalny warsztat cylindr\u00f3w jest wyposa\u017cony w r\u00f3\u017cne specyfikacje p\u00f3\u0142automatycznego systemu monta\u017cu czyszcz\u0105cego o projektowanej rocznej zdolno\u015bci produkcyjnej 200 000 i wyposa\u017cony w s\u0142ynny sprz\u0119t do obr\u00f3bki CNC, centrum obr\u00f3bcze, specjalny sprz\u0119t do precyzyjnej obr\u00f3bki cylindr\u00f3w, robot spawalniczy, automatyczna maszyna czyszcz\u0105ca, automatyczna maszyna do monta\u017cu cylindr\u00f3w i automatyczna linia produkcyjna do malowania. Istniej\u0105cy krytyczny sprz\u0119t sk\u0142ada si\u0119 z ponad 300 zestaw\u00f3w. Optymalna alokacja i efektywne wykorzystanie zasob\u00f3w sprz\u0119towych zapewniaj\u0105 wymagania dotycz\u0105ce dok\u0142adno\u015bci produkt\u00f3w i spe\u0142niaj\u0105 potrzeby wysokiej jako\u015bci produkt\u00f3w.<\/p>\n<p><img loading=\"lazy\" decoding=\"async\" class=\"alignnone wp-image-626\" src=\"https:\/\/hydraulic-cylinders.net\/wp-content\/uploads\/2023\/08\/hydraulic-cylinder-product-1-300x158.webp\" alt=\"\" width=\"495\" height=\"260\" srcset=\"https:\/\/hydraulic-cylinders.net\/wp-content\/uploads\/2023\/08\/hydraulic-cylinder-product-1-300x158.webp 495w, https:\/\/hydraulic-cylinders.net\/wp-content\/uploads\/2023\/08\/hydraulic-cylinder-product-1-480x252.webp 480w\" sizes=\"(min-width: 0px) and (max-width: 480px) 480px, (min-width: 481px) 495px, 100vw\" \/> <img loading=\"lazy\" decoding=\"async\" class=\"alignnone wp-image-627\" src=\"https:\/\/hydraulic-cylinders.net\/wp-content\/uploads\/2023\/08\/hydraulic-cylinder-product-2-300x189.webp\" alt=\"\" width=\"413\" height=\"260\" \/><\/p>\n<h3>(2) Obr\u00f3bka<\/h3>\n<p>Warsztat obr\u00f3bki skrawaniem jest wyposa\u017cony w niestandardowe centrum tokarskie z pochylon\u0105 szyn\u0105, centrum obr\u00f3bcze, szybkobie\u017cn\u0105 honownic\u0119, robota spawalniczego i inny powi\u0105zany sprz\u0119t, kt\u00f3ry mo\u017ce obs\u0142ugiwa\u0107 przetwarzanie rur cylindrycznych o maksymalnej \u015brednicy wewn\u0119trznej 400 mm i maksymalnej d\u0142ugo\u015bci 6 metr\u00f3w.<\/p>\n<p><img loading=\"lazy\" decoding=\"async\" class=\"alignnone wp-image-628 size-large\" src=\"https:\/\/hydraulic-cylinders.net\/wp-content\/uploads\/2023\/08\/hydraulic-cylinder-product-3-1024x391.webp\" alt=\"\" width=\"1024\" height=\"391\" srcset=\"https:\/\/hydraulic-cylinders.net\/wp-content\/uploads\/2023\/08\/hydraulic-cylinder-product-3-980x374.webp 980w, https:\/\/hydraulic-cylinders.net\/wp-content\/uploads\/2023\/08\/hydraulic-cylinder-product-3-480x183.webp 480w\" sizes=\"(min-width: 0px) and (max-width: 480px) 480px, (min-width: 481px) and (max-width: 980px) 980px, (min-width: 981px) 1024px, 100vw\" \/><\/p>\n<h3>(3) Spawanie<\/h3>\n<p><img loading=\"lazy\" decoding=\"async\" class=\"alignnone wp-image-629 size-large\" src=\"https:\/\/hydraulic-cylinders.net\/wp-content\/uploads\/2023\/08\/hydraulic-cylinder-product-4-1024x510.webp\" alt=\"\" width=\"1024\" height=\"510\" srcset=\"https:\/\/hydraulic-cylinders.net\/wp-content\/uploads\/2023\/08\/hydraulic-cylinder-product-4-980x488.webp 980w, https:\/\/hydraulic-cylinders.net\/wp-content\/uploads\/2023\/08\/hydraulic-cylinder-product-4-480x239.webp 480w\" sizes=\"(min-width: 0px) and (max-width: 480px) 480px, (min-width: 481px) and (max-width: 980px) 980px, (min-width: 981px) 1024px, 100vw\" \/><\/p>\n<h3>(4) Malowanie i powlekanie<\/h3>\n<p>Z ma\u0142ymi i \u015brednimi automatycznymi liniami do powlekania farbami na bazie wody, w celu osi\u0105gni\u0119cia automatycznego za\u0142adunku i roz\u0142adunku robota oraz automatycznego natryskiwania, wydajno\u015b\u0107 projektowa 4000 sztuk na zmian\u0119;<br \/>\nPosiadamy r\u00f3wnie\u017c p\u00f3\u0142automatyczn\u0105 lini\u0119 do produkcji farb do du\u017cych cylindr\u00f3w nap\u0119dzan\u0105 \u0142a\u0144cuchem nap\u0119dowym, o wydajno\u015bci 60 skrzy\u0144 na zmian\u0119.<\/p>\n<p><img loading=\"lazy\" decoding=\"async\" class=\"alignnone wp-image-630\" src=\"https:\/\/hydraulic-cylinders.net\/wp-content\/uploads\/2023\/08\/hydraulic-cylinder-product-5-300x213.webp\" alt=\"\" width=\"366\" height=\"260\" \/> <img loading=\"lazy\" decoding=\"async\" class=\"alignnone wp-image-631\" src=\"https:\/\/hydraulic-cylinders.net\/wp-content\/uploads\/2023\/08\/hydraulic-cylinder-product-6-300x225.webp\" alt=\"\" width=\"347\" height=\"260\" \/><\/p>\n<h3>(5) Testowanie<\/h3>\n<p>Dysponujemy najwy\u017cszej klasy urz\u0105dzeniami kontrolnymi i stanowiskami testowymi, aby zapewni\u0107, \u017ce wydajno\u015b\u0107 cylindra spe\u0142nia wymagania.<\/p>\n<p><img loading=\"lazy\" decoding=\"async\" class=\"alignnone wp-image-632\" src=\"https:\/\/hydraulic-cylinders.net\/wp-content\/uploads\/2023\/08\/hydraulic-cylinder-product-8-300x200.webp\" alt=\"\" width=\"389\" height=\"260\" \/><\/p>\n<p>&nbsp;<\/p>\n<p>&nbsp;<\/p>\n<p>Jeste\u015bmy jednym z najlepszych producent\u00f3w cylindr\u00f3w hydraulicznych. Oferujemy kompleksow\u0105 ofert\u0119 cylindr\u00f3w hydraulicznych. Dostarczamy r\u00f3wnie\u017c\u2026 <a href=\"https:\/\/hzpt.com\/agricultural-pto-gearbox\/\" target=\"_blank\" rel=\"noopener\">przek\u0142adnie rolnicze<\/a>. Eksportowali\u015bmy nasze produkty do klient\u00f3w na ca\u0142ym \u015bwiecie i zdobyli\u015bmy dobr\u0105 reputacj\u0119 dzi\u0119ki najwy\u017cszej jako\u015bci produkt\u00f3w i us\u0142ug posprzeda\u017cnych. Zapraszamy klient\u00f3w w kraju i za granic\u0105 do kontaktu z nami w celu negocjacji biznesowych, wymiany informacji i <a href=\"https:\/\/www.hydraulic-cylinders.net\/pl\/contact-us\/\">wsp\u00f3\u0142pracowa\u0107 z nami<\/a>!<\/p>","protected":false},"excerpt":{"rendered":"<p>Press Centering Cylinder The press centering cylinder is a cutting-edge tool designed to enhance precision and efficiency in a wide range of pressing applications. This innovative cylinder is meticulously engineered to provide accurate centering of workpieces, ensuring optimal alignment and reducing setup time. The press centering cylinder is indispensable for achieving precise and efficient pressing [&hellip;]<\/p>","protected":false},"featured_media":1676,"comment_status":"open","ping_status":"closed","template":"","meta":{"_et_pb_use_builder":"","_et_pb_old_content":"","_et_gb_content_width":""},"product_brand":[],"product_cat":[1550,1522,1376],"product_tag":[1380],"class_list":{"0":"post-1674","1":"product","2":"type-product","3":"status-publish","4":"has-post-thumbnail","6":"product_cat-double-acting-hydraulic-cylinder","7":"product_cat-press-hydraulic-cylinders","8":"product_cat-hydraulic-cylinder","9":"product_tag-hydraulic-cylinder","11":"first","12":"instock","13":"shipping-taxable","14":"product-type-simple"},"amp_enabled":true,"_links":{"self":[{"href":"https:\/\/www.hydraulic-cylinders.net\/pl\/wp-json\/wp\/v2\/product\/1674","targetHints":{"allow":["GET"]}}],"collection":[{"href":"https:\/\/www.hydraulic-cylinders.net\/pl\/wp-json\/wp\/v2\/product"}],"about":[{"href":"https:\/\/www.hydraulic-cylinders.net\/pl\/wp-json\/wp\/v2\/types\/product"}],"replies":[{"embeddable":true,"href":"https:\/\/www.hydraulic-cylinders.net\/pl\/wp-json\/wp\/v2\/comments?post=1674"}],"wp:featuredmedia":[{"embeddable":true,"href":"https:\/\/www.hydraulic-cylinders.net\/pl\/wp-json\/wp\/v2\/media\/1676"}],"wp:attachment":[{"href":"https:\/\/www.hydraulic-cylinders.net\/pl\/wp-json\/wp\/v2\/media?parent=1674"}],"wp:term":[{"taxonomy":"product_brand","embeddable":true,"href":"https:\/\/www.hydraulic-cylinders.net\/pl\/wp-json\/wp\/v2\/product_brand?post=1674"},{"taxonomy":"product_cat","embeddable":true,"href":"https:\/\/www.hydraulic-cylinders.net\/pl\/wp-json\/wp\/v2\/product_cat?post=1674"},{"taxonomy":"product_tag","embeddable":true,"href":"https:\/\/www.hydraulic-cylinders.net\/pl\/wp-json\/wp\/v2\/product_tag?post=1674"}],"curies":[{"name":"wp","href":"https:\/\/api.w.org\/{rel}","templated":true}]}}