{"id":16747,"date":"2025-01-21T05:51:27","date_gmt":"2025-01-21T05:51:27","guid":{"rendered":"https:\/\/www.hydraulic-cylinders.net\/product\/arm-cylinder-for-pushhm-pz35-7\/"},"modified":"2025-01-21T05:51:29","modified_gmt":"2025-01-21T05:51:29","slug":"arm-cylinder-for-pushhm-pz35-7","status":"publish","type":"product","link":"https:\/\/www.hydraulic-cylinders.net\/pl\/produkt\/arm-cylinder-for-pushhm-pz35-7\/","title":{"rendered":"Si\u0142ownik ramienia do pchacza PZ35-7"},"content":{"rendered":"<h1>Si\u0142ownik ramienia do pchacza PZ35-7<\/h1>\n<h2>Wst\u0119p<\/h2>\n<p>Si\u0142ownik ramienia do Pushhm PZ35-7 to specjalistyczny si\u0142ownik hydrauliczny zaprojektowany do zapewnienia ruchu liniowego i zasilania ramienia r\u00f3\u017cnych maszyn, takich jak koparki, d\u017awigi i ramiona robotyczne. Si\u0142ownik ramienia odgrywa kluczow\u0105 rol\u0119 w uk\u0142adach hydraulicznych, u\u0142atwiaj\u0105c ruch i sterowanie dodatkowymi narz\u0119dziami lub osprz\u0119tem. Si\u0142owniki te nie tylko zapewniaj\u0105 p\u0142ynny ruch, ale tak\u017ce wytrzymuj\u0105 du\u017ce obci\u0105\u017cenia, gwarantuj\u0105c wydajn\u0105 prac\u0119 i niezawodno\u015b\u0107 w r\u00f3\u017cnych warunkach pracy.<\/p>\n<p><img decoding=\"async\" src=\"https:\/\/www.hydraulic-cylinders.net\/wp-content\/uploads\/2025\/01\/songte-company-2.webp\"><\/p>\n<h2>Cechy<\/h2>\n<ul>\n<li><strong>Wysoka wydajno\u015b\u0107 transmisji:<\/strong> Si\u0142ownik ramienia zapewnia mocny ruch liniowy i si\u0142\u0119, gwarantuj\u0105c wysok\u0105 wydajno\u015b\u0107 ramienia mechanicznego w r\u00f3\u017cnych operacjach.<\/li>\n<li><strong>Precyzyjna kontrola:<\/strong> Dzi\u0119ki uk\u0142adowi hydraulicznemu si\u0142ownik ramienia umo\u017cliwia precyzyjn\u0105 kontrol\u0119 ruchu, zwi\u0119kszaj\u0105c elastyczno\u015b\u0107 i dok\u0142adno\u015b\u0107 pracy narz\u0119dzia.<\/li>\n<li><strong>Trwa\u0142o\u015b\u0107:<\/strong> Cylindry ramienia s\u0105 zazwyczaj produkowane z materia\u0142\u00f3w o wysokiej wytrzyma\u0142o\u015bci, zapewniaj\u0105cych doskona\u0142\u0105 odporno\u015b\u0107 na zu\u017cycie i korozj\u0119, dzi\u0119ki czemu nadaj\u0105 si\u0119 do d\u0142ugotrwa\u0142ego u\u017cytkowania w trudnych warunkach.<\/li>\n<li><strong>Wielofunkcyjna adaptowalno\u015b\u0107:<\/strong> Cylindry te znajduj\u0105 szerokie zastosowanie w r\u00f3\u017cnych maszynach, takich jak koparki, d\u017awigi i ramiona robotyczne, dostosowuj\u0105c si\u0119 do r\u00f3\u017cnych wymaga\u0144 roboczych.<\/li>\n<li><strong>\u0141atwa konserwacja:<\/strong> Zaprojektowane z my\u015bl\u0105 o \u0142atwej konserwacji i wymianie, cylindry ramion u\u0142atwiaj\u0105 regularne kontrole i konserwacj\u0119, redukuj\u0105c przestoje sprz\u0119tu.<\/li>\n<\/ul>\n<p><img decoding=\"async\" src=\"https:\/\/www.hydraulic-cylinders.net\/wp-content\/uploads\/2025\/01\/songte-oil-pipes-and-spare-parts.webp\"><\/p>\n<h2>Aplikacje<\/h2>\n<p>Si\u0142ownik ramienia do prasy PZ35-7 jest wykorzystywany w nast\u0119puj\u0105cych ga\u0142\u0119ziach przemys\u0142u i zastosowaniach:<\/p>\n<ul>\n<li><strong>Budowa:<\/strong> W koparkach i d\u017awigach si\u0142ownik ramienia steruje ruchem \u0142y\u017cek lub wysi\u0119gnik\u00f3w podczas rob\u00f3t ziemnych, przenoszenia materia\u0142\u00f3w i instalacji konstrukcyjnych.<\/li>\n<li><strong>Produkcja:<\/strong> W zautomatyzowanych liniach produkcyjnych si\u0142ownik ramienia u\u0142atwia ruch ramion robota podczas monta\u017cu, spawania i obs\u0142ugi materia\u0142\u00f3w, zwi\u0119kszaj\u0105c wydajno\u015b\u0107 i precyzj\u0119 produkcji.<\/li>\n<li><strong>Maszyny rolnicze:<\/strong> W sprz\u0119cie rolniczym, takim jak kombajny i siewniki, si\u0142ownik ramienia steruje ruchem ramion roboczych podczas wykonywania takich zada\u0144, jak sadzenie, nawo\u017cenie i zbi\u00f3r.<\/li>\n<li><strong>G\u00f3rnictwo:<\/strong> W sprz\u0119cie g\u00f3rniczym si\u0142ownik ramienia steruje ruchami ramion maszyn g\u00f3rniczych s\u0142u\u017c\u0105cych do wydobywania i transportu rudy.<\/li>\n<li><strong>Logistyka i transport:<\/strong> W w\u00f3zkach wid\u0142owych i robotach prze\u0142adunkowych si\u0142ownik ramienia steruje podnoszeniem i ruchem wide\u0142, umo\u017cliwiaj\u0105c transport i uk\u0142adanie materia\u0142\u00f3w.<\/li>\n<\/ul>\n<h2>Zagadnienia projektowe i kryteria wyboru<\/h2>\n<p>Je\u015bli chodzi o rozwa\u017cania projektowe i kryteria wyboru si\u0142ownika ramienia do Pushhm PZ35-7, kluczowe znaczenie maj\u0105 nast\u0119puj\u0105ce czynniki:<\/p>\n<ul>\n<li><strong>No\u015bno\u015b\u0107:<\/strong> Si\u0142ownik ramienia musi by\u0107 w stanie ud\u017awign\u0105\u0107 wymagany ci\u0119\u017car, aby zapewni\u0107 bezpieczn\u0105 i wydajn\u0105 prac\u0119.<\/li>\n<li><strong>Opiecz\u0119towanie:<\/strong> W celu zapewnienia skutecznego uszczelnienia i zapobiegania przeciekom stosuje si\u0119 r\u00f3\u017cne elementy uszczelniaj\u0105ce, takie jak uszczelki t\u0142okowe i uszczelki t\u0142oczyskowe, wykonane z materia\u0142\u00f3w odpornych na zu\u017cycie, np. poliuretanu i kauczuku nitrylowego.<\/li>\n<li><strong>Trwa\u0142o\u015b\u0107:<\/strong> Korpus cylindra i gwintowana powierzchnia ko\u0144cowa s\u0105 poddawane precyzyjnej obr\u00f3bce w celu zwi\u0119kszenia odporno\u015bci na zu\u017cycie, co gwarantuje d\u0142ugoterminow\u0105 trwa\u0142o\u015b\u0107.<\/li>\n<li><strong>Bezpiecze\u0144stwo:<\/strong> Aby zapobiec wypadkom i zapewni\u0107 ochron\u0119 operatora, w projekcie nale\u017cy uwzgl\u0119dni\u0107 \u015brodki bezpiecze\u0144stwa.<\/li>\n<li><strong>Utrzymywalno\u015b\u0107:<\/strong> Projekt powinien uwzgl\u0119dnia\u0107 \u0142atwo\u015b\u0107 konserwacji i napraw, umo\u017cliwiaj\u0105c wygodn\u0105 obs\u0142ug\u0119 i minimalizuj\u0105c przestoje sprz\u0119tu.<\/li>\n<\/ul>\n<p><img decoding=\"async\" src=\"https:\/\/www.hydraulic-cylinders.net\/wp-content\/uploads\/2025\/01\/songte-cylinder-head-with-all-kinds-excavator-models.webp\"><\/p>\n<h2>Uszczelnianie i smarowanie<\/h2>\n<p>Si\u0142ownik ramienia Pushhm PZ35-7 wykorzystuje r\u00f3\u017cne elementy uszczelniaj\u0105ce, takie jak uszczelnienia t\u0142oka i t\u0142oczyska. Uszczelnienia te wykonane s\u0105 z materia\u0142\u00f3w odpornych na zu\u017cycie, takich jak poliuretan i kauczuk nitrylowy. Korpus cylindra i gwintowana powierzchnia ko\u0144cowa s\u0105 precyzyjnie obrabiane w celu zwi\u0119kszenia odporno\u015bci na zu\u017cycie. Regularne smarowanie odpowiedni\u0105 ilo\u015bci\u0105 oleju hydraulicznego jest niezb\u0119dne dla zapewnienia p\u0142ynnej pracy.<\/p>\n<h2>Regularne kontrole i konserwacja zapobiegawcza<\/h2>\n<p>Regularne kontrole i konserwacja zapobiegawcza s\u0105 niezb\u0119dne dla optymalnej wydajno\u015bci i trwa\u0142o\u015bci si\u0142ownika ramienia. Nale\u017cy wdro\u017cy\u0107 nast\u0119puj\u0105ce \u015brodki:<\/p>\n<ul>\n<li>Sprawd\u017a cylinder pod k\u0105tem uszkodze\u0144, nieszczelno\u015bci lub zu\u017cycia.<\/li>\n<li>Regularnie czy\u015b\u0107 i smaruj cylinder.<\/li>\n<li>Sprawd\u017a i dokr\u0119\u0107 wszelkie lu\u017ane po\u0142\u0105czenia.<\/li>\n<li>Wymie\u0144 zu\u017cyte uszczelki lub elementy.<\/li>\n<li>Monitoruj poziom i jako\u015b\u0107 oleju hydraulicznego.<\/li>\n<\/ul>\n<h2>Instrukcja instalacji produktu<\/h2>\n<p>Prawid\u0142owy monta\u017c si\u0142ownika ramienia Pushhm PZ35-7 jest kluczowy dla jego funkcjonalno\u015bci i niezawodno\u015bci. Wykonaj nast\u0119puj\u0105ce kroki:<\/p>\n<ol>\n<li>Upewnij si\u0119, \u017ce urz\u0105dzenie jest wy\u0142\u0105czone i znajduje si\u0119 w stabilnej pozycji.<\/li>\n<li>Wyjmij stary cylinder, je\u017celi dotyczy, od\u0142\u0105czaj\u0105c wszystkie po\u0142\u0105czenia lub wsporniki monta\u017cowe.<\/li>\n<li>Wyr\u00f3wnaj nowy cylinder z punktami mocowania.<\/li>\n<li>Zabezpiecz cylinder za pomoc\u0105 odpowiednich element\u00f3w mocuj\u0105cych lub wspornik\u00f3w monta\u017cowych.<\/li>\n<li>Pod\u0142\u0105cz przewody i z\u0142\u0105czki hydrauliczne.<\/li>\n<li>Sprawd\u017a, czy nie ma wyciek\u00f3w i upewnij si\u0119, \u017ce wszystkie po\u0142\u0105czenia s\u0105 solidne.<\/li>\n<li>W\u0142\u0105cz urz\u0105dzenie i sprawd\u017a dzia\u0142anie cylindra.<\/li>\n<\/ol>\n<p><img decoding=\"async\" src=\"https:\/\/www.hydraulic-cylinders.net\/wp-content\/uploads\/2025\/01\/songte-bushings-with-all-kinds-of-excavator-models.webp\"><\/p>\n<h2>Zagadnienia bezpiecze\u0144stwa i czynniki \u015brodowiskowe<\/h2>\n<p>Podczas u\u017cytkowania si\u0142ownika ramienia do Pushhm PZ35-7, kluczowe jest priorytetowe traktowanie \u015brodk\u00f3w bezpiecze\u0144stwa, aby zapobiec wypadkom i zapewni\u0107 bezpiecze\u0144stwo operatorom. Odpowiednie przeszkolenie, przestrzeganie protoko\u0142\u00f3w bezpiecze\u0144stwa oraz stosowanie \u015brodk\u00f3w ochrony indywidualnej s\u0105 niezb\u0119dne. Dodatkowo, uwzgl\u0119dnienie czynnik\u00f3w \u015brodowiskowych, takich jak temperatura, wilgotno\u015b\u0107 i nara\u017cenie na substancje \u017cr\u0105ce, mo\u017ce pom\u00f3c wyd\u0142u\u017cy\u0107 \u017cywotno\u015b\u0107 si\u0142ownika i utrzyma\u0107 optymaln\u0105 wydajno\u015b\u0107.<\/p>\n<h2>Rozwi\u0105zywanie problem\u00f3w i typowe problemy<\/h2>\n<p>Pomimo swojej trwa\u0142o\u015bci i niezawodno\u015bci, si\u0142owniki ramienia mog\u0105 napotyka\u0107 pewne problemy. Poni\u017cej przedstawiono typowe problemy i mo\u017cliwe rozwi\u0105zania:<\/p>\n<ul>\n<li><strong>Przeciek:<\/strong> Sprawd\u017a, czy uszczelki nie s\u0105 uszkodzone lub po\u0142\u0105czenia s\u0105 lu\u017ane i wymie\u0144 je lub dokr\u0119\u0107.<\/li>\n<li><strong>Powolne lub niesp\u00f3jne dzia\u0142anie:<\/strong> Sprawd\u017a uk\u0142ad hydrauliczny pod k\u0105tem ewentualnych blokad lub nieodpowiedniego poziomu p\u0142ynu, zapewniaj\u0105c w\u0142a\u015bciwe smarowanie i przep\u0142yw.<\/li>\n<li><strong>Nadmierny ha\u0142as:<\/strong> Sprawd\u017a, czy wsporniki monta\u017cowe i po\u0142\u0105czenia nie s\u0105 poluzowane lub zu\u017cyte; w razie potrzeby dokr\u0119\u0107 je lub wymie\u0144.<\/li>\n<li><strong>Niepe\u0142ne wyd\u0142u\u017cenie lub cofni\u0119cie:<\/strong> Sprawd\u017a, czy nie ma przeszk\u00f3d lub zanieczyszcze\u0144, kt\u00f3re uniemo\u017cliwiaj\u0105 p\u0142ynne poruszanie si\u0119, i wyczy\u015b\u0107 je lub usu\u0144.<\/li>\n<\/ul>\n<p>W przypadku bardziej z\u0142o\u017conych problem\u00f3w zaleca si\u0119 konsultacj\u0119 z fachowcem zajmuj\u0105cym si\u0119 si\u0142ownikami hydraulicznymi w celu uzyskania dalszej pomocy.<\/p>\n<p><img decoding=\"async\" src=\"https:\/\/www.hydraulic-cylinders.net\/wp-content\/uploads\/2025\/01\/songte-chushion-collar.webp\"><\/p>\n<p>Pami\u0119taj o logicznej organizacji artyku\u0142u, u\u017cywaj podtytu\u0142\u00f3w dla \u0142atwej nawigacji i dodawaj odpowiednie obrazy lub diagramy, aby u\u0142atwi\u0107 zrozumienie. Zadbaj o to, aby tre\u015b\u0107 by\u0142a jasna, zwi\u0119z\u0142a i odpowiednia dla czytelnik\u00f3w o r\u00f3\u017cnym poziomie wiedzy technicznej.<\/p>\n<h2>O nas<\/h2>\n<p>Jeste\u015bmy profesjonalnym producentem specjalizuj\u0105cym si\u0119 w produkcji zamiennych cylindr\u00f3w hydraulicznych. Dzi\u0119ki szerokiej gamie produkt\u00f3w stali\u015bmy si\u0119 jednym z wiod\u0105cych producent\u00f3w i hurtownik\u00f3w cylindr\u00f3w hydraulicznych na rynku krajowym i mi\u0119dzynarodowym. Kierujemy si\u0119 zasad\u0105 doskona\u0142o\u015bci, stale doskonal\u0105c nasze mo\u017cliwo\u015bci technologiczne i wydajno\u015b\u0107 produkcji poprzez zindustrializowane strategie zarz\u0105dzania produkcj\u0105 w naszych zaawansowanych warsztatach produkcyjnych. Wprowadzaj\u0105c wysokiej klasy cyfrowy sprz\u0119t produkcyjny i profesjonalne systemy testowe, optymalizujemy nasz\u0105 platform\u0119 produkcyjn\u0105 i usprawniamy procesy kontroli jako\u015bci produkt\u00f3w, prezentuj\u0105c nasze silne mo\u017cliwo\u015bci innowacyjne. Naszym celem jest zaspokajanie zr\u00f3\u017cnicowanych potrzeb naszych klient\u00f3w, kieruj\u0105c si\u0119 zasadami wydajno\u015bci, precyzji i wysokiej jako\u015bci.<\/p>\n<p><img decoding=\"async\" src=\"https:\/\/www.hydraulic-cylinders.net\/wp-content\/uploads\/2025\/01\/songte-company-4.webp\"><br \/>\n<img","protected":false},"excerpt":{"rendered":"<p>Arm Cylinder For Pushhm PZ35-7 Introduction The Arm Cylinder For Pushhm PZ35-7 is a specialized hydraulic cylinder designed to provide linear motion and power to the arm of various machinery such as excavators, cranes, and robotic arms. The arm cylinder plays a crucial role in hydraulic systems, facilitating the movement and control of additional tools [&hellip;]<\/p>","protected":false},"featured_media":14786,"comment_status":"open","ping_status":"closed","template":"","meta":{"_et_pb_use_builder":"","_et_pb_old_content":"","_et_gb_content_width":""},"product_brand":[],"product_cat":[1497],"product_tag":[1498,1496],"class_list":{"0":"post-16747","1":"product","2":"type-product","3":"status-publish","4":"has-post-thumbnail","6":"product_cat-arm-cylinders","7":"product_tag-arm-cylinders","8":"product_tag-hydraulic-cylinders","10":"first","11":"instock","12":"shipping-taxable","13":"product-type-simple"},"amp_enabled":true,"_links":{"self":[{"href":"https:\/\/www.hydraulic-cylinders.net\/pl\/wp-json\/wp\/v2\/product\/16747","targetHints":{"allow":["GET"]}}],"collection":[{"href":"https:\/\/www.hydraulic-cylinders.net\/pl\/wp-json\/wp\/v2\/product"}],"about":[{"href":"https:\/\/www.hydraulic-cylinders.net\/pl\/wp-json\/wp\/v2\/types\/product"}],"replies":[{"embeddable":true,"href":"https:\/\/www.hydraulic-cylinders.net\/pl\/wp-json\/wp\/v2\/comments?post=16747"}],"wp:featuredmedia":[{"embeddable":true,"href":"https:\/\/www.hydraulic-cylinders.net\/pl\/wp-json\/wp\/v2\/media\/14786"}],"wp:attachment":[{"href":"https:\/\/www.hydraulic-cylinders.net\/pl\/wp-json\/wp\/v2\/media?parent=16747"}],"wp:term":[{"taxonomy":"product_brand","embeddable":true,"href":"https:\/\/www.hydraulic-cylinders.net\/pl\/wp-json\/wp\/v2\/product_brand?post=16747"},{"taxonomy":"product_cat","embeddable":true,"href":"https:\/\/www.hydraulic-cylinders.net\/pl\/wp-json\/wp\/v2\/product_cat?post=16747"},{"taxonomy":"product_tag","embeddable":true,"href":"https:\/\/www.hydraulic-cylinders.net\/pl\/wp-json\/wp\/v2\/product_tag?post=16747"}],"curies":[{"name":"wp","href":"https:\/\/api.w.org\/{rel}","templated":true}]}}