{"id":16748,"date":"2025-01-21T05:51:31","date_gmt":"2025-01-21T05:51:31","guid":{"rendered":"https:\/\/www.hydraulic-cylinders.net\/product\/arm-cylinder-for-pushhm-pz60-7b\/"},"modified":"2025-01-21T05:51:33","modified_gmt":"2025-01-21T05:51:33","slug":"arm-cylinder-for-pushhm-pz60-7b","status":"publish","type":"product","link":"https:\/\/www.hydraulic-cylinders.net\/pl\/produkt\/arm-cylinder-for-pushhm-pz60-7b\/","title":{"rendered":"Si\u0142ownik ramienia do pchacza PZ60-7B"},"content":{"rendered":"<h1>Si\u0142ownik ramienia do pchacza PZ60-7B<\/h1>\n<h2>Wst\u0119p<\/h2>\n<p>Si\u0142ownik ramienia do Pushhm PZ60-7B to specjalnie zaprojektowany si\u0142ownik hydrauliczny, kt\u00f3ry zapewnia ruch liniowy i moc ramienia r\u00f3\u017cnego typu maszyn, takich jak koparki, d\u017awigi i ramiona robotyczne. Si\u0142ownik ramienia odgrywa kluczow\u0105 rol\u0119 w uk\u0142adach hydraulicznych, umo\u017cliwiaj\u0105c wydajny ruch i sterowanie dodatkowymi narz\u0119dziami lub osprz\u0119tem. Si\u0142owniki te nie tylko zapewniaj\u0105 p\u0142ynny ruch, ale tak\u017ce wytrzymuj\u0105 du\u017ce obci\u0105\u017cenia, gwarantuj\u0105c wysok\u0105 wydajno\u015b\u0107 i niezawodno\u015b\u0107 maszyn w r\u00f3\u017cnych warunkach pracy.<\/p>\n<h3>Definicja i wyja\u015bnienie<\/h3>\n<p>Si\u0142ownik ramienia to rodzaj si\u0142ownika hydraulicznego specjalnie zaprojektowanego do zapewnienia ruchu liniowego i zasilania ramienia r\u00f3\u017cnych maszyn. Umo\u017cliwia on p\u0142ynny i wydajny ruch i sterowanie osprz\u0119tem, takim jak \u0142y\u017cki koparek, wysi\u0119gniki d\u017awig\u00f3w i ramiona robot\u00f3w. Si\u0142owniki te s\u0105 niezb\u0119dnymi elementami uk\u0142ad\u00f3w hydraulicznych, umo\u017cliwiaj\u0105cymi precyzyjne i kontrolowane ruchy, nawet przy du\u017cych obci\u0105\u017ceniach. S\u0105 one produkowane z materia\u0142\u00f3w o wysokiej wytrzyma\u0142o\u015bci, co zapewnia ich trwa\u0142o\u015b\u0107 oraz odporno\u015b\u0107 na zu\u017cycie i korozj\u0119, dzi\u0119ki czemu nadaj\u0105 si\u0119 do d\u0142ugotrwa\u0142ego u\u017cytkowania w wymagaj\u0105cych warunkach.<\/p>\n<p><img decoding=\"async\" src=\"https:\/\/www.hydraulic-cylinders.net\/wp-content\/uploads\/2025\/01\/songte-company-2.webp\" alt=\"Obraz cylindra ramienia\"><\/p>\n<h2>Cechy produktu<\/h2>\n<ul>\n<li><strong>Wysoka wydajno\u015b\u0107 transmisji:<\/strong> Si\u0142ownik ramienia zapewnia mocny ruch liniowy i si\u0142\u0119, gwarantuj\u0105c wydajn\u0105 prac\u0119 maszyny.<\/li>\n<li><strong>Precyzyjna kontrola:<\/strong> Dzi\u0119ki uk\u0142adowi hydraulicznemu si\u0142ownik ramienia umo\u017cliwia precyzyjn\u0105 kontrol\u0119 ruchu, co sprawia, \u017ce \u200b\u200boperacje z u\u017cyciem do\u0142\u0105czonych narz\u0119dzi s\u0105 bardziej elastyczne i dok\u0142adne.<\/li>\n<li><strong>Trwa\u0142o\u015b\u0107:<\/strong> Cylindry ramienia wykonane s\u0105 z materia\u0142\u00f3w o wysokiej wytrzyma\u0142o\u015bci, zapewniaj\u0105cych doskona\u0142\u0105 odporno\u015b\u0107 na zu\u017cycie i korozj\u0119, dzi\u0119ki czemu nadaj\u0105 si\u0119 do d\u0142ugotrwa\u0142ego u\u017cytkowania w trudnych warunkach.<\/li>\n<li><strong>Wielofunkcyjna adaptowalno\u015b\u0107:<\/strong> Tego typu cylindry mo\u017cna powszechnie stosowa\u0107 w r\u00f3\u017cnych maszynach, m.in. koparkach, d\u017awigach i ramionach robot\u00f3w, aby sprosta\u0107 zr\u00f3\u017cnicowanym wymaganiom roboczym.<\/li>\n<li><strong>\u0141atwa konserwacja:<\/strong> Zaprojektowany z my\u015bl\u0105 o \u0142atwej konserwacji i wymianie si\u0142ownik ramienia umo\u017cliwia wygodn\u0105 okresow\u0105 kontrol\u0119 i konserwacj\u0119, redukuj\u0105c przestoje sprz\u0119tu.<\/li>\n<\/ul>\n<p><img decoding=\"async\" src=\"https:\/\/www.hydraulic-cylinders.net\/wp-content\/uploads\/2025\/01\/songte-oil-pipes-and-spare-parts.webp\" alt=\"Cz\u0119\u015bci zamienne do cylindra ramienia\"><\/p>\n<h2>Aplikacje<\/h2>\n<p>Si\u0142ownik ramienia ma r\u00f3\u017cnorodne zastosowania w r\u00f3\u017cnych ga\u0142\u0119ziach przemys\u0142u:<\/p>\n<ul>\n<li><strong>In\u017cynieria budowlana:<\/strong> Si\u0142ownik ramienia stosowany w koparkach i d\u017awigach steruje ruchem \u0142y\u017cek lub wysi\u0119gnik\u00f3w podczas rob\u00f3t ziemnych, przenoszenia materia\u0142\u00f3w i instalacji konstrukcyjnych.<\/li>\n<li><strong>Produkcja:<\/strong> W zautomatyzowanych liniach produkcyjnych si\u0142ownik ramienia jest wykorzystywany do poruszania ramionami robota w procesach monta\u017cu, spawania i obs\u0142ugi, co zwi\u0119ksza wydajno\u015b\u0107 i precyzj\u0119.<\/li>\n<li><strong>Maszyny rolnicze:<\/strong> Cylindry ramion steruj\u0105 ruchem ramion roboczych w maszynach rolniczych, takich jak kombajny i siewniki, umo\u017cliwiaj\u0105c wykonywanie zada\u0144 takich jak siew, nawo\u017cenie i zbi\u00f3r.<\/li>\n<li><strong>G\u00f3rnictwo:<\/strong> W sprz\u0119cie g\u00f3rniczym cylindry ramionowe steruj\u0105 ruchem ramion sprz\u0119tu g\u00f3rniczego, u\u0142atwiaj\u0105c wydobycie i transport rudy.<\/li>\n<li><strong>Logistyka i transport:<\/strong> W w\u00f3zkach wid\u0142owych i robotach prze\u0142adunkowych si\u0142owniki ramion steruj\u0105 podnoszeniem i ruchem wide\u0142, umo\u017cliwiaj\u0105c przenoszenie i uk\u0142adanie materia\u0142\u00f3w.<\/li>\n<\/ul>\n<h2>Zagadnienia projektowe i kryteria wyboru<\/h2>\n<p>Przy rozwa\u017caniu projektu i doborze cylindra ramienia nale\u017cy wzi\u0105\u0107 pod uwag\u0119 kilka czynnik\u00f3w:<\/p>\n<ul>\n<li><strong>No\u015bno\u015b\u0107:<\/strong> Si\u0142ownik ramienia powinien by\u0107 w stanie wytrzyma\u0107 spodziewane obci\u0105\u017cenia i si\u0142y wyst\u0119puj\u0105ce podczas pracy.<\/li>\n<li><strong>Opiecz\u0119towanie:<\/strong> Aby zapewni\u0107 skuteczne uszczelnienie, nale\u017cy stosowa\u0107 r\u00f3\u017cne elementy uszczelniaj\u0105ce, takie jak uszczelnienia t\u0142ok\u00f3w i t\u0142oczysk. Uszczelnienia te s\u0105 cz\u0119sto wykonane z materia\u0142\u00f3w odpornych na zu\u017cycie, takich jak poliuretan i kauczuk nitrylowy.<\/li>\n<li><strong>Trwa\u0142o\u015b\u0107:<\/strong> Korpus cylindra i gwintowane ko\u0144ce nale\u017cy podda\u0107 dok\u0142adnej obr\u00f3bce w celu zwi\u0119kszenia odporno\u015bci na zu\u017cycie i zapewnienia d\u0142ugiej \u017cywotno\u015bci.<\/li>\n<li><strong>Bezpiecze\u0144stwo:<\/strong> Projekt powinien uwzgl\u0119dnia\u0107 zabezpieczenia zapobiegaj\u0105ce wypadkom i zapewniaj\u0105ce ochron\u0119 operatora podczas pracy.<\/li>\n<li><strong>Utrzymywalno\u015b\u0107:<\/strong> Si\u0142ownik ramienia powinien by\u0107 zaprojektowany w spos\u00f3b umo\u017cliwiaj\u0105cy \u0142atw\u0105 konserwacj\u0119 i napraw\u0119, co umo\u017cliwi regularne kontrole i skr\u00f3ci przestoje.<\/li>\n<\/ul>\n<p><img decoding=\"async\" src=\"https:\/\/www.hydraulic-cylinders.net\/wp-content\/uploads\/2025\/01\/songte-cylinder-head-with-all-kinds-excavator-models.webp\" alt=\"Konstrukcja cylindra ramienia\"><\/p>\n<h2>Uszczelnianie i smarowanie<\/h2>\n<p>Si\u0142ownik ramienia wykorzystuje r\u00f3\u017cnorodne elementy uszczelniaj\u0105ce, aby zapewni\u0107 wydajn\u0105 prac\u0119. Nale\u017c\u0105 do nich uszczelnienia t\u0142oka, t\u0142oczyska i inne elementy uszczelniaj\u0105ce. Uszczelnienia te wykonane s\u0105 z materia\u0142\u00f3w odpornych na zu\u017cycie, takich jak poliuretan i kauczuk nitrylowy. Korpus si\u0142ownika i gwintowane ko\u0144c\u00f3wki poddawane s\u0105 precyzyjnej obr\u00f3bce w celu zwi\u0119kszenia odporno\u015bci na zu\u017cycie. Regularne smarowanie odpowiednim olejem hydraulicznym jest niezb\u0119dne do utrzymania p\u0142ynnej pracy i zapobiegania zu\u017cyciu.<\/p>\n<h2>Regularne kontrole i konserwacja zapobiegawcza<\/h2>\n<p>Aby zapewni\u0107 optymaln\u0105 wydajno\u015b\u0107 i trwa\u0142o\u015b\u0107 si\u0142ownika ramienia, niezb\u0119dne s\u0105 regularne kontrole i konserwacja zapobiegawcza. Nale\u017cy podj\u0105\u0107 nast\u0119puj\u0105ce dzia\u0142ania:<\/p>\n<ul>\n<li>Sprawd\u017a cylinder pod k\u0105tem ewentualnych wyciek\u00f3w, uszkodze\u0144 lub zu\u017cycia.<\/li>\n<li>Sprawd\u017a i wymie\u0144 zu\u017cyte lub uszkodzone uszczelki i inne elementy.<\/li>\n<li>Aby zapewni\u0107 odpowiednie smarowanie, nale\u017cy doda\u0107 odpowiedni\u0105 ilo\u015b\u0107 oleju hydraulicznego.<\/li>\n<li>Dokr\u0119\u0107 wszelkie lu\u017ane po\u0142\u0105czenia i z\u0142\u0105czki.<\/li>\n<li>Monitoruj i utrzymuj czysto\u015b\u0107 uk\u0142adu hydraulicznego.<\/li>\n<\/ul>\n<h2>Instrukcja instalacji produktu<\/h2>\n<p>Prawid\u0142owy monta\u017c si\u0142ownika ramienia ma kluczowe znaczenie dla optymalnej wydajno\u015bci i bezpiecze\u0144stwa. Post\u0119puj zgodnie z poni\u017cszymi wskaz\u00f3wkami:<\/p>\n<ul>\n<li>Upewnij si\u0119, \u017ce powierzchnie monta\u017cowe s\u0105 czyste i wolne od zanieczyszcze\u0144.<\/li>\n<li>Prawid\u0142owo wyr\u00f3wnaj cylinder z punktami mocowania.<\/li>\n<li>Solidnie zamocuj cylinder za pomoc\u0105 odpowiednich \u015brub lub ko\u0142k\u00f3w.<\/li>\n<li>Sprawd\u017a, czy wszystkie po\u0142\u0105czenia s\u0105 szczelne i nie ma wyciek\u00f3w.<\/li>\n<li>Przed pe\u0142nym u\u017cyciem nale\u017cy sprawdzi\u0107 dzia\u0142anie cylindra.<\/li>\n<\/ul>\n<p><img decoding=\"async\" src=\"https:\/\/www.hydraulic-cylinders.net\/wp-content\/uploads\/2025\/01\/songte-bushings-with-all-kinds-of-excavator-models.webp\" alt=\"Monta\u017c cylindra ramienia\"><\/p>\n<h2>Zagadnienia bezpiecze\u0144stwa i czynniki \u015brodowiskowe<\/h2>\n<p>Podczas pracy z si\u0142ownikiem ramienia, \u015brodki bezpiecze\u0144stwa s\u0105 niezwykle wa\u017cne. Nale\u017cy stosowa\u0107 odpowiednie \u015brodki bezpiecze\u0144stwa podczas obs\u0142ugi i konserwacji sprz\u0119tu. Nale\u017cy wzi\u0105\u0107 pod uwag\u0119 czynniki \u015brodowiskowe, takie jak temperatura, wilgotno\u015b\u0107 oraz nara\u017cenie na dzia\u0142anie chemikali\u00f3w lub substancji \u017cr\u0105cych, podejmuj\u0105c niezb\u0119dne dzia\u0142ania w celu zapewnienia prawid\u0142owego dzia\u0142ania i d\u0142ugiej \u017cywotno\u015bci si\u0142ownika.<\/p>\n<h2>Rozwi\u0105zywanie problem\u00f3w i typowe problemy<\/h2>\n<p>W przypadku wyst\u0105pienia problem\u00f3w z cylindrem ramienia poni\u017csze czynno\u015bci mog\u0105 pom\u00f3c w zdiagnozowaniu i rozwi\u0105zaniu problem\u00f3w:<\/p>\n<ul>\n<li>Sprawd\u017a, czy na cylindrze nie ma widocznych wyciek\u00f3w lub uszkodze\u0144.<\/li>\n<li>Sprawd\u017a uszczelki i wymie\u0144 te zu\u017cyte lub uszkodzone.<\/li>\n<li>Zapewnij odpowiednie smarowanie przy u\u017cyciu zalecanego oleju hydraulicznego.<\/li>\n<li>Sprawd\u017a, czy wszystkie po\u0142\u0105czenia i okucia s\u0105 dobrze dokr\u0119cone i bezpieczne.<\/li>\n<li>W przypadku bardziej skomplikowanych problem\u00f3w nale\u017cy zapozna\u0107 si\u0119 z instrukcj\u0105 producenta lub zwr\u00f3ci\u0107 si\u0119 o pomoc do specjalisty.<\/li>\n<\/ul>\n<p><img decoding=\"async\" src=\"https:\/\/www.hydraulic-cylinders.net\/wp-content\/uploads\/2025\/01\/songte-chushion-collar.webp\" alt=\"Rozwi\u0105zywanie problem\u00f3w z cylindrem ramienia\"><\/p>\n<p>Dzi\u0119ki przestrzeganiu tych wskaz\u00f3wek dotycz\u0105cych rozwi\u0105zywania problem\u00f3w i wdra\u017caniu \u015brodk\u00f3w zapobiegawczych czytelnicy mog\u0105 skutecznie diagnozowa\u0107 i rozwi\u0105zywa\u0107 problemy oraz minimalizowa\u0107 potencjalne problemy.<\/p>\n<h2>O naszej firmie<\/h2>\n<p>Jeste\u015bmy profesjonalnym producentem zamiennych si\u0142ownik\u00f3w hydraulicznych, oferuj\u0105cym szerok\u0105 gam\u0119 produkt\u00f3w. Jako jeden z wiod\u0105cych producent\u00f3w i dystrybutor\u00f3w hurtowych na rynku krajowym i mi\u0119dzynarodowym, stawiamy na najwy\u017csz\u0105 jako\u015b\u0107. Nasza strategia zarz\u0105dzania produkcj\u0105 opiera si\u0119 na zaawansowanych warsztatach produkcyjnych i zindustrializowanej produkcji, co pozwala nam stale doskonali\u0107 nasz\u0105 wiedz\u0119 techniczn\u0105 i zwi\u0119ksza\u0107 wydajno\u015b\u0107 produkcji.<\/p>\n<p>Wprowadzaj\u0105c wysokiej klasy cyfrowy sprz\u0119t produkcyjny i profesjonalne systemy testowe, optymalizujemy nasz\u0105 platform\u0119 produkcyjn\u0105 i usprawniamy procesy kontroli jako\u015bci produkt\u00f3w. Dzi\u0119ki silnemu potencja\u0142owi innowacyjnemu, naszym celem jest zaspokajanie zr\u00f3\u017cnicowanych potrzeb klient\u00f3w, zapewniaj\u0105c im wysok\u0105 wydajno\u015b\u0107, precyzj\u0119 i wysokie standardy jako\u015bci.<\/p>\n<p><img decoding=\"async\" src=\"https:\/\/www.hydraulic-cylinders.net\/wp-content\/uploads\/2025\/01\/songte-company-4.webp\" alt=\"Przegl\u0105d firmy\"><br \/>\n<img","protected":false},"excerpt":{"rendered":"<p>Arm Cylinder For Pushhm PZ60-7B Introduction The Arm Cylinder for Pushhm PZ60-7B is a specially designed hydraulic cylinder that provides linear motion and power to the arm of various types of machinery such as excavators, cranes, and robotic arms. The arm cylinder plays a critical role in hydraulic systems, enabling the efficient movement and control [&hellip;]<\/p>","protected":false},"featured_media":14783,"comment_status":"open","ping_status":"closed","template":"","meta":{"_et_pb_use_builder":"","_et_pb_old_content":"","_et_gb_content_width":""},"product_brand":[],"product_cat":[1497],"product_tag":[1498,1496],"class_list":{"0":"post-16748","1":"product","2":"type-product","3":"status-publish","4":"has-post-thumbnail","6":"product_cat-arm-cylinders","7":"product_tag-arm-cylinders","8":"product_tag-hydraulic-cylinders","10":"first","11":"instock","12":"shipping-taxable","13":"product-type-simple"},"amp_enabled":true,"_links":{"self":[{"href":"https:\/\/www.hydraulic-cylinders.net\/pl\/wp-json\/wp\/v2\/product\/16748","targetHints":{"allow":["GET"]}}],"collection":[{"href":"https:\/\/www.hydraulic-cylinders.net\/pl\/wp-json\/wp\/v2\/product"}],"about":[{"href":"https:\/\/www.hydraulic-cylinders.net\/pl\/wp-json\/wp\/v2\/types\/product"}],"replies":[{"embeddable":true,"href":"https:\/\/www.hydraulic-cylinders.net\/pl\/wp-json\/wp\/v2\/comments?post=16748"}],"wp:featuredmedia":[{"embeddable":true,"href":"https:\/\/www.hydraulic-cylinders.net\/pl\/wp-json\/wp\/v2\/media\/14783"}],"wp:attachment":[{"href":"https:\/\/www.hydraulic-cylinders.net\/pl\/wp-json\/wp\/v2\/media?parent=16748"}],"wp:term":[{"taxonomy":"product_brand","embeddable":true,"href":"https:\/\/www.hydraulic-cylinders.net\/pl\/wp-json\/wp\/v2\/product_brand?post=16748"},{"taxonomy":"product_cat","embeddable":true,"href":"https:\/\/www.hydraulic-cylinders.net\/pl\/wp-json\/wp\/v2\/product_cat?post=16748"},{"taxonomy":"product_tag","embeddable":true,"href":"https:\/\/www.hydraulic-cylinders.net\/pl\/wp-json\/wp\/v2\/product_tag?post=16748"}],"curies":[{"name":"wp","href":"https:\/\/api.w.org\/{rel}","templated":true}]}}