{"id":16752,"date":"2025-01-21T05:51:49","date_gmt":"2025-01-21T05:51:49","guid":{"rendered":"https:\/\/www.hydraulic-cylinders.net\/product\/arm-cylinder-for-pushhm-pz250lc-8\/"},"modified":"2025-01-21T05:51:51","modified_gmt":"2025-01-21T05:51:51","slug":"arm-cylinder-for-pushhm-pz250lc-8","status":"publish","type":"product","link":"https:\/\/www.hydraulic-cylinders.net\/pl\/produkt\/arm-cylinder-for-pushhm-pz250lc-8\/","title":{"rendered":"Si\u0142ownik ramienia do pchacza PZ250LC-8"},"content":{"rendered":"<h2>Si\u0142ownik ramienia do pchacza PZ250LC-8<\/h2>\n<h3>Wst\u0119p<\/h3>\n<p>Si\u0142ownik ramienia to specjalnie zaprojektowany si\u0142ownik hydrauliczny, kt\u00f3ry s\u0142u\u017cy g\u0142\u00f3wnie do zapewnienia ruchu liniowego i zasilania ramion r\u00f3\u017cnych maszyn, takich jak koparki, d\u017awigi i ramiona robot\u00f3w. Si\u0142ownik ramienia odgrywa kluczow\u0105 rol\u0119 w uk\u0142adach hydraulicznych, umo\u017cliwiaj\u0105c efektywne sterowanie osprz\u0119tem i akcesoriami. Si\u0142owniki te nie tylko zapewniaj\u0105 p\u0142ynny ruch, ale tak\u017ce wytrzymuj\u0105 du\u017ce obci\u0105\u017cenia, gwarantuj\u0105c wydajn\u0105 prac\u0119 i niezawodno\u015b\u0107 maszyn w r\u00f3\u017cnych warunkach eksploatacyjnych.<\/p>\n<p><img decoding=\"async\" src=\"https:\/\/www.hydraulic-cylinders.net\/wp-content\/uploads\/2025\/01\/songte-company-2.webp\" alt=\"Obraz cylindra ramienia\"><\/p>\n<h3>Cechy<\/h3>\n<ul>\n<li><strong>Wysokowydajna skrzynia bieg\u00f3w:<\/strong> Cylinder ramienia zapewnia mocny ruch liniowy i si\u0142\u0119, gwarantuj\u0105c wysok\u0105 wydajno\u015b\u0107 ramienia robota w r\u00f3\u017cnych operacjach.<\/li>\n<li><strong>Precyzyjna kontrola:<\/strong> Dzi\u0119ki uk\u0142adowi hydraulicznemu si\u0142ownik ramienia mo\u017ce uzyska\u0107 precyzyjn\u0105 kontrol\u0119 ruchu, co sprawia, \u017ce \u200b\u200bobs\u0142uga akcesori\u00f3w jest bardziej elastyczna i dok\u0142adna.<\/li>\n<li><strong>Wytrzyma\u0142y:<\/strong> Cylindry ramienia s\u0105 zazwyczaj wykonane z materia\u0142\u00f3w o wysokiej wytrzyma\u0142o\u015bci, charakteryzuj\u0105 si\u0119 dobr\u0105 odporno\u015bci\u0105 na zu\u017cycie i korozj\u0119 oraz nadaj\u0105 si\u0119 do d\u0142ugotrwa\u0142ego u\u017cytkowania w trudnych warunkach.<\/li>\n<li><strong>Wielofunkcyjno\u015b\u0107:<\/strong> Tego typu cylindry mo\u017cna powszechnie stosowa\u0107 w r\u00f3\u017cnych urz\u0105dzeniach mechanicznych, takich jak koparki, d\u017awigi i ramiona robotyczne, aby sprosta\u0107 zr\u00f3\u017cnicowanym wymaganiom roboczym.<\/li>\n<li><strong>\u0141atwa konserwacja:<\/strong> Projekt zak\u0142ada \u0142atw\u0105 konserwacj\u0119 i wymian\u0119, dzi\u0119ki czemu regularne kontrole i konserwacje staj\u0105 si\u0119 wygodniejsze, a przestoje sprz\u0119tu zostaj\u0105 skr\u00f3cone.<\/li>\n<\/ul>\n<p>Mo\u017cemy wyprodukowa\u0107 ten produkt, kt\u00f3ry doskonale zast\u0105pi te cylindry hydrauliczne.<\/p>\n<p><img decoding=\"async\" src=\"https:\/\/www.hydraulic-cylinders.net\/wp-content\/uploads\/2025\/01\/songte-oil-pipes-and-spare-parts.webp\" alt=\"Obraz cz\u0119\u015bci zamiennych do cylindra hydraulicznego\"><\/p>\n<h3>Aplikacje<\/h3>\n<p>Si\u0142ownik ramienia stosowany jest w r\u00f3\u017cnych ga\u0142\u0119ziach przemys\u0142u, w tym:<\/p>\n<ul>\n<li><strong>Budowa:<\/strong> W koparkach i d\u017awigach si\u0142ownik ramienia s\u0142u\u017cy do sterowania ruchem \u0142y\u017cki lub wysi\u0119gnika podczas rob\u00f3t ziemnych, przenoszenia materia\u0142\u00f3w i instalacji konstrukcyjnych.<\/li>\n<li><strong>Produkcja:<\/strong> W zautomatyzowanych liniach produkcyjnych si\u0142ownik ramienia jest wykorzystywany do poruszania ramionami robota podczas proces\u00f3w monta\u017cu, spawania i obs\u0142ugi, co zwi\u0119ksza wydajno\u015b\u0107 i dok\u0142adno\u015b\u0107 produkcji.<\/li>\n<li><strong>Maszyny rolnicze:<\/strong> W maszynach rolniczych, takich jak kombajny i siewniki, si\u0142ownik ramienia steruje ruchem ramienia roboczego, wykonuj\u0105cego takie zadania, jak siew, nawo\u017cenie i zbi\u00f3r.<\/li>\n<li><strong>G\u00f3rnictwo:<\/strong> W sprz\u0119cie g\u00f3rniczym si\u0142ownik ramienia s\u0142u\u017cy do sterowania ruchem ramienia sprz\u0119tu g\u00f3rniczego stosowanego przy wydobyciu i transporcie rud.<\/li>\n<li><strong>Logistyka i transport:<\/strong> W w\u00f3zkach wid\u0142owych i robotach prze\u0142adunkowych si\u0142ownik ramienia s\u0142u\u017cy do sterowania podnoszeniem i ruchem wide\u0142, co umo\u017cliwia przenoszenie i uk\u0142adanie materia\u0142\u00f3w.<\/li>\n<\/ul>\n<h3>Zagadnienia projektowe i kryteria wyboru<\/h3>\n<p>Z punktu widzenia projektowania cylindry ramieniowe powinny mie\u0107 nast\u0119puj\u0105ce cechy:<\/p>\n<ul>\n<li><strong>No\u015bno\u015b\u0107:<\/strong> Cylinder ramienia powinien by\u0107 w stanie wytrzyma\u0107 obci\u0105\u017cenie i napr\u0119\u017cenia wyst\u0119puj\u0105ce podczas pracy ramienia robota.<\/li>\n<li><strong>Opiecz\u0119towanie:<\/strong> Aby zapobiec wyciekom oleju hydraulicznego, nale\u017cy stosowa\u0107 r\u00f3\u017cne elementy uszczelniaj\u0105ce, takie jak uszczelki t\u0142okowe i uszczelki t\u0142oczyskowe.<\/li>\n<li><strong>Trwa\u0142o\u015b\u0107:<\/strong> Cylinder ramienia powinien by\u0107 wykonany z materia\u0142\u00f3w o wysokiej wytrzyma\u0142o\u015bci i charakteryzowa\u0107 si\u0119 dobr\u0105 odporno\u015bci\u0105 na zu\u017cycie i korozj\u0119, aby m\u00f3g\u0142 wytrzyma\u0107 trudne warunki otoczenia.<\/li>\n<li><strong>Bezpiecze\u0144stwo:<\/strong> Cylinder ramienia powinien by\u0107 wyposa\u017cony w zabezpieczenia, takie jak zawory bezpiecze\u0144stwa, zapobiegaj\u0105ce wypadkom spowodowanym nadmiernym ci\u015bnieniem.<\/li>\n<li><strong>Konserwacja:<\/strong> Cylinder ramienia powinien by\u0107 zaprojektowany w spos\u00f3b umo\u017cliwiaj\u0105cy \u0142atw\u0105 konserwacj\u0119 i wymian\u0119 cz\u0119\u015bci, co skr\u00f3ci czas przestoju.<\/li>\n<\/ul>\n<p><img decoding=\"async\" src=\"https:\/\/www.hydraulic-cylinders.net\/wp-content\/uploads\/2025\/01\/songte-cylinder-head-with-all-kinds-excavator-models.webp\" alt=\"Obraz g\u0142owicy cylindra hydraulicznego\"><\/p>\n<h3>Uszczelnianie i smarowanie<\/h3>\n<p>Aby zapobiec wyciekom oleju hydraulicznego, nale\u017cy stosowa\u0107 r\u00f3\u017cne elementy uszczelniaj\u0105ce, takie jak uszczelnienia t\u0142oka i t\u0142oczyska. Elementy uszczelniaj\u0105ce powinny by\u0107 wykonane z materia\u0142\u00f3w odpornych na zu\u017cycie, takich jak poliuretan i kauczuk nitrylowy. Korpus cylindra i gwintowana powierzchnia ko\u0144cowa powinny by\u0107 precyzyjnie obrobione, aby zwi\u0119kszy\u0107 odporno\u015b\u0107 na zu\u017cycie. Si\u0142ownik ramienia wymaga regularnego smarowania olejem hydraulicznym, aby zapewni\u0107 jego p\u0142ynn\u0105 prac\u0119.<\/p>\n<h3>Konserwacja zapobiegawcza i rozwi\u0105zywanie problem\u00f3w<\/h3>\n<p>Regularne przegl\u0105dy i konserwacja zapobiegawcza s\u0105 niezb\u0119dne dla zapewnienia optymalnej pracy si\u0142ownika ramienia. Do typowych problem\u00f3w z rozwi\u0105zywaniem problem\u00f3w nale\u017c\u0105 wycieki oleju, nietypowy ha\u0142as i powolna praca. Aby zapobiec tym problemom, nale\u017cy przestrzega\u0107 wytycznych i zalece\u0144 producenta dotycz\u0105cych konserwacji i wymiany cz\u0119\u015bci. <\/p>\n<p><img decoding=\"async\" src=\"https:\/\/www.hydraulic-cylinders.net\/wp-content\/uploads\/2025\/01\/songte-chushion-collar.webp\" alt=\"Obraz ko\u0142nierza cylindra hydraulicznego\"><\/p>\n<h3>Przewodnik instalacji<\/h3>\n<p>Monta\u017c si\u0142ownika ramienia wymaga \u015bcis\u0142ego przestrzegania instrukcji i wytycznych producenta. Oto kilka og\u00f3lnych krok\u00f3w, kt\u00f3re nale\u017cy wykona\u0107:<\/p>\n<ol>\n<li>Przed monta\u017cem nale\u017cy sprawdzi\u0107, czy cylinder ramienia nie ma uszkodze\u0144 lub wad.<\/li>\n<li>Upewnij si\u0119, \u017ce wszystkie elementy \u0142\u0105cz\u0105ce s\u0105 czyste i wolne od zanieczyszcze\u0144.<\/li>\n<li>Wyr\u00f3wnaj cylinder ramienia ze wspornikiem monta\u017cowym i zabezpiecz go odpowiednimi \u015brubami.<\/li>\n<li>Pod\u0142\u0105cz przewody hydrauliczne do port\u00f3w cylindra i dokr\u0119\u0107 z\u0142\u0105cza.<\/li>\n<li>Nape\u0142nij uk\u0142ad hydrauliczny zalecanym olejem i sprawd\u017a, czy cylinder dzia\u0142a prawid\u0142owo.<\/li>\n<\/ol>\n<p><img decoding=\"async\" src=\"https:\/\/www.hydraulic-cylinders.net\/wp-content\/uploads\/2025\/01\/songte-bushings-with-all-kinds-of-excavator-models.webp\" alt=\"Obraz tulei cylindr\u00f3w hydraulicznych\"><\/p>\n<h3>Zagadnienia bezpiecze\u0144stwa i czynniki \u015brodowiskowe<\/h3>\n<p>Podczas obs\u0142ugi si\u0142ownika ramienia nale\u017cy bezwzgl\u0119dnie przestrzega\u0107 wszystkich wytycznych i procedur bezpiecze\u0144stwa, aby zapobiec wypadkom. Zawsze nale\u017cy nosi\u0107 odpowiedni sprz\u0119t ochronny, nie przekracza\u0107 ud\u017awigu si\u0142ownika i w razie potrzeby korzysta\u0107 z zawor\u00f3w bezpiecze\u0144stwa. Czynniki \u015brodowiskowe, takie jak temperatura i wilgotno\u015b\u0107, mog\u0105 wp\u0142ywa\u0107 na dzia\u0142anie si\u0142ownika ramienia, dlatego nale\u017cy je koniecznie uwzgl\u0119dni\u0107 podczas instalacji i u\u017cytkowania.<\/p>\n<h3>Wprowadzenie do firmy<\/h3>\n<p>Jeste\u015bmy profesjonalnym producentem cylindr\u00f3w hydraulicznych, oferuj\u0105cym szerok\u0105 gam\u0119 produkt\u00f3w. Stali\u015bmy si\u0119 jednym z wiod\u0105cych producent\u00f3w i dystrybutor\u00f3w hurtowych cylindr\u00f3w hydraulicznych na rynku krajowym i mi\u0119dzynarodowym. Zawsze przestrzegamy zasady doskona\u0142ej jako\u015bci, opieramy si\u0119 na strategii zarz\u0105dzania produkcj\u0105 industrialn\u0105 w zaawansowanych warsztatach produkcyjnych, stale podnosz\u0105c poziom techniczny i wydajno\u015b\u0107 produkcji. Wprowadzaj\u0105c zaawansowany cyfrowy sprz\u0119t produkcyjny i profesjonalne systemy testowe, stale optymalizujemy platform\u0119 produkcyjn\u0105, usprawniamy proces kontroli jako\u015bci produkt\u00f3w i dysponujemy du\u017cym potencja\u0142em innowacyjnym. Naszym celem jest zaspokajanie zr\u00f3\u017cnicowanych potrzeb klient\u00f3w poprzez wysok\u0105 wydajno\u015b\u0107, dok\u0142adno\u015b\u0107 i wysok\u0105 jako\u015b\u0107.<\/p>\n<p><img decoding=\"async\" src=\"https:\/\/www.hydraulic-cylinders.net\/wp-content\/uploads\/2025\/01\/songte-company-4.webp\" alt=\"Obraz firmy 1\"><br \/>\n<img decoding=\"async\" src=\"https:\/\/www.hydraulic-cylinders.net\/wp-content\/uploads\/2025\/01\/songte-company-3.webp\" alt=\"Obraz firmy 2\"><\/p>\n<h3>Nasze mocne strony<\/h3>\n<ul>\n<li><strong>Profesjonalizm:<\/strong> Mamy zesp\u00f3\u0142 do\u015bwiadczonych technik\u00f3w i in\u017cynier\u00f3w, kt\u00f3rych celem jest produkcja wysokiej jako\u015bci cylindr\u00f3w hydraulicznych.<\/li>\n<li><strong>Certyfikacja mi\u0119dzynarodowa:<\/strong> Nasze produkty posiadaj\u0105 certyfikaty ISO9001, SGS i CE, co gwarantuje ich jako\u015b\u0107 i niezawodno\u015b\u0107.<\/li>\n<li><strong>Personalizacja:<\/strong> Mo\u017cemy dostarczy\u0107 niestandardowe cylindry hydrauliczne wed\u0142ug konkretnych wymaga\u0144 klienta.<\/li>\n<li><strong>Sprz\u0119t produkcyjny:<\/strong> Dysponujemy zaawansowanym cyfrowym sprz\u0119tem produkcyjnym, takim jak tokarki i frezarki CNC.<\/li>\n<li><strong>Serwis posprzeda\u017cowy:<\/strong> Zapewniamy doskona\u0142\u0105 obs\u0142ug\u0119 posprzeda\u017cow\u0105, obejmuj\u0105c\u0105 wsparcie techniczne i szybk\u0105 odpowied\u017a na zapytania klient\u00f3w.<\/li>\n<\/ul>\n<p>Autor: lyl<\/p>","protected":false},"excerpt":{"rendered":"<p>Arm Cylinder For Pushhm PZ250LC-8 Introduction The arm cylinder is a specially designed hydraulic cylinder that is mainly used to provide linear motion and power to arms of various machinery such as excavators, cranes, and robotic arms. The arm cylinder plays a crucial role in hydraulic systems that enable attachments or accessories to move and [&hellip;]<\/p>","protected":false},"featured_media":14772,"comment_status":"open","ping_status":"closed","template":"","meta":{"_et_pb_use_builder":"","_et_pb_old_content":"","_et_gb_content_width":""},"product_brand":[],"product_cat":[1497],"product_tag":[1498,1496],"class_list":{"0":"post-16752","1":"product","2":"type-product","3":"status-publish","4":"has-post-thumbnail","6":"product_cat-arm-cylinders","7":"product_tag-arm-cylinders","8":"product_tag-hydraulic-cylinders","10":"first","11":"instock","12":"shipping-taxable","13":"product-type-simple"},"amp_enabled":true,"_links":{"self":[{"href":"https:\/\/www.hydraulic-cylinders.net\/pl\/wp-json\/wp\/v2\/product\/16752","targetHints":{"allow":["GET"]}}],"collection":[{"href":"https:\/\/www.hydraulic-cylinders.net\/pl\/wp-json\/wp\/v2\/product"}],"about":[{"href":"https:\/\/www.hydraulic-cylinders.net\/pl\/wp-json\/wp\/v2\/types\/product"}],"replies":[{"embeddable":true,"href":"https:\/\/www.hydraulic-cylinders.net\/pl\/wp-json\/wp\/v2\/comments?post=16752"}],"wp:featuredmedia":[{"embeddable":true,"href":"https:\/\/www.hydraulic-cylinders.net\/pl\/wp-json\/wp\/v2\/media\/14772"}],"wp:attachment":[{"href":"https:\/\/www.hydraulic-cylinders.net\/pl\/wp-json\/wp\/v2\/media?parent=16752"}],"wp:term":[{"taxonomy":"product_brand","embeddable":true,"href":"https:\/\/www.hydraulic-cylinders.net\/pl\/wp-json\/wp\/v2\/product_brand?post=16752"},{"taxonomy":"product_cat","embeddable":true,"href":"https:\/\/www.hydraulic-cylinders.net\/pl\/wp-json\/wp\/v2\/product_cat?post=16752"},{"taxonomy":"product_tag","embeddable":true,"href":"https:\/\/www.hydraulic-cylinders.net\/pl\/wp-json\/wp\/v2\/product_tag?post=16752"}],"curies":[{"name":"wp","href":"https:\/\/api.w.org\/{rel}","templated":true}]}}