{"id":16775,"date":"2025-01-21T05:53:28","date_gmt":"2025-01-21T05:53:28","guid":{"rendered":"https:\/\/www.hydraulic-cylinders.net\/product\/arm-cylinder-for-john-deere-e240lc\/"},"modified":"2025-01-21T05:53:31","modified_gmt":"2025-01-21T05:53:31","slug":"arm-cylinder-for-john-deere-e240lc","status":"publish","type":"product","link":"https:\/\/www.hydraulic-cylinders.net\/pl\/produkt\/arm-cylinder-for-john-deere-e240lc\/","title":{"rendered":"Si\u0142ownik ramienia do John Deere E240LC"},"content":{"rendered":"<h2>Si\u0142ownik ramienia do John Deere E240LC<\/h2>\n<h3>Wst\u0119p<\/h3>\n<p>Si\u0142ownik ramienia to specjalnie zaprojektowany si\u0142ownik hydrauliczny, kt\u00f3ry zapewnia ruch liniowy i moc ramienia r\u00f3\u017cnego rodzaju maszyn, takich jak koparki, d\u017awigi i ramiona mechaniczne. Si\u0142ownik ramienia odgrywa kluczow\u0105 rol\u0119 w uk\u0142adzie hydraulicznym, umo\u017cliwiaj\u0105c ruch i efektywne sterowanie dodatkowymi narz\u0119dziami lub osprz\u0119tem. Si\u0142owniki te nie tylko zapewniaj\u0105 p\u0142ynny ruch, ale tak\u017ce wytrzymuj\u0105 du\u017ce obci\u0105\u017cenia, gwarantuj\u0105c wydajn\u0105 prac\u0119 i niezawodno\u015b\u0107 maszyn w r\u00f3\u017cnych warunkach pracy.<\/p>\n<p><img decoding=\"async\" src=\"https:\/\/www.hydraulic-cylinders.net\/wp-content\/uploads\/2025\/01\/songte-company-2.webp\"\/><\/p>\n<h3>Cechy<\/h3>\n<ul>\n<li>Wysoka wydajno\u015b\u0107 przenoszenia mocy: cylinder ramienia zapewnia mocny ruch liniowy i si\u0142\u0119, gwarantuj\u0105c wysok\u0105 wydajno\u015b\u0107 ramienia mechanicznego podczas r\u00f3\u017cnych operacji.<\/li>\n<li>Precyzyjna kontrola: Dzi\u0119ki uk\u0142adowi hydraulicznemu si\u0142ownik ramienia mo\u017ce osi\u0105gn\u0105\u0107 precyzyjn\u0105 kontrol\u0119 ruchu, co sprawia, \u017ce \u200b\u200bobs\u0142uga dodatkowych narz\u0119dzi jest bardziej elastyczna i dok\u0142adna.<\/li>\n<li>Wysoka trwa\u0142o\u015b\u0107: Cylindry ramienia s\u0105 zazwyczaj wykonane z materia\u0142\u00f3w o wysokiej wytrzyma\u0142o\u015bci, charakteryzuj\u0105cych si\u0119 dobr\u0105 odporno\u015bci\u0105 na zu\u017cycie i korozj\u0119, dzi\u0119ki czemu nadaj\u0105 si\u0119 do d\u0142ugotrwa\u0142ego u\u017cytkowania w trudnych warunkach.<\/li>\n<li>Wielofunkcyjna mo\u017cliwo\u015b\u0107 adaptacji: Te cylindry mo\u017cna szeroko stosowa\u0107 w r\u00f3\u017cnych urz\u0105dzeniach mechanicznych, takich jak koparki, d\u017awigi i ramiona mechaniczne, dostosowuj\u0105c je do r\u00f3\u017cnych wymaga\u0144 roboczych.<\/li>\n<li>\u0141atwa konserwacja: Zaprojektowano z my\u015bl\u0105 o \u0142atwej konserwacji i wymianie, co sprawia, \u017ce \u200b\u200bregularne kontrole i konserwacje s\u0105 wygodniejsze, a przestoje sprz\u0119tu skr\u00f3cone.<\/li>\n<\/ul>\n<p>Mo\u017cemy wyprodukowa\u0107 ten produkt, kt\u00f3ry doskonale zast\u0105pi te cylindry hydrauliczne.<\/p>\n<p><img decoding=\"async\" src=\"https:\/\/www.hydraulic-cylinders.net\/wp-content\/uploads\/2025\/01\/songte-oil-pipes-and-spare-parts.webp\"\/><\/p>\n<h3>Aplikacje<\/h3>\n<p>Si\u0142ownik ramienia jest stosowany w r\u00f3\u017cnych zastosowaniach, takich jak:<\/p>\n<ul>\n<li>In\u017cynieria budowlana: W koparkach i d\u017awigach si\u0142owniki ramienia s\u0142u\u017c\u0105 do sterowania ruchem \u0142y\u017cki lub wysi\u0119gnika podczas rob\u00f3t ziemnych, przenoszenia materia\u0142\u00f3w i instalacji konstrukcyjnych.<\/li>\n<li>Przemys\u0142 wytw\u00f3rczy: W zautomatyzowanych liniach produkcyjnych si\u0142owniki ramieniowe s\u0142u\u017c\u0105 do poruszania ramionami mechanicznymi podczas monta\u017cu, spawania i obs\u0142ugi, co pozwala zwi\u0119kszy\u0107 wydajno\u015b\u0107 i dok\u0142adno\u015b\u0107 produkcji.<\/li>\n<li>Maszyny rolnicze: W maszynach rolniczych, takich jak kombajny i siewniki, si\u0142owniki ramienia steruj\u0105 ruchem ramienia roboczego, co umo\u017cliwia wykonywanie takich zada\u0144, jak siew, nawo\u017cenie i zbi\u00f3r.<\/li>\n<li>G\u00f3rnictwo: W sprz\u0119cie g\u00f3rniczym cylindry ramionowe s\u0142u\u017c\u0105 do kontrolowania ruchu ramion sprz\u0119tu g\u00f3rniczego wykorzystywanego w g\u00f3rnictwie i transporcie materia\u0142\u00f3w.<\/li>\n<li>Logistyka i transport: W w\u00f3zkach wid\u0142owych i robotach prze\u0142adunkowych si\u0142owniki ramion s\u0142u\u017c\u0105 do sterowania podnoszeniem i ruchem wide\u0142 w celu obs\u0142ugi i uk\u0142adania materia\u0142\u00f3w.<\/li>\n<\/ul>\n<h3>Standardy projektowania i wyboru<\/h3>\n<p>Projekt si\u0142ownik\u00f3w ramieniowych uwzgl\u0119dnia no\u015bno\u015b\u0107, szczelno\u015b\u0107, trwa\u0142o\u015b\u0107, bezpiecze\u0144stwo i \u0142atwo\u015b\u0107 konserwacji. Aspekty te om\u00f3wiono poni\u017cej:<\/p>\n<h4>No\u015bno\u015b\u0107<\/h4>\n<p>Si\u0142ownik ramienia powinien by\u0107 w stanie wytrzyma\u0107 maksymalne obci\u0105\u017cenie i ci\u015bnienie, aby zagwarantowa\u0107 bezpieczn\u0105 i stabiln\u0105 prac\u0119 maszyny.<\/p>\n<h4>Opiecz\u0119towanie<\/h4>\n<p>W cylindrze ramienia zastosowano r\u00f3\u017cne elementy uszczelniaj\u0105ce, takie jak uszczelki t\u0142oka, uszczelki t\u0142oczyska itp., kt\u00f3re s\u0105 wykonane z materia\u0142\u00f3w odpornych na zu\u017cycie, takich jak poliuretan, kauczuk nitrylowy itp., aby zapewni\u0107 dobr\u0105 szczelno\u015b\u0107.<\/p>\n<h4>Trwa\u0142o\u015b\u0107<\/h4>\n<p>Cylinder ramienia jest zazwyczaj wykonany z materia\u0142\u00f3w o wysokiej wytrzyma\u0142o\u015bci, charakteryzuj\u0105cych si\u0119 dobr\u0105 odporno\u015bci\u0105 na zu\u017cycie i korozj\u0119, a korpus cylindra i gwintowane powierzchnie ko\u0144cowe s\u0105 precyzyjnie obrobione w celu zwi\u0119kszenia odporno\u015bci na zu\u017cycie.<\/p>\n<h4>Bezpiecze\u0144stwo<\/h4>\n<p>Cylinder ramienia powinien by\u0107 wyposa\u017cony w urz\u0105dzenia zabezpieczaj\u0105ce, np. zaw\u00f3r bezpiecze\u0144stwa, aby zapobiec uszkodzeniom spowodowanym przeci\u0105\u017ceniem lub innymi wypadkami.<\/p>\n<h4>Utrzymywalno\u015b\u0107<\/h4>\n<p>Si\u0142ownik ramienia zaprojektowano tak, aby zapewni\u0107 \u0142atw\u0105 konserwacj\u0119, np. \u0142atw\u0105 wymian\u0119 element\u00f3w uszczelniaj\u0105cych, co redukuje przestoje sprz\u0119tu i koszty konserwacji.<\/p>\n<p><img decoding=\"async\" src=\"https:\/\/www.hydraulic-cylinders.net\/wp-content\/uploads\/2025\/01\/songte-cylinder-head-with-all-kinds-excavator-models.webp\"\/><\/p>\n<h3>Uszczelnianie i smarowanie<\/h3>\n<p>Si\u0142ownik ramienia wykorzystuje r\u00f3\u017cne elementy uszczelniaj\u0105ce, takie jak uszczelnienia t\u0142oka, uszczelnienia t\u0142oczyska itp., wykonane z materia\u0142\u00f3w odpornych na zu\u017cycie, takich jak poliuretan, kauczuk nitrylowy itp. Korpus cylindra i gwintowane powierzchnie ko\u0144cowe s\u0105 precyzyjnie obrobione w celu zwi\u0119kszenia odporno\u015bci na zu\u017cycie. Konieczne jest regularne uzupe\u0142nianie odpowiedniej ilo\u015bci oleju hydraulicznego w celu smarowania.<\/p>\n<h3>Konserwacja i \u015brodki ostro\u017cno\u015bci<\/h3>\n<p>Aby zapewni\u0107 prawid\u0142owe i niezawodne dzia\u0142anie si\u0142ownika ramienia, konieczna jest regularna kontrola i konserwacja. Nale\u017cy podj\u0105\u0107 nast\u0119puj\u0105ce \u015brodki:<\/p>\n<ul>\n<li>Regularnie sprawdzaj, czy na obudowie cylindra nie ma p\u0119kni\u0119\u0107, odkszta\u0142ce\u0144 lub innych uszkodze\u0144.<\/li>\n<li>Sprawd\u017a elementy uszczelniaj\u0105ce pod k\u0105tem zu\u017cycia i wymie\u0144 je w odpowiednim czasie.<\/li>\n<li>Nale\u017cy regularnie uzupe\u0142nia\u0107 poziom oleju hydraulicznego w celu smarowania i regularnie wymienia\u0107 olej.<\/li>\n<li>Regularnie sprawdzaj zaw\u00f3r bezpiecze\u0144stwa, aby mie\u0107 pewno\u015b\u0107, \u017ce dzia\u0142a prawid\u0142owo.<\/li>\n<li>Regularnie czy\u015b\u0107 korpus cylindra i powierzchnie gwintowane, aby zapewni\u0107 szczelno\u015b\u0107.<\/li>\n<\/ul>\n<p><img decoding=\"async\" src=\"https:\/\/www.hydraulic-cylinders.net\/wp-content\/uploads\/2025\/01\/songte-chushion-collar.webp\"\/><\/p>\n<h3>Instrukcja instalacji produktu<\/h3>\n<p>Przed monta\u017cem si\u0142ownika ramienia nale\u017cy sprawdzi\u0107, czy jego specyfikacje, parametry i wymiary monta\u017cowe s\u0105 zgodne z maszyn\u0105. Kroki monta\u017cu s\u0105 nast\u0119puj\u0105ce:<\/p>\n<ol>\n<li>Przed monta\u017cem nale\u017cy sprawdzi\u0107 korpus cylindra, t\u0142oczysko i pier\u015bcie\u0144 uszczelniaj\u0105cy, aby mie\u0107 pewno\u015b\u0107, \u017ce s\u0105 czyste i nie maj\u0105 uszkodze\u0144 ani wad.<\/li>\n<li>Nanie\u015b\u0107 cienk\u0105 warstw\u0119 oleju hydraulicznego na t\u0142oczysko i pier\u015bcie\u0144 uszczelniaj\u0105cy.<\/li>\n<li>W\u0142\u00f3\u017c t\u0142oczysko do korpusu cylindra i dokr\u0119\u0107 gwintowany koniec odpowiednim narz\u0119dziem.<\/li>\n<li>Pod\u0142\u0105cz przew\u00f3d hydrauliczny i nape\u0142nij uk\u0142ad olejem hydraulicznym.<\/li>\n<li>Sprawd\u017a szczelno\u015b\u0107 cylindra i przetestuj jego dzia\u0142anie.<\/li>\n<\/ol>\n<p><img decoding=\"async\" src=\"https:\/\/www.hydraulic-cylinders.net\/wp-content\/uploads\/2025\/01\/songte-bushings-with-all-kinds-of-excavator-models.webp\"\/><\/p>\n<h3>Zagadnienia bezpiecze\u0144stwa i czynniki \u015brodowiskowe<\/h3>\n<p>Podczas pracy z uk\u0142adami hydraulicznymi kluczowe znaczenie maj\u0105 \u015brodki bezpiecze\u0144stwa. Operatorzy powinni by\u0107 \u015bwiadomi zagro\u017ce\u0144 zwi\u0105zanych z p\u0142ynami pod wysokim ci\u015bnieniem i podejmowa\u0107 odpowiednie \u015brodki zapobiegawcze w celu zapobiegania wypadkom. Podczas obs\u0142ugi maszyn nale\u017cy r\u00f3wnie\u017c uwzgl\u0119dni\u0107 czynniki \u015brodowiskowe, takie jak ha\u0142as i utylizacja odpad\u00f3w.<\/p>\n<h3>Rozwi\u0105zywanie problem\u00f3w i typowe problemy<\/h3>\n<p>Do typowych problem\u00f3w, kt\u00f3re mog\u0105 wyst\u0105pi\u0107 w cylindrze ramienia, nale\u017c\u0105 wyciek oleju, niedostateczne ci\u015bnienie i nietypowy ha\u0142as. Poni\u017csze wskaz\u00f3wki mog\u0105 pom\u00f3c w diagnozie i rozwi\u0105zaniu tych problem\u00f3w:<\/p>\n<h4>Wyciek oleju<\/h4>\n<p>Sprawd\u017a, czy elementy uszczelniaj\u0105ce nie s\u0105 uszkodzone lub nie s\u0105 nieprawid\u0142owo dokr\u0119cone.<\/p>\n<h4>Niewystarczaj\u0105ce ci\u015bnienie<\/h4>\n<p>Sprawd\u017a, czy przew\u00f3d hydrauliczny nie jest zablokowany i czy pompa dzia\u0142a prawid\u0142owo.<\/p>\n<h4>Nienormalny ha\u0142as<\/h4>\n<p>Sprawd\u017a, czy korpus cylindra nie jest odkszta\u0142cony lub czy t\u0142oczysko nie jest zu\u017cyte.<\/p>\n<h3>Wniosek<\/h3>\n<p>Jeste\u015bmy profesjonalnym producentem zamiennych cylindr\u00f3w hydraulicznych, oferuj\u0105cym szerok\u0105 gam\u0119 produkt\u00f3w. Stali\u015bmy si\u0119 jednym z wiod\u0105cych producent\u00f3w i dystrybutor\u00f3w cylindr\u00f3w hydraulicznych na rynku krajowym i mi\u0119dzynarodowym. Zawsze kierujemy si\u0119 zasad\u0105 doskona\u0142ej jako\u015bci i stale udoskonalamy nasz\u0105 technologi\u0119 oraz wydajno\u015b\u0107 produkcji. Naszym celem jest zaspokojenie zr\u00f3\u017cnicowanych potrzeb klient\u00f3w poprzez wysok\u0105 wydajno\u015b\u0107, precyzj\u0119 i wysok\u0105 jako\u015b\u0107 produkt\u00f3w.<\/p>\n<p><img decoding=\"async\" src=\"https:\/\/www.hydraulic-cylinders.net\/wp-content\/uploads\/2025\/01\/songte-company-4.webp\"\/><br \/>\n<img decoding=\"async\" src=\"https:\/\/www.hydraulic-cylinders.net\/wp-content\/uploads\/2025\/01\/songte-company-3.webp\"\/><\/p>\n<p>Autor: lyl<\/p>","protected":false},"excerpt":{"rendered":"<p>Arm Cylinder For John Deere E240LC Introduction The arm cylinder is a specially designed hydraulic cylinder that provides linear motion and power to the arm of various types of machinery, such as excavators, cranes, and mechanical arms. The arm cylinder plays a crucial role in the hydraulic system, allowing additional tools or attachments to move [&hellip;]<\/p>","protected":false},"featured_media":14763,"comment_status":"open","ping_status":"closed","template":"","meta":{"_et_pb_use_builder":"","_et_pb_old_content":"","_et_gb_content_width":""},"product_brand":[],"product_cat":[1497],"product_tag":[1498,1496],"class_list":{"0":"post-16775","1":"product","2":"type-product","3":"status-publish","4":"has-post-thumbnail","6":"product_cat-arm-cylinders","7":"product_tag-arm-cylinders","8":"product_tag-hydraulic-cylinders","10":"first","11":"instock","12":"shipping-taxable","13":"product-type-simple"},"amp_enabled":true,"_links":{"self":[{"href":"https:\/\/www.hydraulic-cylinders.net\/pl\/wp-json\/wp\/v2\/product\/16775","targetHints":{"allow":["GET"]}}],"collection":[{"href":"https:\/\/www.hydraulic-cylinders.net\/pl\/wp-json\/wp\/v2\/product"}],"about":[{"href":"https:\/\/www.hydraulic-cylinders.net\/pl\/wp-json\/wp\/v2\/types\/product"}],"replies":[{"embeddable":true,"href":"https:\/\/www.hydraulic-cylinders.net\/pl\/wp-json\/wp\/v2\/comments?post=16775"}],"wp:featuredmedia":[{"embeddable":true,"href":"https:\/\/www.hydraulic-cylinders.net\/pl\/wp-json\/wp\/v2\/media\/14763"}],"wp:attachment":[{"href":"https:\/\/www.hydraulic-cylinders.net\/pl\/wp-json\/wp\/v2\/media?parent=16775"}],"wp:term":[{"taxonomy":"product_brand","embeddable":true,"href":"https:\/\/www.hydraulic-cylinders.net\/pl\/wp-json\/wp\/v2\/product_brand?post=16775"},{"taxonomy":"product_cat","embeddable":true,"href":"https:\/\/www.hydraulic-cylinders.net\/pl\/wp-json\/wp\/v2\/product_cat?post=16775"},{"taxonomy":"product_tag","embeddable":true,"href":"https:\/\/www.hydraulic-cylinders.net\/pl\/wp-json\/wp\/v2\/product_tag?post=16775"}],"curies":[{"name":"wp","href":"https:\/\/api.w.org\/{rel}","templated":true}]}}