{"id":16780,"date":"2025-01-21T05:53:50","date_gmt":"2025-01-21T05:53:50","guid":{"rendered":"https:\/\/www.hydraulic-cylinders.net\/product\/arm-cylinder-for-john-deere-e300lc\/"},"modified":"2025-01-21T05:53:52","modified_gmt":"2025-01-21T05:53:52","slug":"arm-cylinder-for-john-deere-e300lc","status":"publish","type":"product","link":"https:\/\/www.hydraulic-cylinders.net\/pl\/produkt\/arm-cylinder-for-john-deere-e300lc\/","title":{"rendered":"Si\u0142ownik ramienia do John Deere E300LC"},"content":{"rendered":"<p><!DOCTYPE html><br \/>\n<html><br \/>\n<head><br \/>\n<title>Si\u0142ownik ramienia do John Deere E300LC<\/title><br \/>\n<\/head><br \/>\n<body><\/p>\n<h1>Si\u0142ownik ramienia do John Deere E300LC<\/h1>\n<h2>Wst\u0119p<\/h2>\n<p>Si\u0142ownik ramienia do John Deere E300LC to specjalnie zaprojektowany si\u0142ownik hydrauliczny, kt\u00f3ry zapewnia liniowy ruch i moc ramienia r\u00f3\u017cnych maszyn, takich jak koparki, d\u017awigi i ramiona robotyczne. Si\u0142ownik ramienia odgrywa kluczow\u0105 rol\u0119 w uk\u0142adach hydraulicznych, umo\u017cliwiaj\u0105c efektywny ruch i sterowanie dodatkowymi narz\u0119dziami lub osprz\u0119tem. Si\u0142owniki te nie tylko zapewniaj\u0105 p\u0142ynny ruch, ale tak\u017ce wytrzymuj\u0105 du\u017ce obci\u0105\u017cenia, gwarantuj\u0105c wydajn\u0105 prac\u0119 i niezawodno\u015b\u0107 maszyn w r\u00f3\u017cnych warunkach pracy.<\/p>\n<p><img decoding=\"async\" src=\"https:\/\/www.hydraulic-cylinders.net\/wp-content\/uploads\/2025\/01\/songte-company-2.webp\" alt=\"Obraz cylindra ramienia\"><\/p>\n<h2>Cechy<\/h2>\n<ul>\n<li><strong>Wysokowydajna skrzynia bieg\u00f3w:<\/strong> Si\u0142ownik ramienia zapewnia mocny ruch liniowy i si\u0142\u0119, gwarantuj\u0105c wysok\u0105 wydajno\u015b\u0107 i efektywno\u015b\u0107 podczas r\u00f3\u017cnych operacji.<\/li>\n<li><strong>Precyzyjna kontrola:<\/strong> Dzi\u0119ki uk\u0142adowi hydraulicznemu si\u0142ownik ramienia umo\u017cliwia precyzyjn\u0105 kontrol\u0119 ruchu, umo\u017cliwiaj\u0105c elastyczn\u0105 i dok\u0142adn\u0105 obs\u0142ug\u0119 pod\u0142\u0105czonych narz\u0119dzi.<\/li>\n<li><strong>Trwa\u0142o\u015b\u0107:<\/strong> Cylindry ramienia s\u0105 zazwyczaj produkowane z materia\u0142\u00f3w o wysokiej wytrzyma\u0142o\u015bci, zapewniaj\u0105cych doskona\u0142\u0105 odporno\u015b\u0107 na zu\u017cycie i korozj\u0119, dzi\u0119ki czemu nadaj\u0105 si\u0119 do d\u0142ugotrwa\u0142ego u\u017cytkowania w trudnych warunkach.<\/li>\n<li><strong>Wielofunkcyjna adaptowalno\u015b\u0107:<\/strong> Tego typu cylindry mo\u017cna powszechnie stosowa\u0107 w r\u00f3\u017cnych maszynach, takich jak koparki, d\u017awigi i ramiona robotyczne, dostosowuj\u0105c je do r\u00f3\u017cnych wymaga\u0144 roboczych.<\/li>\n<li><strong>\u0141atwa konserwacja:<\/strong> Zaprojektowane z my\u015bl\u0105 o \u0142atwo\u015bci konserwacji i wymiany, cylindry ramion pozwalaj\u0105 na wygodne regularne kontrole i konserwacj\u0119, redukuj\u0105c przestoje sprz\u0119tu.<\/li>\n<\/ul>\n<p><img decoding=\"async\" src=\"https:\/\/www.hydraulic-cylinders.net\/wp-content\/uploads\/2025\/01\/songte-oil-pipes-and-spare-parts.webp\" alt=\"Obraz cz\u0119\u015bci zamiennych cylindra ramienia\"><\/p>\n<h2>Aplikacje<\/h2>\n<ul>\n<li><strong>In\u017cynieria budowlana:<\/strong> W koparkach i d\u017awigach si\u0142ownik ramienia s\u0142u\u017cy do sterowania ruchem \u0142y\u017cek lub wysi\u0119gnik\u00f3w, u\u0142atwiaj\u0105c prace ziemne, przenoszenie materia\u0142\u00f3w i monta\u017c konstrukcji.<\/li>\n<li><strong>Przemys\u0142 wytw\u00f3rczy:<\/strong> W zautomatyzowanych liniach produkcyjnych si\u0142ownik ramienia jest wykorzystywany do poruszania ramionami robota, umo\u017cliwiaj\u0105c monta\u017c, spawanie i obs\u0142ug\u0119 materia\u0142\u00f3w, co przek\u0142ada si\u0119 na popraw\u0119 wydajno\u015bci i dok\u0142adno\u015bci produkcji.<\/li>\n<li><strong>Maszyny rolnicze:<\/strong> W sprz\u0119cie rolniczym, takim jak kombajny i siewniki, si\u0142ownik ramienia steruje ruchem ramion roboczych, wykonuj\u0105cych zadania takie jak sadzenie, nawo\u017cenie i zbi\u00f3r.<\/li>\n<li><strong>G\u00f3rnictwo:<\/strong> W sprz\u0119cie g\u00f3rniczym si\u0142ownik ramienia s\u0142u\u017cy do sterowania ruchem ramienia maszyn g\u00f3rniczych, u\u0142atwiaj\u0105c wydobycie i transport rudy.<\/li>\n<li><strong>Logistyka i transport:<\/strong> W w\u00f3zkach wid\u0142owych i robotach prze\u0142adunkowych si\u0142ownik ramienia s\u0142u\u017cy do sterowania podnoszeniem i ruchem wide\u0142, umo\u017cliwiaj\u0105c przenoszenie i uk\u0142adanie materia\u0142\u00f3w.<\/li>\n<\/ul>\n<h2>Zagadnienia projektowe i kryteria wyboru<\/h2>\n<ul>\n<li><strong>No\u015bno\u015b\u0107:<\/strong> Si\u0142ownik ramienia powinien by\u0107 zaprojektowany w taki spos\u00f3b, aby wytrzymywa\u0142 wymagany ud\u017awig, zapewniaj\u0105c bezpieczn\u0105 i wydajn\u0105 prac\u0119.<\/li>\n<li><strong>Opiecz\u0119towanie:<\/strong> Aby zapobiec wyciekom i zapewni\u0107 optymaln\u0105 wydajno\u015b\u0107, nale\u017cy stosowa\u0107 r\u00f3\u017cne elementy uszczelniaj\u0105ce, takie jak uszczelki t\u0142okowe i t\u0142oczyskowe. Uszczelnienia te s\u0105 cz\u0119sto wykonane z materia\u0142\u00f3w odpornych na zu\u017cycie, takich jak poliuretan i kauczuk nitrylowy.<\/li>\n<li><strong>Trwa\u0142o\u015b\u0107:<\/strong> Korpus cylindra i gwintowane ko\u0144c\u00f3wki nale\u017cy podda\u0107 precyzyjnej obr\u00f3bce w celu zwi\u0119kszenia odporno\u015bci na zu\u017cycie, co zapewni d\u0142ugotrwa\u0142\u0105 wydajno\u015b\u0107.<\/li>\n<li><strong>Bezpiecze\u0144stwo:<\/strong> W projekcie nale\u017cy uwzgl\u0119dni\u0107 \u015brodki bezpiecze\u0144stwa, takie jak monta\u017c zawor\u00f3w bezpiecze\u0144stwa lub mechanizm\u00f3w odci\u0105\u017caj\u0105cych, aby zapobiec przeci\u0105\u017ceniu lub awariom systemu.<\/li>\n<li><strong>Utrzymywalno\u015b\u0107:<\/strong> Konstrukcja powinna umo\u017cliwia\u0107 \u0142atw\u0105 konserwacj\u0119 i wygodn\u0105 wymian\u0119 podzespo\u0142\u00f3w, co skr\u00f3ci przestoje podczas regularnych przegl\u0105d\u00f3w i napraw.<\/li>\n<\/ul>\n<p><img decoding=\"async\" src=\"https:\/\/www.hydraulic-cylinders.net\/wp-content\/uploads\/2025\/01\/songte-cylinder-head-with-all-kinds-excavator-models.webp\" alt=\"Obraz g\u0142owicy cylindra\"><\/p>\n<h2>Uszczelnianie i smarowanie<\/h2>\n<p>Si\u0142ownik ramienia wykorzystuje r\u00f3\u017cne elementy uszczelniaj\u0105ce, takie jak uszczelnienia t\u0142oka i t\u0142oczyska, aby zapewni\u0107 skuteczne uszczelnienie. Uszczelnienia te wykonane s\u0105 z materia\u0142\u00f3w odpornych na zu\u017cycie, takich jak poliuretan i kauczuk nitrylowy. Korpus si\u0142ownika i gwintowane ko\u0144c\u00f3wki s\u0105 precyzyjnie obrabiane w celu zwi\u0119kszenia odporno\u015bci na zu\u017cycie. Regularne smarowanie odpowiedni\u0105 ilo\u015bci\u0105 oleju hydraulicznego jest niezb\u0119dne dla zapewnienia p\u0142ynnej pracy i d\u0142ugiej \u017cywotno\u015bci.<\/p>\n<h2>Regularne kontrole i konserwacja zapobiegawcza<\/h2>\n<ul>\n<li>Regularnie sprawdzaj cylinder pod k\u0105tem oznak zu\u017cycia, nieszczelno\u015bci lub uszkodze\u0144.<\/li>\n<li>Aby zachowa\u0107 optymaln\u0105 wydajno\u015b\u0107, nale\u017cy sprawdza\u0107 i wymienia\u0107 uszczelki w razie potrzeby.<\/li>\n<li>Aby zapewni\u0107 odpowiednie smarowanie, nale\u017cy regularnie uzupe\u0142nia\u0107 zalecan\u0105 ilo\u015b\u0107 oleju hydraulicznego.<\/li>\n<li>Monitoruj dzia\u0142anie cylindra i niezw\u0142ocznie reaguj na wszelkie nieprawid\u0142owo\u015bci.<\/li>\n<li>Nale\u017cy przestrzega\u0107 zalece\u0144 producenta dotycz\u0105cych konserwacji i planowa\u0107 okresowe przegl\u0105dy.<\/li>\n<\/ul>\n<h2>Przewodnik instalacji<\/h2>\n<p>Prawid\u0142owy monta\u017c si\u0142ownika ramienia ma kluczowe znaczenie dla optymalnej wydajno\u015bci i bezpiecze\u0144stwa. Wykonaj nast\u0119puj\u0105ce kroki:<\/p>\n<ol>\n<li>Upewnij si\u0119, \u017ce maszyna jest wy\u0142\u0105czona i znajduje si\u0119 w stabilnej pozycji.<\/li>\n<li>Usu\u0144 wszystkie istniej\u0105ce cylindry i podzespo\u0142y, kt\u00f3re mog\u0105 przeszkadza\u0107 w monta\u017cu.<\/li>\n<li>Zamocuj cylinder ramienia w wyznaczonych punktach mocowania.<\/li>\n<li>Sprawd\u017a, czy wszystkie po\u0142\u0105czenia s\u0105 dobrze dokr\u0119cone i prawid\u0142owo wyr\u00f3wnane.<\/li>\n<li>Sprawd\u017a prawid\u0142ow\u0105 pozycj\u0119 i zakres ruchu.<\/li>\n<li>Przed wznowieniem normalnej pracy nale\u017cy sprawdzi\u0107 dzia\u0142anie cylindra ramienia.<\/li>\n<\/ol>\n<p><img decoding=\"async\" src=\"https:\/\/www.hydraulic-cylinders.net\/wp-content\/uploads\/2025\/01\/songte-bushings-with-all-kinds-of-excavator-models.webp\" alt=\"Obraz tulei\"><\/p>\n<h2>Zagadnienia bezpiecze\u0144stwa i czynniki \u015brodowiskowe<\/h2>\n<p>Podczas u\u017cytkowania si\u0142ownika ramienia, priorytetem s\u0105 \u015brodki bezpiecze\u0144stwa. Odpowiednie przeszkolenie i przestrzeganie protoko\u0142\u00f3w bezpiecze\u0144stwa s\u0105 niezb\u0119dne, aby zapobiec wypadkom i urazom. Dodatkowo, uwzgl\u0119dnienie czynnik\u00f3w \u015brodowiskowych, takich jak temperatura, wilgotno\u015b\u0107 i nara\u017cenie na substancje \u017cr\u0105ce, mo\u017ce pom\u00f3c w zapewnieniu trwa\u0142o\u015bci i wydajno\u015bci si\u0142ownika ramienia.<\/p>\n<h2>Rozwi\u0105zywanie problem\u00f3w i typowe problemy<\/h2>\n<p>Oto kilka typowych problem\u00f3w, kt\u00f3re mog\u0105 wyst\u0105pi\u0107 w przypadku cylindra ramienia:<\/p>\n<ul>\n<li>Wyciek z uszczelek lub po\u0142\u0105cze\u0144<\/li>\n<li>Utrata mocy lub spowolnienie ruchu<\/li>\n<li>Nietypowe d\u017awi\u0119ki podczas pracy<\/li>\n<li>Niesp\u00f3jny lub szarpany ruch<\/li>\n<li>Nie mo\u017cna rozszerzy\u0107 lub schowa\u0107<\/li>\n<\/ul>\n<p>Aby rozwi\u0105za\u0107 te problemy:<\/p>\n<ul>\n<li>Sprawd\u017a i wymie\u0144 wszelkie zu\u017cyte lub uszkodzone uszczelki i po\u0142\u0105czenia.<\/li>\n<li>Sprawd\u017a, czy uk\u0142ad jest odpowiednio smarowany i w razie potrzeby uzupe\u0142nij olej hydrauliczny.<\/li>\n<li>Sprawd\u017a, czy wszystkie elementy s\u0105 solidnie dokr\u0119cone i wyr\u00f3wnane.<\/li>\n<li>W razie potrzeby zapoznaj si\u0119 z instrukcj\u0105 rozwi\u0105zywania problem\u00f3w udost\u0119pnion\u0105 przez producenta lub zwr\u00f3\u0107 si\u0119 o pomoc do specjalisty.<\/li>\n<\/ul>\n<p><img decoding=\"async\" src=\"https:\/\/www.hydraulic-cylinders.net\/wp-content\/uploads\/2025\/01\/songte-chushion-collar.webp\" alt=\"Obraz ko\u0142nierza Chushion\"><\/p>\n<h2>O naszej firmie<\/h2>\n<p>Jeste\u015bmy profesjonalnym producentem zamiennych cylindr\u00f3w hydraulicznych, oferuj\u0105cym szerok\u0105 gam\u0119 produkt\u00f3w. Stali\u015bmy si\u0119 jednym z wiod\u0105cych producent\u00f3w i hurtowych dystrybutor\u00f3w cylindr\u00f3w hydraulicznych na rynku krajowym i mi\u0119dzynarodowym. Kierujemy si\u0119 zasad\u0105 doskona\u0142o\u015bci jako\u015bci i stale d\u0105\u017cymy do doskonalenia naszej wiedzy technicznej oraz efektywno\u015bci produkcji. Dzi\u0119ki najnowocze\u015bniejszemu cyfrowemu sprz\u0119towi produkcyjnemu i profesjonalnym systemom testowym optymalizujemy nasz\u0105 platform\u0119 produkcyjn\u0105 i usprawniamy procesy kontroli jako\u015bci produkt\u00f3w. Nasze wysokie kompetencje innowacyjne pozwalaj\u0105 nam sprosta\u0107 zr\u00f3\u017cnicowanym potrzebom naszych klient\u00f3w, zapewniaj\u0105c wysok\u0105 wydajno\u015b\u0107, precyzj\u0119 i jako\u015b\u0107.<\/p>\n<p><img decoding=\"async\" src=\"https:\/\/www.hydraulic-cylinders.net\/wp-content\/uploads\/2025\/01\/songte-company-4.webp\" alt=\"Wizerunek firmy\"><br \/>\n<img decoding=\"async\" src=\"https:\/\/www.hydraulic-cylinders.net\/wp-content\/uploads\/2025\/01\/songte-company-3.webp\" alt=\"Wizerunek firmy\"><\/p>\n<p>Jako firma szczycimy si\u0119 naszym profesjonalizmem, mi\u0119dzynarodowymi certyfikatami, dostosowanymi do potrzeb us\u0142ugami, zaawansowanym sprz\u0119tem produkcyjnym i doskona\u0142\u0105 obs\u0142ug\u0105 posprzeda\u017cow\u0105.<\/p>\n<p>Autor: lyl<\/p>\n<p><\/body><br \/>\n<\/html><\/p>","protected":false},"excerpt":{"rendered":"<p>Arm Cylinder For John Deere E300LC Arm Cylinder For John Deere E300LC Introduction The Arm Cylinder for John Deere E300LC is a specially designed hydraulic cylinder that provides linear motion and power to the arm of various machinery, such as excavators, cranes, and robotic arms. The arm cylinder plays a crucial role in hydraulic systems, [&hellip;]<\/p>","protected":false},"featured_media":14777,"comment_status":"open","ping_status":"closed","template":"","meta":{"_et_pb_use_builder":"","_et_pb_old_content":"","_et_gb_content_width":""},"product_brand":[],"product_cat":[1497],"product_tag":[1498,1496],"class_list":{"0":"post-16780","1":"product","2":"type-product","3":"status-publish","4":"has-post-thumbnail","6":"product_cat-arm-cylinders","7":"product_tag-arm-cylinders","8":"product_tag-hydraulic-cylinders","10":"first","11":"instock","12":"shipping-taxable","13":"product-type-simple"},"amp_enabled":true,"_links":{"self":[{"href":"https:\/\/www.hydraulic-cylinders.net\/pl\/wp-json\/wp\/v2\/product\/16780","targetHints":{"allow":["GET"]}}],"collection":[{"href":"https:\/\/www.hydraulic-cylinders.net\/pl\/wp-json\/wp\/v2\/product"}],"about":[{"href":"https:\/\/www.hydraulic-cylinders.net\/pl\/wp-json\/wp\/v2\/types\/product"}],"replies":[{"embeddable":true,"href":"https:\/\/www.hydraulic-cylinders.net\/pl\/wp-json\/wp\/v2\/comments?post=16780"}],"wp:featuredmedia":[{"embeddable":true,"href":"https:\/\/www.hydraulic-cylinders.net\/pl\/wp-json\/wp\/v2\/media\/14777"}],"wp:attachment":[{"href":"https:\/\/www.hydraulic-cylinders.net\/pl\/wp-json\/wp\/v2\/media?parent=16780"}],"wp:term":[{"taxonomy":"product_brand","embeddable":true,"href":"https:\/\/www.hydraulic-cylinders.net\/pl\/wp-json\/wp\/v2\/product_brand?post=16780"},{"taxonomy":"product_cat","embeddable":true,"href":"https:\/\/www.hydraulic-cylinders.net\/pl\/wp-json\/wp\/v2\/product_cat?post=16780"},{"taxonomy":"product_tag","embeddable":true,"href":"https:\/\/www.hydraulic-cylinders.net\/pl\/wp-json\/wp\/v2\/product_tag?post=16780"}],"curies":[{"name":"wp","href":"https:\/\/api.w.org\/{rel}","templated":true}]}}