{"id":16785,"date":"2025-01-21T05:54:10","date_gmt":"2025-01-21T05:54:10","guid":{"rendered":"https:\/\/www.hydraulic-cylinders.net\/product\/arm-cylinder-for-yuchai-yc35-8-2\/"},"modified":"2025-01-21T05:54:12","modified_gmt":"2025-01-21T05:54:12","slug":"arm-cylinder-for-yuchai-yc35-8-2","status":"publish","type":"product","link":"https:\/\/www.hydraulic-cylinders.net\/pl\/produkt\/arm-cylinder-for-yuchai-yc35-8-2\/","title":{"rendered":"Cylinder ramienia do Yuchai YC35-8"},"content":{"rendered":"<h2>Cylinder ramienia do Yuchai YC35-8<\/h2>\n<p><img decoding=\"async\" src=\"https:\/\/www.hydraulic-cylinders.net\/wp-content\/uploads\/2025\/01\/songte-company-2.webp\"><\/p>\n<h3>Definicja i wyja\u015bnienie<\/h3>\n<p>Si\u0142ownik ramienia to si\u0142ownik hydrauliczny specjalnie zaprojektowany do zapewnienia ruchu liniowego i zasilania ramienia r\u00f3\u017cnego rodzaju maszyn, takich jak koparki, d\u017awigi i ramiona robotyczne. Si\u0142ownik ramienia odgrywa kluczow\u0105 rol\u0119 w uk\u0142adach hydraulicznych, umo\u017cliwiaj\u0105c wydajny ruch i sterowanie osprz\u0119tem i akcesoriami. Si\u0142owniki te nie tylko zapewniaj\u0105 p\u0142ynny ruch, ale tak\u017ce wytrzymuj\u0105 du\u017ce obci\u0105\u017cenia, gwarantuj\u0105c wydajn\u0105 prac\u0119 i niezawodno\u015b\u0107 maszyn w r\u00f3\u017cnych warunkach pracy.<\/p>\n<h3>Cechy<\/h3>\n<ul>\n<li><strong>Wysokowydajna skrzynia bieg\u00f3w:<\/strong> Cylinder ramienia zapewnia mocny ruch liniowy i si\u0142\u0119, gwarantuj\u0105c wysok\u0105 wydajno\u015b\u0107 ramienia robota w r\u00f3\u017cnych operacjach.<\/li>\n<li><strong>Precyzyjna kontrola:<\/strong> Dzi\u0119ki uk\u0142adowi hydraulicznemu si\u0142ownik ramienia umo\u017cliwia precyzyjn\u0105 kontrol\u0119 ruchu, co sprawia, \u017ce \u200b\u200bobs\u0142uga osprz\u0119tu jest bardziej elastyczna i dok\u0142adna.<\/li>\n<li><strong>Wysoka wytrzyma\u0142o\u015b\u0107:<\/strong> Cylindry ramienia s\u0105 zazwyczaj wykonane z materia\u0142\u00f3w o wysokiej wytrzyma\u0142o\u015bci, zapewniaj\u0105cych doskona\u0142\u0105 odporno\u015b\u0107 na zu\u017cycie i korozj\u0119, dzi\u0119ki czemu nadaj\u0105 si\u0119 do d\u0142ugotrwa\u0142ego u\u017cytkowania w trudnych warunkach.<\/li>\n<li><strong>Wielofunkcyjna adaptowalno\u015b\u0107:<\/strong> Cylindry te mo\u017cna powszechnie stosowa\u0107 w r\u00f3\u017cnych maszynach, takich jak koparki, d\u017awigi i ramiona robotyczne, dostosowuj\u0105c je do r\u00f3\u017cnych wymaga\u0144 roboczych.<\/li>\n<li><strong>\u0141atwa konserwacja:<\/strong> Zaprojektowane z my\u015bl\u0105 o \u0142atwej konserwacji i wymianie, si\u0142owniki ramion u\u0142atwiaj\u0105 regularne kontrole i konserwacj\u0119, redukuj\u0105c przestoje sprz\u0119tu.<\/li>\n<\/ul>\n<p><img decoding=\"async\" src=\"https:\/\/www.hydraulic-cylinders.net\/wp-content\/uploads\/2025\/01\/songte-oil-pipes-and-spare-parts.webp\"><\/p>\n<h3>Aplikacje<\/h3>\n<p>Cylindry ramieniowe znajduj\u0105 zastosowanie w r\u00f3\u017cnych ga\u0142\u0119ziach przemys\u0142u:<\/p>\n<ul>\n<li><strong>In\u017cynieria budowlana:<\/strong> W koparkach i d\u017awigach si\u0142owniki ramion steruj\u0105 ruchem \u0142y\u017cek lub wysi\u0119gnik\u00f3w, umo\u017cliwiaj\u0105c prace ziemne, przenoszenie materia\u0142\u00f3w i monta\u017c konstrukcji.<\/li>\n<li><strong>Produkcja:<\/strong> W zautomatyzowanych liniach produkcyjnych cylindry ramion u\u0142atwiaj\u0105 ruch ramion robota, wykonuj\u0105cego procesy monta\u017cu, spawania i obs\u0142ugi, zwi\u0119kszaj\u0105c wydajno\u015b\u0107 i precyzj\u0119 produkcji.<\/li>\n<li><strong>Maszyny rolnicze:<\/strong> W maszynach rolniczych, takich jak kombajny i siewniki, si\u0142owniki ramion steruj\u0105 ruchem ramion roboczych, wykonuj\u0105cych zadania takie jak sadzenie, nawo\u017cenie i zbi\u00f3r.<\/li>\n<li><strong>G\u00f3rnictwo:<\/strong> W sprz\u0119cie g\u00f3rniczym cylindry ramion steruj\u0105 ruchem ramion sprz\u0119tu g\u00f3rniczego, umo\u017cliwiaj\u0105c wydobycie i transport rudy.<\/li>\n<li><strong>Logistyka i transport:<\/strong> W w\u00f3zkach wid\u0142owych i robotach prze\u0142adunkowych si\u0142owniki ramion steruj\u0105 podnoszeniem i ruchem wide\u0142, u\u0142atwiaj\u0105c przenoszenie materia\u0142\u00f3w i ich uk\u0142adanie.<\/li>\n<\/ul>\n<h3>Zagadnienia projektowe i kryteria wyboru<\/h3>\n<p><img decoding=\"async\" src=\"https:\/\/www.hydraulic-cylinders.net\/wp-content\/uploads\/2025\/01\/songte-cylinder-head-with-all-kinds-excavator-models.webp\"><\/p>\n<p>Przy projektowaniu cylindr\u00f3w ramieniowych nale\u017cy wzi\u0105\u0107 pod uwag\u0119 kilka kluczowych kwestii i kryteri\u00f3w wyboru:<\/p>\n<ul>\n<li><strong>No\u015bno\u015b\u0107:<\/strong> Cylindry ramienia powinny by\u0107 zaprojektowane tak, aby wytrzymywa\u0142y wymagane obci\u0105\u017cenie, zapewniaj\u0105c bezpieczn\u0105 i wydajn\u0105 prac\u0119.<\/li>\n<li><strong>Mo\u017cliwo\u015b\u0107 uszczelnienia:<\/strong> Nale\u017cy stosowa\u0107 r\u00f3\u017cne elementy uszczelniaj\u0105ce, takie jak uszczelnienia t\u0142ok\u00f3w i t\u0142oczysk, wykonane z materia\u0142\u00f3w odpornych na zu\u017cycie, takich jak poliuretan i kauczuk nitrylowy. Korpus cylindra i gwintowane powierzchnie ko\u0144cowe powinny zosta\u0107 poddane precyzyjnej obr\u00f3bce w celu zwi\u0119kszenia odporno\u015bci na zu\u017cycie.<\/li>\n<li><strong>Trwa\u0142o\u015b\u0107:<\/strong> Cylindry ramienia powinny by\u0107 wykonane z materia\u0142\u00f3w najwy\u017cszej jako\u015bci, aby zapewni\u0107 trwa\u0142o\u015b\u0107 i odporno\u015b\u0107 na zu\u017cycie, korozj\u0119 i inne trudne warunki \u015brodowiskowe.<\/li>\n<li><strong>Bezpiecze\u0144stwo:<\/strong> Aby zapobiec wypadkom i zapewni\u0107 bezpiecze\u0144stwo operatora, konstrukcja powinna uwzgl\u0119dnia\u0107 takie elementy bezpiecze\u0144stwa, jak zawory bezpiecze\u0144stwa i mechanizmy zatrzymania awaryjnego.<\/li>\n<li><strong>Utrzymywalno\u015b\u0107:<\/strong> Nale\u017cy zadba\u0107 o \u0142atw\u0105 konserwacj\u0119 i wymian\u0119 podzespo\u0142\u00f3w, co umo\u017cliwi wygodne regularne kontrole i konserwacj\u0119, a tak\u017ce skr\u00f3ci przestoje.<\/li>\n<\/ul>\n<h3>Uszczelnianie i smarowanie<\/h3>\n<p>Si\u0142owniki ramieniowe wykorzystuj\u0105 r\u00f3\u017cnorodne elementy uszczelniaj\u0105ce, takie jak uszczelnienia t\u0142oczyska i t\u0142oczyska, wykonane z materia\u0142\u00f3w odpornych na zu\u017cycie, takich jak poliuretan i kauczuk nitrylowy. Korpus cylindra i gwintowane powierzchnie ko\u0144cowe poddawane s\u0105 precyzyjnej obr\u00f3bce w celu zwi\u0119kszenia odporno\u015bci na zu\u017cycie. Konieczne jest regularne smarowanie odpowiedni\u0105 ilo\u015bci\u0105 oleju hydraulicznego.<\/p>\n<h3>Regularne kontrole i konserwacja zapobiegawcza<\/h3>\n<p><img decoding=\"async\" src=\"https:\/\/www.hydraulic-cylinders.net\/wp-content\/uploads\/2025\/01\/songte-chushion-collar.webp\"><\/p>\n<p>Aby zapewni\u0107 optymaln\u0105 wydajno\u015b\u0107 i trwa\u0142o\u015b\u0107, zaleca si\u0119 regularne kontrole i dzia\u0142ania zapobiegawcze:<\/p>\n<ul>\n<li>Sprawd\u017a cylinder i powi\u0105zane z nim elementy pod k\u0105tem oznak zu\u017cycia, nieszczelno\u015bci lub uszkodze\u0144.<\/li>\n<li>Wyczy\u015b\u0107 cylinder i usu\u0144 wszelkie zanieczyszczenia.<\/li>\n<li>Sprawdzaj i uzupe\u0142niaj poziom oleju hydraulicznego, je\u015bli to konieczne.<\/li>\n<li>Dokr\u0119\u0107 wszelkie lu\u017ane elementy i po\u0142\u0105czenia.<\/li>\n<li>Wymie\u0144 zu\u017cyte lub uszkodzone uszczelki i inne elementy.<\/li>\n<\/ul>\n<h3>Instrukcja instalacji produktu<\/h3>\n<p><img decoding=\"async\" src=\"https:\/\/www.hydraulic-cylinders.net\/wp-content\/uploads\/2025\/01\/songte-bushings-with-all-kinds-of-excavator-models.webp\"><\/p>\n<p>Prawid\u0142owy monta\u017c si\u0142ownika ramienia jest kluczowy dla optymalnej wydajno\u015bci. Wykonaj nast\u0119puj\u0105ce kroki:<\/p>\n<ol>\n<li>Przygotuj miejsce monta\u017cu i upewnij si\u0119, \u017ce jest czyste i wolne od zanieczyszcze\u0144.<\/li>\n<li>Wyr\u00f3wnaj cylinder z punktami mocowania i zabezpiecz go za pomoc\u0105 odpowiednich \u015brub lub element\u00f3w mocuj\u0105cych.<\/li>\n<li>Pod\u0142\u0105cz w\u0119\u017ce lub rury hydrauliczne do port\u00f3w wlotowych i wylotowych cylindra.<\/li>\n<li>Sprawd\u017a, czy nie ma wyciek\u00f3w i upewnij si\u0119, \u017ce wszystkie po\u0142\u0105czenia s\u0105 dobrze dokr\u0119cone i bezpieczne.<\/li>\n<li>Sprawd\u017a dzia\u0142anie cylindra, korzystaj\u0105c z element\u00f3w steruj\u0105cych maszyny.<\/li>\n<\/ol>\n<h3>Zagadnienia bezpiecze\u0144stwa i czynniki \u015brodowiskowe<\/h3>\n<p>Stosowanie odpowiednich \u015brodk\u00f3w bezpiecze\u0144stwa jest kluczowe podczas pracy z si\u0142ownikami ramion, aby zapobiec wypadkom i zapewni\u0107 bezpiecze\u0144stwo operatora. Nale\u017cy wzi\u0105\u0107 pod uwag\u0119 nast\u0119puj\u0105ce kwestie:<\/p>\n<ul>\n<li>Zapewnij odpowiednie szkolenie i instrukcje dla operator\u00f3w dotycz\u0105ce bezpiecznego u\u017cytkowania maszyn wyposa\u017conych w si\u0142owniki ramieniowe.<\/li>\n<li>Aby chroni\u0107 operator\u00f3w przed potencjalnymi zagro\u017ceniami, nale\u017cy stosowa\u0107 os\u0142ony lub zabezpieczenia.<\/li>\n<li>Przeprowadzaj regularne kontrole w celu szybkiego identyfikowania i rozwi\u0105zywania problem\u00f3w zwi\u0105zanych z bezpiecze\u0144stwem.<\/li>\n<li>Stosuj si\u0119 do obowi\u0105zuj\u0105cych przepis\u00f3w i wytycznych bezpiecze\u0144stwa.<\/li>\n<\/ul>\n<h3>Rozwi\u0105zywanie problem\u00f3w i typowe problemy<\/h3>\n<p><img decoding=\"async\" src=\"https:\/\/www.hydraulic-cylinders.net\/wp-content\/uploads\/2025\/01\/songte-chushion-collar.webp\"><\/p>\n<p>Rozwi\u0105zuj\u0105c problemy z cylindrami ramienia, nale\u017cy wzi\u0105\u0107 pod uwag\u0119 nast\u0119puj\u0105ce, cz\u0119sto spotykane problemy:<\/p>\n<ul>\n<li>Nieszczelne uszczelki lub po\u0142\u0105czenia<\/li>\n<li>Niewystarczaj\u0105cy lub nier\u00f3wnomierny ruch<\/li>\n<li>Nadmierny ha\u0142as lub wibracje<\/li>\n<li>Utrata mocy lub si\u0142y<\/li>\n<\/ul>\n<p>Aby rozwi\u0105za\u0107 te problemy:<\/p>\n<ul>\n<li>Sprawd\u017a i wymie\u0144 wszelkie uszkodzone lub zu\u017cyte uszczelki i po\u0142\u0105czenia.<\/li>\n<li>Sprawd\u017a, czy nie ma \u017cadnych przeszk\u00f3d lub niewsp\u00f3\u0142osiowo\u015bci, kt\u00f3re mog\u0142yby utrudnia\u0107 p\u0142ynny ruch.<\/li>\n<li>Zapewnij w\u0142a\u015bciwy poziom i przep\u0142yw p\u0142ynu hydraulicznego.<\/li>\n<li>Je\u015bli to konieczne, zapoznaj si\u0119 z wytycznymi producenta lub zwr\u00f3\u0107 si\u0119 o pomoc do specjalisty.<\/li>\n<\/ul>\n<p><img decoding=\"async\" src=\"https:\/\/www.hydraulic-cylinders.net\/wp-content\/uploads\/2025\/01\/songte-chushion-collar.webp\"><\/p>\n<p><strong>Autor: lyl<\/strong><\/p>\n<p>Nasza firma jest wiod\u0105cym producentem i hurtownikiem si\u0142ownik\u00f3w hydraulicznych, specjalizuj\u0105cym si\u0119 w dostarczaniu wysokiej jako\u015bci si\u0142ownik\u00f3w zamiennych. Oferujemy szerok\u0105 gam\u0119 produkt\u00f3w i stali\u015bmy si\u0119 zaufanym dostawc\u0105 zar\u00f3wno na rynku krajowym, jak i mi\u0119dzynarodowym. Koncentruj\u0105c si\u0119 na doskona\u0142o\u015bci, stale podnosimy nasze mo\u017cliwo\u015bci techniczne i wydajno\u015b\u0107 produkcji dzi\u0119ki zaawansowanym zak\u0142adom produkcyjnym i profesjonalnym systemom testowym. Naszym celem jest zaspokajanie zr\u00f3\u017cnicowanych potrzeb klient\u00f3w, kieruj\u0105c si\u0119 zasadami wydajno\u015bci, precyzji i wysokiej jako\u015bci.<\/p>\n<p><img decoding=\"async\" src=\"https:\/\/www.hydraulic-cylinders.net\/wp-content\/uploads\/2025\/01\/songte-company-4.webp\"><img decoding=\"async\" src=\"https:\/\/www.hydraulic-cylinders.net\/wp-content\/uploads\/2025\/01\/songte-company-3.webp\"><\/p>\n<p>Jeste\u015bmy dumni z naszego profesjonalizmu, mi\u0119dzynarodowego<\/p>","protected":false},"excerpt":{"rendered":"<p>Arm Cylinder For Yuchai YC35-8 Definition and Explanation The arm cylinder is a hydraulic cylinder specially designed to provide linear motion and power to the arm of various types of machinery, such as excavators, cranes, and robotic arms. The arm cylinder plays a crucial role in hydraulic systems, enabling the efficient movement and control of [&hellip;]<\/p>","protected":false},"featured_media":14763,"comment_status":"open","ping_status":"closed","template":"","meta":{"_et_pb_use_builder":"","_et_pb_old_content":"","_et_gb_content_width":""},"product_brand":[],"product_cat":[1497],"product_tag":[1498,1496],"class_list":{"0":"post-16785","1":"product","2":"type-product","3":"status-publish","4":"has-post-thumbnail","6":"product_cat-arm-cylinders","7":"product_tag-arm-cylinders","8":"product_tag-hydraulic-cylinders","10":"first","11":"instock","12":"shipping-taxable","13":"product-type-simple"},"amp_enabled":true,"_links":{"self":[{"href":"https:\/\/www.hydraulic-cylinders.net\/pl\/wp-json\/wp\/v2\/product\/16785","targetHints":{"allow":["GET"]}}],"collection":[{"href":"https:\/\/www.hydraulic-cylinders.net\/pl\/wp-json\/wp\/v2\/product"}],"about":[{"href":"https:\/\/www.hydraulic-cylinders.net\/pl\/wp-json\/wp\/v2\/types\/product"}],"replies":[{"embeddable":true,"href":"https:\/\/www.hydraulic-cylinders.net\/pl\/wp-json\/wp\/v2\/comments?post=16785"}],"wp:featuredmedia":[{"embeddable":true,"href":"https:\/\/www.hydraulic-cylinders.net\/pl\/wp-json\/wp\/v2\/media\/14763"}],"wp:attachment":[{"href":"https:\/\/www.hydraulic-cylinders.net\/pl\/wp-json\/wp\/v2\/media?parent=16785"}],"wp:term":[{"taxonomy":"product_brand","embeddable":true,"href":"https:\/\/www.hydraulic-cylinders.net\/pl\/wp-json\/wp\/v2\/product_brand?post=16785"},{"taxonomy":"product_cat","embeddable":true,"href":"https:\/\/www.hydraulic-cylinders.net\/pl\/wp-json\/wp\/v2\/product_cat?post=16785"},{"taxonomy":"product_tag","embeddable":true,"href":"https:\/\/www.hydraulic-cylinders.net\/pl\/wp-json\/wp\/v2\/product_tag?post=16785"}],"curies":[{"name":"wp","href":"https:\/\/api.w.org\/{rel}","templated":true}]}}