{"id":16789,"date":"2025-01-21T05:54:30","date_gmt":"2025-01-21T05:54:30","guid":{"rendered":"https:\/\/www.hydraulic-cylinders.net\/product\/arm-cylinder-for-yuchai-yc13-8\/"},"modified":"2025-01-21T05:54:32","modified_gmt":"2025-01-21T05:54:32","slug":"arm-cylinder-for-yuchai-yc13-8","status":"publish","type":"product","link":"https:\/\/www.hydraulic-cylinders.net\/pl\/produkt\/arm-cylinder-for-yuchai-yc13-8\/","title":{"rendered":"Cylinder ramienia do Yuchai YC13-8"},"content":{"rendered":"<h2>Cylinder ramienia do Yuchai YC13-8<\/h2>\n<h3>Wst\u0119p<\/h3>\n<p>Si\u0142ownik ramienia to specjalistyczny si\u0142ownik hydrauliczny, u\u017cywany g\u0142\u00f3wnie do zapewnienia ruchu liniowego i zasilania ramion r\u00f3\u017cnego rodzaju maszyn, takich jak koparki, d\u017awigi i ramiona mechaniczne. Si\u0142ownik ramienia odgrywa kluczow\u0105 rol\u0119 w uk\u0142adzie hydraulicznym, umo\u017cliwiaj\u0105c ruch osprz\u0119tu i akcesori\u00f3w oraz ich efektywne sterowanie. Si\u0142owniki te nie tylko zapewniaj\u0105 p\u0142ynny ruch, ale tak\u017ce wytrzymuj\u0105 du\u017ce obci\u0105\u017cenia, gwarantuj\u0105c wydajn\u0105 prac\u0119 i niezawodno\u015b\u0107 maszyn w r\u00f3\u017cnych warunkach eksploatacyjnych.<\/p>\n<p><img decoding=\"async\" src=\"https:\/\/www.hydraulic-cylinders.net\/wp-content\/uploads\/2025\/01\/songte-company-2.webp\" \/><\/p>\n<h3>Cechy<\/h3>\n<p>Cylinder ramienia do Yuchai YC13-8 oferuje nast\u0119puj\u0105ce cechy:<\/p>\n<ul>\n<li><strong>Nap\u0119d o wysokiej sprawno\u015bci:<\/strong> Si\u0142ownik ramienia zapewnia mocny ruch liniowy i si\u0142\u0119, gwarantuj\u0105c wysok\u0105 wydajno\u015b\u0107 ramienia mechanicznego podczas r\u00f3\u017cnych operacji.<\/li>\n<li><strong>Precyzyjna kontrola:<\/strong> Dzi\u0119ki uk\u0142adowi hydraulicznemu si\u0142ownik ramienia mo\u017ce uzyska\u0107 precyzyjn\u0105 kontrol\u0119 ruchu, co sprawia, \u017ce \u200b\u200bobs\u0142uga osprz\u0119tu jest bardziej elastyczna i dok\u0142adna.<\/li>\n<li><strong>Wytrzyma\u0142y:<\/strong> Cylindry ramienia s\u0105 zazwyczaj wykonane z materia\u0142\u00f3w o wysokiej wytrzyma\u0142o\u015bci, charakteryzuj\u0105cych si\u0119 dobr\u0105 odporno\u015bci\u0105 na zu\u017cycie i korozj\u0119, dzi\u0119ki czemu nadaj\u0105 si\u0119 do d\u0142ugotrwa\u0142ego u\u017cytkowania w trudnych warunkach.<\/li>\n<li><strong>Wielofunkcyjna adaptowalno\u015b\u0107:<\/strong> Si\u0142owniki te mo\u017cna powszechnie stosowa\u0107 w r\u00f3\u017cnych typach maszyn, takich jak koparki, d\u017awigi i ramiona mechaniczne, dostosowuj\u0105c je do r\u00f3\u017cnych wymaga\u0144 roboczych.<\/li>\n<li><strong>\u0141atwa konserwacja:<\/strong> Zaprojektowane z my\u015bl\u0105 o \u0142atwej konserwacji i wymianie, regularne kontrole i konserwacje staj\u0105 si\u0119 wygodniejsze, redukuj\u0105c przestoje sprz\u0119tu.<\/li>\n<\/ul>\n<p>Jeste\u015bmy w stanie wyprodukowa\u0107 ten produkt i nasze produkty mog\u0105 doskonale zast\u0105pi\u0107 te cylindry hydrauliczne.<\/p>\n<p><img decoding=\"async\" src=\"https:\/\/www.hydraulic-cylinders.net\/wp-content\/uploads\/2025\/01\/songte-oil-pipes-and-spare-parts.webp\" \/><\/p>\n<h3>Aplikacje<\/h3>\n<p>Si\u0142ownik ramienia do Yuchai YC13-8 mo\u017ce by\u0107 stosowany w r\u00f3\u017cnych ga\u0142\u0119ziach przemys\u0142u:<\/p>\n<ul>\n<li><strong>Budowa:<\/strong> W koparkach i d\u017awigach si\u0142ownik ramienia steruje ruchem \u0142y\u017cki lub wysi\u0119gnika, umo\u017cliwiaj\u0105c wykonywanie prac ziemnych, przenoszenie materia\u0142\u00f3w i monta\u017c konstrukcji.<\/li>\n<li><strong>Produkcja:<\/strong> W zautomatyzowanych liniach produkcyjnych si\u0142ownik ramienia steruje ruchem ramienia mechanicznego, wykonuj\u0105c procesy monta\u017cu, spawania i obs\u0142ugi, zwi\u0119kszaj\u0105c wydajno\u015b\u0107 i dok\u0142adno\u015b\u0107 produkcji.<\/li>\n<li><strong>Maszyny rolnicze:<\/strong> W maszynach rolniczych, takich jak kombajny i siewniki, si\u0142ownik ramienia steruje ruchem ramienia roboczego, wykonuj\u0105cego zadania takie jak sadzenie, nawo\u017cenie i zbi\u00f3r.<\/li>\n<li><strong>G\u00f3rnictwo:<\/strong> W sprz\u0119cie g\u00f3rniczym si\u0142ownik ramienia steruje ruchem ramienia sprz\u0119tu g\u00f3rniczego, wykonuj\u0105cego wydobycie i transport rudy.<\/li>\n<li><strong>Logistyka i transport:<\/strong> W w\u00f3zkach wid\u0142owych i robotach prze\u0142adunkowych si\u0142ownik ramienia steruje podnoszeniem i ruchem wide\u0142, umo\u017cliwiaj\u0105c przenoszenie i uk\u0142adanie materia\u0142\u00f3w.<\/li>\n<\/ul>\n<h3>Zagadnienia projektowe i kryteria wyboru<\/h3>\n<p>Bior\u0105c pod uwag\u0119 rozwa\u017cania projektowe, cylindry ramieniowe musz\u0105 mie\u0107 nast\u0119puj\u0105ce cechy:<\/p>\n<ul>\n<li><strong>No\u015bno\u015b\u0107:<\/strong> Musi by\u0107 w stanie ud\u017awign\u0105\u0107 ci\u0119\u017car do\u0142\u0105czonych akcesori\u00f3w i dzia\u0142a\u0107 p\u0142ynnie.<\/li>\n<li><strong>Opiecz\u0119towanie:<\/strong> Stosowane s\u0105 r\u00f3\u017cne rodzaje uszczelnie\u0144, takie jak uszczelnienia t\u0142ok\u00f3w i uszczelnienia t\u0142oczysk, a materia\u0142y takie jak poliuretan i kauczuk nitrylowy dobierane s\u0105 ze wzgl\u0119du na ich odporno\u015b\u0107 na zu\u017cycie.<\/li>\n<li><strong>Trwa\u0142o\u015b\u0107:<\/strong> Korpus cylindra wykonany jest z materia\u0142\u00f3w o wysokiej wytrzyma\u0142o\u015bci i precyzyjnie obrobionej powierzchni, co zwi\u0119ksza odporno\u015b\u0107 na zu\u017cycie i korozj\u0119.<\/li>\n<li><strong>Bezpiecze\u0144stwo:<\/strong> Aby zagwarantowa\u0107 bezpieczn\u0105 obs\u0142ug\u0119 maszyn, musz\u0105 by\u0107 spe\u0142nione odpowiednie normy bezpiecze\u0144stwa.<\/li>\n<li><strong>Utrzymywalno\u015b\u0107:<\/strong> Zaprojektowane z my\u015bl\u0105 o \u0142atwej konserwacji i wymianie, co redukuje przestoje sprz\u0119tu i koszty konserwacji.<\/li>\n<\/ul>\n<p><img decoding=\"async\" src=\"https:\/\/www.hydraulic-cylinders.net\/wp-content\/uploads\/2025\/01\/songte-cylinder-head-with-all-kinds-excavator-models.webp\" \/><\/p>\n<h3>Uszczelnianie i smarowanie<\/h3>\n<p>Stosowane s\u0105 r\u00f3\u017cne uszczelnienia, takie jak uszczelnienia t\u0142ok\u00f3w i t\u0142oczysk, a materia\u0142y takie jak poliuretan i kauczuk nitrylowy s\u0105 dobierane ze wzgl\u0119du na ich odporno\u015b\u0107 na zu\u017cycie. Korpus cylindra i gwintowana powierzchnia ko\u0144cowa s\u0105 precyzyjnie obrabiane w celu zwi\u0119kszenia odporno\u015bci na zu\u017cycie. Regularne uzupe\u0142nianie oleju hydraulicznego jest wymagane do smarowania.<\/p>\n<h3>Konserwacja i naprawa<\/h3>\n<p>Regularne przegl\u0105dy i konserwacja zapobiegawcza s\u0105 niezb\u0119dne dla wydajnej pracy i d\u0142ugiej \u017cywotno\u015bci si\u0142ownik\u00f3w ramienia. Mo\u017cna podj\u0105\u0107 nast\u0119puj\u0105ce dzia\u0142ania:<\/p>\n<ul>\n<li>Regularnie sprawdzaj i wymieniaj uszczelki, aby zapobiega\u0107 przeciekom.<\/li>\n<li>Regularnie sprawdzaj powierzchni\u0119 korpusu cylindra i gwintowane ko\u0144ce, aby zapobiec zu\u017cyciu i uszkodzeniom.<\/li>\n<li>Regularnie wymieniaj olej hydrauliczny, aby zapewni\u0107 odpowiednie smarowanie i zapobiec korozji lub zanieczyszczeniom.<\/li>\n<\/ul>\n<p>W przypadku wyst\u0105pienia awarii mo\u017cna podj\u0105\u0107 nast\u0119puj\u0105ce kroki:<\/p>\n<ul>\n<li>Sprawd\u017a szczelno\u015b\u0107 uk\u0142adu hydraulicznego.<\/li>\n<li>Sprawd\u017a korpus cylindra oraz gwintowane ko\u0144c\u00f3wki pod k\u0105tem zu\u017cycia i uszkodze\u0144.<\/li>\n<li>Sprawd\u017a uszczelki pod k\u0105tem zu\u017cycia i uszkodze\u0144.<\/li>\n<\/ul>\n<p>Aby zapobiec potencjalnym problemom, mo\u017cna podj\u0105\u0107 nast\u0119puj\u0105ce \u015brodki ostro\u017cno\u015bci:<\/p>\n<ul>\n<li>Przeprowadzaj regularne prace konserwacyjne i przegl\u0105dy, aby identyfikowa\u0107 problemy i zapobiega\u0107 im, zanim stan\u0105 si\u0119 powa\u017cniejsze.<\/li>\n<li>Nale\u017cy przestrzega\u0107 wytycznych producenta dotycz\u0105cych instalacji, konserwacji i napraw.<\/li>\n<li>Nale\u017cy upewni\u0107 si\u0119, \u017ce prace konserwacyjne i naprawcze maszyn wykonuj\u0105 wy\u0142\u0105cznie przeszkoleni i upowa\u017cnieni pracownicy.<\/li>\n<\/ul>\n<p><img decoding=\"async\" src=\"https:\/\/www.hydraulic-cylinders.net\/wp-content\/uploads\/2025\/01\/songte-chushion-collar.webp\" \/><\/p>\n<h3>Instrukcja instalacji produktu<\/h3>\n<p>Aby prawid\u0142owo zamontowa\u0107 cylinder ramienia, nale\u017cy wykona\u0107 nast\u0119puj\u0105ce czynno\u015bci:<\/p>\n<ol>\n<li>Upewnij si\u0119, \u017ce cylinder jest czysty i wolny od zanieczyszcze\u0144.<\/li>\n<li>Upewnij si\u0119, \u017ce cylinder jest prawid\u0142owo wyr\u00f3wnany z elementem lub akcesorium, kt\u00f3re ma zosta\u0107 zainstalowane.<\/li>\n<li>Dok\u0142adnie dokr\u0119\u0107 gwintowane ko\u0144ce, stosuj\u0105c okre\u015blony moment dokr\u0119cania.<\/li>\n<li>Przed uruchomieniem maszyny nale\u017cy upewni\u0107 si\u0119, \u017ce uk\u0142ad hydrauliczny jest nape\u0142niony odpowiednim olejem i odpowietrzony.<\/li>\n<\/ol>\n<p><img decoding=\"async\" src=\"https:\/\/www.hydraulic-cylinders.net\/wp-content\/uploads\/2025\/01\/songte-bushings-with-all-kinds-of-excavator-models.webp\" \/><\/p>\n<h3>Zagadnienia bezpiecze\u0144stwa i czynniki \u015brodowiskowe<\/h3>\n<p>Si\u0142owniki ramieniowe odgrywaj\u0105 kluczow\u0105 rol\u0119 w bezpiecznej i wydajnej obs\u0142udze maszyn. Przestrzeganie odpowiednich wytycznych i przepis\u00f3w bezpiecze\u0144stwa jest niezwykle wa\u017cne, aby zapobiega\u0107 wypadkom i zapewni\u0107 bezpieczn\u0105 obs\u0142ug\u0119 sprz\u0119tu. Przy wyborze i u\u017cytkowaniu si\u0142ownik\u00f3w ramieniowych nale\u017cy r\u00f3wnie\u017c uwzgl\u0119dni\u0107 czynniki \u015brodowiskowe, takie jak temperatura, wilgotno\u015b\u0107 i nara\u017cenie na dzia\u0142anie substancji chemicznych.<\/p>\n<h3>Diagnostyka usterek i typowe problemy<\/h3>\n<p>Do typowych problem\u00f3w, kt\u00f3re mog\u0105 wyst\u0105pi\u0107 w przypadku si\u0142ownik\u00f3w ramieniowych, nale\u017c\u0105: nieszczelno\u015b\u0107, zu\u017cycie i uszkodzenie korpusu si\u0142ownika i ko\u0144c\u00f3wek gwintowanych oraz zu\u017cyte lub uszkodzone uszczelki. Regularna konserwacja i przegl\u0105dy mog\u0105 zapobiec wyst\u0105pieniu tych problem\u00f3w.<\/p>\n<h3>Rozwi\u0105zywanie problem\u00f3w i rozwi\u0105zania<\/h3>\n<p>Je\u015bli wyst\u0105pi problem, mo\u017cna podj\u0105\u0107 nast\u0119puj\u0105ce kroki:<\/p>\n<ul>\n<li>Sprawd\u017a, czy nie ma wyciek\u00f3w i dokr\u0119\u0107 lu\u017ane po\u0142\u0105czenia.<\/li>\n<li>Sprawd\u017a korpus cylindra oraz gwintowane ko\u0144c\u00f3wki pod k\u0105tem zu\u017cycia i uszkodze\u0144. W razie konieczno\u015bci wymie\u0144 je.<\/li>\n<li>Wymie\u0144 wszystkie zu\u017cyte lub uszkodzone uszczelki.<\/li>\n<\/ul>\n<p>Aby zapobiec potencjalnym problemom, mo\u017cna podj\u0105\u0107 nast\u0119puj\u0105ce \u015brodki ostro\u017cno\u015bci:<\/p>\n<ul>\n<li>Przeprowadzaj regularne prace konserwacyjne i przegl\u0105dy, aby identyfikowa\u0107 problemy i zapobiega\u0107 im, zanim stan\u0105 si\u0119 powa\u017cniejsze.<\/li>\n<li>Nale\u017cy przestrzega\u0107 wytycznych producenta dotycz\u0105cych instalacji, konserwacji i napraw.<\/li>\n<li>Nale\u017cy upewni\u0107 si\u0119, \u017ce prace konserwacyjne i naprawcze maszyn wykonuj\u0105 wy\u0142\u0105cznie przeszkoleni i upowa\u017cnieni pracownicy.<\/li>\n<\/ul>\n<p><img decoding=\"async\" src=\"https:\/\/www.hydraulic-cylinders.net\/wp-content\/uploads\/2025\/01\/songte-company-4.webp\" \/><br \/>\n<img decoding=\"async\" src=\"https:\/\/www.hydraulic-cylinders.net\/wp-content\/uploads\/2025\/01\/songte-company-3.webp\" \/><\/p>\n<h3>O nas<\/h3>\n<p>Jeste\u015bmy profesjonalnym producentem zamiennych cylindr\u00f3w hydraulicznych, oferuj\u0105cym szerok\u0105 gam\u0119 produkt\u00f3w. Nasza firma sta\u0142a si\u0119 jednym z wiod\u0105cych producent\u00f3w i hurtowych dystrybutor\u00f3w cylindr\u00f3w hydraulicznych na rynku krajowym i mi\u0119dzynarodowym. Zawsze przestrzegamy zasady doskona\u0142ej jako\u015bci i opieramy si\u0119 na zindustrializowanych strategiach zarz\u0105dzania produkcj\u0105 w precyzyjnie wyposa\u017conych warsztatach, aby stale doskonali\u0107 nasz\u0105 technologi\u0119 i wydajno\u015b\u0107 produkcji. Wprowadzaj\u0105c wysokiej klasy cyfrowy sprz\u0119t produkcyjny i profesjonalne systemy testowe, optymalizujemy nasz\u0105 platform\u0119 produkcyjn\u0105 i usprawniamy proces kontroli jako\u015bci produkt\u00f3w, jednocze\u015bnie dysponuj\u0105c silnym potencja\u0142em innowacyjnym. Naszym celem jest zaspokajanie zr\u00f3\u017cnicowanych potrzeb klient\u00f3w, kieruj\u0105c si\u0119 zasadami wysokiej wydajno\u015bci, dok\u0142adno\u015bci i jako\u015bci.<\/p>\n<p>Oferujemy profesjonaln\u0105 obs\u0142ug\u0119, mi\u0119dzynarodowe certyfikaty, us\u0142ugi dostosowane do potrzeb klienta, zaawansowany sprz\u0119t produkcyjny i kompleksow\u0105 obs\u0142ug\u0119 posprzeda\u017cow\u0105, co czyni nas wiarygodnym partnerem dla Twojej firmy.<\/p>\n<p>Autor: lyl.<\/p>","protected":false},"excerpt":{"rendered":"<p>Arm Cylinder For Yuchai YC13-8 Introduction An arm cylinder is a specialized hydraulic cylinder primarily used to provide linear motion and power to the arms of various types of machinery such as excavators, cranes, and mechanical arms. The arm cylinder plays a key role in the hydraulic system, allowing attachments or accessories to move and [&hellip;]<\/p>","protected":false},"featured_media":14779,"comment_status":"open","ping_status":"closed","template":"","meta":{"_et_pb_use_builder":"","_et_pb_old_content":"","_et_gb_content_width":""},"product_brand":[],"product_cat":[1497],"product_tag":[1498,1496],"class_list":{"0":"post-16789","1":"product","2":"type-product","3":"status-publish","4":"has-post-thumbnail","6":"product_cat-arm-cylinders","7":"product_tag-arm-cylinders","8":"product_tag-hydraulic-cylinders","10":"first","11":"instock","12":"shipping-taxable","13":"product-type-simple"},"amp_enabled":true,"_links":{"self":[{"href":"https:\/\/www.hydraulic-cylinders.net\/pl\/wp-json\/wp\/v2\/product\/16789","targetHints":{"allow":["GET"]}}],"collection":[{"href":"https:\/\/www.hydraulic-cylinders.net\/pl\/wp-json\/wp\/v2\/product"}],"about":[{"href":"https:\/\/www.hydraulic-cylinders.net\/pl\/wp-json\/wp\/v2\/types\/product"}],"replies":[{"embeddable":true,"href":"https:\/\/www.hydraulic-cylinders.net\/pl\/wp-json\/wp\/v2\/comments?post=16789"}],"wp:featuredmedia":[{"embeddable":true,"href":"https:\/\/www.hydraulic-cylinders.net\/pl\/wp-json\/wp\/v2\/media\/14779"}],"wp:attachment":[{"href":"https:\/\/www.hydraulic-cylinders.net\/pl\/wp-json\/wp\/v2\/media?parent=16789"}],"wp:term":[{"taxonomy":"product_brand","embeddable":true,"href":"https:\/\/www.hydraulic-cylinders.net\/pl\/wp-json\/wp\/v2\/product_brand?post=16789"},{"taxonomy":"product_cat","embeddable":true,"href":"https:\/\/www.hydraulic-cylinders.net\/pl\/wp-json\/wp\/v2\/product_cat?post=16789"},{"taxonomy":"product_tag","embeddable":true,"href":"https:\/\/www.hydraulic-cylinders.net\/pl\/wp-json\/wp\/v2\/product_tag?post=16789"}],"curies":[{"name":"wp","href":"https:\/\/api.w.org\/{rel}","templated":true}]}}