{"id":16791,"date":"2025-01-21T05:54:38","date_gmt":"2025-01-21T05:54:38","guid":{"rendered":"https:\/\/www.hydraulic-cylinders.net\/product\/arm-cylinder-for-yuchai-yc35sr\/"},"modified":"2025-01-21T05:54:40","modified_gmt":"2025-01-21T05:54:40","slug":"arm-cylinder-for-yuchai-yc35sr","status":"publish","type":"product","link":"https:\/\/www.hydraulic-cylinders.net\/pl\/produkt\/arm-cylinder-for-yuchai-yc35sr\/","title":{"rendered":"Cylinder ramienia do Yuchai YC35SR"},"content":{"rendered":"<h2>Cylinder ramienia do Yuchai YC35SR<\/h2>\n<p><img decoding=\"async\" src=\"https:\/\/www.hydraulic-cylinders.net\/wp-content\/uploads\/2025\/01\/songte-company-2.webp\" alt=\"Cylinder ramienia do Yuchai YC35SR\" \/>Si\u0142ownik ramienia to specjalnie zaprojektowany si\u0142ownik hydrauliczny, kt\u00f3ry s\u0142u\u017cy g\u0142\u00f3wnie do zapewnienia ruchu liniowego i zasilania r\u00f3\u017cnego rodzaju ramion maszyn, takich jak koparki, d\u017awigi i ramiona mechaniczne. Si\u0142owniki ramienia odgrywaj\u0105 kluczow\u0105 rol\u0119 w uk\u0142adach hydraulicznych, umo\u017cliwiaj\u0105c efektywn\u0105 mobilno\u015b\u0107 i sterowanie dodatkowymi narz\u0119dziami lub osprz\u0119tem. Si\u0142owniki te nie tylko zapewniaj\u0105 p\u0142ynny ruch, ale tak\u017ce s\u0105 w stanie przenosi\u0107 du\u017ce obci\u0105\u017cenia, gwarantuj\u0105c wydajn\u0105 prac\u0119 i niezawodno\u015b\u0107 maszyn w r\u00f3\u017cnych warunkach eksploatacyjnych.<\/p>\n<h3>Cechy cylindra ramienia<\/h3>\n<ul>\n<li>Wysoka wydajno\u015b\u0107 przek\u0142adni: cylinder ramienia zapewnia mocny ruch liniowy i si\u0142\u0119, co gwarantuje wysok\u0105 wydajno\u015b\u0107 ramienia mechanicznego podczas r\u00f3\u017cnych operacji.<\/li>\n<li>Precyzyjna kontrola: Si\u0142ownik ramienia umo\u017cliwia dok\u0142adn\u0105 kontrol\u0119 ruchu dzi\u0119ki uk\u0142adowi hydraulicznemu, co sprawia, \u017ce \u200b\u200bobs\u0142uga dodatkowych narz\u0119dzi jest bardziej elastyczna i dok\u0142adna.<\/li>\n<li>Wysoka trwa\u0142o\u015b\u0107: Cylindry ramienia s\u0105 zazwyczaj wykonane z materia\u0142\u00f3w o wysokiej wytrzyma\u0142o\u015bci, charakteryzuj\u0105cych si\u0119 dobr\u0105 odporno\u015bci\u0105 na zu\u017cycie i korozj\u0119, dzi\u0119ki czemu nadaj\u0105 si\u0119 do d\u0142ugotrwa\u0142ego u\u017cytkowania w trudnych warunkach.<\/li>\n<li>Wielofunkcyjna mo\u017cliwo\u015b\u0107 adaptacji: Te cylindry mo\u017cna szeroko stosowa\u0107 w r\u00f3\u017cnych urz\u0105dzeniach mechanicznych, takich jak koparki, d\u017awigi i ramiona mechaniczne, dostosowuj\u0105c si\u0119 do r\u00f3\u017cnych potrzeb roboczych.<\/li>\n<li>\u0141atwa konserwacja: Projekt uwzgl\u0119dnia \u0142atwo\u015b\u0107 konserwacji i wymiany, dzi\u0119ki czemu regularne kontrole i konserwacje s\u0105 wygodniejsze, a przestoje sprz\u0119tu kr\u00f3tsze.<\/li>\n<\/ul>\n<p><img decoding=\"async\" src=\"https:\/\/www.hydraulic-cylinders.net\/wp-content\/uploads\/2025\/01\/songte-oil-pipes-and-spare-parts.webp\" alt=\"Cylinder ramienia do Yuchai YC35SR\" \/>Nasz produkt mo\u017ce doskonale zast\u0105pi\u0107 tego typu si\u0142owniki hydrauliczne.<\/p>\n<h3>Zastosowania cylindra ramienia<\/h3>\n<p>Cylindry ramieniowe znajduj\u0105 zastosowanie w r\u00f3\u017cnych ga\u0142\u0119ziach przemys\u0142u:<\/p>\n<ul>\n<li>In\u017cynieria budowlana: Cylindry ramieniowe s\u0142u\u017c\u0105 do kontrolowania ruchu \u0142y\u017cek koparek lub d\u017awig\u00f3w, wykonywania rob\u00f3t ziemnych, przenoszenia materia\u0142\u00f3w i monta\u017cu konstrukcji.<\/li>\n<li>Produkcja: Cylindry ramieniowe s\u0105 stosowane w zautomatyzowanych liniach produkcyjnych do poruszania ramionami mechanicznymi podczas monta\u017cu, spawania i obs\u0142ugi, co zwi\u0119ksza wydajno\u015b\u0107 i dok\u0142adno\u015b\u0107 produkcji.<\/li>\n<li>Maszyny rolnicze: W maszynach rolniczych, takich jak kombajny i siewniki, si\u0142owniki ramion steruj\u0105 ruchem ramion roboczych, wykonuj\u0105c takie zadania, jak siew, nawo\u017cenie i zbi\u00f3r.<\/li>\n<li>G\u00f3rnictwo: W sprz\u0119cie g\u00f3rniczym cylindry ramion steruj\u0105 ruchem ramion sprz\u0119tu g\u00f3rniczego w celu wydobycia i transportu rudy.<\/li>\n<li>Logistyka i transport: W w\u00f3zkach wid\u0142owych i robotach prze\u0142adunkowych si\u0142owniki ramion steruj\u0105 podnoszeniem i ruchem wide\u0142 w celu przenoszenia i uk\u0142adania materia\u0142\u00f3w.<\/li>\n<\/ul>\n<h3>Zagadnienia projektowe i kryteria wyboru<\/h3>\n<p>Przy projektowaniu cylindr\u00f3w ramieniowych brane s\u0105 pod uwag\u0119 nast\u0119puj\u0105ce czynniki:<\/p>\n<ul>\n<li>No\u015bno\u015b\u0107: Cylindry ramionowe powinny by\u0107 zdolne do przenoszenia wymaganych obci\u0105\u017ce\u0144 i si\u0142, aby zapewni\u0107 wysok\u0105 wydajno\u015b\u0107 i bezpiecze\u0144stwo operacji.<\/li>\n<li>Uszczelnienie: W cylindrach ramieniowych stosowane s\u0105 r\u00f3\u017cne elementy uszczelniaj\u0105ce, takie jak uszczelnienia t\u0142oka i uszczelnienia t\u0142oczyska wykonane z materia\u0142\u00f3w odpornych na zu\u017cycie, np. poliuretanu i kauczuku nitrylowego, co zapewnia wydajno\u015b\u0107 uk\u0142adu hydraulicznego i zapobiega wyciekom p\u0142ynu.<\/li>\n<li>Trwa\u0142o\u015b\u0107: Cylindry ramienia s\u0105 zwykle wykonane z materia\u0142\u00f3w o wysokiej wytrzyma\u0142o\u015bci, charakteryzuj\u0105cych si\u0119 dobr\u0105 odporno\u015bci\u0105 na zu\u017cycie i korozj\u0119, co zapewnia im odporno\u015b\u0107 na trudne warunki \u015brodowiskowe i d\u0142ugotrwa\u0142\u0105 wydajno\u015b\u0107.<\/li>\n<li>Bezpiecze\u0144stwo: Cylindry ramieniowe zosta\u0142y zaprojektowane z uwzgl\u0119dnieniem funkcji bezpiecze\u0144stwa, takich jak zawory bezpiecze\u0144stwa i zawory odcinaj\u0105ce, aby zapobiec wypadkom, na przyk\u0142ad p\u0119kni\u0119ciu cylindra, zapewniaj\u0105c tym samym bezpiecze\u0144stwo eksploatacji.<\/li>\n<li>Konserwacja: Cylindry ramienia powinny by\u0107 projektowane z uwzgl\u0119dnieniem \u0142atwo\u015bci regularnej konserwacji i wymiany, minimalizuj\u0105c przestoje i koszty konserwacji.<\/li>\n<\/ul>\n<p><img decoding=\"async\" src=\"https:\/\/www.hydraulic-cylinders.net\/wp-content\/uploads\/2025\/01\/songte-cylinder-head-with-all-kinds-excavator-models.webp\" alt=\"Cylinder ramienia do Yuchai YC35SR\" \/><\/p>\n<h3>Uszczelnianie i smarowanie cylindra ramienia<\/h3>\n<p>W si\u0142owniku ramienia zastosowano r\u00f3\u017cnorodne elementy uszczelniaj\u0105ce, takie jak uszczelnienia t\u0142oka i t\u0142oczyska, wykonane z materia\u0142\u00f3w odpornych na zu\u017cycie, takich jak poliuretan i kauczuk nitrylowy, aby zapewni\u0107 wydajno\u015b\u0107 uk\u0142adu hydraulicznego i zapobiec wyciekom p\u0142ynu. Korpus si\u0142ownika i powierzchnia gwintu s\u0105 poddawane starannej obr\u00f3bce w celu zwi\u0119kszenia odporno\u015bci na zu\u017cycie. Regularne uzupe\u0142nianie odpowiedniego oleju hydraulicznego jest wymagane w celu zapewnienia smarowania.<\/p>\n<h3>Regularne kontrole i \u015brodki konserwacji zapobiegawczej<\/h3>\n<p>Regularne kontrole i konserwacja zapobiegawcza maj\u0105 kluczowe znaczenie dla zapewnienia d\u0142ugotrwa\u0142ej wydajno\u015bci i bezpiecze\u0144stwa eksploatacji si\u0142ownik\u00f3w ramienia. Mo\u017cna podj\u0105\u0107 nast\u0119puj\u0105ce dzia\u0142ania:<\/p>\n<ul>\n<li>Regularna kontrola si\u0142ownik\u00f3w ramienia i uk\u0142ad\u00f3w hydraulicznych w celu wykrycia i zdiagnozowania problem\u00f3w na czas.<\/li>\n<li>Aby zapewni\u0107 wydajn\u0105 i bezpieczn\u0105 prac\u0119 urz\u0105dzenia, nale\u017cy wymieni\u0107 zu\u017cyte lub uszkodzone cz\u0119\u015bci.<\/li>\n<li>Regularnie czy\u015b\u0107 cylinder ramienia i uk\u0142ad hydrauliczny, aby zapobiec zanieczyszczeniu.<\/li>\n<li>Aby zapewni\u0107 smarowanie, nale\u017cy regularnie smarowa\u0107 cylinder ramienia odpowiednim olejem hydraulicznym.<\/li>\n<li>Przeszkol personel w zakresie prawid\u0142owych procedur obs\u0142ugi i konserwacji, aby ograniczy\u0107 potencjalne problemy.<\/li>\n<\/ul>\n<h3>Instrukcja monta\u017cu cylindra ramienia<\/h3>\n<p><img decoding=\"async\" src=\"https:\/\/www.hydraulic-cylinders.net\/wp-content\/uploads\/2025\/01\/songte-bushings-with-all-kinds-of-excavator-models.webp\" alt=\"Cylinder ramienia do Yuchai YC35SR\" \/><\/p>\n<p>Instrukcja monta\u017cu cylindra ramienia wygl\u0105da nast\u0119puj\u0105co:<\/p>\n<ul>\n<li>Przygotuj narz\u0119dzia i materia\u0142y instalacyjne.<\/li>\n<li>Oczy\u015b\u0107 miejsce instalacji i sprawd\u017a kompatybilno\u015b\u0107 cylindra i uk\u0142adu hydraulicznego.<\/li>\n<li>Zamontuj cylinder ramienia zgodnie z instrukcj\u0105 producenta, zwracaj\u0105c uwag\u0119 na prawid\u0142owe wyr\u00f3wnanie i moment dokr\u0119cania \u015brub.<\/li>\n<li>Pod\u0142\u0105cz przewody hydrauliczne i ruroci\u0105gi.<\/li>\n<li>Nape\u0142nij uk\u0142ad hydrauliczny odpowiednim olejem hydraulicznym i odpowietrz uk\u0142ad.<\/li>\n<li>Sprawd\u017a szczelno\u015b\u0107 uk\u0142adu i przetestuj dzia\u0142anie cylindra ramienia.<\/li>\n<\/ul>\n<h3>Zagadnienia bezpiecze\u0144stwa i czynniki \u015brodowiskowe<\/h3>\n<p>Podczas stosowania si\u0142ownik\u00f3w ramieniowych nale\u017cy zawsze stosowa\u0107 \u015brodki bezpiecze\u0144stwa, takie jak zawory bezpiecze\u0144stwa i zawory odcinaj\u0105ce, aby zapobiec wypadkom, takim jak p\u0119kni\u0119cie si\u0142ownika. Aby zapewni\u0107 prawid\u0142owe dzia\u0142anie uk\u0142adu hydraulicznego, nale\u017cy uwzgl\u0119dni\u0107 czynniki \u015brodowiskowe, takie jak temperatura i wilgotno\u015b\u0107.<\/p>\n<h3>Typowa diagnostyka usterek i rozwi\u0105zywanie problem\u00f3w<\/h3>\n<p>Poni\u017cej przedstawiono typowe problemy, kt\u00f3re mog\u0105 wyst\u0105pi\u0107 w przypadku cylindr\u00f3w ramienia:<\/p>\n<ul>\n<li>Wyciek p\u0142ynu z cylindra<\/li>\n<li>Nietypowy ha\u0142as podczas pracy<\/li>\n<li>Niewystarczaj\u0105ca si\u0142a podczas dzia\u0142ania<\/li>\n<\/ul>\n<p>Oto kilka wskaz\u00f3wek dotycz\u0105cych rozwi\u0105zywania tych problem\u00f3w:<\/p>\n<ul>\n<li>Sprawd\u017a, czy uszczelki nie s\u0105 uszkodzone i w razie potrzeby wymie\u0144 je.<\/li>\n<li>Sprawd\u017a, czy cz\u0119\u015bci nie s\u0105 uszkodzone i w razie potrzeby wymie\u0144 je.<\/li>\n<li>Sprawd\u017a, czy w zbiorniku znajduje si\u0119 niewystarczaj\u0105ca ilo\u015b\u0107 oleju hydraulicznego lub czy olej hydrauliczny jest zanieczyszczony i wymie\u0144 go lub uzupe\u0142nij.<\/li>\n<\/ul>\n<p><img decoding=\"async\" src=\"https:\/\/www.hydraulic-cylinders.net\/wp-content\/uploads\/2025\/01\/songte-chushion-collar.webp\" alt=\"Cylinder ramienia do Yuchai YC35SR\" \/><\/p>\n<h3>O nas<\/h3>\n<p>Jeste\u015bmy profesjonalnym producentem zamiennych cylindr\u00f3w hydraulicznych, oferuj\u0105cym szerok\u0105 gam\u0119 produkt\u00f3w i stali\u015bmy si\u0119 jednym z wiod\u0105cych producent\u00f3w i dystrybutor\u00f3w hurtowych cylindr\u00f3w hydraulicznych na rynku krajowym i mi\u0119dzynarodowym. Zawsze przestrzegamy zasady doskona\u0142ej jako\u015bci, opieramy si\u0119 na strategii zarz\u0105dzania produkcj\u0105 industrialn\u0105 w zaawansowanym warsztacie produkcyjnym, stale podnosz\u0105c poziom technologiczny i wydajno\u015b\u0107 produkcji. Dzi\u0119ki wprowadzeniu zaawansowanego cyfrowego sprz\u0119tu produkcyjnego i profesjonalnych system\u00f3w testowych, optymalizujemy platform\u0119 produkcyjn\u0105, doskonalimy proces kontroli jako\u015bci produkt\u00f3w i dysponujemy silnymi mo\u017cliwo\u015bciami innowacyjnymi. Naszym celem jest zaspokajanie zr\u00f3\u017cnicowanych potrzeb klient\u00f3w, kieruj\u0105c si\u0119 zasadami wysokiej wydajno\u015bci, dok\u0142adno\u015bci i jako\u015bci.<\/p>\n<h3>Nasze Specjalizacje<\/h3>\n<ul>\n<li>Profesjonalizm: Posiadamy zesp\u00f3\u0142 profesjonalist\u00f3w z du\u017cym do\u015bwiadczeniem w produkcji i projektowaniu cylindr\u00f3w hydraulicznych, dzi\u0119ki czemu zapewniamy klientom profesjonalne i niezawodne rozwi\u0105zania.<\/li>\n<li>Certyfikaty mi\u0119dzynarodowe: Posiadamy szereg certyfikat\u00f3w mi\u0119dzynarodowych, takich jak ISO9001, CE i UL, kt\u00f3re gwarantuj\u0105 wysok\u0105 jako\u015b\u0107 naszych produkt\u00f3w i us\u0142ug.<\/li>\n<li>Personalizacja: Oferujemy rozwi\u0105zania w zakresie cylindr\u00f3w hydraulicznych dostosowane do r\u00f3\u017cnych potrzeb klient\u00f3w.<\/li>\n<li>Sprz\u0119t produkcyjny: Dysponujemy kompletnym zestawem urz\u0105dze\u0144 do produkcji i testowania cylindr\u00f3w hydraulicznych, co gwarantuje wydajne i wysokiej jako\u015bci procesy produkcyjne.<\/li>\n<li>Serwis posprzeda\u017cowy: Zapewniamy klientom kompleksowy serwis posprzeda\u017cowy, w tym wsparcie techniczne i konserwacj\u0119, aby zagwarantowa\u0107 satysfakcj\u0119 klienta.<\/li>\n<\/ul>\n<p><img decoding=\"async\" src=\"https:\/\/www.hydraulic-cylinders.net\/wp-content\/uploads\/2025\/01\/songte-company-4.webp\" alt=\"Cylinder ramienia do Yuchai YC35SR\" \/><\/p>\n<p><img decoding=\"async\" src=\"https:\/\/www.hydraulic-cylinders.net\/wp-content\/uploads\/2025\/01\/songte-company-3.webp\" alt=\"Cylinder ramienia do Yuchai YC35SR\" \/><\/p>\n<p>Autor: lyl<\/p>","protected":false},"excerpt":{"rendered":"<p>Arm Cylinder For Yuchai YC35SR Arm cylinder is a specially designed hydraulic cylinder that is mainly used to provide linear motion and power for various types of machinery arms like excavators, cranes and mechanical arms. Arm cylinders play a crucial role in hydraulic systems to enable effective mobility and control of additional tools or attachments. [&hellip;]<\/p>","protected":false},"featured_media":14774,"comment_status":"open","ping_status":"closed","template":"","meta":{"_et_pb_use_builder":"","_et_pb_old_content":"","_et_gb_content_width":""},"product_brand":[],"product_cat":[1497],"product_tag":[1498,1496],"class_list":{"0":"post-16791","1":"product","2":"type-product","3":"status-publish","4":"has-post-thumbnail","6":"product_cat-arm-cylinders","7":"product_tag-arm-cylinders","8":"product_tag-hydraulic-cylinders","10":"first","11":"instock","12":"shipping-taxable","13":"product-type-simple"},"amp_enabled":true,"_links":{"self":[{"href":"https:\/\/www.hydraulic-cylinders.net\/pl\/wp-json\/wp\/v2\/product\/16791","targetHints":{"allow":["GET"]}}],"collection":[{"href":"https:\/\/www.hydraulic-cylinders.net\/pl\/wp-json\/wp\/v2\/product"}],"about":[{"href":"https:\/\/www.hydraulic-cylinders.net\/pl\/wp-json\/wp\/v2\/types\/product"}],"replies":[{"embeddable":true,"href":"https:\/\/www.hydraulic-cylinders.net\/pl\/wp-json\/wp\/v2\/comments?post=16791"}],"wp:featuredmedia":[{"embeddable":true,"href":"https:\/\/www.hydraulic-cylinders.net\/pl\/wp-json\/wp\/v2\/media\/14774"}],"wp:attachment":[{"href":"https:\/\/www.hydraulic-cylinders.net\/pl\/wp-json\/wp\/v2\/media?parent=16791"}],"wp:term":[{"taxonomy":"product_brand","embeddable":true,"href":"https:\/\/www.hydraulic-cylinders.net\/pl\/wp-json\/wp\/v2\/product_brand?post=16791"},{"taxonomy":"product_cat","embeddable":true,"href":"https:\/\/www.hydraulic-cylinders.net\/pl\/wp-json\/wp\/v2\/product_cat?post=16791"},{"taxonomy":"product_tag","embeddable":true,"href":"https:\/\/www.hydraulic-cylinders.net\/pl\/wp-json\/wp\/v2\/product_tag?post=16791"}],"curies":[{"name":"wp","href":"https:\/\/api.w.org\/{rel}","templated":true}]}}