{"id":16794,"date":"2025-01-21T05:54:50","date_gmt":"2025-01-21T05:54:50","guid":{"rendered":"https:\/\/www.hydraulic-cylinders.net\/product\/arm-cylinder-for-yuchai-yc135-8\/"},"modified":"2025-01-21T05:54:52","modified_gmt":"2025-01-21T05:54:52","slug":"arm-cylinder-for-yuchai-yc135-8","status":"publish","type":"product","link":"https:\/\/www.hydraulic-cylinders.net\/pl\/produkt\/arm-cylinder-for-yuchai-yc135-8\/","title":{"rendered":"Cylinder ramienia do Yuchai YC135-8"},"content":{"rendered":"<p>Cylinder ramienia do Yuchai YC135-8<\/p>\n<p>Si\u0142ownik ramienia to specjalnie zaprojektowany si\u0142ownik hydrauliczny, kt\u00f3ry s\u0142u\u017cy g\u0142\u00f3wnie do zapewnienia ruchu liniowego i zasilania ramion r\u00f3\u017cnych maszyn, takich jak koparki, d\u017awigi i ramiona mechaniczne. Si\u0142ownik ramienia odgrywa kluczow\u0105 rol\u0119 w uk\u0142adach hydraulicznych, umo\u017cliwiaj\u0105c ruch i sterowanie do\u0142\u0105czonymi narz\u0119dziami lub akcesoriami. Si\u0142owniki te nie tylko zapewniaj\u0105 p\u0142ynny ruch, ale tak\u017ce wytrzymuj\u0105 du\u017ce obci\u0105\u017cenia, gwarantuj\u0105c wydajn\u0105 prac\u0119 i niezawodno\u015b\u0107 maszyn w r\u00f3\u017cnych warunkach eksploatacyjnych.<\/p>\n<p>Cechy cylindra ramienia<\/p>\n<p>1. Nap\u0119d o wysokiej wydajno\u015bci: Cylinder ramienia mo\u017ce zapewni\u0107 mocny ruch liniowy i si\u0142\u0119, gwarantuj\u0105c wysok\u0105 wydajno\u015b\u0107 ramienia mechanicznego podczas r\u00f3\u017cnych operacji.<\/p>\n<p>2. Precyzyjna kontrola: Dzi\u0119ki uk\u0142adowi hydraulicznemu si\u0142ownik ramienia mo\u017ce uzyska\u0107 dok\u0142adn\u0105 kontrol\u0119 ruchu, co sprawia, \u017ce \u200b\u200bobs\u0142uga pod\u0142\u0105czonych narz\u0119dzi jest bardziej elastyczna i dok\u0142adna.<\/p>\n<p>3. Wysoka trwa\u0142o\u015b\u0107: Cylinder ramienia jest zwykle wykonany z materia\u0142u o wysokiej wytrzyma\u0142o\u015bci, charakteryzuj\u0105cego si\u0119 dobr\u0105 odporno\u015bci\u0105 na zu\u017cycie i korozj\u0119, nadaj\u0105cego si\u0119 do d\u0142ugotrwa\u0142ego u\u017cytkowania w trudnych warunkach.<\/p>\n<p>4. Wszechstronno\u015b\u0107: Cylindry te mo\u017cna szeroko stosowa\u0107 w r\u00f3\u017cnych urz\u0105dzeniach mechanicznych, takich jak koparki, d\u017awigi i ramiona mechaniczne, dostosowuj\u0105c si\u0119 do r\u00f3\u017cnych wymaga\u0144 roboczych.<\/p>\n<p>5. \u0141atwa konserwacja: Zaprojektowano je z my\u015bl\u0105 o \u0142atwej konserwacji i wymianie, regularne kontrole i konserwacje s\u0105 wygodniejsze, co ogranicza przestoje sprz\u0119tu.<\/p>\n<p>Nasza produkcja<\/p>\n<p>Nasz produkt, si\u0142ownik ramienia do Yuchai YC135-8, doskonale zast\u0119puje te si\u0142owniki hydrauliczne. U\u017cywamy wysokiej jako\u015bci materia\u0142\u00f3w i zaawansowanych technologii w procesie produkcji, aby zapewni\u0107 jako\u015b\u0107 i niezawodno\u015b\u0107 produktu. Nasze produkty zosta\u0142y zaprojektowane z my\u015bl\u0105 o \u0142atwej instalacji i konserwacji, co pozwala obni\u017cy\u0107 koszty eksploatacji i zwi\u0119kszy\u0107 wydajno\u015b\u0107 operacyjn\u0105.<\/p>\n<p>Zastosowanie cylindra ramienia<\/p>\n<p>Si\u0142ownik ramienia jest szeroko stosowany w r\u00f3\u017cnych ga\u0142\u0119ziach przemys\u0142u i urz\u0105dzeniach, w tym:<\/p>\n<p>1. Budownictwo: Si\u0142ownik ramienia s\u0142u\u017cy do sterowania ruchem \u0142y\u017cek lub wysi\u0119gnik\u00f3w w koparkach i d\u017awigach, podczas prac ziemnych, przenoszenia materia\u0142\u00f3w i instalacji konstrukcyjnych.<\/p>\n<p>2. Produkcja: Si\u0142ownik ramienia s\u0142u\u017cy do poruszania ramieniem mechanicznym w zautomatyzowanych liniach produkcyjnych, takich jak monta\u017c, spawanie i obs\u0142uga, zwi\u0119kszaj\u0105c wydajno\u015b\u0107 i precyzj\u0119 produkcji.<\/p>\n<p>3. Maszyny rolnicze: Si\u0142ownik ramienia steruje ruchem ramienia roboczego w maszynach rolniczych, takich jak kombajny i siewniki, wykonuj\u0105cych zadania takie jak siew, nawo\u017cenie i zbi\u00f3r.<\/p>\n<p>4. G\u00f3rnictwo: Cylinder ramienia s\u0142u\u017cy do sterowania ruchem ramion sprz\u0119tu g\u00f3rniczego, s\u0142u\u017c\u0105cego do wydobywania i transportu minera\u0142\u00f3w.<\/p>\n<p>5. Logistyka i transport: Si\u0142ownik ramienia s\u0142u\u017cy do sterowania podnoszeniem i ruchem wide\u0142 w w\u00f3zkach wid\u0142owych i robotach prze\u0142adunkowych, wykonuj\u0105cych czynno\u015bci zwi\u0105zane z przenoszeniem materia\u0142\u00f3w i ich uk\u0142adaniem.<\/p>\n<p>Zagadnienia projektowe i kryteria wyboru<\/p>\n<p>Konstrukcja cylindra ramienia musi uwzgl\u0119dnia\u0107 nast\u0119puj\u0105ce czynniki:<\/p>\n<p>1. No\u015bno\u015b\u0107: Cylinder ramienia powinien by\u0107 w stanie wytrzyma\u0107 maksymalne obci\u0105\u017cenie, co jest szczeg\u00f3lnie wa\u017cne w przypadku maszyn ci\u0119\u017ckich.<\/p>\n<p>2. Uszczelnienie: W si\u0142owniku ramienia nale\u017cy stosowa\u0107 r\u00f3\u017cnorodne elementy uszczelniaj\u0105ce, takie jak uszczelnienia t\u0142oka i t\u0142oczyska, wykonane z materia\u0142\u00f3w odpornych na zu\u017cycie, takich jak poliuretan lub kauczuk nitrylowy. Korpus si\u0142ownika i powierzchnia gwintu powinny zosta\u0107 poddane zaawansowanej obr\u00f3bce w celu zwi\u0119kszenia odporno\u015bci na zu\u017cycie.<\/p>\n<p>3. Trwa\u0142o\u015b\u0107: Cylinder ramienia powinien by\u0107 wykonany z wysokiej jako\u015bci materia\u0142\u00f3w o dobrej odporno\u015bci na korozj\u0119, odporno\u015bci na zu\u017cycie i doskona\u0142ej wytrzyma\u0142o\u015bci zm\u0119czeniowej.<\/p>\n<p>4. Bezpiecze\u0144stwo: Cylinder ramienia musi spe\u0142nia\u0107 normy bezpiecze\u0144stwa, a ponadto nale\u017cy podj\u0105\u0107 \u015brodki bezpiecze\u0144stwa, takie jak zabezpieczenie przed przeci\u0105\u017ceniem i odci\u0105\u017cenie ci\u015bnieniowe.<\/p>\n<p>5. \u0141atwo\u015b\u0107 konserwacji: Cylinder ramienia powinien by\u0107 \u0142atwy w konserwacji, a cz\u0119\u015bci zamienne i naprawcze powinny by\u0107 \u0142atwo dost\u0119pne.<\/p>\n<p>Uszczelnianie i smarowanie cylindra ramienia<\/p>\n<p>Si\u0142ownik ramienia wymaga odpowiedniego uszczelnienia i smarowania, aby wyd\u0142u\u017cy\u0107 jego \u017cywotno\u015b\u0107. Nale\u017cy stosowa\u0107 r\u00f3\u017cne elementy uszczelniaj\u0105ce, takie jak uszczelnienia t\u0142oka i t\u0142oczyska, wykonane z materia\u0142\u00f3w odpornych na zu\u017cycie, takich jak poliuretan lub kauczuk nitrylowy. Korpus cylindra i powierzchnia gwintu powinny zosta\u0107 poddane zaawansowanej obr\u00f3bce w celu zwi\u0119kszenia odporno\u015bci na zu\u017cycie. W celu zapewnienia prawid\u0142owego smarowania, w cylindrze nale\u017cy stosowa\u0107 odpowiedni olej hydrauliczny.<\/p>\n<p>Konserwacja zapobiegawcza i rozwi\u0105zywanie problem\u00f3w<\/p>\n<p>Okresowe przegl\u0105dy i konserwacja zapobiegawcza s\u0105 niezb\u0119dne dla zapewnienia prawid\u0142owego dzia\u0142ania si\u0142ownika ramienia. Nale\u017cy podj\u0105\u0107 nast\u0119puj\u0105ce \u015brodki zapobiegawcze:<\/p>\n<p>1. Regularnie sprawdzaj cylinder pod k\u0105tem nieszczelno\u015bci, uszkodze\u0144 lub zu\u017cycia.<\/p>\n<p>2. Regularnie sprawdzaj poziom oleju hydraulicznego i okresowo wymieniaj olej.<\/p>\n<p>3. Wyczy\u015b\u0107 cylinder i nasmaruj go odpowiednim \u015brodkiem smaruj\u0105cym.<\/p>\n<p>4. Niezw\u0142ocznie wymie\u0144 uszkodzone lub zu\u017cyte cz\u0119\u015bci.<\/p>\n<p>W przypadku wyst\u0105pienia jakiejkolwiek awarii lub problemu mo\u017cna podj\u0105\u0107 nast\u0119puj\u0105ce kroki rozwi\u0105zywania problem\u00f3w:<\/p>\n<p>1. Sprawd\u017a, czy cylinder nie jest nieszczelny lub uszkodzony.<\/p>\n<p>2. Sprawd\u017a poziom i jako\u015b\u0107 oleju hydraulicznego.<\/p>\n<p>3. Sprawd\u017a ci\u015bnienie i nat\u0119\u017cenie przep\u0142ywu w uk\u0142adzie.<\/p>\n<p>4. Sprawd\u017a, czy zaw\u00f3r steruj\u0105cy i inne cz\u0119\u015bci nie s\u0105 uszkodzone.<\/p>\n<p>5. Aby uzyska\u0107 pomoc, skonsultuj si\u0119 z producentem lub profesjonalnym technikiem.<\/p>\n<p>Przewodnik instalacji<\/p>\n<p>Aby zainstalowa\u0107 cylinder ramienia Yuchai YC135-8, wykonaj poni\u017csze czynno\u015bci:<\/p>\n<p>1. Oczy\u015b\u0107 powierzchni\u0119 monta\u017cow\u0105 ramienia i cylindra.<\/p>\n<p>2. Wyr\u00f3wnaj cylinder z powierzchni\u0105 mocowania ramienia i w\u0142\u00f3\u017c ko\u0142ki mocuj\u0105ce.<\/p>\n<p>3. Mocno dokr\u0119\u0107 \u015bruby i nakr\u0119tki mocuj\u0105ce.<\/p>\n<p>4. Pod\u0142\u0105cz przewody hydrauliczne i przy\u0142\u0105cza zgodnie z instrukcj\u0105 producenta.<\/p>\n<p>5. Sprawd\u017a dzia\u0142anie cylindra i przetestuj go pod obci\u0105\u017ceniem.<\/p>\n<p>Zagadnienia bezpiecze\u0144stwa i czynniki \u015brodowiskowe<\/p>\n<p>Si\u0142ownik ramienia musi spe\u0142nia\u0107 normy bezpiecze\u0144stwa, dlatego nale\u017cy zastosowa\u0107 \u015brodki bezpiecze\u0144stwa, takie jak zabezpieczenie przed przeci\u0105\u017ceniem i redukcja ci\u015bnienia. Si\u0142ownik musi by\u0107 u\u017cywany w odpowiednich warunkach \u015brodowiskowych, a zu\u017cyty olej hydrauliczny nale\u017cy utylizowa\u0107 zgodnie z przepisami ochrony \u015brodowiska.<\/p>\n<p>Nasza firma<\/p>\n<p>Jeste\u015bmy profesjonalnym producentem zamiennych si\u0142ownik\u00f3w hydraulicznych, oferuj\u0105cym szerok\u0105 gam\u0119 produkt\u00f3w i us\u0142ug. Nasze produkty wytwarzane s\u0105 z wysokiej jako\u015bci materia\u0142\u00f3w i przy u\u017cyciu zaawansowanych technologii, co gwarantuje niezawodno\u015b\u0107 i trwa\u0142o\u015b\u0107. Dok\u0142adamy wszelkich stara\u0144, aby sprosta\u0107 zr\u00f3\u017cnicowanym potrzebom naszych klient\u00f3w i zapewni\u0107 im doskona\u0142\u0105 obs\u0142ug\u0119. Nasza firma posiada certyfikaty mi\u0119dzynarodowych organizacji i oferuje klientom rozwi\u0105zania dostosowane do ich potrzeb oraz wsparcie techniczne. Wykorzystujemy zaawansowany sprz\u0119t produkcyjny i systemy kontroli, aby zapewni\u0107 jako\u015b\u0107 i innowacyjno\u015b\u0107 produkt\u00f3w.<\/p>\n<p>Autor: lyl<\/p>","protected":false},"excerpt":{"rendered":"<p>Arm Cylinder For Yuchai YC135-8 Arm cylinder is a specially designed hydraulic cylinder that is primarily used to provide linear motion and power to the arms of various machinery, such as excavators, cranes, and mechanical arms. The arm cylinder plays a crucial role in hydraulic systems, enabling the movement and control of attached tools or [&hellip;]<\/p>","protected":false},"featured_media":14766,"comment_status":"open","ping_status":"closed","template":"","meta":{"_et_pb_use_builder":"","_et_pb_old_content":"","_et_gb_content_width":""},"product_brand":[],"product_cat":[1497],"product_tag":[1498,1496],"class_list":{"0":"post-16794","1":"product","2":"type-product","3":"status-publish","4":"has-post-thumbnail","6":"product_cat-arm-cylinders","7":"product_tag-arm-cylinders","8":"product_tag-hydraulic-cylinders","10":"first","11":"instock","12":"shipping-taxable","13":"product-type-simple"},"amp_enabled":true,"_links":{"self":[{"href":"https:\/\/www.hydraulic-cylinders.net\/pl\/wp-json\/wp\/v2\/product\/16794","targetHints":{"allow":["GET"]}}],"collection":[{"href":"https:\/\/www.hydraulic-cylinders.net\/pl\/wp-json\/wp\/v2\/product"}],"about":[{"href":"https:\/\/www.hydraulic-cylinders.net\/pl\/wp-json\/wp\/v2\/types\/product"}],"replies":[{"embeddable":true,"href":"https:\/\/www.hydraulic-cylinders.net\/pl\/wp-json\/wp\/v2\/comments?post=16794"}],"wp:featuredmedia":[{"embeddable":true,"href":"https:\/\/www.hydraulic-cylinders.net\/pl\/wp-json\/wp\/v2\/media\/14766"}],"wp:attachment":[{"href":"https:\/\/www.hydraulic-cylinders.net\/pl\/wp-json\/wp\/v2\/media?parent=16794"}],"wp:term":[{"taxonomy":"product_brand","embeddable":true,"href":"https:\/\/www.hydraulic-cylinders.net\/pl\/wp-json\/wp\/v2\/product_brand?post=16794"},{"taxonomy":"product_cat","embeddable":true,"href":"https:\/\/www.hydraulic-cylinders.net\/pl\/wp-json\/wp\/v2\/product_cat?post=16794"},{"taxonomy":"product_tag","embeddable":true,"href":"https:\/\/www.hydraulic-cylinders.net\/pl\/wp-json\/wp\/v2\/product_tag?post=16794"}],"curies":[{"name":"wp","href":"https:\/\/api.w.org\/{rel}","templated":true}]}}