{"id":16802,"date":"2025-01-21T05:55:27","date_gmt":"2025-01-21T05:55:27","guid":{"rendered":"https:\/\/www.hydraulic-cylinders.net\/product\/arm-cylinder-for-xinyuan-crawler-excavator-xy60-8\/"},"modified":"2025-01-21T05:55:29","modified_gmt":"2025-01-21T05:55:29","slug":"arm-cylinder-for-xinyuan-crawler-excavator-xy60-8","status":"publish","type":"product","link":"https:\/\/www.hydraulic-cylinders.net\/pl\/produkt\/arm-cylinder-for-xinyuan-crawler-excavator-xy60-8\/","title":{"rendered":"Si\u0142ownik ramienia do koparki g\u0105sienicowej Xinyuan XY60-8"},"content":{"rendered":"<h2>Si\u0142ownik ramienia do koparki g\u0105sienicowej Xinyuan XY60-8<\/h2>\n<p>Si\u0142ownik ramienia to specjalnie zaprojektowany si\u0142ownik hydrauliczny, kt\u00f3ry s\u0142u\u017cy g\u0142\u00f3wnie do zapewnienia ruchu liniowego i zasilania ramion r\u00f3\u017cnego rodzaju maszyn, takich jak koparki, d\u017awigi i ramiona robot\u00f3w. Si\u0142ownik ramienia odgrywa kluczow\u0105 rol\u0119 w uk\u0142adach hydraulicznych, umo\u017cliwiaj\u0105c wydajny ruch i sterowanie dodatkowymi narz\u0119dziami lub osprz\u0119tem. Si\u0142owniki te nie tylko zapewniaj\u0105 p\u0142ynny ruch, ale tak\u017ce wytrzymuj\u0105 du\u017ce obci\u0105\u017cenia, gwarantuj\u0105c wydajn\u0105 prac\u0119 i niezawodno\u015b\u0107 maszyn w r\u00f3\u017cnych warunkach pracy.<\/p>\n<p><img decoding=\"async\" src=\"https:\/\/www.hydraulic-cylinders.net\/wp-content\/uploads\/2025\/01\/songte-company-2.webp\"><\/p>\n<h3>Cechy cylindra ramienia<\/h3>\n<ul>\n<li>Wysokowydajna przek\u0142adnia: Cylinder ramienia zapewnia mocny ruch liniowy i si\u0142\u0119, gwarantuj\u0105c wysok\u0105 wydajno\u015b\u0107 ramienia mechanicznego w r\u00f3\u017cnych operacjach.<\/li>\n<li>Precyzyjna kontrola: Dzi\u0119ki uk\u0142adom hydraulicznym si\u0142ownik ramienia umo\u017cliwia precyzyjn\u0105 kontrol\u0119 ruchu, co sprawia, \u017ce \u200b\u200bobs\u0142uga dodatkowych narz\u0119dzi jest bardziej elastyczna i dok\u0142adna.<\/li>\n<li>Wysoka trwa\u0142o\u015b\u0107: Cylindry ramienia s\u0105 zazwyczaj wykonane z materia\u0142\u00f3w o wysokiej wytrzyma\u0142o\u015bci, zapewniaj\u0105cych doskona\u0142\u0105 odporno\u015b\u0107 na zu\u017cycie i korozj\u0119, dzi\u0119ki czemu nadaj\u0105 si\u0119 do d\u0142ugotrwa\u0142ego u\u017cytkowania w trudnych warunkach.<\/li>\n<li>Wielofunkcyjno\u015b\u0107: Cylindry te mo\u017cna szeroko stosowa\u0107 w r\u00f3\u017cnych typach maszyn, takich jak koparki, d\u017awigi i ramiona robotyczne, dostosowuj\u0105c si\u0119 do r\u00f3\u017cnych wymaga\u0144 roboczych.<\/li>\n<li>\u0141atwa konserwacja: Zaprojektowany z my\u015bl\u0105 o \u0142atwej konserwacji i wymianie si\u0142ownik ramienia umo\u017cliwia wygodne regularne kontrole i konserwacj\u0119, redukuj\u0105c przestoje sprz\u0119tu.<\/li>\n<\/ul>\n<p><img decoding=\"async\" src=\"https:\/\/www.hydraulic-cylinders.net\/wp-content\/uploads\/2025\/01\/songte-oil-pipes-and-spare-parts.webp\"><\/p>\n<p>Nasz produkt jest idealnym zamiennikiem tych cylindr\u00f3w hydraulicznych.<\/p>\n<h3>Zastosowania cylindra ramienia<\/h3>\n<p>1. In\u017cynieria budowlana<\/p>\n<p>W koparkach i d\u017awigach si\u0142ownik ramienia steruje ruchem \u0142y\u017cek lub wysi\u0119gnik\u00f3w podczas rob\u00f3t ziemnych, przenoszenia materia\u0142\u00f3w i instalacji konstrukcyjnych.<\/p>\n<p>2. Przemys\u0142 wytw\u00f3rczy<\/p>\n<p>W zautomatyzowanych liniach produkcyjnych si\u0142ownik ramienia jest stosowany do poruszania ramionami robota w procesach takich jak monta\u017c, spawanie i obs\u0142uga materia\u0142\u00f3w, co zwi\u0119ksza wydajno\u015b\u0107 i precyzj\u0119 produkcji.<\/p>\n<p>3. Maszyny rolnicze<\/p>\n<p>W maszynach rolniczych, takich jak kombajny i siewniki, si\u0142ownik ramienia steruje ruchem ramion roboczych podczas wykonywania takich zada\u0144, jak siew, nawo\u017cenie i zbi\u00f3r.<\/p>\n<p>4. G\u00f3rnictwo<\/p>\n<p>W sprz\u0119cie g\u00f3rniczym si\u0142ownik ramienia steruje ruchem ramienia maszyn g\u00f3rniczych s\u0142u\u017c\u0105cych do wydobywania i transportu rudy.<\/p>\n<p>5. Logistyka i transport<\/p>\n<p>W w\u00f3zkach wid\u0142owych i robotach prze\u0142adunkowych si\u0142ownik ramienia s\u0142u\u017cy do sterowania podnoszeniem i ruchem wide\u0142, u\u0142atwiaj\u0105c przenoszenie materia\u0142\u00f3w i ich uk\u0142adanie.<\/p>\n<p><img decoding=\"async\" src=\"https:\/\/www.hydraulic-cylinders.net\/wp-content\/uploads\/2025\/01\/songte-cylinder-head-with-all-kinds-excavator-models.webp\"><\/p>\n<h3>Zagadnienia projektowe i kryteria wyboru<\/h3>\n<p>Przy projektowaniu cylindra ramienia nale\u017cy wzi\u0105\u0107 pod uwag\u0119 kilka kluczowych czynnik\u00f3w:<\/p>\n<ul>\n<li>No\u015bno\u015b\u0107: Cylinder ramienia musi by\u0107 zaprojektowany tak, aby wytrzyma\u0107 zamierzone obci\u0105\u017cenie i zapewni\u0107 bezpieczn\u0105 i wydajn\u0105 prac\u0119.<\/li>\n<li>Uszczelnienie: Aby zapewni\u0107 skuteczne uszczelnienie, stosuje si\u0119 r\u00f3\u017cne elementy uszczelniaj\u0105ce, takie jak uszczelki t\u0142okowe i t\u0142oczyskowe. Uszczelnienia te s\u0105 cz\u0119sto wykonane z trwa\u0142ych materia\u0142\u00f3w, takich jak poliuretan i kauczuk nitrylowy.<\/li>\n<li>Trwa\u0142o\u015b\u0107: Korpus cylindra i gwintowane ko\u0144c\u00f3wki s\u0105 poddawane starannej obr\u00f3bce powierzchni w celu zwi\u0119kszenia odporno\u015bci na zu\u017cycie i wyd\u0142u\u017cenia \u017cywotno\u015bci cylindra.<\/li>\n<li>Bezpiecze\u0144stwo: Aby zapobiec wypadkom i zapewni\u0107 bezpiecze\u0144stwo operatora, konstrukcja powinna uwzgl\u0119dnia\u0107 takie elementy bezpiecze\u0144stwa, jak zawory bezpiecze\u0144stwa i mechanizmy zatrzymania awaryjnego.<\/li>\n<li>\u0141atwo\u015b\u0107 konserwacji: Podczas projektowania nale\u017cy bra\u0107 pod uwag\u0119 \u0142atwy dost\u0119p w celu konserwacji i napraw, minimalizacj\u0119 przestoj\u00f3w i optymalizacj\u0119 \u017cywotno\u015bci cylindra.<\/li>\n<\/ul>\n<p><img decoding=\"async\" src=\"https:\/\/www.hydraulic-cylinders.net\/wp-content\/uploads\/2025\/01\/songte-chushion-collar.webp\"><\/p>\n<p>Uszczelnienia i smarowanie odgrywaj\u0105 kluczow\u0105 rol\u0119 w prawid\u0142owym funkcjonowaniu si\u0142ownika ramienia. R\u00f3\u017cne elementy uszczelniaj\u0105ce, takie jak uszczelnienia t\u0142oka i t\u0142oczyska, zapobiegaj\u0105 wyciekom i zapewniaj\u0105 p\u0142ynn\u0105 prac\u0119. Uszczelnienia te s\u0105 zazwyczaj wykonane z materia\u0142\u00f3w odpornych na zu\u017cycie, takich jak poliuretan lub kauczuk nitrylowy. Dodatkowo, korpus si\u0142ownika i gwintowane ko\u0144c\u00f3wki poddawane s\u0105 starannej obr\u00f3bce powierzchni w celu zwi\u0119kszenia odporno\u015bci na zu\u017cycie. Regularne smarowanie odpowiednim olejem hydraulicznym jest niezb\u0119dne do utrzymania optymalnej wydajno\u015bci i wyd\u0142u\u017cenia \u017cywotno\u015bci si\u0142ownika.<\/p>\n<p>Aby zapewni\u0107 prawid\u0142owe funkcjonowanie cylindra ramienia i zminimalizowa\u0107 potencjalne problemy, nale\u017cy regularnie przeprowadza\u0107 kontrole i podejmowa\u0107 dzia\u0142ania zapobiegawcze:<\/p>\n<ul>\n<li>Sprawd\u017a uszczelki pod k\u0105tem zu\u017cycia lub uszkodze\u0144 i w razie konieczno\u015bci wymie\u0144 je.<\/li>\n<li>Sprawd\u017a, czy nie ma \u015blad\u00f3w wycieku i niezw\u0142ocznie zajmij si\u0119 problemem.<\/li>\n<li>Monitoruj ci\u015bnienie w uk\u0142adzie hydraulicznym i upewnij si\u0119, \u017ce mie\u015bci si\u0119 ono w zalecanym zakresie.<\/li>\n<li>Regularnie czy\u015b\u0107 cylinder, aby zapobiec gromadzeniu si\u0119 brudu i zanieczyszcze\u0144.<\/li>\n<li>Nale\u017cy przestrzega\u0107 zalece\u0144 producenta dotycz\u0105cych cz\u0119stotliwo\u015bci i procedur konserwacji.<\/li>\n<\/ul>\n<p><strong>Instrukcja instalacji:<\/strong><\/p>\n<ol>\n<li>Upewnij si\u0119, \u017ce urz\u0105dzenie jest wy\u0142\u0105czone i znajduje si\u0119 w stabilnej pozycji.<\/li>\n<li>Ostro\u017cnie umie\u015b\u0107 cylinder ramienia w \u017c\u0105danym miejscu.<\/li>\n<li>Solidnie zamocuj cylinder za pomoc\u0105 odpowiednich wspornik\u00f3w monta\u017cowych i element\u00f3w mocuj\u0105cych.<\/li>\n<li>Pod\u0142\u0105cz przewody hydrauliczne do cylindra, zwracaj\u0105c uwag\u0119 na prawid\u0142owe wyr\u00f3wnanie i szczelne po\u0142\u0105czenia.<\/li>\n<li>Sprawd\u017a dok\u0142adnie wszystkie po\u0142\u0105czenia i z\u0142\u0105czki pod k\u0105tem przeciek\u00f3w.<\/li>\n<li>Po zako\u0144czeniu instalacji nale\u017cy przeprowadzi\u0107 dok\u0142adny test, aby upewni\u0107 si\u0119, \u017ce wszystko dzia\u0142a prawid\u0142owo.<\/li>\n<\/ol>\n<p><img decoding=\"async\" src=\"https:\/\/www.hydraulic-cylinders.net\/wp-content\/uploads\/2025\/01\/songte-bushings-with-all-kinds-of-excavator-models.webp\"><\/p>\n<p>Uwzgl\u0119dnienie czynnik\u00f3w bezpiecze\u0144stwa i ochrony \u015brodowiska jest kluczowe podczas u\u017cytkowania si\u0142ownika ramienia. Podczas obs\u0142ugi maszyn wyposa\u017conych w si\u0142ownik ramienia konieczne jest wdro\u017cenie odpowiednich \u015brodk\u00f3w bezpiecze\u0144stwa. Obejmuje to przestrzeganie wytycznych bezpiecze\u0144stwa, zapewnienie odpowiedniego szkolenia operator\u00f3w oraz stosowanie \u015brodk\u00f3w ochrony indywidualnej. Ponadto, aby zminimalizowa\u0107 wp\u0142yw na \u015brodowisko, konieczna jest prawid\u0142owa utylizacja p\u0142yn\u00f3w hydraulicznych i przestrzeganie przepis\u00f3w ochrony \u015brodowiska.<\/p>\n<p>Podczas diagnozowania i rozwi\u0105zywania potencjalnych problem\u00f3w z cylindrem ramienia, wa\u017cne jest, aby wzi\u0105\u0107 pod uwag\u0119 nast\u0119puj\u0105ce kwestie:<\/p>\n<ul>\n<li>Zidentyfikuj wszelkie nietypowe ha\u0142asy i drgania wyst\u0119puj\u0105ce podczas pracy.<\/li>\n<li>Sprawd\u017a, czy w uk\u0142adzie hydraulicznym nie ma wyciek\u00f3w i niezw\u0142ocznie je usu\u0144.<\/li>\n<li>Sprawd\u017a, czy uszczelki i podk\u0142adki nie s\u0105 zu\u017cyte lub uszkodzone. W razie konieczno\u015bci wymie\u0144 je.<\/li>\n<li>Zapewnij odpowiednie smarowanie ruchomych cz\u0119\u015bci.<\/li>\n<li>Sprawd\u017a ci\u015bnienie w uk\u0142adzie hydraulicznym i w razie potrzeby wyreguluj.<\/li>\n<\/ul>\n<p>W przypadku wyst\u0105pienia usterek poni\u017csze wskaz\u00f3wki i rozwi\u0105zania mog\u0105 pom\u00f3c w diagnozie i skutecznym rozwi\u0105zaniu problem\u00f3w:<\/p>\n<ul>\n<li>Ha\u0142as lub wibracje: Sprawd\u017a, czy nie ma lu\u017anych po\u0142\u0105cze\u0144, uszkodzonych uszczelek lub nie ma niewsp\u00f3\u0142osiowo\u015bci. W razie potrzeby dokr\u0119\u0107 po\u0142\u0105czenia, wymie\u0144 uszczelki lub wyreguluj wsp\u00f3\u0142osiowo\u015b\u0107 element\u00f3w.<\/li>\n<li>Wyciek: Sprawd\u017a wszystkie po\u0142\u0105czenia, uszczelki i w\u0119\u017ce pod k\u0105tem uszkodze\u0144 lub zu\u017cycia. Dokr\u0119\u0107 po\u0142\u0105czenia lub wymie\u0144 uszkodzone elementy.<\/li>\n<li>Wolna lub nieefektywna praca: Sprawd\u017a ci\u015bnienie w uk\u0142adzie hydraulicznym i poziom p\u0142ynu. Wyreguluj ci\u015bnienie i w razie potrzeby uzupe\u0142nij lub wymie\u0144 p\u0142yn hydrauliczny.<\/li>\n<li>Niepe\u0142ny ruch: Sprawd\u017a cylinder pod k\u0105tem ewentualnych przeszk\u00f3d lub usterek mechanicznych. Usu\u0144 przeszkody lub wymie\u0144 uszkodzone elementy.<\/li>\n<\/ul>\n<p><img decoding=\"async\" src=\"https:\/\/www.hydraulic-cylinders.net\/wp-content\/uploads\/2025\/01\/songte-chushion-collar.webp\"><\/p>\n<p>Jeste\u015bmy profesjonalnym producentem zamiennych cylindr\u00f3w hydraulicznych, oferuj\u0105cym szerok\u0105 gam\u0119 produkt\u00f3w. Jako jeden z wiod\u0105cych producent\u00f3w i hurtowych dystrybutor\u00f3w cylindr\u00f3w hydraulicznych na rynku krajowym i mi\u0119dzynarodowym, priorytetowo traktujemy doskona\u0142o\u015b\u0107 jako\u015bci. Dzi\u0119ki naszym udoskonalonym warsztatom produkcyjnym i zindustrializowanym strategiom zarz\u0105dzania produkcj\u0105, stale doskonalimy nasze mo\u017cliwo\u015bci technologiczne i wydajno\u015b\u0107 produkcji. Wprowadzaj\u0105c zaawansowany cyfrowy sprz\u0119t produkcyjny i profesjonalne systemy testowe, optymalizujemy nasz\u0105 platform\u0119 produkcyjn\u0105, doskonalimy procesy kontroli jako\u015bci produkt\u00f3w i dysponujemy silnym potencja\u0142em innowacyjnym. Naszym celem jest zaspokajanie zr\u00f3\u017cnicowanych potrzeb klient\u00f3w poprzez wydajno\u015b\u0107, precyzj\u0119 i wysok\u0105 jako\u015b\u0107 produkt\u00f3w.<\/p>\n<h3>O naszej firmie<\/h3>\n<p>Profesjonalizm: Jeste\u015bmy ekspertami w dziedzinie produkcji cylindr\u00f3w hydraulicznych, popartymi wieloletnim do\u015bwiadczeniem i kompetencjami.<\/p>\n<p>Certyfikaty mi\u0119dzynarodowe: Nasze produkty spe\u0142niaj\u0105 mi\u0119dzynarodowe normy jako\u015bci i bezpiecze\u0144stwa, co gwarantuje niezawodno\u015b\u0107 i wydajno\u015b\u0107.<\/p>\n<p>Us\u0142ugi dostosowywania: Dostarczamy rozwi\u0105zania w zakresie cylindr\u00f3w hydraulicznych dostosowane do indywidualnych potrzeb.<\/p>","protected":false},"excerpt":{"rendered":"<p>Arm Cylinder For Xinyuan Crawler Excavator XY60-8 Arm Cylinder is a specially designed hydraulic cylinder that is primarily used to provide linear motion and power to the arms of various types of machinery such as excavators, cranes, and robotic arms. The arm cylinder plays a crucial role in hydraulic systems, enabling the efficient movement and [&hellip;]<\/p>","protected":false},"featured_media":14772,"comment_status":"open","ping_status":"closed","template":"","meta":{"_et_pb_use_builder":"","_et_pb_old_content":"","_et_gb_content_width":""},"product_brand":[],"product_cat":[1497],"product_tag":[1498,1496],"class_list":{"0":"post-16802","1":"product","2":"type-product","3":"status-publish","4":"has-post-thumbnail","6":"product_cat-arm-cylinders","7":"product_tag-arm-cylinders","8":"product_tag-hydraulic-cylinders","10":"first","11":"instock","12":"shipping-taxable","13":"product-type-simple"},"amp_enabled":true,"_links":{"self":[{"href":"https:\/\/www.hydraulic-cylinders.net\/pl\/wp-json\/wp\/v2\/product\/16802","targetHints":{"allow":["GET"]}}],"collection":[{"href":"https:\/\/www.hydraulic-cylinders.net\/pl\/wp-json\/wp\/v2\/product"}],"about":[{"href":"https:\/\/www.hydraulic-cylinders.net\/pl\/wp-json\/wp\/v2\/types\/product"}],"replies":[{"embeddable":true,"href":"https:\/\/www.hydraulic-cylinders.net\/pl\/wp-json\/wp\/v2\/comments?post=16802"}],"wp:featuredmedia":[{"embeddable":true,"href":"https:\/\/www.hydraulic-cylinders.net\/pl\/wp-json\/wp\/v2\/media\/14772"}],"wp:attachment":[{"href":"https:\/\/www.hydraulic-cylinders.net\/pl\/wp-json\/wp\/v2\/media?parent=16802"}],"wp:term":[{"taxonomy":"product_brand","embeddable":true,"href":"https:\/\/www.hydraulic-cylinders.net\/pl\/wp-json\/wp\/v2\/product_brand?post=16802"},{"taxonomy":"product_cat","embeddable":true,"href":"https:\/\/www.hydraulic-cylinders.net\/pl\/wp-json\/wp\/v2\/product_cat?post=16802"},{"taxonomy":"product_tag","embeddable":true,"href":"https:\/\/www.hydraulic-cylinders.net\/pl\/wp-json\/wp\/v2\/product_tag?post=16802"}],"curies":[{"name":"wp","href":"https:\/\/api.w.org\/{rel}","templated":true}]}}