{"id":16806,"date":"2025-01-21T05:55:45","date_gmt":"2025-01-21T05:55:45","guid":{"rendered":"https:\/\/www.hydraulic-cylinders.net\/product\/arm-cylinder-for-xinyuan-wheel-excavator-xy90\/"},"modified":"2025-01-21T05:55:47","modified_gmt":"2025-01-21T05:55:47","slug":"arm-cylinder-for-xinyuan-wheel-excavator-xy90","status":"publish","type":"product","link":"https:\/\/www.hydraulic-cylinders.net\/pl\/produkt\/arm-cylinder-for-xinyuan-wheel-excavator-xy90\/","title":{"rendered":"Si\u0142ownik ramienia do koparki ko\u0142owej Xinyuan XY90"},"content":{"rendered":"<h1>Si\u0142ownik ramienia do koparki ko\u0142owej Xinyuan XY90<\/h1>\n<h2>Wst\u0119p<\/h2>\n<p>W tym artykule om\u00f3wimy funkcje i zastosowania si\u0142ownika ramienia koparki ko\u0142owej Xinyuan XY90. Si\u0142ownik ramienia to specjalnie zaprojektowany si\u0142ownik hydrauliczny, kt\u00f3ry zapewnia ruch liniowy i moc ramienia r\u00f3\u017cnych maszyn, takich jak koparki, d\u017awigi i ramiona robotyczne. Odgrywa on kluczow\u0105 rol\u0119 w uk\u0142adach hydraulicznych, umo\u017cliwiaj\u0105c efektywny ruch i sterowanie dodatkowymi narz\u0119dziami lub osprz\u0119tem. Si\u0142owniki te nie tylko zapewniaj\u0105 p\u0142ynny ruch, ale tak\u017ce wytrzymuj\u0105 du\u017ce obci\u0105\u017cenia, gwarantuj\u0105c wydajn\u0105 prac\u0119 i niezawodno\u015b\u0107 w r\u00f3\u017cnych warunkach pracy.<\/p>\n<p><img decoding=\"async\" src=\"https:\/\/www.hydraulic-cylinders.net\/wp-content\/uploads\/2025\/01\/songte-company-2.webp\"><\/p>\n<h2>Cechy<\/h2>\n<ul>\n<li><strong>Wysoka wydajno\u015b\u0107 transmisji:<\/strong> Si\u0142ownik ramienia zapewnia mocny ruch liniowy i si\u0142\u0119, gwarantuj\u0105c wysok\u0105 wydajno\u015b\u0107 ramienia mechanicznego podczas r\u00f3\u017cnych operacji.<\/li>\n<li><strong>Precyzyjna kontrola:<\/strong> Dzi\u0119ki uk\u0142adowi hydraulicznemu si\u0142ownik ramienia zapewnia precyzyjn\u0105 kontrol\u0119 ruchu, co sprawia, \u017ce \u200b\u200bobs\u0142uga dodatkowych narz\u0119dzi jest bardziej elastyczna i dok\u0142adna.<\/li>\n<li><strong>Trwa\u0142o\u015b\u0107:<\/strong> Cylindry ramienia s\u0105 produkowane z materia\u0142\u00f3w o wysokiej wytrzyma\u0142o\u015bci, zapewniaj\u0105cych doskona\u0142\u0105 odporno\u015b\u0107 na zu\u017cycie i korozj\u0119, dzi\u0119ki czemu nadaj\u0105 si\u0119 do d\u0142ugotrwa\u0142ego u\u017cytkowania w trudnych warunkach.<\/li>\n<li><strong>Wszechstronna adaptowalno\u015b\u0107:<\/strong> Tego typu si\u0142owniki s\u0105 powszechnie stosowane w r\u00f3\u017cnych maszynach, takich jak koparki, d\u017awigi i ramiona robotyczne, dostosowuj\u0105c si\u0119 do r\u00f3\u017cnych wymaga\u0144 roboczych.<\/li>\n<li><strong>\u0141atwa konserwacja:<\/strong> Konstrukcja uwzgl\u0119dniaj\u0105ca \u0142atwo\u015b\u0107 konserwacji i wymiany sprawia, \u017ce \u200b\u200bregularne kontrole i konserwacje s\u0105 wygodne, co ogranicza przestoje sprz\u0119tu.<\/li>\n<\/ul>\n<p><img decoding=\"async\" src=\"https:\/\/www.hydraulic-cylinders.net\/wp-content\/uploads\/2025\/01\/songte-oil-pipes-and-spare-parts.webp\"><\/p>\n<h2>Aplikacje<\/h2>\n<p>Cylinder ramienia znajduje zastosowanie w r\u00f3\u017cnych ga\u0142\u0119ziach przemys\u0142u i sektorach:<\/p>\n<ul>\n<li><strong>In\u017cynieria budowlana:<\/strong> W koparkach i d\u017awigach si\u0142ownik ramienia steruje ruchem \u0142y\u017cek lub wysi\u0119gnik\u00f3w podczas rob\u00f3t ziemnych, przenoszenia materia\u0142\u00f3w i instalacji konstrukcyjnych.<\/li>\n<li><strong>Produkcja:<\/strong> W zautomatyzowanych liniach produkcyjnych si\u0142ownik ramienia jest stosowany do poruszania ramionami robota, umo\u017cliwiaj\u0105c realizacj\u0119 proces\u00f3w takich jak monta\u017c, spawanie i obs\u0142uga materia\u0142\u00f3w, zwi\u0119kszaj\u0105c wydajno\u015b\u0107 i precyzj\u0119 produkcji.<\/li>\n<li><strong>Maszyny rolnicze:<\/strong> W sprz\u0119cie rolniczym, takim jak kombajny i siewniki, si\u0142ownik ramienia steruje ruchem ramion roboczych, wykonuj\u0105c zadania takie jak siew, nawo\u017cenie i zbi\u00f3r.<\/li>\n<li><strong>G\u00f3rnictwo:<\/strong> W sprz\u0119cie g\u00f3rniczym cylinder ramienia s\u0142u\u017cy do sterowania ruchem ramienia maszyn g\u00f3rniczych, u\u0142atwiaj\u0105c wydobycie i transport rudy.<\/li>\n<li><strong>Logistyka i transport:<\/strong> W w\u00f3zkach wid\u0142owych i robotach prze\u0142adunkowych si\u0142ownik ramienia steruje podnoszeniem i ruchem wide\u0142, umo\u017cliwiaj\u0105c przenoszenie i uk\u0142adanie materia\u0142\u00f3w.<\/li>\n<\/ul>\n<h2>Zagadnienia projektowe i kryteria wyboru<\/h2>\n<p>Przy projektowaniu cylindra ramienia bierze si\u0119 pod uwag\u0119 kilka czynnik\u00f3w:<\/p>\n<ul>\n<li><strong>No\u015bno\u015b\u0107:<\/strong> Si\u0142ownik ramienia zaprojektowano tak, aby wytrzymywa\u0142 specyficzne wymagania obci\u0105\u017ceniowe danego zastosowania.<\/li>\n<li><strong>Opiecz\u0119towanie:<\/strong> W tym celu stosuje si\u0119 r\u00f3\u017cne elementy uszczelniaj\u0105ce, takie jak uszczelnienia t\u0142ok\u00f3w i uszczelnienia t\u0142oczysk, wykonane z materia\u0142\u00f3w odpornych na zu\u017cycie, np. poliuretanu i kauczuku nitrylowego.<\/li>\n<li><strong>Trwa\u0142o\u015b\u0107:<\/strong> Korpus cylindra i gwintowane ko\u0144ce poddawane s\u0105 starannej obr\u00f3bce powierzchni w celu zwi\u0119kszenia odporno\u015bci na zu\u017cycie.<\/li>\n<li><strong>Bezpiecze\u0144stwo:<\/strong> Konstrukcja urz\u0105dzenia zawiera zintegrowane funkcje bezpiecze\u0144stwa, gwarantuj\u0105ce bezpieczn\u0105 obs\u0142ug\u0119 i minimalizuj\u0105ce potencjalne zagro\u017cenia.<\/li>\n<li><strong>Utrzymywalno\u015b\u0107:<\/strong> Cylinder ramienia zaprojektowano tak, aby \u0142atwo go konserwowa\u0107 i wymienia\u0107, co zmniejsza przestoje i zapewnia ci\u0105g\u0142\u0105 prac\u0119.<\/li>\n<\/ul>\n<p><img decoding=\"async\" src=\"https:\/\/www.hydraulic-cylinders.net\/wp-content\/uploads\/2025\/01\/songte-cylinder-head-with-all-kinds-excavator-models.webp\"><\/p>\n<h2>Uszczelnianie i smarowanie<\/h2>\n<p>W si\u0142owniku ramienia zastosowano r\u00f3\u017cne elementy uszczelniaj\u0105ce, takie jak uszczelnienia t\u0142oka i t\u0142oczyska, wykonane z materia\u0142\u00f3w odpornych na zu\u017cycie, takich jak poliuretan i kauczuk nitrylowy. Korpus si\u0142ownika i gwintowane ko\u0144c\u00f3wki s\u0105 poddawane precyzyjnej obr\u00f3bce powierzchni w celu zwi\u0119kszenia odporno\u015bci na zu\u017cycie. Regularne smarowanie odpowiednim olejem hydraulicznym jest niezb\u0119dne dla zapewnienia p\u0142ynnej pracy.<\/p>\n<h2>Regularne kontrole i konserwacja zapobiegawcza<\/h2>\n<p>Regularne przegl\u0105dy i konserwacja zapobiegawcza s\u0105 niezb\u0119dne dla optymalnej wydajno\u015bci i trwa\u0142o\u015bci si\u0142ownika ramienia. Nale\u017cy podj\u0105\u0107 nast\u0119puj\u0105ce \u015brodki:<\/p>\n<ul>\n<li>Sprawd\u017a cylinder pod k\u0105tem ewentualnych wyciek\u00f3w, uszkodze\u0144 lub zu\u017cycia.<\/li>\n<li>Sprawd\u017a uszczelki i w razie potrzeby wymie\u0144 je.<\/li>\n<li>Monitoruj poziom i jako\u015b\u0107 oleju hydraulicznego.<\/li>\n<li>Sprawd\u017a prawid\u0142owe ustawienie i monta\u017c cylindra.<\/li>\n<li>Nale\u017cy przestrzega\u0107 zalecanego przez producenta harmonogramu konserwacji.<\/li>\n<\/ul>\n<h2>Przewodnik instalacji<\/h2>\n<p>Prawid\u0142owy monta\u017c si\u0142ownika ramienia ma kluczowe znaczenie dla jego dzia\u0142ania i bezpiecze\u0144stwa. Wykonaj nast\u0119puj\u0105ce kroki:<\/p>\n<ol>\n<li>Upewnij si\u0119, \u017ce urz\u0105dzenie jest wy\u0142\u0105czone.<\/li>\n<li>Wyjmij stary cylinder, je\u015bli dotyczy.<\/li>\n<li>Wyczy\u015b\u0107 powierzchnie monta\u017cowe.<\/li>\n<li>Nanie\u015b\u0107 odpowiedni \u015brodek uszczelniaj\u0105cy gwinty na przy\u0142\u0105cza cylindra.<\/li>\n<li>Wyr\u00f3wnaj cylinder z punktami mocowania i zabezpiecz go przy u\u017cyciu odpowiednich element\u00f3w mocuj\u0105cych.<\/li>\n<li>Pod\u0142\u0105cz przewody hydrauliczne i sprawd\u017a ich prawid\u0142owe u\u0142o\u017cenie.<\/li>\n<li>Dokr\u0119\u0107 wszystkie po\u0142\u0105czenia zalecanym momentem obrotowym.<\/li>\n<li>Wykonaj pr\u00f3b\u0119 ruchow\u0105 i sprawd\u017a, czy nie ma \u017cadnych wyciek\u00f3w lub nieprawid\u0142owo\u015bci.<\/li>\n<\/ol>\n<p><img decoding=\"async\" src=\"https:\/\/www.hydraulic-cylinders.net\/wp-content\/uploads\/2025\/01\/songte-bushings-with-all-kinds-of-excavator-models.webp\"><\/p>\n<h2>Zagadnienia bezpiecze\u0144stwa i czynniki \u015brodowiskowe<\/h2>\n<p>Podczas pracy z si\u0142ownikiem ramienia, priorytetem jest zapewnienie \u015brodk\u00f3w bezpiecze\u0144stwa, aby zapobiec wypadkom i zapewni\u0107 bezpiecze\u0144stwo operatora. Przestrzeganie protoko\u0142\u00f3w bezpiecze\u0144stwa i identyfikacja potencjalnych zagro\u017ce\u0144 maj\u0105 kluczowe znaczenie.<\/p>\n<h2>Rozwi\u0105zywanie problem\u00f3w i typowe problemy<\/h2>\n<p>Pomimo niezawodno\u015bci cylindra ramienia, mog\u0105 wyst\u0105pi\u0107 pewne problemy. Oto kilka typowych problem\u00f3w wraz ze wskaz\u00f3wkami i rozwi\u0105zaniami:<\/p>\n<ul>\n<li><strong>Przeciek:<\/strong> Sprawd\u017a i wymie\u0144 uszkodzone uszczelki, upewnij si\u0119, \u017ce po\u0142\u0105czenia s\u0105 odpowiednio dokr\u0119cone i sprawd\u017a, czy nie ma uszkodzonych podzespo\u0142\u00f3w.<\/li>\n<li><strong>Ruch nier\u00f3wnomierny:<\/strong> Sprawd\u017a, czy nie wyst\u0119puje rozbie\u017cno\u015b\u0107, czy przewody hydrauliczne nie s\u0105 uszkodzone lub czy nie ma zbyt ma\u0142ej ilo\u015bci p\u0142ynu hydraulicznego.<\/li>\n<li><strong>Nadmierny ha\u0142as:<\/strong> Sprawd\u017a, czy nie ma lu\u017anych element\u00f3w, uszkodzonych cz\u0119\u015bci lub czy smarowanie jest niewystarczaj\u0105ce.<\/li>\n<\/ul>\n<p><img decoding=\"async\" src=\"https:\/\/www.hydraulic-cylinders.net\/wp-content\/uploads\/2025\/01\/songte-chushion-collar.webp\"><\/p>\n<p>Wa\u017cne jest, aby szybko zdiagnozowa\u0107 i rozwi\u0105za\u0107 te problemy, aby unikn\u0105\u0107 dalszych komplikacji. Wdro\u017cenie \u015brodk\u00f3w zapobiegawczych mo\u017ce zminimalizowa\u0107 potencjalne problemy.<\/p>\n<h2>O nas<\/h2>\n<p>Jeste\u015bmy profesjonalnym producentem specjalizuj\u0105cym si\u0119 w zamiennikach si\u0142ownik\u00f3w hydraulicznych. Dzi\u0119ki szerokiej gamie produkt\u00f3w stali\u015bmy si\u0119 jednym z wiod\u0105cych producent\u00f3w i dystrybutor\u00f3w hurtowych na rynku krajowym i mi\u0119dzynarodowym. Nasze zaanga\u017cowanie w d\u0105\u017cenie do doskona\u0142o\u015bci znajduje odzwierciedlenie w naszym zaawansowanym warsztacie produkcyjnym, strategiach zarz\u0105dzania produkcj\u0105 przemys\u0142ow\u0105 oraz ci\u0105g\u0142ym doskonaleniu technologii i efektywno\u015bci produkcji. Dzi\u0119ki wykorzystaniu zaawansowanego cyfrowego sprz\u0119tu produkcyjnego i profesjonalnych system\u00f3w testowych, optymalizujemy nasz\u0105 platform\u0119 produkcyjn\u0105 i usprawniamy procesy kontroli jako\u015bci produkt\u00f3w, zapewniaj\u0105c tym samym wysoki poziom innowacyjno\u015bci. Naszym celem jest zaspokajanie zr\u00f3\u017cnicowanych potrzeb klient\u00f3w poprzez wydajno\u015b\u0107, precyzj\u0119 i wysok\u0105 jako\u015b\u0107 produkt\u00f3w.<\/p>\n<p><img decoding=\"async\" src=\"https:\/\/www.hydraulic-cylinders.net\/wp-content\/uploads\/2025\/01\/songte-company-4.webp\"><br \/>\n<img decoding=\"async\" src=\"https:\/\/www.hydraulic-cylinders.net\/wp-content\/uploads\/2025\/01\/songte-company-3.webp\"><\/p>\n<p>Nasza firma wyr\u00f3\u017cnia si\u0119 profesjonalizmem, mi\u0119dzynarodowymi certyfikatami, spersonalizowanymi us\u0142ugami, sprz\u0119tem produkcyjnym i obs\u0142ug\u0105 posprzeda\u017cow\u0105. Zale\u017cy nam na zapewnieniu wyj\u0105tkowej satysfakcji klienta i dostarczaniu niezawodnych rozwi\u0105za\u0144 w zakresie si\u0142ownik\u00f3w hydraulicznych na ca\u0142ym \u015bwiecie.<\/p>\n<p>Autor: lyl<\/p>","protected":false},"excerpt":{"rendered":"<p>Arm Cylinder For Xinyuan Wheel Excavator XY90 Introduction In this article, we will explore the features and applications of the Arm Cylinder for Xinyuan Wheel Excavator XY90. The Arm Cylinder is a specially designed hydraulic cylinder that provides linear motion and power to the arm of various machinery, such as excavators, cranes, and robotic arms. [&hellip;]<\/p>","protected":false},"featured_media":14759,"comment_status":"open","ping_status":"closed","template":"","meta":{"_et_pb_use_builder":"","_et_pb_old_content":"","_et_gb_content_width":""},"product_brand":[],"product_cat":[1497],"product_tag":[1498,1496],"class_list":{"0":"post-16806","1":"product","2":"type-product","3":"status-publish","4":"has-post-thumbnail","6":"product_cat-arm-cylinders","7":"product_tag-arm-cylinders","8":"product_tag-hydraulic-cylinders","10":"first","11":"instock","12":"shipping-taxable","13":"product-type-simple"},"amp_enabled":true,"_links":{"self":[{"href":"https:\/\/www.hydraulic-cylinders.net\/pl\/wp-json\/wp\/v2\/product\/16806","targetHints":{"allow":["GET"]}}],"collection":[{"href":"https:\/\/www.hydraulic-cylinders.net\/pl\/wp-json\/wp\/v2\/product"}],"about":[{"href":"https:\/\/www.hydraulic-cylinders.net\/pl\/wp-json\/wp\/v2\/types\/product"}],"replies":[{"embeddable":true,"href":"https:\/\/www.hydraulic-cylinders.net\/pl\/wp-json\/wp\/v2\/comments?post=16806"}],"wp:featuredmedia":[{"embeddable":true,"href":"https:\/\/www.hydraulic-cylinders.net\/pl\/wp-json\/wp\/v2\/media\/14759"}],"wp:attachment":[{"href":"https:\/\/www.hydraulic-cylinders.net\/pl\/wp-json\/wp\/v2\/media?parent=16806"}],"wp:term":[{"taxonomy":"product_brand","embeddable":true,"href":"https:\/\/www.hydraulic-cylinders.net\/pl\/wp-json\/wp\/v2\/product_brand?post=16806"},{"taxonomy":"product_cat","embeddable":true,"href":"https:\/\/www.hydraulic-cylinders.net\/pl\/wp-json\/wp\/v2\/product_cat?post=16806"},{"taxonomy":"product_tag","embeddable":true,"href":"https:\/\/www.hydraulic-cylinders.net\/pl\/wp-json\/wp\/v2\/product_tag?post=16806"}],"curies":[{"name":"wp","href":"https:\/\/api.w.org\/{rel}","templated":true}]}}