{"id":16815,"date":"2025-01-21T05:56:25","date_gmt":"2025-01-21T05:56:25","guid":{"rendered":"https:\/\/www.hydraulic-cylinders.net\/product\/arm-cylinder-for-volwa-small-excavator-dls880-9b\/"},"modified":"2025-01-21T05:56:28","modified_gmt":"2025-01-21T05:56:28","slug":"arm-cylinder-for-volwa-small-excavator-dls880-9b","status":"publish","type":"product","link":"https:\/\/www.hydraulic-cylinders.net\/pl\/produkt\/arm-cylinder-for-volwa-small-excavator-dls880-9b\/","title":{"rendered":"Si\u0142ownik ramienia do ma\u0142ej koparki Volwa DLS880-9B"},"content":{"rendered":"<h1>Si\u0142ownik ramienia do ma\u0142ej koparki Volwa DLS880-9B<\/h1>\n<h2>Definicja i wyja\u015bnienie<\/h2>\n<p>Si\u0142ownik ramienia to specjalnie zaprojektowany si\u0142ownik hydrauliczny, kt\u00f3ry zapewnia liniowy ruch i zasilanie ramion r\u00f3\u017cnego typu maszyn, takich jak koparki, d\u017awigi i ramiona mechaniczne. Odgrywa kluczow\u0105 rol\u0119 w uk\u0142adach hydraulicznych, umo\u017cliwiaj\u0105c efektywny ruch i sterowanie osprz\u0119tem lub akcesoriami. Si\u0142owniki te nie tylko zapewniaj\u0105 p\u0142ynny ruch, ale tak\u017ce wytrzymuj\u0105 du\u017ce obci\u0105\u017cenia, gwarantuj\u0105c wydajn\u0105 prac\u0119 i niezawodno\u015b\u0107 maszyn w r\u00f3\u017cnych warunkach pracy.<\/p>\n<p><img decoding=\"async\" src=\"https:\/\/www.hydraulic-cylinders.net\/wp-content\/uploads\/2025\/01\/songte-company-2.webp\"><\/p>\n<h2>Cechy produktu<\/h2>\n<ul>\n<li>\n<h3>Wysokowydajna skrzynia bieg\u00f3w<\/h3>\n<p>Si\u0142ownik ramienia mo\u017ce zapewni\u0107 mocny ruch liniowy i si\u0142\u0119, gwarantuj\u0105c wysok\u0105 wydajno\u015b\u0107 ramienia mechanicznego w r\u00f3\u017cnych operacjach.<\/p>\n<\/li>\n<li>\n<h3>Precyzyjna kontrola<\/h3>\n<p>Dzi\u0119ki uk\u0142adowi hydraulicznemu si\u0142ownik ramienia mo\u017ce uzyska\u0107 precyzyjn\u0105 kontrol\u0119 ruchu, co sprawia, \u017ce \u200b\u200bpraca z pod\u0142\u0105czonymi narz\u0119dziami jest bardziej elastyczna i dok\u0142adna.<\/p>\n<\/li>\n<li>\n<h3>Wysoka wytrzyma\u0142o\u015b\u0107<\/h3>\n<p>Cylinder ramienia jest zwykle wykonany z materia\u0142\u00f3w o wysokiej wytrzyma\u0142o\u015bci, kt\u00f3re charakteryzuj\u0105 si\u0119 dobr\u0105 odporno\u015bci\u0105 na zu\u017cycie i korozj\u0119, dzi\u0119ki czemu nadaj\u0105 si\u0119 do d\u0142ugotrwa\u0142ego u\u017cytkowania w trudnych warunkach.<\/p>\n<\/li>\n<li>\n<h3>Wielofunkcyjna adaptowalno\u015b\u0107<\/h3>\n<p>Si\u0142owniki te mog\u0105 by\u0107 szeroko stosowane w r\u00f3\u017cnych urz\u0105dzeniach mechanicznych, takich jak koparki, d\u017awigi i ramiona mechaniczne, dostosowuj\u0105c si\u0119 do r\u00f3\u017cnych wymaga\u0144 roboczych.<\/p>\n<\/li>\n<li>\n<h3>\u0141atwa konserwacja<\/h3>\n<p>Projekt uwzgl\u0119dnia \u0142atwo\u015b\u0107 konserwacji i wymiany, dzi\u0119ki czemu regularne kontrole i konserwacje staj\u0105 si\u0119 wygodniejsze, a przestoje sprz\u0119tu zostaj\u0105 skr\u00f3cone.<\/p>\n<\/li>\n<\/ul>\n<p><img decoding=\"async\" src=\"https:\/\/www.hydraulic-cylinders.net\/wp-content\/uploads\/2025\/01\/songte-oil-pipes-and-spare-parts.webp\"><\/p>\n<h2>Aplikacje<\/h2>\n<p>Si\u0142ownik ramienia mo\u017ce by\u0107 stosowany w r\u00f3\u017cnych ga\u0142\u0119ziach przemys\u0142u i urz\u0105dzeniach:<\/p>\n<ul>\n<li>\n<h3>In\u017cynieria budowlana<\/h3>\n<p>W koparkach i d\u017awigach si\u0142ownik ramienia s\u0142u\u017cy do sterowania ruchem \u0142y\u017cki lub wysi\u0119gnika podczas rob\u00f3t ziemnych, przenoszenia materia\u0142\u00f3w i instalacji konstrukcyjnych.<\/p>\n<\/li>\n<li>\n<h3>Przemys\u0142 wytw\u00f3rczy<\/h3>\n<p>W zautomatyzowanych liniach produkcyjnych si\u0142ownik ramienia jest stosowany do poruszania ramion mechanicznych w procesach takich jak monta\u017c, spawanie i obs\u0142uga, co zwi\u0119ksza wydajno\u015b\u0107 i dok\u0142adno\u015b\u0107 produkcji.<\/p>\n<\/li>\n<li>\n<h3>Maszyny rolnicze<\/h3>\n<p>W maszynach rolniczych, takich jak kombajny i siewniki, si\u0142ownik ramienia steruje ruchem ramienia roboczego, wykonuj\u0105cego takie zadania, jak siew, nawo\u017cenie i zbi\u00f3r.<\/p>\n<\/li>\n<li>\n<h3>G\u00f3rnictwo<\/h3>\n<p>W sprz\u0119cie g\u00f3rniczym si\u0142ownik ramienia s\u0142u\u017cy do sterowania ruchem ramienia sprz\u0119tu g\u00f3rniczego wykorzystywanego do wydobywania i transportu rud.<\/p>\n<\/li>\n<li>\n<h3>Logistyka i transport<\/h3>\n<p>W w\u00f3zkach wid\u0142owych i robotach prze\u0142adunkowych si\u0142ownik ramienia s\u0142u\u017cy do sterowania podnoszeniem i ruchem wide\u0142, umo\u017cliwiaj\u0105c obs\u0142ug\u0119 i uk\u0142adanie materia\u0142\u00f3w.<\/p>\n<\/li>\n<\/ul>\n<p><img decoding=\"async\" src=\"https:\/\/www.hydraulic-cylinders.net\/wp-content\/uploads\/2025\/01\/songte-chushion-collar.webp\"><\/p>\n<h2>Zagadnienia projektowe i standardy wyboru<\/h2>\n<ul>\n<li>\n<h3>No\u015bno\u015b\u0107<\/h3>\n<p>Si\u0142ownik ramienia musi mie\u0107 odpowiedni\u0105 no\u015bno\u015b\u0107, aby zapewni\u0107 stabilno\u015b\u0107 i bezpiecze\u0144stwo urz\u0105dzenia podczas pracy.<\/p>\n<\/li>\n<li>\n<h3>Wydajno\u015b\u0107 uszczelnienia<\/h3>\n<p>Si\u0142ownik ramienia musi mie\u0107 dobre w\u0142a\u015bciwo\u015bci uszczelniaj\u0105ce, aby zapobiec wyciekom oleju i zapewni\u0107 prawid\u0142ow\u0105 prac\u0119 uk\u0142adu hydraulicznego.<\/p>\n<\/li>\n<li>\n<h3>Trwa\u0142o\u015b\u0107<\/h3>\n<p>Cylinder ramienia musi by\u0107 wykonany z materia\u0142\u00f3w o wysokiej wytrzyma\u0142o\u015bci, charakteryzuj\u0105cych si\u0119 dobr\u0105 odporno\u015bci\u0105 na zu\u017cycie i korozj\u0119, aby zapewni\u0107 d\u0142ugotrwa\u0142e u\u017cytkowanie w trudnych warunkach.<\/p>\n<\/li>\n<li>\n<h3>Bezpiecze\u0144stwo<\/h3>\n<p>Cylinder ramienia musi by\u0107 wyposa\u017cony w zabezpieczenia zapobiegaj\u0105ce wypadkom podczas obs\u0142ugi urz\u0105dzenia.<\/p>\n<\/li>\n<li>\n<h3>Utrzymywalno\u015b\u0107<\/h3>\n<p>Cylinder ramienia musi by\u0107 zaprojektowany w spos\u00f3b umo\u017cliwiaj\u0105cy \u0142atw\u0105 konserwacj\u0119 i wymian\u0119, aby ograniczy\u0107 przestoje sprz\u0119tu.<\/p>\n<\/li>\n<\/ul>\n<p><img decoding=\"async\" src=\"https:\/\/www.hydraulic-cylinders.net\/wp-content\/uploads\/2025\/01\/songte-cylinder-head-with-all-kinds-excavator-models.webp\"><\/p>\n<h2>Uszczelnianie i smarowanie<\/h2>\n<p>Si\u0142ownik ramienia wykorzystuje r\u00f3\u017cnorodne elementy uszczelniaj\u0105ce, takie jak uszczelnienia t\u0142oka i t\u0142oczyska, wykonane z materia\u0142\u00f3w odpornych na zu\u017cycie, takich jak poliuretan i kauczuk nitrylowy. Korpus si\u0142ownika i gwintowana powierzchnia ko\u0144cowa s\u0105 poddawane precyzyjnej obr\u00f3bce w celu zwi\u0119kszenia odporno\u015bci na zu\u017cycie. Aby zapewni\u0107 prawid\u0142ow\u0105 prac\u0119, si\u0142ownik musi by\u0107 regularnie nape\u0142niany odpowiednim olejem hydraulicznym w celu smarowania i ch\u0142odzenia.<\/p>\n<h2>Regularne kontrole i konserwacja zapobiegawcza<\/h2>\n<ul>\n<li>\n<h3>Regularna kontrola<\/h3>\n<p>Nale\u017cy regularnie dokonywa\u0107 przegl\u0105du cylindra ramienia, aby zapewni\u0107 jego prawid\u0142owe dzia\u0142anie. Obejmuje to r\u00f3wnie\u017c kontrol\u0119 uszczelnienia, smarowania i stopnia zu\u017cycia podzespo\u0142\u00f3w.<\/p>\n<\/li>\n<li>\n<h3>Konserwacja zapobiegawcza<\/h3>\n<p>Aby zmniejszy\u0107 prawdopodobie\u0144stwo awarii urz\u0105dzenia, nale\u017cy wykonywa\u0107 czynno\u015bci konserwacyjne, np. terminow\u0105 wymian\u0119 zu\u017cytych uszczelek i regularne czyszczenie korpusu cylindra.<\/p>\n<\/li>\n<\/ul>\n<p><img decoding=\"async\" src=\"https:\/\/www.hydraulic-cylinders.net\/wp-content\/uploads\/2025\/01\/songte-bushings-with-all-kinds-of-excavator-models.webp\"><\/p>\n<h2>Przewodnik instalacji<\/h2>\n<p>Przed monta\u017cem nale\u017cy oczy\u015bci\u0107 powierzchni\u0119 monta\u017cow\u0105 cylindra oraz odpowiadaj\u0105ce jej cz\u0119\u015bci urz\u0105dzenia. Nale\u017cy post\u0119powa\u0107 zgodnie z instrukcj\u0105 monta\u017cu, aby zamontowa\u0107 cylinder i pod\u0142\u0105czy\u0107 przewody hydrauliczne. Nale\u017cy zachowa\u0107 ostro\u017cno\u015b\u0107 podczas monta\u017cu, aby unikn\u0105\u0107 uszkodzenia korpusu cylindra i jego podzespo\u0142\u00f3w.<\/p>\n<h2>Zagadnienia bezpiecze\u0144stwa i czynniki \u015brodowiskowe<\/h2>\n<p>Podczas eksploatacji nale\u017cy przestrzega\u0107 przepis\u00f3w bezpiecze\u0144stwa, aby zapewni\u0107 bezpiecze\u0144stwo personelu i sprz\u0119tu. Nale\u017cy r\u00f3wnie\u017c uwzgl\u0119dni\u0107 czynniki \u015brodowiskowe, aby zminimalizowa\u0107 wp\u0142yw eksploatacji sprz\u0119tu na \u015brodowisko.<\/p>\n<h2>Rozwi\u0105zywanie problem\u00f3w i typowe problemy<\/h2>\n<p>Do typowych problem\u00f3w nale\u017c\u0105 wycieki oleju, nieprawid\u0142owe ruchy i nietypowy ha\u0142as. Problemy te mog\u0105 wynika\u0107 z r\u00f3\u017cnych przyczyn, takich jak zu\u017cycie podzespo\u0142\u00f3w, nieprawid\u0142owy monta\u017c i niewystarczaj\u0105ce smarowanie. Konieczna jest terminowa diagnostyka i rozwi\u0105zywanie problem\u00f3w, aby unikn\u0105\u0107 awarii sprz\u0119tu i zapewni\u0107 jego prawid\u0142owe dzia\u0142anie.<\/p>\n<h2>Wniosek<\/h2>\n<p>Jeste\u015bmy profesjonalnym producentem zamiennych cylindr\u00f3w hydraulicznych, oferuj\u0105cym bogat\u0105 ofert\u0119 produkt\u00f3w i stali\u015bmy si\u0119 jednym z wiod\u0105cych producent\u00f3w i dystrybutor\u00f3w cylindr\u00f3w hydraulicznych na rynku krajowym i mi\u0119dzynarodowym. Zawsze kierujemy si\u0119 zasad\u0105 doskona\u0142ej jako\u015bci, opieraj\u0105c si\u0119 na strategii przemys\u0142owego zarz\u0105dzania produkcj\u0105 w precyzyjnym warsztacie produkcyjnym, stale podnosz\u0105c poziom technologiczny i wydajno\u015b\u0107 produkcji. Naszym celem jest zaspokojenie zr\u00f3\u017cnicowanych potrzeb klient\u00f3w, kieruj\u0105c si\u0119 zasadami wysokiej wydajno\u015bci, dok\u0142adno\u015bci i jako\u015bci.<\/p>\n<p><img decoding=\"async\" src=\"https:\/\/www.hydraulic-cylinders.net\/wp-content\/uploads\/2025\/01\/songte-company-4.webp\"><br \/>\n<img decoding=\"async\" src=\"https:\/\/www.hydraulic-cylinders.net\/wp-content\/uploads\/2025\/01\/songte-company-3.webp\"><\/p>\n<p>Autor: lyl.<\/p>","protected":false},"excerpt":{"rendered":"<p>Arm Cylinder For Volwa Small Excavator DLS880-9B Definition and Explanation The arm cylinder is a specially designed hydraulic cylinder that provides linear movement and power to the arms of various types of machinery such as excavators, cranes, and mechanical arms. It plays a crucial role in hydraulic systems, allowing for the effective movement and control [&hellip;]<\/p>","protected":false},"featured_media":14763,"comment_status":"open","ping_status":"closed","template":"","meta":{"_et_pb_use_builder":"","_et_pb_old_content":"","_et_gb_content_width":""},"product_brand":[],"product_cat":[1497],"product_tag":[1498,1496],"class_list":{"0":"post-16815","1":"product","2":"type-product","3":"status-publish","4":"has-post-thumbnail","6":"product_cat-arm-cylinders","7":"product_tag-arm-cylinders","8":"product_tag-hydraulic-cylinders","10":"first","11":"instock","12":"shipping-taxable","13":"product-type-simple"},"amp_enabled":true,"_links":{"self":[{"href":"https:\/\/www.hydraulic-cylinders.net\/pl\/wp-json\/wp\/v2\/product\/16815","targetHints":{"allow":["GET"]}}],"collection":[{"href":"https:\/\/www.hydraulic-cylinders.net\/pl\/wp-json\/wp\/v2\/product"}],"about":[{"href":"https:\/\/www.hydraulic-cylinders.net\/pl\/wp-json\/wp\/v2\/types\/product"}],"replies":[{"embeddable":true,"href":"https:\/\/www.hydraulic-cylinders.net\/pl\/wp-json\/wp\/v2\/comments?post=16815"}],"wp:featuredmedia":[{"embeddable":true,"href":"https:\/\/www.hydraulic-cylinders.net\/pl\/wp-json\/wp\/v2\/media\/14763"}],"wp:attachment":[{"href":"https:\/\/www.hydraulic-cylinders.net\/pl\/wp-json\/wp\/v2\/media?parent=16815"}],"wp:term":[{"taxonomy":"product_brand","embeddable":true,"href":"https:\/\/www.hydraulic-cylinders.net\/pl\/wp-json\/wp\/v2\/product_brand?post=16815"},{"taxonomy":"product_cat","embeddable":true,"href":"https:\/\/www.hydraulic-cylinders.net\/pl\/wp-json\/wp\/v2\/product_cat?post=16815"},{"taxonomy":"product_tag","embeddable":true,"href":"https:\/\/www.hydraulic-cylinders.net\/pl\/wp-json\/wp\/v2\/product_tag?post=16815"}],"curies":[{"name":"wp","href":"https:\/\/api.w.org\/{rel}","templated":true}]}}