{"id":1682,"date":"2023-10-11T06:14:39","date_gmt":"2023-10-11T06:14:39","guid":{"rendered":"https:\/\/hydraulic-cylinders.net\/?post_type=product&#038;p=1682"},"modified":"2025-04-11T03:46:09","modified_gmt":"2025-04-11T03:46:09","slug":"press-rear-side-shift-cylinder","status":"publish","type":"product","link":"https:\/\/www.hydraulic-cylinders.net\/pl\/produkt\/press-rear-side-shift-cylinder\/","title":{"rendered":"Naci\u015bnij tylny boczny cylinder zmiany bieg\u00f3w"},"content":{"rendered":"<h1 style=\"text-align: center;\"><strong>Naci\u015bnij tylny boczny cylinder zmiany bieg\u00f3w<\/strong><\/h1>\n<p><img loading=\"lazy\" decoding=\"async\" class=\"aligncenter wp-image-1684\" src=\"https:\/\/hydraulic-cylinders.net\/wp-content\/uploads\/2023\/10\/rear-side-shift-cylinder-1-300x300.webp\" alt=\"\" width=\"400\" height=\"400\" \/><\/p>\n<p>Si\u0142ownik przesuwu bocznego prasy to najnowocze\u015bniejsze narz\u0119dzie zaprojektowane w celu zwi\u0119kszenia wydajno\u015bci i precyzji operacji prasowania. Dzi\u0119ki innowacyjnej funkcji przesuwu bocznego, si\u0142ownik ten umo\u017cliwia p\u0142ynn\u0105 regulacj\u0119 element\u00f3w obrabianych podczas prasowania, zapewniaj\u0105c dok\u0142adne ustawienie i skracaj\u0105c czas konfiguracji.<\/p>\n<p>Si\u0142ownik przesuwu bocznego prasy z ty\u0142u to prze\u0142om w procesach prasowania. Dzi\u0119ki mo\u017cliwo\u015bci przesuwu bocznego, precyzyjnemu wyr\u00f3wnaniu, regulowanemu zakresowi przesuwu i szybkiej reakcji, si\u0142ownik ten umo\u017cliwia operatorom osi\u0105gni\u0119cie precyzyjnych i wydajnych rezultat\u00f3w prasowania. Przestrzegaj\u0105c zalecanych metod u\u017cytkowania i konserwacji, mo\u017cna zmaksymalizowa\u0107 wydajno\u015b\u0107, trwa\u0142o\u015b\u0107 i bezpiecze\u0144stwo si\u0142ownika przesuwu bocznego prasy w zastosowaniach zwi\u0105zanych z prasowaniem. Zwi\u0119ksz swoje mo\u017cliwo\u015bci prasowania i do\u015bwiadcz doskona\u0142ego wyr\u00f3wnania i wydajno\u015bci dzi\u0119ki temu najnowocze\u015bniejszemu si\u0142ownikowi.<\/p>\n<p>Klucz do si\u0142ownika zmiany bieg\u00f3w bocznej tylnej prasy Charakterystyka:<\/p>\n<ol>\n<li>Mo\u017cliwo\u015b\u0107 przesuni\u0119cia tylnego na boczny:\n<ul>\n<li>Si\u0142ownik przesuwu bocznego ty\u0142u prasy zosta\u0142 specjalnie zaprojektowany, aby u\u0142atwi\u0107 precyzyjne przesuwanie bok\u00f3w tylnych element\u00f3w obrabianych podczas operacji prasowania.<\/li>\n<li>Umo\u017cliwia operatorom \u0142atw\u0105 regulacj\u0119 po\u0142o\u017cenia obrabianego przedmiotu, zapewniaj\u0105c optymalne ustawienie i minimalizuj\u0105c potrzeb\u0119 r\u0119cznych regulacji.<\/li>\n<\/ul>\n<\/li>\n<li>Dok\u0142adne wyr\u00f3wnanie:\n<ul>\n<li>Si\u0142ownik ten zapewnia dok\u0142adne ustawienie obrabianego przedmiotu, zmniejszaj\u0105c ryzyko rozbie\u017cno\u015bci i zwi\u0119kszaj\u0105c og\u00f3ln\u0105 precyzj\u0119.<\/li>\n<li>Precyzyjne wyr\u00f3wnanie osi\u0105gni\u0119te dzi\u0119ki si\u0142ownikowi przesuwu bocznego tylnej cz\u0119\u015bci prasy przek\u0142ada si\u0119 na lepsz\u0105 jako\u015b\u0107 produktu i mniejsz\u0105 ilo\u015b\u0107 odpad\u00f3w.<\/li>\n<\/ul>\n<\/li>\n<li>Regulowany zakres zmiany bieg\u00f3w:\n<ul>\n<li>Si\u0142ownik oferuje regulowany zakres zmiany prze\u0142o\u017ce\u0144, umo\u017cliwiaj\u0105c operatorom dostosowanie zakresu przesuni\u0119cia tylnej strony w zale\u017cno\u015bci od wymaga\u0144 konkretnego zastosowania.<\/li>\n<li>Elastyczno\u015b\u0107 w zakresie regulacji przesuni\u0119cia zapewnia kompatybilno\u015b\u0107 z r\u00f3\u017cnymi rozmiarami i kszta\u0142tami element\u00f3w obrabianych oraz potrzebami prasowania.<\/li>\n<\/ul>\n<\/li>\n<li>Szybko\u015b\u0107 i responsywno\u015b\u0107:\n<ul>\n<li>Tylny si\u0142ownik przesuwny prasy charakteryzuje si\u0119 szybkim i responsywnym mechanizmem zmiany prze\u0142o\u017ce\u0144, co pozwala na szybk\u0105 regulacj\u0119 podczas operacji prasowania.<\/li>\n<li>Szybkie dzia\u0142anie mechanizmu zmiany bieg\u00f3w skraca ca\u0142kowity czas cyklu, maksymalizuj\u0105c wydajno\u015b\u0107 i przepustowo\u015b\u0107 w zastosowaniach wymagaj\u0105cych prasowania.<\/li>\n<\/ul>\n<\/li>\n<\/ol>\n<h2><strong>Parametry si\u0142ownika przesuwu bocznego tylnego prasy:<\/strong><\/h2>\n<table border=\"1\" cellspacing=\"0\" cellpadding=\"0\">\n<tbody>\n<tr>\n<td>Nazwa produktu<\/td>\n<td>Si\u0142ownik przesuwny prasy hydraulicznej z przodu<\/td>\n<\/tr>\n<tr>\n<td>Cechy:<\/td>\n<td>Przesuwanie p\u00f3\u0142fabrykatu lub przedmiotu obrabianego w poziomie<\/td>\n<\/tr>\n<tr>\n<td>T\u0142ok nurnikowy:<\/td>\n<td>80 mm\uff5e240 mm<br \/>\nSkok \u2264300 mm<\/td>\n<\/tr>\n<tr>\n<td>Si\u0142a ci\u0105gu:<\/td>\n<td>Maksymalnie 1130 kN<br \/>\n(T\u0142ok 240mm\/ci\u015bnienie 25MPa)<\/td>\n<\/tr>\n<tr>\n<td>Zastosowania przedniego cylindra zmiany bieg\u00f3w:<\/td>\n<td>Prasa hydrauliczna<\/td>\n<\/tr>\n<\/tbody>\n<\/table>\n<div><\/div>\n<div>\n<div class=\"txtboxL\">\n<div class=\"txtboxL\">\n<div class=\"txtboxL\">Cechy:<\/div>\n<div class=\"txtboxR\">Wsp\u00f3\u0142pracuj, aby zrealizowa\u0107 podnoszenie g\u0142owicy zaciskowej manipulatora<\/div>\n<div class=\"txtboxL\">Specyfikacja:<\/div>\n<div class=\"txtboxR\">T\u0142ok: 70mm\uff5e180mm<br \/>\nSkok \u2264300 mm<\/div>\n<div class=\"txtboxL\">Si\u0142a ci\u0105gu:<\/div>\n<div class=\"txtboxR\">Maksymalnie 636 kN<br \/>\n(T\u0142ok 180mm\/ci\u015bnienie 25MPa)<\/div>\n<\/div>\n<\/div>\n<\/div>\n<h2><strong>Fabryka cylindr\u00f3w prasowych:<\/strong><\/h2>\n<p><img loading=\"lazy\" decoding=\"async\" class=\"alignnone wp-image-1619 size-full\" src=\"https:\/\/hydraulic-cylinders.net\/wp-content\/uploads\/2023\/10\/press-cylinder.webp\" alt=\"\" width=\"1418\" height=\"946\" srcset=\"https:\/\/hydraulic-cylinders.net\/wp-content\/uploads\/2023\/10\/press-cylinder.webp 1418w, https:\/\/hydraulic-cylinders.net\/wp-content\/uploads\/2023\/10\/press-cylinder-1280x854.webp 1280w, https:\/\/hydraulic-cylinders.net\/wp-content\/uploads\/2023\/10\/press-cylinder-980x654.webp 980w, https:\/\/hydraulic-cylinders.net\/wp-content\/uploads\/2023\/10\/press-cylinder-480x320.webp 480w\" sizes=\"(min-width: 0px) and (max-width: 480px) 480px, (min-width: 481px) and (max-width: 980px) 980px, (min-width: 981px) and (max-width: 1280px) 1280px, (min-width: 1281px) 1418px, 100vw\" \/><\/p>\n<h2><strong>Metoda u\u017cycia si\u0142ownika zmiany bieg\u00f3w tylnego bocznego<\/strong><strong>:<\/strong><\/h2>\n<ul>\n<li><strong>Instalacja:<\/strong>\n<ul>\n<li>Solidnie zamontuj si\u0142ownik przesuwu bocznego tylnej cz\u0119\u015bci prasy w \u017c\u0105danym miejscu, zapewniaj\u0105c w\u0142a\u015bciwe wyr\u00f3wnanie z urz\u0105dzeniem prasuj\u0105cym.<\/li>\n<li>Pod\u0142\u0105cz przewody hydrauliczne zgodnie z instrukcjami producenta, zapewniaj\u0105c prawid\u0142owy przep\u0142yw p\u0142ynu i zapobiegaj\u0105c wszelkim wyciekom.<\/li>\n<\/ul>\n<\/li>\n<li><strong>Regulacja zmiany bieg\u00f3w:<\/strong>\n<ul>\n<li>Zapoznaj si\u0119 z mechanizmem regulacji prze\u0142o\u017cenia za pomoc\u0105 cylindra.<\/li>\n<li>Zazwyczaj regulacje mo\u017cna przeprowadza\u0107 przy pomocy pokr\u0119te\u0142, k\u00f3\u0142 r\u0119cznych lub element\u00f3w steruj\u0105cych cyfrowych.<\/li>\n<li>Aby dokona\u0107 precyzyjnych regulacji przesuwu tylnej strony, nale\u017cy post\u0119powa\u0107 zgodnie ze wskaz\u00f3wkami producenta, bior\u0105c pod uwag\u0119 wymiary obrabianego przedmiotu i wymagania dotycz\u0105ce wyr\u00f3wnania.<\/li>\n<\/ul>\n<\/li>\n<li><strong>Wyr\u00f3wnywanie i przesuwanie przedmiotu obrabianego:<\/strong>\n<ul>\n<li>Umie\u015b\u0107 obrabiany przedmiot na stole prasy, upewniaj\u0105c si\u0119, \u017ce jest on pocz\u0105tkowo wyr\u00f3wnany z cylindrem.<\/li>\n<li>W\u0142\u0105cz si\u0142ownik, aby w\u0142\u0105czy\u0107 mechanizm przesuwny i p\u0142ynnie ustawi\u0107 obrabiany przedmiot w \u017c\u0105danej pozycji tylnej strony.<\/li>\n<li>Sprawd\u017a ustawienie k\u00f3\u0142 wizualnie lub za pomoc\u0105 narz\u0119dzi pomiarowych, aby mie\u0107 pewno\u015b\u0107, \u017ce przesuni\u0119cie tylnej osi jest prawid\u0142owe.<\/li>\n<\/ul>\n<\/li>\n<li><strong>Operacja prasowania:<\/strong>\n<ul>\n<li>Gdy przedmiot obrabiany zostanie prawid\u0142owo wyr\u00f3wnany i przesuni\u0119ty, mo\u017cna przyst\u0105pi\u0107 do prasowania, post\u0119puj\u0105c zgodnie ze standardow\u0105 procedur\u0105.<\/li>\n<li>Si\u0142ownik przesuwu bocznego z ty\u0142u prasy utrzymuje wyr\u00f3wnanie i stabilno\u015b\u0107 obrabianego elementu przez ca\u0142y proces prasowania, gwarantuj\u0105c sp\u00f3jne wyniki.<\/li>\n<\/ul>\n<\/li>\n<\/ul>\n<h2><strong>Jak znale\u017a\u0107 zestaw uszczelek do si\u0142ownika hydraulicznego?<\/strong><\/h2>\n<p>Znalezienie zestawu uszczelnie\u0144 do si\u0142ownika hydraulicznego wymaga zidentyfikowania marki i modelu si\u0142ownika, sprawdzenia renomowanych dostawc\u00f3w lub producent\u00f3w oraz dobrania odpowiedniego zestawu uszczelnie\u0144 na podstawie specyfikacji si\u0142ownika. Oto przewodnik krok po kroku, jak znale\u017a\u0107 zestaw uszczelnie\u0144 do si\u0142ownika hydraulicznego:<\/p>\n<ol>\n<li><strong>Zidentyfikuj informacje o cylindrze:<\/strong>\n<ul>\n<li>Okre\u015bl mark\u0119 i model cylindra hydraulicznego, do kt\u00f3rego potrzebujesz zestawu uszczelnie\u0144.<\/li>\n<li>Sprawd\u017a, czy na samym cylindrze znajduj\u0105 si\u0119 jakie\u015b znaki identyfikacyjne, etykiety lub wygrawerowane informacje.<\/li>\n<li>Posiadanie dokumentacji producenta oryginalnego sprz\u0119tu (OEM) lub numeru cz\u0119\u015bci mo\u017ce okaza\u0107 si\u0119 pomocne w procesie wyszukiwania.<\/li>\n<\/ul>\n<\/li>\n<li><strong>Zbadaj renomowanych dostawc\u00f3w:<\/strong>\n<ul>\n<li>Zacznij od sprawdzenia renomowanych dostawc\u00f3w lub producent\u00f3w uszczelnie\u0144 hydraulicznych.<\/li>\n<li>Szukaj dostawc\u00f3w specjalizuj\u0105cych si\u0119 w uszczelnieniach hydraulicznych i oferuj\u0105cych szerok\u0105 gam\u0119 produkt\u00f3w.<\/li>\n<li>Wyszukiwarki internetowe, katalogi bran\u017cowe i fora po\u015bwi\u0119cone sprz\u0119towi hydraulicznemu mog\u0105 okaza\u0107 si\u0119 cennymi \u017ar\u00f3d\u0142ami informacji umo\u017cliwiaj\u0105cymi znalezienie renomowanych dostawc\u00f3w.<\/li>\n<\/ul>\n<\/li>\n<li><strong>Skontaktuj si\u0119 z producentem cylindra lub producentem OEM:<\/strong>\n<ul>\n<li>Je\u017celi to mo\u017cliwe, skontaktuj si\u0119 z producentem si\u0142ownika hydraulicznego lub producentem oryginalnego sprz\u0119tu (OEM) w celu uzyskania wskaz\u00f3wek.<\/li>\n<li>Skontaktuj si\u0119 z dzia\u0142em obs\u0142ugi klienta lub dzia\u0142em pomocy technicznej, aby zapyta\u0107 o dost\u0119pno\u015b\u0107 zestaw\u00f3w uszczelnie\u0144 do konkretnego modelu cylindra.<\/li>\n<li>Podaj im mark\u0119, model i wszelkie inne istotne informacje o cylindrze, aby u\u0142atwi\u0107 im identyfikacj\u0119 w\u0142a\u015bciwego zestawu uszczelnie\u0144.<\/li>\n<\/ul>\n<\/li>\n<li><strong>Specyfikacja cylindra zbieraj\u0105cego:<\/strong>\n<ul>\n<li>Okre\u015bl szczeg\u00f3\u0142owe parametry si\u0142ownika hydraulicznego, dla kt\u00f3rego potrzebujesz zestawu uszczelnie\u0144.<\/li>\n<li>Zanotuj szczeg\u00f3\u0142y, takie jak \u015brednica otworu cylindra, \u015brednica pr\u0119ta oraz liczba i rodzaje wymaganych uszczelnie\u0144.<\/li>\n<li>Je\u017celi to mo\u017cliwe, zmierz wymiary istniej\u0105cych uszczelek, aby umo\u017cliwi\u0107 ich dok\u0142adn\u0105 identyfikacj\u0119 i dob\u00f3r zestawu uszczelnie\u0144.<\/li>\n<\/ul>\n<\/li>\n<li><strong>Wyszukaj dostawc\u00f3w uszczelnie\u0144 online:<\/strong>\n<ul>\n<li>Skorzystaj ze stron internetowych dostawc\u00f3w uszczelnie\u0144 i poszukaj zestaw\u00f3w uszczelnie\u0144 dostosowanych do specyfikacji Twojego cylindra hydraulicznego.<\/li>\n<li>Aby zaw\u0119zi\u0107 dost\u0119pne opcje, wprowad\u017a mark\u0119, model lub wymiary cylindra w filtrach wyszukiwania.<\/li>\n<li>Aby mie\u0107 pewno\u015b\u0107 w\u0142a\u015bciwego dopasowania, zapoznaj si\u0119 z opisami produkt\u00f3w, specyfikacjami i informacjami o zgodno\u015bci udost\u0119pnionymi przez dostawc\u00f3w.<\/li>\n<\/ul>\n<\/li>\n<li><strong>Sprawd\u017a zgodno\u015b\u0107:<\/strong>\n<ul>\n<li>Po zidentyfikowaniu potencjalnego zestawu uszczelnie\u0144 nale\u017cy sprawdzi\u0107 jego kompatybilno\u015b\u0107 z si\u0142ownikiem hydraulicznym.<\/li>\n<li>Por\u00f3wnaj specyfikacje i wymiary zestawu uszczelnie\u0144 z informacjami zebranymi z cylindra.<\/li>\n<li>Upewnij si\u0119, \u017ce zestaw uszczelnie\u0144 zawiera wszystkie niezb\u0119dne uszczelki do konkretnej konfiguracji Twojego cylindra.<\/li>\n<\/ul>\n<\/li>\n<li><strong>Zam\u00f3w i zainstaluj zestaw uszczelniaj\u0105cy:<\/strong>\n<ul>\n<li>Z\u0142\u00f3\u017c zam\u00f3wienie na zestaw uszczelek u wybranego dostawcy lub producenta.<\/li>\n<li>Podaj dok\u0142adne informacje, w tym specyfikacje cylindra i wszelkie inne wymagane szczeg\u00f3\u0142y, aby mie\u0107 pewno\u015b\u0107, \u017ce dostarczony zostanie w\u0142a\u015bciwy zestaw uszczelnie\u0144.<\/li>\n<li>Post\u0119puj zgodnie z instrukcjami dostawcy dotycz\u0105cymi p\u0142atno\u015bci, wysy\u0142ki i dostawy.<\/li>\n<li>Po otrzymaniu zestawu uszczelnie\u0144 nale\u017cy \u015bci\u015ble przestrzega\u0107 instrukcji monta\u017cu dostarczonych przez dostawc\u0119 lub producenta, aby wymieni\u0107 uszczelki w si\u0142owniku hydraulicznym.<\/li>\n<\/ul>\n<\/li>\n<\/ol>\n<h2><strong>Mo\u017cliwo\u015bci i pojemno\u015b\u0107 fabryki:<\/strong><\/h2>\n<h3>(1) Monta\u017c<\/h3>\n<p>Dysponujemy najwy\u017cszej klasy niezale\u017cn\u0105 platform\u0105 badawczo-rozwojow\u0105. Warsztat produkcji si\u0142ownik\u00f3w hydraulicznych posiada cztery p\u00f3\u0142automatyczne linie monta\u017cowe si\u0142ownik\u00f3w podnosz\u0105cych i jedn\u0105 automatyczn\u0105 lini\u0119 monta\u017cow\u0105 si\u0142ownik\u00f3w przechy\u0142u, o projektowanej rocznej zdolno\u015bci produkcyjnej 1 miliona sztuk. Specjalny warsztat cylindr\u00f3w jest wyposa\u017cony w r\u00f3\u017cne specyfikacje p\u00f3\u0142automatycznego systemu monta\u017cu czyszcz\u0105cego o projektowanej rocznej zdolno\u015bci produkcyjnej 200 000 i wyposa\u017cony w s\u0142ynny sprz\u0119t do obr\u00f3bki CNC, centrum obr\u00f3bcze, specjalny sprz\u0119t do precyzyjnej obr\u00f3bki cylindr\u00f3w, robot spawalniczy, automatyczna maszyna czyszcz\u0105ca, automatyczna maszyna do monta\u017cu cylindr\u00f3w i automatyczna linia produkcyjna do malowania. Istniej\u0105cy krytyczny sprz\u0119t sk\u0142ada si\u0119 z ponad 300 zestaw\u00f3w. Optymalna alokacja i efektywne wykorzystanie zasob\u00f3w sprz\u0119towych zapewniaj\u0105 wymagania dotycz\u0105ce dok\u0142adno\u015bci produkt\u00f3w i spe\u0142niaj\u0105 potrzeby wysokiej jako\u015bci produkt\u00f3w.<\/p>\n<p><img loading=\"lazy\" decoding=\"async\" class=\"alignnone wp-image-626\" src=\"https:\/\/hydraulic-cylinders.net\/wp-content\/uploads\/2023\/08\/hydraulic-cylinder-product-1-300x158.webp\" alt=\"\" width=\"495\" height=\"260\" srcset=\"https:\/\/hydraulic-cylinders.net\/wp-content\/uploads\/2023\/08\/hydraulic-cylinder-product-1-300x158.webp 495w, https:\/\/hydraulic-cylinders.net\/wp-content\/uploads\/2023\/08\/hydraulic-cylinder-product-1-480x252.webp 480w\" sizes=\"(min-width: 0px) and (max-width: 480px) 480px, (min-width: 481px) 495px, 100vw\" \/> <img loading=\"lazy\" decoding=\"async\" class=\"alignnone wp-image-627\" src=\"https:\/\/hydraulic-cylinders.net\/wp-content\/uploads\/2023\/08\/hydraulic-cylinder-product-2-300x189.webp\" alt=\"\" width=\"413\" height=\"260\" \/><\/p>\n<h3>(2) Obr\u00f3bka<\/h3>\n<p>Warsztat obr\u00f3bki skrawaniem jest wyposa\u017cony w niestandardowe centrum tokarskie z pochylon\u0105 szyn\u0105, centrum obr\u00f3bcze, szybkobie\u017cn\u0105 honownic\u0119, robota spawalniczego i inny powi\u0105zany sprz\u0119t, kt\u00f3ry mo\u017ce obs\u0142ugiwa\u0107 przetwarzanie rur cylindrycznych o maksymalnej \u015brednicy wewn\u0119trznej 400 mm i maksymalnej d\u0142ugo\u015bci 6 metr\u00f3w.<\/p>\n<p><img loading=\"lazy\" decoding=\"async\" class=\"alignnone wp-image-628 size-large\" src=\"https:\/\/hydraulic-cylinders.net\/wp-content\/uploads\/2023\/08\/hydraulic-cylinder-product-3-1024x391.webp\" alt=\"\" width=\"1024\" height=\"391\" srcset=\"https:\/\/hydraulic-cylinders.net\/wp-content\/uploads\/2023\/08\/hydraulic-cylinder-product-3-980x374.webp 980w, https:\/\/hydraulic-cylinders.net\/wp-content\/uploads\/2023\/08\/hydraulic-cylinder-product-3-480x183.webp 480w\" sizes=\"(min-width: 0px) and (max-width: 480px) 480px, (min-width: 481px) and (max-width: 980px) 980px, (min-width: 981px) 1024px, 100vw\" \/><\/p>\n<h3>(3) Spawanie<\/h3>\n<p><img loading=\"lazy\" decoding=\"async\" class=\"alignnone wp-image-629 size-large\" src=\"https:\/\/hydraulic-cylinders.net\/wp-content\/uploads\/2023\/08\/hydraulic-cylinder-product-4-1024x510.webp\" alt=\"\" width=\"1024\" height=\"510\" srcset=\"https:\/\/hydraulic-cylinders.net\/wp-content\/uploads\/2023\/08\/hydraulic-cylinder-product-4-980x488.webp 980w, https:\/\/hydraulic-cylinders.net\/wp-content\/uploads\/2023\/08\/hydraulic-cylinder-product-4-480x239.webp 480w\" sizes=\"(min-width: 0px) and (max-width: 480px) 480px, (min-width: 481px) and (max-width: 980px) 980px, (min-width: 981px) 1024px, 100vw\" \/><\/p>\n<h3>(4) Malowanie i powlekanie<\/h3>\n<p>Z ma\u0142ymi i \u015brednimi automatycznymi liniami do powlekania farbami na bazie wody, w celu osi\u0105gni\u0119cia automatycznego za\u0142adunku i roz\u0142adunku robota oraz automatycznego natryskiwania, wydajno\u015b\u0107 projektowa 4000 sztuk na zmian\u0119;<br \/>\nPosiadamy r\u00f3wnie\u017c p\u00f3\u0142automatyczn\u0105 lini\u0119 do produkcji farb do du\u017cych cylindr\u00f3w nap\u0119dzan\u0105 \u0142a\u0144cuchem nap\u0119dowym, o wydajno\u015bci 60 skrzy\u0144 na zmian\u0119.<\/p>\n<p><img loading=\"lazy\" decoding=\"async\" class=\"alignnone wp-image-630\" src=\"https:\/\/hydraulic-cylinders.net\/wp-content\/uploads\/2023\/08\/hydraulic-cylinder-product-5-300x213.webp\" alt=\"\" width=\"366\" height=\"260\" \/> <img loading=\"lazy\" decoding=\"async\" class=\"alignnone wp-image-631\" src=\"https:\/\/hydraulic-cylinders.net\/wp-content\/uploads\/2023\/08\/hydraulic-cylinder-product-6-300x225.webp\" alt=\"\" width=\"347\" height=\"260\" \/><\/p>\n<h3>(5) Testowanie<\/h3>\n<p>Dysponujemy najwy\u017cszej klasy urz\u0105dzeniami kontrolnymi i stanowiskami testowymi, aby zapewni\u0107, \u017ce wydajno\u015b\u0107 cylindra spe\u0142nia wymagania.<\/p>\n<p><img loading=\"lazy\" decoding=\"async\" class=\"alignnone wp-image-632\" src=\"https:\/\/hydraulic-cylinders.net\/wp-content\/uploads\/2023\/08\/hydraulic-cylinder-product-8-300x200.webp\" alt=\"\" width=\"389\" height=\"260\" \/><\/p>\n<p>&nbsp;<\/p>\n<p>&nbsp;<\/p>\n<p>Jeste\u015bmy jednym z najlepszych producent\u00f3w cylindr\u00f3w hydraulicznych. Oferujemy kompleksow\u0105 ofert\u0119 cylindr\u00f3w hydraulicznych. Dostarczamy r\u00f3wnie\u017c\u2026 <a href=\"https:\/\/hzpt.com\/agricultural-pto-gearbox\/\" target=\"_blank\" rel=\"noopener\">przek\u0142adnie rolnicze<\/a>. Eksportowali\u015bmy nasze produkty do klient\u00f3w na ca\u0142ym \u015bwiecie i zdobyli\u015bmy dobr\u0105 reputacj\u0119 dzi\u0119ki najwy\u017cszej jako\u015bci produkt\u00f3w i us\u0142ug posprzeda\u017cnych. Zapraszamy klient\u00f3w w kraju i za granic\u0105 do kontaktu z nami w celu negocjacji biznesowych, wymiany informacji i <a href=\"https:\/\/www.hydraulic-cylinders.net\/pl\/contact-us\/\">wsp\u00f3\u0142pracowa\u0107 z nami<\/a>!<\/p>","protected":false},"excerpt":{"rendered":"<p>Press Rear Side Shift Cylinder The press rear side shift cylinder is a cutting-edge tool designed to enhance efficiency and precision in pressing operations. With its innovative rear side shifting capability, this cylinder allows for seamless adjustment of workpieces during pressing, ensuring accurate alignment and reducing setup time. The press rear side shift cylinder is [&hellip;]<\/p>","protected":false},"featured_media":1685,"comment_status":"open","ping_status":"closed","template":"","meta":{"_et_pb_use_builder":"","_et_pb_old_content":"","_et_gb_content_width":""},"product_brand":[],"product_cat":[1550,1522,1376],"product_tag":[1380],"class_list":{"0":"post-1682","1":"product","2":"type-product","3":"status-publish","4":"has-post-thumbnail","6":"product_cat-double-acting-hydraulic-cylinder","7":"product_cat-press-hydraulic-cylinders","8":"product_cat-hydraulic-cylinder","9":"product_tag-hydraulic-cylinder","11":"first","12":"instock","13":"shipping-taxable","14":"product-type-simple"},"amp_enabled":true,"_links":{"self":[{"href":"https:\/\/www.hydraulic-cylinders.net\/pl\/wp-json\/wp\/v2\/product\/1682","targetHints":{"allow":["GET"]}}],"collection":[{"href":"https:\/\/www.hydraulic-cylinders.net\/pl\/wp-json\/wp\/v2\/product"}],"about":[{"href":"https:\/\/www.hydraulic-cylinders.net\/pl\/wp-json\/wp\/v2\/types\/product"}],"replies":[{"embeddable":true,"href":"https:\/\/www.hydraulic-cylinders.net\/pl\/wp-json\/wp\/v2\/comments?post=1682"}],"wp:featuredmedia":[{"embeddable":true,"href":"https:\/\/www.hydraulic-cylinders.net\/pl\/wp-json\/wp\/v2\/media\/1685"}],"wp:attachment":[{"href":"https:\/\/www.hydraulic-cylinders.net\/pl\/wp-json\/wp\/v2\/media?parent=1682"}],"wp:term":[{"taxonomy":"product_brand","embeddable":true,"href":"https:\/\/www.hydraulic-cylinders.net\/pl\/wp-json\/wp\/v2\/product_brand?post=1682"},{"taxonomy":"product_cat","embeddable":true,"href":"https:\/\/www.hydraulic-cylinders.net\/pl\/wp-json\/wp\/v2\/product_cat?post=1682"},{"taxonomy":"product_tag","embeddable":true,"href":"https:\/\/www.hydraulic-cylinders.net\/pl\/wp-json\/wp\/v2\/product_tag?post=1682"}],"curies":[{"name":"wp","href":"https:\/\/api.w.org\/{rel}","templated":true}]}}