{"id":16841,"date":"2025-01-21T05:58:26","date_gmt":"2025-01-21T05:58:26","guid":{"rendered":"https:\/\/www.hydraulic-cylinders.net\/product\/arm-cylinder-for-aotai-at80e-9\/"},"modified":"2025-01-21T05:58:30","modified_gmt":"2025-01-21T05:58:30","slug":"arm-cylinder-for-aotai-at80e-9","status":"publish","type":"product","link":"https:\/\/www.hydraulic-cylinders.net\/pl\/produkt\/arm-cylinder-for-aotai-at80e-9\/","title":{"rendered":"Si\u0142ownik ramienia do Aotai AT80E-9"},"content":{"rendered":"<h1>Si\u0142ownik ramienia do Aotai AT80E-9<\/h1>\n<h2>Definicja i wyja\u015bnienie<\/h2>\n<p>Si\u0142ownik ramienia to specjalnie zaprojektowany si\u0142ownik hydrauliczny, kt\u00f3ry zapewnia ruch liniowy i zasilanie ramion r\u00f3\u017cnych maszyn, takich jak koparki, d\u017awigi i ramiona robot\u00f3w. Odgrywa kluczow\u0105 rol\u0119 w uk\u0142adach hydraulicznych, umo\u017cliwiaj\u0105c efektywny ruch i sterowanie dodatkowymi narz\u0119dziami lub osprz\u0119tem. Si\u0142owniki te nie tylko zapewniaj\u0105 p\u0142ynny ruch, ale tak\u017ce wytrzymuj\u0105 du\u017ce obci\u0105\u017cenia, gwarantuj\u0105c wydajn\u0105 prac\u0119 i niezawodno\u015b\u0107 maszyn w r\u00f3\u017cnych warunkach pracy.<\/p>\n<p><img decoding=\"async\" src=\"https:\/\/www.hydraulic-cylinders.net\/wp-content\/uploads\/2025\/01\/songte-company-2.webp\"><\/p>\n<h2>Cechy<\/h2>\n<ul>\n<li><strong>Wysoka wydajno\u015b\u0107 transmisji:<\/strong> Si\u0142ownik ramienia zapewnia mocny ruch liniowy i si\u0142\u0119, gwarantuj\u0105c wysok\u0105 wydajno\u015b\u0107 ramienia mechanicznego w r\u00f3\u017cnych operacjach.<\/li>\n<li><strong>Precyzyjna kontrola:<\/strong> Dzi\u0119ki uk\u0142adowi hydraulicznemu si\u0142ownik ramienia umo\u017cliwia precyzyjn\u0105 kontrol\u0119 ruchu, co sprawia, \u017ce \u200b\u200bpraca z pod\u0142\u0105czonymi narz\u0119dziami jest bardziej elastyczna i dok\u0142adna.<\/li>\n<li><strong>Trwa\u0142o\u015b\u0107:<\/strong> Cylindry ramienia s\u0105 zazwyczaj wykonane z materia\u0142\u00f3w o wysokiej wytrzyma\u0142o\u015bci, zapewniaj\u0105cych doskona\u0142\u0105 odporno\u015b\u0107 na zu\u017cycie i korozj\u0119, odpowiednich do d\u0142ugotrwa\u0142ego u\u017cytkowania w trudnych warunkach.<\/li>\n<li><strong>Wielofunkcyjna adaptowalno\u015b\u0107:<\/strong> Tego typu cylindry mo\u017cna powszechnie stosowa\u0107 w r\u00f3\u017cnych maszynach, takich jak koparki, d\u017awigi i ramiona robotyczne, dostosowuj\u0105c je do r\u00f3\u017cnych wymaga\u0144 roboczych.<\/li>\n<li><strong>\u0141atwa konserwacja:<\/strong> Konstrukcja cylindra ramienia uwzgl\u0119dnia \u0142atwo\u015b\u0107 konserwacji i wymiany, dzi\u0119ki czemu regularne kontrole i serwisowanie staj\u0105 si\u0119 wygodniejsze, a przestoje sprz\u0119tu kr\u00f3tsze.<\/li>\n<\/ul>\n<p><img decoding=\"async\" src=\"https:\/\/www.hydraulic-cylinders.net\/wp-content\/uploads\/2025\/01\/songte-oil-pipes-and-spare-parts.webp\"><\/p>\n<h2>Aplikacje<\/h2>\n<p><em>1. In\u017cynieria budowlana:<\/em> W koparkach i d\u017awigach si\u0142ownik ramienia steruje ruchem \u0142y\u017cek lub wysi\u0119gnik\u00f3w podczas rob\u00f3t ziemnych, przenoszenia materia\u0142\u00f3w i instalacji konstrukcyjnych.<\/p>\n<p><em>2. Przemys\u0142 wytw\u00f3rczy:<\/em> W zautomatyzowanych liniach produkcyjnych si\u0142ownik ramienia jest wykorzystywany do poruszania ramionami robota wykonuj\u0105cego procesy monta\u017cu, spawania i obs\u0142ugi materia\u0142\u00f3w w celu zwi\u0119kszenia wydajno\u015bci i precyzji.<\/p>\n<p><em>3. Maszyny rolnicze:<\/em> W sprz\u0119cie rolniczym, takim jak kombajny i siewniki, si\u0142ownik ramienia steruje ruchem ramion roboczych podczas wykonywania takich zada\u0144, jak siew, nawo\u017cenie i zbi\u00f3r.<\/p>\n<p><em>4. G\u00f3rnictwo:<\/em> W sprz\u0119cie g\u00f3rniczym si\u0142ownik ramienia s\u0142u\u017cy do sterowania ruchem ramienia maszyn g\u00f3rniczych, u\u0142atwiaj\u0105c wydobycie i transport rudy.<\/p>\n<p><em>5. Logistyka i transport:<\/em> W w\u00f3zkach wid\u0142owych i robotach prze\u0142adunkowych si\u0142ownik ramienia steruje podnoszeniem i ruchem wide\u0142, umo\u017cliwiaj\u0105c przenoszenie i uk\u0142adanie materia\u0142\u00f3w.<\/p>\n<h2>Zagadnienia projektowe i kryteria wyboru<\/h2>\n<ul>\n<li><strong>No\u015bno\u015b\u0107:<\/strong> Om\u00f3wienie zdolno\u015bci cylindra ramienia do wytrzymywania r\u00f3\u017cnych obci\u0105\u017ce\u0144.<\/li>\n<li><strong>Opiecz\u0119towanie:<\/strong> Wyja\u015bnienie r\u00f3\u017cnych element\u00f3w uszczelniaj\u0105cych, takich jak uszczelnienia t\u0142ok\u00f3w i uszczelnienia t\u0142oczysk, wykonanych z materia\u0142\u00f3w odpornych na zu\u017cycie, jak poliuretan i kauczuk nitrylowy.<\/li>\n<li><strong>Trwa\u0142o\u015b\u0107:<\/strong> Opis precyzyjnej obr\u00f3bki powierzchni korpusu cylindra i ko\u0144c\u00f3wek gwintowanych w celu zwi\u0119kszenia odporno\u015bci na zu\u017cycie.<\/li>\n<li><strong>Bezpiecze\u0144stwo:<\/strong> Om\u00f3wienie zagadnie\u0144 bezpiecze\u0144stwa w projektowaniu, zwr\u00f3cenie uwagi na wag\u0119 \u015brodk\u00f3w bezpiecze\u0144stwa podczas korzystania z cylindra ramienia.<\/li>\n<li><strong>Konserwacja:<\/strong> Wyja\u015bnienie wymaga\u0144 dotycz\u0105cych regularnego smarowania i \u0142atwo\u015bci konserwacji cylindra ramienia.<\/li>\n<\/ul>\n<p><img decoding=\"async\" src=\"https:\/\/www.hydraulic-cylinders.net\/wp-content\/uploads\/2025\/01\/songte-cylinder-head-with-all-kinds-excavator-models.webp\"><\/p>\n<h2>Diagnoza usterek i typowych problem\u00f3w<\/h2>\n<p>Problemy, kt\u00f3re mog\u0105 wyst\u0105pi\u0107 z cylindrem ramienia, wraz ze wskaz\u00f3wkami i rozwi\u0105zaniami, kt\u00f3re pomog\u0105 czytelnikom skutecznie diagnozowa\u0107 i rozwi\u0105zywa\u0107 problemy. Dodatkowo, zasugerowano \u015brodki zapobiegawcze w celu zminimalizowania potencjalnych problem\u00f3w.<\/p>\n<p><img decoding=\"async\" src=\"https:\/\/www.hydraulic-cylinders.net\/wp-content\/uploads\/2025\/01\/songte-chushion-collar.webp\"><\/p>\n<h2>Instrukcja instalacji produktu<\/h2>\n<p>Kompleksowy przewodnik opisuj\u0105cy prawid\u0142owy monta\u017c cylindra ramienia, zapewniaj\u0105cy jego w\u0142a\u015bciwe dzia\u0142anie i bezpiecze\u0144stwo.<\/p>\n<p><img decoding=\"async\" src=\"https:\/\/www.hydraulic-cylinders.net\/wp-content\/uploads\/2025\/01\/songte-bushings-with-all-kinds-of-excavator-models.webp\"><\/p>\n<h2>Zagadnienia bezpiecze\u0144stwa i czynniki \u015brodowiskowe<\/h2>\n<p>Analiza \u015brodk\u00f3w bezpiecze\u0144stwa i znaczenia uwzgl\u0119dnienia czynnik\u00f3w \u015brodowiskowych podczas korzystania z cylindra ramienia.<\/p>\n<h2>O nas<\/h2>\n<p>Jeste\u015bmy profesjonalnym producentem zamiennych cylindr\u00f3w hydraulicznych, oferuj\u0105cym szerok\u0105 gam\u0119 produkt\u00f3w. Stali\u015bmy si\u0119 jednym z wiod\u0105cych producent\u00f3w i hurtowych dystrybutor\u00f3w cylindr\u00f3w hydraulicznych na rynku krajowym i mi\u0119dzynarodowym. Nasze zaanga\u017cowanie w d\u0105\u017cenie do doskona\u0142o\u015bci jako\u015bci jest wspierane przez strategie zarz\u0105dzania produkcj\u0105 przemys\u0142ow\u0105 w naszym zaawansowanym warsztacie produkcyjnym. Stale doskonalimy nasz\u0105 wiedz\u0119 techniczn\u0105 i wydajno\u015b\u0107 produkcji poprzez wprowadzanie wysokiej klasy cyfrowego sprz\u0119tu produkcyjnego i profesjonalnych system\u00f3w testowych. Koncentruj\u0105c si\u0119 na innowacjach, d\u0105\u017cymy do zaspokojenia zr\u00f3\u017cnicowanych potrzeb naszych klient\u00f3w, kieruj\u0105c si\u0119 zasadami wydajno\u015bci, precyzji i wysokiej jako\u015bci.<\/p>\n<p><img decoding=\"async\" src=\"https:\/\/www.hydraulic-cylinders.net\/wp-content\/uploads\/2025\/01\/songte-company-4.webp\"><br \/>\n<img decoding=\"async\" src=\"https:\/\/www.hydraulic-cylinders.net\/wp-content\/uploads\/2025\/01\/songte-company-3.webp\"><\/p>\n<p><em>Autor: lyl<\/em><\/p>","protected":false},"excerpt":{"rendered":"<p>Arm Cylinder For Aotai AT80E-9 Definition and Explanation An arm cylinder is a specially designed hydraulic cylinder that provides linear motion and power to the arms of various machinery, such as excavators, cranes, and robotic arms. It plays a crucial role in hydraulic systems, allowing for the effective movement and control of additional tools or [&hellip;]<\/p>","protected":false},"featured_media":14774,"comment_status":"open","ping_status":"closed","template":"","meta":{"_et_pb_use_builder":"","_et_pb_old_content":"","_et_gb_content_width":""},"product_brand":[],"product_cat":[1497],"product_tag":[1498,1496],"class_list":{"0":"post-16841","1":"product","2":"type-product","3":"status-publish","4":"has-post-thumbnail","6":"product_cat-arm-cylinders","7":"product_tag-arm-cylinders","8":"product_tag-hydraulic-cylinders","10":"first","11":"instock","12":"shipping-taxable","13":"product-type-simple"},"amp_enabled":true,"_links":{"self":[{"href":"https:\/\/www.hydraulic-cylinders.net\/pl\/wp-json\/wp\/v2\/product\/16841","targetHints":{"allow":["GET"]}}],"collection":[{"href":"https:\/\/www.hydraulic-cylinders.net\/pl\/wp-json\/wp\/v2\/product"}],"about":[{"href":"https:\/\/www.hydraulic-cylinders.net\/pl\/wp-json\/wp\/v2\/types\/product"}],"replies":[{"embeddable":true,"href":"https:\/\/www.hydraulic-cylinders.net\/pl\/wp-json\/wp\/v2\/comments?post=16841"}],"wp:featuredmedia":[{"embeddable":true,"href":"https:\/\/www.hydraulic-cylinders.net\/pl\/wp-json\/wp\/v2\/media\/14774"}],"wp:attachment":[{"href":"https:\/\/www.hydraulic-cylinders.net\/pl\/wp-json\/wp\/v2\/media?parent=16841"}],"wp:term":[{"taxonomy":"product_brand","embeddable":true,"href":"https:\/\/www.hydraulic-cylinders.net\/pl\/wp-json\/wp\/v2\/product_brand?post=16841"},{"taxonomy":"product_cat","embeddable":true,"href":"https:\/\/www.hydraulic-cylinders.net\/pl\/wp-json\/wp\/v2\/product_cat?post=16841"},{"taxonomy":"product_tag","embeddable":true,"href":"https:\/\/www.hydraulic-cylinders.net\/pl\/wp-json\/wp\/v2\/product_tag?post=16841"}],"curies":[{"name":"wp","href":"https:\/\/api.w.org\/{rel}","templated":true}]}}