{"id":16842,"date":"2025-01-21T05:58:32","date_gmt":"2025-01-21T05:58:32","guid":{"rendered":"https:\/\/www.hydraulic-cylinders.net\/product\/arm-cylinder-for-aotai-at60e-9\/"},"modified":"2025-01-21T05:58:33","modified_gmt":"2025-01-21T05:58:33","slug":"arm-cylinder-for-aotai-at60e-9","status":"publish","type":"product","link":"https:\/\/www.hydraulic-cylinders.net\/pl\/produkt\/arm-cylinder-for-aotai-at60e-9\/","title":{"rendered":"Si\u0142ownik ramienia do Aotai AT60E-9"},"content":{"rendered":"<p><!DOCTYPE html><br \/>\n<html><br \/>\n<head><br \/>\n<title>Si\u0142ownik ramienia do Aotai AT60E-9<\/title><br \/>\n<\/head><br \/>\n<body><\/p>\n<h1>Si\u0142ownik ramienia do Aotai AT60E-9<\/h1>\n<h2>Wst\u0119p<\/h2>\n<p>Si\u0142ownik ramienia do Aotai AT60E-9 to specjalistyczny si\u0142ownik hydrauliczny zaprojektowany do zapewnienia ruchu liniowego i zasilania ramienia r\u00f3\u017cnych maszyn, takich jak koparki, d\u017awigi i ramiona mechaniczne. Si\u0142ownik ramienia odgrywa kluczow\u0105 rol\u0119 w uk\u0142adach hydraulicznych, umo\u017cliwiaj\u0105c wydajny ruch i sterowanie dodatkowymi narz\u0119dziami lub osprz\u0119tem. Si\u0142owniki te nie tylko zapewniaj\u0105 p\u0142ynny ruch, ale tak\u017ce wytrzymuj\u0105 du\u017ce obci\u0105\u017cenia, gwarantuj\u0105c wydajn\u0105 prac\u0119 i niezawodno\u015b\u0107 maszyn w r\u00f3\u017cnych warunkach pracy.<\/p>\n<p><img decoding=\"async\" src=\"https:\/\/www.hydraulic-cylinders.net\/wp-content\/uploads\/2025\/01\/songte-company-2.webp\" alt=\"Obraz cylindra ramienia\"><\/p>\n<h2>Cechy<\/h2>\n<ul>\n<li><strong>Wysoka wydajno\u015b\u0107 transmisji:<\/strong> Si\u0142ownik ramienia zapewnia mocny ruch liniowy i si\u0142\u0119, gwarantuj\u0105c wysok\u0105 wydajno\u015b\u0107 w r\u00f3\u017cnych operacjach.<\/li>\n<li><strong>Precyzyjna kontrola:<\/strong> Dzi\u0119ki uk\u0142adom hydraulicznym si\u0142ownik ramienia umo\u017cliwia precyzyjn\u0105 kontrol\u0119 ruchu, co sprawia, \u017ce \u200b\u200bpraca z pod\u0142\u0105czonymi narz\u0119dziami jest bardziej elastyczna i dok\u0142adna.<\/li>\n<li><strong>Trwa\u0142o\u015b\u0107:<\/strong> Cylindry ramienia s\u0105 zazwyczaj wykonane z materia\u0142\u00f3w o wysokiej wytrzyma\u0142o\u015bci, zapewniaj\u0105cych doskona\u0142\u0105 odporno\u015b\u0107 na zu\u017cycie i korozj\u0119, odpowiednich do d\u0142ugotrwa\u0142ego u\u017cytkowania w trudnych warunkach.<\/li>\n<li><strong>Wielofunkcyjno\u015b\u0107:<\/strong> Si\u0142owniki te mo\u017cna szeroko stosowa\u0107 w r\u00f3\u017cnych maszynach, takich jak koparki, d\u017awigi i ramiona mechaniczne, dostosowuj\u0105c je do r\u00f3\u017cnych wymaga\u0144 roboczych.<\/li>\n<li><strong>\u0141atwa konserwacja:<\/strong> Zaprojektowany z my\u015bl\u0105 o \u0142atwej konserwacji i wymianie si\u0142ownik ramienia u\u0142atwia regularne kontrole i konserwacj\u0119, zmniejszaj\u0105c przestoje sprz\u0119tu.<\/li>\n<\/ul>\n<p><img decoding=\"async\" src=\"https:\/\/www.hydraulic-cylinders.net\/wp-content\/uploads\/2025\/01\/songte-oil-pipes-and-spare-parts.webp\" alt=\"Obraz cz\u0119\u015bci zamiennych cylindra ramienia\"><\/p>\n<h2>Aplikacje<\/h2>\n<p>Si\u0142ownik ramienia ma r\u00f3\u017cnorodne zastosowania w r\u00f3\u017cnych ga\u0142\u0119ziach przemys\u0142u:<\/p>\n<ol>\n<li><strong>In\u017cynieria budowlana:<\/strong> W koparkach i d\u017awigach si\u0142ownik ramienia steruje ruchem \u0142y\u017cek lub wysi\u0119gnik\u00f3w podczas rob\u00f3t ziemnych, przenoszenia materia\u0142\u00f3w i instalacji konstrukcyjnych.<\/li>\n<li><strong>Produkcja:<\/strong> W zautomatyzowanych liniach produkcyjnych si\u0142ownik ramienia u\u0142atwia ruch ramion mechanicznych podczas proces\u00f3w takich jak monta\u017c, spawanie i obs\u0142uga, zwi\u0119kszaj\u0105c wydajno\u015b\u0107 i dok\u0142adno\u015b\u0107 produkcji.<\/li>\n<li><strong>Maszyny rolnicze:<\/strong> W maszynach rolniczych, takich jak kombajny i siewniki, si\u0142ownik ramienia steruje ruchem ramion roboczych podczas wykonywania takich zada\u0144, jak siew, nawo\u017cenie i zbi\u00f3r.<\/li>\n<li><strong>G\u00f3rnictwo:<\/strong> W sprz\u0119cie g\u00f3rniczym si\u0142ownik ramienia steruje ruchem ramienia w celach wydobywczych i transportu materia\u0142\u00f3w.<\/li>\n<li><strong>Logistyka i transport:<\/strong> W w\u00f3zkach wid\u0142owych i robotach prze\u0142adunkowych si\u0142ownik ramienia steruje podnoszeniem i ruchem wide\u0142, umo\u017cliwiaj\u0105c przenoszenie i uk\u0142adanie materia\u0142\u00f3w.<\/li>\n<\/ol>\n<h2>Zagadnienia projektowe i kryteria wyboru<\/h2>\n<p>Przy projektowaniu cylindra ramienia bierze si\u0119 pod uwag\u0119 kilka czynnik\u00f3w:<\/p>\n<ul>\n<li><strong>No\u015bno\u015b\u0107:<\/strong> Si\u0142ownik ramienia zaprojektowano tak, aby wytrzymywa\u0142 zamierzone obci\u0105\u017cenie i zapewnia\u0142 niezawodn\u0105 prac\u0119 w r\u00f3\u017cnych warunkach pracy.<\/li>\n<li><strong>Opiecz\u0119towanie:<\/strong> Aby zapewni\u0107 skuteczne uszczelnienie, stosuje si\u0119 r\u00f3\u017cne elementy uszczelniaj\u0105ce, takie jak uszczelnienia t\u0142ok\u00f3w i t\u0142oczysk. Uszczelnienia te wykonane s\u0105 z materia\u0142\u00f3w odpornych na zu\u017cycie, takich jak poliuretan i kauczuk nitrylowy.<\/li>\n<li><strong>Trwa\u0142o\u015b\u0107:<\/strong> Korpus cylindra i gwintowane ko\u0144ce s\u0105 poddawane obr\u00f3bce zwi\u0119kszaj\u0105cej odporno\u015b\u0107 na zu\u017cycie, co gwarantuje d\u0142ugotrwa\u0142\u0105 wydajno\u015b\u0107.<\/li>\n<li><strong>Bezpiecze\u0144stwo:<\/strong> W konstrukcji zastosowano funkcje bezpiecze\u0144stwa, kt\u00f3re zapobiegaj\u0105 wypadkom i gwarantuj\u0105 bezpieczn\u0105 obs\u0142ug\u0119 cylindra ramienia.<\/li>\n<li><strong>Utrzymywalno\u015b\u0107:<\/strong> Projekt uwzgl\u0119dnia \u0142atwo\u015b\u0107 konserwacji i wymiany, co u\u0142atwia regularne kontrole i konserwacj\u0119, a tym samym redukuje przestoje.<\/li>\n<\/ul>\n<p><img decoding=\"async\" src=\"https:\/\/www.hydraulic-cylinders.net\/wp-content\/uploads\/2025\/01\/songte-cylinder-head-with-all-kinds-excavator-models.webp\" alt=\"Obraz g\u0142owicy cylindra\"><\/p>\n<h2>Uszczelnianie i smarowanie<\/h2>\n<p>Si\u0142ownik ramienia wykorzystuje r\u00f3\u017cnorodne elementy uszczelniaj\u0105ce, takie jak uszczelnienia t\u0142oka i t\u0142oczyska, wykonane z materia\u0142\u00f3w odpornych na zu\u017cycie, takich jak poliuretan i kauczuk nitrylowy. Korpus si\u0142ownika i gwintowane ko\u0144c\u00f3wki s\u0105 precyzyjnie obrobione w celu zwi\u0119kszenia odporno\u015bci na zu\u017cycie. Regularne smarowanie odpowiedni\u0105 ilo\u015bci\u0105 oleju hydraulicznego jest niezb\u0119dne do p\u0142ynnej pracy.<\/p>\n<h2>Regularne kontrole i konserwacja zapobiegawcza<\/h2>\n<p>Aby zapewni\u0107 optymaln\u0105 wydajno\u015b\u0107 i wyd\u0142u\u017cy\u0107 \u017cywotno\u015b\u0107 cylindra ramienia, zaleca si\u0119 regularne kontrole i konserwacj\u0119 zapobiegawcz\u0105:<\/p>\n<ul>\n<li>Sprawd\u017a cylinder pod k\u0105tem oznak zu\u017cycia, nieszczelno\u015bci lub uszkodze\u0144.<\/li>\n<li>Sprawd\u017a i wymie\u0144 uszczelki lub inne elementy, je\u015bli to konieczne.<\/li>\n<li>Sprawd\u017a prawid\u0142owe smarowanie i w razie potrzeby uzupe\u0142nij olej hydrauliczny.<\/li>\n<li>Przeprowad\u017a rutynowe czyszczenie w celu usuni\u0119cia wszelkich zabrudze\u0144 i zanieczyszcze\u0144, kt\u00f3re mog\u0105 mie\u0107 wp\u0142yw na dzia\u0142anie cylindra.<\/li>\n<\/ul>\n<p><img decoding=\"async\" src=\"https:\/\/www.hydraulic-cylinders.net\/wp-content\/uploads\/2025\/01\/songte-chushion-collar.webp\" alt=\"Obraz ko\u0142nierza poduszkowego\"><\/p>\n<h2>Instrukcja instalacji produktu<\/h2>\n<p>Aby prawid\u0142owo zamontowa\u0107 cylinder ramienia, nale\u017cy wykona\u0107 nast\u0119puj\u0105ce czynno\u015bci:<\/p>\n<ol>\n<li>Upewnij si\u0119, \u017ce maszyna jest wy\u0142\u0105czona i uk\u0142ad hydrauliczny jest pozbawiony ci\u015bnienia.<\/li>\n<li>Wyjmij stary lub uszkodzony cylinder i przygotuj miejsce instalacji.<\/li>\n<li>W\u0142\u00f3\u017c nowy cylinder ramienia w wyznaczone miejsce monta\u017cu i mocno go dokr\u0119\u0107.<\/li>\n<li>Pod\u0142\u0105cz przewody hydrauliczne i przy\u0142\u0105cza zgodnie z instrukcj\u0105 producenta.<\/li>\n<li>Sprawd\u017a, czy nie ma wyciek\u00f3w i upewnij si\u0119, \u017ce wszystkie po\u0142\u0105czenia s\u0105 dobrze dokr\u0119cone.<\/li>\n<li>Przed wznowieniem normalnej pracy maszyny nale\u017cy sprawdzi\u0107 dzia\u0142anie cylindra ramienia.<\/li>\n<\/ol>\n<p><img decoding=\"async\" src=\"https:\/\/www.hydraulic-cylinders.net\/wp-content\/uploads\/2025\/01\/songte-bushings-with-all-kinds-of-excavator-models.webp\" alt=\"Obraz tulei\"><\/p>\n<h2>Zagadnienia bezpiecze\u0144stwa i czynniki \u015brodowiskowe<\/h2>\n<p>Podczas u\u017cytkowania si\u0142ownika ramienia, priorytetem s\u0105 \u015brodki bezpiecze\u0144stwa. Nale\u017cy podj\u0105\u0107 odpowiednie \u015brodki ostro\u017cno\u015bci, takie jak noszenie odpowiedniego sprz\u0119tu ochronnego oraz przestrzeganie wszystkich stosownych wytycznych i przepis\u00f3w bezpiecze\u0144stwa. Dodatkowo, aby zapewni\u0107 trwa\u0142o\u015b\u0107 i wydajno\u015b\u0107 si\u0142ownika ramienia, nale\u017cy uwzgl\u0119dni\u0107 czynniki \u015brodowiskowe, takie jak temperatura i nara\u017cenie na substancje \u017cr\u0105ce.<\/p>\n<h2>Rozwi\u0105zywanie problem\u00f3w i typowe problemy<\/h2>\n<p>Poni\u017cej przedstawiono kilka typowych technik rozwi\u0105zywania problem\u00f3w i rozwi\u0105za\u0144 potencjalnych problem\u00f3w z cylindrem ramienia:<\/p>\n<ul>\n<li>Je\u015bli cylinder nie wysuwa si\u0119 lub nie chowa, sprawd\u017a, czy nie ma wyciek\u00f3w p\u0142ynu hydraulicznego, nie ma niewystarczaj\u0105cego poziomu p\u0142ynu lub czy przewody hydrauliczne nie s\u0105 zatkane.<\/li>\n<li>Je\u015bli praca cylindra jest powolna lub ospa\u0142a, nale\u017cy sprawdzi\u0107, czy uszczelki nie s\u0105 zu\u017cyte, ci\u015bnienie hydrauliczne jest niskie lub czy elementy wewn\u0119trzne nie s\u0105 uszkodzone.<\/li>\n<li>Je\u017celi podczas pracy cylindra s\u0142ycha\u0107 nadmierny ha\u0142as, nale\u017cy sprawdzi\u0107, czy po\u0142\u0105czenia nie s\u0105 lu\u017ane, poduszki uszkodzone lub cz\u0119\u015bci zu\u017cyte.<\/li>\n<li>Aby zapobiec potencjalnym problemom, nale\u017cy regularnie sprawdza\u0107 i konserwowa\u0107 cylinder ramienia, stosowa\u0107 si\u0119 do w\u0142a\u015bciwych procedur smarowania i bezzw\u0142ocznie reagowa\u0107 na wszelkie nieprawid\u0142owo\u015bci.<\/li>\n<\/ul>\n<p><img decoding=\"async\" src=\"https:\/\/www.hydraulic-cylinders.net\/wp-content\/uploads\/2025\/01\/songte-chushion-collar.webp\" alt=\"Obraz ko\u0142nierza poduszkowego\"><\/p>\n<p><strong>O nas<\/strong><\/p>\n<p>Jeste\u015bmy profesjonalnym producentem zamiennych cylindr\u00f3w hydraulicznych, oferuj\u0105cym szerok\u0105 gam\u0119 produkt\u00f3w. Stali\u015bmy si\u0119 jednym z wiod\u0105cych producent\u00f3w i hurtowych dystrybutor\u00f3w cylindr\u00f3w hydraulicznych na rynku krajowym i mi\u0119dzynarodowym. D\u0105\u017c\u0105c do doskona\u0142o\u015bci, stale podnosimy nasze mo\u017cliwo\u015bci technologiczne i wydajno\u015b\u0107 produkcji dzi\u0119ki zaawansowanym zak\u0142adom produkcyjnym i profesjonalnym systemom testowym. Naszym celem jest zaspokajanie zr\u00f3\u017cnicowanych potrzeb klient\u00f3w, kieruj\u0105c si\u0119 zasadami wydajno\u015bci, dok\u0142adno\u015bci i wysokich standard\u00f3w jako\u015bci.<\/p>\n<p><img decoding=\"async\" src=\"https:\/\/www.hydraulic-cylinders.net\/wp-content\/uploads\/2025\/01\/songte-company-4.webp\" alt=\"Wizerunek firmy\"><br \/>\n<img decoding=\"async\" src=\"https:\/\/www.hydraulic-cylinders.net\/wp-content\/uploads\/2025\/01\/songte-company-3.webp\" alt=\"Wizerunek firmy\"><\/p>\n<p><strong>Autor: lyl<\/strong><\/p>\n<p><\/body><br \/>\n<\/html><\/p>","protected":false},"excerpt":{"rendered":"<p>Arm Cylinder For Aotai AT60E-9 Arm Cylinder For Aotai AT60E-9 Introduction The Arm Cylinder for Aotai AT60E-9 is a specialized hydraulic cylinder designed to provide linear motion and power to the arm of various machinery, such as excavators, cranes, and mechanical arms. The arm cylinder plays a crucial role in hydraulic systems, enabling the efficient [&hellip;]<\/p>","protected":false},"featured_media":14772,"comment_status":"open","ping_status":"closed","template":"","meta":{"_et_pb_use_builder":"","_et_pb_old_content":"","_et_gb_content_width":""},"product_brand":[],"product_cat":[1497],"product_tag":[1498,1496],"class_list":{"0":"post-16842","1":"product","2":"type-product","3":"status-publish","4":"has-post-thumbnail","6":"product_cat-arm-cylinders","7":"product_tag-arm-cylinders","8":"product_tag-hydraulic-cylinders","10":"first","11":"instock","12":"shipping-taxable","13":"product-type-simple"},"amp_enabled":true,"_links":{"self":[{"href":"https:\/\/www.hydraulic-cylinders.net\/pl\/wp-json\/wp\/v2\/product\/16842","targetHints":{"allow":["GET"]}}],"collection":[{"href":"https:\/\/www.hydraulic-cylinders.net\/pl\/wp-json\/wp\/v2\/product"}],"about":[{"href":"https:\/\/www.hydraulic-cylinders.net\/pl\/wp-json\/wp\/v2\/types\/product"}],"replies":[{"embeddable":true,"href":"https:\/\/www.hydraulic-cylinders.net\/pl\/wp-json\/wp\/v2\/comments?post=16842"}],"wp:featuredmedia":[{"embeddable":true,"href":"https:\/\/www.hydraulic-cylinders.net\/pl\/wp-json\/wp\/v2\/media\/14772"}],"wp:attachment":[{"href":"https:\/\/www.hydraulic-cylinders.net\/pl\/wp-json\/wp\/v2\/media?parent=16842"}],"wp:term":[{"taxonomy":"product_brand","embeddable":true,"href":"https:\/\/www.hydraulic-cylinders.net\/pl\/wp-json\/wp\/v2\/product_brand?post=16842"},{"taxonomy":"product_cat","embeddable":true,"href":"https:\/\/www.hydraulic-cylinders.net\/pl\/wp-json\/wp\/v2\/product_cat?post=16842"},{"taxonomy":"product_tag","embeddable":true,"href":"https:\/\/www.hydraulic-cylinders.net\/pl\/wp-json\/wp\/v2\/product_tag?post=16842"}],"curies":[{"name":"wp","href":"https:\/\/api.w.org\/{rel}","templated":true}]}}