{"id":16845,"date":"2025-01-21T05:58:44","date_gmt":"2025-01-21T05:58:44","guid":{"rendered":"https:\/\/www.hydraulic-cylinders.net\/product\/arm-cylinder-for-aotai-at180e-9\/"},"modified":"2025-01-21T05:58:46","modified_gmt":"2025-01-21T05:58:46","slug":"arm-cylinder-for-aotai-at180e-9","status":"publish","type":"product","link":"https:\/\/www.hydraulic-cylinders.net\/pl\/produkt\/arm-cylinder-for-aotai-at180e-9\/","title":{"rendered":"Si\u0142ownik ramienia do Aotai AT180E-9"},"content":{"rendered":"<h2>Si\u0142ownik ramienia do Aotai AT180E-9<\/h2>\n<p>Si\u0142ownik ramienia do Aotai AT180E-9 to specjalnie zaprojektowany si\u0142ownik hydrauliczny, kt\u00f3ry zapewnia ruch liniowy i zasilanie ramienia r\u00f3\u017cnych maszyn, takich jak koparki, d\u017awigi i ramiona robot\u00f3w. Si\u0142ownik ramienia odgrywa kluczow\u0105 rol\u0119 w uk\u0142adach hydraulicznych, umo\u017cliwiaj\u0105c efektywny ruch i sterowanie dodatkowymi narz\u0119dziami lub osprz\u0119tem. Si\u0142owniki te nie tylko zapewniaj\u0105 p\u0142ynny ruch, ale tak\u017ce wytrzymuj\u0105 du\u017ce obci\u0105\u017cenia, gwarantuj\u0105c wydajn\u0105 prac\u0119 i niezawodno\u015b\u0107 maszyn w r\u00f3\u017cnych warunkach pracy.<\/p>\n<p><img decoding=\"async\" src=\"https:\/\/www.hydraulic-cylinders.net\/wp-content\/uploads\/2025\/01\/songte-company-2.webp\"><\/p>\n<h2>Cechy<\/h2>\n<ul>\n<li><strong>Wysoka wydajno\u015b\u0107 transmisji:<\/strong> Si\u0142ownik ramienia zapewnia mocny ruch liniowy i si\u0142\u0119, gwarantuj\u0105c wysok\u0105 wydajno\u015b\u0107 podczas r\u00f3\u017cnych operacji.<\/li>\n<li><strong>Precyzyjna kontrola:<\/strong> Dzi\u0119ki uk\u0142adowi hydraulicznemu si\u0142ownik ramienia umo\u017cliwia precyzyjn\u0105 kontrol\u0119 ruchu, zwi\u0119kszaj\u0105c elastyczno\u015b\u0107 i dok\u0142adno\u015b\u0107 pracy narz\u0119dzia.<\/li>\n<li><strong>Trwa\u0142o\u015b\u0107:<\/strong> Cylindry ramienia s\u0105 zazwyczaj wykonane z materia\u0142\u00f3w o wysokiej wytrzyma\u0142o\u015bci, zapewniaj\u0105cych doskona\u0142\u0105 odporno\u015b\u0107 na zu\u017cycie i korozj\u0119, dzi\u0119ki czemu nadaj\u0105 si\u0119 do d\u0142ugotrwa\u0142ego u\u017cytkowania w trudnych warunkach.<\/li>\n<li><strong>Wielofunkcyjno\u015b\u0107:<\/strong> Cylindry te znajduj\u0105 szerokie zastosowanie w r\u00f3\u017cnych maszynach, m.in. koparkach, d\u017awigach i ramionach robot\u00f3w, kt\u00f3re odpowiadaj\u0105 r\u00f3\u017cnorodnym wymaganiom roboczym.<\/li>\n<li><strong>\u0141atwa konserwacja:<\/strong> Konstrukcja uwzgl\u0119dniaj\u0105ca \u0142atw\u0105 konserwacj\u0119 i wymian\u0119 sprawia, \u017ce \u200b\u200bregularne kontrole i prace konserwacyjne s\u0105 wygodne, a przestoje sprz\u0119tu s\u0105 ograniczone do minimum.<\/li>\n<\/ul>\n<p><img decoding=\"async\" src=\"https:\/\/www.hydraulic-cylinders.net\/wp-content\/uploads\/2025\/01\/songte-oil-pipes-and-spare-parts.webp\"><\/p>\n<h2>Aplikacje<\/h2>\n<p>Si\u0142ownik ramienia znajduje zastosowanie w nast\u0119puj\u0105cych ga\u0142\u0119ziach przemys\u0142u:<\/p>\n<h3>1. In\u017cynieria budowlana<\/h3>\n<p>W koparkach i d\u017awigach si\u0142ownik ramienia steruje ruchem \u0142y\u017cek lub wysi\u0119gnik\u00f3w podczas rob\u00f3t ziemnych, przenoszenia materia\u0142\u00f3w i instalacji konstrukcyjnych.<\/p>\n<h3>2. Produkcja<\/h3>\n<p>W zautomatyzowanych liniach produkcyjnych si\u0142ownik ramienia u\u0142atwia ruch ramion robota podczas monta\u017cu, spawania i obs\u0142ugi materia\u0142\u00f3w, zwi\u0119kszaj\u0105c wydajno\u015b\u0107 i precyzj\u0119 produkcji.<\/p>\n<h3>3. Maszyny rolnicze<\/h3>\n<p>W maszynach rolniczych, takich jak kombajny i siewniki, si\u0142ownik ramienia steruje ruchem ramion roboczych podczas wykonywania takich zada\u0144, jak siew, nawo\u017cenie i zbi\u00f3r.<\/p>\n<h3>4. G\u00f3rnictwo<\/h3>\n<p>W sprz\u0119cie g\u00f3rniczym si\u0142ownik ramienia steruje ruchami ramion maszyn g\u00f3rniczych s\u0142u\u017c\u0105cych do wydobywania i transportu rudy.<\/p>\n<h3>5. Logistyka i transport<\/h3>\n<p>W w\u00f3zkach wid\u0142owych i robotach prze\u0142adunkowych si\u0142ownik ramienia steruje podnoszeniem i ruchem wide\u0142, umo\u017cliwiaj\u0105c przenoszenie i uk\u0142adanie materia\u0142\u00f3w.<\/p>\n<p><img decoding=\"async\" src=\"https:\/\/www.hydraulic-cylinders.net\/wp-content\/uploads\/2025\/01\/songte-cylinder-head-with-all-kinds-excavator-models.webp\"><\/p>\n<h2>Zagadnienia projektowe i kryteria wyboru<\/h2>\n<p>Je\u015bli chodzi o rozwa\u017cania projektowe, kluczow\u0105 rol\u0119 odgrywaj\u0105 no\u015bno\u015b\u0107, uszczelnienie, trwa\u0142o\u015b\u0107, bezpiecze\u0144stwo i \u0142atwo\u015b\u0107 konserwacji cylindra ramienia:<\/p>\n<h3>1. No\u015bno\u015b\u0107<\/h3>\n<p>Si\u0142ownik ramienia powinien by\u0107 zaprojektowany w taki spos\u00f3b, aby wytrzymywa\u0142 konkretne obci\u0105\u017cenia wyst\u0119puj\u0105ce podczas pracy, zapewniaj\u0105c optymaln\u0105 wydajno\u015b\u0107 i bezpiecze\u0144stwo.<\/p>\n<h3>2. Uszczelnienie<\/h3>\n<p>R\u00f3\u017cne elementy uszczelniaj\u0105ce, takie jak uszczelki t\u0142oka i t\u0142oczyska, wykonane z materia\u0142\u00f3w odpornych na zu\u017cycie, takich jak poliuretan i kauczuk nitrylowy, zapewniaj\u0105 skuteczne uszczelnienie. Korpus cylindra i gwintowane ko\u0144c\u00f3wki poddawane s\u0105 starannej obr\u00f3bce powierzchni w celu zwi\u0119kszenia odporno\u015bci na zu\u017cycie.<\/p>\n<h3>3. Trwa\u0142o\u015b\u0107<\/h3>\n<p>Cylinder ramienia jest wykonany z materia\u0142\u00f3w o wysokiej wytrzyma\u0142o\u015bci, aby sprosta\u0107 trudnym warunkom u\u017cytkowania, gwarantuj\u0105c d\u0142ugotrwa\u0142\u0105 wydajno\u015b\u0107 i niezawodno\u015b\u0107.<\/p>\n<h3>4. Bezpiecze\u0144stwo<\/h3>\n<p>Aby chroni\u0107 zar\u00f3wno maszyny, jak i operator\u00f3w, konieczne jest uwzgl\u0119dnienie element\u00f3w bezpiecze\u0144stwa i \u015brodk\u00f3w ostro\u017cno\u015bci, takich jak zawory bezpiecze\u0144stwa i systemy zatrzymania awaryjnego.<\/p>\n<h3>5. Utrzymywalno\u015b\u0107<\/h3>\n<p>Konstrukcja powinna umo\u017cliwia\u0107 \u0142atw\u0105 konserwacj\u0119 i wymian\u0119, co pozwoli na wygodne przeprowadzanie okresowych kontroli i skr\u00f3cenie przestoj\u00f3w sprz\u0119tu.<\/p>\n<p><img decoding=\"async\" src=\"https:\/\/www.hydraulic-cylinders.net\/wp-content\/uploads\/2025\/01\/songte-chushion-collar.webp\"><\/p>\n<h2>Uszczelnianie i smarowanie<\/h2>\n<p>Si\u0142ownik ramienia wykorzystuje r\u00f3\u017cnorodne elementy uszczelniaj\u0105ce, aby zapewni\u0107 efektywne dzia\u0142anie. Nale\u017c\u0105 do nich uszczelnienia t\u0142oka, t\u0142oczyska i inne uszczelnienia wykonane z materia\u0142\u00f3w odpornych na zu\u017cycie, takich jak poliuretan i kauczuk nitrylowy. Korpus cylindra i gwintowane ko\u0144c\u00f3wki poddawane s\u0105 precyzyjnej obr\u00f3bce powierzchni w celu zwi\u0119kszenia odporno\u015bci na zu\u017cycie. Regularne smarowanie odpowiednim olejem hydraulicznym jest niezb\u0119dne dla zapewnienia prawid\u0142owej pracy i trwa\u0142o\u015bci si\u0142ownika.<\/p>\n<h2>Regularne kontrole i konserwacja zapobiegawcza<\/h2>\n<p>Aby utrzyma\u0107 optymaln\u0105 wydajno\u015b\u0107, konieczne s\u0105 regularne kontrole i dzia\u0142ania zapobiegawcze:<\/p>\n<ul>\n<li>Sprawd\u017a cylinder pod k\u0105tem ewentualnych wyciek\u00f3w, uszkodze\u0144 lub zu\u017cycia.<\/li>\n<li>Sprawd\u017a uszczelki i wymie\u0144 je, je\u015bli to konieczne.<\/li>\n<li>Sprawd\u017a prawid\u0142owy poziom p\u0142yn\u00f3w i w razie potrzeby uzupe\u0142nij olej hydrauliczny.<\/li>\n<li>Sprawd\u017a, czy wszystkie po\u0142\u0105czenia i osprz\u0119t s\u0105 bezpieczne.<\/li>\n<li>Wyczy\u015b\u0107 cylinder i otaczaj\u0105ce go obszary, aby zapobiec gromadzeniu si\u0119 zanieczyszcze\u0144.<\/li>\n<\/ul>\n<h2>Instrukcja instalacji produktu<\/h2>\n<p>Aby prawid\u0142owo zamontowa\u0107 cylinder ramienia, nale\u017cy wykona\u0107 nast\u0119puj\u0105ce czynno\u015bci:<\/p>\n<ol>\n<li>Przygotuj miejsce instalacji, upewniaj\u0105c si\u0119, \u017ce jest czyste i wolne od zanieczyszcze\u0144.<\/li>\n<li>Ustaw cylinder prawid\u0142owo, wyr\u00f3wnuj\u0105c go z punktami mocowania.<\/li>\n<li>Dokr\u0119\u0107 \u015bruby mocuj\u0105ce dok\u0142adnie, stosuj\u0105c okre\u015blony moment dokr\u0119cania.<\/li>\n<li>Pod\u0142\u0105cz w\u0119\u017ce lub rury hydrauliczne do odpowiednich port\u00f3w.<\/li>\n<li>Sprawd\u017a, czy nie ma wyciek\u00f3w i upewnij si\u0119, \u017ce wszystkie po\u0142\u0105czenia s\u0105 szczelne.<\/li>\n<\/ol>\n<p><img decoding=\"async\" src=\"https:\/\/www.hydraulic-cylinders.net\/wp-content\/uploads\/2025\/01\/songte-bushings-with-all-kinds-of-excavator-models.webp\"><\/p>\n<h2>Zagadnienia bezpiecze\u0144stwa i czynniki \u015brodowiskowe<\/h2>\n<p>Podczas obs\u0142ugi cylindra ramienia kluczowe jest priorytetowe traktowanie \u015brodk\u00f3w bezpiecze\u0144stwa. Nale\u017c\u0105 do nich:<\/p>\n<ul>\n<li>Przestrzeganie w\u0142a\u015bciwych procedur operacyjnych i wytycznych bezpiecze\u0144stwa.<\/li>\n<li>W razie konieczno\u015bci stosowanie odpowiedniego sprz\u0119tu ochrony osobistej (PPE).<\/li>\n<li>Dbanie o prawid\u0142ow\u0105 konserwacj\u0119 maszyn i ich sprawdzanie pod k\u0105tem bezpiecze\u0144stwa.<\/li>\n<li>Przestrzeganie przepis\u00f3w dotycz\u0105cych ochrony \u015brodowiska i odpowiedzialna utylizacja odpad\u00f3w.<\/li>\n<\/ul>\n<h2>Rozwi\u0105zywanie problem\u00f3w i typowe problemy<\/h2>\n<p>Poni\u017cej przedstawiono kilka typowych wskaz\u00f3wek i rozwi\u0105za\u0144 dotycz\u0105cych rozwi\u0105zywania problem\u00f3w zwi\u0105zanych z cylindrem ramienia:<\/p>\n<ul>\n<li>W przypadku wycieku p\u0142ynu hydraulicznego nale\u017cy sprawdzi\u0107 i wymieni\u0107 uszkodzone uszczelki lub dokr\u0119ci\u0107 po\u0142\u0105czenia.<\/li>\n<li>Je\u015bli wyst\u0119puje nier\u00f3wnomierny lub szarpany ruch, sprawd\u017a, czy przewody hydrauliczne nie s\u0105 zatkane lub ograniczone. W razie konieczno\u015bci wyczy\u015b\u0107 je lub wymie\u0144.<\/li>\n<li>Je\u015bli si\u0142ownik ramienia nie dzia\u0142a zgodnie z oczekiwaniami, nale\u017cy sprawdzi\u0107 ci\u015bnienie i nat\u0119\u017cenie przep\u0142ywu w uk\u0142adzie hydraulicznym \u2013 w razie potrzeby wyregulowa\u0107 je.<\/li>\n<\/ul>\n<p>Wdro\u017cenie \u015brodk\u00f3w zapobiegawczych mo\u017ce zminimalizowa\u0107 potencjalne problemy:<\/p>\n<ul>\n<li>Regularnie sprawdzaj i konserwuj cylinder ramienia oraz uk\u0142ad hydrauliczny.<\/li>\n<li>Post\u0119puj zgodnie z w\u0142a\u015bciwymi procedurami obs\u0142ugi i unikaj przeci\u0105\u017cania cylindra.<\/li>\n<li>Upewnij si\u0119, \u017ce p\u0142yn hydrauliczny jest czysty i ma prawid\u0142owy poziom.<\/li>\n<li>Utrzymuj cylinder i otaczaj\u0105cy go obszar w czysto\u015bci, aby zapobiec uszkodzeniom, jakie mog\u0105 spowodowa\u0107 zanieczyszczenia.<\/li>\n<\/ul>\n<p><img decoding=\"async\" src=\"https:\/\/www.hydraulic-cylinders.net\/wp-content\/uploads\/2025\/01\/songte-chushion-collar.webp\"><\/p>\n<p>Pami\u0119taj, aby artyku\u0142 by\u0142 logicznie uporz\u0105dkowany, u\u017cywaj podtytu\u0142\u00f3w u\u0142atwiaj\u0105cych nawigacj\u0119, dodawaj odpowiednie obrazy i wykresy dla lepszego zrozumienia tekstu oraz zadbaj o przejrzyst\u0105, zwi\u0119z\u0142\u0105 tre\u015b\u0107, dostosowan\u0105 do potrzeb czytelnik\u00f3w o r\u00f3\u017cnym poziomie wiedzy technicznej.<\/p>\n<h2>O nas<\/h2>\n<p>Jeste\u015bmy profesjonalnym producentem zamiennych cylindr\u00f3w hydraulicznych, oferuj\u0105cym szerok\u0105 gam\u0119 produkt\u00f3w. Stali\u015bmy si\u0119 jednym z wiod\u0105cych producent\u00f3w i hurtowych dystrybutor\u00f3w cylindr\u00f3w hydraulicznych na rynku krajowym i mi\u0119dzynarodowym. Kieruj\u0105c si\u0119 zasadami doskona\u0142o\u015bci, stale doskonalimy nasze mo\u017cliwo\u015bci techniczne i wydajno\u015b\u0107 produkcji poprzez doskonale dopracowane warsztaty produkcyjne i strategie zarz\u0105dzania produkcj\u0105 przemys\u0142ow\u0105. Wprowadzaj\u0105c zaawansowany, cyfrowy sprz\u0119t produkcyjny i profesjonalne systemy testowe, optymalizujemy nasz\u0105 platform\u0119 produkcyjn\u0105 i udoskonalamy procesy kontroli jako\u015bci produkt\u00f3w, wykazuj\u0105c si\u0119 wysokim potencja\u0142em innowacyjnym. Naszym celem jest spe\u0142nianie zr\u00f3\u017cnicowanych wymaga\u0144 klient\u00f3w poprzez wysok\u0105 wydajno\u015b\u0107, precyzj\u0119 i jako\u015b\u0107.<\/p>\n<p><img decoding=\"async\" src=\"https:\/\/www.hydraulic-cylinders.net\/wp-content\/uploads\/2025\/01\/songte-company-4.webp\"><br \/>\n<img\n<\/p>","protected":false},"excerpt":{"rendered":"<p>Arm Cylinder For Aotai AT180E-9 The Arm Cylinder for Aotai AT180E-9 is a specially designed hydraulic cylinder that provides linear motion and power to the arm of various machinery, such as excavators, cranes, and robotic arms. The arm cylinder plays a crucial role in hydraulic systems, enabling the effective movement and control of additional tools [&hellip;]<\/p>","protected":false},"featured_media":14763,"comment_status":"open","ping_status":"closed","template":"","meta":{"_et_pb_use_builder":"","_et_pb_old_content":"","_et_gb_content_width":""},"product_brand":[],"product_cat":[1497],"product_tag":[1498,1496],"class_list":{"0":"post-16845","1":"product","2":"type-product","3":"status-publish","4":"has-post-thumbnail","6":"product_cat-arm-cylinders","7":"product_tag-arm-cylinders","8":"product_tag-hydraulic-cylinders","10":"first","11":"instock","12":"shipping-taxable","13":"product-type-simple"},"amp_enabled":true,"_links":{"self":[{"href":"https:\/\/www.hydraulic-cylinders.net\/pl\/wp-json\/wp\/v2\/product\/16845","targetHints":{"allow":["GET"]}}],"collection":[{"href":"https:\/\/www.hydraulic-cylinders.net\/pl\/wp-json\/wp\/v2\/product"}],"about":[{"href":"https:\/\/www.hydraulic-cylinders.net\/pl\/wp-json\/wp\/v2\/types\/product"}],"replies":[{"embeddable":true,"href":"https:\/\/www.hydraulic-cylinders.net\/pl\/wp-json\/wp\/v2\/comments?post=16845"}],"wp:featuredmedia":[{"embeddable":true,"href":"https:\/\/www.hydraulic-cylinders.net\/pl\/wp-json\/wp\/v2\/media\/14763"}],"wp:attachment":[{"href":"https:\/\/www.hydraulic-cylinders.net\/pl\/wp-json\/wp\/v2\/media?parent=16845"}],"wp:term":[{"taxonomy":"product_brand","embeddable":true,"href":"https:\/\/www.hydraulic-cylinders.net\/pl\/wp-json\/wp\/v2\/product_brand?post=16845"},{"taxonomy":"product_cat","embeddable":true,"href":"https:\/\/www.hydraulic-cylinders.net\/pl\/wp-json\/wp\/v2\/product_cat?post=16845"},{"taxonomy":"product_tag","embeddable":true,"href":"https:\/\/www.hydraulic-cylinders.net\/pl\/wp-json\/wp\/v2\/product_tag?post=16845"}],"curies":[{"name":"wp","href":"https:\/\/api.w.org\/{rel}","templated":true}]}}