{"id":16849,"date":"2025-01-21T06:07:55","date_gmt":"2025-01-21T06:07:55","guid":{"rendered":"https:\/\/www.hydraulic-cylinders.net\/product\/arm-cylinder-for-atlas-2306lc\/"},"modified":"2025-01-21T06:07:57","modified_gmt":"2025-01-21T06:07:57","slug":"arm-cylinder-for-atlas-2306lc","status":"publish","type":"product","link":"https:\/\/www.hydraulic-cylinders.net\/pl\/produkt\/arm-cylinder-for-atlas-2306lc\/","title":{"rendered":"Si\u0142ownik ramienia do Atlasa 2306LC"},"content":{"rendered":"<h2>Si\u0142ownik ramienia do Atlasa 2306LC<\/h2>\n<h3>Wst\u0119p<\/h3>\n<p>Si\u0142ownik ramienia to specjalnie zaprojektowany si\u0142ownik hydrauliczny, kt\u00f3ry s\u0142u\u017cy g\u0142\u00f3wnie do zapewnienia ruchu liniowego i zasilania r\u00f3\u017cnych ramion mechanicznych, takich jak koparki, d\u017awigi i ramiona robotyczne. Si\u0142ownik ramienia odgrywa kluczow\u0105 rol\u0119 w uk\u0142adzie hydraulicznym, umo\u017cliwiaj\u0105c efektywne poruszanie si\u0119 i sterowanie dodatkowymi narz\u0119dziami lub osprz\u0119tem. Si\u0142owniki te nie tylko zapewniaj\u0105 p\u0142ynny ruch, ale tak\u017ce wytrzymuj\u0105 du\u017ce obci\u0105\u017cenia, gwarantuj\u0105c wydajn\u0105 prac\u0119 i niezawodno\u015b\u0107 maszyn w r\u00f3\u017cnych warunkach eksploatacyjnych.<\/p>\n<p><img decoding=\"async\" src=\"https:\/\/www.hydraulic-cylinders.net\/wp-content\/uploads\/2025\/01\/songte-company-2.webp\" \/><\/p>\n<h3>Cechy<\/h3>\n<ul>\n<li><b>Efektywne przenoszenie mocy:<\/b> Si\u0142ownik ramienia zapewnia mocny ruch liniowy i si\u0142\u0119, gwarantuj\u0105c wysok\u0105 wydajno\u015b\u0107 i efektywno\u015b\u0107 ramienia mechanicznego podczas r\u00f3\u017cnych operacji.<\/li>\n<li><b>Precyzyjna kontrola:<\/b> Dzi\u0119ki uk\u0142adowi hydraulicznemu si\u0142ownik ramienia mo\u017ce uzyska\u0107 precyzyjn\u0105 kontrol\u0119 ruchu, co sprawia, \u017ce \u200b\u200bobs\u0142uga dodatkowych narz\u0119dzi jest bardziej elastyczna i dok\u0142adna.<\/li>\n<li><b>Wysoka wytrzyma\u0142o\u015b\u0107:<\/b> Cylinder ramienia jest zwykle wykonany z materia\u0142\u00f3w o wysokiej wytrzyma\u0142o\u015bci i charakteryzuje si\u0119 dobr\u0105 odporno\u015bci\u0105 na zu\u017cycie i korozj\u0119, dzi\u0119ki czemu nadaje si\u0119 do d\u0142ugotrwa\u0142ego u\u017cytkowania w trudnych warunkach.<\/li>\n<li><b>Wielofunkcyjna adaptowalno\u015b\u0107:<\/b> Tego typu cylindry mo\u017cna powszechnie stosowa\u0107 w r\u00f3\u017cnych urz\u0105dzeniach mechanicznych, takich jak koparki, d\u017awigi i ramiona robotyczne, dostosowuj\u0105c je do r\u00f3\u017cnych wymaga\u0144 roboczych.<\/li>\n<li><b>\u0141atwa konserwacja:<\/b> Konstrukcja ta jest uwa\u017cana za \u0142atw\u0105 w utrzymaniu i wymianie, co sprawia, \u017ce \u200b\u200bregularne kontrole i konserwacja s\u0105 wygodniejsze, a przestoje sprz\u0119tu s\u0105 kr\u00f3tsze.<\/li>\n<\/ul>\n<p><img decoding=\"async\" src=\"https:\/\/www.hydraulic-cylinders.net\/wp-content\/uploads\/2025\/01\/songte-oil-pipes-and-spare-parts.webp\" \/><\/p>\n<h3>Aplikacje<\/h3>\n<p>Si\u0142ownik ramienia jest powszechnie stosowany w r\u00f3\u017cnych ga\u0142\u0119ziach przemys\u0142u, w tym:<\/p>\n<ul>\n<li><b>Budowa:<\/b> W koparkach i d\u017awigach si\u0142ownik ramienia s\u0142u\u017cy do sterowania ruchem \u0142y\u017cki lub wysi\u0119gnika podczas rob\u00f3t ziemnych, przenoszenia materia\u0142\u00f3w i instalacji konstrukcyjnych.<\/li>\n<li><b>Produkcja:<\/b> W zautomatyzowanych liniach produkcyjnych si\u0142ownik ramienia jest wykorzystywany do poruszania ramionami robota podczas proces\u00f3w monta\u017cu, spawania i obs\u0142ugi, co zwi\u0119ksza wydajno\u015b\u0107 i dok\u0142adno\u015b\u0107 produkcji.<\/li>\n<li><b>Maszyny rolnicze:<\/b> W maszynach rolniczych, takich jak kombajny i sadzarki, si\u0142ownik ramienia steruje ruchem ramienia roboczego, wykonuj\u0105cego takie zadania, jak siew, nawo\u017cenie i zbi\u00f3r.<\/li>\n<li><b>G\u00f3rnictwo:<\/b> W sprz\u0119cie g\u00f3rniczym si\u0142ownik ramienia s\u0142u\u017cy do sterowania ruchem ramienia sprz\u0119tu g\u00f3rniczego wykorzystywanego do wydobywania i transportu rudy.<\/li>\n<li><b>Logistyka i transport:<\/b> W w\u00f3zkach wid\u0142owych i robotach prze\u0142adunkowych si\u0142ownik ramienia s\u0142u\u017cy do sterowania podnoszeniem i ruchem wide\u0142 \u0142adunkowych, co umo\u017cliwia obs\u0142ug\u0119 i uk\u0142adanie materia\u0142\u00f3w.<\/li>\n<\/ul>\n<h3>Zagadnienia projektowe i kryteria wyboru<\/h3>\n<p>Bior\u0105c pod uwag\u0119 rozwa\u017cania projektowe, do najwa\u017cniejszych czynnik\u00f3w wp\u0142ywaj\u0105cych na si\u0142ownik ramienia nale\u017c\u0105:<\/p>\n<ul>\n<li><b>No\u015bno\u015b\u0107:<\/b> Si\u0142ownik ramienia powinien by\u0107 w stanie ud\u017awign\u0105\u0107 maksymalny ud\u017awig maszyny.<\/li>\n<li><b>Opiecz\u0119towanie:<\/b> Cylinder powinien by\u0107 odpowiednio uszczelniony, aby zapobiec wyciekaniu p\u0142ynu hydraulicznego.<\/li>\n<li><b>Trwa\u0142o\u015b\u0107:<\/b> Cylinder powinien by\u0107 wykonany z materia\u0142\u00f3w odpornych na zu\u017cycie i korozj\u0119, aby zapewni\u0107 d\u0142ugotrwa\u0142e u\u017cytkowanie.<\/li>\n<li><b>Bezpiecze\u0144stwo:<\/b> Aby mie\u0107 pewno\u015b\u0107, \u017ce cylinder b\u0119dzie dzia\u0142a\u0142 bezpiecznie, konstrukcja powinna zawiera\u0107 odpowiednie zabezpieczenia.<\/li>\n<li><b>Utrzymywalno\u015b\u0107:<\/b> Cylinder powinien by\u0107 zaprojektowany w spos\u00f3b umo\u017cliwiaj\u0105cy \u0142atw\u0105 konserwacj\u0119 i wymian\u0119 cz\u0119\u015bci, co skr\u00f3ci czas przestoju.<\/li>\n<\/ul>\n<p><img decoding=\"async\" src=\"https:\/\/www.hydraulic-cylinders.net\/wp-content\/uploads\/2025\/01\/songte-cylinder-head-with-all-kinds-excavator-models.webp\" \/><\/p>\n<h3>Uszczelnianie i smarowanie<\/h3>\n<p>Si\u0142ownik ramienia powinien by\u0107 wyposa\u017cony w r\u00f3\u017cnorodne elementy uszczelniaj\u0105ce, takie jak uszczelnienia t\u0142oka i t\u0142oczyska, wykonane z materia\u0142\u00f3w odpornych na zu\u017cycie, takich jak poliuretan i kauczuk nitrylowy. Korpus cylindra i powierzchnie ko\u0144cowe gwintu powinny zosta\u0107 poddane precyzyjnej obr\u00f3bce w celu zwi\u0119kszenia odporno\u015bci na zu\u017cycie. Do cylindra nale\u017cy regularnie dolewa\u0107 odpowiedniego oleju hydraulicznego w celu zapewnienia smarowania.<\/p>\n<h3>Konserwacja i \u015brodki zapobiegawcze<\/h3>\n<ul>\n<li><b>Regularne kontrole:<\/b> Nale\u017cy przeprowadza\u0107 regularne kontrole w celu sprawdzenia, czy w cylindrze nie ma uszkodze\u0144, korozji lub nieszczelno\u015bci.<\/li>\n<li><b>Konserwacja zapobiegawcza:<\/b> Nale\u017cy wykonywa\u0107 regularn\u0105 konserwacj\u0119 w celu wymiany zu\u017cytych cz\u0119\u015bci i zapobiegania potencjalnym problemom.<\/li>\n<li><b>Prawid\u0142owe przechowywanie:<\/b> Aby zapobiec uszkodzeniom lub korozji, butl\u0119 nale\u017cy przechowywa\u0107 w odpowiednich warunkach, np. w suchym i czystym miejscu.<\/li>\n<\/ul>\n<h3>Przewodnik instalacji<\/h3>\n<p>Poni\u017cej przedstawiono kroki instalacji cylindra ramienia:<\/p>\n<ol>\n<li>Upewnij si\u0119, \u017ce powierzchnia monta\u017cowa jest czysta i wolna od zanieczyszcze\u0144.<\/li>\n<li>Wyr\u00f3wnaj cylinder z powierzchni\u0105 monta\u017cow\u0105 i zabezpiecz go na miejscu.<\/li>\n<li>Pod\u0142\u0105cz przewody hydrauliczne do cylindra.<\/li>\n<li>Dodaj p\u0142yn hydrauliczny do uk\u0142adu.<\/li>\n<li>Przed uruchomieniem nale\u017cy wykona\u0107 pr\u00f3b\u0119 ci\u015bnieniow\u0105 uk\u0142adu.<\/li>\n<\/ol>\n<p><img decoding=\"async\" src=\"https:\/\/www.hydraulic-cylinders.net\/wp-content\/uploads\/2025\/01\/songte-bushings-with-all-kinds-of-excavator-models.webp\" \/><\/p>\n<h3>Zagadnienia bezpiecze\u0144stwa i czynniki \u015brodowiskowe<\/h3>\n<p>Podczas korzystania z si\u0142ownika ramienia nale\u017cy zachowa\u0107 odpowiednie \u015brodki bezpiecze\u0144stwa, aby zapobiec wypadkom, takie jak noszenie sprz\u0119tu ochronnego i przestrzeganie w\u0142a\u015bciwych procedur obs\u0142ugi. Nale\u017cy r\u00f3wnie\u017c uwzgl\u0119dni\u0107 czynniki \u015brodowiskowe, takie jak temperatura i wilgotno\u015b\u0107, aby zapewni\u0107 wydajne i bezpieczne dzia\u0142anie si\u0142ownika.<\/p>\n<h3>Rozwi\u0105zywanie problem\u00f3w i typowe problemy<\/h3>\n<p>Do typowych problem\u00f3w z si\u0142ownikiem ramienia nale\u017c\u0105: nieszczelno\u015b\u0107, niedostateczna moc i powolny ruch. Aby rozwi\u0105za\u0107 te problemy, nale\u017cy przeprowadzi\u0107 odpowiedni\u0105 kontrol\u0119 i testy w celu zidentyfikowania pierwotnej przyczyny. Do \u015brodk\u00f3w zapobiegawczych nale\u017c\u0105: regularna konserwacja, stosowanie odpowiedniego p\u0142ynu hydraulicznego oraz prawid\u0142owe przechowywanie.<\/p>\n<p><img decoding=\"async\" src=\"https:\/\/www.hydraulic-cylinders.net\/wp-content\/uploads\/2025\/01\/songte-chushion-collar.webp\" \/><\/p>\n<h3>O nas<\/h3>\n<p>Jeste\u015bmy profesjonalnym producentem zamiennych cylindr\u00f3w hydraulicznych, oferuj\u0105cym szerok\u0105 gam\u0119 produkt\u00f3w i staj\u0105c si\u0119 jednym z wiod\u0105cych producent\u00f3w i dystrybutor\u00f3w hurtowych cylindr\u00f3w hydraulicznych na rynku krajowym i mi\u0119dzynarodowym. Zawsze przestrzegamy zasady doskona\u0142ej jako\u015bci, opieraj\u0105c si\u0119 na strategii zarz\u0105dzania produkcj\u0105 przemys\u0142ow\u0105 w precyzyjnych warsztatach produkcyjnych, stale podnosz\u0105c poziom techniczny i wydajno\u015b\u0107 produkcji. Wprowadzaj\u0105c zaawansowany cyfrowy sprz\u0119t produkcyjny i profesjonalne systemy testowe, stale optymalizujemy nasz\u0105 platform\u0119 produkcyjn\u0105, usprawniamy proces kontroli jako\u015bci produkt\u00f3w i dysponujemy silnymi mo\u017cliwo\u015bciami innowacyjnymi. Naszym celem jest zaspokojenie zr\u00f3\u017cnicowanych potrzeb klient\u00f3w poprzez wysok\u0105 wydajno\u015b\u0107, dok\u0142adno\u015b\u0107 i jako\u015b\u0107.<\/p>\n<p><img decoding=\"async\" src=\"https:\/\/www.hydraulic-cylinders.net\/wp-content\/uploads\/2025\/01\/songte-company-4.webp\" \/><\/p>\n<h3>Nasze Specjalizacje<\/h3>\n<ul>\n<li><b>Profesjonalizm:<\/b> Nasz zesp\u00f3\u0142 sk\u0142ada si\u0119 z profesjonalist\u00f3w posiadaj\u0105cych du\u017ce do\u015bwiadczenie w produkcji i projektowaniu cylindr\u00f3w hydraulicznych.<\/li>\n<li><b>Certyfikacja mi\u0119dzynarodowa:<\/b> Posiadamy szereg mi\u0119dzynarodowych certyfikat\u00f3w, takich jak ISO9001, CE i SGS.<\/li>\n<li><b>Personalizacja:<\/b> Dostarczamy rozwi\u0105zania w zakresie si\u0142ownik\u00f3w hydraulicznych dostosowane do indywidualnych potrzeb klient\u00f3w.<\/li>\n<li><b>Sprz\u0119t produkcyjny:<\/b> Dysponujemy zaawansowanym sprz\u0119tem do produkcji cyfrowej i profesjonalnymi systemami testowymi.<\/li>\n<li><b>Serwis posprzeda\u017cowy:<\/b> Zapewniamy terminow\u0105 i skuteczn\u0105 obs\u0142ug\u0119 posprzeda\u017cow\u0105, aby zagwarantowa\u0107 satysfakcj\u0119 klienta.<\/li>\n<\/ul>\n<p><img decoding=\"async\" src=\"https:\/\/www.hydraulic-cylinders.net\/wp-content\/uploads\/2025\/01\/songte-company-3.webp\" \/><\/p>\n<p>Autor: lyl.<\/p>","protected":false},"excerpt":{"rendered":"<p>Arm Cylinder For Atlas 2306LC Introduction The arm cylinder is a specially designed hydraulic cylinder that is mainly used to provide linear motion and power for various mechanical arms, such as excavators, cranes and robotic arms. The arm cylinder plays a key role in the hydraulic system, allowing additional tools or attachments to move and [&hellip;]<\/p>","protected":false},"featured_media":14783,"comment_status":"open","ping_status":"closed","template":"","meta":{"_et_pb_use_builder":"","_et_pb_old_content":"","_et_gb_content_width":""},"product_brand":[],"product_cat":[1497],"product_tag":[1498,1496],"class_list":{"0":"post-16849","1":"product","2":"type-product","3":"status-publish","4":"has-post-thumbnail","6":"product_cat-arm-cylinders","7":"product_tag-arm-cylinders","8":"product_tag-hydraulic-cylinders","10":"first","11":"instock","12":"shipping-taxable","13":"product-type-simple"},"amp_enabled":true,"_links":{"self":[{"href":"https:\/\/www.hydraulic-cylinders.net\/pl\/wp-json\/wp\/v2\/product\/16849","targetHints":{"allow":["GET"]}}],"collection":[{"href":"https:\/\/www.hydraulic-cylinders.net\/pl\/wp-json\/wp\/v2\/product"}],"about":[{"href":"https:\/\/www.hydraulic-cylinders.net\/pl\/wp-json\/wp\/v2\/types\/product"}],"replies":[{"embeddable":true,"href":"https:\/\/www.hydraulic-cylinders.net\/pl\/wp-json\/wp\/v2\/comments?post=16849"}],"wp:featuredmedia":[{"embeddable":true,"href":"https:\/\/www.hydraulic-cylinders.net\/pl\/wp-json\/wp\/v2\/media\/14783"}],"wp:attachment":[{"href":"https:\/\/www.hydraulic-cylinders.net\/pl\/wp-json\/wp\/v2\/media?parent=16849"}],"wp:term":[{"taxonomy":"product_brand","embeddable":true,"href":"https:\/\/www.hydraulic-cylinders.net\/pl\/wp-json\/wp\/v2\/product_brand?post=16849"},{"taxonomy":"product_cat","embeddable":true,"href":"https:\/\/www.hydraulic-cylinders.net\/pl\/wp-json\/wp\/v2\/product_cat?post=16849"},{"taxonomy":"product_tag","embeddable":true,"href":"https:\/\/www.hydraulic-cylinders.net\/pl\/wp-json\/wp\/v2\/product_tag?post=16849"}],"curies":[{"name":"wp","href":"https:\/\/api.w.org\/{rel}","templated":true}]}}