{"id":16851,"date":"2025-01-21T06:08:03","date_gmt":"2025-01-21T06:08:03","guid":{"rendered":"https:\/\/www.hydraulic-cylinders.net\/product\/arm-cylinder-for-atlas-7008lc\/"},"modified":"2025-01-21T06:08:05","modified_gmt":"2025-01-21T06:08:05","slug":"arm-cylinder-for-atlas-7008lc","status":"publish","type":"product","link":"https:\/\/www.hydraulic-cylinders.net\/pl\/produkt\/arm-cylinder-for-atlas-7008lc\/","title":{"rendered":"Si\u0142ownik ramienia do Atlasa 7008LC"},"content":{"rendered":"<h2>Si\u0142ownik ramienia do Atlasa 7008LC<\/h2>\n<h3>Wst\u0119p<\/h3>\n<p>Si\u0142ownik ramienia to specjalnie zaprojektowany si\u0142ownik hydrauliczny, u\u017cywany g\u0142\u00f3wnie do zapewnienia ruchu liniowego i zasilania ramion r\u00f3\u017cnego rodzaju maszyn, takich jak koparki, d\u017awigi i ramiona robot\u00f3w. Si\u0142owniki ramienia odgrywaj\u0105 kluczow\u0105 rol\u0119 w uk\u0142adach hydraulicznych, umo\u017cliwiaj\u0105c efektywny ruch i sterowanie dodatkowymi narz\u0119dziami lub osprz\u0119tem. Si\u0142owniki te nie tylko zapewniaj\u0105 p\u0142ynny ruch, ale tak\u017ce wytrzymuj\u0105 du\u017ce obci\u0105\u017cenia, gwarantuj\u0105c wydajn\u0105 prac\u0119 i niezawodno\u015b\u0107 maszyn w r\u00f3\u017cnych warunkach eksploatacyjnych.<\/p>\n<p><img decoding=\"async\" src=\"https:\/\/www.hydraulic-cylinders.net\/wp-content\/uploads\/2025\/01\/songte-company-2.webp\"><\/p>\n<h3>Cechy produktu<\/h3>\n<ul>\n<li>Wydajne przenoszenie mocy: Cylindry ramienia zapewniaj\u0105 mocny ruch liniowy i si\u0142\u0119, gwarantuj\u0105c wysok\u0105 wydajno\u015b\u0107 ramienia mechanicznego podczas r\u00f3\u017cnych operacji.<\/li>\n<li>Precyzyjna kontrola: Dzi\u0119ki uk\u0142adowi hydraulicznemu si\u0142owniki ramion mog\u0105 uzyska\u0107 precyzyjn\u0105 kontrol\u0119 ruchu, co sprawia, \u017ce \u200b\u200bobs\u0142uga dodatkowych narz\u0119dzi jest bardziej elastyczna i dok\u0142adna.<\/li>\n<li>Wysoka trwa\u0142o\u015b\u0107: Cylindry ramienia s\u0105 zwykle wykonane z materia\u0142\u00f3w o wysokiej wytrzyma\u0142o\u015bci, charakteryzuj\u0105cych si\u0119 dobr\u0105 odporno\u015bci\u0105 na zu\u017cycie i korozj\u0119, dzi\u0119ki czemu nadaj\u0105 si\u0119 do d\u0142ugotrwa\u0142ego u\u017cytkowania w trudnych warunkach.<\/li>\n<li>Wielofunkcyjna adaptacja: Te cylindry mo\u017cna szeroko stosowa\u0107 w r\u00f3\u017cnych urz\u0105dzeniach mechanicznych, takich jak koparki, d\u017awigi i ramiona robotyczne, dostosowuj\u0105c je do r\u00f3\u017cnych wymaga\u0144 roboczych.<\/li>\n<li>\u0141atwa konserwacja: Zaprojektowane z my\u015bl\u0105 o \u0142atwej konserwacji i wymianie, si\u0142owniki ramienia u\u0142atwiaj\u0105 regularne kontrole i konserwacj\u0119, redukuj\u0105c przestoje sprz\u0119tu.<\/li>\n<\/ul>\n<p>Jeste\u015bmy w stanie wyprodukowa\u0107 ten produkt i nasze produkty mog\u0105 doskonale zast\u0105pi\u0107 te cylindry hydrauliczne.<\/p>\n<p><img decoding=\"async\" src=\"https:\/\/www.hydraulic-cylinders.net\/wp-content\/uploads\/2025\/01\/songte-oil-pipes-and-spare-parts.webp\"><\/p>\n<h3>Scenariusze zastosowa\u0144<\/h3>\n<p>Cylindry ramieniowe s\u0105 stosowane w r\u00f3\u017cnych ga\u0142\u0119ziach przemys\u0142u, w tym:<\/p>\n<ul>\n<li>Budownictwo: W koparkach i d\u017awigach si\u0142owniki ramieniowe s\u0142u\u017c\u0105 do sterowania ruchem \u0142y\u017cek lub wysi\u0119gnik\u00f3w podczas rob\u00f3t ziemnych, przenoszenia materia\u0142\u00f3w i instalacji konstrukcyjnych.<\/li>\n<li>Produkcja: W zautomatyzowanych liniach produkcyjnych cylindry ramieniowe s\u0142u\u017c\u0105 do poruszania ramionami robot\u00f3w podczas monta\u017cu, spawania i obs\u0142ugi, co zwi\u0119ksza wydajno\u015b\u0107 i dok\u0142adno\u015b\u0107 produkcji.<\/li>\n<li>Maszyny rolnicze: W maszynach rolniczych, takich jak kombajny i sadzarki, si\u0142owniki ramion steruj\u0105 ruchem ramion roboczych i wykonuj\u0105 zadania takie jak sadzenie, nawo\u017cenie i zbi\u00f3r.<\/li>\n<li>G\u00f3rnictwo: W sprz\u0119cie g\u00f3rniczym cylindry ramionowe s\u0142u\u017c\u0105 do sterowania ruchem ramion sprz\u0119tu g\u00f3rniczego wykorzystywanego w g\u00f3rnictwie i transporcie materia\u0142\u00f3w.<\/li>\n<li>Logistyka i transport: W w\u00f3zkach wid\u0142owych i robotach prze\u0142adunkowych si\u0142owniki ramion s\u0142u\u017c\u0105 do sterowania podnoszeniem i ruchem wide\u0142 w celu transportu i uk\u0142adania materia\u0142\u00f3w.<\/li>\n<\/ul>\n<h3>Zagadnienia projektowe i standardy wyboru<\/h3>\n<p>Przy projektowaniu cylindr\u00f3w ramieniowych bierze si\u0119 pod uwag\u0119 szereg czynnik\u00f3w, w tym:<\/p>\n<ul>\n<li>No\u015bno\u015b\u0107: Cylinder powinien by\u0107 zaprojektowany tak, aby wytrzymywa\u0142 du\u017ce obci\u0105\u017cenia i si\u0142y.<\/li>\n<li>Uszczelnienie: Aby zagwarantowa\u0107 skuteczne i niezawodne uszczelnienie, nale\u017cy stosowa\u0107 r\u00f3\u017cne elementy uszczelniaj\u0105ce, takie jak uszczelki t\u0142okowe i uszczelki t\u0142oczyskowe.<\/li>\n<li>Trwa\u0142o\u015b\u0107: Cylindry ramienia powinny by\u0107 wykonane z materia\u0142\u00f3w o wysokiej wytrzyma\u0142o\u015bci i poddane obr\u00f3bce powierzchniowej w celu zwi\u0119kszenia odporno\u015bci na zu\u017cycie i korozj\u0119.<\/li>\n<li>Bezpiecze\u0144stwo: Konstrukcja cylindr\u00f3w ramienia powinna uwzgl\u0119dnia\u0107 takie czynniki bezpiecze\u0144stwa, jak zabezpieczenie przeci\u0105\u017ceniowe i zawory bezpiecze\u0144stwa.<\/li>\n<li>\u0141atwo\u015b\u0107 konserwacji: Cylindry ramienia powinny by\u0107 zaprojektowane w spos\u00f3b umo\u017cliwiaj\u0105cy \u0142atw\u0105 konserwacj\u0119 i wymian\u0119 cz\u0119\u015bci, aby ograniczy\u0107 przestoje sprz\u0119tu.<\/li>\n<\/ul>\n<p><img decoding=\"async\" src=\"https:\/\/www.hydraulic-cylinders.net\/wp-content\/uploads\/2025\/01\/songte-cylinder-head-with-all-kinds-excavator-models.webp\"><\/p>\n<h3>Uszczelnianie i smarowanie<\/h3>\n<p>W si\u0142ownikach ramieniowych stosowane s\u0105 r\u00f3\u017cne elementy uszczelniaj\u0105ce, takie jak uszczelnienia t\u0142oczysk i t\u0142oczysk, wykonane z materia\u0142\u00f3w odpornych na zu\u017cycie, takich jak poliuretan i kauczuk nitrylowy. Korpus si\u0142ownika i gwintowana powierzchnia ko\u0144cowa s\u0105 poddawane precyzyjnej obr\u00f3bce w celu zwi\u0119kszenia odporno\u015bci na zu\u017cycie. Regularne uzupe\u0142nianie odpowiedniego oleju hydraulicznego jest niezb\u0119dne do smarowania i utrzymania wydajnej pracy si\u0142ownika.<\/p>\n<h3>Konserwacja i \u015brodki zapobiegawcze<\/h3>\n<ul>\n<li>Aby zapewni\u0107 optymaln\u0105 wydajno\u015b\u0107 i d\u0142u\u017csz\u0105 \u017cywotno\u015b\u0107 si\u0142ownik\u00f3w ramienia, zaleca si\u0119 regularne kontrole i konserwacj\u0119.<\/li>\n<li>\u015arodki zapobiegawcze, takie jak utrzymywanie uk\u0142adu hydraulicznego w czysto\u015bci i szybka wymiana uszkodzonych cz\u0119\u015bci, mog\u0105 pom\u00f3c zminimalizowa\u0107 potencjalne problemy.<\/li>\n<\/ul>\n<h3>Instrukcja instalacji produktu<\/h3>\n<p>Przed monta\u017cem zaleca si\u0119 oczyszczenie powierzchni monta\u017cowej i upewnienie si\u0119, \u017ce uk\u0142ad hydrauliczny jest wolny od zanieczyszcze\u0144. Nast\u0119pnie nale\u017cy wyr\u00f3wna\u0107 otwory monta\u017cowe i dokr\u0119ci\u0107 \u015bruby zgodnie z zalecanym momentem obrotowym. Na koniec nale\u017cy sprawdzi\u0107 dzia\u0142anie si\u0142ownika, aby upewni\u0107 si\u0119, \u017ce monta\u017c jest prawid\u0142owy.<\/p>\n<p><img decoding=\"async\" src=\"https:\/\/www.hydraulic-cylinders.net\/wp-content\/uploads\/2025\/01\/songte-bushings-with-all-kinds-of-excavator-models.webp\"><\/p>\n<h3>Zagadnienia bezpiecze\u0144stwa i czynniki \u015brodowiskowe<\/h3>\n<p>Podczas korzystania z si\u0142ownik\u00f3w ramieniowych nale\u017cy bezwzgl\u0119dnie przestrzega\u0107 procedur bezpiecze\u0144stwa, takich jak zapewnienie stabilno\u015bci i bezpiecze\u0144stwa sprz\u0119tu podczas pracy. Czynniki \u015brodowiskowe, takie jak temperatura i wilgotno\u015b\u0107, mog\u0105 wp\u0142ywa\u0107 na dzia\u0142anie si\u0142ownik\u00f3w ramieniowych, dlatego przy wyborze i u\u017cytkowaniu si\u0142ownik\u00f3w ramieniowych nale\u017cy uwzgl\u0119dni\u0107 warunki otoczenia.<\/p>\n<h3>Rozwi\u0105zywanie problem\u00f3w i typowe problemy<\/h3>\n<p>Typowe problemy z si\u0142ownikami ramienia to nieszczelno\u015b\u0107, niedostateczna moc i nietypowy ha\u0142as. Aby zdiagnozowa\u0107 i rozwi\u0105za\u0107 te problemy, mo\u017cna przeprowadzi\u0107 kontrol\u0119 wizualn\u0105, sprawdzi\u0107 uk\u0142ad hydrauliczny i w razie potrzeby wymieni\u0107 uszkodzone cz\u0119\u015bci. Regularna konserwacja i przegl\u0105dy mog\u0105 pom\u00f3c w zapobieganiu tym problemom.<\/p>\n<p><img decoding=\"async\" src=\"https:\/\/www.hydraulic-cylinders.net\/wp-content\/uploads\/2025\/01\/songte-chushion-collar.webp\"><\/p>\n<h3>O nas<\/h3>\n<p>Jeste\u015bmy profesjonalnym producentem zamiennych cylindr\u00f3w hydraulicznych i stali\u015bmy si\u0119 jednym z wiod\u0105cych producent\u00f3w oraz hurtowych dystrybutor\u00f3w cylindr\u00f3w hydraulicznych w kraju i za granic\u0105. Zawsze przestrzegamy zasady doskona\u0142ej jako\u015bci i opieramy si\u0119 na strategii zarz\u0105dzania produkcj\u0105 przemys\u0142owej w nowoczesnym zak\u0142adzie produkcyjnym, aby stale podnosi\u0107 poziom techniczny i wydajno\u015b\u0107 produkcji. Dzi\u0119ki wysokiej wydajno\u015bci, precyzji i zasadom wysokiej jako\u015bci, d\u0105\u017cymy do zaspokojenia zr\u00f3\u017cnicowanych potrzeb klient\u00f3w.<\/p>\n<p>Oferujemy profesjonalne, zindywidualizowane us\u0142ugi, a nasz sprz\u0119t produkcyjny jest zaawansowany i posiada mi\u0119dzynarodowe certyfikaty. Naszym celem jest dostarczanie klientom wysokiej jako\u015bci produkt\u00f3w i doskona\u0142ej obs\u0142ugi posprzeda\u017cowej.<\/p>\n<p><img decoding=\"async\" src=\"https:\/\/www.hydraulic-cylinders.net\/wp-content\/uploads\/2025\/01\/songte-company-4.webp\"><\/p>\n<p><img decoding=\"async\" src=\"https:\/\/www.hydraulic-cylinders.net\/wp-content\/uploads\/2025\/01\/songte-company-3.webp\"><\/p>\n<p>Autor: lyl<\/p>","protected":false},"excerpt":{"rendered":"<p>Arm Cylinder For Atlas 7008LC Introduction An arm cylinder is a specially designed hydraulic cylinder primarily used to provide linear motion and power to the arms of various types of machinery such as excavators, cranes, and robotic arms. Arm cylinders play a critical role in hydraulic systems, enabling the effective movement and control of additional [&hellip;]<\/p>","protected":false},"featured_media":14777,"comment_status":"open","ping_status":"closed","template":"","meta":{"_et_pb_use_builder":"","_et_pb_old_content":"","_et_gb_content_width":""},"product_brand":[],"product_cat":[1497],"product_tag":[1498,1496],"class_list":{"0":"post-16851","1":"product","2":"type-product","3":"status-publish","4":"has-post-thumbnail","6":"product_cat-arm-cylinders","7":"product_tag-arm-cylinders","8":"product_tag-hydraulic-cylinders","10":"first","11":"instock","12":"shipping-taxable","13":"product-type-simple"},"amp_enabled":true,"_links":{"self":[{"href":"https:\/\/www.hydraulic-cylinders.net\/pl\/wp-json\/wp\/v2\/product\/16851","targetHints":{"allow":["GET"]}}],"collection":[{"href":"https:\/\/www.hydraulic-cylinders.net\/pl\/wp-json\/wp\/v2\/product"}],"about":[{"href":"https:\/\/www.hydraulic-cylinders.net\/pl\/wp-json\/wp\/v2\/types\/product"}],"replies":[{"embeddable":true,"href":"https:\/\/www.hydraulic-cylinders.net\/pl\/wp-json\/wp\/v2\/comments?post=16851"}],"wp:featuredmedia":[{"embeddable":true,"href":"https:\/\/www.hydraulic-cylinders.net\/pl\/wp-json\/wp\/v2\/media\/14777"}],"wp:attachment":[{"href":"https:\/\/www.hydraulic-cylinders.net\/pl\/wp-json\/wp\/v2\/media?parent=16851"}],"wp:term":[{"taxonomy":"product_brand","embeddable":true,"href":"https:\/\/www.hydraulic-cylinders.net\/pl\/wp-json\/wp\/v2\/product_brand?post=16851"},{"taxonomy":"product_cat","embeddable":true,"href":"https:\/\/www.hydraulic-cylinders.net\/pl\/wp-json\/wp\/v2\/product_cat?post=16851"},{"taxonomy":"product_tag","embeddable":true,"href":"https:\/\/www.hydraulic-cylinders.net\/pl\/wp-json\/wp\/v2\/product_tag?post=16851"}],"curies":[{"name":"wp","href":"https:\/\/api.w.org\/{rel}","templated":true}]}}