{"id":16852,"date":"2025-01-21T06:08:07","date_gmt":"2025-01-21T06:08:07","guid":{"rendered":"https:\/\/www.hydraulic-cylinders.net\/product\/arm-cylinder-for-atlas-7808lc\/"},"modified":"2025-01-21T06:08:09","modified_gmt":"2025-01-21T06:08:09","slug":"arm-cylinder-for-atlas-7808lc","status":"publish","type":"product","link":"https:\/\/www.hydraulic-cylinders.net\/pl\/produkt\/arm-cylinder-for-atlas-7808lc\/","title":{"rendered":"Si\u0142ownik ramienia do Atlasa 7808LC"},"content":{"rendered":"<p>Si\u0142ownik ramienia do Atlasa 7808LC<\/p>\n<p>Si\u0142ownik ramienia to specjalnie zaprojektowany si\u0142ownik hydrauliczny, kt\u00f3ry zapewnia ruch liniowy i zasilanie ramion r\u00f3\u017cnych maszyn, takich jak koparki, d\u017awigi i ramiona mechaniczne. Si\u0142ownik ramienia odgrywa kluczow\u0105 rol\u0119 w uk\u0142adzie hydraulicznym, umo\u017cliwiaj\u0105c ruch i efektywne sterowanie do\u0142\u0105czonymi narz\u0119dziami lub osprz\u0119tem. Si\u0142owniki te nie tylko zapewniaj\u0105 p\u0142ynny ruch, ale tak\u017ce wytrzymuj\u0105 du\u017ce obci\u0105\u017cenia, gwarantuj\u0105c wydajn\u0105 prac\u0119 i niezawodno\u015b\u0107 maszyn w r\u00f3\u017cnych warunkach pracy.<\/p>\n<p>Cechy:<br \/>\n1. Wysokowydajna przek\u0142adnia: cylinder ramienia zapewnia mocny ruch liniowy i si\u0142\u0119, gwarantuj\u0105c wysok\u0105 wydajno\u015b\u0107 ramienia mechanicznego podczas r\u00f3\u017cnych operacji.<br \/>\n2. Precyzyjna kontrola: Dzi\u0119ki uk\u0142adowi hydraulicznemu si\u0142ownik ramienia mo\u017ce zapewni\u0107 precyzyjn\u0105 kontrol\u0119 ruchu, co sprawia, \u017ce \u200b\u200bobs\u0142uga pod\u0142\u0105czonych narz\u0119dzi jest bardziej elastyczna i dok\u0142adna.<br \/>\n3. Wysoka trwa\u0142o\u015b\u0107: Cylindry ramienia s\u0105 zazwyczaj wykonane z materia\u0142\u00f3w o wysokiej wytrzyma\u0142o\u015bci, z dobr\u0105 odporno\u015bci\u0105 na zu\u017cycie i korozj\u0119, odpowiednich do d\u0142ugotrwa\u0142ego u\u017cytkowania w trudnych warunkach.<br \/>\n4. Wielofunkcyjna adaptacja: Te cylindry mo\u017cna szeroko stosowa\u0107 w r\u00f3\u017cnych maszynach, takich jak koparki, d\u017awigi i ramiona mechaniczne, aby dostosowa\u0107 je do r\u00f3\u017cnych wymaga\u0144 roboczych.<br \/>\n5. \u0141atwa konserwacja: Projekt uwzgl\u0119dnia \u0142atwo\u015b\u0107 konserwacji i wymiany, dzi\u0119ki czemu regularne kontrole i konserwacje s\u0105 wygodniejsze, a przestoje sprz\u0119tu skr\u00f3cone.<\/p>\n<p>Mo\u017cemy wyprodukowa\u0107 ten produkt i nasz produkt mo\u017ce doskonale zast\u0105pi\u0107 te cylindry hydrauliczne.<\/p>\n<p>Zastosowania:<br \/>\n\u2013 Budownictwo: W koparkach i d\u017awigach si\u0142ownik ramienia s\u0142u\u017cy do sterowania ruchem \u0142y\u017cki lub wysi\u0119gnika, wykonywania rob\u00f3t ziemnych, przenoszenia materia\u0142\u00f3w i instalacji konstrukcyjnych.<br \/>\n\u2013 Produkcja: W zautomatyzowanych liniach produkcyjnych si\u0142ownik ramienia jest u\u017cywany do poruszania ramion mechanicznych, wykonywania proces\u00f3w monta\u017cu, spawania i obs\u0142ugi, co zwi\u0119ksza wydajno\u015b\u0107 i dok\u0142adno\u015b\u0107 produkcji.<br \/>\n\u2013 Maszyny rolnicze: W maszynach rolniczych, takich jak kombajny i siewniki, si\u0142ownik ramienia steruje ruchem ramienia roboczego, wykonuj\u0105cego takie zadania, jak sadzenie, nawo\u017cenie i zbi\u00f3r.<br \/>\n\u2013 G\u00f3rnictwo: W sprz\u0119cie g\u00f3rniczym cylinder ramienia s\u0142u\u017cy do sterowania ruchem ramienia sprz\u0119tu g\u00f3rniczego, wykonuj\u0105cego prace wydobywcze i prze\u0142adunek rud.<br \/>\n\u2013 Logistyka i transport: W w\u00f3zkach wid\u0142owych i robotach prze\u0142adunkowych si\u0142ownik ramienia s\u0142u\u017cy do sterowania podnoszeniem i ruchem wide\u0142, umo\u017cliwiaj\u0105c obs\u0142ug\u0119 i uk\u0142adanie materia\u0142\u00f3w.<\/p>\n<p>Zagadnienia projektowe i kryteria wyboru:<br \/>\n\u2013 No\u015bno\u015b\u0107: Cylinder ramienia musi by\u0107 w stanie wytrzyma\u0107 r\u00f3\u017cne obci\u0105\u017cenia i si\u0142y, zapewniaj\u0105c bezpieczn\u0105 i stabiln\u0105 prac\u0119.<br \/>\n\u2013 Skuteczno\u015b\u0107 uszczelnienia: R\u00f3\u017cne elementy uszczelniaj\u0105ce, takie jak uszczelki t\u0142okowe i uszczelki t\u0142oczyskowe, s\u0142u\u017c\u0105 do zapobiegania wyciekom p\u0142ynu hydraulicznego i zapewnienia wydajnej pracy.<br \/>\n\u2013 Trwa\u0142o\u015b\u0107: Cylinder ramienia jest nara\u017cony na trudne warunki otoczenia, dlatego musi by\u0107 wykonany z materia\u0142\u00f3w o wysokiej wytrzyma\u0142o\u015bci, charakteryzuj\u0105cych si\u0119 dobr\u0105 odporno\u015bci\u0105 na zu\u017cycie i korozj\u0119.<br \/>\n\u2013 Bezpiecze\u0144stwo: Aby zapobiec przeci\u0105\u017ceniu i zagwarantowa\u0107 bezpieczn\u0105 prac\u0119, zainstalowano elementy bezpiecze\u0144stwa, takie jak zawory bezpiecze\u0144stwa i zawory nadmiarowe ci\u015bnienia.<br \/>\n\u2013 Konserwacja: Cylinder ramienia musi by\u0107 zaprojektowany w spos\u00f3b umo\u017cliwiaj\u0105cy \u0142atw\u0105 konserwacj\u0119 i wymian\u0119, co zmniejszy przestoje i koszty konserwacji.<\/p>\n<p>Uszczelnianie i smarowanie:<br \/>\nR\u00f3\u017cne elementy uszczelniaj\u0105ce, takie jak uszczelnienia t\u0142oka i t\u0142oczyska, zapobiegaj\u0105 wyciekom p\u0142ynu hydraulicznego i zapewniaj\u0105 wydajn\u0105 prac\u0119. Elementy uszczelniaj\u0105ce wykonane s\u0105 z materia\u0142\u00f3w odpornych na zu\u017cycie, takich jak poliuretan i kauczuk nitrylowy. Korpus cylindra i gwintowana powierzchnia ko\u0144cowa s\u0105 precyzyjnie obrobione, aby zwi\u0119kszy\u0107 odporno\u015b\u0107 na zu\u017cycie. Do smarowania cylindra ramienia niezb\u0119dne jest regularne dodawanie odpowiedniej ilo\u015bci oleju hydraulicznego.<\/p>\n<p>Dzia\u0142ania konserwacyjne i zapobiegawcze:<br \/>\nRegularne przegl\u0105dy i konserwacja s\u0105 niezb\u0119dne dla zapewnienia wydajnej i bezpiecznej pracy si\u0142ownika ramienia. Zaleca si\u0119 regularn\u0105 wymian\u0119 podzespo\u0142\u00f3w, takich jak uszczelki i \u0142o\u017cyska, aby utrzyma\u0107 ich prawid\u0142owe dzia\u0142anie. \u015arodki zapobiegawcze, takie jak unikanie przeci\u0105\u017ce\u0144 i zanieczyszcze\u0144 p\u0142ynu hydraulicznego, mog\u0105 pom\u00f3c w ograniczeniu potencjalnych problem\u00f3w.<\/p>\n<p>Instrukcja instalacji:<br \/>\n1. Sprawd\u017a przydatno\u015b\u0107 si\u0142ownika ramienia do ramienia maszyny i uk\u0142adu hydraulicznego.<br \/>\n2. Zapewnij czysto\u015b\u0107 uk\u0142adu hydraulicznego i cylindra ramienia.<br \/>\n3. Zamontuj cylinder ramienia, u\u017cywaj\u0105c odpowiednich narz\u0119dzi i stosuj\u0105c odpowiednie warto\u015bci momentu obrotowego.<br \/>\n4. Sprawd\u017a po\u0142\u0105czenia i szczelno\u015b\u0107 wszystkich ruroci\u0105g\u00f3w i przy\u0142\u0105czy hydraulicznych.<br \/>\n5. Nape\u0142nij uk\u0142ad hydrauliczny odpowiednim p\u0142ynem hydraulicznym i wykonaj jazd\u0119 pr\u00f3bn\u0105, aby sprawdzi\u0107 dzia\u0142anie si\u0142ownika ramienia.<\/p>\n<p>Zagadnienia bezpiecze\u0144stwa i czynniki \u015brodowiskowe:<br \/>\nZabezpieczenia, takie jak zawory bezpiecze\u0144stwa i zawory nadmiarowe ci\u015bnienia, s\u0105 instalowane w celu zapobiegania przeci\u0105\u017ceniom i zapewnienia bezpiecznej pracy. Podczas instalacji i eksploatacji nale\u017cy przestrzega\u0107 przepis\u00f3w bezpiecze\u0144stwa i nosi\u0107 odpowiedni sprz\u0119t ochronny. Czynniki \u015brodowiskowe, takie jak wycieki oleju i zanieczyszczenia p\u0142yn\u00f3w, nale\u017cy minimalizowa\u0107, aby zmniejszy\u0107 wp\u0142yw na \u015brodowisko.<\/p>\n<p>Rozwi\u0105zywanie problem\u00f3w i typowe problemy:<br \/>\n\u2013 Wyciek p\u0142ynu hydraulicznego: Sprawd\u017a, czy uszczelki nie s\u0105 uszkodzone lub zu\u017cyte i wymie\u0144 je w razie potrzeby.<br \/>\n\u2013 S\u0142aba si\u0142a podnoszenia: Sprawd\u017a, czy p\u0142yn hydrauliczny nie jest zanieczyszczony lub czy nie ma go za ma\u0142o i w razie potrzeby przeprowad\u017a konserwacj\u0119.<br \/>\n\u2013 Niestabilna praca: Sprawd\u017a, czy cylinder ramienia nie jest uszkodzony i w razie potrzeby przeprowad\u017a konserwacj\u0119 lub wymian\u0119.<\/p>\n<p>Wskaz\u00f3wki i rozwi\u0105zania dotycz\u0105ce radzenia sobie z b\u0142\u0119dami:<br \/>\n\u2013 Wyciek p\u0142ynu hydraulicznego: Nale\u017cy niezw\u0142ocznie wymieni\u0107 uszkodzone lub zu\u017cyte uszczelki i regularnie wymienia\u0107 uszczelki i inne podzespo\u0142y.<br \/>\n\u2013 S\u0142aba si\u0142a podnoszenia: Regularnie czy\u015b\u0107 i konserwuj uk\u0142ad hydrauliczny, a tak\u017ce uzupe\u0142niaj odpowiedni\u0105 ilo\u015b\u0107 p\u0142ynu hydraulicznego.<br \/>\n\u2013 Niestabilna praca: Nale\u017cy regularnie przeprowadza\u0107 przegl\u0105dy i wymian\u0119 uszkodzonych lub zu\u017cytych podzespo\u0142\u00f3w.<\/p>\n<p>Jeste\u015bmy profesjonalnym producentem zamiennych cylindr\u00f3w hydraulicznych, oferuj\u0105cym szerok\u0105 gam\u0119 produkt\u00f3w. Stali\u015bmy si\u0119 jednym z wiod\u0105cych producent\u00f3w i hurtowych dystrybutor\u00f3w cylindr\u00f3w hydraulicznych na rynku krajowym i mi\u0119dzynarodowym. Zawsze kierujemy si\u0119 zasad\u0105 doskona\u0142ej jako\u015bci i stale doskonalimy nasz\u0105 technologi\u0119 oraz wydajno\u015b\u0107 produkcji dzi\u0119ki zaawansowanym warsztatom produkcyjnym i zindustrializowanym strategiom zarz\u0105dzania produkcj\u0105. Posiadamy silne zdolno\u015bci innowacyjne i d\u0105\u017cymy do zaspokojenia zr\u00f3\u017cnicowanych potrzeb klient\u00f3w, oferuj\u0105c wysok\u0105 wydajno\u015b\u0107, precyzj\u0119 i jako\u015b\u0107.<\/p>\n<p>Dodatkowe informacje o firmie:<br \/>\n\u2013 Profesjonalizm: Mamy zesp\u00f3\u0142 do\u015bwiadczonych in\u017cynier\u00f3w i technik\u00f3w, kt\u00f3rzy mog\u0105 zapewni\u0107 profesjonalne wsparcie techniczne i us\u0142ugi dostosowane do indywidualnych potrzeb.<br \/>\n\u2013 Certyfikacja mi\u0119dzynarodowa: Nasze produkty posiadaj\u0105 szereg certyfikat\u00f3w mi\u0119dzynarodowych, takich jak ISO9001 i CE.<br \/>\n\u2013 Us\u0142ugi dostosowywania: Mo\u017cemy zapewni\u0107 dostosowane us\u0142ugi projektowania i produkcji zgodnie ze szczeg\u00f3lnymi wymaganiami klienta.<br \/>\n\u2013 Sprz\u0119t produkcyjny: Wprowadzili\u015bmy zaawansowany cyfrowy sprz\u0119t produkcyjny i profesjonalne systemy testowe, aby nieustannie optymalizowa\u0107 platform\u0119 produkcyjn\u0105 i udoskonala\u0107 procesy kontroli jako\u015bci produkt\u00f3w.<br \/>\n\u2013 Serwis posprzeda\u017cowy: Zapewniamy terminow\u0105 i skuteczn\u0105 obs\u0142ug\u0119 posprzeda\u017cow\u0105 oraz wsparcie techniczne, aby zagwarantowa\u0107 satysfakcj\u0119 klienta.<\/p>\n<p>Autor: lyl<\/p>","protected":false},"excerpt":{"rendered":"<p>Arm Cylinder For Atlas 7808LC Arm Cylinder is a specially designed hydraulic cylinder that provides linear motion and power to the arms of various machinery, such as excavators, cranes, and mechanical arms. The Arm Cylinder plays a critical role in a hydraulic system, allowing attached tools or attachments to move and be controlled effectively. These [&hellip;]<\/p>","protected":false},"featured_media":14774,"comment_status":"open","ping_status":"closed","template":"","meta":{"_et_pb_use_builder":"","_et_pb_old_content":"","_et_gb_content_width":""},"product_brand":[],"product_cat":[1497],"product_tag":[1498,1496],"class_list":{"0":"post-16852","1":"product","2":"type-product","3":"status-publish","4":"has-post-thumbnail","6":"product_cat-arm-cylinders","7":"product_tag-arm-cylinders","8":"product_tag-hydraulic-cylinders","10":"first","11":"instock","12":"shipping-taxable","13":"product-type-simple"},"amp_enabled":true,"_links":{"self":[{"href":"https:\/\/www.hydraulic-cylinders.net\/pl\/wp-json\/wp\/v2\/product\/16852","targetHints":{"allow":["GET"]}}],"collection":[{"href":"https:\/\/www.hydraulic-cylinders.net\/pl\/wp-json\/wp\/v2\/product"}],"about":[{"href":"https:\/\/www.hydraulic-cylinders.net\/pl\/wp-json\/wp\/v2\/types\/product"}],"replies":[{"embeddable":true,"href":"https:\/\/www.hydraulic-cylinders.net\/pl\/wp-json\/wp\/v2\/comments?post=16852"}],"wp:featuredmedia":[{"embeddable":true,"href":"https:\/\/www.hydraulic-cylinders.net\/pl\/wp-json\/wp\/v2\/media\/14774"}],"wp:attachment":[{"href":"https:\/\/www.hydraulic-cylinders.net\/pl\/wp-json\/wp\/v2\/media?parent=16852"}],"wp:term":[{"taxonomy":"product_brand","embeddable":true,"href":"https:\/\/www.hydraulic-cylinders.net\/pl\/wp-json\/wp\/v2\/product_brand?post=16852"},{"taxonomy":"product_cat","embeddable":true,"href":"https:\/\/www.hydraulic-cylinders.net\/pl\/wp-json\/wp\/v2\/product_cat?post=16852"},{"taxonomy":"product_tag","embeddable":true,"href":"https:\/\/www.hydraulic-cylinders.net\/pl\/wp-json\/wp\/v2\/product_tag?post=16852"}],"curies":[{"name":"wp","href":"https:\/\/api.w.org\/{rel}","templated":true}]}}