{"id":16855,"date":"2025-01-21T06:08:18","date_gmt":"2025-01-21T06:08:18","guid":{"rendered":"https:\/\/www.hydraulic-cylinders.net\/product\/arm-cylinder-for-bonny-ce750-8\/"},"modified":"2025-01-21T06:08:20","modified_gmt":"2025-01-21T06:08:20","slug":"arm-cylinder-for-bonny-ce750-8","status":"publish","type":"product","link":"https:\/\/www.hydraulic-cylinders.net\/pl\/produkt\/arm-cylinder-for-bonny-ce750-8\/","title":{"rendered":"Si\u0142ownik ramienia do Bonny CE750-8"},"content":{"rendered":"<h1>Si\u0142ownik ramienia do Bonny CE750-8<\/h1>\n<h2>Wst\u0119p<\/h2>\n<p>Si\u0142ownik ramienia to specjalnie zaprojektowany si\u0142ownik hydrauliczny, kt\u00f3ry s\u0142u\u017cy g\u0142\u00f3wnie do zapewnienia ruchu liniowego i zasilania ramion r\u00f3\u017cnych maszyn, takich jak koparki, d\u017awigi i ramiona robot\u00f3w. Si\u0142ownik ramienia odgrywa kluczow\u0105 rol\u0119 w uk\u0142adach hydraulicznych, umo\u017cliwiaj\u0105c efektywny ruch i sterowanie dodatkowymi narz\u0119dziami lub osprz\u0119tem. Si\u0142owniki te nie tylko zapewniaj\u0105 p\u0142ynny ruch, ale tak\u017ce wytrzymuj\u0105 du\u017ce obci\u0105\u017cenia, gwarantuj\u0105c wydajn\u0105 prac\u0119 i niezawodno\u015b\u0107 maszyn w r\u00f3\u017cnych warunkach pracy.<\/p>\n<p><img decoding=\"async\" src=\"https:\/\/www.hydraulic-cylinders.net\/wp-content\/uploads\/2025\/01\/songte-company-2.webp\" alt=\"Obraz cylindra ramienia\"><\/p>\n<h2>Cechy produktu<\/h2>\n<h3>1. Wysokowydajna skrzynia bieg\u00f3w<\/h3>\n<p>Cylinder ramienia mo\u017ce zapewni\u0107 mocny ruch liniowy i si\u0142\u0119, gwarantuj\u0105c wysok\u0105 wydajno\u015b\u0107 ramienia robota w r\u00f3\u017cnych operacjach.<\/p>\n<h3>2. Dok\u0142adna kontrola<\/h3>\n<p>Dzi\u0119ki uk\u0142adom hydraulicznym si\u0142ownik ramienia mo\u017ce uzyska\u0107 precyzyjn\u0105 kontrol\u0119 ruchu, co sprawia, \u017ce \u200b\u200bobs\u0142uga dodatkowych narz\u0119dzi jest bardziej elastyczna i dok\u0142adna.<\/p>\n<h3>3. Wysoka trwa\u0142o\u015b\u0107<\/h3>\n<p>Cylinder ramienia jest zwykle wykonany z materia\u0142\u00f3w o wysokiej wytrzyma\u0142o\u015bci, kt\u00f3re charakteryzuj\u0105 si\u0119 dobr\u0105 odporno\u015bci\u0105 na zu\u017cycie i korozj\u0119, dzi\u0119ki czemu nadaj\u0105 si\u0119 do d\u0142ugotrwa\u0142ego u\u017cytkowania w trudnych warunkach.<\/p>\n<h3>4. Wszechstronna zdolno\u015b\u0107 adaptacji<\/h3>\n<p>Tego typu cylindry mo\u017cna powszechnie stosowa\u0107 w r\u00f3\u017cnych urz\u0105dzeniach mechanicznych, takich jak koparki, d\u017awigi i ramiona robotyczne, aby sprosta\u0107 zr\u00f3\u017cnicowanym wymaganiom roboczym.<\/p>\n<h3>5. \u0141atwa konserwacja<\/h3>\n<p>Projekt uwzgl\u0119dnia \u0142atwo\u015b\u0107 konserwacji i wymiany, dzi\u0119ki czemu regularne kontrole i konserwacje staj\u0105 si\u0119 wygodniejsze, a przestoje sprz\u0119tu zostaj\u0105 skr\u00f3cone.<\/p>\n<p>Mo\u017cemy wyprodukowa\u0107 ten produkt, kt\u00f3ry doskonale zast\u0105pi te cylindry hydrauliczne.<\/p>\n<p><img decoding=\"async\" src=\"https:\/\/www.hydraulic-cylinders.net\/wp-content\/uploads\/2025\/01\/songte-oil-pipes-and-spare-parts.webp\" alt=\"Obraz produktu\"><\/p>\n<h2>Zastosowanie produktu<\/h2>\n<h3>1. In\u017cynieria budowlana<\/h3>\n<p>W koparkach i d\u017awigach si\u0142ownik ramienia s\u0142u\u017cy do sterowania ruchem \u0142y\u017cki lub wysi\u0119gnika podczas rob\u00f3t ziemnych, przenoszenia materia\u0142\u00f3w i instalacji konstrukcyjnych.<\/p>\n<h3>2. Przemys\u0142 wytw\u00f3rczy<\/h3>\n<p>W zautomatyzowanych liniach produkcyjnych si\u0142ownik ramienia jest wykorzystywany do poruszania ramionami robota podczas proces\u00f3w monta\u017cu, spawania i obs\u0142ugi, co zwi\u0119ksza wydajno\u015b\u0107 i dok\u0142adno\u015b\u0107 produkcji.<\/p>\n<h3>3. Maszyny rolnicze<\/h3>\n<p>W maszynach rolniczych, takich jak kombajny i sadzarki, si\u0142ownik ramienia steruje ruchem ramienia roboczego, wykonuj\u0105cego takie zadania, jak siew, nawo\u017cenie i zbi\u00f3r.<\/p>\n<h3>4. G\u00f3rnictwo<\/h3>\n<p>W sprz\u0119cie g\u00f3rniczym si\u0142ownik ramienia s\u0142u\u017cy do sterowania ruchem ramion sprz\u0119tu g\u00f3rniczego przy wydobywaniu i transporcie rudy.<\/p>\n<h3>5. Logistyka i transport<\/h3>\n<p>W w\u00f3zkach wid\u0142owych i robotach prze\u0142adunkowych si\u0142ownik ramienia s\u0142u\u017cy do sterowania podnoszeniem i ruchem wide\u0142, co umo\u017cliwia przenoszenie materia\u0142\u00f3w i ich uk\u0142adanie.<\/p>\n<h2>Zagadnienia projektowe i kryteria wyboru<\/h2>\n<h3>1. No\u015bno\u015b\u0107<\/h3>\n<p>No\u015bno\u015b\u0107 si\u0142ownika ramienia jest wa\u017cnym czynnikiem przy doborze odpowiedniego si\u0142ownika do maszyny. Si\u0142ownik musi by\u0107 w stanie wytrzyma\u0107 maksymalne przewidywane obci\u0105\u017cenie bez awarii.<\/p>\n<h3>2. Skuteczno\u015b\u0107 uszczelnienia<\/h3>\n<p>Skuteczno\u015b\u0107 uszczelnienia ma kluczowe znaczenie dla zapobiegania wyciekom i zapewnienia niezawodno\u015bci uk\u0142adu hydraulicznego.<\/p>\n<h3>3. Trwa\u0142o\u015b\u0107<\/h3>\n<p>Dob\u00f3r materia\u0142\u00f3w i proces produkcji powinny zagwarantowa\u0107, \u017ce cylinder ramienia b\u0119dzie charakteryzowa\u0142 si\u0119 dobr\u0105 odporno\u015bci\u0105 na zu\u017cycie, odporno\u015bci\u0105 na korozj\u0119 i d\u0142ug\u0105 \u017cywotno\u015bci\u0105.<\/p>\n<h3>4. Bezpiecze\u0144stwo<\/h3>\n<p>Konstrukcja cylindra ramienia powinna uwzgl\u0119dnia\u0107 czynniki bezpiecze\u0144stwa, takie jak zapobieganie awarii lub wybuchowi cylindra podczas pracy, aby zagwarantowa\u0107 bezpiecze\u0144stwo personelu i sprz\u0119tu.<\/p>\n<h3>5. Utrzymywalno\u015b\u0107<\/h3>\n<p>Projekt powinien uwzgl\u0119dnia\u0107 \u0142atwo\u015b\u0107 konserwacji i wymiany, aby skr\u00f3ci\u0107 czas napraw i przestoj\u00f3w sprz\u0119tu.<\/p>\n<p><img decoding=\"async\" src=\"https:\/\/www.hydraulic-cylinders.net\/wp-content\/uploads\/2025\/01\/songte-cylinder-head-with-all-kinds-excavator-models.webp\" alt=\"Projekt obrazu\"><\/p>\n<h2>Uszczelnianie i smarowanie<\/h2>\n<p>W si\u0142owniku ramienia zastosowano r\u00f3\u017cnorodne uszczelnienia, takie jak uszczelnienia t\u0142oka i t\u0142oczyska, wykonane z materia\u0142\u00f3w odpornych na zu\u017cycie, takich jak poliuretan i kauczuk nitrylowy. Korpus si\u0142ownika i powierzchnia gwintu s\u0105 precyzyjnie obrobione, aby zwi\u0119kszy\u0107 odporno\u015b\u0107 na zu\u017cycie. Regularne uzupe\u0142nianie odpowiedniego oleju hydraulicznego jest niezb\u0119dne do smarowania i utrzymania wydajno\u015bci si\u0142ownika.<\/p>\n<h2>Konserwacja zapobiegawcza<\/h2>\n<h3>1. Regularnie sprawdzaj cylinder pod k\u0105tem zu\u017cycia i uszkodze\u0144.<\/h3>\n<h3>2. Wymie\u0144 uszczelki, je\u015bli zauwa\u017cono jakiekolwiek oznaki uszkodzenia lub zu\u017cycia.<\/h3>\n<h3>3. Aby zachowa\u0107 wydajno\u015b\u0107, nale\u017cy regularnie czy\u015bci\u0107 i wymienia\u0107 olej hydrauliczny.<\/h3>\n<h3>4. Sprawd\u017a, czy cylindra jest prawid\u0142owo zamocowany i wyr\u00f3wnany.<\/h3>\n<h3>5. Regularnie dokr\u0119caj wszystkie \u015bruby mocuj\u0105ce i sprawdzaj, czy nie s\u0105 poluzowane.<\/h3>\n<p><img decoding=\"async\" src=\"https:\/\/www.hydraulic-cylinders.net\/wp-content\/uploads\/2025\/01\/songte-chushion-collar.webp\" alt=\"Obraz konserwacyjny\"><\/p>\n<h2>Przewodnik instalacji<\/h2>\n<p>1. Upewnij si\u0119, \u017ce powierzchnia monta\u017cowa jest czysta i wolna od zanieczyszcze\u0144.<\/p>\n<p>2. Wyr\u00f3wnaj otwory monta\u017cowe cylindra i ramienia maszyny.<\/p>\n<p>3. Zamontuj cylinder za pomoc\u0105 odpowiednich \u015brub i nakr\u0119tek.<\/p>\n<p>4. Dokr\u0119\u0107 \u015bruby do okre\u015blonego momentu obrotowego.<\/p>\n<p>5. Przed u\u017cyciem nale\u017cy sprawdzi\u0107 dzia\u0142anie cylindra.<\/p>\n<p><img decoding=\"async\" src=\"https:\/\/www.hydraulic-cylinders.net\/wp-content\/uploads\/2025\/01\/songte-bushings-with-all-kinds-of-excavator-models.webp\" alt=\"Obraz instalacyjny\"><\/p>\n<h2>Zagadnienia bezpiecze\u0144stwa i czynniki \u015brodowiskowe<\/h2>\n<p>Podczas obs\u0142ugi maszyn z si\u0142ownikami ramieniowymi nale\u017cy zachowa\u0107 \u015brodki ostro\u017cno\u015bci. Nale\u017cy \u015bci\u015ble przestrzega\u0107 ci\u015bnienia i ud\u017awigu, aby zapobiec wypadkom. Aby zapewni\u0107 prawid\u0142owe dzia\u0142anie si\u0142ownika, nale\u017cy r\u00f3wnie\u017c uwzgl\u0119dni\u0107 czynniki \u015brodowiskowe, takie jak temperatura i wilgotno\u015b\u0107.<\/p>\n<h2>Rozwi\u0105zywanie problem\u00f3w i typowe problemy<\/h2>\n<h3>1. Wyciek z cylindra<\/h3>\n<p>Mo\u017cliwe przyczyny to uszkodzone uszczelki lub nieprawid\u0142owo zamontowany cylinder. Wymie\u0144 uszczelki i upewnij si\u0119, \u017ce monta\u017c jest prawid\u0142owy.<\/p>\n<h3>2. Cylinder nie wykonuje ruchu liniowego<\/h3>\n<p>Mo\u017cliwe przyczyny to uszkodzony t\u0142ok lub t\u0142oczysko albo niewystarczaj\u0105ce smarowanie. Sprawd\u017a i wymie\u0144 uszkodzone cz\u0119\u015bci oraz zapewnij prawid\u0142owe smarowanie.<\/p>\n<h3>3. Cylinder nie wysuwa si\u0119 lub nie cofa ca\u0142kowicie<\/h3>\n<p>Mo\u017cliwe przyczyny to niskie ci\u015bnienie hydrauliczne, uszkodzone uszczelki lub nieprawid\u0142owa instalacja. Sprawd\u017a i wymie\u0144 uszkodzone cz\u0119\u015bci oraz upewnij si\u0119, \u017ce ci\u015bnienie hydrauliczne i instalacja s\u0105 prawid\u0142owe.<\/p>\n<p><img decoding=\"async\" src=\"https:\/\/www.hydraulic-cylinders.net\/wp-content\/uploads\/2025\/01\/songte-company-4.webp\" alt=\"Wizerunek firmy\"><br \/>\n<img decoding=\"async\" src=\"https:\/\/www.hydraulic-cylinders.net\/wp-content\/uploads\/2025\/01\/songte-company-3.webp\" alt=\"Wizerunek firmy\"><\/p>\n<p>As a professional manufacturer of replacement hydraulic cylinders, we offer a wide range of products and have become one of the leading hydraulic cylinder manufacturers and wholesalers in domestic and international markets. We always adhere to the principle of excellent quality and rely on industrialized production management strategies in our sophisticated manufacturing workshop to continuously improve our technical capabilities and production efficiency. By introducing high-end digital manufacturing equipment and professional testing systems, we optimize our manufacturing platform, improve our product quality control process, and have strong innovation capabilities. Our goal is to satisfy customers&#8217; diversified needs with high efficiency, precision, and high-quality principles.<\/p>\n<p>Oferujemy r\u00f3wnie\u017c us\u0142ugi dostosowane do indywidualnych potrzeb, posiadamy uznawane na ca\u0142ym \u015bwiecie certyfikaty, zapewniamy zaawansowany sprz\u0119t produkcyjny i doskona\u0142\u0105 obs\u0142ug\u0119 posprzeda\u017cow\u0105.<\/p>\n<p>Autor: lyl.<\/p>","protected":false},"excerpt":{"rendered":"<p>Arm Cylinder For Bonny CE750-8 Introduction An arm cylinder is a specially designed hydraulic cylinder that is primarily used to provide linear motion and power to various machinery arms, such as excavators, cranes, and robotic arms. The arm cylinder plays a crucial role in hydraulic systems, enabling the effective movement and control of additional tools [&hellip;]<\/p>","protected":false},"featured_media":14766,"comment_status":"open","ping_status":"closed","template":"","meta":{"_et_pb_use_builder":"","_et_pb_old_content":"","_et_gb_content_width":""},"product_brand":[],"product_cat":[1497],"product_tag":[1498,1496],"class_list":{"0":"post-16855","1":"product","2":"type-product","3":"status-publish","4":"has-post-thumbnail","6":"product_cat-arm-cylinders","7":"product_tag-arm-cylinders","8":"product_tag-hydraulic-cylinders","10":"first","11":"instock","12":"shipping-taxable","13":"product-type-simple"},"amp_enabled":true,"_links":{"self":[{"href":"https:\/\/www.hydraulic-cylinders.net\/pl\/wp-json\/wp\/v2\/product\/16855","targetHints":{"allow":["GET"]}}],"collection":[{"href":"https:\/\/www.hydraulic-cylinders.net\/pl\/wp-json\/wp\/v2\/product"}],"about":[{"href":"https:\/\/www.hydraulic-cylinders.net\/pl\/wp-json\/wp\/v2\/types\/product"}],"replies":[{"embeddable":true,"href":"https:\/\/www.hydraulic-cylinders.net\/pl\/wp-json\/wp\/v2\/comments?post=16855"}],"wp:featuredmedia":[{"embeddable":true,"href":"https:\/\/www.hydraulic-cylinders.net\/pl\/wp-json\/wp\/v2\/media\/14766"}],"wp:attachment":[{"href":"https:\/\/www.hydraulic-cylinders.net\/pl\/wp-json\/wp\/v2\/media?parent=16855"}],"wp:term":[{"taxonomy":"product_brand","embeddable":true,"href":"https:\/\/www.hydraulic-cylinders.net\/pl\/wp-json\/wp\/v2\/product_brand?post=16855"},{"taxonomy":"product_cat","embeddable":true,"href":"https:\/\/www.hydraulic-cylinders.net\/pl\/wp-json\/wp\/v2\/product_cat?post=16855"},{"taxonomy":"product_tag","embeddable":true,"href":"https:\/\/www.hydraulic-cylinders.net\/pl\/wp-json\/wp\/v2\/product_tag?post=16855"}],"curies":[{"name":"wp","href":"https:\/\/api.w.org\/{rel}","templated":true}]}}