{"id":16858,"date":"2025-01-21T06:08:30","date_gmt":"2025-01-21T06:08:30","guid":{"rendered":"https:\/\/www.hydraulic-cylinders.net\/product\/arm-cylinder-for-bonny-ce1000-7\/"},"modified":"2025-01-21T06:08:32","modified_gmt":"2025-01-21T06:08:32","slug":"arm-cylinder-for-bonny-ce1000-7","status":"publish","type":"product","link":"https:\/\/www.hydraulic-cylinders.net\/pl\/produkt\/arm-cylinder-for-bonny-ce1000-7\/","title":{"rendered":"Si\u0142ownik ramienia do Bonny CE1000-7"},"content":{"rendered":"<h1>Si\u0142ownik ramienia do Bonny CE1000-7<\/h1>\n<h2>Przegl\u0105d produktu<\/h2>\n<p>Si\u0142ownik ramienia to specjalistyczny si\u0142ownik hydrauliczny zaprojektowany do zapewnienia ruchu liniowego i zasilania ramion r\u00f3\u017cnych maszyn, takich jak koparki, d\u017awigi i ramiona mechaniczne. Odgrywa kluczow\u0105 rol\u0119 w uk\u0142adach hydraulicznych, umo\u017cliwiaj\u0105c efektywny ruch i sterowanie osprz\u0119tem i akcesoriami. Si\u0142owniki te nie tylko zapewniaj\u0105 p\u0142ynny ruch, ale tak\u017ce wytrzymuj\u0105 du\u017ce obci\u0105\u017cenia, gwarantuj\u0105c wydajn\u0105 prac\u0119 i niezawodno\u015b\u0107 maszyn w r\u00f3\u017cnych warunkach eksploatacyjnych.<\/p>\n<p><img decoding=\"async\" src=\"https:\/\/www.hydraulic-cylinders.net\/wp-content\/uploads\/2025\/01\/songte-company-2.webp\" alt=\"Obraz cylindra ramienia\" \/><\/p>\n<h2>Cechy produktu<\/h2>\n<ul>\n<li>\n<h3>Wysokowydajna skrzynia bieg\u00f3w<\/h3>\n<p>Si\u0142ownik ramienia zapewnia mocny ruch liniowy i si\u0142\u0119, gwarantuj\u0105c wysok\u0105 wydajno\u015b\u0107 podczas r\u00f3\u017cnych operacji ramienia mechanicznego.<\/p>\n<\/li>\n<li>\n<h3>Precyzyjna kontrola<\/h3>\n<p>Dzi\u0119ki uk\u0142adowi hydraulicznemu si\u0142ownik ramienia mo\u017ce uzyska\u0107 precyzyjn\u0105 kontrol\u0119 ruchu, co sprawia, \u017ce \u200b\u200bobs\u0142uga osprz\u0119tu jest bardziej elastyczna i dok\u0142adna.<\/p>\n<\/li>\n<li>\n<h3>Wysoka wytrzyma\u0142o\u015b\u0107<\/h3>\n<p>Cylinder ramienia jest zwykle wykonany z materia\u0142\u00f3w o wysokiej wytrzyma\u0142o\u015bci, kt\u00f3re charakteryzuj\u0105 si\u0119 dobr\u0105 odporno\u015bci\u0105 na zu\u017cycie i korozj\u0119, dzi\u0119ki czemu nadaj\u0105 si\u0119 do d\u0142ugotrwa\u0142ego u\u017cytkowania w trudnych warunkach.<\/p>\n<\/li>\n<li>\n<h3>Wielofunkcyjna adaptowalno\u015b\u0107<\/h3>\n<p>Si\u0142owniki te mog\u0105 by\u0107 szeroko stosowane w r\u00f3\u017cnych urz\u0105dzeniach mechanicznych, takich jak koparki, d\u017awigi i ramiona mechaniczne, dostosowuj\u0105c si\u0119 do r\u00f3\u017cnych potrzeb roboczych.<\/p>\n<\/li>\n<li>\n<h3>\u0141atwa konserwacja<\/h3>\n<p>Podczas projektowania uwzgl\u0119dniono \u0142atwo\u015b\u0107 konserwacji i wymiany, dzi\u0119ki czemu regularne kontrole i konserwacje staj\u0105 si\u0119 wygodniejsze, a przestoje sprz\u0119tu zostaj\u0105 skr\u00f3cone.<\/p>\n<\/li>\n<\/ul>\n<p>Mo\u017cemy wyprodukowa\u0107 ten produkt, kt\u00f3ry doskonale zast\u0105pi te cylindry hydrauliczne.<\/p>\n<p><img decoding=\"async\" src=\"https:\/\/www.hydraulic-cylinders.net\/wp-content\/uploads\/2025\/01\/songte-oil-pipes-and-spare-parts.webp\" alt=\"Obraz cz\u0119\u015bci cylindra hydraulicznego\" \/><\/p>\n<h2>Aplikacje<\/h2>\n<p>Si\u0142ownik ramienia jest szeroko stosowany w r\u00f3\u017cnych ga\u0142\u0119ziach przemys\u0142u, takich jak:<\/p>\n<ul>\n<li>\n<h3>In\u017cynieria budowlana<\/h3>\n<p>Stosowany w koparkach i d\u017awigach do sterowania ruchem koparki lub wysi\u0119gnika, wykonywania rob\u00f3t ziemnych, przenoszenia materia\u0142\u00f3w i monta\u017cu konstrukcji.<\/p>\n<\/li>\n<li>\n<h3>Przemys\u0142 wytw\u00f3rczy<\/h3>\n<p>Stosowany w zautomatyzowanych liniach produkcyjnych do sterowania ruchem ramion mechanicznych, wykonywania proces\u00f3w monta\u017cu, spawania i obs\u0142ugi, co zwi\u0119ksza wydajno\u015b\u0107 i dok\u0142adno\u015b\u0107 produkcji.<\/p>\n<\/li>\n<li>\n<h3>Maszyny rolnicze<\/h3>\n<p>Stosowany w maszynach rolniczych, takich jak kombajny i sadzarki, do sterowania ruchem ramienia roboczego podczas wykonywania zada\u0144 takich jak sadzenie, nawo\u017cenie i zbi\u00f3r.<\/p>\n<\/li>\n<li>\n<h3>G\u00f3rnictwo<\/h3>\n<p>Stosowany w sprz\u0119cie g\u00f3rniczym do sterowania ruchem ramienia sprz\u0119tu g\u00f3rniczego, podczas wydobycia i transportu rudy.<\/p>\n<\/li>\n<li>\n<h3>Logistyka i transport<\/h3>\n<p>Stosowany w w\u00f3zkach wid\u0142owych i robotach prze\u0142adunkowych do sterowania podnoszeniem i ruchem wide\u0142 w celu przenoszenia materia\u0142\u00f3w i ich uk\u0142adania.<\/p>\n<\/li>\n<\/ul>\n<h2>Zagadnienia projektowe i kryteria wyboru<\/h2>\n<p>Przy projektowaniu cylindr\u00f3w ramieniowych nale\u017cy wzi\u0105\u0107 pod uwag\u0119 takie czynniki jak no\u015bno\u015b\u0107, uszczelnienie, trwa\u0142o\u015b\u0107, bezpiecze\u0144stwo i \u0142atwo\u015b\u0107 konserwacji.<\/p>\n<ul>\n<li>\n<h3>No\u015bno\u015b\u0107<\/h3>\n<p>No\u015bno\u015b\u0107 cylindra ramienia powinna by\u0107 taka, aby wytrzyma\u0107 maksymalne obci\u0105\u017cenie ramienia mechanicznego podczas pracy.<\/p>\n<\/li>\n<li>\n<h3>Opiecz\u0119towanie<\/h3>\n<p>W cylindrze ramienia zastosowano r\u00f3\u017cne elementy uszczelniaj\u0105ce, takie jak uszczelki t\u0142oka, uszczelki t\u0142oczyska itp., kt\u00f3re s\u0105 wykonane z materia\u0142\u00f3w odpornych na zu\u017cycie, takich jak poliuretan i kauczuk nitrylowy. Korpus cylindra i gwintowane powierzchnie ko\u0144cowe s\u0105 precyzyjnie obrabiane w celu zwi\u0119kszenia odporno\u015bci na zu\u017cycie.<\/p>\n<\/li>\n<li>\n<h3>Trwa\u0142o\u015b\u0107<\/h3>\n<p>Cylinder ramienia powinien by\u0107 wykonany z materia\u0142\u00f3w o wysokiej wytrzyma\u0142o\u015bci, aby zwi\u0119kszy\u0107 odporno\u015b\u0107 na zu\u017cycie i korozj\u0119, a tak\u017ce zapewni\u0107 d\u0142ugotrwa\u0142e u\u017cytkowanie w trudnych warunkach.<\/p>\n<\/li>\n<li>\n<h3>Bezpiecze\u0144stwo<\/h3>\n<p>Cylinder ramienia powinien by\u0107 wyposa\u017cony w zawory bezpiecze\u0144stwa i inne urz\u0105dzenia ochronne, aby zapobiec przeci\u0105\u017ceniu i zapewni\u0107 bezpieczn\u0105 prac\u0119.<\/p>\n<\/li>\n<li>\n<h3>Utrzymywalno\u015b\u0107<\/h3>\n<p>Konstrukcja cylindra ramienia powinna by\u0107 \u0142atwa do konserwacji i wymiany, co u\u0142atwi regularne kontrole i konserwacj\u0119 oraz skr\u00f3ci przestoje sprz\u0119tu.<\/p>\n<\/li>\n<\/ul>\n<p><img decoding=\"async\" src=\"https:\/\/www.hydraulic-cylinders.net\/wp-content\/uploads\/2025\/01\/songte-cylinder-head-with-all-kinds-excavator-models.webp\" alt=\"Obraz g\u0142owicy cylindra\" \/><\/p>\n<h2>Uszczelnianie i smarowanie<\/h2>\n<p>Si\u0142ownik ramienia wykorzystuje r\u00f3\u017cnorodne elementy uszczelniaj\u0105ce, takie jak uszczelnienia t\u0142oka, uszczelnienia t\u0142oczyska itp., wykonane z materia\u0142\u00f3w odpornych na zu\u017cycie, takich jak poliuretan i kauczuk nitrylowy. Korpus si\u0142ownika i gwintowane powierzchnie ko\u0144cowe s\u0105 precyzyjnie obrobione w celu zwi\u0119kszenia odporno\u015bci na zu\u017cycie. Konieczne jest regularne uzupe\u0142nianie odpowiedniego oleju hydraulicznego w celu smarowania.<\/p>\n<h2>Okresowe przegl\u0105dy i \u015brodki konserwacji zapobiegawczej<\/h2>\n<ul>\n<li>\n<p>Regularnie sprawdzaj szczelno\u015b\u0107 cylindra ramienia oraz stan zu\u017cycia t\u0142oczyska i tulei cylindra.<\/p>\n<\/li>\n<li>\n<p>Regularnie czy\u015b\u0107 cylinder ramienia i usuwaj zanieczyszczenia i osady, takie jak kurz i plamy oleju.<\/p>\n<\/li>\n<li>\n<p>Sprawd\u017a ci\u015bnienie robocze uk\u0142adu hydraulicznego i dostosuj je do odpowiedniego zakresu.<\/p>\n<\/li>\n<li>\n<p>Nale\u017cy terminowo wymienia\u0107 wszelkie zu\u017cyte lub uszkodzone cz\u0119\u015bci.<\/p>\n<\/li>\n<\/ul>\n<h2>Przewodnik instalacji<\/h2>\n<p>Przed monta\u017cem nale\u017cy oczy\u015bci\u0107 uk\u0142ad hydrauliczny i sprawdzi\u0107 dok\u0142adno\u015b\u0107 dopasowania cylindra, uszczelki i t\u0142oczyska. Podczas monta\u017cu nale\u017cy zwr\u00f3ci\u0107 uwag\u0119 na kierunek i po\u0142o\u017cenie cylindra. Uruchomi\u0107 uk\u0142ad hydrauliczny i sprawdzi\u0107 wydajno\u015b\u0107 cylindra oraz szczelno\u015b\u0107.<\/p>\n<p><img decoding=\"async\" src=\"https:\/\/www.hydraulic-cylinders.net\/wp-content\/uploads\/2025\/01\/songte-bushings-with-all-kinds-of-excavator-models.webp\" alt=\"Obraz tulei\" \/><\/p>\n<h2>Zagadnienia bezpiecze\u0144stwa i czynniki \u015brodowiskowe<\/h2>\n<p>Podczas u\u017cytkowania si\u0142ownika ramienia nale\u017cy \u015bci\u015ble przestrzega\u0107 procedur obs\u0142ugi i instrukcji bezpiecze\u0144stwa, aby zapobiec wypadkom. Nale\u017cy upewni\u0107 si\u0119, \u017ce uk\u0142ad hydrauliczny ma odpowiednie ci\u015bnienie i przep\u0142yw, a olej hydrauliczny jest czysty i wolny od zanieczyszcze\u0144. Nale\u017cy zwr\u00f3ci\u0107 uwag\u0119 na czynniki \u015brodowiskowe, takie jak temperatura i wilgotno\u015b\u0107, i unika\u0107 u\u017cytkowania w ekstremalnych warunkach.<\/p>\n<h2>Rozwi\u0105zywanie problem\u00f3w i typowe problemy<\/h2>\n<ul>\n<li>\n<p>Nietypowy ha\u0142as: sprawd\u017a, czy cylinder nie jest uszkodzony, czy olej hydrauliczny jest czysty i czy ci\u015bnienie jest prawid\u0142owe.<\/p>\n<\/li>\n<li>\n<p>Powolny ruch: sprawd\u017a, czy olej hydrauliczny nie jest zbyt lepki lub zanieczyszczony i czy ci\u015bnienie jest normalne.<\/p>\n<\/li>\n<li>\n<p>Wyciek: sprawd\u017a szczelno\u015b\u0107 cylindra i czy olej hydrauliczny jest czysty.<\/p>\n<\/li>\n<li>\n<p>Niewystarczaj\u0105ca si\u0142a wyj\u015bciowa: sprawd\u017a, czy uk\u0142ad hydrauliczny ma wystarczaj\u0105ce ci\u015bnienie i przep\u0142yw.<\/p>\n<\/li>\n<\/ul>\n<p>W celu rozwi\u0105zania problemu nale\u017cy post\u0119powa\u0107 zgodnie z instrukcjami producenta i u\u017cywa\u0107 odpowiednich narz\u0119dzi oraz metod. W ramach dzia\u0142a\u0144 zapobiegawczych nale\u017cy regularnie sprawdza\u0107 i konserwowa\u0107 si\u0142ownik ramienia oraz uk\u0142ad hydrauliczny, a tak\u017ce terminowo wymienia\u0107 zu\u017cyte lub uszkodzone cz\u0119\u015bci.<\/p>\n<p><img decoding=\"async\" src=\"https:\/\/www.hydraulic-cylinders.net\/wp-content\/uploads\/2025\/01\/songte-chushion-collar.webp\" alt=\"Obraz ko\u0142nierza poduszkowego\" \/><\/p>\n<h2>O nas<\/h2>\n<p>Jeste\u015bmy profesjonalnym producentem zamiennych cylindr\u00f3w hydraulicznych, oferuj\u0105cym szerok\u0105 gam\u0119 produkt\u00f3w. Stali\u015bmy si\u0119 jednym z wiod\u0105cych producent\u00f3w i hurtowych dystrybutor\u00f3w cylindr\u00f3w hydraulicznych na rynku krajowym i mi\u0119dzynarodowym. Zawsze przestrzegamy zasady doskona\u0142ej jako\u015bci, opieraj\u0105c si\u0119 na strategii przemys\u0142owego zarz\u0105dzania produkcj\u0105 w nowoczesnym zak\u0142adzie produkcyjnym, stale podnosz\u0105c poziom technologiczny i wydajno\u015b\u0107 produkcji. Dzi\u0119ki wprowadzeniu zaawansowanego cyfrowego sprz\u0119tu produkcyjnego i profesjonalnych system\u00f3w testowych, optymalizujemy platform\u0119 produkcyjn\u0105, usprawniamy proces kontroli jako\u015bci produkt\u00f3w i dysponujemy silnymi mo\u017cliwo\u015bciami innowacyjnymi. Naszym celem jest zaspokojenie zr\u00f3\u017cnicowanych potrzeb klient\u00f3w poprzez wysok\u0105 wydajno\u015b\u0107, precyzj\u0119 i wysok\u0105 jako\u015b\u0107.<\/p>\n<p><img decoding=\"async\" src=\"https:\/\/www.hydraulic-cylinders.net\/wp-content\/uploads\/2025\/01\/songte-company-4.webp\" alt=\"Wizerunek firmy\" \/><\/p>\n<h2>Nasze Specjalizacje<\/h2>\n<ul>\n<li>\n<p>Profesjonalizm: Posiadamy zesp\u00f3\u0142 profesjonalist\u00f3w z bogatym do\u015bwiadczeniem w produkcji i konserwacji cylindr\u00f3w hydraulicznych, zapewniaj\u0105cych klientom profesjonaln\u0105 i skuteczn\u0105 obs\u0142ug\u0119.<\/p>\n<\/li>\n<li>\n<p>Certyfikacja mi\u0119dzynarodowa: Nasze produkty uzyska\u0142y mi\u0119dzynarodowy certyfikat systemu zarz\u0105dzania jako\u015bci\u0105 ISO9001 oraz certyfikat CE, co gwarantuje jako\u015b\u0107 i bezpiecze\u0144stwo produktu.<\/p>\n<\/li>\n<li>\n<p>Us\u0142ugi dostosowywania: Zapewniamy us\u0142ugi dostosowane do potrzeb klienta, obejmuj\u0105ce rozmiar cylindra, d\u0142ugo\u015b\u0107 t\u0142oczyska i inne specyfikacje.<\/p>\n<\/li>\n<li>\n<p>Sprz\u0119t produkcyjny: Posiadamy zaawansowany sprz\u0119t produkcyjny, taki jak tokarki CNC, precyzyjne frezarki i wysoce precyzyjne szlifierki.<\/p>\n<\/li>\n<li>\n<p>Serwis posprzeda\u017cowy: Zapewniamy kompleksowy serwis posprzeda\u017cowy, obejmuj\u0105cy doradztwo w zakresie instalacji, konserwacj\u0119 i naprawy, aby zagwarantowa\u0107 zadowolenie klienta.<\/p>\n<\/li>\n<\/ul>\n<p><img decoding=\"async\" src=\"https:\/\/www.hydraulic-cylinders.net\/wp-content\/uploads\/2025\/01\/songte-company-3.webp\" alt=\"Wizerunek firmy\" \/><\/p>\n<p>Autor: lyl.<\/p>","protected":false},"excerpt":{"rendered":"<p>Arm Cylinder For Bonny CE1000-7 Product Overview The arm cylinder is a specialized hydraulic cylinder designed to provide linear motion and power to arms of various machinery such as excavators, cranes, and mechanical arms. It plays a crucial role in hydraulic systems, enabling the effective movement and control of attachments and accessories. These cylinders not [&hellip;]<\/p>","protected":false},"featured_media":14786,"comment_status":"open","ping_status":"closed","template":"","meta":{"_et_pb_use_builder":"","_et_pb_old_content":"","_et_gb_content_width":""},"product_brand":[],"product_cat":[1497],"product_tag":[1498,1496],"class_list":{"0":"post-16858","1":"product","2":"type-product","3":"status-publish","4":"has-post-thumbnail","6":"product_cat-arm-cylinders","7":"product_tag-arm-cylinders","8":"product_tag-hydraulic-cylinders","10":"first","11":"instock","12":"shipping-taxable","13":"product-type-simple"},"amp_enabled":true,"_links":{"self":[{"href":"https:\/\/www.hydraulic-cylinders.net\/pl\/wp-json\/wp\/v2\/product\/16858","targetHints":{"allow":["GET"]}}],"collection":[{"href":"https:\/\/www.hydraulic-cylinders.net\/pl\/wp-json\/wp\/v2\/product"}],"about":[{"href":"https:\/\/www.hydraulic-cylinders.net\/pl\/wp-json\/wp\/v2\/types\/product"}],"replies":[{"embeddable":true,"href":"https:\/\/www.hydraulic-cylinders.net\/pl\/wp-json\/wp\/v2\/comments?post=16858"}],"wp:featuredmedia":[{"embeddable":true,"href":"https:\/\/www.hydraulic-cylinders.net\/pl\/wp-json\/wp\/v2\/media\/14786"}],"wp:attachment":[{"href":"https:\/\/www.hydraulic-cylinders.net\/pl\/wp-json\/wp\/v2\/media?parent=16858"}],"wp:term":[{"taxonomy":"product_brand","embeddable":true,"href":"https:\/\/www.hydraulic-cylinders.net\/pl\/wp-json\/wp\/v2\/product_brand?post=16858"},{"taxonomy":"product_cat","embeddable":true,"href":"https:\/\/www.hydraulic-cylinders.net\/pl\/wp-json\/wp\/v2\/product_cat?post=16858"},{"taxonomy":"product_tag","embeddable":true,"href":"https:\/\/www.hydraulic-cylinders.net\/pl\/wp-json\/wp\/v2\/product_tag?post=16858"}],"curies":[{"name":"wp","href":"https:\/\/api.w.org\/{rel}","templated":true}]}}